{"id":9728,"date":"2026-02-18T21:30:09","date_gmt":"2026-02-18T18:30:09","guid":{"rendered":"https:\/\/qualitylifehealth.com\/cerez-politikasi\/"},"modified":"2026-02-18T23:10:37","modified_gmt":"2026-02-18T20:10:37","slug":"cerez-politikasi","status":"publish","type":"page","link":"https:\/\/qualitylifehealth.com\/ar\/cerez-politikasi\/","title":{"rendered":"\u00c7erez Politikas\u0131"},"content":{"rendered":"[vc_row type=&#8221;in_container&#8221; full_screen_row_position=&#8221;middle&#8221; column_margin=&#8221;default&#8221; column_direction=&#8221;default&#8221; column_direction_tablet=&#8221;default&#8221; column_direction_phone=&#8221;default&#8221; scene_position=&#8221;center&#8221; top_padding=&#8221;5%&#8221; constrain_group_1=&#8221;yes&#8221; bottom_padding=&#8221;5%&#8221; text_color=&#8221;dark&#8221; text_align=&#8221;left&#8221; row_border_radius=&#8221;none&#8221; row_border_radius_applies=&#8221;bg&#8221; overflow=&#8221;visible&#8221; overlay_strength=&#8221;0.3&#8243; gradient_direction=&#8221;left_to_right&#8221; shape_divider_position=&#8221;bottom&#8221; bg_image_animation=&#8221;none&#8221; gradient_type=&#8221;default&#8221; shape_type=&#8221;&#8221;][vc_column column_padding=&#8221;no-extra-padding&#8221; column_padding_tablet=&#8221;inherit&#8221; column_padding_phone=&#8221;inherit&#8221; column_padding_position=&#8221;all&#8221; column_element_direction_desktop=&#8221;default&#8221; column_element_spacing=&#8221;default&#8221; desktop_text_alignment=&#8221;default&#8221; tablet_text_alignment=&#8221;default&#8221; phone_text_alignment=&#8221;default&#8221; background_color_opacity=&#8221;1&#8243; background_hover_color_opacity=&#8221;1&#8243; column_backdrop_filter=&#8221;none&#8221; column_shadow=&#8221;none&#8221; column_border_radius=&#8221;none&#8221; column_link_target=&#8221;_self&#8221; column_position=&#8221;default&#8221; gradient_direction=&#8221;left_to_right&#8221; overlay_strength=&#8221;0.3&#8243; width=&#8221;1\/1&#8243; tablet_width_inherit=&#8221;default&#8221; animation_type=&#8221;default&#8221; bg_image_animation=&#8221;none&#8221; border_type=&#8221;simple&#8221; column_border_width=&#8221;none&#8221; column_border_style=&#8221;solid&#8221;][vc_column_text]\u0633\u064a\u0627\u0633\u0629 \u0645\u0644\u0641\u0627\u062a \u062a\u0639\u0631\u064a\u0641 \u0627\u0644\u0627\u0631\u062a\u0628\u0627\u0637<br \/>\n1. \u0645\u0633\u0624\u0648\u0644 \u0627\u0644\u0628\u064a\u0627\u0646\u0627\u062a<\/p>\n<p>\u062a\u0645 \u0625\u0639\u062f\u0627\u062f \u0633\u064a\u0627\u0633\u0629 \u0645\u0644\u0641\u0627\u062a \u062a\u0639\u0631\u064a\u0641 \u0627\u0644\u0627\u0631\u062a\u0628\u0627\u0637 \u0647\u0630\u0647 \u0645\u0646 \u0642\u0628\u0644:<br \/>\n\u0634\u0631\u0643\u0629 SM\u0130RN\u0130 SA\u011eLIK H\u0130ZMETLER\u0130 TUR\u0130ZM DANI\u015eMANLIK ACENTES\u0130 \u0130N\u015e. SAN. T\u0130C. LTD. \u015eT\u0130<br \/>\n(\u0627\u0644\u0639\u0644\u0627\u0645\u0629 \u0627\u0644\u062a\u062c\u0627\u0631\u064a\u0629 \u0627\u0644\u0645\u0633\u062c\u0644\u0629: QUALITY LIFE HEALTH TRAVEL)<br \/>\n\u0627\u0644\u0631\u0642\u0645 \u0627\u0644\u0636\u0631\u064a\u0628\u064a: 7721554065<br \/>\n\u0627\u0644\u0639\u0646\u0648\u0627\u0646: Kartaltepe Mahallesi Saydam Sokak No:13\/A K\u00fc\u00e7\u00fck\u00e7ekmece \/ \u0625\u0633\u0637\u0646\u0628\u0648\u0644<br \/>\n(\u0648\u064a\u0634\u0627\u0631 \u0625\u0644\u064a\u0647\u0627 \u0641\u064a\u0645\u0627 \u0628\u0639\u062f \u0628\u0640 \u201c\u0627\u0644\u0634\u0631\u0643\u0629\u201d \u0623\u0648 \u201cQuality Life Health Travel\u201d).<\/p>\n<p>\u062a\u0642\u062f\u0645 \u0634\u0631\u0643\u062a\u0646\u0627 \u062e\u062f\u0645\u0627\u062a \u0627\u0644\u062a\u0646\u0638\u064a\u0645 \u0648\u0627\u0644\u0627\u0633\u062a\u0634\u0627\u0631\u0627\u062a \u0644\u0644\u0645\u0631\u0636\u0649 \u0627\u0644\u0642\u0627\u062f\u0645\u064a\u0646 \u0625\u0644\u0649 \u062a\u0631\u0643\u064a\u0627 \u0645\u0646 \u0627\u0644\u062e\u0627\u0631\u062c\u060c \u0648\u0644\u0627 \u0633\u064a\u0645\u0627 \u0645\u0646 \u0627\u0644\u062f\u0648\u0644 \u0627\u0644\u0623\u0648\u0631\u0648\u0628\u064a\u0629\u060c \u0628\u0647\u062f\u0641 \u0627\u0644\u062d\u0635\u0648\u0644 \u0639\u0644\u0649 \u062e\u062f\u0645\u0627\u062a \u0635\u062d\u064a\u0629.<\/p>\n<p>\u062a\u062a\u0645 \u0645\u0639\u0627\u0644\u062c\u0629 \u0627\u0644\u0628\u064a\u0627\u0646\u0627\u062a \u0627\u0644\u0634\u062e\u0635\u064a\u0629 \u0644\u0645\u0633\u062a\u062e\u062f\u0645\u064a \u0645\u0648\u0642\u0639\u0646\u0627 \u0627\u0644\u0625\u0644\u0643\u062a\u0631\u0648\u0646\u064a \u0648\u0641\u0642\u0627\u064b \u0644\u0640:<br \/>\n\u2022 \u0642\u0627\u0646\u0648\u0646 \u062d\u0645\u0627\u064a\u0629 \u0627\u0644\u0628\u064a\u0627\u0646\u0627\u062a \u0627\u0644\u0634\u062e\u0635\u064a\u0629 \u0631\u0642\u0645 6698 (KVKK)<br \/>\n\u2022 \u0627\u0644\u0644\u0627\u0626\u062d\u0629 \u0627\u0644\u0639\u0627\u0645\u0629 \u0644\u062d\u0645\u0627\u064a\u0629 \u0627\u0644\u0628\u064a\u0627\u0646\u0627\u062a \u0641\u064a \u0627\u0644\u0627\u062a\u062d\u0627\u062f \u0627\u0644\u0623\u0648\u0631\u0648\u0628\u064a (GDPR)<\/p>\n<p>2. \u0645\u0627 \u0647\u064a \u0645\u0644\u0641\u0627\u062a \u062a\u0639\u0631\u064a\u0641 \u0627\u0644\u0627\u0631\u062a\u0628\u0627\u0637 (Cookies)\u061f<\/p>\n<p>\u0645\u0644\u0641\u0627\u062a \u062a\u0639\u0631\u064a\u0641 \u0627\u0644\u0627\u0631\u062a\u0628\u0627\u0637 \u0647\u064a \u0645\u0644\u0641\u0627\u062a \u0646\u0635\u064a\u0629 \u0635\u063a\u064a\u0631\u0629 \u064a\u062a\u0645 \u062d\u0641\u0638\u0647\u0627 \u0639\u0644\u0649 \u062c\u0647\u0627\u0632\u0643 \u0639\u0628\u0631 \u0627\u0644\u0645\u062a\u0635\u0641\u062d \u0639\u0646\u062f \u0632\u064a\u0627\u0631\u0629 \u0645\u0648\u0642\u0639 \u0625\u0644\u0643\u062a\u0631\u0648\u0646\u064a.<br \/>\n\u0628\u0641\u0636\u0644 \u0647\u0630\u0647 \u0627\u0644\u0645\u0644\u0641\u0627\u062a \u064a\u0639\u0645\u0644 \u0627\u0644\u0645\u0648\u0642\u0639 \u0628\u0634\u0643\u0644 \u0635\u062d\u064a\u062d\u060c \u0648\u064a\u062a\u0645 \u062a\u062d\u0633\u064a\u0646 \u062a\u062c\u0631\u0628\u0629 \u0627\u0644\u0645\u0633\u062a\u062e\u062f\u0645 \u0648\u062a\u0630\u0643\u0631 \u062a\u0641\u0636\u064a\u0644\u0627\u062a\u0643.<\/p>\n<p>3. \u0623\u0646\u0648\u0627\u0639 \u0645\u0644\u0641\u0627\u062a \u062a\u0639\u0631\u064a\u0641 \u0627\u0644\u0627\u0631\u062a\u0628\u0627\u0637 \u0627\u0644\u0645\u0633\u062a\u062e\u062f\u0645\u0629<br \/>\n3.1. \u0645\u0644\u0641\u0627\u062a \u062a\u0639\u0631\u064a\u0641 \u0627\u0644\u0627\u0631\u062a\u0628\u0627\u0637 \u0627\u0644\u0636\u0631\u0648\u0631\u064a\u0629<\/p>\n<p>\u0647\u064a \u0645\u0644\u0641\u0627\u062a \u0636\u0631\u0648\u0631\u064a\u0629 \u0644\u0639\u0645\u0644 \u0627\u0644\u0645\u0648\u0642\u0639 \u0628\u0634\u0643\u0644 \u0622\u0645\u0646 \u0648\u0635\u062d\u064a\u062d. \u064a\u062a\u0645 \u0645\u0646 \u062e\u0644\u0627\u0644\u0647\u0627 \u0625\u062f\u0627\u0631\u0629 \u0627\u0644\u062c\u0644\u0633\u0627\u062a \u0648\u0625\u062c\u0631\u0627\u0621\u0627\u062a \u0627\u0644\u0623\u0645\u0627\u0646.<\/p>\n<p>3.2. \u0645\u0644\u0641\u0627\u062a \u0627\u0644\u0623\u062f\u0627\u0621 \u0648\u0627\u0644\u062a\u062d\u0644\u064a\u0644<\/p>\n<p>\u062a\u064f\u0633\u062a\u062e\u062f\u0645 \u0644\u062a\u062d\u0644\u064a\u0644 \u0627\u0633\u062a\u062e\u062f\u0627\u0645 \u0627\u0644\u0645\u0648\u0642\u0639.<br \/>\n\u0645\u062b\u0627\u0644: Google Analytics<\/p>\n<p>\u062a\u062a\u064a\u062d \u0647\u0630\u0647 \u0627\u0644\u0645\u0644\u0641\u0627\u062a \u062a\u062d\u0644\u064a\u0644:<br \/>\n\u2022 \u0639\u062f\u062f \u0627\u0644\u0632\u0648\u0627\u0631<br \/>\n\u2022 \u0645\u0635\u0627\u062f\u0631 \u0627\u0644\u0632\u064a\u0627\u0631\u0627\u062a<br \/>\n\u2022 \u0627\u0644\u0635\u0641\u062d\u0627\u062a \u0627\u0644\u0623\u0643\u062b\u0631 \u0632\u064a\u0627\u0631\u0629<br \/>\n\u2022 \u0633\u0644\u0648\u0643 \u0627\u0644\u0645\u0633\u062a\u062e\u062f\u0645\u064a\u0646<br \/>\n\u0628\u0634\u0643\u0644 \u0645\u062c\u0647\u0648\u0644 \u0648\u0645\u062c\u0645\u0651\u0639.<\/p>\n<p>3.3. \u0645\u0644\u0641\u0627\u062a \u062a\u0639\u0631\u064a\u0641 \u0627\u0644\u0627\u0631\u062a\u0628\u0627\u0637 \u0627\u0644\u0648\u0638\u064a\u0641\u064a\u0629<\/p>\n<p>\u062a\u064f\u0633\u062a\u062e\u062f\u0645 \u0644\u062a\u0630\u0643\u0631 \u0627\u062e\u062a\u064a\u0627\u0631\u0627\u062a \u0627\u0644\u0645\u0633\u062a\u062e\u062f\u0645 \u0645\u062b\u0644 \u062a\u0641\u0636\u064a\u0644 \u0627\u0644\u0644\u063a\u0629 (\u0627\u0644\u062a\u0631\u0643\u064a\u0629 \/ \u0627\u0644\u0625\u0646\u062c\u0644\u064a\u0632\u064a\u0629 \/ \u0627\u0644\u0623\u0644\u0645\u0627\u0646\u064a\u0629).<\/p>\n<p>3.4. \u0645\u0644\u0641\u0627\u062a \u0627\u0644\u062a\u0633\u0648\u064a\u0642 \u0648\u0627\u0644\u0625\u0639\u0644\u0627\u0646\u0627\u062a<\/p>\n<p>\u062a\u064f\u0633\u062a\u062e\u062f\u0645 \u0644\u0639\u0631\u0636 \u0645\u062d\u062a\u0648\u0649 \u0648\u0625\u0639\u0644\u0627\u0646\u0627\u062a \u0645\u0646\u0627\u0633\u0628\u0629 \u0644\u0627\u0647\u062a\u0645\u0627\u0645\u0627\u062a \u0627\u0644\u0645\u0633\u062a\u062e\u062f\u0645.<br \/>\n\u0627\u0644\u0623\u062f\u0648\u0627\u062a \u0627\u0644\u0645\u062d\u062a\u0645\u0644\u0629:<br \/>\n\u2022 Meta (\u0625\u0639\u0644\u0627\u0646\u0627\u062a \u0641\u064a\u0633\u0628\u0648\u0643 \/ \u0625\u0646\u0633\u062a\u063a\u0631\u0627\u0645)<br \/>\n\u2022 Google Ads<\/p>\n<p>\u0642\u062f \u062a\u0633\u0645\u062d \u0647\u0630\u0647 \u0627\u0644\u0645\u0644\u0641\u0627\u062a \u0628\u0639\u0631\u0636 \u0645\u062d\u062a\u0648\u0649 \u0630\u064a \u0635\u0644\u0629 \u0639\u0644\u0649 \u0645\u0646\u0635\u0627\u062a \u0631\u0642\u0645\u064a\u0629 \u0623\u062e\u0631\u0649 \u0628\u0639\u062f \u0632\u064a\u0627\u0631\u0629 \u0627\u0644\u0645\u0648\u0642\u0639.<\/p>\n<p>4. \u0623\u063a\u0631\u0627\u0636 \u0645\u0639\u0627\u0644\u062c\u0629 \u0627\u0644\u0628\u064a\u0627\u0646\u0627\u062a \u0627\u0644\u0634\u062e\u0635\u064a\u0629<\/p>\n<p>\u064a\u062a\u0645 \u0627\u0633\u062a\u062e\u062f\u0627\u0645 \u0627\u0644\u0628\u064a\u0627\u0646\u0627\u062a \u0627\u0644\u062a\u064a \u064a\u062a\u0645 \u062c\u0645\u0639\u0647\u0627 \u0639\u0628\u0631 \u0645\u0644\u0641\u0627\u062a \u062a\u0639\u0631\u064a\u0641 \u0627\u0644\u0627\u0631\u062a\u0628\u0627\u0637 \u0645\u0646 \u0623\u062c\u0644:<br \/>\n\u2022 \u0636\u0645\u0627\u0646 \u0623\u0645\u0646 \u0627\u0644\u0645\u0648\u0642\u0639<br \/>\n\u2022 \u062a\u062d\u0633\u064a\u0646 \u062c\u0648\u062f\u0629 \u0627\u0644\u062e\u062f\u0645\u0627\u062a<br \/>\n\u2022 \u062a\u062d\u0633\u064a\u0646 \u062a\u062c\u0631\u0628\u0629 \u0627\u0644\u0645\u0633\u062a\u062e\u062f\u0645\u060c \u062e\u0627\u0635\u0629 \u0644\u0644\u0645\u0631\u0636\u0649 \u0627\u0644\u0642\u0627\u062f\u0645\u064a\u0646 \u0645\u0646 \u0623\u0648\u0631\u0648\u0628\u0627<br \/>\n\u2022 \u062a\u0646\u0641\u064a\u0630 \u0623\u0646\u0634\u0637\u0629 \u0627\u0644\u062a\u0633\u0648\u064a\u0642 \u0648\u0627\u0644\u0625\u0639\u0644\u0627\u0646<br \/>\n\u2022 \u0625\u062c\u0631\u0627\u0621 \u062a\u062d\u0644\u064a\u0644\u0627\u062a \u0625\u062d\u0635\u0627\u0626\u064a\u0629<br \/>\n\u2022 \u0627\u0644\u0627\u0645\u062a\u062b\u0627\u0644 \u0644\u0644\u0627\u0644\u062a\u0632\u0627\u0645\u0627\u062a \u0627\u0644\u0642\u0627\u0646\u0648\u0646\u064a\u0629<\/p>\n<p>5. \u0627\u0644\u0623\u0633\u0627\u0633 \u0627\u0644\u0642\u0627\u0646\u0648\u0646\u064a<\/p>\n<p>\u062a\u062a\u0645 \u0645\u0639\u0627\u0644\u062c\u0629 \u0628\u064a\u0627\u0646\u0627\u062a\u0643 \u0628\u0646\u0627\u0621\u064b \u0639\u0644\u0649:<br \/>\n\u2022 \u0627\u0644\u0645\u0635\u0644\u062d\u0629 \u0627\u0644\u0645\u0634\u0631\u0648\u0639\u0629 \u0648\u0641\u0642 \u0627\u0644\u0645\u0627\u062f\u0629 5\/2 \u0645\u0646 KVKK<br \/>\n\u2022 \u0645\u0648\u0627\u0641\u0642\u062a\u0643 \u0627\u0644\u0635\u0631\u064a\u062d\u0629 \u0641\u064a\u0645\u0627 \u064a\u062a\u0639\u0644\u0642 \u0628\u0645\u0644\u0641\u0627\u062a \u062a\u0639\u0631\u064a\u0641 \u0627\u0644\u0627\u0631\u062a\u0628\u0627\u0637 \u0627\u0644\u062a\u064a \u062a\u062a\u0637\u0644\u0628 \u0645\u0648\u0627\u0641\u0642\u0629<br \/>\n\u2022 \u0627\u0644\u0645\u0648\u0627\u0641\u0642\u0629 \u0627\u0644\u0635\u0631\u064a\u062d\u0629 \u0648\u0627\u0644\u0645\u0635\u0644\u062d\u0629 \u0627\u0644\u0645\u0634\u0631\u0648\u0639\u0629 \u0648\u0641\u0642 \u0627\u0644\u0645\u0627\u062f\u0629 6 \u0645\u0646 GDPR<\/p>\n<p>\u0641\u064a \u062d\u0627\u0644 \u0627\u0644\u0648\u0635\u0648\u0644 \u0645\u0646 \u062f\u0648\u0644 \u0627\u0644\u0627\u062a\u062d\u0627\u062f \u0627\u0644\u0623\u0648\u0631\u0648\u0628\u064a\u060c \u064a\u062a\u0645 \u062a\u0637\u0628\u064a\u0642 \u0623\u062d\u0643\u0627\u0645 GDPR.<\/p>\n<p>6. \u0646\u0642\u0644 \u0627\u0644\u0628\u064a\u0627\u0646\u0627\u062a \u0625\u0644\u0649 \u0627\u0644\u062e\u0627\u0631\u062c<\/p>\n<p>\u0628\u0633\u0628\u0628 \u0627\u0633\u062a\u062e\u062f\u0627\u0645 \u0628\u0639\u0636 \u0645\u0632\u0648\u062f\u064a \u0627\u0644\u062e\u062f\u0645\u0627\u062a \u0645\u0646 \u0627\u0644\u0623\u0637\u0631\u0627\u0641 \u0627\u0644\u062b\u0627\u0644\u062b\u0629 (\u0645\u062b\u0644 Google \u0648Meta)\u060c \u0642\u062f \u064a\u062a\u0645 \u0646\u0642\u0644 \u0628\u064a\u0627\u0646\u0627\u062a\u0643 \u0627\u0644\u0634\u062e\u0635\u064a\u0629 \u0625\u0644\u0649 \u062e\u0648\u0627\u062f\u0645 \u062e\u0627\u0631\u062c \u0627\u0644\u0628\u0644\u0627\u062f.<br \/>\n\u064a\u062a\u0645 \u0647\u0630\u0627 \u0627\u0644\u0646\u0642\u0644 \u0648\u0641\u0642\u0627\u064b \u0644\u0644\u0645\u0627\u062f\u0629 9 \u0645\u0646 KVKK \u0648\u0623\u062d\u0643\u0627\u0645 \u0646\u0642\u0644 \u0627\u0644\u0628\u064a\u0627\u0646\u0627\u062a \u0641\u064a GDPR \u0645\u0639 \u0627\u062a\u062e\u0627\u0630 \u0627\u0644\u062a\u062f\u0627\u0628\u064a\u0631 \u0627\u0644\u062a\u0642\u0646\u064a\u0629 \u0648\u0627\u0644\u0625\u062f\u0627\u0631\u064a\u0629 \u0627\u0644\u0644\u0627\u0632\u0645\u0629.<\/p>\n<p>7. \u0645\u062f\u0629 \u0627\u0644\u0627\u062d\u062a\u0641\u0627\u0638 \u0628\u0645\u0644\u0641\u0627\u062a \u062a\u0639\u0631\u064a\u0641 \u0627\u0644\u0627\u0631\u062a\u0628\u0627\u0637<\/p>\n<p>\u0642\u062f \u064a\u062a\u0645 \u062a\u062e\u0632\u064a\u0646 \u0645\u0644\u0641\u0627\u062a \u062a\u0639\u0631\u064a\u0641 \u0627\u0644\u0627\u0631\u062a\u0628\u0627\u0637:<br \/>\n\u2022 \u0637\u0648\u0627\u0644 \u0645\u062f\u0629 \u0627\u0644\u062c\u0644\u0633\u0629 (\u0645\u0644\u0641\u0627\u062a \u0645\u0624\u0642\u062a\u0629)<br \/>\n\u2022 \u0644\u0641\u062a\u0631\u0629 \u0645\u062d\u062f\u062f\u0629 (\u0645\u0644\u0641\u0627\u062a \u062f\u0627\u0626\u0645\u0629)<\/p>\n<p>\u062a\u062e\u062a\u0644\u0641 \u0645\u062f\u0629 \u0627\u0644\u062a\u062e\u0632\u064a\u0646 \u062d\u0633\u0628 \u0646\u0648\u0639 \u0645\u0644\u0641 \u062a\u0639\u0631\u064a\u0641 \u0627\u0644\u0627\u0631\u062a\u0628\u0627\u0637.<\/p>\n<p>8. \u0627\u0644\u062a\u062d\u0643\u0645 \u0641\u064a \u0645\u0644\u0641\u0627\u062a \u062a\u0639\u0631\u064a\u0641 \u0627\u0644\u0627\u0631\u062a\u0628\u0627\u0637<\/p>\n<p>\u064a\u0645\u0643\u0646\u0643 \u0645\u0646 \u062e\u0644\u0627\u0644 \u0625\u0639\u062f\u0627\u062f\u0627\u062a \u0627\u0644\u0645\u062a\u0635\u0641\u062d:<br \/>\n\u2022 \u062d\u0638\u0631 \u0645\u0644\u0641\u0627\u062a \u062a\u0639\u0631\u064a\u0641 \u0627\u0644\u0627\u0631\u062a\u0628\u0627\u0637<br \/>\n\u2022 \u062d\u0630\u0641\u0647\u0627<br \/>\n\u2022 \u062a\u0644\u0642\u064a \u062a\u0646\u0628\u064a\u0647\u0627\u062a \u0628\u0634\u0623\u0646 \u0627\u0633\u062a\u062e\u062f\u0627\u0645\u0647\u0627<\/p>\n<p>\u0644\u0643\u0646 \u062a\u0639\u0637\u064a\u0644 \u0628\u0639\u0636 \u0627\u0644\u0645\u0644\u0641\u0627\u062a \u0642\u062f \u064a\u0624\u062f\u064a \u0625\u0644\u0649 \u0639\u062f\u0645 \u0639\u0645\u0644 \u0628\u0639\u0636 \u0648\u0638\u0627\u0626\u0641 \u0627\u0644\u0645\u0648\u0642\u0639 \u0628\u0634\u0643\u0644 \u0635\u062d\u064a\u062d.<\/p>\n<p>9. \u062d\u0642\u0648\u0642 \u0635\u0627\u062d\u0628 \u0627\u0644\u0628\u064a\u0627\u0646\u0627\u062a<br \/>\n\u0648\u0641\u0642 KVKK<\/p>\n<p>\u2022 \u0645\u0639\u0631\u0641\u0629 \u0645\u0627 \u0625\u0630\u0627 \u0643\u0627\u0646\u062a \u0628\u064a\u0627\u0646\u0627\u062a\u0643 \u062a\u064f\u0639\u0627\u0644\u062c<br \/>\n\u2022 \u0637\u0644\u0628 \u0645\u0639\u0644\u0648\u0645\u0627\u062a<br \/>\n\u2022 \u0637\u0644\u0628 \u0627\u0644\u062a\u0635\u062d\u064a\u062d<br \/>\n\u2022 \u0637\u0644\u0628 \u0627\u0644\u062d\u0630\u0641 \u0623\u0648 \u0627\u0644\u0625\u062a\u0644\u0627\u0641<br \/>\n\u2022 \u0637\u0644\u0628 \u0645\u0639\u0644\u0648\u0645\u0627\u062a \u062d\u0648\u0644 \u0627\u0644\u0646\u0642\u0644 \u0625\u0644\u0649 \u0627\u0644\u062e\u0627\u0631\u062c<\/p>\n<p>\u0648\u0641\u0642 GDPR (\u0644\u0632\u0648\u0627\u0631 \u0627\u0644\u0627\u062a\u062d\u0627\u062f \u0627\u0644\u0623\u0648\u0631\u0648\u0628\u064a)<\/p>\n<p>\u2022 \u062d\u0642 \u0627\u0644\u0648\u0635\u0648\u0644<br \/>\n\u2022 \u062d\u0642 \u0627\u0644\u062a\u0635\u062d\u064a\u062d<br \/>\n\u2022 \u062d\u0642 \u0627\u0644\u062d\u0630\u0641 (\u0627\u0644\u062d\u0642 \u0641\u064a \u0627\u0644\u0646\u0633\u064a\u0627\u0646)<br \/>\n\u2022 \u062d\u0642 \u0646\u0642\u0644 \u0627\u0644\u0628\u064a\u0627\u0646\u0627\u062a<br \/>\n\u2022 \u062d\u0642 \u0627\u0644\u0627\u0639\u062a\u0631\u0627\u0636 \u0639\u0644\u0649 \u0627\u0644\u0645\u0639\u0627\u0644\u062c\u0629<\/p>\n<p>10. \u0627\u0644\u0627\u062a\u0635\u0627\u0644<\/p>\n<p>\u064a\u0645\u0643\u0646\u0643 \u0625\u0631\u0633\u0627\u0644 \u0637\u0644\u0628\u0627\u062a\u0643 \u0639\u0628\u0631 \u0645\u0639\u0644\u0648\u0645\u0627\u062a \u0627\u0644\u0627\u062a\u0635\u0627\u0644 \u0627\u0644\u062a\u0627\u0644\u064a\u0629:<\/p>\n<p>SM\u0130RN\u0130 SA\u011eLIK H\u0130ZMETLER\u0130 TUR\u0130ZM DANI\u015eMANLIK ACENTES\u0130 \u0130N\u015e. SAN. T\u0130C. LTD. \u015eT\u0130<br \/>\n(QUALITY LIFE HEALTH TRAVEL)<br \/>\n\u0627\u0644\u0639\u0646\u0648\u0627\u0646: K\u00fc\u00e7\u00fck\u00e7ekmece \/ \u0625\u0633\u0637\u0646\u0628\u0648\u0644<br \/>\n\u0627\u0644\u0631\u0642\u0645 \u0627\u0644\u0636\u0631\u064a\u0628\u064a: 7721554065<br \/>\n\u0627\u0644\u0628\u0631\u064a\u062f \u0627\u0644\u0625\u0644\u0643\u062a\u0631\u0648\u0646\u064a:<br \/>\nconsultancy@qualitylifehealthtravel.info<\/p>\n<p>smirnisaglikhizmetleri@hs01.kep.tr<\/p>\n<p>11. \u0627\u0644\u062a\u062d\u062f\u064a\u062b\u0627\u062a<\/p>\n<p>\u062a\u062d\u062a\u0641\u0638 \u0627\u0644\u0634\u0631\u0643\u0629 \u0628\u062d\u0642 \u062a\u062d\u062f\u064a\u062b \u0633\u064a\u0627\u0633\u0629 \u0645\u0644\u0641\u0627\u062a \u062a\u0639\u0631\u064a\u0641 \u0627\u0644\u0627\u0631\u062a\u0628\u0627\u0637 \u0647\u0630\u0647 \u0648\u0641\u0642\u0627\u064b \u0644\u0644\u062a\u063a\u064a\u064a\u0631\u0627\u062a \u0627\u0644\u0642\u0627\u0646\u0648\u0646\u064a\u0629 \u0623\u0648 \u0627\u0644\u062a\u0634\u063a\u064a\u0644\u064a\u0629.<br \/>\n\u064a\u0635\u0628\u062d \u0627\u0644\u0646\u0635 \u0627\u0644\u0645\u062d\u062f\u062b \u0633\u0627\u0631\u064a\u0627\u064b \u0627\u0639\u062a\u0628\u0627\u0631\u0627\u064b \u0645\u0646 \u062a\u0627\u0631\u064a\u062e \u0646\u0634\u0631\u0647 \u0639\u0644\u0649 \u0627\u0644\u0645\u0648\u0642\u0639.[\/vc_column_text][\/vc_column][\/vc_row]\n","protected":false},"excerpt":{"rendered":"<p>[vc_row type=&#8221;in_container&#8221; full_screen_row_position=&#8221;middle&#8221; column_margin=&#8221;default&#8221; column_direction=&#8221;default&#8221; column_direction_tablet=&#8221;default&#8221; column_direction_phone=&#8221;default&#8221; scene_position=&#8221;center&#8221; top_padding=&#8221;5%&#8221; constrain_group_1=&#8221;yes&#8221; bottom_padding=&#8221;5%&#8221; text_color=&#8221;dark&#8221; text_align=&#8221;left&#8221; row_border_radius=&#8221;none&#8221; row_border_radius_applies=&#8221;bg&#8221; overflow=&#8221;visible&#8221; overlay_strength=&#8221;0.3&#8243; gradient_direction=&#8221;left_to_right&#8221; shape_divider_position=&#8221;bottom&#8221; bg_image_animation=&#8221;none&#8221; gradient_type=&#8221;default&#8221; shape_type=&#8221;&#8221;][vc_column column_padding=&#8221;no-extra-padding&#8221; column_padding_tablet=&#8221;inherit&#8221; column_padding_phone=&#8221;inherit&#8221; column_padding_position=&#8221;all&#8221; column_element_direction_desktop=&#8221;default&#8221; column_element_spacing=&#8221;default&#8221; desktop_text_alignment=&#8221;default&#8221; tablet_text_alignment=&#8221;default&#8221;&#8230;<\/p>\n","protected":false},"author":2,"featured_media":0,"parent":0,"menu_order":0,"comment_status":"closed","ping_status":"closed","template":"","meta":{"footnotes":""},"class_list":["post-9728","page","type-page","status-publish"],"_links":{"self":[{"href":"https:\/\/qualitylifehealth.com\/ar\/wp-json\/wp\/v2\/pages\/9728","targetHints":{"allow":["GET"]}}],"collection":[{"href":"https:\/\/qualitylifehealth.com\/ar\/wp-json\/wp\/v2\/pages"}],"about":[{"href":"https:\/\/qualitylifehealth.com\/ar\/wp-json\/wp\/v2\/types\/page"}],"author":[{"embeddable":true,"href":"https:\/\/qualitylifehealth.com\/ar\/wp-json\/wp\/v2\/users\/2"}],"replies":[{"embeddable":true,"href":"https:\/\/qualitylifehealth.com\/ar\/wp-json\/wp\/v2\/comments?post=9728"}],"version-history":[{"count":1,"href":"https:\/\/qualitylifehealth.com\/ar\/wp-json\/wp\/v2\/pages\/9728\/revisions"}],"predecessor-version":[{"id":9804,"href":"https:\/\/qualitylifehealth.com\/ar\/wp-json\/wp\/v2\/pages\/9728\/revisions\/9804"}],"wp:attachment":[{"href":"https:\/\/qualitylifehealth.com\/ar\/wp-json\/wp\/v2\/media?parent=9728"}],"curies":[{"name":"wp","href":"https:\/\/api.w.org\/{rel}","templated":true}]}}