{"id":9729,"date":"2026-02-18T21:30:09","date_gmt":"2026-02-18T18:30:09","guid":{"rendered":"https:\/\/qualitylifehealth.com\/cerez-politikasi\/"},"modified":"2026-02-18T23:21:00","modified_gmt":"2026-02-18T20:21:00","slug":"cerez-politikasi","status":"publish","type":"page","link":"https:\/\/qualitylifehealth.com\/bg\/cerez-politikasi\/","title":{"rendered":"\u00c7erez Politikas\u0131"},"content":{"rendered":"[vc_row type=&#8220;in_container&#8220; full_screen_row_position=&#8220;middle&#8220; column_margin=&#8220;default&#8220; column_direction=&#8220;default&#8220; column_direction_tablet=&#8220;default&#8220; column_direction_phone=&#8220;default&#8220; scene_position=&#8220;center&#8220; top_padding=&#8220;5%&#8220; constrain_group_1=&#8220;yes&#8220; bottom_padding=&#8220;5%&#8220; text_color=&#8220;dark&#8220; text_align=&#8220;left&#8220; row_border_radius=&#8220;none&#8220; row_border_radius_applies=&#8220;bg&#8220; overflow=&#8220;visible&#8220; overlay_strength=&#8220;0.3&#8243; gradient_direction=&#8220;left_to_right&#8220; shape_divider_position=&#8220;bottom&#8220; bg_image_animation=&#8220;none&#8220; gradient_type=&#8220;default&#8220; shape_type=&#8220;&#8220;][vc_column column_padding=&#8220;no-extra-padding&#8220; column_padding_tablet=&#8220;inherit&#8220; column_padding_phone=&#8220;inherit&#8220; column_padding_position=&#8220;all&#8220; column_element_direction_desktop=&#8220;default&#8220; column_element_spacing=&#8220;default&#8220; desktop_text_alignment=&#8220;default&#8220; tablet_text_alignment=&#8220;default&#8220; phone_text_alignment=&#8220;default&#8220; background_color_opacity=&#8220;1&#8243; background_hover_color_opacity=&#8220;1&#8243; column_backdrop_filter=&#8220;none&#8220; column_shadow=&#8220;none&#8220; column_border_radius=&#8220;none&#8220; column_link_target=&#8220;_self&#8220; column_position=&#8220;default&#8220; gradient_direction=&#8220;left_to_right&#8220; overlay_strength=&#8220;0.3&#8243; width=&#8220;1\/1&#8243; tablet_width_inherit=&#8220;default&#8220; animation_type=&#8220;default&#8220; bg_image_animation=&#8220;none&#8220; border_type=&#8220;simple&#8220; column_border_width=&#8220;none&#8220; column_border_style=&#8220;solid&#8220;][vc_column_text]\u041f\u041e\u041b\u0418\u0422\u0418\u041a\u0410 \u0417\u0410 \u0411\u0418\u0421\u041a\u0412\u0418\u0422\u041a\u0418\u0422\u0415<br \/>\n1. \u0410\u0434\u043c\u0438\u043d\u0438\u0441\u0442\u0440\u0430\u0442\u043e\u0440 \u043d\u0430 \u0434\u0430\u043d\u043d\u0438<\/p>\n<p>\u041d\u0430\u0441\u0442\u043e\u044f\u0449\u0430\u0442\u0430 \u041f\u043e\u043b\u0438\u0442\u0438\u043a\u0430 \u0437\u0430 \u0431\u0438\u0441\u043a\u0432\u0438\u0442\u043a\u0438\u0442\u0435 \u0435 \u0438\u0437\u0433\u043e\u0442\u0432\u0435\u043d\u0430 \u043e\u0442:<br \/>\nSM\u0130RN\u0130 SA\u011eLIK H\u0130ZMETLER\u0130 TUR\u0130ZM DANI\u015eMANLIK ACENTES\u0130 \u0130N\u015e. SAN. T\u0130C. LTD. \u015eT\u0130<br \/>\n(\u0420\u0435\u0433\u0438\u0441\u0442\u0440\u0438\u0440\u0430\u043d\u0430 \u043c\u0430\u0440\u043a\u0430: QUALITY LIFE HEALTH TRAVEL)<br \/>\n\u0414\u0430\u043d\u044a\u0447\u0435\u043d \u2116: 7721554065<br \/>\n\u0410\u0434\u0440\u0435\u0441: Kartaltepe Mahallesi Saydam Sokak No:13\/A K\u00fc\u00e7\u00fck\u00e7ekmece \/ \u0418\u0441\u0442\u0430\u043d\u0431\u0443\u043b<br \/>\n(\u043d\u0430\u0440\u0438\u0447\u0430\u043d\u0430 \u043f\u043e-\u0434\u043e\u043b\u0443 \u201e\u041a\u043e\u043c\u043f\u0430\u043d\u0438\u044f\u0442\u0430\u201c \u0438\u043b\u0438 \u201eQuality Life Health Travel\u201c).<\/p>\n<p>\u041d\u0430\u0448\u0430\u0442\u0430 \u043a\u043e\u043c\u043f\u0430\u043d\u0438\u044f \u043f\u0440\u0435\u0434\u043e\u0441\u0442\u0430\u0432\u044f \u0443\u0441\u043b\u0443\u0433\u0438 \u043f\u043e \u043e\u0440\u0433\u0430\u043d\u0438\u0437\u0430\u0446\u0438\u044f \u0438 \u043a\u043e\u043d\u0441\u0443\u043b\u0442\u0438\u0440\u0430\u043d\u0435 \u043d\u0430 \u043f\u0430\u0446\u0438\u0435\u043d\u0442\u0438, \u043a\u043e\u0438\u0442\u043e \u043f\u0440\u0438\u0441\u0442\u0438\u0433\u0430\u0442 \u0432 \u0422\u0443\u0440\u0446\u0438\u044f \u043e\u0442 \u0447\u0443\u0436\u0431\u0438\u043d\u0430, \u0433\u043b\u0430\u0432\u043d\u043e \u043e\u0442 \u0435\u0432\u0440\u043e\u043f\u0435\u0439\u0441\u043a\u0438\u0442\u0435 \u0434\u044a\u0440\u0436\u0430\u0432\u0438, \u0441 \u0446\u0435\u043b \u043f\u043e\u043b\u0443\u0447\u0430\u0432\u0430\u043d\u0435 \u043d\u0430 \u0437\u0434\u0440\u0430\u0432\u043d\u0438 \u0443\u0441\u043b\u0443\u0433\u0438.<\/p>\n<p>\u041b\u0438\u0447\u043d\u0438\u0442\u0435 \u0434\u0430\u043d\u043d\u0438 \u043d\u0430 \u043f\u043e\u0442\u0440\u0435\u0431\u0438\u0442\u0435\u043b\u0438\u0442\u0435, \u043f\u043e\u0441\u0435\u0449\u0430\u0432\u0430\u0449\u0438 \u043d\u0430\u0448\u0438\u044f \u0443\u0435\u0431\u0441\u0430\u0439\u0442, \u0441\u0435 \u043e\u0431\u0440\u0430\u0431\u043e\u0442\u0432\u0430\u0442 \u0432 \u0441\u044a\u043e\u0442\u0432\u0435\u0442\u0441\u0442\u0432\u0438\u0435 \u0441:<br \/>\n\u2022 \u0417\u0430\u043a\u043e\u043d \u2116 6698 \u0437\u0430 \u0437\u0430\u0449\u0438\u0442\u0430 \u043d\u0430 \u043b\u0438\u0447\u043d\u0438\u0442\u0435 \u0434\u0430\u043d\u043d\u0438 (KVKK)<br \/>\n\u2022 \u041e\u0431\u0449\u0438\u044f \u0440\u0435\u0433\u043b\u0430\u043c\u0435\u043d\u0442 \u0437\u0430 \u0437\u0430\u0449\u0438\u0442\u0430 \u043d\u0430 \u0434\u0430\u043d\u043d\u0438\u0442\u0435 \u043d\u0430 \u0415\u0432\u0440\u043e\u043f\u0435\u0439\u0441\u043a\u0438\u044f \u0441\u044a\u044e\u0437 (GDPR)<\/p>\n<p>2. \u041a\u0430\u043a\u0432\u043e \u043f\u0440\u0435\u0434\u0441\u0442\u0430\u0432\u043b\u044f\u0432\u0430\u0442 \u0431\u0438\u0441\u043a\u0432\u0438\u0442\u043a\u0438\u0442\u0435?<\/p>\n<p>\u0411\u0438\u0441\u043a\u0432\u0438\u0442\u043a\u0438\u0442\u0435 \u0441\u0430 \u043c\u0430\u043b\u043a\u0438 \u0442\u0435\u043a\u0441\u0442\u043e\u0432\u0438 \u0444\u0430\u0439\u043b\u043e\u0432\u0435, \u043a\u043e\u0438\u0442\u043e \u0441\u0435 \u0437\u0430\u043f\u0438\u0441\u0432\u0430\u0442 \u043d\u0430 \u0432\u0430\u0448\u0435\u0442\u043e \u0443\u0441\u0442\u0440\u043e\u0439\u0441\u0442\u0432\u043e \u0447\u0440\u0435\u0437 \u0431\u0440\u0430\u0443\u0437\u044a\u0440\u0430 \u043f\u0440\u0438 \u043f\u043e\u0441\u0435\u0449\u0435\u043d\u0438\u0435 \u043d\u0430 \u0434\u0430\u0434\u0435\u043d \u0443\u0435\u0431\u0441\u0430\u0439\u0442. \u0411\u043b\u0430\u0433\u043e\u0434\u0430\u0440\u0435\u043d\u0438\u0435 \u043d\u0430 \u0442\u044f\u0445 \u0441\u0430\u0439\u0442\u044a\u0442 \u0444\u0443\u043d\u043a\u0446\u0438\u043e\u043d\u0438\u0440\u0430 \u043f\u0440\u0430\u0432\u0438\u043b\u043d\u043e, \u043f\u043e\u0434\u043e\u0431\u0440\u044f\u0432\u0430 \u0441\u0435 \u043f\u043e\u0442\u0440\u0435\u0431\u0438\u0442\u0435\u043b\u0441\u043a\u043e\u0442\u043e \u0438\u0437\u0436\u0438\u0432\u044f\u0432\u0430\u043d\u0435 \u0438 \u0441\u0435 \u0437\u0430\u043f\u043e\u043c\u043d\u044f\u0442 \u0432\u0430\u0448\u0438\u0442\u0435 \u043f\u0440\u0435\u0434\u043f\u043e\u0447\u0438\u0442\u0430\u043d\u0438\u044f.<\/p>\n<p>3. \u0412\u0438\u0434\u043e\u0432\u0435 \u0438\u0437\u043f\u043e\u043b\u0437\u0432\u0430\u043d\u0438 \u0431\u0438\u0441\u043a\u0432\u0438\u0442\u043a\u0438<br \/>\n3.1. \u0417\u0430\u0434\u044a\u043b\u0436\u0438\u0442\u0435\u043b\u043d\u0438 \u0431\u0438\u0441\u043a\u0432\u0438\u0442\u043a\u0438<\/p>\n<p>\u0422\u0435 \u0441\u0430 \u043d\u0435\u043e\u0431\u0445\u043e\u0434\u0438\u043c\u0438 \u0437\u0430 \u0441\u0438\u0433\u0443\u0440\u043d\u0430\u0442\u0430 \u0438 \u043f\u0440\u0430\u0432\u0438\u043b\u043d\u0430 \u0440\u0430\u0431\u043e\u0442\u0430 \u043d\u0430 \u0443\u0435\u0431\u0441\u0430\u0439\u0442\u0430. \u0423\u043f\u0440\u0430\u0432\u043b\u0435\u043d\u0438\u0435\u0442\u043e \u043d\u0430 \u0441\u0435\u0441\u0438\u0438\u0442\u0435 \u0438 \u043f\u0440\u043e\u0446\u0435\u0441\u0438\u0442\u0435 \u043f\u043e \u0441\u0438\u0433\u0443\u0440\u043d\u043e\u0441\u0442 \u0441\u0435 \u043e\u0441\u0438\u0433\u0443\u0440\u044f\u0432\u0430\u0442 \u0447\u0440\u0435\u0437 \u0442\u0435\u0437\u0438 \u0431\u0438\u0441\u043a\u0432\u0438\u0442\u043a\u0438.<\/p>\n<p>3.2. \u0411\u0438\u0441\u043a\u0432\u0438\u0442\u043a\u0438 \u0437\u0430 \u0435\u0444\u0435\u043a\u0442\u0438\u0432\u043d\u043e\u0441\u0442 \u0438 \u0430\u043d\u0430\u043b\u0438\u0437<\/p>\n<p>\u0418\u0437\u043f\u043e\u043b\u0437\u0432\u0430\u0442 \u0441\u0435 \u0437\u0430 \u0430\u043d\u0430\u043b\u0438\u0437 \u043d\u0430 \u0438\u0437\u043f\u043e\u043b\u0437\u0432\u0430\u043d\u0435\u0442\u043e \u043d\u0430 \u0443\u0435\u0431\u0441\u0430\u0439\u0442\u0430.<br \/>\n\u041d\u0430\u043f\u0440\u0438\u043c\u0435\u0440: Google Analytics<\/p>\n<p>\u0427\u0440\u0435\u0437 \u0442\u0435\u0437\u0438 \u0431\u0438\u0441\u043a\u0432\u0438\u0442\u043a\u0438 \u0441\u0435 \u0430\u043d\u0430\u043b\u0438\u0437\u0438\u0440\u0430\u0442 \u0430\u043d\u043e\u043d\u0438\u043c\u043d\u043e \u0438 \u043e\u0431\u043e\u0431\u0449\u0435\u043d\u043e:<br \/>\n\u2022 \u0411\u0440\u043e\u0439 \u043f\u043e\u0441\u0435\u0442\u0438\u0442\u0435\u043b\u0438<br \/>\n\u2022 \u0418\u0437\u0442\u043e\u0447\u043d\u0438\u0446\u0438 \u043d\u0430 \u0442\u0440\u0430\u0444\u0438\u043a<br \/>\n\u2022 \u041d\u0430\u0439-\u043f\u043e\u0441\u0435\u0449\u0430\u0432\u0430\u043d\u0438 \u0441\u0442\u0440\u0430\u043d\u0438\u0446\u0438<br \/>\n\u2022 \u041f\u043e\u0432\u0435\u0434\u0435\u043d\u0438\u0435 \u043d\u0430 \u043f\u043e\u0442\u0440\u0435\u0431\u0438\u0442\u0435\u043b\u0438\u0442\u0435<\/p>\n<p>3.3. \u0424\u0443\u043d\u043a\u0446\u0438\u043e\u043d\u0430\u043b\u043d\u0438 \u0431\u0438\u0441\u043a\u0432\u0438\u0442\u043a\u0438<\/p>\n<p>\u0418\u0437\u043f\u043e\u043b\u0437\u0432\u0430\u0442 \u0441\u0435 \u0437\u0430 \u0437\u0430\u043f\u043e\u043c\u043d\u044f\u043d\u0435 \u043d\u0430 \u043f\u043e\u0442\u0440\u0435\u0431\u0438\u0442\u0435\u043b\u0441\u043a\u0438 \u0438\u0437\u0431\u043e\u0440\u0438 \u043a\u0430\u0442\u043e \u043f\u0440\u0435\u0434\u043f\u043e\u0447\u0438\u0442\u0430\u043d\u0438\u044f \u0435\u0437\u0438\u043a (\u043d\u0430\u043f\u0440\u0438\u043c\u0435\u0440 \u0442\u0443\u0440\u0441\u043a\u0438 \/ \u0430\u043d\u0433\u043b\u0438\u0439\u0441\u043a\u0438 \/ \u043d\u0435\u043c\u0441\u043a\u0438).<\/p>\n<p>3.4. \u041c\u0430\u0440\u043a\u0435\u0442\u0438\u043d\u0433\u043e\u0432\u0438 \u0438 \u0440\u0435\u043a\u043b\u0430\u043c\u043d\u0438 \u0431\u0438\u0441\u043a\u0432\u0438\u0442\u043a\u0438<\/p>\n<p>\u041f\u043e\u0437\u0432\u043e\u043b\u044f\u0432\u0430\u0442 \u043f\u043e\u043a\u0430\u0437\u0432\u0430\u043d\u0435 \u043d\u0430 \u0441\u044a\u0434\u044a\u0440\u0436\u0430\u043d\u0438\u0435 \u0438 \u0440\u0435\u043a\u043b\u0430\u043c\u0438, \u0441\u044a\u043e\u0431\u0440\u0430\u0437\u0435\u043d\u0438 \u0441 \u0438\u043d\u0442\u0435\u0440\u0435\u0441\u0438\u0442\u0435 \u043d\u0430 \u043f\u043e\u0442\u0440\u0435\u0431\u0438\u0442\u0435\u043b\u044f.<br \/>\n\u0412\u044a\u0437\u043c\u043e\u0436\u043d\u0438 \u0438\u043d\u0441\u0442\u0440\u0443\u043c\u0435\u043d\u0442\u0438:<br \/>\n\u2022 Meta (Facebook \/ Instagram)<br \/>\n\u2022 Google Ads<\/p>\n<p>\u0422\u0435\u0437\u0438 \u0431\u0438\u0441\u043a\u0432\u0438\u0442\u043a\u0438 \u043c\u043e\u0433\u0430\u0442 \u0434\u0430 \u043f\u043e\u0437\u0432\u043e\u043b\u044f\u0442 \u043f\u043e\u043a\u0430\u0437\u0432\u0430\u043d\u0435\u0442\u043e \u043d\u0430 \u0440\u0435\u043b\u0435\u0432\u0430\u043d\u0442\u043d\u043e \u0441\u044a\u0434\u044a\u0440\u0436\u0430\u043d\u0438\u0435 \u0432 \u0434\u0440\u0443\u0433\u0438 \u0434\u0438\u0433\u0438\u0442\u0430\u043b\u043d\u0438 \u043f\u043b\u0430\u0442\u0444\u043e\u0440\u043c\u0438 \u0441\u043b\u0435\u0434 \u043f\u043e\u0441\u0435\u0449\u0435\u043d\u0438\u0435\u0442\u043e \u0432\u0438.<\/p>\n<p>4. \u0426\u0435\u043b\u0438 \u043d\u0430 \u043e\u0431\u0440\u0430\u0431\u043e\u0442\u0432\u0430\u043d\u0435\u0442\u043e \u043d\u0430 \u043b\u0438\u0447\u043d\u0438\u0442\u0435 \u0434\u0430\u043d\u043d\u0438<\/p>\n<p>\u0414\u0430\u043d\u043d\u0438\u0442\u0435, \u0441\u044a\u0431\u0440\u0430\u043d\u0438 \u0447\u0440\u0435\u0437 \u0431\u0438\u0441\u043a\u0432\u0438\u0442\u043a\u0438\u0442\u0435, \u0441\u0435 \u043e\u0431\u0440\u0430\u0431\u043e\u0442\u0432\u0430\u0442 \u0437\u0430:<br \/>\n\u2022 \u041e\u0441\u0438\u0433\u0443\u0440\u044f\u0432\u0430\u043d\u0435 \u0441\u0438\u0433\u0443\u0440\u043d\u043e\u0441\u0442\u0442\u0430 \u043d\u0430 \u0443\u0435\u0431\u0441\u0430\u0439\u0442\u0430<br \/>\n\u2022 \u041f\u043e\u0434\u043e\u0431\u0440\u044f\u0432\u0430\u043d\u0435 \u043a\u0430\u0447\u0435\u0441\u0442\u0432\u043e\u0442\u043e \u043d\u0430 \u0443\u0441\u043b\u0443\u0433\u0438\u0442\u0435<br \/>\n\u2022 \u041f\u043e\u0434\u043e\u0431\u0440\u044f\u0432\u0430\u043d\u0435 \u043d\u0430 \u043f\u043e\u0442\u0440\u0435\u0431\u0438\u0442\u0435\u043b\u0441\u043a\u043e\u0442\u043e \u0438\u0437\u0436\u0438\u0432\u044f\u0432\u0430\u043d\u0435 \u0437\u0430 \u043f\u0430\u0446\u0438\u0435\u043d\u0442\u0438 \u043e\u0442 \u0435\u0432\u0440\u043e\u043f\u0435\u0439\u0441\u043a\u0438 \u0434\u044a\u0440\u0436\u0430\u0432\u0438<br \/>\n\u2022 \u041f\u0440\u043e\u0432\u0435\u0436\u0434\u0430\u043d\u0435 \u043d\u0430 \u043c\u0430\u0440\u043a\u0435\u0442\u0438\u043d\u0433\u043e\u0432\u0438 \u0438 \u0440\u0435\u043a\u043b\u0430\u043c\u043d\u0438 \u0434\u0435\u0439\u043d\u043e\u0441\u0442\u0438<br \/>\n\u2022 \u0421\u0442\u0430\u0442\u0438\u0441\u0442\u0438\u0447\u0435\u0441\u043a\u0438 \u0430\u043d\u0430\u043b\u0438\u0437<br \/>\n\u2022 \u0418\u0437\u043f\u044a\u043b\u043d\u0435\u043d\u0438\u0435 \u043d\u0430 \u0437\u0430\u043a\u043e\u043d\u043e\u0432\u0438 \u0437\u0430\u0434\u044a\u043b\u0436\u0435\u043d\u0438\u044f<\/p>\n<p>5. \u041f\u0440\u0430\u0432\u043d\u043e \u043e\u0441\u043d\u043e\u0432\u0430\u043d\u0438\u0435<\/p>\n<p>\u0412\u0430\u0448\u0438\u0442\u0435 \u0434\u0430\u043d\u043d\u0438 \u0441\u0435 \u043e\u0431\u0440\u0430\u0431\u043e\u0442\u0432\u0430\u0442 \u0432\u044a\u0437 \u043e\u0441\u043d\u043e\u0432\u0430 \u043d\u0430:<br \/>\n\u2022 \u0417\u0430\u043a\u043e\u043d\u0435\u043d \u0438\u043d\u0442\u0435\u0440\u0435\u0441 \u0441\u044a\u0433\u043b\u0430\u0441\u043d\u043e \u0447\u043b. 5\/2 \u043e\u0442 KVKK<br \/>\n\u2022 \u0412\u0430\u0448\u0435\u0442\u043e \u0438\u0437\u0440\u0438\u0447\u043d\u043e \u0441\u044a\u0433\u043b\u0430\u0441\u0438\u0435 \u0437\u0430 \u0431\u0438\u0441\u043a\u0432\u0438\u0442\u043a\u0438, \u0438\u0437\u0438\u0441\u043a\u0432\u0430\u0449\u0438 \u0441\u044a\u0433\u043b\u0430\u0441\u0438\u0435<br \/>\n\u2022 \u0418\u0437\u0440\u0438\u0447\u043d\u043e \u0441\u044a\u0433\u043b\u0430\u0441\u0438\u0435 \u0438 \u0437\u0430\u043a\u043e\u043d\u0435\u043d \u0438\u043d\u0442\u0435\u0440\u0435\u0441 \u0441\u044a\u0433\u043b\u0430\u0441\u043d\u043e \u0447\u043b. 6 \u043e\u0442 GDPR<\/p>\n<p>\u041f\u0440\u0438 \u0434\u043e\u0441\u0442\u044a\u043f \u043e\u0442 \u0434\u044a\u0440\u0436\u0430\u0432\u0438 \u043e\u0442 \u0415\u0432\u0440\u043e\u043f\u0435\u0439\u0441\u043a\u0438\u044f \u0441\u044a\u044e\u0437 \u0441\u0435 \u043f\u0440\u0438\u043b\u0430\u0433\u0430\u0442 \u0440\u0430\u0437\u043f\u043e\u0440\u0435\u0434\u0431\u0438\u0442\u0435 \u043d\u0430 GDPR.<\/p>\n<p>6. \u041f\u0440\u0435\u0445\u0432\u044a\u0440\u043b\u044f\u043d\u0435 \u043d\u0430 \u0434\u0430\u043d\u043d\u0438 \u0432 \u0447\u0443\u0436\u0431\u0438\u043d\u0430<\/p>\n<p>\u041f\u043e\u0440\u0430\u0434\u0438 \u0438\u0437\u043f\u043e\u043b\u0437\u0432\u0430\u043d\u0435\u0442\u043e \u043d\u0430 \u0443\u0441\u043b\u0443\u0433\u0438 \u043d\u0430 \u0442\u0440\u0435\u0442\u0438 \u0441\u0442\u0440\u0430\u043d\u0438 (\u043d\u0430\u043f\u0440. Google \u0438 Meta), \u0432\u0430\u0448\u0438\u0442\u0435 \u043b\u0438\u0447\u043d\u0438 \u0434\u0430\u043d\u043d\u0438 \u043c\u043e\u0433\u0430\u0442 \u0434\u0430 \u0431\u044a\u0434\u0430\u0442 \u043f\u0440\u0435\u0445\u0432\u044a\u0440\u043b\u044f\u043d\u0438 \u043a\u044a\u043c \u0441\u044a\u0440\u0432\u044a\u0440\u0438 \u0432 \u0447\u0443\u0436\u0431\u0438\u043d\u0430.<br \/>\n\u0422\u043e\u0432\u0430 \u043f\u0440\u0435\u0445\u0432\u044a\u0440\u043b\u044f\u043d\u0435 \u0441\u0435 \u0438\u0437\u0432\u044a\u0440\u0448\u0432\u0430 \u0432 \u0441\u044a\u043e\u0442\u0432\u0435\u0442\u0441\u0442\u0432\u0438\u0435 \u0441 \u0447\u043b. 9 \u043e\u0442 KVKK \u0438 \u0440\u0430\u0437\u043f\u043e\u0440\u0435\u0434\u0431\u0438\u0442\u0435 \u043d\u0430 GDPR \u043e\u0442\u043d\u043e\u0441\u043d\u043e \u0442\u0440\u0430\u043d\u0441\u0444\u0435\u0440\u0430 \u043d\u0430 \u0434\u0430\u043d\u043d\u0438, \u043a\u0430\u0442\u043e \u0441\u0435 \u043f\u0440\u0438\u043b\u0430\u0433\u0430\u0442 \u043d\u0435\u043e\u0431\u0445\u043e\u0434\u0438\u043c\u0438\u0442\u0435 \u0442\u0435\u0445\u043d\u0438\u0447\u0435\u0441\u043a\u0438 \u0438 \u0430\u0434\u043c\u0438\u043d\u0438\u0441\u0442\u0440\u0430\u0442\u0438\u0432\u043d\u0438 \u043c\u0435\u0440\u043a\u0438.<\/p>\n<p>7. \u0421\u0440\u043e\u043a \u043d\u0430 \u0441\u044a\u0445\u0440\u0430\u043d\u0435\u043d\u0438\u0435 \u043d\u0430 \u0431\u0438\u0441\u043a\u0432\u0438\u0442\u043a\u0438\u0442\u0435<\/p>\n<p>\u0411\u0438\u0441\u043a\u0432\u0438\u0442\u043a\u0438\u0442\u0435 \u043c\u043e\u0433\u0430\u0442 \u0434\u0430 \u0441\u0435 \u0441\u044a\u0445\u0440\u0430\u043d\u044f\u0432\u0430\u0442:<br \/>\n\u2022 \u041f\u043e \u0432\u0440\u0435\u043c\u0435 \u043d\u0430 \u0441\u0435\u0441\u0438\u044f\u0442\u0430 (\u0432\u0440\u0435\u043c\u0435\u043d\u043d\u0438 \u0431\u0438\u0441\u043a\u0432\u0438\u0442\u043a\u0438)<br \/>\n\u2022 \u0417\u0430 \u043e\u043f\u0440\u0435\u0434\u0435\u043b\u0435\u043d \u043f\u0435\u0440\u0438\u043e\u0434 (\u043f\u043e\u0441\u0442\u043e\u044f\u043d\u043d\u0438 \u0431\u0438\u0441\u043a\u0432\u0438\u0442\u043a\u0438)<\/p>\n<p>\u0421\u0440\u043e\u043a\u044a\u0442 \u043d\u0430 \u0441\u044a\u0445\u0440\u0430\u043d\u0435\u043d\u0438\u0435 \u0432\u0430\u0440\u0438\u0440\u0430 \u0441\u043f\u043e\u0440\u0435\u0434 \u0432\u0438\u0434\u0430 \u0431\u0438\u0441\u043a\u0432\u0438\u0442\u043a\u0430.<\/p>\n<p>8. \u041a\u043e\u043d\u0442\u0440\u043e\u043b \u043d\u0430 \u0431\u0438\u0441\u043a\u0432\u0438\u0442\u043a\u0438\u0442\u0435<\/p>\n<p>\u0427\u0440\u0435\u0437 \u043d\u0430\u0441\u0442\u0440\u043e\u0439\u043a\u0438\u0442\u0435 \u043d\u0430 \u0431\u0440\u0430\u0443\u0437\u044a\u0440\u0430 \u043c\u043e\u0436\u0435\u0442\u0435 \u0434\u0430:<br \/>\n\u2022 \u0411\u043b\u043e\u043a\u0438\u0440\u0430\u0442\u0435 \u0431\u0438\u0441\u043a\u0432\u0438\u0442\u043a\u0438\u0442\u0435<br \/>\n\u2022 \u0418\u0437\u0442\u0440\u0438\u0432\u0430\u0442\u0435 \u0433\u0438<br \/>\n\u2022 \u041f\u043e\u043b\u0443\u0447\u0430\u0432\u0430\u0442\u0435 \u043f\u0440\u0435\u0434\u0443\u043f\u0440\u0435\u0436\u0434\u0435\u043d\u0438\u044f \u0437\u0430 \u0438\u0437\u043f\u043e\u043b\u0437\u0432\u0430\u043d\u0435\u0442\u043e \u0438\u043c<\/p>\n<p>\u0414\u0435\u0430\u043a\u0442\u0438\u0432\u0438\u0440\u0430\u043d\u0435\u0442\u043e \u043d\u0430 \u043d\u044f\u043a\u043e\u0438 \u0431\u0438\u0441\u043a\u0432\u0438\u0442\u043a\u0438 \u043c\u043e\u0436\u0435 \u0434\u0430 \u0434\u043e\u0432\u0435\u0434\u0435 \u0434\u043e \u043d\u0435\u043f\u0440\u0430\u0432\u0438\u043b\u043d\u0430 \u0440\u0430\u0431\u043e\u0442\u0430 \u043d\u0430 \u043d\u044f\u043a\u043e\u0438 \u0444\u0443\u043d\u043a\u0446\u0438\u0438 \u043d\u0430 \u0441\u0430\u0439\u0442\u0430.<\/p>\n<p>9. \u041f\u0440\u0430\u0432\u0430 \u043d\u0430 \u0441\u0443\u0431\u0435\u043a\u0442\u0430 \u043d\u0430 \u0434\u0430\u043d\u043d\u0438<\/p>\n<p>\u0421\u044a\u0433\u043b\u0430\u0441\u043d\u043e KVKK:<br \/>\n\u2022 \u0414\u0430 \u0440\u0430\u0437\u0431\u0435\u0440\u0435\u0442\u0435 \u0434\u0430\u043b\u0438 \u0434\u0430\u043d\u043d\u0438\u0442\u0435 \u0432\u0438 \u0441\u0435 \u043e\u0431\u0440\u0430\u0431\u043e\u0442\u0432\u0430\u0442<br \/>\n\u2022 \u0414\u0430 \u043f\u043e\u0438\u0441\u043a\u0430\u0442\u0435 \u0438\u043d\u0444\u043e\u0440\u043c\u0430\u0446\u0438\u044f<br \/>\n\u2022 \u0414\u0430 \u043f\u043e\u0438\u0441\u043a\u0430\u0442\u0435 \u043a\u043e\u0440\u0435\u043a\u0446\u0438\u044f<br \/>\n\u2022 \u0414\u0430 \u043f\u043e\u0438\u0441\u043a\u0430\u0442\u0435 \u0438\u0437\u0442\u0440\u0438\u0432\u0430\u043d\u0435 \u0438\u043b\u0438 \u0443\u043d\u0438\u0449\u043e\u0436\u0430\u0432\u0430\u043d\u0435<br \/>\n\u2022 \u0414\u0430 \u043f\u043e\u043b\u0443\u0447\u0438\u0442\u0435 \u0438\u043d\u0444\u043e\u0440\u043c\u0430\u0446\u0438\u044f \u0437\u0430 \u0442\u0440\u0430\u043d\u0441\u0444\u0435\u0440 \u0432 \u0447\u0443\u0436\u0431\u0438\u043d\u0430<\/p>\n<p>\u0421\u044a\u0433\u043b\u0430\u0441\u043d\u043e GDPR (\u0437\u0430 \u043f\u043e\u0441\u0435\u0442\u0438\u0442\u0435\u043b\u0438 \u043e\u0442 \u0415\u0421):<br \/>\n\u2022 \u041f\u0440\u0430\u0432\u043e \u043d\u0430 \u0434\u043e\u0441\u0442\u044a\u043f<br \/>\n\u2022 \u041f\u0440\u0430\u0432\u043e \u043d\u0430 \u043a\u043e\u0440\u0435\u043a\u0446\u0438\u044f<br \/>\n\u2022 \u041f\u0440\u0430\u0432\u043e \u043d\u0430 \u0438\u0437\u0442\u0440\u0438\u0432\u0430\u043d\u0435 (Right to be Forgotten)<br \/>\n\u2022 \u041f\u0440\u0430\u0432\u043e \u043d\u0430 \u043f\u0440\u0435\u043d\u043e\u0441\u0438\u043c\u043e\u0441\u0442 \u043d\u0430 \u0434\u0430\u043d\u043d\u0438\u0442\u0435<br \/>\n\u2022 \u041f\u0440\u0430\u0432\u043e \u043d\u0430 \u0432\u044a\u0437\u0440\u0430\u0436\u0435\u043d\u0438\u0435 \u0441\u0440\u0435\u0449\u0443 \u043e\u0431\u0440\u0430\u0431\u043e\u0442\u0432\u0430\u043d\u0435\u0442\u043e<\/p>\n<p>10. \u041a\u043e\u043d\u0442\u0430\u043a\u0442<\/p>\n<p>\u041c\u043e\u0436\u0435\u0442\u0435 \u0434\u0430 \u0438\u0437\u043f\u0440\u0430\u0449\u0430\u0442\u0435 \u0432\u0430\u0448\u0438\u0442\u0435 \u0437\u0430\u044f\u0432\u043b\u0435\u043d\u0438\u044f \u0447\u0440\u0435\u0437 \u0441\u043b\u0435\u0434\u043d\u0430\u0442\u0430 \u0438\u043d\u0444\u043e\u0440\u043c\u0430\u0446\u0438\u044f \u0437\u0430 \u043a\u043e\u043d\u0442\u0430\u043a\u0442:<\/p>\n<p>SM\u0130RN\u0130 SA\u011eLIK H\u0130ZMETLER\u0130 TUR\u0130ZM DANI\u015eMANLIK ACENTES\u0130 \u0130N\u015e. SAN. T\u0130C. LTD. \u015eT\u0130<br \/>\n(QUALITY LIFE HEALTH TRAVEL)<br \/>\n\u0410\u0434\u0440\u0435\u0441: K\u00fc\u00e7\u00fck\u00e7ekmece \/ \u0418\u0441\u0442\u0430\u043d\u0431\u0443\u043b<br \/>\n\u0414\u0430\u043d\u044a\u0447\u0435\u043d \u2116: 7721554065<br \/>\nE-mail:<br \/>\nconsultancy@qualitylifehealthtravel.info<\/p>\n<p>smirnisaglikhizmetleri@hs01.kep.tr<\/p>\n<p>11. \u0410\u043a\u0442\u0443\u0430\u043b\u0438\u0437\u0430\u0446\u0438\u0438<\/p>\n<p>\u041a\u043e\u043c\u043f\u0430\u043d\u0438\u044f\u0442\u0430 \u0441\u0438 \u0437\u0430\u043f\u0430\u0437\u0432\u0430 \u043f\u0440\u0430\u0432\u043e\u0442\u043e \u0434\u0430 \u0430\u043a\u0442\u0443\u0430\u043b\u0438\u0437\u0438\u0440\u0430 \u043d\u0430\u0441\u0442\u043e\u044f\u0449\u0430\u0442\u0430 \u041f\u043e\u043b\u0438\u0442\u0438\u043a\u0430 \u0437\u0430 \u0431\u0438\u0441\u043a\u0432\u0438\u0442\u043a\u0438\u0442\u0435 \u0441\u044a\u0433\u043b\u0430\u0441\u043d\u043e \u0437\u0430\u043a\u043e\u043d\u043e\u0434\u0430\u0442\u0435\u043b\u043d\u0438 \u043f\u0440\u043e\u043c\u0435\u043d\u0438 \u0438\u043b\u0438 \u043e\u043f\u0435\u0440\u0430\u0442\u0438\u0432\u043d\u0438 \u043d\u0443\u0436\u0434\u0438.<br \/>\n\u0410\u043a\u0442\u0443\u0430\u043b\u043d\u0438\u044f\u0442 \u0442\u0435\u043a\u0441\u0442 \u0432\u043b\u0438\u0437\u0430 \u0432 \u0441\u0438\u043b\u0430 \u043e\u0442 \u0434\u0430\u0442\u0430\u0442\u0430 \u043d\u0430 \u043f\u0443\u0431\u043b\u0438\u043a\u0443\u0432\u0430\u043d\u0435\u0442\u043e \u043c\u0443 \u043d\u0430 \u0443\u0435\u0431\u0441\u0430\u0439\u0442\u0430.[\/vc_column_text][\/vc_column][\/vc_row]\n","protected":false},"excerpt":{"rendered":"<p>[vc_row type=&#8220;in_container&#8220; full_screen_row_position=&#8220;middle&#8220; column_margin=&#8220;default&#8220; column_direction=&#8220;default&#8220; column_direction_tablet=&#8220;default&#8220; column_direction_phone=&#8220;default&#8220; scene_position=&#8220;center&#8220; top_padding=&#8220;5%&#8220; constrain_group_1=&#8220;yes&#8220; bottom_padding=&#8220;5%&#8220; text_color=&#8220;dark&#8220; text_align=&#8220;left&#8220; row_border_radius=&#8220;none&#8220; row_border_radius_applies=&#8220;bg&#8220; overflow=&#8220;visible&#8220; overlay_strength=&#8220;0.3&#8243; gradient_direction=&#8220;left_to_right&#8220; shape_divider_position=&#8220;bottom&#8220; bg_image_animation=&#8220;none&#8220; gradient_type=&#8220;default&#8220; shape_type=&#8220;&#8220;][vc_column column_padding=&#8220;no-extra-padding&#8220; column_padding_tablet=&#8220;inherit&#8220; column_padding_phone=&#8220;inherit&#8220; column_padding_position=&#8220;all&#8220; column_element_direction_desktop=&#8220;default&#8220; column_element_spacing=&#8220;default&#8220; desktop_text_alignment=&#8220;default&#8220; tablet_text_alignment=&#8220;default&#8220;&#8230;<\/p>\n","protected":false},"author":2,"featured_media":0,"parent":0,"menu_order":0,"comment_status":"closed","ping_status":"closed","template":"","meta":{"footnotes":""},"class_list":["post-9729","page","type-page","status-publish"],"_links":{"self":[{"href":"https:\/\/qualitylifehealth.com\/bg\/wp-json\/wp\/v2\/pages\/9729","targetHints":{"allow":["GET"]}}],"collection":[{"href":"https:\/\/qualitylifehealth.com\/bg\/wp-json\/wp\/v2\/pages"}],"about":[{"href":"https:\/\/qualitylifehealth.com\/bg\/wp-json\/wp\/v2\/types\/page"}],"author":[{"embeddable":true,"href":"https:\/\/qualitylifehealth.com\/bg\/wp-json\/wp\/v2\/users\/2"}],"replies":[{"embeddable":true,"href":"https:\/\/qualitylifehealth.com\/bg\/wp-json\/wp\/v2\/comments?post=9729"}],"version-history":[{"count":1,"href":"https:\/\/qualitylifehealth.com\/bg\/wp-json\/wp\/v2\/pages\/9729\/revisions"}],"predecessor-version":[{"id":9805,"href":"https:\/\/qualitylifehealth.com\/bg\/wp-json\/wp\/v2\/pages\/9729\/revisions\/9805"}],"wp:attachment":[{"href":"https:\/\/qualitylifehealth.com\/bg\/wp-json\/wp\/v2\/media?parent=9729"}],"curies":[{"name":"wp","href":"https:\/\/api.w.org\/{rel}","templated":true}]}}