{"id":1237,"date":"2023-11-28T15:33:42","date_gmt":"2023-11-28T12:33:42","guid":{"rendered":"https:\/\/qualitylifehealth.com\/rhinoplasty\/"},"modified":"2024-01-02T12:53:43","modified_gmt":"2024-01-02T09:53:43","slug":"nasenkorrektur","status":"publish","type":"page","link":"https:\/\/qualitylifehealth.com\/de\/nasenkorrektur\/","title":{"rendered":"Nasenkorrektur"},"content":{"rendered":"[vc_row type=&#8220;in_container&#8220; full_screen_row_position=&#8220;middle&#8220; column_margin=&#8220;default&#8220; equal_height=&#8220;yes&#8220; content_placement=&#8220;middle&#8220; column_direction=&#8220;default&#8220; column_direction_tablet=&#8220;default&#8220; column_direction_phone=&#8220;default&#8220; bg_color=&#8220;#ffffff&#8220; scene_position=&#8220;center&#8220; text_color=&#8220;dark&#8220; text_align=&#8220;left&#8220; row_border_radius=&#8220;none&#8220; row_border_radius_applies=&#8220;bg&#8220; overflow=&#8220;visible&#8220; overlay_strength=&#8220;0.3&#8243; gradient_direction=&#8220;left_to_right&#8220; shape_divider_position=&#8220;bottom&#8220; bg_image_animation=&#8220;none&#8220; gradient_type=&#8220;default&#8220; shape_type=&#8220;&#8220;][vc_column column_padding=&#8220;padding-5-percent&#8220; column_padding_tablet=&#8220;inherit&#8220; column_padding_phone=&#8220;inherit&#8220; column_padding_position=&#8220;all&#8220; column_element_direction_desktop=&#8220;default&#8220; column_element_spacing=&#8220;default&#8220; desktop_text_alignment=&#8220;default&#8220; tablet_text_alignment=&#8220;default&#8220; phone_text_alignment=&#8220;default&#8220; background_color_opacity=&#8220;1&#8243; background_hover_color_opacity=&#8220;1&#8243; column_backdrop_filter=&#8220;none&#8220; column_shadow=&#8220;none&#8220; column_border_radius=&#8220;none&#8220; column_link_target=&#8220;_self&#8220; column_position=&#8220;default&#8220; gradient_direction=&#8220;left_to_right&#8220; overlay_strength=&#8220;0.3&#8243; width=&#8220;1\/2&#8243; tablet_width_inherit=&#8220;default&#8220; animation_type=&#8220;default&#8220; bg_image_animation=&#8220;none&#8220; border_type=&#8220;simple&#8220; column_border_width=&#8220;none&#8220; column_border_style=&#8220;solid&#8220; column_padding_type=&#8220;default&#8220; gradient_type=&#8220;default&#8220;][vc_row_inner column_margin=&#8220;default&#8220; column_direction=&#8220;default&#8220; column_direction_tablet=&#8220;default&#8220; column_direction_phone=&#8220;default&#8220; text_align=&#8220;left&#8220; row_position=&#8220;default&#8220; row_position_tablet=&#8220;inherit&#8220; row_position_phone=&#8220;inherit&#8220; overflow=&#8220;visible&#8220; pointer_events=&#8220;all&#8220;][vc_column_inner column_padding=&#8220;no-extra-padding&#8220; column_padding_tablet=&#8220;inherit&#8220; column_padding_phone=&#8220;inherit&#8220; column_padding_position=&#8220;all&#8220; column_element_direction_desktop=&#8220;default&#8220; column_element_spacing=&#8220;default&#8220; desktop_text_alignment=&#8220;default&#8220; tablet_text_alignment=&#8220;default&#8220; phone_text_alignment=&#8220;default&#8220; background_color_opacity=&#8220;1&#8243; background_hover_color_opacity=&#8220;1&#8243; column_backdrop_filter=&#8220;none&#8220; column_shadow=&#8220;none&#8220; column_border_radius=&#8220;none&#8220; column_link_target=&#8220;_self&#8220; overflow=&#8220;visible&#8220; gradient_direction=&#8220;left_to_right&#8220; overlay_strength=&#8220;0.3&#8243; width=&#8220;1\/1&#8243; tablet_width_inherit=&#8220;default&#8220; animation_type=&#8220;default&#8220; enable_animation=&#8220;true&#8220; animation=&#8220;fade-in-from-bottom&#8220; animation_easing=&#8220;default&#8220; bg_image_animation=&#8220;none&#8220; border_type=&#8220;simple&#8220; column_border_width=&#8220;none&#8220; column_border_style=&#8220;solid&#8220;][vc_custom_heading text=&#8220;Nasenkorrektur<br \/>\n&#8220; font_container=&#8220;tag:h1|font_size:40|text_align:left|line_height:50px&#8220; use_theme_fonts=&#8220;yes&#8220;][vc_custom_heading text=&#8220;Rhinoplastik, auch als Nasenkorrektur bekannt, ist ein chirurgischer Eingriff, der durchgef\u00fchrt wird, um die Form der Nase zu ver\u00e4ndern. Diese Operation kann dazu dienen, Deformationen der Nase zu korrigieren, angeborene Defekte zu behandeln, das \u00e4u\u00dfere Erscheinungsbild der Nase zu verbessern oder in einigen F\u00e4llen Atemprobleme zu lindern. In bestimmten Situationen kann eine Rhinoplastik gew\u00e4hlt werden, um sowohl Atemprobleme als auch das Aussehen zu verbessern.<\/p>\n<p>&#8220; font_container=&#8220;tag:p|text_align:left|color:rgba(10%2C10%2C10%2C0.6)&#8220; use_theme_fonts=&#8220;yes&#8220;][\/vc_column_inner][\/vc_row_inner][\/vc_column][vc_column column_padding=&#8220;no-extra-padding&#8220; column_padding_tablet=&#8220;inherit&#8220; column_padding_phone=&#8220;inherit&#8220; column_padding_position=&#8220;all&#8220; column_element_direction_desktop=&#8220;default&#8220; column_element_spacing=&#8220;default&#8220; desktop_text_alignment=&#8220;default&#8220; tablet_text_alignment=&#8220;default&#8220; phone_text_alignment=&#8220;default&#8220; background_color_opacity=&#8220;1&#8243; background_hover_color_opacity=&#8220;1&#8243; column_backdrop_filter=&#8220;none&#8220; column_shadow=&#8220;none&#8220; column_border_radius=&#8220;none&#8220; column_link_target=&#8220;_self&#8220; column_position=&#8220;default&#8220; gradient_direction=&#8220;left_to_right&#8220; overlay_strength=&#8220;0.3&#8243; width=&#8220;1\/2&#8243; tablet_width_inherit=&#8220;default&#8220; animation_type=&#8220;default&#8220; bg_image_animation=&#8220;none&#8220; border_type=&#8220;simple&#8220; column_border_width=&#8220;none&#8220; column_border_style=&#8220;solid&#8220; column_padding_type=&#8220;default&#8220; gradient_type=&#8220;default&#8220;][image_with_animation image_url=&#8220;712&#8243; image_size=&#8220;full&#8220; animation_type=&#8220;entrance&#8220; animation=&#8220;None&#8220; animation_movement_type=&#8220;transform_y&#8220; hover_animation=&#8220;none&#8220; alignment=&#8220;&#8220; border_radius=&#8220;20px&#8220; box_shadow=&#8220;none&#8220; image_loading=&#8220;default&#8220; max_width=&#8220;100%&#8220; max_width_mobile=&#8220;default&#8220;][\/vc_column][\/vc_row][vc_row type=&#8220;full_width_background&#8220; full_screen_row_position=&#8220;middle&#8220; column_margin=&#8220;default&#8220; column_direction=&#8220;default&#8220; column_direction_tablet=&#8220;default&#8220; column_direction_phone=&#8220;default&#8220; bg_color=&#8220;#f7f7f7&#8243; scene_position=&#8220;center&#8220; top_padding=&#8220;100&#8243; bottom_padding=&#8220;100&#8243; text_color=&#8220;dark&#8220; text_align=&#8220;left&#8220; row_border_radius=&#8220;none&#8220; row_border_radius_applies=&#8220;bg&#8220; overflow=&#8220;visible&#8220; overlay_strength=&#8220;0.3&#8243; gradient_direction=&#8220;left_to_right&#8220; shape_divider_position=&#8220;bottom&#8220; bg_image_animation=&#8220;none&#8220;][vc_column column_padding=&#8220;no-extra-padding&#8220; column_padding_tablet=&#8220;inherit&#8220; column_padding_phone=&#8220;inherit&#8220; column_padding_position=&#8220;all&#8220; column_element_direction_desktop=&#8220;default&#8220; column_element_spacing=&#8220;default&#8220; desktop_text_alignment=&#8220;default&#8220; tablet_text_alignment=&#8220;default&#8220; phone_text_alignment=&#8220;default&#8220; background_color_opacity=&#8220;1&#8243; background_hover_color_opacity=&#8220;1&#8243; column_backdrop_filter=&#8220;none&#8220; column_shadow=&#8220;none&#8220; column_border_radius=&#8220;none&#8220; column_link_target=&#8220;_self&#8220; column_position=&#8220;default&#8220; gradient_direction=&#8220;left_to_right&#8220; overlay_strength=&#8220;0.3&#8243; width=&#8220;1\/1&#8243; tablet_width_inherit=&#8220;default&#8220; animation_type=&#8220;default&#8220; bg_image_animation=&#8220;none&#8220; border_type=&#8220;simple&#8220; column_border_width=&#8220;none&#8220; column_border_style=&#8220;solid&#8220;][vc_column_text]\n<h2>H\u00e4ufig gestellte Fragen zur Nasenkorrektur<\/h2>\n[\/vc_column_text][toggles style=&#8220;minimal&#8220;][toggle color=&#8220;Default&#8220; heading_tag=&#8220;default&#8220; heading_tag_functionality=&#8220;default&#8220; title=&#8220;Wie wird eine Nasenkorrektur durchgef\u00fchrt?&#8220;][vc_column_text]Zun\u00e4chst wird ein Plan auf Basis der W\u00fcnsche des Patienten erstellt. Die Erwartungen des Patienten werden diskutiert, und es wird eine Entscheidung \u00fcber die gew\u00fcnschte Form der Nase getroffen. Nach dieser Entscheidung beginnt der Eingriff.<\/p>\n<p>Vor der Operation wird dem Patienten eine Vollnarkose verabreicht. Der Chirurg bestimmt den Ort der Einschnitte basierend auf der bevorzugten Technik f\u00fcr die Rhinoplastik (offen oder geschlossen). Bei der offenen Rhinoplastik wird ein kleiner Schnitt au\u00dferhalb der Nasenl\u00f6cher gemacht, w\u00e4hrend bei der geschlossenen Rhinoplastik Einschnitte innerhalb der Nasenl\u00f6cher erfolgen. Durch diese Einschnitte gelangt der Chirurg an das Nasengewebe. Der Chirurg formt die Nase, indem er Nasenknochen oder Knorpelgewebe schneidet. Am Ende der Operation werden Stiche um die Nase platziert, um die neue Form zu erhalten, und eine Schiene oder ein Gipsverband wird angelegt. Etwa eine Woche sp\u00e4ter werden der Nasenverband und die Stiche entfernt.<\/p>\n[\/vc_column_text][\/toggle][toggle color=&#8220;Default&#8220; heading_tag=&#8220;default&#8220; heading_tag_functionality=&#8220;default&#8220; title=&#8220;Nachsorge einer Nasenkorrektur&#8220;][vc_column_text]Nach einer Nasenoperation werden Patienten in der Regel innerhalb eines Tages entlassen. Patienten, die eine Rhinoplastik hatten, sollten besonders auf ihre Ern\u00e4hrung achten, das Rauchen vermeiden und ihre Nase vor Verletzungen sch\u00fctzen. Um Blutungen und Schwellungen zu reduzieren, ist es wichtig, sich in einer Position auszuruhen, in der der Kopf h\u00f6her als die Brust ist. F\u00fcr mindestens vier Wochen nach der Operation sollten keine Brillen oder Sonnenbrillen Druck auf die Nase aus\u00fcben. Brillen k\u00f6nnen mit Klebeband an der Stirn befestigt werden, bis die Nase verheilt ist. Im Freien, insbesondere auf der Nase, sollte ein Sonnenschutz mit mindestens LSF 30 verwendet werden.<\/p>\n[\/vc_column_text][\/toggle][toggle color=&#8220;Default&#8220; heading_tag=&#8220;default&#8220; heading_tag_functionality=&#8220;default&#8220; title=&#8220;Gibt es eine Altersgrenze f\u00fcr eine Nasenkorrektur?&#8220;][vc_column_text]Das ist korrekt. Rhinoplastik-Eingriffe werden in der Regel nicht f\u00fcr Jugendliche empfohlen, die ihre Entwicklung noch nicht abgeschlossen haben. Obwohl chirurgische Eingriffe in jungen Jahren aus funktionellen Gr\u00fcnden an der Nase durchgef\u00fchrt werden k\u00f6nnen, wird f\u00fcr \u00e4sthetische Rhinoplastik bevorzugt, bis das Alter von 18 Jahren erreicht ist.<\/p>\n[\/vc_column_text][\/toggle][toggle color=&#8220;Default&#8220; heading_tag=&#8220;default&#8220; heading_tag_functionality=&#8220;default&#8220; title=&#8220;Wie lange dauert eine Nasenkorrektur?&#8220;][vc_column_text]Die Dauer einer Rhinoplastik-Operation kann je nach Zustand des Patienten, dem Umfang des Eingriffs und der Erfahrung des Chirurgen variieren. In der Regel dauert die Operation jedoch zwischen 1 und 4 Stunden.<\/p>\n[\/vc_column_text][\/toggle][toggle color=&#8220;Default&#8220; heading_tag=&#8220;default&#8220; heading_tag_functionality=&#8220;default&#8220; title=&#8220;Was ist eine nicht-chirurgische Nasenkorrektur?&#8220;][vc_column_text]Das stimmt. Die nicht-chirurgische Rhinoplastik ist eine Option f\u00fcr Personen mit asymmetrischen Nasen oder einem niedrigen Nasentipp. Bei diesem Verfahren wird nicht in die Nasenknochen eingegriffen. Es wird lediglich die Form des vorderen Teils der Nase mithilfe von F\u00fcllmaterialien ver\u00e4ndert.<\/p>\n[\/vc_column_text][\/toggle][toggle color=&#8220;Default&#8220; heading_tag=&#8220;default&#8220; heading_tag_functionality=&#8220;default&#8220; title=&#8220;Wie lange dauert die Heilung der Nase nach einer Nasenkorrektur?&#8220;][vc_column_text]Das ist korrekt. Die vollst\u00e4ndige Heilungszeit kann von Person zu Person variieren, aber es dauert in der Regel mehrere Monate, um die vollst\u00e4ndigen Ergebnisse einer Rhinoplastik zu sehen. In dieser Zeit ist es wichtig, den Empfehlungen deines Chirurgen zu folgen, um den Heilungsprozess zu unterst\u00fctzen.<\/p>\n[\/vc_column_text][\/toggle][toggle color=&#8220;Default&#8220; heading_tag=&#8220;default&#8220; heading_tag_functionality=&#8220;default&#8220; title=&#8220;Verursacht eine Nasenkorrektur gro\u00dfe Schmerzen?&#8220;][vc_column_text]Das ist korrekt. Der Schmerzempfinden kann von Person zu Person variieren. Patienten mit einer dickeren und komplexeren Nasenstruktur k\u00f6nnen m\u00f6glicherweise mehr Bluterg\u00fcsse und Schwellungen erleben im Vergleich zu denen mit einer eher einfach zu operierenden Nase. Jedoch l\u00f6sen sich in der Regel eventuell auftretende leichte Bluterg\u00fcsse innerhalb einer Woche auf.<\/p>\n[\/vc_column_text][\/toggle][toggle color=&#8220;Default&#8220; heading_tag=&#8220;default&#8220; heading_tag_functionality=&#8220;default&#8220; title=&#8220;Wird Photoshop vor einer Nasenkorrektur verwendet?&#8220;][vc_column_text]Ja, vor einer Rhinoplastik werden in der Regel Fotos von der Nase des Patienten gemacht, und mithilfe von Photoshop oder \u00e4hnlichen Tools werden m\u00f6gliche Anpassungen zur Bestimmung des gew\u00fcnschten Aussehens der Nase vorgenommen. Dies kann dem Chirurgen und dem Patienten helfen, die gew\u00fcnschten Ver\u00e4nderungen und das angestrebte Ergebnis zu visualisieren und zu diskutier<\/p>\n[\/vc_column_text][\/toggle][toggle color=&#8220;Default&#8220; heading_tag=&#8220;default&#8220; heading_tag_functionality=&#8220;default&#8220; title=&#8220;Does Rhinoplasty Change Facial Expression?&#8220;][vc_column_text]Das ist eine treffende Beobachtung. Die Nase befindet sich im Zentrum des Gesichts und spielt eine wichtige Rolle bei der Definition des Gesichtsausdrucks. Ver\u00e4nderungen an der Nase k\u00f6nnen daher den Gesichtsausdruck beeinflussen. Allerdings ist das gesamte Gesicht als einheitliches Ganzes zu betrachten. Daher kann allein eine Rhinoplastik m\u00f6glicherweise nicht dramatisch den gesamten Gesichtsausdruck ver\u00e4ndern.<\/p>\n[\/vc_column_text][\/toggle][toggle color=&#8220;Default&#8220; heading_tag=&#8220;default&#8220; heading_tag_functionality=&#8220;default&#8220; title=&#8220;Was ist eine Revisionsnasenkorrektur?&#8220;][vc_column_text]Nach \u00e4sthetischen Nasenoperationen k\u00f6nnen anatomische Probleme wie Abweichungen und Asymmetrien, funktionelle Probleme wie Nasenverstopfungen sowie F\u00e4lle, in denen die visuellen Ergebnisse nicht den Erwartungen entsprechen, weitere chirurgische Eingriffe erfordern. Diese zus\u00e4tzlichen Operationen werden als &#8222;Revisions&#8220;-Rhinoplastik bezeichnet.<\/p>\n[\/vc_column_text][\/toggle][\/toggles][\/vc_column][\/vc_row]\n","protected":false},"excerpt":{"rendered":"<p>[vc_row type=&#8220;in_container&#8220; full_screen_row_position=&#8220;middle&#8220; column_margin=&#8220;default&#8220; equal_height=&#8220;yes&#8220; content_placement=&#8220;middle&#8220; column_direction=&#8220;default&#8220; column_direction_tablet=&#8220;default&#8220; column_direction_phone=&#8220;default&#8220; bg_color=&#8220;#ffffff&#8220; scene_position=&#8220;center&#8220; text_color=&#8220;dark&#8220; text_align=&#8220;left&#8220; row_border_radius=&#8220;none&#8220; row_border_radius_applies=&#8220;bg&#8220; overflow=&#8220;visible&#8220; overlay_strength=&#8220;0.3&#8243; gradient_direction=&#8220;left_to_right&#8220; shape_divider_position=&#8220;bottom&#8220; bg_image_animation=&#8220;none&#8220; gradient_type=&#8220;default&#8220; shape_type=&#8220;&#8220;][vc_column column_padding=&#8220;padding-5-percent&#8220; column_padding_tablet=&#8220;inherit&#8220; column_padding_phone=&#8220;inherit&#8220; column_padding_position=&#8220;all&#8220; column_element_direction_desktop=&#8220;default&#8220; column_element_spacing=&#8220;default&#8220; desktop_text_alignment=&#8220;default&#8220; tablet_text_alignment=&#8220;default&#8220;&#8230;<\/p>\n","protected":false},"author":2,"featured_media":0,"parent":0,"menu_order":0,"comment_status":"closed","ping_status":"closed","template":"","meta":{"footnotes":""},"class_list":["post-1237","page","type-page","status-publish"],"_links":{"self":[{"href":"https:\/\/qualitylifehealth.com\/de\/wp-json\/wp\/v2\/pages\/1237","targetHints":{"allow":["GET"]}}],"collection":[{"href":"https:\/\/qualitylifehealth.com\/de\/wp-json\/wp\/v2\/pages"}],"about":[{"href":"https:\/\/qualitylifehealth.com\/de\/wp-json\/wp\/v2\/types\/page"}],"author":[{"embeddable":true,"href":"https:\/\/qualitylifehealth.com\/de\/wp-json\/wp\/v2\/users\/2"}],"replies":[{"embeddable":true,"href":"https:\/\/qualitylifehealth.com\/de\/wp-json\/wp\/v2\/comments?post=1237"}],"version-history":[{"count":3,"href":"https:\/\/qualitylifehealth.com\/de\/wp-json\/wp\/v2\/pages\/1237\/revisions"}],"predecessor-version":[{"id":1241,"href":"https:\/\/qualitylifehealth.com\/de\/wp-json\/wp\/v2\/pages\/1237\/revisions\/1241"}],"wp:attachment":[{"href":"https:\/\/qualitylifehealth.com\/de\/wp-json\/wp\/v2\/media?parent=1237"}],"curies":[{"name":"wp","href":"https:\/\/api.w.org\/{rel}","templated":true}]}}