{"id":3255,"date":"2023-11-28T15:33:42","date_gmt":"2023-11-28T12:33:42","guid":{"rendered":"https:\/\/qualitylifehealth.com\/burun-estetigi\/"},"modified":"2024-07-09T14:17:32","modified_gmt":"2024-07-09T11:17:32","slug":"rinoplastia","status":"publish","type":"page","link":"https:\/\/qualitylifehealth.com\/es\/rinoplastia\/","title":{"rendered":"Rinoplastia"},"content":{"rendered":"[vc_row type=\u00bbin_container\u00bb full_screen_row_position=\u00bbmiddle\u00bb column_margin=\u00bbdefault\u00bb equal_height=\u00bbyes\u00bb content_placement=\u00bbmiddle\u00bb column_direction=\u00bbdefault\u00bb column_direction_tablet=\u00bbdefault\u00bb column_direction_phone=\u00bbdefault\u00bb bg_color=\u00bb#ffffff\u00bb scene_position=\u00bbcenter\u00bb text_color=\u00bbdark\u00bb text_align=\u00bbleft\u00bb row_border_radius=\u00bbnone\u00bb row_border_radius_applies=\u00bbbg\u00bb overflow=\u00bbvisible\u00bb overlay_strength=\u00bb0.3&#8243; gradient_direction=\u00bbleft_to_right\u00bb shape_divider_position=\u00bbbottom\u00bb bg_image_animation=\u00bbnone\u00bb gradient_type=\u00bbdefault\u00bb shape_type=\u00bb\u00bb][vc_column column_padding=\u00bbpadding-5-percent\u00bb column_padding_tablet=\u00bbinherit\u00bb column_padding_phone=\u00bbinherit\u00bb column_padding_position=\u00bball\u00bb column_element_direction_desktop=\u00bbdefault\u00bb column_element_spacing=\u00bbdefault\u00bb desktop_text_alignment=\u00bbdefault\u00bb tablet_text_alignment=\u00bbdefault\u00bb phone_text_alignment=\u00bbdefault\u00bb background_color_opacity=\u00bb1&#8243; background_hover_color_opacity=\u00bb1&#8243; column_backdrop_filter=\u00bbnone\u00bb column_shadow=\u00bbnone\u00bb column_border_radius=\u00bbnone\u00bb column_link_target=\u00bb_self\u00bb column_position=\u00bbdefault\u00bb gradient_direction=\u00bbleft_to_right\u00bb overlay_strength=\u00bb0.3&#8243; width=\u00bb1\/2&#8243; tablet_width_inherit=\u00bbdefault\u00bb animation_type=\u00bbdefault\u00bb bg_image_animation=\u00bbnone\u00bb border_type=\u00bbsimple\u00bb column_border_width=\u00bbnone\u00bb column_border_style=\u00bbsolid\u00bb column_padding_type=\u00bbdefault\u00bb gradient_type=\u00bbdefault\u00bb][vc_row_inner column_margin=\u00bbdefault\u00bb column_direction=\u00bbdefault\u00bb column_direction_tablet=\u00bbdefault\u00bb column_direction_phone=\u00bbdefault\u00bb text_align=\u00bbleft\u00bb row_position=\u00bbdefault\u00bb row_position_tablet=\u00bbinherit\u00bb row_position_phone=\u00bbinherit\u00bb overflow=\u00bbvisible\u00bb pointer_events=\u00bball\u00bb][vc_column_inner column_padding=\u00bbno-extra-padding\u00bb column_padding_tablet=\u00bbinherit\u00bb column_padding_phone=\u00bbinherit\u00bb column_padding_position=\u00bball\u00bb column_element_direction_desktop=\u00bbdefault\u00bb column_element_spacing=\u00bbdefault\u00bb desktop_text_alignment=\u00bbdefault\u00bb tablet_text_alignment=\u00bbdefault\u00bb phone_text_alignment=\u00bbdefault\u00bb background_color_opacity=\u00bb1&#8243; background_hover_color_opacity=\u00bb1&#8243; column_backdrop_filter=\u00bbnone\u00bb column_shadow=\u00bbnone\u00bb column_border_radius=\u00bbnone\u00bb column_link_target=\u00bb_self\u00bb overflow=\u00bbvisible\u00bb gradient_direction=\u00bbleft_to_right\u00bb overlay_strength=\u00bb0.3&#8243; width=\u00bb1\/1&#8243; tablet_width_inherit=\u00bbdefault\u00bb animation_type=\u00bbdefault\u00bb enable_animation=\u00bbtrue\u00bb animation=\u00bbfade-in-from-bottom\u00bb animation_easing=\u00bbdefault\u00bb bg_image_animation=\u00bbnone\u00bb border_type=\u00bbsimple\u00bb column_border_width=\u00bbnone\u00bb column_border_style=\u00bbsolid\u00bb][vc_custom_heading text=\u00bbRinoplastia\u00bb font_container=\u00bbtag:h1|font_size:40|text_align:left|line_height:50px\u00bb use_theme_fonts=\u00bbyes\u00bb][vc_custom_heading text=\u00bbLa rinoplastia o rinoplastia es una operaci\u00f3n quir\u00fargica que se realiza para cambiar la forma de la nariz.Esta operaci\u00f3n se puede realizar para corregir deformidades en la nariz,para corregir defectos cong\u00e9nitos, para mejorar el aspecto f\u00edsico de la nariz o para facilitar la respiraci\u00f3n corrigiendo algunas v\u00edas respiratorias problems.In en algunos casos, la rinoplastia puede ser preferida tanto para problemas respiratorios como para mejorar la apariencia.\u00bb font_container=\u00bbtag:p|text_align:left|color:rgba(10%2C10%2C10%2C0.6)\u00bb use_theme_fonts=\u00bbyes\u00bb][\/vc_column_inner][\/vc_row_inner][\/vc_column][vc_column column_padding=\u00bbno-extra-padding\u00bb column_padding_tablet=\u00bbinherit\u00bb column_padding_phone=\u00bbinherit\u00bb column_padding_position=\u00bball\u00bb column_element_direction_desktop=\u00bbdefault\u00bb column_element_spacing=\u00bbdefault\u00bb desktop_text_alignment=\u00bbdefault\u00bb tablet_text_alignment=\u00bbdefault\u00bb phone_text_alignment=\u00bbdefault\u00bb background_color_opacity=\u00bb1&#8243; background_hover_color_opacity=\u00bb1&#8243; column_backdrop_filter=\u00bbnone\u00bb column_shadow=\u00bbnone\u00bb column_border_radius=\u00bbnone\u00bb column_link_target=\u00bb_self\u00bb column_position=\u00bbdefault\u00bb gradient_direction=\u00bbleft_to_right\u00bb overlay_strength=\u00bb0.3&#8243; width=\u00bb1\/2&#8243; tablet_width_inherit=\u00bbdefault\u00bb animation_type=\u00bbdefault\u00bb bg_image_animation=\u00bbnone\u00bb border_type=\u00bbsimple\u00bb column_border_width=\u00bbnone\u00bb column_border_style=\u00bbsolid\u00bb column_padding_type=\u00bbdefault\u00bb gradient_type=\u00bbdefault\u00bb][image_with_animation image_url=\u00bb712&#8243; image_size=\u00bbfull\u00bb animation_type=\u00bbentrance\u00bb animation=\u00bbNone\u00bb animation_movement_type=\u00bbtransform_y\u00bb hover_animation=\u00bbnone\u00bb alignment=\u00bb\u00bb border_radius=\u00bb20px\u00bb box_shadow=\u00bbnone\u00bb image_loading=\u00bbdefault\u00bb max_width=\u00bb100%\u00bb max_width_mobile=\u00bbdefault\u00bb][\/vc_column][\/vc_row][vc_row type=\u00bbfull_width_background\u00bb full_screen_row_position=\u00bbmiddle\u00bb column_margin=\u00bbdefault\u00bb column_direction=\u00bbdefault\u00bb column_direction_tablet=\u00bbdefault\u00bb column_direction_phone=\u00bbdefault\u00bb bg_color=\u00bb#f7f7f7&#8243; scene_position=\u00bbcenter\u00bb top_padding=\u00bb100&#8243; bottom_padding=\u00bb100&#8243; text_color=\u00bbdark\u00bb text_align=\u00bbleft\u00bb row_border_radius=\u00bbnone\u00bb row_border_radius_applies=\u00bbbg\u00bb overflow=\u00bbvisible\u00bb overlay_strength=\u00bb0.3&#8243; gradient_direction=\u00bbleft_to_right\u00bb shape_divider_position=\u00bbbottom\u00bb bg_image_animation=\u00bbnone\u00bb][vc_column column_padding=\u00bbno-extra-padding\u00bb column_padding_tablet=\u00bbinherit\u00bb column_padding_phone=\u00bbinherit\u00bb column_padding_position=\u00bball\u00bb column_element_direction_desktop=\u00bbdefault\u00bb column_element_spacing=\u00bbdefault\u00bb desktop_text_alignment=\u00bbdefault\u00bb tablet_text_alignment=\u00bbdefault\u00bb phone_text_alignment=\u00bbdefault\u00bb background_color_opacity=\u00bb1&#8243; background_hover_color_opacity=\u00bb1&#8243; column_backdrop_filter=\u00bbnone\u00bb column_shadow=\u00bbnone\u00bb column_border_radius=\u00bbnone\u00bb column_link_target=\u00bb_self\u00bb column_position=\u00bbdefault\u00bb gradient_direction=\u00bbleft_to_right\u00bb overlay_strength=\u00bb0.3&#8243; width=\u00bb1\/1&#8243; tablet_width_inherit=\u00bbdefault\u00bb animation_type=\u00bbdefault\u00bb bg_image_animation=\u00bbnone\u00bb border_type=\u00bbsimple\u00bb column_border_width=\u00bbnone\u00bb column_border_style=\u00bbsolid\u00bb][vc_column_text]\n<h2>Preguntas Frecuentes Sobre La Rinoplastia<\/h2>\n[\/vc_column_text][toggles style=\u00bbminimal\u00bb][toggle color=\u00bbDefault\u00bb heading_tag=\u00bbdefault\u00bb heading_tag_functionality=\u00bbdefault\u00bb title=\u00bb\u00bfC\u00f3mo se Realiza la Rinoplastia?\u00bb][vc_column_text]En primer lugar, se realiza una planificaci\u00f3n de acuerdo con los deseos del paciente. Se discuten las expectativas del paciente y se decide la forma de la nariz a realizar. Una vez tomada la decisi\u00f3n, comienzan los procedimientos.<\/p>\n<p>Antes de la operaci\u00f3n, se aplica anestesia general al paciente. El cirujano determina la posici\u00f3n de las incisiones de acuerdo con la t\u00e9cnica preferida para la cirug\u00eda de rinoplastia(rinoplastia abierta o rinoplastia cerrada). En el m\u00e9todo de rinoplastia abierta, se realiza una peque\u00f1a incisi\u00f3n fuera de las fosas nasales, mientras que en el m\u00e9todo de rinoplastia cerrada, las incisiones se realizan a trav\u00e9s de las fosas nasales.<br \/>\nSe accede al tejido nasal a trav\u00e9s de estas incisiones. El cirujano remodela los huesos nasales o el tejido cartilaginoso cortando it.At al final de la cirug\u00eda, se colocan puntos alrededor de la nariz y se aplica un yeso o f\u00e9rula para mantener la nueva forma de la nariz.Despu\u00e9s de aproximadamente una semana, se retiran el yeso nasal y los puntos de sutura.[\/vc_column_text][\/toggle][toggle color=\u00bbDefault\u00bb heading_tag=\u00bbdefault\u00bb heading_tag_functionality=\u00bbdefault\u00bb title=\u00bbCosas a Considerar Despu\u00e9s de La Rinoplastia\u00bb][vc_column_text]Despu\u00e9s de la operaci\u00f3n de nariz, los pacientes son dados de alta dentro de 1 d\u00eda. Los pacientes con rinoplastia deben prestar la m\u00e1xima atenci\u00f3n a su nutrici\u00f3n, no deben fumar y deben proteger su nariz de golpes. Despu\u00e9s de la rinoplastia, es necesario descansar acostado en una posici\u00f3n donde la cabeza est\u00e9 m\u00e1s alta que el pecho para reducir el sangrado y la hinchaz\u00f3n. Los anteojos o gafas de sol no deben apoyarse sobre la nariz durante al menos cuatro semanas despu\u00e9s de la cirug\u00eda. Los anteojos se pueden usar peg\u00e1ndolos con cinta adhesiva en la frente hasta que sane la nariz.Se debe usar protector solar con un factor de 30 en el exterior, especialmente en la nariz.[\/vc_column_text][\/toggle][toggle color=\u00bbDefault\u00bb heading_tag=\u00bbdefault\u00bb heading_tag_functionality=\u00bbdefault\u00bb title=\u00bb\u00bfHay un L\u00edmite de Edad para la Rinoplastia?\u00bb][vc_column_text]La cirug\u00eda de rinoplastia no es preferida para personas adolescentes que no han completado su desarrollo. La cirug\u00eda se puede realizar a una edad temprana para trastornos en la funci\u00f3n nasal, pero es preferible esperar hasta los 18 a\u00f1os para que se realicen cirug\u00edas con fines est\u00e9ticos.[\/vc_column_text][\/toggle][toggle color=\u00bbDefault\u00bb heading_tag=\u00bbdefault\u00bb heading_tag_functionality=\u00bbdefault\u00bb title=\u00bb\u00bfCu\u00e1nto Dura La Cirug\u00eda De Rinoplastia?\u00bb][vc_column_text]La duraci\u00f3n de la cirug\u00eda de rinoplastia puede variar seg\u00fan la condici\u00f3n del paciente, el alcance de la operaci\u00f3n y la experiencia del cirujano.Pero la duraci\u00f3n promedio de la operaci\u00f3n es de entre 1 y 4 horas. Dic.[\/vc_column_text][\/toggle][toggle color=\u00bbDefault\u00bb heading_tag=\u00bbdefault\u00bb heading_tag_functionality=\u00bbdefault\u00bb title=\u00bb\u00bfQu\u00e9 es la Rinoplastia no quir\u00fargica?\u00bb][vc_column_text]La rinoplastia no quir\u00fargica es una opci\u00f3n de rinoplastia aplicada a personas que tienen nariz asim\u00e9trica. Adem\u00e1s, las personas con la punta de la nariz baja tambi\u00e9n pueden preferir este m\u00e9todo. En la est\u00e9tica de la punta nasal, no se realiza ninguna intervenci\u00f3n en el hueso nasal. En el procedimiento, solo se cambia la forma de la parte frontal de la nariz.Este proceso se realiza con materiales de relleno.[\/vc_column_text][\/toggle][toggle color=\u00bbDefault\u00bb heading_tag=\u00bbdefault\u00bb heading_tag_functionality=\u00bbdefault\u00bb title=\u00bb\u00bfCu\u00e1ntos D\u00edas Sana la Nariz Despu\u00e9s De la Cirug\u00eda De Rinoplastia?\u00bb][vc_column_text]Aunque el tiempo exacto de recuperaci\u00f3n var\u00eda de persona a persona, generalmente toma varios meses.Es necesario tiempo para que se vean los resultados completos de la cirug\u00eda de rinoplastia. Prestar atenci\u00f3n a las recomendaciones de su cirujano durante este per\u00edodo es muy importante para el proceso de curaci\u00f3n.[\/vc_column_text][\/toggle][toggle color=\u00bbDefault\u00bb heading_tag=\u00bbdefault\u00bb heading_tag_functionality=\u00bbdefault\u00bb title=\u00bb\u00bfHay Mucho Dolor Despu\u00e9s de la Rinoplastia?\u00bb][vc_column_text]El dolor puede variar de persona a persona.Los moretones son relativamente m\u00e1s comunes en pacientes con una estructura nasal gruesa y desafiante que en aquellos con una estructura nasal f\u00e1cil. Incluso si una persona tiene algunos moretones peque\u00f1os, esta afecci\u00f3n generalmente se resuelve por s\u00ed sola en una semana.[\/vc_column_text][\/toggle][toggle color=\u00bbDefault\u00bb heading_tag=\u00bbdefault\u00bb heading_tag_functionality=\u00bbdefault\u00bb title=\u00bb\u00bfSe Usa Photoshop Antes De La Cirug\u00eda De Nariz?\u00bb][vc_column_text]Durante el examen previo a la cirug\u00eda de nariz, se toman fotograf\u00edas de la nariz del paciente y se realizan ediciones de Photoshop con las ideas del paciente.Por lo tanto, el paciente decide qu\u00e9 tipo de apariencia de nariz quiere tener.[\/vc_column_text][\/toggle][toggle color=\u00bbDefault\u00bb heading_tag=\u00bbdefault\u00bb heading_tag_functionality=\u00bbdefault\u00bb title=\u00bb\u00bfLa Rinoplastia Cambia La Expresi\u00f3n Facial?\u00bb][vc_column_text]Dado que la nariz se encuentra justo en el medio de la cara, determina la expresi\u00f3n de nuestro rostro. Por lo tanto, los cambios en la nariz pueden cambiar la expresi\u00f3n facial .Sin embargo, toda la cara es un todo, por lo que la rinoplastia no cambia la expresi\u00f3n de toda la cara.[\/vc_column_text][\/toggle][toggle color=\u00bbDefault\u00bb heading_tag=\u00bbdefault\u00bb heading_tag_functionality=\u00bbdefault\u00bb title=\u00bb\u00bfQu\u00e9 es la Rinoplastia de Revisi\u00f3n ?\u00bb][vc_column_text]Despu\u00e9s de cirug\u00edas est\u00e9ticas de nariz, pueden ocurrir problemas anat\u00f3micos como flexi\u00f3n de la nariz, asimetr\u00eda, problemas funcionales como congesti\u00f3n nasal. Adem\u00e1s, la segunda o m\u00e1s intervenciones quir\u00fargicas realizadas en los casos en que el resultado visual formado despu\u00e9s de la cirug\u00eda no es de la manera deseada se denominan rinoplastia de \u00abrevisi\u00f3n\u00bb.[\/vc_column_text][\/toggle][\/toggles][\/vc_column][\/vc_row]\n","protected":false},"excerpt":{"rendered":"<p>[vc_row type=\u00bbin_container\u00bb full_screen_row_position=\u00bbmiddle\u00bb column_margin=\u00bbdefault\u00bb equal_height=\u00bbyes\u00bb content_placement=\u00bbmiddle\u00bb column_direction=\u00bbdefault\u00bb column_direction_tablet=\u00bbdefault\u00bb column_direction_phone=\u00bbdefault\u00bb bg_color=\u00bb#ffffff\u00bb scene_position=\u00bbcenter\u00bb text_color=\u00bbdark\u00bb text_align=\u00bbleft\u00bb row_border_radius=\u00bbnone\u00bb row_border_radius_applies=\u00bbbg\u00bb overflow=\u00bbvisible\u00bb overlay_strength=\u00bb0.3&#8243; gradient_direction=\u00bbleft_to_right\u00bb shape_divider_position=\u00bbbottom\u00bb bg_image_animation=\u00bbnone\u00bb gradient_type=\u00bbdefault\u00bb shape_type=\u00bb\u00bb][vc_column column_padding=\u00bbpadding-5-percent\u00bb column_padding_tablet=\u00bbinherit\u00bb column_padding_phone=\u00bbinherit\u00bb column_padding_position=\u00bball\u00bb column_element_direction_desktop=\u00bbdefault\u00bb column_element_spacing=\u00bbdefault\u00bb desktop_text_alignment=\u00bbdefault\u00bb tablet_text_alignment=\u00bbdefault\u00bb&#8230;<\/p>\n","protected":false},"author":2,"featured_media":0,"parent":0,"menu_order":0,"comment_status":"closed","ping_status":"closed","template":"","meta":{"footnotes":""},"class_list":["post-3255","page","type-page","status-publish"],"_links":{"self":[{"href":"https:\/\/qualitylifehealth.com\/es\/wp-json\/wp\/v2\/pages\/3255","targetHints":{"allow":["GET"]}}],"collection":[{"href":"https:\/\/qualitylifehealth.com\/es\/wp-json\/wp\/v2\/pages"}],"about":[{"href":"https:\/\/qualitylifehealth.com\/es\/wp-json\/wp\/v2\/types\/page"}],"author":[{"embeddable":true,"href":"https:\/\/qualitylifehealth.com\/es\/wp-json\/wp\/v2\/users\/2"}],"replies":[{"embeddable":true,"href":"https:\/\/qualitylifehealth.com\/es\/wp-json\/wp\/v2\/comments?post=3255"}],"version-history":[{"count":3,"href":"https:\/\/qualitylifehealth.com\/es\/wp-json\/wp\/v2\/pages\/3255\/revisions"}],"predecessor-version":[{"id":3259,"href":"https:\/\/qualitylifehealth.com\/es\/wp-json\/wp\/v2\/pages\/3255\/revisions\/3259"}],"wp:attachment":[{"href":"https:\/\/qualitylifehealth.com\/es\/wp-json\/wp\/v2\/media?parent=3255"}],"curies":[{"name":"wp","href":"https:\/\/api.w.org\/{rel}","templated":true}]}}