{"id":2318,"date":"2023-11-28T15:33:42","date_gmt":"2023-11-28T12:33:42","guid":{"rendered":"https:\/\/qualitylifehealth.com\/burun-estetigi\/"},"modified":"2024-04-21T15:07:20","modified_gmt":"2024-04-21T12:07:20","slug":"rhinoplastie","status":"publish","type":"page","link":"https:\/\/qualitylifehealth.com\/fr\/rhinoplastie\/","title":{"rendered":"Rhinoplastie"},"content":{"rendered":"[vc_row type=\u00a0\u00bbin_container\u00a0\u00bb full_screen_row_position=\u00a0\u00bbmiddle\u00a0\u00bb column_margin=\u00a0\u00bbdefault\u00a0\u00bb equal_height=\u00a0\u00bbyes\u00a0\u00bb content_placement=\u00a0\u00bbmiddle\u00a0\u00bb column_direction=\u00a0\u00bbdefault\u00a0\u00bb column_direction_tablet=\u00a0\u00bbdefault\u00a0\u00bb column_direction_phone=\u00a0\u00bbdefault\u00a0\u00bb bg_color=\u00a0\u00bb#ffffff\u00a0\u00bb scene_position=\u00a0\u00bbcenter\u00a0\u00bb text_color=\u00a0\u00bbdark\u00a0\u00bb text_align=\u00a0\u00bbleft\u00a0\u00bb row_border_radius=\u00a0\u00bbnone\u00a0\u00bb row_border_radius_applies=\u00a0\u00bbbg\u00a0\u00bb overflow=\u00a0\u00bbvisible\u00a0\u00bb overlay_strength=\u00a0\u00bb0.3&Prime; gradient_direction=\u00a0\u00bbleft_to_right\u00a0\u00bb shape_divider_position=\u00a0\u00bbbottom\u00a0\u00bb bg_image_animation=\u00a0\u00bbnone\u00a0\u00bb gradient_type=\u00a0\u00bbdefault\u00a0\u00bb shape_type=\u00a0\u00bb\u00a0\u00bb][vc_column column_padding=\u00a0\u00bbpadding-5-percent\u00a0\u00bb column_padding_tablet=\u00a0\u00bbinherit\u00a0\u00bb column_padding_phone=\u00a0\u00bbinherit\u00a0\u00bb column_padding_position=\u00a0\u00bball\u00a0\u00bb column_element_direction_desktop=\u00a0\u00bbdefault\u00a0\u00bb column_element_spacing=\u00a0\u00bbdefault\u00a0\u00bb desktop_text_alignment=\u00a0\u00bbdefault\u00a0\u00bb tablet_text_alignment=\u00a0\u00bbdefault\u00a0\u00bb phone_text_alignment=\u00a0\u00bbdefault\u00a0\u00bb background_color_opacity=\u00a0\u00bb1&Prime; background_hover_color_opacity=\u00a0\u00bb1&Prime; column_backdrop_filter=\u00a0\u00bbnone\u00a0\u00bb column_shadow=\u00a0\u00bbnone\u00a0\u00bb column_border_radius=\u00a0\u00bbnone\u00a0\u00bb column_link_target=\u00a0\u00bb_self\u00a0\u00bb column_position=\u00a0\u00bbdefault\u00a0\u00bb gradient_direction=\u00a0\u00bbleft_to_right\u00a0\u00bb overlay_strength=\u00a0\u00bb0.3&Prime; width=\u00a0\u00bb1\/2&Prime; tablet_width_inherit=\u00a0\u00bbdefault\u00a0\u00bb animation_type=\u00a0\u00bbdefault\u00a0\u00bb bg_image_animation=\u00a0\u00bbnone\u00a0\u00bb border_type=\u00a0\u00bbsimple\u00a0\u00bb column_border_width=\u00a0\u00bbnone\u00a0\u00bb column_border_style=\u00a0\u00bbsolid\u00a0\u00bb column_padding_type=\u00a0\u00bbdefault\u00a0\u00bb gradient_type=\u00a0\u00bbdefault\u00a0\u00bb][vc_row_inner column_margin=\u00a0\u00bbdefault\u00a0\u00bb column_direction=\u00a0\u00bbdefault\u00a0\u00bb column_direction_tablet=\u00a0\u00bbdefault\u00a0\u00bb column_direction_phone=\u00a0\u00bbdefault\u00a0\u00bb text_align=\u00a0\u00bbleft\u00a0\u00bb row_position=\u00a0\u00bbdefault\u00a0\u00bb row_position_tablet=\u00a0\u00bbinherit\u00a0\u00bb row_position_phone=\u00a0\u00bbinherit\u00a0\u00bb overflow=\u00a0\u00bbvisible\u00a0\u00bb pointer_events=\u00a0\u00bball\u00a0\u00bb][vc_column_inner column_padding=\u00a0\u00bbno-extra-padding\u00a0\u00bb column_padding_tablet=\u00a0\u00bbinherit\u00a0\u00bb column_padding_phone=\u00a0\u00bbinherit\u00a0\u00bb column_padding_position=\u00a0\u00bball\u00a0\u00bb column_element_direction_desktop=\u00a0\u00bbdefault\u00a0\u00bb column_element_spacing=\u00a0\u00bbdefault\u00a0\u00bb desktop_text_alignment=\u00a0\u00bbdefault\u00a0\u00bb tablet_text_alignment=\u00a0\u00bbdefault\u00a0\u00bb phone_text_alignment=\u00a0\u00bbdefault\u00a0\u00bb background_color_opacity=\u00a0\u00bb1&Prime; background_hover_color_opacity=\u00a0\u00bb1&Prime; column_backdrop_filter=\u00a0\u00bbnone\u00a0\u00bb column_shadow=\u00a0\u00bbnone\u00a0\u00bb column_border_radius=\u00a0\u00bbnone\u00a0\u00bb column_link_target=\u00a0\u00bb_self\u00a0\u00bb overflow=\u00a0\u00bbvisible\u00a0\u00bb gradient_direction=\u00a0\u00bbleft_to_right\u00a0\u00bb overlay_strength=\u00a0\u00bb0.3&Prime; width=\u00a0\u00bb1\/1&Prime; tablet_width_inherit=\u00a0\u00bbdefault\u00a0\u00bb animation_type=\u00a0\u00bbdefault\u00a0\u00bb enable_animation=\u00a0\u00bbtrue\u00a0\u00bb animation=\u00a0\u00bbfade-in-from-bottom\u00a0\u00bb animation_easing=\u00a0\u00bbdefault\u00a0\u00bb bg_image_animation=\u00a0\u00bbnone\u00a0\u00bb border_type=\u00a0\u00bbsimple\u00a0\u00bb column_border_width=\u00a0\u00bbnone\u00a0\u00bb column_border_style=\u00a0\u00bbsolid\u00a0\u00bb][vc_custom_heading text=\u00a0\u00bbRhinoplastie\u00a0\u00bb font_container=\u00a0\u00bbtag:h1|font_size:40|text_align:left|line_height:50px\u00a0\u00bb use_theme_fonts=\u00a0\u00bbyes\u00a0\u00bb][vc_custom_heading text=\u00a0\u00bbLa rhinoplastie, \u00e9galement appel\u00e9e chirurgie du nez, est une op\u00e9ration chirurgicale visant \u00e0 modifier la forme du nez. Cette op\u00e9ration peut \u00eatre r\u00e9alis\u00e9e pour corriger les d\u00e9formations du nez, corriger les d\u00e9fauts cong\u00e9nitaux, am\u00e9liorer l&rsquo;apparence physique du nez ou faciliter la respiration en corrigeant certains probl\u00e8mes respiratoires. Dans certains cas, la rhinoplastie peut \u00eatre pr\u00e9f\u00e9r\u00e9e pour corriger \u00e0 la fois les probl\u00e8mes respiratoires et l&rsquo;apparence.\u00a0\u00bb font_container=\u00a0\u00bbtag:p|text_align:left|color:rgba(10%2C10%2C10%2C0.6)\u00a0\u00bb use_theme_fonts=\u00a0\u00bbyes\u00a0\u00bb][\/vc_column_inner][\/vc_row_inner][\/vc_column][vc_column column_padding=\u00a0\u00bbno-extra-padding\u00a0\u00bb column_padding_tablet=\u00a0\u00bbinherit\u00a0\u00bb column_padding_phone=\u00a0\u00bbinherit\u00a0\u00bb column_padding_position=\u00a0\u00bball\u00a0\u00bb column_element_direction_desktop=\u00a0\u00bbdefault\u00a0\u00bb column_element_spacing=\u00a0\u00bbdefault\u00a0\u00bb desktop_text_alignment=\u00a0\u00bbdefault\u00a0\u00bb tablet_text_alignment=\u00a0\u00bbdefault\u00a0\u00bb phone_text_alignment=\u00a0\u00bbdefault\u00a0\u00bb background_color_opacity=\u00a0\u00bb1&Prime; background_hover_color_opacity=\u00a0\u00bb1&Prime; column_backdrop_filter=\u00a0\u00bbnone\u00a0\u00bb column_shadow=\u00a0\u00bbnone\u00a0\u00bb column_border_radius=\u00a0\u00bbnone\u00a0\u00bb column_link_target=\u00a0\u00bb_self\u00a0\u00bb column_position=\u00a0\u00bbdefault\u00a0\u00bb gradient_direction=\u00a0\u00bbleft_to_right\u00a0\u00bb overlay_strength=\u00a0\u00bb0.3&Prime; width=\u00a0\u00bb1\/2&Prime; tablet_width_inherit=\u00a0\u00bbdefault\u00a0\u00bb animation_type=\u00a0\u00bbdefault\u00a0\u00bb bg_image_animation=\u00a0\u00bbnone\u00a0\u00bb border_type=\u00a0\u00bbsimple\u00a0\u00bb column_border_width=\u00a0\u00bbnone\u00a0\u00bb column_border_style=\u00a0\u00bbsolid\u00a0\u00bb column_padding_type=\u00a0\u00bbdefault\u00a0\u00bb gradient_type=\u00a0\u00bbdefault\u00a0\u00bb][image_with_animation image_url=\u00a0\u00bb712&Prime; image_size=\u00a0\u00bbfull\u00a0\u00bb animation_type=\u00a0\u00bbentrance\u00a0\u00bb animation=\u00a0\u00bbNone\u00a0\u00bb animation_movement_type=\u00a0\u00bbtransform_y\u00a0\u00bb hover_animation=\u00a0\u00bbnone\u00a0\u00bb alignment=\u00a0\u00bb\u00a0\u00bb border_radius=\u00a0\u00bb20px\u00a0\u00bb box_shadow=\u00a0\u00bbnone\u00a0\u00bb image_loading=\u00a0\u00bbdefault\u00a0\u00bb max_width=\u00a0\u00bb100%\u00a0\u00bb max_width_mobile=\u00a0\u00bbdefault\u00a0\u00bb][\/vc_column][\/vc_row][vc_row type=\u00a0\u00bbfull_width_background\u00a0\u00bb full_screen_row_position=\u00a0\u00bbmiddle\u00a0\u00bb column_margin=\u00a0\u00bbdefault\u00a0\u00bb column_direction=\u00a0\u00bbdefault\u00a0\u00bb column_direction_tablet=\u00a0\u00bbdefault\u00a0\u00bb column_direction_phone=\u00a0\u00bbdefault\u00a0\u00bb bg_color=\u00a0\u00bb#f7f7f7&Prime; scene_position=\u00a0\u00bbcenter\u00a0\u00bb top_padding=\u00a0\u00bb100&Prime; bottom_padding=\u00a0\u00bb100&Prime; text_color=\u00a0\u00bbdark\u00a0\u00bb text_align=\u00a0\u00bbleft\u00a0\u00bb row_border_radius=\u00a0\u00bbnone\u00a0\u00bb row_border_radius_applies=\u00a0\u00bbbg\u00a0\u00bb overflow=\u00a0\u00bbvisible\u00a0\u00bb overlay_strength=\u00a0\u00bb0.3&Prime; gradient_direction=\u00a0\u00bbleft_to_right\u00a0\u00bb shape_divider_position=\u00a0\u00bbbottom\u00a0\u00bb bg_image_animation=\u00a0\u00bbnone\u00a0\u00bb][vc_column column_padding=\u00a0\u00bbno-extra-padding\u00a0\u00bb column_padding_tablet=\u00a0\u00bbinherit\u00a0\u00bb column_padding_phone=\u00a0\u00bbinherit\u00a0\u00bb column_padding_position=\u00a0\u00bball\u00a0\u00bb column_element_direction_desktop=\u00a0\u00bbdefault\u00a0\u00bb column_element_spacing=\u00a0\u00bbdefault\u00a0\u00bb desktop_text_alignment=\u00a0\u00bbdefault\u00a0\u00bb tablet_text_alignment=\u00a0\u00bbdefault\u00a0\u00bb phone_text_alignment=\u00a0\u00bbdefault\u00a0\u00bb background_color_opacity=\u00a0\u00bb1&Prime; background_hover_color_opacity=\u00a0\u00bb1&Prime; column_backdrop_filter=\u00a0\u00bbnone\u00a0\u00bb column_shadow=\u00a0\u00bbnone\u00a0\u00bb column_border_radius=\u00a0\u00bbnone\u00a0\u00bb column_link_target=\u00a0\u00bb_self\u00a0\u00bb column_position=\u00a0\u00bbdefault\u00a0\u00bb gradient_direction=\u00a0\u00bbleft_to_right\u00a0\u00bb overlay_strength=\u00a0\u00bb0.3&Prime; width=\u00a0\u00bb1\/1&Prime; tablet_width_inherit=\u00a0\u00bbdefault\u00a0\u00bb animation_type=\u00a0\u00bbdefault\u00a0\u00bb bg_image_animation=\u00a0\u00bbnone\u00a0\u00bb border_type=\u00a0\u00bbsimple\u00a0\u00bb column_border_width=\u00a0\u00bbnone\u00a0\u00bb column_border_style=\u00a0\u00bbsolid\u00a0\u00bb][vc_column_text]\n<h2>Fr\u00e9quemment Pos\u00e9es Questions sur la Rhinoplastie<\/h2>\n[\/vc_column_text][toggles style=\u00a0\u00bbminimal\u00a0\u00bb][toggle color=\u00a0\u00bbDefault\u00a0\u00bb heading_tag=\u00a0\u00bbdefault\u00a0\u00bb heading_tag_functionality=\u00a0\u00bbdefault\u00a0\u00bb title=\u00a0\u00bbComment se d\u00e9roule la Rhinoplastie?\u00a0\u00bb][vc_column_text]Tout d&rsquo;abord, un plan est \u00e9tabli en fonction des souhaits du patient. Les attentes du patient sont discut\u00e9es et la forme du nez \u00e0 op\u00e9rer est d\u00e9cid\u00e9e. Une fois la d\u00e9cision prise, les proc\u00e9dures commencent.<br \/>\nAvant l&rsquo;op\u00e9ration, une anesth\u00e9sie g\u00e9n\u00e9rale est administr\u00e9e au patient. Le chirurgien d\u00e9termine l&#8217;emplacement des incisions en fonction de la technique pr\u00e9f\u00e9r\u00e9e pour la rhinoplastie (rhinoplastie ouverte ou rhinoplastie ferm\u00e9e). Avec la rhinoplastie ouverte, une petite incision est pratiqu\u00e9e \u00e0 l&rsquo;ext\u00e9rieur des narines ; avec la rhinoplastie ferm\u00e9e, des incisions sont r\u00e9alis\u00e9es \u00e0 l&rsquo;int\u00e9rieur des narines.<br \/>\n\u00c0 travers ces incisions, le chirurgien acc\u00e8de aux tissus du nez. Le chirurgien remodelle ensuite les os du nez ou le cartilage en les coupant. \u00c0 la fin de l&rsquo;op\u00e9ration, des points de suture sont plac\u00e9s autour du nez pour maintenir la nouvelle forme du nez, et un pl\u00e2tre ou un bandage est appliqu\u00e9. Environ une semaine plus tard, le pl\u00e2tre et les points de suture sont retir\u00e9s.[\/vc_column_text][\/toggle][toggle color=\u00a0\u00bbDefault\u00a0\u00bb heading_tag=\u00a0\u00bbdefault\u00a0\u00bb heading_tag_functionality=\u00a0\u00bbdefault\u00a0\u00bb title=\u00a0\u00bbQue faut-il faire apr\u00e8s une Rhinoplastie?\u00a0\u00bb][vc_column_text]Les patients subissant une op\u00e9ration de rhinoplastie sont g\u00e9n\u00e9ralement autoris\u00e9s \u00e0 quitter l&rsquo;h\u00f4pital dans un d\u00e9lai d&rsquo;un jour. Les patients ayant subi une rhinoplastie doivent faire tr\u00e8s attention \u00e0 leur alimentation, ne pas fumer et prot\u00e9ger leur nez contre les chocs. Pour r\u00e9duire les saignements et les gonflements apr\u00e8s une rhinoplastie, il est conseill\u00e9 de se reposer en position allong\u00e9e avec la t\u00eate plus \u00e9lev\u00e9e que le corps. Pendant au moins quatre semaines apr\u00e8s l&rsquo;op\u00e9ration, les lunettes ou les lunettes de soleil ne doivent pas appuyer sur le nez. Les lunettes peuvent \u00eatre port\u00e9es en bandant le nez jusqu&rsquo;\u00e0 ce que le nez gu\u00e9risse compl\u00e8tement. \u00c0 l&rsquo;ext\u00e9rieur, en particulier sur le nez, il est recommand\u00e9 d&rsquo;utiliser une cr\u00e8me solaire avec un indice de protection solaire de 30.<br \/>\n[\/vc_column_text][\/toggle][toggle color=\u00a0\u00bbDefault\u00a0\u00bb heading_tag=\u00a0\u00bbdefault\u00a0\u00bb heading_tag_functionality=\u00a0\u00bbdefault\u00a0\u00bb title=\u00a0\u00bbY a-t-il une limite d&rsquo;\u00e2ge pour la Rhinoplastie?\u00a0\u00bb][vc_column_text]La rhinoplastie n&rsquo;est g\u00e9n\u00e9ralement pas recommand\u00e9e chez les adolescents dont le d\u00e9veloppement n&rsquo;est pas complet. Les chirurgies du nez peuvent \u00eatre r\u00e9alis\u00e9es \u00e0 un jeune \u00e2ge pour corriger les probl\u00e8mes de fonction nasale, mais il est pr\u00e9f\u00e9rable d&rsquo;attendre l&rsquo;\u00e2ge de 18 ans pour les op\u00e9rations esth\u00e9tiques.<br \/>\n[\/vc_column_text][\/toggle][toggle color=\u00a0\u00bbDefault\u00a0\u00bb heading_tag=\u00a0\u00bbdefault\u00a0\u00bb heading_tag_functionality=\u00a0\u00bbdefault\u00a0\u00bb title=\u00a0\u00bbCombien de temps dure une Rhinoplastie?\u00a0\u00bb][vc_column_text]La dur\u00e9e d&rsquo;une op\u00e9ration de rhinoplastie peut varier en fonction de l&rsquo;\u00e9tat du patient, de l&rsquo;\u00e9tendue de l&rsquo;op\u00e9ration et de l&rsquo;exp\u00e9rience du chirurgien. Cependant, l&rsquo;op\u00e9ration dure g\u00e9n\u00e9ralement entre 1 et 4 heures.<br \/>\n[\/vc_column_text][\/toggle][toggle color=\u00a0\u00bbDefault\u00a0\u00bb heading_tag=\u00a0\u00bbdefault\u00a0\u00bb heading_tag_functionality=\u00a0\u00bbdefault\u00a0\u00bb title=\u00a0\u00bbQu&rsquo;est-ce que la Rhinoplastie sans chirurgie?\u00a0\u00bb][vc_column_text]La rhinoplastie sans chirurgie est une option de chirurgie nasale pour les personnes ayant un nez asym\u00e9trique. De plus, les personnes ayant un bout de nez bas peuvent choisir cette m\u00e9thode. Dans la rhinoplastie nasale, aucun tissu nasal n&rsquo;est touch\u00e9. Seule la forme de la partie avant du nez est modifi\u00e9e. Cette proc\u00e9dure est r\u00e9alis\u00e9e avec des charges.<br \/>\n[\/vc_column_text][\/toggle][toggle color=\u00a0\u00bbDefault\u00a0\u00bb heading_tag=\u00a0\u00bbdefault\u00a0\u00bb heading_tag_functionality=\u00a0\u00bbdefault\u00a0\u00bb title=\u00a0\u00bbCombien de temps faut-il pour que le nez gu\u00e9risse apr\u00e8s une Rhinoplastie?\u00a0\u00bb][vc_column_text]La p\u00e9riode de gu\u00e9rison compl\u00e8te varie d&rsquo;une personne \u00e0 l&rsquo;autre, mais elle prend g\u00e9n\u00e9ralement plusieurs mois. Il faut du temps pour voir les r\u00e9sultats complets de l&rsquo;op\u00e9ration de rhinoplastie. Pendant cette p\u00e9riode, il est tr\u00e8s important de suivre les recommandations de votre chirurgien pour le processus de gu\u00e9rison.<br \/>\n[\/vc_column_text][\/toggle][toggle color=\u00a0\u00bbDefault\u00a0\u00bb heading_tag=\u00a0\u00bbdefault\u00a0\u00bb heading_tag_functionality=\u00a0\u00bbdefault\u00a0\u00bb title=\u00a0\u00bbLa Rhinoplastie fait-elle beaucoup mal apr\u00e8s l&rsquo;op\u00e9ration?\u00a0\u00bb][vc_column_text]La douleur peut varier d&rsquo;une personne \u00e0 l&rsquo;autre. Les patients ayant une structure nasale \u00e9paisse et difficile peuvent pr\u00e9senter plus de bleus, tandis que ceux ayant une structure nasale plus facile peuvent pr\u00e9senter relativement moins de bleus. M\u00eame si quelques petits bleus peuvent appara\u00eetre, cela se r\u00e9sout g\u00e9n\u00e9ralement spontan\u00e9ment dans une semaine.<br \/>\n[\/vc_column_text][\/toggle][toggle color=\u00a0\u00bbDefault\u00a0\u00bb heading_tag=\u00a0\u00bbdefault\u00a0\u00bb heading_tag_functionality=\u00a0\u00bbdefault\u00a0\u00bb title=\u00a0\u00bbEst-ce que Photoshop est utilis\u00e9 avant une Rhinoplastie?\u00a0\u00bb][vc_column_text]Lors de la consultation pr\u00e9op\u00e9ratoire, des photos du nez du patient sont prises et des modifications Photoshop sont effectu\u00e9es avec les id\u00e9es du patient. Ainsi, le patient d\u00e9cide du type de nez qu&rsquo;il souhaite avoir.<br \/>\n[\/vc_column_text][\/toggle][toggle color=\u00a0\u00bbDefault\u00a0\u00bb heading_tag=\u00a0\u00bbdefault\u00a0\u00bb heading_tag_functionality=\u00a0\u00bbdefault\u00a0\u00bb title=\u00a0\u00bbLa Rhinoplastie change-t-elle l&rsquo;expression du visage?\u00a0\u00bb][vc_column_text]Le nez \u00e9tant situ\u00e9 au centre du visage, il d\u00e9termine l&rsquo;expression de notre visage. Par cons\u00e9quent, les modifications apport\u00e9es au nez peuvent changer l&rsquo;expression faciale. Cependant, le visage est une unit\u00e9 compl\u00e8te, donc la rhinoplastie ne change pas n\u00e9cessairement l&rsquo;expression faciale dans son ensemble.<br \/>\n[\/vc_column_text][\/toggle][toggle color=\u00a0\u00bbDefault\u00a0\u00bb heading_tag=\u00a0\u00bbdefault\u00a0\u00bb heading_tag_functionality=\u00a0\u00bbdefault\u00a0\u00bb title=\u00a0\u00bbQu&rsquo;est-ce que la Rhinoplastie de r\u00e9vision ?\u00a0\u00bb][vc_column_text]Apr\u00e8s les chirurgies de rhinoplastie esth\u00e9tique, des probl\u00e8mes anatomiques tels que la d\u00e9viation du nez, l&rsquo;asym\u00e9trie, les probl\u00e8mes fonctionnels tels que la congestion nasale peuvent survenir. De plus, dans certains cas, une deuxi\u00e8me ou plusieurs interventions chirurgicales peuvent \u00eatre n\u00e9cessaires si le r\u00e9sultat visuel apr\u00e8s l&rsquo;op\u00e9ration n&rsquo;est pas conforme aux attentes, ce qui est appel\u00e9 \u00ab\u00a0rhinoplastie de r\u00e9vision\u00a0\u00bb.<br \/>\n[\/vc_column_text][\/toggle][\/toggles][\/vc_column][\/vc_row]\n","protected":false},"excerpt":{"rendered":"<p>[vc_row type=\u00a0\u00bbin_container\u00a0\u00bb full_screen_row_position=\u00a0\u00bbmiddle\u00a0\u00bb column_margin=\u00a0\u00bbdefault\u00a0\u00bb equal_height=\u00a0\u00bbyes\u00a0\u00bb content_placement=\u00a0\u00bbmiddle\u00a0\u00bb column_direction=\u00a0\u00bbdefault\u00a0\u00bb column_direction_tablet=\u00a0\u00bbdefault\u00a0\u00bb column_direction_phone=\u00a0\u00bbdefault\u00a0\u00bb bg_color=\u00a0\u00bb#ffffff\u00a0\u00bb scene_position=\u00a0\u00bbcenter\u00a0\u00bb text_color=\u00a0\u00bbdark\u00a0\u00bb text_align=\u00a0\u00bbleft\u00a0\u00bb row_border_radius=\u00a0\u00bbnone\u00a0\u00bb row_border_radius_applies=\u00a0\u00bbbg\u00a0\u00bb overflow=\u00a0\u00bbvisible\u00a0\u00bb overlay_strength=\u00a0\u00bb0.3&Prime; gradient_direction=\u00a0\u00bbleft_to_right\u00a0\u00bb shape_divider_position=\u00a0\u00bbbottom\u00a0\u00bb bg_image_animation=\u00a0\u00bbnone\u00a0\u00bb gradient_type=\u00a0\u00bbdefault\u00a0\u00bb shape_type=\u00a0\u00bb\u00a0\u00bb][vc_column column_padding=\u00a0\u00bbpadding-5-percent\u00a0\u00bb column_padding_tablet=\u00a0\u00bbinherit\u00a0\u00bb column_padding_phone=\u00a0\u00bbinherit\u00a0\u00bb column_padding_position=\u00a0\u00bball\u00a0\u00bb column_element_direction_desktop=\u00a0\u00bbdefault\u00a0\u00bb column_element_spacing=\u00a0\u00bbdefault\u00a0\u00bb desktop_text_alignment=\u00a0\u00bbdefault\u00a0\u00bb tablet_text_alignment=\u00a0\u00bbdefault\u00a0\u00bb&#8230;<\/p>\n","protected":false},"author":2,"featured_media":0,"parent":0,"menu_order":0,"comment_status":"closed","ping_status":"closed","template":"","meta":{"footnotes":""},"class_list":["post-2318","page","type-page","status-publish"],"_links":{"self":[{"href":"https:\/\/qualitylifehealth.com\/fr\/wp-json\/wp\/v2\/pages\/2318","targetHints":{"allow":["GET"]}}],"collection":[{"href":"https:\/\/qualitylifehealth.com\/fr\/wp-json\/wp\/v2\/pages"}],"about":[{"href":"https:\/\/qualitylifehealth.com\/fr\/wp-json\/wp\/v2\/types\/page"}],"author":[{"embeddable":true,"href":"https:\/\/qualitylifehealth.com\/fr\/wp-json\/wp\/v2\/users\/2"}],"replies":[{"embeddable":true,"href":"https:\/\/qualitylifehealth.com\/fr\/wp-json\/wp\/v2\/comments?post=2318"}],"version-history":[{"count":4,"href":"https:\/\/qualitylifehealth.com\/fr\/wp-json\/wp\/v2\/pages\/2318\/revisions"}],"predecessor-version":[{"id":2323,"href":"https:\/\/qualitylifehealth.com\/fr\/wp-json\/wp\/v2\/pages\/2318\/revisions\/2323"}],"wp:attachment":[{"href":"https:\/\/qualitylifehealth.com\/fr\/wp-json\/wp\/v2\/media?parent=2318"}],"curies":[{"name":"wp","href":"https:\/\/api.w.org\/{rel}","templated":true}]}}