{"id":7172,"date":"2023-11-27T17:50:46","date_gmt":"2023-11-27T14:50:46","guid":{"rendered":"https:\/\/qualitylifehealth.com\/porcelain-laminate-dental-veneer\/"},"modified":"2025-07-09T20:34:42","modified_gmt":"2025-07-09T17:34:42","slug":"keramicke-lamine-viniri","status":"publish","type":"page","link":"https:\/\/qualitylifehealth.com\/hr\/keramicke-lamine-viniri\/","title":{"rendered":"Kerami\u010dke Lamine Viniri"},"content":{"rendered":"[vc_row type=&#8221;in_container&#8221; full_screen_row_position=&#8221;middle&#8221; column_margin=&#8221;default&#8221; equal_height=&#8221;yes&#8221; content_placement=&#8221;middle&#8221; column_direction=&#8221;default&#8221; column_direction_tablet=&#8221;default&#8221; column_direction_phone=&#8221;default&#8221; bg_color=&#8221;#ffffff&#8221; scene_position=&#8221;center&#8221; text_color=&#8221;dark&#8221; text_align=&#8221;left&#8221; row_border_radius=&#8221;none&#8221; row_border_radius_applies=&#8221;bg&#8221; overflow=&#8221;visible&#8221; overlay_strength=&#8221;0.3&#8243; gradient_direction=&#8221;left_to_right&#8221; shape_divider_position=&#8221;bottom&#8221; bg_image_animation=&#8221;none&#8221; gradient_type=&#8221;default&#8221; shape_type=&#8221;&#8221;][vc_column column_padding=&#8221;padding-5-percent&#8221; column_padding_tablet=&#8221;inherit&#8221; column_padding_phone=&#8221;inherit&#8221; column_padding_position=&#8221;all&#8221; column_element_direction_desktop=&#8221;default&#8221; column_element_spacing=&#8221;default&#8221; desktop_text_alignment=&#8221;default&#8221; tablet_text_alignment=&#8221;default&#8221; phone_text_alignment=&#8221;default&#8221; background_color_opacity=&#8221;1&#8243; background_hover_color_opacity=&#8221;1&#8243; column_backdrop_filter=&#8221;none&#8221; column_shadow=&#8221;none&#8221; column_border_radius=&#8221;none&#8221; column_link_target=&#8221;_self&#8221; column_position=&#8221;default&#8221; gradient_direction=&#8221;left_to_right&#8221; overlay_strength=&#8221;0.3&#8243; width=&#8221;1\/2&#8243; tablet_width_inherit=&#8221;default&#8221; animation_type=&#8221;default&#8221; bg_image_animation=&#8221;none&#8221; border_type=&#8221;simple&#8221; column_border_width=&#8221;none&#8221; column_border_style=&#8221;solid&#8221; column_padding_type=&#8221;default&#8221; gradient_type=&#8221;default&#8221;][vc_row_inner column_margin=&#8221;default&#8221; column_direction=&#8221;default&#8221; column_direction_tablet=&#8221;default&#8221; column_direction_phone=&#8221;default&#8221; text_align=&#8221;left&#8221; row_position=&#8221;default&#8221; row_position_tablet=&#8221;inherit&#8221; row_position_phone=&#8221;inherit&#8221; overflow=&#8221;visible&#8221; pointer_events=&#8221;all&#8221;][vc_column_inner column_padding=&#8221;no-extra-padding&#8221; column_padding_tablet=&#8221;inherit&#8221; column_padding_phone=&#8221;inherit&#8221; column_padding_position=&#8221;all&#8221; column_element_direction_desktop=&#8221;default&#8221; column_element_spacing=&#8221;default&#8221; desktop_text_alignment=&#8221;default&#8221; tablet_text_alignment=&#8221;default&#8221; phone_text_alignment=&#8221;default&#8221; background_color_opacity=&#8221;1&#8243; background_hover_color_opacity=&#8221;1&#8243; column_backdrop_filter=&#8221;none&#8221; column_shadow=&#8221;none&#8221; column_border_radius=&#8221;none&#8221; column_link_target=&#8221;_self&#8221; overflow=&#8221;visible&#8221; gradient_direction=&#8221;left_to_right&#8221; overlay_strength=&#8221;0.3&#8243; width=&#8221;1\/1&#8243; tablet_width_inherit=&#8221;default&#8221; animation_type=&#8221;default&#8221; enable_animation=&#8221;true&#8221; animation=&#8221;fade-in-from-bottom&#8221; animation_easing=&#8221;default&#8221; bg_image_animation=&#8221;none&#8221; border_type=&#8221;simple&#8221; column_border_width=&#8221;none&#8221; column_border_style=&#8221;solid&#8221;][vc_custom_heading text=&#8221;Kerami\u010dke Lamine Viniri&#8221; font_container=&#8221;tag:h1|font_size:40|text_align:left|line_height:50px&#8221; use_theme_fonts=&#8221;yes&#8221;][vc_custom_heading text=&#8221;Kerami\u010dki lamine viniri, tako\u0111er poznati kao porculanski viniri, vrsta su dentalnih vinira kod kojih se u izradi koristi porcelan. Porcelan ima bijelu boju zbog materijala kori\u0161tenih u proizvodnji i smatra se biokompatibilnim materijalom. Ne sadr\u017ei metale ili \u0161tetne tvari. Kerami\u010dki viniri poma\u017eu da zubi izgledaju puno prirodnije i \u010desto ih preferiraju osobe koje su izgubile zube ili imaju problema poput promjene boje zuba. Tako\u0111er poma\u017eu u uskla\u0111ivanju oblika, veli\u010dine i boje zubi.&#8221; font_container=&#8221;tag:p|text_align:left|color:rgba(10%2C10%2C10%2C0.6)&#8221; use_theme_fonts=&#8221;yes&#8221;][\/vc_column_inner][\/vc_row_inner][\/vc_column][vc_column column_padding=&#8221;no-extra-padding&#8221; column_padding_tablet=&#8221;inherit&#8221; column_padding_phone=&#8221;inherit&#8221; column_padding_position=&#8221;all&#8221; column_element_direction_desktop=&#8221;default&#8221; column_element_spacing=&#8221;default&#8221; desktop_text_alignment=&#8221;default&#8221; tablet_text_alignment=&#8221;default&#8221; phone_text_alignment=&#8221;default&#8221; background_color_opacity=&#8221;1&#8243; background_hover_color_opacity=&#8221;1&#8243; column_backdrop_filter=&#8221;none&#8221; column_shadow=&#8221;none&#8221; column_border_radius=&#8221;none&#8221; column_link_target=&#8221;_self&#8221; column_position=&#8221;default&#8221; gradient_direction=&#8221;left_to_right&#8221; overlay_strength=&#8221;0.3&#8243; width=&#8221;1\/2&#8243; tablet_width_inherit=&#8221;default&#8221; animation_type=&#8221;default&#8221; bg_image_animation=&#8221;none&#8221; border_type=&#8221;simple&#8221; column_border_width=&#8221;none&#8221; column_border_style=&#8221;solid&#8221; column_padding_type=&#8221;default&#8221; gradient_type=&#8221;default&#8221;][image_with_animation image_url=&#8221;747&#8243; image_size=&#8221;full&#8221; animation_type=&#8221;entrance&#8221; animation=&#8221;None&#8221; animation_movement_type=&#8221;transform_y&#8221; hover_animation=&#8221;none&#8221; alignment=&#8221;&#8221; border_radius=&#8221;20px&#8221; box_shadow=&#8221;none&#8221; image_loading=&#8221;default&#8221; max_width=&#8221;100%&#8221; max_width_mobile=&#8221;default&#8221;][\/vc_column][\/vc_row][vc_row type=&#8221;full_width_background&#8221; full_screen_row_position=&#8221;middle&#8221; column_margin=&#8221;default&#8221; column_direction=&#8221;default&#8221; column_direction_tablet=&#8221;default&#8221; column_direction_phone=&#8221;default&#8221; bg_color=&#8221;#f7f7f7&#8243; scene_position=&#8221;center&#8221; top_padding=&#8221;100&#8243; bottom_padding=&#8221;100&#8243; text_color=&#8221;dark&#8221; text_align=&#8221;left&#8221; row_border_radius=&#8221;none&#8221; row_border_radius_applies=&#8221;bg&#8221; overflow=&#8221;visible&#8221; overlay_strength=&#8221;0.3&#8243; gradient_direction=&#8221;left_to_right&#8221; shape_divider_position=&#8221;bottom&#8221; bg_image_animation=&#8221;none&#8221;][vc_column column_padding=&#8221;no-extra-padding&#8221; column_padding_tablet=&#8221;inherit&#8221; column_padding_phone=&#8221;inherit&#8221; column_padding_position=&#8221;all&#8221; column_element_direction_desktop=&#8221;default&#8221; column_element_spacing=&#8221;default&#8221; desktop_text_alignment=&#8221;default&#8221; tablet_text_alignment=&#8221;default&#8221; phone_text_alignment=&#8221;default&#8221; background_color_opacity=&#8221;1&#8243; background_hover_color_opacity=&#8221;1&#8243; column_backdrop_filter=&#8221;none&#8221; column_shadow=&#8221;none&#8221; column_border_radius=&#8221;none&#8221; column_link_target=&#8221;_self&#8221; column_position=&#8221;default&#8221; gradient_direction=&#8221;left_to_right&#8221; overlay_strength=&#8221;0.3&#8243; width=&#8221;1\/1&#8243; tablet_width_inherit=&#8221;default&#8221; animation_type=&#8221;default&#8221; bg_image_animation=&#8221;none&#8221; border_type=&#8221;simple&#8221; column_border_width=&#8221;none&#8221; column_border_style=&#8221;solid&#8221;][vc_column_text]\n<h2>\u010cesto postavljana pitanja o kerami\u010dkim laminatnim vinirima<\/h2>\n[\/vc_column_text][toggles style=&#8221;minimal&#8221;][toggle color=&#8221;Default&#8221; heading_tag=&#8221;default&#8221; heading_tag_functionality=&#8221;default&#8221; title=&#8221;Kako se nanose kerami\u010dki laminatni viniri?&#8221;][vc_column_text]Imati zdrave, lijepe i dobro odr\u017eavane zube va\u017eno je i za zdravlje i za izgled. Dentalni laminatni viniri odli\u010dna su opcija za one koji \u017eele zdraviji i privla\u010dniji osmijeh.<\/p>\n<p>        Tretman laminatnih vinira zapo\u010dinje razumijevanjem \u017eelja pacijenta i problema sa zubima. Razgovara se o zabrinutostima, neugodnim aspektima i o\u010dekivanjima. Tijekom prve seanse planiraju se i druge potrebe, poput izbjeljivanja zubi, \u010di\u0161\u0107enja, popravka karijesa i sli\u010dno. Zatim se uzimaju mjere i \u0161alju tehni\u010daru. Tehni\u010dar izra\u0111uje model koji prikazuje kona\u010dni izgled zubi, poznat kao &#8220;Mock Up&#8221;. U drugoj seansi prikazuje se kona\u010dni izgled zubi pomo\u0107u privremenih materijala, uzimaju se u obzir \u017eelje pacijenta. Odre\u0111uje se \u017eeljeni izgled zubi te zapo\u010dinje bru\u0161enje i prilagodbe. U tre\u0107oj seansi postavljaju trajni kerami\u010dki viniri i tretman je zavr\u0161en.[\/vc_column_text][\/toggle][toggle color=&#8221;Default&#8221; heading_tag=&#8221;default&#8221; heading_tag_functionality=&#8221;default&#8221; title=&#8221;Sa\u017eetak tretmana kerami\u010dkih laminatnih vinira:&#8221;][vc_column_text]Broj operacija: 2-3<br \/>\n        Trajanje operacije: 30-90 minuta za 10 zubi<br \/>\n        Anestezija: Lokalna anestezija<br \/>\n        Potpuni oporavak: 15 dana<br \/>\n        Boravak u bolnici: Nema boravka u bolnici<br \/>\n        Povratak na posao: Odmah<br \/>\n        Trajnost rezultata: 10-20 godina[\/vc_column_text][\/toggle][toggle color=&#8221;Default&#8221; heading_tag=&#8221;default&#8221; heading_tag_functionality=&#8221;default&#8221; title=&#8221;Koliko su trajni kerami\u010dki laminatni viniri?&#8221;][vc_column_text]Trajanje kerami\u010dkih laminatnih vinira mo\u017ee varirati od 7 do 15 godina, ovisno o njezi zubi.[\/vc_column_text][\/toggle][toggle color=&#8221;Default&#8221; heading_tag=&#8221;default&#8221; heading_tag_functionality=&#8221;default&#8221; title=&#8221;Tko je kandidat za kerami\u010dke laminatne vinire i koje su njihove prednosti?&#8221;][vc_column_text]Kerami\u010dki laminatni viniri idealni su za estetski izgled zuba i mogu se primijeniti na bilo koga tko \u017eeli ispraviti boju zuba, zatvoriti razmake ili prikriti mrlje.[\/vc_column_text][\/toggle][toggle color=&#8221;Default&#8221; heading_tag=&#8221;default&#8221; heading_tag_functionality=&#8221;default&#8221; title=&#8221;\u0160to je bolje: kerami\u010dki laminatni vinir ili kompozitni laminatni vinir?&#8221;][vc_column_text]Kerami\u010dki laminatni viniri obi\u010dno traju du\u017ee, oko 7-15 godina, dok kompozitni laminati imaju kra\u0107i vijek trajanja (3-7 godina). Zato se kerami\u010dki laminati \u010desto preferiraju zbog dugotrajne izdr\u017eljivosti.[\/vc_column_text][\/toggle][toggle color=&#8221;Default&#8221; heading_tag=&#8221;default&#8221; heading_tag_functionality=&#8221;default&#8221; title=&#8221;Mogu li se laminatni viniri odlijepiti nakon postavljanja?&#8221;][vc_column_text]Kada ih stru\u010dno postavi profesionalni stomatolog, laminatni viniri obi\u010dno se ne odlijepaju. Me\u0111utim, potrebna je pravilna njega i oralna higijena.[\/vc_column_text][\/toggle][toggle color=&#8221;Default&#8221; heading_tag=&#8221;default&#8221; heading_tag_functionality=&#8221;default&#8221; title=&#8221;Koliko dugo traju laminatni viniri?&#8221;][vc_column_text]Trajanje laminatnih vinira ovisi o odr\u017eavanju, higijeni i kori\u0161tenju. Obi\u010dno kerami\u010dki laminati traju oko 7-15 godina.[\/vc_column_text][\/toggle][toggle color=&#8221;Default&#8221; heading_tag=&#8221;default&#8221; heading_tag_functionality=&#8221;default&#8221; title=&#8221;Boli li postavljanje kerami\u010dkih laminatnih vinira?&#8221;][vc_column_text]Postavljanje laminatnih vinira obi\u010dno ne boli jer se koristi lokalna anestezija. Nakon zahvata, kad anestezija popusti, mo\u017ee se osjetiti blaga nelagoda ili osjetljivost, \u0161to je normalno i privremeno.[\/vc_column_text][\/toggle][\/toggles][\/vc_column][\/vc_row]\n","protected":false},"excerpt":{"rendered":"<p>[vc_row type=&#8221;in_container&#8221; full_screen_row_position=&#8221;middle&#8221; column_margin=&#8221;default&#8221; equal_height=&#8221;yes&#8221; content_placement=&#8221;middle&#8221; column_direction=&#8221;default&#8221; column_direction_tablet=&#8221;default&#8221; column_direction_phone=&#8221;default&#8221; bg_color=&#8221;#ffffff&#8221; scene_position=&#8221;center&#8221; text_color=&#8221;dark&#8221; text_align=&#8221;left&#8221; row_border_radius=&#8221;none&#8221; row_border_radius_applies=&#8221;bg&#8221; overflow=&#8221;visible&#8221; overlay_strength=&#8221;0.3&#8243; gradient_direction=&#8221;left_to_right&#8221; shape_divider_position=&#8221;bottom&#8221; bg_image_animation=&#8221;none&#8221; gradient_type=&#8221;default&#8221; shape_type=&#8221;&#8221;][vc_column column_padding=&#8221;padding-5-percent&#8221; column_padding_tablet=&#8221;inherit&#8221; column_padding_phone=&#8221;inherit&#8221; column_padding_position=&#8221;all&#8221; column_element_direction_desktop=&#8221;default&#8221; column_element_spacing=&#8221;default&#8221; desktop_text_alignment=&#8221;default&#8221; tablet_text_alignment=&#8221;default&#8221;&#8230;<\/p>\n","protected":false},"author":2,"featured_media":0,"parent":0,"menu_order":0,"comment_status":"closed","ping_status":"closed","template":"","meta":{"footnotes":""},"class_list":["post-7172","page","type-page","status-publish"],"_links":{"self":[{"href":"https:\/\/qualitylifehealth.com\/hr\/wp-json\/wp\/v2\/pages\/7172","targetHints":{"allow":["GET"]}}],"collection":[{"href":"https:\/\/qualitylifehealth.com\/hr\/wp-json\/wp\/v2\/pages"}],"about":[{"href":"https:\/\/qualitylifehealth.com\/hr\/wp-json\/wp\/v2\/types\/page"}],"author":[{"embeddable":true,"href":"https:\/\/qualitylifehealth.com\/hr\/wp-json\/wp\/v2\/users\/2"}],"replies":[{"embeddable":true,"href":"https:\/\/qualitylifehealth.com\/hr\/wp-json\/wp\/v2\/comments?post=7172"}],"version-history":[{"count":3,"href":"https:\/\/qualitylifehealth.com\/hr\/wp-json\/wp\/v2\/pages\/7172\/revisions"}],"predecessor-version":[{"id":7176,"href":"https:\/\/qualitylifehealth.com\/hr\/wp-json\/wp\/v2\/pages\/7172\/revisions\/7176"}],"wp:attachment":[{"href":"https:\/\/qualitylifehealth.com\/hr\/wp-json\/wp\/v2\/media?parent=7172"}],"curies":[{"name":"wp","href":"https:\/\/api.w.org\/{rel}","templated":true}]}}