{"id":7189,"date":"2023-11-27T16:58:58","date_gmt":"2023-11-27T13:58:58","guid":{"rendered":"https:\/\/qualitylifehealth.com\/dental-veneer\/"},"modified":"2025-07-09T20:43:15","modified_gmt":"2025-07-09T17:43:15","slug":"zubni-ljuskici","status":"publish","type":"page","link":"https:\/\/qualitylifehealth.com\/hr\/zubni-ljuskici\/","title":{"rendered":"Zubni Ljuskici"},"content":{"rendered":"[vc_row type=&#8221;in_container&#8221; full_screen_row_position=&#8221;middle&#8221; column_margin=&#8221;default&#8221; equal_height=&#8221;yes&#8221; content_placement=&#8221;middle&#8221; column_direction=&#8221;default&#8221; column_direction_tablet=&#8221;default&#8221; column_direction_phone=&#8221;default&#8221; bg_color=&#8221;#ffffff&#8221; scene_position=&#8221;center&#8221; text_color=&#8221;dark&#8221; text_align=&#8221;left&#8221; row_border_radius=&#8221;none&#8221; row_border_radius_applies=&#8221;bg&#8221; overflow=&#8221;visible&#8221; overlay_strength=&#8221;0.3&#8243; gradient_direction=&#8221;left_to_right&#8221; shape_divider_position=&#8221;bottom&#8221; bg_image_animation=&#8221;none&#8221; gradient_type=&#8221;default&#8221; shape_type=&#8221;&#8221;][vc_column column_padding=&#8221;padding-5-percent&#8221; column_padding_tablet=&#8221;inherit&#8221; column_padding_phone=&#8221;inherit&#8221; column_padding_position=&#8221;all&#8221; column_element_direction_desktop=&#8221;default&#8221; column_element_spacing=&#8221;default&#8221; desktop_text_alignment=&#8221;default&#8221; tablet_text_alignment=&#8221;default&#8221; phone_text_alignment=&#8221;default&#8221; background_color_opacity=&#8221;1&#8243; background_hover_color_opacity=&#8221;1&#8243; column_backdrop_filter=&#8221;none&#8221; column_shadow=&#8221;none&#8221; column_border_radius=&#8221;none&#8221; column_link_target=&#8221;_self&#8221; column_position=&#8221;default&#8221; gradient_direction=&#8221;left_to_right&#8221; overlay_strength=&#8221;0.3&#8243; width=&#8221;1\/2&#8243; tablet_width_inherit=&#8221;default&#8221; animation_type=&#8221;default&#8221; bg_image_animation=&#8221;none&#8221; border_type=&#8221;simple&#8221; column_border_width=&#8221;none&#8221; column_border_style=&#8221;solid&#8221; column_padding_type=&#8221;default&#8221; gradient_type=&#8221;default&#8221;][vc_row_inner column_margin=&#8221;default&#8221; column_direction=&#8221;default&#8221; column_direction_tablet=&#8221;default&#8221; column_direction_phone=&#8221;default&#8221; text_align=&#8221;left&#8221; row_position=&#8221;default&#8221; row_position_tablet=&#8221;inherit&#8221; row_position_phone=&#8221;inherit&#8221; overflow=&#8221;visible&#8221; pointer_events=&#8221;all&#8221;][vc_column_inner column_padding=&#8221;no-extra-padding&#8221; column_padding_tablet=&#8221;inherit&#8221; column_padding_phone=&#8221;inherit&#8221; column_padding_position=&#8221;all&#8221; column_element_direction_desktop=&#8221;default&#8221; column_element_spacing=&#8221;default&#8221; desktop_text_alignment=&#8221;default&#8221; tablet_text_alignment=&#8221;default&#8221; phone_text_alignment=&#8221;default&#8221; background_color_opacity=&#8221;1&#8243; background_hover_color_opacity=&#8221;1&#8243; column_backdrop_filter=&#8221;none&#8221; column_shadow=&#8221;none&#8221; column_border_radius=&#8221;none&#8221; column_link_target=&#8221;_self&#8221; overflow=&#8221;visible&#8221; gradient_direction=&#8221;left_to_right&#8221; overlay_strength=&#8221;0.3&#8243; width=&#8221;1\/1&#8243; tablet_width_inherit=&#8221;default&#8221; animation_type=&#8221;default&#8221; enable_animation=&#8221;true&#8221; animation=&#8221;fade-in-from-bottom&#8221; animation_easing=&#8221;default&#8221; bg_image_animation=&#8221;none&#8221; border_type=&#8221;simple&#8221; column_border_width=&#8221;none&#8221; column_border_style=&#8221;solid&#8221;][vc_custom_heading text=&#8221;Zubni Ljuskici&#8221; font_container=&#8221;tag:h1|font_size:40|text_align:left|line_height:50px&#8221; use_theme_fonts=&#8221;yes&#8221;][vc_custom_heading text=&#8221;Zubni ljuskici su stomatolo\u0161ki zahvat koji se koristi za lije\u010denje problema poput karijesa ili lomljenja zuba, kao i za pobolj\u0161anje estetike zuba. Budu\u0107i da je oralna i dentalna struktura svakog pojedinca jedinstvena, zubni ljuskici su personalizirani. Zubni ljuskici se mogu primijeniti u funkcionalne i estetske svrhe. Za estetske svrhe koriste se za ispravljanje problema poput karijesa, polomljenih plombi, izva\u0111enih zuba i razmaka u ustima. Funkcionalni zubni ljuskici se primjenjuju za rje\u0161avanje zdravstvenih problema kao \u0161to su gubitak zuba, gubitak supstance, polomljeni zubi, habanje ili za ja\u010danje zuba.&#8221; font_container=&#8221;tag:p|text_align:left|color:rgba(10%2C10%2C10%2C0.6)&#8221; use_theme_fonts=&#8221;yes&#8221;][\/vc_column_inner][\/vc_row_inner][\/vc_column][vc_column column_padding=&#8221;no-extra-padding&#8221; column_padding_tablet=&#8221;inherit&#8221; column_padding_phone=&#8221;inherit&#8221; column_padding_position=&#8221;all&#8221; column_element_direction_desktop=&#8221;default&#8221; column_element_spacing=&#8221;default&#8221; desktop_text_alignment=&#8221;default&#8221; tablet_text_alignment=&#8221;default&#8221; phone_text_alignment=&#8221;default&#8221; background_color_opacity=&#8221;1&#8243; background_hover_color_opacity=&#8221;1&#8243; column_backdrop_filter=&#8221;none&#8221; column_shadow=&#8221;none&#8221; column_border_radius=&#8221;none&#8221; column_link_target=&#8221;_self&#8221; column_position=&#8221;default&#8221; gradient_direction=&#8221;left_to_right&#8221; overlay_strength=&#8221;0.3&#8243; width=&#8221;1\/2&#8243; tablet_width_inherit=&#8221;default&#8221; animation_type=&#8221;default&#8221; bg_image_animation=&#8221;none&#8221; border_type=&#8221;simple&#8221; column_border_width=&#8221;none&#8221; column_border_style=&#8221;solid&#8221; column_padding_type=&#8221;default&#8221; gradient_type=&#8221;default&#8221;][image_with_animation image_url=&#8221;754&#8243; image_size=&#8221;full&#8221; animation_type=&#8221;entrance&#8221; animation=&#8221;None&#8221; animation_movement_type=&#8221;transform_y&#8221; hover_animation=&#8221;none&#8221; alignment=&#8221;&#8221; border_radius=&#8221;20px&#8221; box_shadow=&#8221;none&#8221; image_loading=&#8221;default&#8221; max_width=&#8221;100%&#8221; max_width_mobile=&#8221;default&#8221;][\/vc_column][\/vc_row][vc_row type=&#8221;full_width_background&#8221; full_screen_row_position=&#8221;middle&#8221; column_margin=&#8221;default&#8221; column_direction=&#8221;default&#8221; column_direction_tablet=&#8221;default&#8221; column_direction_phone=&#8221;default&#8221; bg_color=&#8221;#f7f7f7&#8243; scene_position=&#8221;center&#8221; top_padding=&#8221;100&#8243; bottom_padding=&#8221;100&#8243; text_color=&#8221;dark&#8221; text_align=&#8221;left&#8221; row_border_radius=&#8221;none&#8221; row_border_radius_applies=&#8221;bg&#8221; overflow=&#8221;visible&#8221; overlay_strength=&#8221;0.3&#8243; gradient_direction=&#8221;left_to_right&#8221; shape_divider_position=&#8221;bottom&#8221; bg_image_animation=&#8221;none&#8221;][vc_column column_padding=&#8221;no-extra-padding&#8221; column_padding_tablet=&#8221;inherit&#8221; column_padding_phone=&#8221;inherit&#8221; column_padding_position=&#8221;all&#8221; column_element_direction_desktop=&#8221;default&#8221; column_element_spacing=&#8221;default&#8221; desktop_text_alignment=&#8221;default&#8221; tablet_text_alignment=&#8221;default&#8221; phone_text_alignment=&#8221;default&#8221; background_color_opacity=&#8221;1&#8243; background_hover_color_opacity=&#8221;1&#8243; column_backdrop_filter=&#8221;none&#8221; column_shadow=&#8221;none&#8221; column_border_radius=&#8221;none&#8221; column_link_target=&#8221;_self&#8221; column_position=&#8221;default&#8221; gradient_direction=&#8221;left_to_right&#8221; overlay_strength=&#8221;0.3&#8243; width=&#8221;1\/1&#8243; tablet_width_inherit=&#8221;default&#8221; animation_type=&#8221;default&#8221; bg_image_animation=&#8221;none&#8221; border_type=&#8221;simple&#8221; column_border_width=&#8221;none&#8221; column_border_style=&#8221;solid&#8221;][vc_column_text]\n<h2>\u010cesto postavljana pitanja o zubnim ljuskicama<\/h2>\n[\/vc_column_text][toggles style=&#8221;minimal&#8221;][toggle color=&#8221;Default&#8221; heading_tag=&#8221;default&#8221; heading_tag_functionality=&#8221;default&#8221; title=&#8221;Kako se primjenjuju zubni ljuskici?&#8221;][vc_column_text]Postupak postavljanja zubnih ljuskica zapo\u010dinje prvom fazom oblikovanja zuba tako da odgovaraju debljini ljuskica. Nakon oblikovanja, uzima se otisak pripremljenih zuba, koji se \u0161alje u laboratorij gdje ljuskice izra\u0111uju profesionalni dentalni tehni\u010dari. Proces izrade ljuskica traje obi\u010dno 1-2 tjedna.<\/p>\n<p>Kada su ljuskice spremne, stomatolo\u0161ki zahvat zapo\u010dinje primjenom lokalne anestezije radi udobnosti pacijenta. Zatim se oblikuju i pripremaju prirodni zubi pacijenta kako bi se ljuskice pravilno prilagodile. Stomatolog postavlja ljuskicu na zub kako bi provjerio odgovara li i boju, te vr\u0161i potrebne prilagodbe prije zavr\u0161etka postupka.<\/p>\n[\/vc_column_text][\/toggle][toggle color=&#8221;Default&#8221; heading_tag=&#8221;default&#8221; heading_tag_functionality=&#8221;default&#8221; title=&#8221;Koje su vrste zubnih ljuskica?&#8221;][vc_column_text]Tretman zubnim ljuskicama prilago\u0111ava se potrebama i \u017eeljama pojedinca, a dostupne su razli\u010dite opcije. Neke uobi\u010dajene vrste zubnih ljuskica su:<\/p>\n<p>Porculanske ljuskice:<br \/>\nOve ljuskice pru\u017eaju prirodan izgled i vrlo su izdr\u017eljive. \u010cesto se koriste i u estetske i u funkcionalne svrhe.<\/p>\n<p>Cirkonij ljuskice:<br \/>\nCirkonij ljuskice nude ravnote\u017eu izme\u0111u estetike i trajnosti. Poznate su po svojoj \u010dvrsto\u0107i i sposobnosti da opona\u0161aju prirodne zube.<\/p>\n<p>Kompozitne ljuskice:<br \/>\nKompozitne ljuskice izra\u0111ene su od smole u boji zuba i povoljnije su od porculanskih. Mogu se primijeniti i na jedan zub.<\/p>\n<p>Empress ljuskice:<br \/>\nEmpress ljuskice su vrsta kerami\u010dkih ljuskica poznatih po estetskoj privla\u010dnosti. Manje su trajne u usporedbi s drugim opcijama.<\/p>\n<p>Laminatne ljuskice:<br \/>\nLaminatne ljuskice su ultra tanke porculanske ljuskice koje se nanose na prednju povr\u0161inu zuba. \u010cesto se biraju zbog estetskih koristi.<\/p>\n<p>Emax ljuskice:<br \/>\nOve ljuskice izra\u0111ene su od litij-disilikat keramike poznate po svojoj izdr\u017eljivosti i prirodnom izgledu.<\/p>\n[\/vc_column_text][\/toggle][toggle color=&#8221;Default&#8221; heading_tag=&#8221;default&#8221; heading_tag_functionality=&#8221;default&#8221; title=&#8221;Koje su najbolje zubne ljuskice?&#8221;][vc_column_text]Izbor zubnih ljuskica ovisi o individualnim potrebama i \u017eeljama. Ako je estetika primarni cilj, porculanske ili cirkonij ljuskice su \u010desto preferirane jer pru\u017eaju prirodan izgled. Me\u0111utim, ako zub ima zna\u010dajnu \u0161tetu ili karijes, kompozitne ljuskice mogu biti prikladnija opcija. Va\u017eno je konzultirati se sa stomatologom kako biste odabrali najbolju vrstu ljuskica za va\u0161u situaciju.<\/p>\n[\/vc_column_text][\/toggle][toggle color=&#8221;Default&#8221; heading_tag=&#8221;default&#8221; heading_tag_functionality=&#8221;default&#8221; title=&#8221;Kada su potrebne zubne ljuskice?&#8221;][vc_column_text]Zubne ljuskice mogu biti potrebne u sljede\u0107im situacijama:<br \/>\n&#8211; Karijes ili o\u0161te\u0107enje zuba: ljuskice se mogu koristiti za za\u0161titu i popravak zuba koji su truli, napukli ili oslabljen.<\/p>\n<p>&#8211; Estetski problemi: ljuskice mogu rije\u0161iti kozmeti\u010dke probleme poput promjene boje, oblika ili poravnanja zuba.<\/p>\n<p>&#8211; Velike plombe: zubi s velikim plombama mogu zahtijevati dodatnu potporu koju ljuskice mogu pru\u017eiti.<\/p>\n<p>&#8211; Obnova funkcije: ljuskice mogu vratiti funkcionalnost istro\u0161enim ili o\u0161te\u0107enim zubima.<\/p>\n<p>&#8211; Implantati: ljuskice se mogu koristiti za izgradnju zubnih struktura na dentalnim implantatima.<\/p>\n[\/vc_column_text][\/toggle][\/toggles][\/vc_column][\/vc_row]\n","protected":false},"excerpt":{"rendered":"<p>[vc_row type=&#8221;in_container&#8221; full_screen_row_position=&#8221;middle&#8221; column_margin=&#8221;default&#8221; equal_height=&#8221;yes&#8221; content_placement=&#8221;middle&#8221; column_direction=&#8221;default&#8221; column_direction_tablet=&#8221;default&#8221; column_direction_phone=&#8221;default&#8221; bg_color=&#8221;#ffffff&#8221; scene_position=&#8221;center&#8221; text_color=&#8221;dark&#8221; text_align=&#8221;left&#8221; row_border_radius=&#8221;none&#8221; row_border_radius_applies=&#8221;bg&#8221; overflow=&#8221;visible&#8221; overlay_strength=&#8221;0.3&#8243; gradient_direction=&#8221;left_to_right&#8221; shape_divider_position=&#8221;bottom&#8221; bg_image_animation=&#8221;none&#8221; gradient_type=&#8221;default&#8221; shape_type=&#8221;&#8221;][vc_column column_padding=&#8221;padding-5-percent&#8221; column_padding_tablet=&#8221;inherit&#8221; column_padding_phone=&#8221;inherit&#8221; column_padding_position=&#8221;all&#8221; column_element_direction_desktop=&#8221;default&#8221; column_element_spacing=&#8221;default&#8221; desktop_text_alignment=&#8221;default&#8221; tablet_text_alignment=&#8221;default&#8221;&#8230;<\/p>\n","protected":false},"author":2,"featured_media":0,"parent":0,"menu_order":0,"comment_status":"closed","ping_status":"closed","template":"","meta":{"footnotes":""},"class_list":["post-7189","page","type-page","status-publish"],"_links":{"self":[{"href":"https:\/\/qualitylifehealth.com\/hr\/wp-json\/wp\/v2\/pages\/7189","targetHints":{"allow":["GET"]}}],"collection":[{"href":"https:\/\/qualitylifehealth.com\/hr\/wp-json\/wp\/v2\/pages"}],"about":[{"href":"https:\/\/qualitylifehealth.com\/hr\/wp-json\/wp\/v2\/types\/page"}],"author":[{"embeddable":true,"href":"https:\/\/qualitylifehealth.com\/hr\/wp-json\/wp\/v2\/users\/2"}],"replies":[{"embeddable":true,"href":"https:\/\/qualitylifehealth.com\/hr\/wp-json\/wp\/v2\/comments?post=7189"}],"version-history":[{"count":2,"href":"https:\/\/qualitylifehealth.com\/hr\/wp-json\/wp\/v2\/pages\/7189\/revisions"}],"predecessor-version":[{"id":7192,"href":"https:\/\/qualitylifehealth.com\/hr\/wp-json\/wp\/v2\/pages\/7189\/revisions\/7192"}],"wp:attachment":[{"href":"https:\/\/qualitylifehealth.com\/hr\/wp-json\/wp\/v2\/media?parent=7189"}],"curies":[{"name":"wp","href":"https:\/\/api.w.org\/{rel}","templated":true}]}}