{"id":9730,"date":"2026-02-18T21:30:09","date_gmt":"2026-02-18T18:30:09","guid":{"rendered":"https:\/\/qualitylifehealth.com\/cerez-politikasi\/"},"modified":"2026-02-18T23:24:02","modified_gmt":"2026-02-18T20:24:02","slug":"cerez-politikasi","status":"publish","type":"page","link":"https:\/\/qualitylifehealth.com\/hr\/cerez-politikasi\/","title":{"rendered":"\u00c7erez Politikas\u0131"},"content":{"rendered":"[vc_row type=&#8221;in_container&#8221; full_screen_row_position=&#8221;middle&#8221; column_margin=&#8221;default&#8221; column_direction=&#8221;default&#8221; column_direction_tablet=&#8221;default&#8221; column_direction_phone=&#8221;default&#8221; scene_position=&#8221;center&#8221; top_padding=&#8221;5%&#8221; constrain_group_1=&#8221;yes&#8221; bottom_padding=&#8221;5%&#8221; text_color=&#8221;dark&#8221; text_align=&#8221;left&#8221; row_border_radius=&#8221;none&#8221; row_border_radius_applies=&#8221;bg&#8221; overflow=&#8221;visible&#8221; overlay_strength=&#8221;0.3&#8243; gradient_direction=&#8221;left_to_right&#8221; shape_divider_position=&#8221;bottom&#8221; bg_image_animation=&#8221;none&#8221; gradient_type=&#8221;default&#8221; shape_type=&#8221;&#8221;][vc_column column_padding=&#8221;no-extra-padding&#8221; column_padding_tablet=&#8221;inherit&#8221; column_padding_phone=&#8221;inherit&#8221; column_padding_position=&#8221;all&#8221; column_element_direction_desktop=&#8221;default&#8221; column_element_spacing=&#8221;default&#8221; desktop_text_alignment=&#8221;default&#8221; tablet_text_alignment=&#8221;default&#8221; phone_text_alignment=&#8221;default&#8221; background_color_opacity=&#8221;1&#8243; background_hover_color_opacity=&#8221;1&#8243; column_backdrop_filter=&#8221;none&#8221; column_shadow=&#8221;none&#8221; column_border_radius=&#8221;none&#8221; column_link_target=&#8221;_self&#8221; column_position=&#8221;default&#8221; gradient_direction=&#8221;left_to_right&#8221; overlay_strength=&#8221;0.3&#8243; width=&#8221;1\/1&#8243; tablet_width_inherit=&#8221;default&#8221; animation_type=&#8221;default&#8221; bg_image_animation=&#8221;none&#8221; border_type=&#8221;simple&#8221; column_border_width=&#8221;none&#8221; column_border_style=&#8221;solid&#8221;][vc_column_text]PRAVILA O KOLA\u010cI\u0106IMA<br \/>\n1. Voditelj obrade podataka<\/p>\n<p>Ova Pravila o kola\u010di\u0107ima pripremila je:<br \/>\nSM\u0130RN\u0130 SA\u011eLIK H\u0130ZMETLER\u0130 TUR\u0130ZM DANI\u015eMANLIK ACENTES\u0130 \u0130N\u015e. SAN. T\u0130C. LTD. \u015eT\u0130<br \/>\n(Registrirani brend: QUALITY LIFE HEALTH TRAVEL)<br \/>\nPorezni broj: 7721554065<br \/>\nAdresa: Kartaltepe Mahallesi Saydam Sokak No:13\/A K\u00fc\u00e7\u00fck\u00e7ekmece \/ Istanbul<br \/>\n(u daljnjem tekstu \u201eDru\u0161tvo\u201d ili \u201eQuality Life Health Travel\u201d).<\/p>\n<p>Na\u0161a tvrtka pru\u017ea organizacijske i savjetodavne usluge pacijentima koji dolaze u Tursku iz inozemstva, prvenstveno iz europskih zemalja, radi kori\u0161tenja zdravstvenih usluga.<\/p>\n<p>Osobni podaci korisnika koji posje\u0107uju na\u0161u web stranicu obra\u0111uju se u skladu s:<br \/>\n\u2022 Zakonom br. 6698 o za\u0161titi osobnih podataka (KVKK)<br \/>\n\u2022 Op\u0107om uredbom o za\u0161titi podataka Europske unije (GDPR)<\/p>\n<p>2. \u0160to su kola\u010di\u0107i?<\/p>\n<p>Kola\u010di\u0107i su male tekstualne datoteke koje se putem va\u0161eg preglednika pohranjuju na va\u0161 ure\u0111aj kada posjetite web stranicu. Zahvaljuju\u0107i kola\u010di\u0107ima, web stranica ispravno funkcionira, pobolj\u0161ava se korisni\u010dko iskustvo i pamte se va\u0161e postavke.<\/p>\n<p>3. Vrste kori\u0161tenih kola\u010di\u0107a<br \/>\n3.1. Nu\u017eni kola\u010di\u0107i<\/p>\n<p>Potrebni su za siguran i pravilan rad web stranice. Upravljanje sesijom i sigurnosni procesi omogu\u0107eni su putem ovih kola\u010di\u0107a.<\/p>\n<p>3.2. Kola\u010di\u0107i za performanse i analitiku<\/p>\n<p>Koriste se za analizu kori\u0161tenja web stranice.<br \/>\nNa primjer: Google Analytics<\/p>\n<p>Ovi kola\u010di\u0107i omogu\u0107uju anonimnu i zbirnu analizu:<br \/>\n\u2022 Broja posjetitelja<br \/>\n\u2022 Izvora prometa<br \/>\n\u2022 Najposje\u0107enijih stranica<br \/>\n\u2022 Pona\u0161anja korisnika<\/p>\n<p>3.3. Funkcionalni kola\u010di\u0107i<\/p>\n<p>Koriste se za pam\u0107enje korisni\u010dkih odabira, poput jezi\u010dnih postavki (npr. turski \/ engleski \/ njema\u010dki).<\/p>\n<p>3.4. Marketin\u0161ki i reklamni kola\u010di\u0107i<\/p>\n<p>Omogu\u0107uju prikaz sadr\u017eaja i oglasa u skladu s interesima korisnika.<br \/>\nMogu\u0107i alati:<br \/>\n\u2022 Meta (Facebook \/ Instagram ogla\u0161avanje)<br \/>\n\u2022 Google Ads<\/p>\n<p>Ovi kola\u010di\u0107i mogu omogu\u0107iti prikaz relevantnog sadr\u017eaja na drugim digitalnim platformama nakon va\u0161e posjete.<\/p>\n<p>4. Svrhe obrade osobnih podataka<\/p>\n<p>Podaci prikupljeni putem kola\u010di\u0107a obra\u0111uju se u svrhe:<br \/>\n\u2022 Osiguravanja sigurnosti web stranice<br \/>\n\u2022 Pove\u0107anja kvalitete usluga<br \/>\n\u2022 Pobolj\u0161anja korisni\u010dkog iskustva za pacijente iz europskih zemalja<br \/>\n\u2022 Provo\u0111enja marketin\u0161kih i reklamnih aktivnosti<br \/>\n\u2022 Izrade statisti\u010dkih analiza<br \/>\n\u2022 Ispunjavanja zakonskih obveza<\/p>\n<p>5. Pravna osnova<\/p>\n<p>Va\u0161i podaci obra\u0111uju se na temelju:<br \/>\n\u2022 Legitimnog interesa prema \u010dlanku 5\/2 KVKK<br \/>\n\u2022 Va\u0161e izri\u010dite privole za kola\u010di\u0107e koji zahtijevaju privolu<br \/>\n\u2022 Izri\u010dite privole i legitimnog interesa prema \u010dlanku 6 GDPR-a<\/p>\n<p>U slu\u010daju pristupa iz dr\u017eava Europske unije primjenjuju se odredbe GDPR-a.<\/p>\n<p>6. Prijenos podataka u inozemstvo<\/p>\n<p>Zbog kori\u0161tenja odre\u0111enih usluga tre\u0107ih strana (npr. Google i Meta), va\u0161i osobni podaci mogu se prenositi na poslu\u017eitelje u inozemstvu.<br \/>\nOvaj prijenos provodi se u skladu s \u010dlankom 9 KVKK i pravilima prijenosa podataka prema GDPR-u, uz poduzimanje potrebnih tehni\u010dkih i administrativnih mjera.<\/p>\n<p>7. Razdoblje pohrane kola\u010di\u0107a<\/p>\n<p>Kola\u010di\u0107i se mogu pohranjivati:<br \/>\n\u2022 Tijekom trajanja sesije (privremeni kola\u010di\u0107i)<br \/>\n\u2022 Odre\u0111eno vrijeme (trajni kola\u010di\u0107i)<\/p>\n<p>Razdoblja pohrane razlikuju se ovisno o vrsti kola\u010di\u0107a.<\/p>\n<p>8. Upravljanje kola\u010di\u0107ima<\/p>\n<p>Promjenom postavki preglednika mo\u017eete:<br \/>\n\u2022 Blokirati kola\u010di\u0107e<br \/>\n\u2022 Izbrisati ih<br \/>\n\u2022 Primati upozorenja o njihovoj upotrebi<\/p>\n<p>Me\u0111utim, onemogu\u0107avanje odre\u0111enih kola\u010di\u0107a mo\u017ee uzrokovati neispravan rad nekih funkcija web stranice.<\/p>\n<p>9. Prava ispitanika<\/p>\n<p>Prema KVKK:<br \/>\n\u2022 Saznati obra\u0111uju li se va\u0161i osobni podaci<br \/>\n\u2022 Zatra\u017eiti informacije<br \/>\n\u2022 Zatra\u017eiti ispravak<br \/>\n\u2022 Zatra\u017eiti brisanje ili uni\u0161tenje<br \/>\n\u2022 Zatra\u017eiti informacije o prijenosu u inozemstvo<\/p>\n<p>Prema GDPR-u (za posjetitelje iz EU):<br \/>\n\u2022 Pravo na pristup<br \/>\n\u2022 Pravo na ispravak<br \/>\n\u2022 Pravo na brisanje (Right to be Forgotten)<br \/>\n\u2022 Pravo na prenosivost podataka<br \/>\n\u2022 Pravo na prigovor obradi<\/p>\n<p>10. Kontakt<\/p>\n<p>Svoje zahtjeve mo\u017eete poslati putem sljede\u0107ih kontaktnih podataka:<\/p>\n<p>SM\u0130RN\u0130 SA\u011eLIK H\u0130ZMETLER\u0130 TUR\u0130ZM DANI\u015eMANLIK ACENTES\u0130 \u0130N\u015e. SAN. T\u0130C. LTD. \u015eT\u0130<br \/>\n(QUALITY LIFE HEALTH TRAVEL)<br \/>\nAdresa: K\u00fc\u00e7\u00fck\u00e7ekmece \/ Istanbul<br \/>\nPorezni broj: 7721554065<br \/>\nE-po\u0161ta:<br \/>\nconsultancy@qualitylifehealthtravel.info<\/p>\n<p>smirnisaglikhizmetleri@hs01.kep.tr<\/p>\n<p>11. A\u017euriranja<\/p>\n<p>Dru\u0161tvo zadr\u017eava pravo a\u017euriranja ove Politike kola\u010di\u0107a u skladu s promjenama zakonodavstva ili operativnim potrebama.<br \/>\nA\u017eurirani tekst stupa na snagu od datuma objave na na\u0161oj web stranici.[\/vc_column_text][\/vc_column][\/vc_row]\n","protected":false},"excerpt":{"rendered":"<p>[vc_row type=&#8221;in_container&#8221; full_screen_row_position=&#8221;middle&#8221; column_margin=&#8221;default&#8221; column_direction=&#8221;default&#8221; column_direction_tablet=&#8221;default&#8221; column_direction_phone=&#8221;default&#8221; scene_position=&#8221;center&#8221; top_padding=&#8221;5%&#8221; constrain_group_1=&#8221;yes&#8221; bottom_padding=&#8221;5%&#8221; text_color=&#8221;dark&#8221; text_align=&#8221;left&#8221; row_border_radius=&#8221;none&#8221; row_border_radius_applies=&#8221;bg&#8221; overflow=&#8221;visible&#8221; overlay_strength=&#8221;0.3&#8243; gradient_direction=&#8221;left_to_right&#8221; shape_divider_position=&#8221;bottom&#8221; bg_image_animation=&#8221;none&#8221; gradient_type=&#8221;default&#8221; shape_type=&#8221;&#8221;][vc_column column_padding=&#8221;no-extra-padding&#8221; column_padding_tablet=&#8221;inherit&#8221; column_padding_phone=&#8221;inherit&#8221; column_padding_position=&#8221;all&#8221; column_element_direction_desktop=&#8221;default&#8221; column_element_spacing=&#8221;default&#8221; desktop_text_alignment=&#8221;default&#8221; tablet_text_alignment=&#8221;default&#8221;&#8230;<\/p>\n","protected":false},"author":2,"featured_media":0,"parent":0,"menu_order":0,"comment_status":"closed","ping_status":"closed","template":"","meta":{"footnotes":""},"class_list":["post-9730","page","type-page","status-publish"],"_links":{"self":[{"href":"https:\/\/qualitylifehealth.com\/hr\/wp-json\/wp\/v2\/pages\/9730","targetHints":{"allow":["GET"]}}],"collection":[{"href":"https:\/\/qualitylifehealth.com\/hr\/wp-json\/wp\/v2\/pages"}],"about":[{"href":"https:\/\/qualitylifehealth.com\/hr\/wp-json\/wp\/v2\/types\/page"}],"author":[{"embeddable":true,"href":"https:\/\/qualitylifehealth.com\/hr\/wp-json\/wp\/v2\/users\/2"}],"replies":[{"embeddable":true,"href":"https:\/\/qualitylifehealth.com\/hr\/wp-json\/wp\/v2\/comments?post=9730"}],"version-history":[{"count":1,"href":"https:\/\/qualitylifehealth.com\/hr\/wp-json\/wp\/v2\/pages\/9730\/revisions"}],"predecessor-version":[{"id":9806,"href":"https:\/\/qualitylifehealth.com\/hr\/wp-json\/wp\/v2\/pages\/9730\/revisions\/9806"}],"wp:attachment":[{"href":"https:\/\/qualitylifehealth.com\/hr\/wp-json\/wp\/v2\/media?parent=9730"}],"curies":[{"name":"wp","href":"https:\/\/api.w.org\/{rel}","templated":true}]}}