{"id":3316,"date":"2023-11-28T15:33:42","date_gmt":"2023-11-28T12:33:42","guid":{"rendered":"https:\/\/qualitylifehealth.com\/burun-estetigi\/"},"modified":"2024-07-11T22:41:08","modified_gmt":"2024-07-11T19:41:08","slug":"rinoplastica","status":"publish","type":"page","link":"https:\/\/qualitylifehealth.com\/it\/rinoplastica\/","title":{"rendered":"Rinoplastica"},"content":{"rendered":"[vc_row type=&#8221;in_container&#8221; full_screen_row_position=&#8221;middle&#8221; column_margin=&#8221;default&#8221; equal_height=&#8221;yes&#8221; content_placement=&#8221;middle&#8221; column_direction=&#8221;default&#8221; column_direction_tablet=&#8221;default&#8221; column_direction_phone=&#8221;default&#8221; bg_color=&#8221;#ffffff&#8221; scene_position=&#8221;center&#8221; text_color=&#8221;dark&#8221; text_align=&#8221;left&#8221; row_border_radius=&#8221;none&#8221; row_border_radius_applies=&#8221;bg&#8221; overflow=&#8221;visible&#8221; overlay_strength=&#8221;0.3&#8243; gradient_direction=&#8221;left_to_right&#8221; shape_divider_position=&#8221;bottom&#8221; bg_image_animation=&#8221;none&#8221; gradient_type=&#8221;default&#8221; shape_type=&#8221;&#8221;][vc_column column_padding=&#8221;padding-5-percent&#8221; column_padding_tablet=&#8221;inherit&#8221; column_padding_phone=&#8221;inherit&#8221; column_padding_position=&#8221;all&#8221; column_element_direction_desktop=&#8221;default&#8221; column_element_spacing=&#8221;default&#8221; desktop_text_alignment=&#8221;default&#8221; tablet_text_alignment=&#8221;default&#8221; phone_text_alignment=&#8221;default&#8221; background_color_opacity=&#8221;1&#8243; background_hover_color_opacity=&#8221;1&#8243; column_backdrop_filter=&#8221;none&#8221; column_shadow=&#8221;none&#8221; column_border_radius=&#8221;none&#8221; column_link_target=&#8221;_self&#8221; column_position=&#8221;default&#8221; gradient_direction=&#8221;left_to_right&#8221; overlay_strength=&#8221;0.3&#8243; width=&#8221;1\/2&#8243; tablet_width_inherit=&#8221;default&#8221; animation_type=&#8221;default&#8221; bg_image_animation=&#8221;none&#8221; border_type=&#8221;simple&#8221; column_border_width=&#8221;none&#8221; column_border_style=&#8221;solid&#8221; column_padding_type=&#8221;default&#8221; gradient_type=&#8221;default&#8221;][vc_row_inner column_margin=&#8221;default&#8221; column_direction=&#8221;default&#8221; column_direction_tablet=&#8221;default&#8221; column_direction_phone=&#8221;default&#8221; text_align=&#8221;left&#8221; row_position=&#8221;default&#8221; row_position_tablet=&#8221;inherit&#8221; row_position_phone=&#8221;inherit&#8221; overflow=&#8221;visible&#8221; pointer_events=&#8221;all&#8221;][vc_column_inner column_padding=&#8221;no-extra-padding&#8221; column_padding_tablet=&#8221;inherit&#8221; column_padding_phone=&#8221;inherit&#8221; column_padding_position=&#8221;all&#8221; column_element_direction_desktop=&#8221;default&#8221; column_element_spacing=&#8221;default&#8221; desktop_text_alignment=&#8221;default&#8221; tablet_text_alignment=&#8221;default&#8221; phone_text_alignment=&#8221;default&#8221; background_color_opacity=&#8221;1&#8243; background_hover_color_opacity=&#8221;1&#8243; column_backdrop_filter=&#8221;none&#8221; column_shadow=&#8221;none&#8221; column_border_radius=&#8221;none&#8221; column_link_target=&#8221;_self&#8221; overflow=&#8221;visible&#8221; gradient_direction=&#8221;left_to_right&#8221; overlay_strength=&#8221;0.3&#8243; width=&#8221;1\/1&#8243; tablet_width_inherit=&#8221;default&#8221; animation_type=&#8221;default&#8221; enable_animation=&#8221;true&#8221; animation=&#8221;fade-in-from-bottom&#8221; animation_easing=&#8221;default&#8221; bg_image_animation=&#8221;none&#8221; border_type=&#8221;simple&#8221; column_border_width=&#8221;none&#8221; column_border_style=&#8221;solid&#8221;][vc_custom_heading text=&#8221;Rinoplastica&#8221; font_container=&#8221;tag:h1|font_size:40|text_align:left|line_height:50px&#8221; use_theme_fonts=&#8221;yes&#8221;][vc_custom_heading text=&#8221;La rinoplastica o rinoplastica \u00e8 un intervento chirurgico eseguito per modificare la forma del naso. Questa operazione pu\u00f2 essere eseguita per correggere deformit\u00e0 del naso, per eliminare difetti congeniti, per migliorare l&#8217;aspetto fisico del naso o per facilitare la respirazione correggendo alcune vie respiratorie. In alcuni casi, sia i problemi respiratori che l&#8217;aspetto possono essere preferibili alla rinoplastica.&#8221; font_container=&#8221;tag:p|text_align:left|color:rgba(10%2C10%2C10%2C0.6)&#8221; use_theme_fonts=&#8221;yes&#8221;][\/vc_column_inner][\/vc_row_inner][\/vc_column][vc_column column_padding=&#8221;no-extra-padding&#8221; column_padding_tablet=&#8221;inherit&#8221; column_padding_phone=&#8221;inherit&#8221; column_padding_position=&#8221;all&#8221; column_element_direction_desktop=&#8221;default&#8221; column_element_spacing=&#8221;default&#8221; desktop_text_alignment=&#8221;default&#8221; tablet_text_alignment=&#8221;default&#8221; phone_text_alignment=&#8221;default&#8221; background_color_opacity=&#8221;1&#8243; background_hover_color_opacity=&#8221;1&#8243; column_backdrop_filter=&#8221;none&#8221; column_shadow=&#8221;none&#8221; column_border_radius=&#8221;none&#8221; column_link_target=&#8221;_self&#8221; column_position=&#8221;default&#8221; gradient_direction=&#8221;left_to_right&#8221; overlay_strength=&#8221;0.3&#8243; width=&#8221;1\/2&#8243; tablet_width_inherit=&#8221;default&#8221; animation_type=&#8221;default&#8221; bg_image_animation=&#8221;none&#8221; border_type=&#8221;simple&#8221; column_border_width=&#8221;none&#8221; column_border_style=&#8221;solid&#8221; column_padding_type=&#8221;default&#8221; gradient_type=&#8221;default&#8221;][image_with_animation image_url=&#8221;712&#8243; image_size=&#8221;full&#8221; animation_type=&#8221;entrance&#8221; animation=&#8221;None&#8221; animation_movement_type=&#8221;transform_y&#8221; hover_animation=&#8221;none&#8221; alignment=&#8221;&#8221; border_radius=&#8221;20px&#8221; box_shadow=&#8221;none&#8221; image_loading=&#8221;default&#8221; max_width=&#8221;100%&#8221; max_width_mobile=&#8221;default&#8221;][\/vc_column][\/vc_row][vc_row type=&#8221;full_width_background&#8221; full_screen_row_position=&#8221;middle&#8221; column_margin=&#8221;default&#8221; column_direction=&#8221;default&#8221; column_direction_tablet=&#8221;default&#8221; column_direction_phone=&#8221;default&#8221; bg_color=&#8221;#f7f7f7&#8243; scene_position=&#8221;center&#8221; top_padding=&#8221;100&#8243; bottom_padding=&#8221;100&#8243; text_color=&#8221;dark&#8221; text_align=&#8221;left&#8221; row_border_radius=&#8221;none&#8221; row_border_radius_applies=&#8221;bg&#8221; overflow=&#8221;visible&#8221; overlay_strength=&#8221;0.3&#8243; gradient_direction=&#8221;left_to_right&#8221; shape_divider_position=&#8221;bottom&#8221; bg_image_animation=&#8221;none&#8221;][vc_column column_padding=&#8221;no-extra-padding&#8221; column_padding_tablet=&#8221;inherit&#8221; column_padding_phone=&#8221;inherit&#8221; column_padding_position=&#8221;all&#8221; column_element_direction_desktop=&#8221;default&#8221; column_element_spacing=&#8221;default&#8221; desktop_text_alignment=&#8221;default&#8221; tablet_text_alignment=&#8221;default&#8221; phone_text_alignment=&#8221;default&#8221; background_color_opacity=&#8221;1&#8243; background_hover_color_opacity=&#8221;1&#8243; column_backdrop_filter=&#8221;none&#8221; column_shadow=&#8221;none&#8221; column_border_radius=&#8221;none&#8221; column_link_target=&#8221;_self&#8221; column_position=&#8221;default&#8221; gradient_direction=&#8221;left_to_right&#8221; overlay_strength=&#8221;0.3&#8243; width=&#8221;1\/1&#8243; tablet_width_inherit=&#8221;default&#8221; animation_type=&#8221;default&#8221; bg_image_animation=&#8221;none&#8221; border_type=&#8221;simple&#8221; column_border_width=&#8221;none&#8221; column_border_style=&#8221;solid&#8221;][vc_column_text]\n<h2>Domande Frequenti Sulla Rinoplastica<\/h2>\n[\/vc_column_text][toggles style=&#8221;minimal&#8221;][toggle color=&#8221;Default&#8221; heading_tag=&#8221;default&#8221; heading_tag_functionality=&#8221;default&#8221; title=&#8221;Come Viene Eseguita La Rinoplastica?&#8221;][vc_column_text]Innanzitutto viene elaborato un piano in base ai desideri del paziente. Vengono discusse le aspettative del paziente e viene decisa la forma del naso. Una volta presa la decisione, iniziano le procedure.<\/p>\n<p>Prima dell\u2019intervento, al paziente viene somministrata l\u2019anestesia generale. Il chirurgo determina la posizione delle incisioni secondo la tecnica preferita per l&#8217;intervento di rinoplastica (rinoplastica aperta o rinoplastica chiusa). Nel metodo di rinoplastica aperta viene praticata una piccola incisione dall&#8217;esterno delle narici; Nel metodo di rinoplastica chiusa, le incisioni vengono praticate attraverso le narici.<br \/>\nAttraverso queste incisioni si accede al tessuto nasale. Il chirurgo taglia e rimodella le ossa nasali o il tessuto cartilagineo. Al termine dell&#8217;intervento, vengono posizionati dei punti di sutura attorno al naso e viene applicato un calco in gesso o una stecca per mantenere la nuova forma del naso. Dopo circa una settimana, il calco nasale e i punti di sutura vengono rimossi.[\/vc_column_text][\/toggle][toggle color=&#8221;Default&#8221; heading_tag=&#8221;default&#8221; heading_tag_functionality=&#8221;default&#8221; title=&#8221;Cose Da Considerare Dopo La Rinoplastica&#8221;][vc_column_text]Dopo l\u2019intervento al naso, i pazienti vengono dimessi entro 1 giorno. I pazienti che si sottopongono a rinoplastica devono prestare estrema attenzione alla propria dieta, non fumare e proteggere il naso dagli urti. Per ridurre il sanguinamento e il gonfiore dopo la rinoplastica, \u00e8 necessario riposare in una posizione in cui la testa sia pi\u00f9 alta del torace. Occhiali o occhiali da sole non devono essere posizionati sul naso per almeno quattro settimane dopo l&#8217;intervento. Gli occhiali possono essere utilizzati fissandoli sulla fronte fino alla guarigione del naso. La protezione solare SPF 30 deve essere utilizzata all&#8217;esterno, soprattutto sul naso.[\/vc_column_text][\/toggle][toggle color=&#8221;Default&#8221; heading_tag=&#8221;default&#8221; heading_tag_functionality=&#8221;default&#8221; title=&#8221;Esiste un limite di et\u00e0 per la rinoplastica?&#8221;][vc_column_text]L\u2019intervento di rinoplastica non \u00e8 preferito per gli adolescenti che non hanno completato il loro sviluppo. L&#8217;intervento pu\u00f2 essere eseguito in giovane et\u00e0 per disturbi della funzionalit\u00e0 nasale, ma per interventi a scopo estetico \u00e8 preferibile attendere i 18 anni.[\/vc_column_text][\/toggle][toggle color=&#8221;Default&#8221; heading_tag=&#8221;default&#8221; heading_tag_functionality=&#8221;default&#8221; title=&#8221;Quanto Dura L&#8217;intervento Di Rinoplastica?&#8221;][vc_column_text]La durata dell&#8217;intervento di rinoplastica pu\u00f2 variare a seconda delle condizioni del paziente, della portata dell&#8217;intervento e dell&#8217;esperienza del chirurgo. Tuttavia, la durata media dell&#8217;intervento \u00e8 compresa tra 1 e 4 ore.[\/vc_column_text][\/toggle][toggle color=&#8221;Default&#8221; heading_tag=&#8221;default&#8221; heading_tag_functionality=&#8221;default&#8221; title=&#8221;Cos\u2019\u00e8 La Rinoplastica Non Chirurgica?&#8221;][vc_column_text]La rinoplastica non chirurgica \u00e8 un\u2019opzione di rinoplastica per le persone con un naso asimmetrico. Inoltre, anche le persone con la punta del naso cadente possono preferire questo metodo. Nell\u2019estetica della punta del naso non viene effettuato alcun intervento sull\u2019osso nasale. Nella procedura viene modificata solo la forma della parte anteriore del naso. Questo processo viene eseguito con materiali di riempimento.[\/vc_column_text][\/toggle][toggle color=&#8221;Default&#8221; heading_tag=&#8221;default&#8221; heading_tag_functionality=&#8221;default&#8221; title=&#8221;Quanti Giorni Ci Vogliono Perch\u00e9 Il Naso Guarisca Dopo L&#8217;intervento Di Rinoplastica?&#8221;][vc_column_text]Anche se il tempo di recupero completo varia da persona a persona, di solito sono necessari alcuni mesi affinch\u00e9 i risultati dell&#8217;intervento di rinoplastica siano pienamente visibili. Durante questo periodo, prestare attenzione alle raccomandazioni del chirurgo \u00e8 molto importante per il processo di guarigione.[\/vc_column_text][\/toggle][toggle color=&#8221;Default&#8221; heading_tag=&#8221;default&#8221; heading_tag_functionality=&#8221;default&#8221; title=&#8221;C&#8217;\u00e8 Molto Dolore Dopo La Rinoplastica?&#8221;][vc_column_text]Il dolore pu\u00f2 variare da persona a persona. I lividi sono relativamente pi\u00f9 comuni nei pazienti con una struttura del naso spessa e difficile rispetto a quelli con una struttura del naso facile. Anche se la persona presenta alcuni piccoli lividi, questi di solito si risolvono entro una settimana.[\/vc_column_text][\/toggle][toggle color=&#8221;Default&#8221; heading_tag=&#8221;default&#8221; heading_tag_functionality=&#8221;default&#8221; title=&#8221;\u00c8 Possibile Utilizzare Photoshop Prima Dell&#8217;intervento Chirurgico Al Naso?&#8221;][vc_column_text]Durante l&#8217;esame prima dell&#8217;intervento al naso vengono scattate le foto del naso del paziente e vengono apportate modifiche con Photoshop secondo le idee del paziente. Pertanto, il paziente decide che tipo di aspetto del naso vorrebbe avere.[\/vc_column_text][\/toggle][toggle color=&#8221;Default&#8221; heading_tag=&#8221;default&#8221; heading_tag_functionality=&#8221;default&#8221; title=&#8221;La Rinoplastica Cambia L&#8217;espressione Del Viso?&#8221;][vc_column_text]Poich\u00e9 il naso si trova al centro del viso, determina l&#8217;espressione del nostro viso. Pertanto, le modifiche al naso possono modificare l&#8217;espressione del viso. Tuttavia, l&#8217;intero viso \u00e8 un tutt&#8217;uno, quindi la rinoplastica non modifica l&#8217;espressione dell&#8217;intero viso.[\/vc_column_text][\/toggle][toggle color=&#8221;Default&#8221; heading_tag=&#8221;default&#8221; heading_tag_functionality=&#8221;default&#8221; title=&#8221;Cos\u2019\u00e8 La Rinoplastica Di Revisione?&#8221;][vc_column_text]Dopo l\u2019intervento estetico del naso possono verificarsi problemi anatomici come flessione del naso, asimmetria e problemi funzionali come la congestione nasale. Inoltre, i secondi o pi\u00f9 interventi chirurgici eseguiti nei casi in cui il risultato visivo postoperatorio non \u00e8 quello desiderato sono chiamati rinoplastica di &#8220;revisione&#8221;.[\/vc_column_text][\/toggle][\/toggles][\/vc_column][\/vc_row]\n","protected":false},"excerpt":{"rendered":"<p>[vc_row type=&#8221;in_container&#8221; full_screen_row_position=&#8221;middle&#8221; column_margin=&#8221;default&#8221; equal_height=&#8221;yes&#8221; content_placement=&#8221;middle&#8221; column_direction=&#8221;default&#8221; column_direction_tablet=&#8221;default&#8221; column_direction_phone=&#8221;default&#8221; bg_color=&#8221;#ffffff&#8221; scene_position=&#8221;center&#8221; text_color=&#8221;dark&#8221; text_align=&#8221;left&#8221; row_border_radius=&#8221;none&#8221; row_border_radius_applies=&#8221;bg&#8221; overflow=&#8221;visible&#8221; overlay_strength=&#8221;0.3&#8243; gradient_direction=&#8221;left_to_right&#8221; shape_divider_position=&#8221;bottom&#8221; bg_image_animation=&#8221;none&#8221; gradient_type=&#8221;default&#8221; shape_type=&#8221;&#8221;][vc_column column_padding=&#8221;padding-5-percent&#8221; column_padding_tablet=&#8221;inherit&#8221; column_padding_phone=&#8221;inherit&#8221; column_padding_position=&#8221;all&#8221; column_element_direction_desktop=&#8221;default&#8221; column_element_spacing=&#8221;default&#8221; desktop_text_alignment=&#8221;default&#8221; tablet_text_alignment=&#8221;default&#8221;&#8230;<\/p>\n","protected":false},"author":2,"featured_media":0,"parent":0,"menu_order":0,"comment_status":"closed","ping_status":"closed","template":"","meta":{"footnotes":""},"class_list":["post-3316","page","type-page","status-publish"],"_links":{"self":[{"href":"https:\/\/qualitylifehealth.com\/it\/wp-json\/wp\/v2\/pages\/3316","targetHints":{"allow":["GET"]}}],"collection":[{"href":"https:\/\/qualitylifehealth.com\/it\/wp-json\/wp\/v2\/pages"}],"about":[{"href":"https:\/\/qualitylifehealth.com\/it\/wp-json\/wp\/v2\/types\/page"}],"author":[{"embeddable":true,"href":"https:\/\/qualitylifehealth.com\/it\/wp-json\/wp\/v2\/users\/2"}],"replies":[{"embeddable":true,"href":"https:\/\/qualitylifehealth.com\/it\/wp-json\/wp\/v2\/comments?post=3316"}],"version-history":[{"count":3,"href":"https:\/\/qualitylifehealth.com\/it\/wp-json\/wp\/v2\/pages\/3316\/revisions"}],"predecessor-version":[{"id":3321,"href":"https:\/\/qualitylifehealth.com\/it\/wp-json\/wp\/v2\/pages\/3316\/revisions\/3321"}],"wp:attachment":[{"href":"https:\/\/qualitylifehealth.com\/it\/wp-json\/wp\/v2\/media?parent=3316"}],"curies":[{"name":"wp","href":"https:\/\/api.w.org\/{rel}","templated":true}]}}