{"id":3333,"date":"2023-11-29T15:50:10","date_gmt":"2023-11-29T12:50:10","guid":{"rendered":"https:\/\/qualitylifehealth.com\/sirt-germe\/"},"modified":"2024-07-14T14:34:09","modified_gmt":"2024-07-14T11:34:09","slug":"lifting-della-schiena","status":"publish","type":"page","link":"https:\/\/qualitylifehealth.com\/it\/lifting-della-schiena\/","title":{"rendered":"Lifting della Schiena"},"content":{"rendered":"[vc_row type=&#8221;in_container&#8221; full_screen_row_position=&#8221;middle&#8221; column_margin=&#8221;default&#8221; equal_height=&#8221;yes&#8221; content_placement=&#8221;middle&#8221; column_direction=&#8221;default&#8221; column_direction_tablet=&#8221;default&#8221; column_direction_phone=&#8221;default&#8221; bg_color=&#8221;#ffffff&#8221; scene_position=&#8221;center&#8221; text_color=&#8221;dark&#8221; text_align=&#8221;left&#8221; row_border_radius=&#8221;none&#8221; row_border_radius_applies=&#8221;bg&#8221; overflow=&#8221;visible&#8221; overlay_strength=&#8221;0.3&#8243; gradient_direction=&#8221;left_to_right&#8221; shape_divider_position=&#8221;bottom&#8221; bg_image_animation=&#8221;none&#8221; gradient_type=&#8221;default&#8221; shape_type=&#8221;&#8221;][vc_column column_padding=&#8221;padding-5-percent&#8221; column_padding_tablet=&#8221;inherit&#8221; column_padding_phone=&#8221;inherit&#8221; column_padding_position=&#8221;all&#8221; column_element_direction_desktop=&#8221;default&#8221; column_element_spacing=&#8221;default&#8221; desktop_text_alignment=&#8221;default&#8221; tablet_text_alignment=&#8221;default&#8221; phone_text_alignment=&#8221;default&#8221; background_color_opacity=&#8221;1&#8243; background_hover_color_opacity=&#8221;1&#8243; column_backdrop_filter=&#8221;none&#8221; column_shadow=&#8221;none&#8221; column_border_radius=&#8221;none&#8221; column_link_target=&#8221;_self&#8221; column_position=&#8221;default&#8221; gradient_direction=&#8221;left_to_right&#8221; overlay_strength=&#8221;0.3&#8243; width=&#8221;1\/2&#8243; tablet_width_inherit=&#8221;default&#8221; animation_type=&#8221;default&#8221; bg_image_animation=&#8221;none&#8221; border_type=&#8221;simple&#8221; column_border_width=&#8221;none&#8221; column_border_style=&#8221;solid&#8221; column_padding_type=&#8221;default&#8221; gradient_type=&#8221;default&#8221;][vc_row_inner column_margin=&#8221;default&#8221; column_direction=&#8221;default&#8221; column_direction_tablet=&#8221;default&#8221; column_direction_phone=&#8221;default&#8221; text_align=&#8221;left&#8221; row_position=&#8221;default&#8221; row_position_tablet=&#8221;inherit&#8221; row_position_phone=&#8221;inherit&#8221; overflow=&#8221;visible&#8221; pointer_events=&#8221;all&#8221;][vc_column_inner column_padding=&#8221;no-extra-padding&#8221; column_padding_tablet=&#8221;inherit&#8221; column_padding_phone=&#8221;inherit&#8221; column_padding_position=&#8221;all&#8221; column_element_direction_desktop=&#8221;default&#8221; column_element_spacing=&#8221;default&#8221; desktop_text_alignment=&#8221;default&#8221; tablet_text_alignment=&#8221;default&#8221; phone_text_alignment=&#8221;default&#8221; background_color_opacity=&#8221;1&#8243; background_hover_color_opacity=&#8221;1&#8243; column_backdrop_filter=&#8221;none&#8221; column_shadow=&#8221;none&#8221; column_border_radius=&#8221;none&#8221; column_link_target=&#8221;_self&#8221; overflow=&#8221;visible&#8221; gradient_direction=&#8221;left_to_right&#8221; overlay_strength=&#8221;0.3&#8243; width=&#8221;1\/1&#8243; tablet_width_inherit=&#8221;default&#8221; animation_type=&#8221;default&#8221; enable_animation=&#8221;true&#8221; animation=&#8221;fade-in-from-bottom&#8221; animation_easing=&#8221;default&#8221; bg_image_animation=&#8221;none&#8221; border_type=&#8221;simple&#8221; column_border_width=&#8221;none&#8221; column_border_style=&#8221;solid&#8221;][vc_custom_heading text=&#8221;Lifting della Schiena&#8221; font_container=&#8221;tag:h1|font_size:40|text_align:left|line_height:50px&#8221; use_theme_fonts=&#8221;yes&#8221;][vc_custom_heading text=&#8221;L&#8217;intervento di lifting della schiena \u00e8 solitamente eseguito per rimuovere la pelle in eccesso nella zona della schiena, dopo una significativa perdita di peso o una liposuzione. Con questa operazione, le aree cadenti e stratificate vengono appianate e rassodate, permettendoti di ottenere la tensione desiderata nella schiena.<\/p>\n<p>La pelle in eccesso nella zona della schiena pu\u00f2 creare una situazione scomoda sotto i vestiti. Per migliorare questo aspetto e ottenere l&#8217;aspetto desiderato, puoi scegliere Quailty Life Health Travel.&#8221; font_container=&#8221;tag:p|text_align:left|color:rgba(10%2C10%2C10%2C0.6)&#8221; use_theme_fonts=&#8221;yes&#8221;][\/vc_column_inner][\/vc_row_inner][\/vc_column][vc_column column_padding=&#8221;no-extra-padding&#8221; column_padding_tablet=&#8221;inherit&#8221; column_padding_phone=&#8221;inherit&#8221; column_padding_position=&#8221;all&#8221; column_element_direction_desktop=&#8221;default&#8221; column_element_spacing=&#8221;default&#8221; desktop_text_alignment=&#8221;default&#8221; tablet_text_alignment=&#8221;default&#8221; phone_text_alignment=&#8221;default&#8221; background_color_opacity=&#8221;1&#8243; background_hover_color_opacity=&#8221;1&#8243; column_backdrop_filter=&#8221;none&#8221; column_shadow=&#8221;none&#8221; column_border_radius=&#8221;none&#8221; column_link_target=&#8221;_self&#8221; column_position=&#8221;default&#8221; gradient_direction=&#8221;left_to_right&#8221; overlay_strength=&#8221;0.3&#8243; width=&#8221;1\/2&#8243; tablet_width_inherit=&#8221;default&#8221; animation_type=&#8221;default&#8221; bg_image_animation=&#8221;none&#8221; border_type=&#8221;simple&#8221; column_border_width=&#8221;none&#8221; column_border_style=&#8221;solid&#8221; column_padding_type=&#8221;default&#8221; gradient_type=&#8221;default&#8221;][image_with_animation image_url=&#8221;718&#8243; image_size=&#8221;full&#8221; animation_type=&#8221;entrance&#8221; animation=&#8221;None&#8221; animation_movement_type=&#8221;transform_y&#8221; hover_animation=&#8221;none&#8221; alignment=&#8221;&#8221; border_radius=&#8221;20px&#8221; box_shadow=&#8221;none&#8221; image_loading=&#8221;default&#8221; max_width=&#8221;100%&#8221; max_width_mobile=&#8221;default&#8221;][\/vc_column][\/vc_row][vc_row type=&#8221;full_width_background&#8221; full_screen_row_position=&#8221;middle&#8221; column_margin=&#8221;default&#8221; column_direction=&#8221;default&#8221; column_direction_tablet=&#8221;default&#8221; column_direction_phone=&#8221;default&#8221; bg_color=&#8221;#f7f7f7&#8243; scene_position=&#8221;center&#8221; top_padding=&#8221;100&#8243; bottom_padding=&#8221;100&#8243; text_color=&#8221;dark&#8221; text_align=&#8221;left&#8221; row_border_radius=&#8221;none&#8221; row_border_radius_applies=&#8221;bg&#8221; overflow=&#8221;visible&#8221; overlay_strength=&#8221;0.3&#8243; gradient_direction=&#8221;left_to_right&#8221; shape_divider_position=&#8221;bottom&#8221; bg_image_animation=&#8221;none&#8221;][vc_column column_padding=&#8221;no-extra-padding&#8221; column_padding_tablet=&#8221;inherit&#8221; column_padding_phone=&#8221;inherit&#8221; column_padding_position=&#8221;all&#8221; column_element_direction_desktop=&#8221;default&#8221; column_element_spacing=&#8221;default&#8221; desktop_text_alignment=&#8221;default&#8221; tablet_text_alignment=&#8221;default&#8221; phone_text_alignment=&#8221;default&#8221; background_color_opacity=&#8221;1&#8243; background_hover_color_opacity=&#8221;1&#8243; column_backdrop_filter=&#8221;none&#8221; column_shadow=&#8221;none&#8221; column_border_radius=&#8221;none&#8221; column_link_target=&#8221;_self&#8221; column_position=&#8221;default&#8221; gradient_direction=&#8221;left_to_right&#8221; overlay_strength=&#8221;0.3&#8243; width=&#8221;1\/1&#8243; tablet_width_inherit=&#8221;default&#8221; animation_type=&#8221;default&#8221; bg_image_animation=&#8221;none&#8221; border_type=&#8221;simple&#8221; column_border_width=&#8221;none&#8221; column_border_style=&#8221;solid&#8221;][vc_column_text]\n<h2>Domande Frequenti sul Lifting della Schiena<\/h2>\n[\/vc_column_text][toggles style=&#8221;minimal&#8221;][toggle color=&#8221;Default&#8221; heading_tag=&#8221;default&#8221; heading_tag_functionality=&#8221;default&#8221; title=&#8221;A chi \u00e8 rivolto l&#8217;intervento di lifting della schiena?&#8221;][vc_column_text]L&#8217;intervento di lifting della schiena pu\u00f2 essere eseguito su persone con pelle cadente e muscoli della schiena rilassati, che hanno pelle e tessuto sottocutaneo in eccesso che fuoriesce da costumi da bagno o abiti.<br \/>\n[\/vc_column_text][\/toggle][toggle color=&#8221;Default&#8221; heading_tag=&#8221;default&#8221; heading_tag_functionality=&#8221;default&#8221; title=&#8221;Come si esegue il lifting della schiena?&#8221;][vc_column_text]L&#8217;intervento di lifting della schiena viene eseguito in anestesia generale. Durante l&#8217;operazione, il tessuto adiposo in eccesso viene rimosso dall&#8217;ascella, dai lati del seno, sopra le scapole e dalla zona della linea del reggiseno che si estende verso il basso sotto il seno. Questo processo viene eseguito per rassodare la zona della schiena del paziente. Nei pazienti che hanno perso molto peso, dove la sola liposuzione non \u00e8 sufficiente, viene applicata un&#8217;operazione di lifting della pelle per rimuovere la pelle in eccesso dalla linea del reggiseno fino alle scapole.<\/p>\n<p>Dopo l&#8217;operazione, vengono applicati cerotti adesivi alla zona chirurgica e al paziente viene fatto indossare un corsetto.<br \/>\n[\/vc_column_text][\/toggle][toggle color=&#8221;Default&#8221; heading_tag=&#8221;default&#8221; heading_tag_functionality=&#8221;default&#8221; title=&#8221;Cosa considerare dopo l&#8217;intervento di lifting della schiena?&#8221;][vc_column_text]Dopo l&#8217;operazione, vengono applicati cerotti adesivi alla zona chirurgica e al paziente viene fatto indossare un corsetto. \u00c8 importante che il paziente utilizzi regolarmente i farmaci prescritti nel primo periodo per ridurre il rischio di infezione e sostenere una sana guarigione delle ferite.<br \/>\nNei primi giorni dopo l&#8217;operazione, sono comuni lividi, gonfiore, intorpidimento e lieve dolore. Vengono prescritti farmaci antidolorifici per alleviare il dolore. \u00c8 importante seguire attentamente le istruzioni di cura fornite dopo l&#8217;operazione per un processo di guarigione ottimale. \u00c8 necessario limitare i movimenti della parte superiore del corpo e evitare lavori pesanti per consentire la guarigione delle incisioni. La maggior parte dei pazienti pu\u00f2 tornare alla vita quotidiana dopo un mese. I risultati finali diventano pi\u00f9 evidenti entro quattro-sei mesi, quando tutti i gonfiori si sono ridotti.<br \/>\n[\/vc_column_text][\/toggle][toggle color=&#8221;Default&#8221; heading_tag=&#8221;default&#8221; heading_tag_functionality=&#8221;default&#8221; title=&#8221;Quando si pu\u00f2 tornare al lavoro dopo l&#8217;intervento di lifting della schiena?&#8221;][vc_column_text]Generalmente si pu\u00f2 tornare al lavoro una settimana dopo l&#8217;intervento di lifting della schiena.<br \/>\n[\/vc_column_text][\/toggle][toggle color=&#8221;Default&#8221; heading_tag=&#8221;default&#8221; heading_tag_functionality=&#8221;default&#8221; title=&#8221;Quanto dura l&#8217;intervento di lifting della schiena?&#8221;][vc_column_text]La durata dell&#8217;intervento di lifting della schiena pu\u00f2 variare tra le 2 e le 2,5 ore.<br \/>\n[\/vc_column_text][\/toggle][toggle color=&#8221;Default&#8221; heading_tag=&#8221;default&#8221; heading_tag_functionality=&#8221;default&#8221; title=&#8221;C&#8217;\u00e8 dolore dopo l&#8217;intervento di lifting della schiena?&#8221;][vc_column_text]Durante l&#8217;intervento di lifting della schiena, i pazienti non avvertono alcun dolore. Dopo l&#8217;operazione pu\u00f2 esserci un po&#8217; di dolore, ma con l&#8217;uso di potenti antidolorifici prescritti, questo processo pu\u00f2 essere quasi indolore.<br \/>\n[\/vc_column_text][\/toggle][toggle color=&#8221;Default&#8221; heading_tag=&#8221;default&#8221; heading_tag_functionality=&#8221;default&#8221; title=&#8221;Ci saranno cicatrici dopo l&#8217;intervento di lifting della schiena?&#8221;][vc_column_text]Durante l&#8217;intervento di lifting della schiena vengono utilizzati punti di sutura estetici riassorbibili, in modo che non sia necessario rimuoverli e le cicatrici siano minime. Inoltre, le cicatrici saranno posizionate in modo da rimanere sotto la biancheria intima e quindi non saranno evidenti. Anche se ci possono essere differenze tra i pazienti a seconda del tipo di pelle, le cicatrici in genere si schiariscono tra i 9 e i 12 mesi.<br \/>\n[\/vc_column_text][\/toggle][toggle color=&#8221;Default&#8221; heading_tag=&#8221;default&#8221; heading_tag_functionality=&#8221;default&#8221; title=&#8221;C&#8217;\u00e8 un limite di et\u00e0 per l&#8217;intervento di lifting della schiena?&#8221;][vc_column_text]L&#8217;intervento di lifting della schiena pu\u00f2 essere eseguito su pazienti di entrambi i sessi di et\u00e0 superiore ai 18 anni, che non hanno alcuna condizione medica che possa interferire con l&#8217;operazione.<br \/>\n[\/vc_column_text][\/toggle][\/toggles][\/vc_column][\/vc_row]\n","protected":false},"excerpt":{"rendered":"<p>[vc_row type=&#8221;in_container&#8221; full_screen_row_position=&#8221;middle&#8221; column_margin=&#8221;default&#8221; equal_height=&#8221;yes&#8221; content_placement=&#8221;middle&#8221; column_direction=&#8221;default&#8221; column_direction_tablet=&#8221;default&#8221; column_direction_phone=&#8221;default&#8221; bg_color=&#8221;#ffffff&#8221; scene_position=&#8221;center&#8221; text_color=&#8221;dark&#8221; text_align=&#8221;left&#8221; row_border_radius=&#8221;none&#8221; row_border_radius_applies=&#8221;bg&#8221; overflow=&#8221;visible&#8221; overlay_strength=&#8221;0.3&#8243; gradient_direction=&#8221;left_to_right&#8221; shape_divider_position=&#8221;bottom&#8221; bg_image_animation=&#8221;none&#8221; gradient_type=&#8221;default&#8221; shape_type=&#8221;&#8221;][vc_column column_padding=&#8221;padding-5-percent&#8221; column_padding_tablet=&#8221;inherit&#8221; column_padding_phone=&#8221;inherit&#8221; column_padding_position=&#8221;all&#8221; column_element_direction_desktop=&#8221;default&#8221; column_element_spacing=&#8221;default&#8221; desktop_text_alignment=&#8221;default&#8221; tablet_text_alignment=&#8221;default&#8221;&#8230;<\/p>\n","protected":false},"author":2,"featured_media":0,"parent":0,"menu_order":0,"comment_status":"closed","ping_status":"closed","template":"","meta":{"footnotes":""},"class_list":["post-3333","page","type-page","status-publish"],"_links":{"self":[{"href":"https:\/\/qualitylifehealth.com\/it\/wp-json\/wp\/v2\/pages\/3333","targetHints":{"allow":["GET"]}}],"collection":[{"href":"https:\/\/qualitylifehealth.com\/it\/wp-json\/wp\/v2\/pages"}],"about":[{"href":"https:\/\/qualitylifehealth.com\/it\/wp-json\/wp\/v2\/types\/page"}],"author":[{"embeddable":true,"href":"https:\/\/qualitylifehealth.com\/it\/wp-json\/wp\/v2\/users\/2"}],"replies":[{"embeddable":true,"href":"https:\/\/qualitylifehealth.com\/it\/wp-json\/wp\/v2\/comments?post=3333"}],"version-history":[{"count":3,"href":"https:\/\/qualitylifehealth.com\/it\/wp-json\/wp\/v2\/pages\/3333\/revisions"}],"predecessor-version":[{"id":3337,"href":"https:\/\/qualitylifehealth.com\/it\/wp-json\/wp\/v2\/pages\/3333\/revisions\/3337"}],"wp:attachment":[{"href":"https:\/\/qualitylifehealth.com\/it\/wp-json\/wp\/v2\/media?parent=3333"}],"curies":[{"name":"wp","href":"https:\/\/api.w.org\/{rel}","templated":true}]}}