{"id":9735,"date":"2026-02-18T21:30:09","date_gmt":"2026-02-18T18:30:09","guid":{"rendered":"https:\/\/qualitylifehealth.com\/cerez-politikasi\/"},"modified":"2026-02-18T23:28:12","modified_gmt":"2026-02-18T20:28:12","slug":"cerez-politikasi","status":"publish","type":"page","link":"https:\/\/qualitylifehealth.com\/it\/cerez-politikasi\/","title":{"rendered":"\u00c7erez Politikas\u0131"},"content":{"rendered":"[vc_row type=&#8221;in_container&#8221; full_screen_row_position=&#8221;middle&#8221; column_margin=&#8221;default&#8221; column_direction=&#8221;default&#8221; column_direction_tablet=&#8221;default&#8221; column_direction_phone=&#8221;default&#8221; scene_position=&#8221;center&#8221; top_padding=&#8221;5%&#8221; constrain_group_1=&#8221;yes&#8221; bottom_padding=&#8221;5%&#8221; text_color=&#8221;dark&#8221; text_align=&#8221;left&#8221; row_border_radius=&#8221;none&#8221; row_border_radius_applies=&#8221;bg&#8221; overflow=&#8221;visible&#8221; overlay_strength=&#8221;0.3&#8243; gradient_direction=&#8221;left_to_right&#8221; shape_divider_position=&#8221;bottom&#8221; bg_image_animation=&#8221;none&#8221; gradient_type=&#8221;default&#8221; shape_type=&#8221;&#8221;][vc_column column_padding=&#8221;no-extra-padding&#8221; column_padding_tablet=&#8221;inherit&#8221; column_padding_phone=&#8221;inherit&#8221; column_padding_position=&#8221;all&#8221; column_element_direction_desktop=&#8221;default&#8221; column_element_spacing=&#8221;default&#8221; desktop_text_alignment=&#8221;default&#8221; tablet_text_alignment=&#8221;default&#8221; phone_text_alignment=&#8221;default&#8221; background_color_opacity=&#8221;1&#8243; background_hover_color_opacity=&#8221;1&#8243; column_backdrop_filter=&#8221;none&#8221; column_shadow=&#8221;none&#8221; column_border_radius=&#8221;none&#8221; column_link_target=&#8221;_self&#8221; column_position=&#8221;default&#8221; gradient_direction=&#8221;left_to_right&#8221; overlay_strength=&#8221;0.3&#8243; width=&#8221;1\/1&#8243; tablet_width_inherit=&#8221;default&#8221; animation_type=&#8221;default&#8221; bg_image_animation=&#8221;none&#8221; border_type=&#8221;simple&#8221; column_border_width=&#8221;none&#8221; column_border_style=&#8221;solid&#8221;][vc_column_text]INFORMATIVA SUI COOKIE<br \/>\n1. Titolare del trattamento<\/p>\n<p>La presente Informativa sui cookie \u00e8 stata redatta da:<br \/>\nSM\u0130RN\u0130 SA\u011eLIK H\u0130ZMETLER\u0130 TUR\u0130ZM DANI\u015eMANLIK ACENTES\u0130 \u0130N\u015e. SAN. T\u0130C. LTD. \u015eT\u0130<br \/>\n(Marchio registrato: QUALITY LIFE HEALTH TRAVEL)<br \/>\nCodice fiscale: 7721554065<br \/>\nIndirizzo: Kartaltepe Mahallesi Saydam Sokak No:13\/A K\u00fc\u00e7\u00fck\u00e7ekmece \/ Istanbul<br \/>\n(di seguito \u201cSociet\u00e0\u201d o \u201cQuality Life Health Travel\u201d).<\/p>\n<p>La nostra societ\u00e0 fornisce servizi di organizzazione e consulenza ai pazienti che arrivano in Turchia dall\u2019estero, principalmente dai Paesi europei, per ricevere servizi sanitari.<\/p>\n<p>I dati personali degli utenti che visitano il nostro sito web sono trattati in conformit\u00e0 con:<br \/>\n\u2022 Legge turca n. 6698 sulla protezione dei dati personali (KVKK)<br \/>\n\u2022 Regolamento generale sulla protezione dei dati dell\u2019Unione Europea (GDPR)<\/p>\n<p>2. Cosa sono i cookie?<\/p>\n<p>I cookie sono piccoli file di testo che vengono memorizzati sul dispositivo dell\u2019utente tramite il browser quando si visita un sito web. Grazie ai cookie il sito funziona correttamente, l\u2019esperienza utente viene migliorata e le preferenze vengono ricordate.<\/p>\n<p>3. Tipologie di cookie utilizzati<br \/>\n3.1. Cookie necessari<\/p>\n<p>Sono necessari per il funzionamento sicuro e corretto del sito web. La gestione delle sessioni e i processi di sicurezza vengono effettuati tramite questi cookie.<\/p>\n<p>3.2. Cookie di prestazione e analisi<\/p>\n<p>Sono utilizzati per analizzare l\u2019utilizzo del sito web.<br \/>\nAd esempio: Google Analytics<\/p>\n<p>Questi cookie permettono di analizzare in forma anonima e aggregata:<br \/>\n\u2022 Numero di visitatori<br \/>\n\u2022 Fonti di traffico<br \/>\n\u2022 Pagine pi\u00f9 visitate<br \/>\n\u2022 Comportamenti degli utenti<\/p>\n<p>3.3. Cookie funzionali<\/p>\n<p>Sono utilizzati per ricordare le preferenze dell\u2019utente, come la scelta della lingua (ad es. turco \/ inglese \/ tedesco).<\/p>\n<p>3.4. Cookie di marketing e pubblicit\u00e0<\/p>\n<p>Consentono di mostrare contenuti e annunci in linea con gli interessi degli utenti.<br \/>\nStrumenti utilizzabili:<br \/>\n\u2022 Meta (Facebook \/ Instagram)<br \/>\n\u2022 Google Ads<\/p>\n<p>Questi cookie possono consentire la visualizzazione di contenuti pertinenti su altre piattaforme digitali dopo la visita al sito.<\/p>\n<p>4. Finalit\u00e0 del trattamento dei dati personali<\/p>\n<p>I dati raccolti tramite i cookie vengono trattati per:<br \/>\n\u2022 Garantire la sicurezza del sito web<br \/>\n\u2022 Migliorare la qualit\u00e0 dei servizi<br \/>\n\u2022 Migliorare l\u2019esperienza utente per i pazienti provenienti da Paesi europei<br \/>\n\u2022 Svolgere attivit\u00e0 di marketing e pubblicit\u00e0<br \/>\n\u2022 Effettuare analisi statistiche<br \/>\n\u2022 Adempiere agli obblighi legali<\/p>\n<p>5. Base giuridica<\/p>\n<p>I dati sono trattati sulla base di:<br \/>\n\u2022 Interesse legittimo ai sensi dell\u2019art. 5\/2 del KVKK<br \/>\n\u2022 Consenso esplicito dell\u2019utente per i cookie che richiedono consenso<br \/>\n\u2022 Consenso esplicito e interesse legittimo ai sensi dell\u2019art. 6 del GDPR<\/p>\n<p>In caso di accesso da Paesi dell\u2019Unione Europea si applicano le disposizioni del GDPR.<\/p>\n<p>6. Trasferimento dei dati all\u2019estero<\/p>\n<p>A causa dell\u2019utilizzo di alcuni fornitori di servizi terzi (come Google e Meta), i dati personali possono essere trasferiti su server situati all\u2019estero.<br \/>\nTale trasferimento avviene in conformit\u00e0 con l\u2019art. 9 del KVKK e le disposizioni del GDPR sul trasferimento dei dati, adottando le necessarie misure tecniche e amministrative.<\/p>\n<p>7. Periodo di conservazione dei cookie<\/p>\n<p>I cookie possono essere conservati:<br \/>\n\u2022 Per la durata della sessione (cookie di sessione)<br \/>\n\u2022 Per un determinato periodo (cookie persistenti)<\/p>\n<p>I periodi di conservazione variano in base al tipo di cookie.<\/p>\n<p>8. Controllo dei cookie<\/p>\n<p>Modificando le impostazioni del browser \u00e8 possibile:<br \/>\n\u2022 Bloccare i cookie<br \/>\n\u2022 Eliminare i cookie<br \/>\n\u2022 Ricevere avvisi sull\u2019uso dei cookie<\/p>\n<p>Tuttavia, la disattivazione di alcuni cookie pu\u00f2 impedire il corretto funzionamento di alcune funzionalit\u00e0 del sito.<\/p>\n<p>9. Diritti dell\u2019interessato<\/p>\n<p>Ai sensi del KVKK:<br \/>\n\u2022 Sapere se i dati personali vengono trattati<br \/>\n\u2022 Richiedere informazioni<br \/>\n\u2022 Richiedere la rettifica<br \/>\n\u2022 Richiedere la cancellazione o distruzione<br \/>\n\u2022 Richiedere informazioni sul trasferimento all\u2019estero<\/p>\n<p>Ai sensi del GDPR (per visitatori UE):<br \/>\n\u2022 Diritto di accesso<br \/>\n\u2022 Diritto di rettifica<br \/>\n\u2022 Diritto alla cancellazione (Right to be Forgotten)<br \/>\n\u2022 Diritto alla portabilit\u00e0 dei dati<br \/>\n\u2022 Diritto di opposizione al trattamento<\/p>\n<p>10. Contatti<\/p>\n<p>\u00c8 possibile inviare le proprie richieste tramite i seguenti recapiti:<\/p>\n<p>SM\u0130RN\u0130 SA\u011eLIK H\u0130ZMETLER\u0130 TUR\u0130ZM DANI\u015eMANLIK ACENTES\u0130 \u0130N\u015e. SAN. T\u0130C. LTD. \u015eT\u0130<br \/>\n(QUALITY LIFE HEALTH TRAVEL)<br \/>\nIndirizzo: K\u00fc\u00e7\u00fck\u00e7ekmece \/ Istanbul<br \/>\nCodice fiscale: 7721554065<br \/>\nE-mail:<br \/>\nconsultancy@qualitylifehealthtravel.info<\/p>\n<p>smirnisaglikhizmetleri@hs01.kep.tr<\/p>\n<p>11. Aggiornamenti<\/p>\n<p>La Societ\u00e0 si riserva il diritto di aggiornare la presente Informativa sui cookie in base a modifiche legislative o esigenze operative.<br \/>\nIl testo aggiornato entra in vigore dalla data di pubblicazione sul sito web.[\/vc_column_text][\/vc_column][\/vc_row]\n","protected":false},"excerpt":{"rendered":"<p>[vc_row type=&#8221;in_container&#8221; full_screen_row_position=&#8221;middle&#8221; column_margin=&#8221;default&#8221; column_direction=&#8221;default&#8221; column_direction_tablet=&#8221;default&#8221; column_direction_phone=&#8221;default&#8221; scene_position=&#8221;center&#8221; top_padding=&#8221;5%&#8221; constrain_group_1=&#8221;yes&#8221; bottom_padding=&#8221;5%&#8221; text_color=&#8221;dark&#8221; text_align=&#8221;left&#8221; row_border_radius=&#8221;none&#8221; row_border_radius_applies=&#8221;bg&#8221; overflow=&#8221;visible&#8221; overlay_strength=&#8221;0.3&#8243; gradient_direction=&#8221;left_to_right&#8221; shape_divider_position=&#8221;bottom&#8221; bg_image_animation=&#8221;none&#8221; gradient_type=&#8221;default&#8221; shape_type=&#8221;&#8221;][vc_column column_padding=&#8221;no-extra-padding&#8221; column_padding_tablet=&#8221;inherit&#8221; column_padding_phone=&#8221;inherit&#8221; column_padding_position=&#8221;all&#8221; column_element_direction_desktop=&#8221;default&#8221; column_element_spacing=&#8221;default&#8221; desktop_text_alignment=&#8221;default&#8221; tablet_text_alignment=&#8221;default&#8221;&#8230;<\/p>\n","protected":false},"author":2,"featured_media":0,"parent":0,"menu_order":0,"comment_status":"closed","ping_status":"closed","template":"","meta":{"footnotes":""},"class_list":["post-9735","page","type-page","status-publish"],"_links":{"self":[{"href":"https:\/\/qualitylifehealth.com\/it\/wp-json\/wp\/v2\/pages\/9735","targetHints":{"allow":["GET"]}}],"collection":[{"href":"https:\/\/qualitylifehealth.com\/it\/wp-json\/wp\/v2\/pages"}],"about":[{"href":"https:\/\/qualitylifehealth.com\/it\/wp-json\/wp\/v2\/types\/page"}],"author":[{"embeddable":true,"href":"https:\/\/qualitylifehealth.com\/it\/wp-json\/wp\/v2\/users\/2"}],"replies":[{"embeddable":true,"href":"https:\/\/qualitylifehealth.com\/it\/wp-json\/wp\/v2\/comments?post=9735"}],"version-history":[{"count":1,"href":"https:\/\/qualitylifehealth.com\/it\/wp-json\/wp\/v2\/pages\/9735\/revisions"}],"predecessor-version":[{"id":9811,"href":"https:\/\/qualitylifehealth.com\/it\/wp-json\/wp\/v2\/pages\/9735\/revisions\/9811"}],"wp:attachment":[{"href":"https:\/\/qualitylifehealth.com\/it\/wp-json\/wp\/v2\/media?parent=9735"}],"curies":[{"name":"wp","href":"https:\/\/api.w.org\/{rel}","templated":true}]}}