{"id":9749,"date":"2026-02-18T21:28:54","date_gmt":"2026-02-18T18:28:54","guid":{"rendered":"https:\/\/qualitylifehealth.com\/kvkk\/"},"modified":"2026-04-12T23:56:19","modified_gmt":"2026-04-12T20:56:19","slug":"kvkk","status":"publish","type":"page","link":"https:\/\/qualitylifehealth.com\/nl\/kvkk\/","title":{"rendered":"kvkk"},"content":{"rendered":"[vc_row type=&#8221;in_container&#8221; full_screen_row_position=&#8221;middle&#8221; column_margin=&#8221;default&#8221; column_direction=&#8221;default&#8221; column_direction_tablet=&#8221;default&#8221; column_direction_phone=&#8221;default&#8221; scene_position=&#8221;center&#8221; top_padding=&#8221;5%&#8221; constrain_group_1=&#8221;yes&#8221; bottom_padding=&#8221;5%&#8221; text_color=&#8221;dark&#8221; text_align=&#8221;left&#8221; row_border_radius=&#8221;none&#8221; row_border_radius_applies=&#8221;bg&#8221; overflow=&#8221;visible&#8221; overlay_strength=&#8221;0.3&#8243; gradient_direction=&#8221;left_to_right&#8221; shape_divider_position=&#8221;bottom&#8221; bg_image_animation=&#8221;none&#8221; gradient_type=&#8221;default&#8221; shape_type=&#8221;&#8221;][vc_column column_padding=&#8221;no-extra-padding&#8221; column_padding_tablet=&#8221;inherit&#8221; column_padding_phone=&#8221;inherit&#8221; column_padding_position=&#8221;all&#8221; column_element_direction_desktop=&#8221;default&#8221; column_element_spacing=&#8221;default&#8221; desktop_text_alignment=&#8221;default&#8221; tablet_text_alignment=&#8221;default&#8221; phone_text_alignment=&#8221;default&#8221; background_color_opacity=&#8221;1&#8243; background_hover_color_opacity=&#8221;1&#8243; column_backdrop_filter=&#8221;none&#8221; column_shadow=&#8221;none&#8221; column_border_radius=&#8221;none&#8221; column_link_target=&#8221;_self&#8221; column_position=&#8221;default&#8221; gradient_direction=&#8221;left_to_right&#8221; overlay_strength=&#8221;0.3&#8243; width=&#8221;1\/1&#8243; tablet_width_inherit=&#8221;default&#8221; animation_type=&#8221;default&#8221; bg_image_animation=&#8221;none&#8221; border_type=&#8221;simple&#8221; column_border_width=&#8221;none&#8221; column_border_style=&#8221;solid&#8221;][vc_column_text]SM\u0130RN\u0130 SA\u011eLIK H\u0130ZMETLER\u0130 TUR\u0130ZM DANI\u015eMANLIK T\u0130CARET L\u0130M\u0130TED \u015e\u0130RKET\u0130<\/p>\n<p>INFORMATIETEKST OVER DE VERWERKING VAN PERSOONSGEGEVENS (KVKK)<\/p>\n<p>IDENTITEIT VAN DE VERWERKINGSVERANTWOORDELIJKE<\/p>\n<p>SM\u0130RN\u0130 SA\u011eLIK H\u0130ZMETLER\u0130<br \/>\nAdres: Kartaltepe Mah. Saydam Sok. No:13\/A K\u00fc\u00e7\u00fck\u00e7ekmece \/ Istanbul<br \/>\nTelefoon: 05449581719 &#8211; 05389714933<\/p>\n<p>De vennootschap SM\u0130RN\u0130 SA\u011eLIK H\u0130ZMETLER\u0130 TUR\u0130ZM DANI\u015eMANLIK T\u0130CARET L\u0130M\u0130TED \u015e\u0130RKET\u0130, handelend onder het merk Quality Life Health Travel, informeert u hierbij overeenkomstig Wet nr. 6698 inzake de bescherming van persoonsgegevens (\u201cKVKK\u201d).<\/p>\n<p>1. Verwerkingsverantwoordelijke<\/p>\n<p>Overeenkomstig Wet nr. 6698 inzake de bescherming van persoonsgegevens (\u201cKVKK\u201d) is de verwerkingsverantwoordelijke:<\/p>\n<p>SM\u0130RN\u0130 SA\u011eLIK H\u0130ZMETLER\u0130 TUR\u0130ZM DANI\u015eMANLIK T\u0130CARET L\u0130M\u0130TED \u015e\u0130RKET\u0130<br \/>\nWebsite: https:\/\/qualitylifehealth.com<\/p>\n<p>E-mail: info@qualitylifehealth.com<\/p>\n<p>Adres: Kartaltepe Mah. Saydam Sok. No:13\/A K\u00fc\u00e7\u00fck\u00e7ekmece \/ Istanbul<\/p>\n<p>2. Categorie\u00ebn van verwerkte persoonsgegevens<\/p>\n<p>De volgende persoonsgegevens die u met ons deelt of die tijdens het dienstverleningsproces worden verkregen, kunnen worden verwerkt:<\/p>\n<p>Identiteitsgegevens:<\/p>\n<p>Naam en achternaam, paspoortgegevens, geboortedatum, nationaliteit.<\/p>\n<p>Contactgegevens:<\/p>\n<p>Telefoonnummer, e-mailadres, WhatsApp-contactgegevens, adres.<\/p>\n<p>Gezondheidsgegevens (bijzondere categorie persoonsgegevens):<\/p>\n<p>Uw gezondheidsgegevens worden uitsluitend verwerkt voor:<\/p>\n<p>de organisatie van medisch toerisme,<br \/>\nhet plannen van afspraken en consultaties,<br \/>\nde co\u00f6rdinatie van behandeltrajecten,<br \/>\nhet doorsturen van medische dossiers naar bevoegde zorginstellingen,<br \/>\nhet plannen van reizen en verblijf in overeenstemming met de behandeling,<br \/>\nhet nakomen van wettelijke verplichtingen.<\/p>\n<p>Deze gegevens worden uitsluitend verwerkt via bevoegde zorginstellingen en artsen, conform de geldende wetgeving en onder hun verantwoordelijkheid.<\/p>\n<p>Financi\u00eble gegevens:<\/p>\n<p>Factuurgegevens, betalingsregistraties.<\/p>\n<p>Logistieke gegevens:<\/p>\n<p>Informatie over vluchten, transfers en accommodatieboekingen.<\/p>\n<p>Digitale gegevens:<\/p>\n<p>IP-adres, cookies, websitegebruik, formulieren en aanvraagregistraties.<\/p>\n<p>3. Doeleinden van de verwerking van persoonsgegevens<\/p>\n<p>Uw persoonsgegevens worden verwerkt voor de volgende doeleinden:<\/p>\n<p>Planning van activiteiten die direct of indirect worden uitgevoerd door Quality Life Health Travel<br \/>\nHet verlenen van bemiddelingsdiensten in medisch toerisme<br \/>\nHet organiseren van afspraken met klinieken, ziekenhuizen en artsen<br \/>\nCo\u00f6rdinatie tussen pati\u00ebnt, kliniek en tussenpersoon<br \/>\nRegistratie van pati\u00ebnten op het portaal HealthT\u00fcrkiye, meldingen van behandelprocessen, uploaden van medische rapporten en rapportage aan USHA\u015e<br \/>\nPlanning van transfers, accommodatie en reizen<br \/>\nBoekhouding en financi\u00eble administratie<br \/>\nCommunicatie via WhatsApp Business, telefoon en e-mail<br \/>\nBeheer van pati\u00ebntopvolging via het CRM-systeem Bitrix24<br \/>\nVerbetering van de servicekwaliteit en operationele processen<br \/>\nAfhandeling van klachten en verzoeken tot inzage of correctie<br \/>\nNakoming van wettelijke verplichtingen<br \/>\nWaarborging van de juridische veiligheid van Quality Life Health Travel<br \/>\nReclame, marketing en sociale media \u2013 mits uitdrukkelijke toestemming<br \/>\n4. Rechtsgrondslag voor verwerking<\/p>\n<p>Uw persoonsgegevens worden verwerkt op basis van de volgende rechtsgronden:<\/p>\n<p>Artikel 5\/2-c (sluiting en uitvoering van de overeenkomst)<\/p>\n<p>Voor het sluiten, uitvoeren en nakomen van contractuele verplichtingen.<\/p>\n<p>Artikel 5\/2-\u00e7 (wettelijke verplichtingen)<\/p>\n<p>Voor het nakomen van verplichtingen uit de toepasselijke wetgeving.<\/p>\n<p>Artikel 5\/2-f (gerechtvaardigd belang)<\/p>\n<p>Voor de bescherming van de gerechtvaardigde belangen van de verwerkingsverantwoordelijke.<\/p>\n<p>Artikel 6\/3 (gezondheidsgegevens)<\/p>\n<p>Voor de organisatie van medisch toerisme, behandelco\u00f6rdinatie en logistiek.<\/p>\n<p>Artikelen 5\/1 en 6\/2 (uitdrukkelijke toestemming)<\/p>\n<p>Wanneer geen andere rechtsgrond bestaat \u2013 op basis van uw uitdrukkelijke toestemming.<\/p>\n<p>5. Doorgifte van persoonsgegevens<\/p>\n<p>Uw persoonsgegevens kunnen, overeenkomstig de artikelen 8 en 9 van de KVKK, worden gedeeld met:<\/p>\n<p>Turkish Ministry of Health<br \/>\nUSHA\u015e en gerelateerde platforms (inclusief HealthT\u00fcrkiye)<br \/>\nPartnerklinieken, artsen en ziekenhuizen<br \/>\nTransfer- en accommodatiebedrijven (uitsluitend logistieke gegevens)<br \/>\nBanken, boekhoudkundige dienstverleners en e-facturatiediensten<br \/>\nCRM-systemen<br \/>\nBevoegd intern personeel<br \/>\nIT-infrastructuurleveranciers (servers, software, cloud)<br \/>\nJuridische en financi\u00eble adviseurs<br \/>\nBevoegde overheidsinstanties<br \/>\nVerzekeringsmaatschappijen (indien nodig)<br \/>\n6. Methoden van gegevensverzameling<\/p>\n<p>Uw persoonsgegevens worden automatisch of niet-automatisch verzameld via:<\/p>\n<p>de website van Quality Life Health Travel<br \/>\nhet platform HealthT\u00fcrkiye<br \/>\nsociale media<br \/>\ncallcenter<br \/>\ne-mail<br \/>\nmobiele applicaties<br \/>\nonline formulieren<br \/>\novereenkomsten<br \/>\nandere communicatiekanalen<br \/>\n7. Internationale doorgifte van gegevens<\/p>\n<p>In het kader van de organisatie van medisch toerisme kunnen verwerkte persoonsgegevens naar het buitenland worden doorgegeven vanwege de informatiesystemen die in de dienstverlening worden gebruikt. In dit verband kunnen gegevens worden doorgegeven aan servers in het buitenland via systemen die worden gebruikt voor klantrelatiebeheer (CRM) en communicatieactiviteiten. Een dergelijke doorgifte vindt plaats overeenkomstig artikel 9 van de KVKK en, indien nodig, op basis van uitdrukkelijke toestemming.<\/p>\n<p>SM\u0130RN\u0130 SA\u011eLIK H\u0130ZMETLER\u0130 treedt op als bemiddelaar binnen medisch toerisme en is niet rechtstreeks verantwoordelijk voor medische diagnoses, behandelingen of ingrepen. Alle verantwoordelijkheid voor medische handelingen ligt bij de bevoegde zorginstellingen en de verantwoordelijke artsen.<\/p>\n<p>Persoonsgegevens worden bewaard overeenkomstig de toepasselijke wetgeving en de doeleinden van verwerking:<\/p>\n<p>gezondheidsgegevens: volgens wettelijke bewaartermijnen<br \/>\nfinanci\u00eble en boekhoudkundige gegevens: 10 jaar<br \/>\nCRM-gegevens: duur van de dienstverlening + wettelijke termijn<br \/>\nmarketinggegevens: totdat toestemming wordt ingetrokken<br \/>\nweb- en loggegevens: 2 jaar<\/p>\n<p>Na afloop van de bewaartermijn worden persoonsgegevens verwijderd, vernietigd of geanonimiseerd overeenkomstig de toepasselijke wetgeving.<\/p>\n<p>8. Bewaartermijnen van gegevens<br \/>\nGezondheidsgegevens: volgens de wet<br \/>\nFinanci\u00eble en boekhoudkundige gegevens: 10 jaar<br \/>\nCRM-gegevens: duur van de dienstverlening + wettelijke termijn<br \/>\nMarketinggegevens: totdat toestemming wordt ingetrokken<br \/>\nWeb- en loggegevens: 2 jaar<br \/>\n9. Rechten van de betrokkene<\/p>\n<p>Overeenkomstig artikel 11 van de KVKK heeft u het recht om:<\/p>\n<p>te weten of uw gegevens worden verwerkt<br \/>\ninformatie over de verwerking op te vragen<br \/>\nrectificatie te verzoeken<br \/>\nverwijdering of vernietiging te verzoeken<br \/>\nte weten aan welke derden gegevens zijn verstrekt<br \/>\nbezwaar te maken tegen besluiten die uitsluitend op geautomatiseerde verwerking zijn gebaseerd<br \/>\nschadevergoeding te eisen in geval van schade<br \/>\nContact met ons opnemen:<\/p>\n<p>Voor verzoeken, klachten of vragen:<\/p>\n<p>Adres: Kartaltepe Mah. Saydam Sok. No:13\/A K\u00fc\u00e7\u00fck\u00e7ekmece \/ Istanbul<br \/>\nKEP: smirnisaglikhizmetleri@hs01.kep.tr<\/p>\n<p>Uw verzoek wordt na identiteitscontrole kosteloos binnen de wettelijke termijn behandeld. Indien de behandeling extra kosten met zich meebrengt, kan een vergoeding in rekening worden gebracht overeenkomstig het tarief vastgesteld door de KVKK-raad.[\/vc_column_text][\/vc_column][\/vc_row]\n","protected":false},"excerpt":{"rendered":"<p>[vc_row type=&#8221;in_container&#8221; full_screen_row_position=&#8221;middle&#8221; column_margin=&#8221;default&#8221; column_direction=&#8221;default&#8221; column_direction_tablet=&#8221;default&#8221; column_direction_phone=&#8221;default&#8221; scene_position=&#8221;center&#8221; top_padding=&#8221;5%&#8221; constrain_group_1=&#8221;yes&#8221; bottom_padding=&#8221;5%&#8221; text_color=&#8221;dark&#8221; text_align=&#8221;left&#8221; row_border_radius=&#8221;none&#8221; row_border_radius_applies=&#8221;bg&#8221; overflow=&#8221;visible&#8221; overlay_strength=&#8221;0.3&#8243; gradient_direction=&#8221;left_to_right&#8221; shape_divider_position=&#8221;bottom&#8221; bg_image_animation=&#8221;none&#8221; gradient_type=&#8221;default&#8221; shape_type=&#8221;&#8221;][vc_column column_padding=&#8221;no-extra-padding&#8221; column_padding_tablet=&#8221;inherit&#8221; column_padding_phone=&#8221;inherit&#8221; column_padding_position=&#8221;all&#8221; column_element_direction_desktop=&#8221;default&#8221; column_element_spacing=&#8221;default&#8221; desktop_text_alignment=&#8221;default&#8221; tablet_text_alignment=&#8221;default&#8221;&#8230;<\/p>\n","protected":false},"author":2,"featured_media":0,"parent":0,"menu_order":0,"comment_status":"closed","ping_status":"closed","template":"","meta":{"footnotes":""},"class_list":["post-9749","page","type-page","status-publish"],"_links":{"self":[{"href":"https:\/\/qualitylifehealth.com\/nl\/wp-json\/wp\/v2\/pages\/9749","targetHints":{"allow":["GET"]}}],"collection":[{"href":"https:\/\/qualitylifehealth.com\/nl\/wp-json\/wp\/v2\/pages"}],"about":[{"href":"https:\/\/qualitylifehealth.com\/nl\/wp-json\/wp\/v2\/types\/page"}],"author":[{"embeddable":true,"href":"https:\/\/qualitylifehealth.com\/nl\/wp-json\/wp\/v2\/users\/2"}],"replies":[{"embeddable":true,"href":"https:\/\/qualitylifehealth.com\/nl\/wp-json\/wp\/v2\/comments?post=9749"}],"version-history":[{"count":2,"href":"https:\/\/qualitylifehealth.com\/nl\/wp-json\/wp\/v2\/pages\/9749\/revisions"}],"predecessor-version":[{"id":9890,"href":"https:\/\/qualitylifehealth.com\/nl\/wp-json\/wp\/v2\/pages\/9749\/revisions\/9890"}],"wp:attachment":[{"href":"https:\/\/qualitylifehealth.com\/nl\/wp-json\/wp\/v2\/media?parent=9749"}],"curies":[{"name":"wp","href":"https:\/\/api.w.org\/{rel}","templated":true}]}}