{"id":5548,"date":"2023-11-28T15:33:42","date_gmt":"2023-11-28T12:33:42","guid":{"rendered":"https:\/\/qualitylifehealth.com\/burun-estetigi\/"},"modified":"2025-01-08T01:20:39","modified_gmt":"2025-01-07T22:20:39","slug":"neseplastikkirurgi","status":"publish","type":"page","link":"https:\/\/qualitylifehealth.com\/no\/neseplastikkirurgi\/","title":{"rendered":"Neseplastikkirurgi"},"content":{"rendered":"[vc_row type=&raquo;in_container&raquo; full_screen_row_position=&raquo;middle&raquo; column_margin=&raquo;default&raquo; equal_height=&raquo;yes&raquo; content_placement=&raquo;middle&raquo; column_direction=&raquo;default&raquo; column_direction_tablet=&raquo;default&raquo; column_direction_phone=&raquo;default&raquo; bg_color=&raquo;#ffffff&raquo; scene_position=&raquo;center&raquo; text_color=&raquo;dark&raquo; text_align=&raquo;left&raquo; row_border_radius=&raquo;none&raquo; row_border_radius_applies=&raquo;bg&raquo; overflow=&raquo;visible&raquo; overlay_strength=&raquo;0.3&#8243; gradient_direction=&raquo;left_to_right&raquo; shape_divider_position=&raquo;bottom&raquo; bg_image_animation=&raquo;none&raquo; gradient_type=&raquo;default&raquo; shape_type=&raquo;&raquo;][vc_column column_padding=&raquo;padding-5-percent&raquo; column_padding_tablet=&raquo;inherit&raquo; column_padding_phone=&raquo;inherit&raquo; column_padding_position=&raquo;all&raquo; column_element_direction_desktop=&raquo;default&raquo; column_element_spacing=&raquo;default&raquo; desktop_text_alignment=&raquo;default&raquo; tablet_text_alignment=&raquo;default&raquo; phone_text_alignment=&raquo;default&raquo; background_color_opacity=&raquo;1&#8243; background_hover_color_opacity=&raquo;1&#8243; column_backdrop_filter=&raquo;none&raquo; column_shadow=&raquo;none&raquo; column_border_radius=&raquo;none&raquo; column_link_target=&raquo;_self&raquo; column_position=&raquo;default&raquo; gradient_direction=&raquo;left_to_right&raquo; overlay_strength=&raquo;0.3&#8243; width=&raquo;1\/2&#8243; tablet_width_inherit=&raquo;default&raquo; animation_type=&raquo;default&raquo; bg_image_animation=&raquo;none&raquo; border_type=&raquo;simple&raquo; column_border_width=&raquo;none&raquo; column_border_style=&raquo;solid&raquo; column_padding_type=&raquo;default&raquo; gradient_type=&raquo;default&raquo;][vc_row_inner column_margin=&raquo;default&raquo; column_direction=&raquo;default&raquo; column_direction_tablet=&raquo;default&raquo; column_direction_phone=&raquo;default&raquo; text_align=&raquo;left&raquo; row_position=&raquo;default&raquo; row_position_tablet=&raquo;inherit&raquo; row_position_phone=&raquo;inherit&raquo; overflow=&raquo;visible&raquo; pointer_events=&raquo;all&raquo;][vc_column_inner column_padding=&raquo;no-extra-padding&raquo; column_padding_tablet=&raquo;inherit&raquo; column_padding_phone=&raquo;inherit&raquo; column_padding_position=&raquo;all&raquo; column_element_direction_desktop=&raquo;default&raquo; column_element_spacing=&raquo;default&raquo; desktop_text_alignment=&raquo;default&raquo; tablet_text_alignment=&raquo;default&raquo; phone_text_alignment=&raquo;default&raquo; background_color_opacity=&raquo;1&#8243; background_hover_color_opacity=&raquo;1&#8243; column_backdrop_filter=&raquo;none&raquo; column_shadow=&raquo;none&raquo; column_border_radius=&raquo;none&raquo; column_link_target=&raquo;_self&raquo; overflow=&raquo;visible&raquo; gradient_direction=&raquo;left_to_right&raquo; overlay_strength=&raquo;0.3&#8243; width=&raquo;1\/1&#8243; tablet_width_inherit=&raquo;default&raquo; animation_type=&raquo;default&raquo; enable_animation=&raquo;true&raquo; animation=&raquo;fade-in-from-bottom&raquo; animation_easing=&raquo;default&raquo; bg_image_animation=&raquo;none&raquo; border_type=&raquo;simple&raquo; column_border_width=&raquo;none&raquo; column_border_style=&raquo;solid&raquo;][vc_custom_heading text=&raquo;Neseplastikkirurgi&raquo; font_container=&raquo;tag:h1|font_size:40|text_align:left|line_height:50px&raquo; use_theme_fonts=&raquo;yes&raquo;][vc_custom_heading text=&raquo;Neseplastikkirurgi, eller rhinoplastikk, er en kirurgisk prosedyre som utf\u00f8res for \u00e5 endre formen p\u00e5 nesen. Denne operasjonen kan utf\u00f8res for \u00e5 korrigere deformasjoner i nesen, rette medf\u00f8dte feil, forbedre nesens utseende eller l\u00f8se pusteproblemer og lette pustingen. I noen tilfeller kan rhinoplastikk utf\u00f8res for b\u00e5de funksjonelle og estetiske form\u00e5l.&raquo; font_container=&raquo;tag:p|text_align:left|color:rgba(10%2C10%2C10%2C0.6)&raquo; use_theme_fonts=&raquo;yes&raquo;][\/vc_column_inner][\/vc_row_inner][\/vc_column][vc_column column_padding=&raquo;no-extra-padding&raquo; column_padding_tablet=&raquo;inherit&raquo; column_padding_phone=&raquo;inherit&raquo; column_padding_position=&raquo;all&raquo; column_element_direction_desktop=&raquo;default&raquo; column_element_spacing=&raquo;default&raquo; desktop_text_alignment=&raquo;default&raquo; tablet_text_alignment=&raquo;default&raquo; phone_text_alignment=&raquo;default&raquo; background_color_opacity=&raquo;1&#8243; background_hover_color_opacity=&raquo;1&#8243; column_backdrop_filter=&raquo;none&raquo; column_shadow=&raquo;none&raquo; column_border_radius=&raquo;none&raquo; column_link_target=&raquo;_self&raquo; column_position=&raquo;default&raquo; gradient_direction=&raquo;left_to_right&raquo; overlay_strength=&raquo;0.3&#8243; width=&raquo;1\/2&#8243; tablet_width_inherit=&raquo;default&raquo; animation_type=&raquo;default&raquo; bg_image_animation=&raquo;none&raquo; border_type=&raquo;simple&raquo; column_border_width=&raquo;none&raquo; column_border_style=&raquo;solid&raquo; column_padding_type=&raquo;default&raquo; gradient_type=&raquo;default&raquo;][image_with_animation image_url=&raquo;712&#8243; image_size=&raquo;full&raquo; animation_type=&raquo;entrance&raquo; animation=&raquo;None&raquo; animation_movement_type=&raquo;transform_y&raquo; hover_animation=&raquo;none&raquo; alignment=&raquo;&raquo; border_radius=&raquo;20px&raquo; box_shadow=&raquo;none&raquo; image_loading=&raquo;default&raquo; max_width=&raquo;100%&raquo; max_width_mobile=&raquo;default&raquo;][\/vc_column][\/vc_row][vc_row type=&raquo;full_width_background&raquo; full_screen_row_position=&raquo;middle&raquo; column_margin=&raquo;default&raquo; column_direction=&raquo;default&raquo; column_direction_tablet=&raquo;default&raquo; column_direction_phone=&raquo;default&raquo; bg_color=&raquo;#f7f7f7&#8243; scene_position=&raquo;center&raquo; top_padding=&raquo;100&#8243; bottom_padding=&raquo;100&#8243; text_color=&raquo;dark&raquo; text_align=&raquo;left&raquo; row_border_radius=&raquo;none&raquo; row_border_radius_applies=&raquo;bg&raquo; overflow=&raquo;visible&raquo; overlay_strength=&raquo;0.3&#8243; gradient_direction=&raquo;left_to_right&raquo; shape_divider_position=&raquo;bottom&raquo; bg_image_animation=&raquo;none&raquo;][vc_column column_padding=&raquo;no-extra-padding&raquo; column_padding_tablet=&raquo;inherit&raquo; column_padding_phone=&raquo;inherit&raquo; column_padding_position=&raquo;all&raquo; column_element_direction_desktop=&raquo;default&raquo; column_element_spacing=&raquo;default&raquo; desktop_text_alignment=&raquo;default&raquo; tablet_text_alignment=&raquo;default&raquo; phone_text_alignment=&raquo;default&raquo; background_color_opacity=&raquo;1&#8243; background_hover_color_opacity=&raquo;1&#8243; column_backdrop_filter=&raquo;none&raquo; column_shadow=&raquo;none&raquo; column_border_radius=&raquo;none&raquo; column_link_target=&raquo;_self&raquo; column_position=&raquo;default&raquo; gradient_direction=&raquo;left_to_right&raquo; overlay_strength=&raquo;0.3&#8243; width=&raquo;1\/1&#8243; tablet_width_inherit=&raquo;default&raquo; animation_type=&raquo;default&raquo; bg_image_animation=&raquo;none&raquo; border_type=&raquo;simple&raquo; column_border_width=&raquo;none&raquo; column_border_style=&raquo;solid&raquo;][vc_column_text]\n<h2>Ofte stilte sp\u00f8rsm\u00e5l om nesekirurgi<\/h2>\n[\/vc_column_text][toggles style=&raquo;minimal&raquo;][toggle color=&raquo;Default&raquo; heading_tag=&raquo;default&raquo; heading_tag_functionality=&raquo;default&raquo; title=&raquo;Hvordan utf\u00f8res nesekirurgi?&raquo;][vc_column_text]F\u00f8rst utarbeides en plan i samsvar med pasientens \u00f8nsker. Pasientens forventninger diskuteres, og det tas en beslutning om formen p\u00e5 nesen som skal lages. Etter avgj\u00f8relsen starter prosedyrene.<\/p>\n<p>F\u00f8r operasjonen gis pasienten generell anestesi. Kirurgen bestemmer plasseringen av snittene basert p\u00e5 den valgte teknikken for nesekirurgi (\u00e5pen rhinoplastikk eller lukket rhinoplastikk). I \u00e5pen rhinoplastikk lages et lite snitt p\u00e5 utsiden av neseborene, mens snittene i lukket rhinoplastikk gj\u00f8res p\u00e5 innsiden av neseborene.<br \/>\nGjennom disse snittene f\u00e5r kirurgen tilgang til nesestrukturen. Kirurgen former nesebeina eller bruskvevet ved \u00e5 skj\u00e6re dem til. P\u00e5 slutten av operasjonen sys snittene for \u00e5 sikre den nye nesens form, og det p\u00e5f\u00f8res gips eller skinne. Etter omtrent en uke fjernes nesegipsen og stingene.[\/vc_column_text][\/toggle][toggle color=&raquo;Default&raquo; heading_tag=&raquo;default&raquo; heading_tag_functionality=&raquo;default&raquo; title=&raquo;Hva b\u00f8r man passe p\u00e5 etter nesekirurgi?&raquo;][vc_column_text]Pasienter utskrives vanligvis innen 1 dag etter neseoperasjonen. Pasienter som har gjennomg\u00e5tt nesekirurgi b\u00f8r v\u00e6re n\u00f8ye med kostholdet sitt, unng\u00e5 r\u00f8yking og beskytte nesen mot slag. Etter en rhinoplastikk b\u00f8r pasienten hvile i en stilling der hodet er h\u00f8yere enn brystet for \u00e5 redusere bl\u00f8dning og hevelse. Bruk av briller eller solbriller som hviler p\u00e5 nesen b\u00f8r unng\u00e5s i minst fire uker etter operasjonen. Briller kan festes til pannen med tape mens nesen helbreder. N\u00e5r man er ute, b\u00f8r man bruke solkrem med faktor 30 p\u00e5 nesen.[\/vc_column_text][\/toggle][toggle color=&raquo;Default&raquo; heading_tag=&raquo;default&raquo; heading_tag_functionality=&raquo;default&raquo; title=&raquo;Er det en aldersgrense for nesekirurgi?&raquo;][vc_column_text]Nesekirurgi anbefales ikke for ten\u00e5ringer som ikke har fullf\u00f8rt veksten. Selv om kirurgi kan utf\u00f8res i ung alder for funksjonelle problemer med nesen, anbefales det \u00e5 vente til 18 \u00e5r for estetiske operasjoner.<br \/>\n[\/vc_column_text][\/toggle][toggle color=&raquo;Default&raquo; heading_tag=&raquo;default&raquo; heading_tag_functionality=&raquo;default&raquo; title=&raquo;Hvor lang tid tar en nesekirurgi?&raquo;][vc_column_text]Varigheten av nesekirurgi avhenger av pasientens tilstand, operasjonens omfang og kirurgens erfaring. Men operasjonen tar vanligvis mellom 1-4 timer.<br \/>\n[\/vc_column_text][\/toggle][toggle color=&raquo;Default&raquo; heading_tag=&raquo;default&raquo; heading_tag_functionality=&raquo;default&raquo; title=&raquo;Hva er ikke-kirurgisk nesekirurgi?&raquo;][vc_column_text]Ikke-kirurgisk nesekirurgi er et alternativ for personer med asymmetrisk nese. Dessuten kan personer med lav nesetipp ogs\u00e5 velge denne metoden. Ved nesetippkirurgi p\u00e5virkes ikke nesebeinet. Bare den fremre delen av nesen endres ved hjelp av fyllmaterialer.<br \/>\n[\/vc_column_text][\/toggle][toggle color=&raquo;Default&raquo; heading_tag=&raquo;default&raquo; heading_tag_functionality=&raquo;default&raquo; title=&raquo;Hvor lang tid tar det \u00e5 helbrede etter nesekirurgi?&raquo;][vc_column_text]Helbredelsestiden varierer fra person til person, men tar vanligvis flere m\u00e5neder. Det tar tid f\u00f8r resultatene av en nesekirurgi blir synlige. Det er sv\u00e6rt viktig \u00e5 f\u00f8lge kirurgens r\u00e5d for en vellykket helbredelsesprosess.<br \/>\n[\/vc_column_text][\/toggle][toggle color=&raquo;Default&raquo; heading_tag=&raquo;default&raquo; heading_tag_functionality=&raquo;default&raquo; title=&raquo;Er det mye smerter etter nesekirurgi?&raquo;][vc_column_text]Smerte kan variere fra person til person. Hos pasienter med tykk og kompleks nesestruktur er bl\u00e5merker mer vanlig enn hos de med enkel nesestruktur. Selv om enkelte bl\u00e5merker kan oppst\u00e5, forsvinner disse vanligvis av seg selv innen en uke.<br \/>\n[\/vc_column_text][\/toggle][toggle color=&raquo;Default&raquo; heading_tag=&raquo;default&raquo; heading_tag_functionality=&raquo;default&raquo; title=&raquo;Brukes Photoshop f\u00f8r nesekirurgi?&raquo;][vc_column_text]Under konsultasjonen f\u00f8r operasjonen tas bilder av pasientens nese, og Photoshop brukes sammen med pasientens innspill for \u00e5 justere bildet. P\u00e5 denne m\u00e5ten kan pasienten avgj\u00f8re hvordan de \u00f8nsker at nesen skal se ut.<br \/>\n[\/vc_column_text][\/toggle][toggle color=&raquo;Default&raquo; heading_tag=&raquo;default&raquo; heading_tag_functionality=&raquo;default&raquo; title=&raquo;Endrer nesekirurgi ansiktsuttrykket?&raquo;][vc_column_text]Nesen, som befinner seg midt i ansiktet, spiller en stor rolle i \u00e5 definere ansiktsuttrykket. Derfor kan endringer i nesen p\u00e5virke ansiktsuttrykket. Men ansiktet er en helhet, s\u00e5 nesekirurgi endrer ikke uttrykket for hele ansiktet.<br \/>\n[\/vc_column_text][\/toggle][toggle color=&raquo;Default&raquo; heading_tag=&raquo;default&raquo; heading_tag_functionality=&raquo;default&raquo; title=&raquo;Hva er revisjonsrhinoplastikk?&raquo;][vc_column_text]Etter estetiske neseoperasjoner kan det oppst\u00e5 problemer som skjevhet, asymmetri eller funksjonelle utfordringer som nesetetthet. I tillegg kan operasjoner utf\u00f8res p\u00e5 nytt dersom det visuelle resultatet ikke er som \u00f8nsket. Disse operasjonene kalles &laquo;revisjonsrhinoplastikk&raquo;.<br \/>\n[\/vc_column_text][\/toggle][\/toggles][\/vc_column][\/vc_row]\n","protected":false},"excerpt":{"rendered":"<p>[vc_row type=&raquo;in_container&raquo; full_screen_row_position=&raquo;middle&raquo; column_margin=&raquo;default&raquo; equal_height=&raquo;yes&raquo; content_placement=&raquo;middle&raquo; column_direction=&raquo;default&raquo; column_direction_tablet=&raquo;default&raquo; column_direction_phone=&raquo;default&raquo; bg_color=&raquo;#ffffff&raquo; scene_position=&raquo;center&raquo; text_color=&raquo;dark&raquo; text_align=&raquo;left&raquo; row_border_radius=&raquo;none&raquo; row_border_radius_applies=&raquo;bg&raquo; overflow=&raquo;visible&raquo; overlay_strength=&raquo;0.3&#8243; gradient_direction=&raquo;left_to_right&raquo; shape_divider_position=&raquo;bottom&raquo; bg_image_animation=&raquo;none&raquo; gradient_type=&raquo;default&raquo; shape_type=&raquo;&raquo;][vc_column column_padding=&raquo;padding-5-percent&raquo; column_padding_tablet=&raquo;inherit&raquo; column_padding_phone=&raquo;inherit&raquo; column_padding_position=&raquo;all&raquo; column_element_direction_desktop=&raquo;default&raquo; column_element_spacing=&raquo;default&raquo; desktop_text_alignment=&raquo;default&raquo; tablet_text_alignment=&raquo;default&raquo;&#8230;<\/p>\n","protected":false},"author":2,"featured_media":0,"parent":0,"menu_order":0,"comment_status":"closed","ping_status":"closed","template":"","meta":{"footnotes":""},"class_list":["post-5548","page","type-page","status-publish"],"_links":{"self":[{"href":"https:\/\/qualitylifehealth.com\/no\/wp-json\/wp\/v2\/pages\/5548","targetHints":{"allow":["GET"]}}],"collection":[{"href":"https:\/\/qualitylifehealth.com\/no\/wp-json\/wp\/v2\/pages"}],"about":[{"href":"https:\/\/qualitylifehealth.com\/no\/wp-json\/wp\/v2\/types\/page"}],"author":[{"embeddable":true,"href":"https:\/\/qualitylifehealth.com\/no\/wp-json\/wp\/v2\/users\/2"}],"replies":[{"embeddable":true,"href":"https:\/\/qualitylifehealth.com\/no\/wp-json\/wp\/v2\/comments?post=5548"}],"version-history":[{"count":3,"href":"https:\/\/qualitylifehealth.com\/no\/wp-json\/wp\/v2\/pages\/5548\/revisions"}],"predecessor-version":[{"id":5552,"href":"https:\/\/qualitylifehealth.com\/no\/wp-json\/wp\/v2\/pages\/5548\/revisions\/5552"}],"wp:attachment":[{"href":"https:\/\/qualitylifehealth.com\/no\/wp-json\/wp\/v2\/media?parent=5548"}],"curies":[{"name":"wp","href":"https:\/\/api.w.org\/{rel}","templated":true}]}}