{"id":5566,"date":"2023-11-29T15:50:10","date_gmt":"2023-11-29T12:50:10","guid":{"rendered":"https:\/\/qualitylifehealth.com\/sirt-germe\/"},"modified":"2025-01-08T01:43:07","modified_gmt":"2025-01-07T22:43:07","slug":"ryggplastikk","status":"publish","type":"page","link":"https:\/\/qualitylifehealth.com\/no\/ryggplastikk\/","title":{"rendered":"Ryggplastikk"},"content":{"rendered":"[vc_row type=&raquo;in_container&raquo; full_screen_row_position=&raquo;middle&raquo; column_margin=&raquo;default&raquo; equal_height=&raquo;yes&raquo; content_placement=&raquo;middle&raquo; column_direction=&raquo;default&raquo; column_direction_tablet=&raquo;default&raquo; column_direction_phone=&raquo;default&raquo; bg_color=&raquo;#ffffff&raquo; scene_position=&raquo;center&raquo; text_color=&raquo;dark&raquo; text_align=&raquo;left&raquo; row_border_radius=&raquo;none&raquo; row_border_radius_applies=&raquo;bg&raquo; overflow=&raquo;visible&raquo; overlay_strength=&raquo;0.3&#8243; gradient_direction=&raquo;left_to_right&raquo; shape_divider_position=&raquo;bottom&raquo; bg_image_animation=&raquo;none&raquo; gradient_type=&raquo;default&raquo; shape_type=&raquo;&raquo;][vc_column column_padding=&raquo;padding-5-percent&raquo; column_padding_tablet=&raquo;inherit&raquo; column_padding_phone=&raquo;inherit&raquo; column_padding_position=&raquo;all&raquo; column_element_direction_desktop=&raquo;default&raquo; column_element_spacing=&raquo;default&raquo; desktop_text_alignment=&raquo;default&raquo; tablet_text_alignment=&raquo;default&raquo; phone_text_alignment=&raquo;default&raquo; background_color_opacity=&raquo;1&#8243; background_hover_color_opacity=&raquo;1&#8243; column_backdrop_filter=&raquo;none&raquo; column_shadow=&raquo;none&raquo; column_border_radius=&raquo;none&raquo; column_link_target=&raquo;_self&raquo; column_position=&raquo;default&raquo; gradient_direction=&raquo;left_to_right&raquo; overlay_strength=&raquo;0.3&#8243; width=&raquo;1\/2&#8243; tablet_width_inherit=&raquo;default&raquo; animation_type=&raquo;default&raquo; bg_image_animation=&raquo;none&raquo; border_type=&raquo;simple&raquo; column_border_width=&raquo;none&raquo; column_border_style=&raquo;solid&raquo; column_padding_type=&raquo;default&raquo; gradient_type=&raquo;default&raquo;][vc_row_inner column_margin=&raquo;default&raquo; column_direction=&raquo;default&raquo; column_direction_tablet=&raquo;default&raquo; column_direction_phone=&raquo;default&raquo; text_align=&raquo;left&raquo; row_position=&raquo;default&raquo; row_position_tablet=&raquo;inherit&raquo; row_position_phone=&raquo;inherit&raquo; overflow=&raquo;visible&raquo; pointer_events=&raquo;all&raquo;][vc_column_inner column_padding=&raquo;no-extra-padding&raquo; column_padding_tablet=&raquo;inherit&raquo; column_padding_phone=&raquo;inherit&raquo; column_padding_position=&raquo;all&raquo; column_element_direction_desktop=&raquo;default&raquo; column_element_spacing=&raquo;default&raquo; desktop_text_alignment=&raquo;default&raquo; tablet_text_alignment=&raquo;default&raquo; phone_text_alignment=&raquo;default&raquo; background_color_opacity=&raquo;1&#8243; background_hover_color_opacity=&raquo;1&#8243; column_backdrop_filter=&raquo;none&raquo; column_shadow=&raquo;none&raquo; column_border_radius=&raquo;none&raquo; column_link_target=&raquo;_self&raquo; overflow=&raquo;visible&raquo; gradient_direction=&raquo;left_to_right&raquo; overlay_strength=&raquo;0.3&#8243; width=&raquo;1\/1&#8243; tablet_width_inherit=&raquo;default&raquo; animation_type=&raquo;default&raquo; enable_animation=&raquo;true&raquo; animation=&raquo;fade-in-from-bottom&raquo; animation_easing=&raquo;default&raquo; bg_image_animation=&raquo;none&raquo; border_type=&raquo;simple&raquo; column_border_width=&raquo;none&raquo; column_border_style=&raquo;solid&raquo;][vc_custom_heading text=&raquo;Ryggplastikk&raquo; font_container=&raquo;tag:h1|font_size:40|text_align:left|line_height:50px&raquo; use_theme_fonts=&raquo;yes&raquo;][vc_custom_heading text=&raquo;Ryggplastikk operasjonen er et kirurgisk inngrep som vanligvis utf\u00f8res for \u00e5 fjerne overfl\u00f8dig hud p\u00e5 ryggen etter vekttap eller fettsuging. Med denne operasjonen kan omr\u00e5der som henger og skaper et lagdelt utseende bli utjevnet og strammet. P\u00e5 denne m\u00e5ten kan du oppn\u00e5 \u00f8nsket stramhet p\u00e5 ryggen.<\/p>\n<p>Overfl\u00f8dig hud p\u00e5 ryggen kan for\u00e5rsake ubehag under kl\u00e6rne. Du kan velge Quality Life Health Travel for \u00e5 forbedre dette utseendet og f\u00e5 \u00f8nsket resultat.&raquo; font_container=&raquo;tag:p|text_align:left|color:rgba(10%2C10%2C10%2C0.6)&raquo; use_theme_fonts=&raquo;yes&raquo;][\/vc_column_inner][\/vc_row_inner][\/vc_column][vc_column column_padding=&raquo;no-extra-padding&raquo; column_padding_tablet=&raquo;inherit&raquo; column_padding_phone=&raquo;inherit&raquo; column_padding_position=&raquo;all&raquo; column_element_direction_desktop=&raquo;default&raquo; column_element_spacing=&raquo;default&raquo; desktop_text_alignment=&raquo;default&raquo; tablet_text_alignment=&raquo;default&raquo; phone_text_alignment=&raquo;default&raquo; background_color_opacity=&raquo;1&#8243; background_hover_color_opacity=&raquo;1&#8243; column_backdrop_filter=&raquo;none&raquo; column_shadow=&raquo;none&raquo; column_border_radius=&raquo;none&raquo; column_link_target=&raquo;_self&raquo; column_position=&raquo;default&raquo; gradient_direction=&raquo;left_to_right&raquo; overlay_strength=&raquo;0.3&#8243; width=&raquo;1\/2&#8243; tablet_width_inherit=&raquo;default&raquo; animation_type=&raquo;default&raquo; bg_image_animation=&raquo;none&raquo; border_type=&raquo;simple&raquo; column_border_width=&raquo;none&raquo; column_border_style=&raquo;solid&raquo; column_padding_type=&raquo;default&raquo; gradient_type=&raquo;default&raquo;][image_with_animation image_url=&raquo;718&#8243; image_size=&raquo;full&raquo; animation_type=&raquo;entrance&raquo; animation=&raquo;None&raquo; animation_movement_type=&raquo;transform_y&raquo; hover_animation=&raquo;none&raquo; alignment=&raquo;&raquo; border_radius=&raquo;20px&raquo; box_shadow=&raquo;none&raquo; image_loading=&raquo;default&raquo; max_width=&raquo;100%&raquo; max_width_mobile=&raquo;default&raquo;][\/vc_column][\/vc_row][vc_row type=&raquo;full_width_background&raquo; full_screen_row_position=&raquo;middle&raquo; column_margin=&raquo;default&raquo; column_direction=&raquo;default&raquo; column_direction_tablet=&raquo;default&raquo; column_direction_phone=&raquo;default&raquo; bg_color=&raquo;#f7f7f7&#8243; scene_position=&raquo;center&raquo; top_padding=&raquo;100&#8243; bottom_padding=&raquo;100&#8243; text_color=&raquo;dark&raquo; text_align=&raquo;left&raquo; row_border_radius=&raquo;none&raquo; row_border_radius_applies=&raquo;bg&raquo; overflow=&raquo;visible&raquo; overlay_strength=&raquo;0.3&#8243; gradient_direction=&raquo;left_to_right&raquo; shape_divider_position=&raquo;bottom&raquo; bg_image_animation=&raquo;none&raquo;][vc_column column_padding=&raquo;no-extra-padding&raquo; column_padding_tablet=&raquo;inherit&raquo; column_padding_phone=&raquo;inherit&raquo; column_padding_position=&raquo;all&raquo; column_element_direction_desktop=&raquo;default&raquo; column_element_spacing=&raquo;default&raquo; desktop_text_alignment=&raquo;default&raquo; tablet_text_alignment=&raquo;default&raquo; phone_text_alignment=&raquo;default&raquo; background_color_opacity=&raquo;1&#8243; background_hover_color_opacity=&raquo;1&#8243; column_backdrop_filter=&raquo;none&raquo; column_shadow=&raquo;none&raquo; column_border_radius=&raquo;none&raquo; column_link_target=&raquo;_self&raquo; column_position=&raquo;default&raquo; gradient_direction=&raquo;left_to_right&raquo; overlay_strength=&raquo;0.3&#8243; width=&raquo;1\/1&#8243; tablet_width_inherit=&raquo;default&raquo; animation_type=&raquo;default&raquo; bg_image_animation=&raquo;none&raquo; border_type=&raquo;simple&raquo; column_border_width=&raquo;none&raquo; column_border_style=&raquo;solid&raquo;][vc_column_text]\n<h2>Vanlige sp\u00f8rsm\u00e5l om ryggplastikk<\/h2]\n[\/vc_column_text][toggles style=\"minimal\"][toggle color=\"Default\" heading_tag=\"default\" heading_tag_functionality=\"default\" title=\"Hvem er kandidater for ryggplastikk?\"][vc_column_text]Ryggplastikk kan utf\u00f8res p\u00e5 personer som har l\u00f8s hud p\u00e5 ryggen og l\u00f8se ryggmuskler, samt de som har overfl\u00f8dig hud og underhud under kl\u00e6rne som for\u00e5rsaker ubehag.\n[\/vc_column_text][\/toggle][toggle color=\"Default\" heading_tag=\"default\" heading_tag_functionality=\"default\" title=\"Hvordan utf\u00f8res ryggplastikk?\"][vc_column_text]Ryggplastikk utf\u00f8res under generell anestesi. Under operasjonen fjernes overfl\u00f8dig fettvev fra omr\u00e5dene rundt armhulene, siden av brystene, over skulderbladene og omr\u00e5det under brystene. Prosedyren utf\u00f8res for \u00e5 stramme opp ryggomr\u00e5det. Hos pasienter som har mistet betydelig vekt, og der fettsuging alene ikke er tilstrekkelig, fjernes overfl\u00f8dig hud fra sushattene og omr\u00e5det fra skulderbladene for \u00e5 utf\u00f8re hudstrammingen.\n\nEtter operasjonen p\u00e5f\u00f8res limte b\u00e5nd p\u00e5 det kirurgiske omr\u00e5det, og pasienten f\u00e5r p\u00e5 seg et kroppskorsett.[\/vc_column_text][\/toggle][toggle color=\"Default\" heading_tag=\"default\" heading_tag_functionality=\"default\" title=\"Hva b\u00f8r man v\u00e6re oppmerksom p\u00e5 etter ryggplastikk?\"][vc_column_text]Etter operasjonen p\u00e5f\u00f8res limte b\u00e5nd p\u00e5 det kirurgiske omr\u00e5det, og pasienten f\u00e5r p\u00e5 seg et kroppskorsett. For \u00e5 redusere infeksjonsrisiko og st\u00f8tte helingsprosessen, er det viktig at pasienten bruker foreskrevne medisiner regelmessig tidlig i perioden. De f\u00f8rste dagene etter operasjonen kan det oppst\u00e5 bl\u00e5merker, hevelse, nummenhet og lett smerte. Smerten lindres ved hjelp av foreskrevne smertestillende medisiner. Det er viktig \u00e5 f\u00f8lge pleieinstruksjonene n\u00f8ye for en god helingsprosess. Det er viktig \u00e5 begrense bevegelser i overkroppen for \u00e5 hindre for mye belastning p\u00e5 snittomr\u00e5dene, og unng\u00e5 tunge arbeidsoppgaver. De fleste pasienter kan komme tilbake til dagliglivet etter 1 m\u00e5ned. De endelige resultatene vil v\u00e6re mer synlige n\u00e5r all hevelse har g\u00e5tt ned, og de vil bli mer synlige innen 4 til 6 m\u00e5neder.[\/vc_column_text][\/toggle][toggle color=\"Default\" heading_tag=\"default\" heading_tag_functionality=\"default\" title=\"Hvor lang tid etter ryggplastikk kan man g\u00e5 tilbake til jobben?\"][vc_column_text]De fleste kan g\u00e5 tilbake til jobb etter omtrent 1 uke etter ryggplastikk.\n[\/vc_column_text][\/toggle][toggle color=\"Default\" heading_tag=\"default\" heading_tag_functionality=\"default\" title=\"Hvor lang tid tar ryggplastikk?\"][vc_column_text]Ryggplastikk tar vanligvis 2-2,5 timer.\n[\/vc_column_text][\/toggle][toggle color=\"Default\" heading_tag=\"default\" heading_tag_functionality=\"default\" title=\"Er det smertefullt \u00e5 f\u00e5 ryggplastikk?\"][vc_column_text]Pasienter opplever ikke smerte under ryggplastikk operasjonen. Etter operasjonen kan det oppst\u00e5 litt smerte, men dette kan h\u00e5ndteres med foreskrevne sterke smertestillende midler.\n[\/vc_column_text][\/toggle][toggle color=\"Default\" heading_tag=\"default\" heading_tag_functionality=\"default\" title=\"Vil det v\u00e6re arr etter ryggplastikk?\"][vc_column_text]Under ryggplastikk benyttes selvoppl\u00f8sende estetiske suturer, slik at suturene ikke m\u00e5 fjernes, og arr blir minimert. I tillegg er arrstedene plassert under undert\u00f8yet, slik at de ikke er synlige. Ytterligere variasjoner kan forekomme mellom pasientene avhengig av hudtypen, men arr vil vanligvis blekne i l\u00f8pet av 9-12 m\u00e5neder.\n[\/vc_column_text][\/toggle][toggle color=\"Default\" heading_tag=\"default\" heading_tag_functionality=\"default\" title=\"Er det en aldersgrense for ryggplastikk?\"][vc_column_text]Ryggplastikk kan utf\u00f8res p\u00e5 kvinner og menn over 18 \u00e5r som ikke har noen helsemessige problemer som hindrer operasjonen.\n[\/vc_column_text][\/toggle][\/toggles][\/vc_column][\/vc_row]\n\n<\/p>\n","protected":false},"excerpt":{"rendered":"<p>[vc_row type=&raquo;in_container&raquo; full_screen_row_position=&raquo;middle&raquo; column_margin=&raquo;default&raquo; equal_height=&raquo;yes&raquo; content_placement=&raquo;middle&raquo; column_direction=&raquo;default&raquo; column_direction_tablet=&raquo;default&raquo; column_direction_phone=&raquo;default&raquo; bg_color=&raquo;#ffffff&raquo; scene_position=&raquo;center&raquo; text_color=&raquo;dark&raquo; text_align=&raquo;left&raquo; row_border_radius=&raquo;none&raquo; row_border_radius_applies=&raquo;bg&raquo; overflow=&raquo;visible&raquo; overlay_strength=&raquo;0.3&#8243; gradient_direction=&raquo;left_to_right&raquo; shape_divider_position=&raquo;bottom&raquo; bg_image_animation=&raquo;none&raquo; gradient_type=&raquo;default&raquo; shape_type=&raquo;&raquo;][vc_column column_padding=&raquo;padding-5-percent&raquo; column_padding_tablet=&raquo;inherit&raquo; column_padding_phone=&raquo;inherit&raquo; column_padding_position=&raquo;all&raquo; column_element_direction_desktop=&raquo;default&raquo; column_element_spacing=&raquo;default&raquo; desktop_text_alignment=&raquo;default&raquo; tablet_text_alignment=&raquo;default&raquo;&#8230;<\/p>\n","protected":false},"author":2,"featured_media":0,"parent":0,"menu_order":0,"comment_status":"closed","ping_status":"closed","template":"","meta":{"footnotes":""},"class_list":["post-5566","page","type-page","status-publish"],"_links":{"self":[{"href":"https:\/\/qualitylifehealth.com\/no\/wp-json\/wp\/v2\/pages\/5566","targetHints":{"allow":["GET"]}}],"collection":[{"href":"https:\/\/qualitylifehealth.com\/no\/wp-json\/wp\/v2\/pages"}],"about":[{"href":"https:\/\/qualitylifehealth.com\/no\/wp-json\/wp\/v2\/types\/page"}],"author":[{"embeddable":true,"href":"https:\/\/qualitylifehealth.com\/no\/wp-json\/wp\/v2\/users\/2"}],"replies":[{"embeddable":true,"href":"https:\/\/qualitylifehealth.com\/no\/wp-json\/wp\/v2\/comments?post=5566"}],"version-history":[{"count":3,"href":"https:\/\/qualitylifehealth.com\/no\/wp-json\/wp\/v2\/pages\/5566\/revisions"}],"predecessor-version":[{"id":5570,"href":"https:\/\/qualitylifehealth.com\/no\/wp-json\/wp\/v2\/pages\/5566\/revisions\/5570"}],"wp:attachment":[{"href":"https:\/\/qualitylifehealth.com\/no\/wp-json\/wp\/v2\/media?parent=5566"}],"curies":[{"name":"wp","href":"https:\/\/api.w.org\/{rel}","templated":true}]}}