{"id":5665,"date":"2023-11-27T17:15:23","date_gmt":"2023-11-27T14:15:23","guid":{"rendered":"https:\/\/qualitylifehealth.com\/emax-dis-kaplama\/"},"modified":"2025-01-08T23:24:32","modified_gmt":"2025-01-08T20:24:32","slug":"emax-tannkrone","status":"publish","type":"page","link":"https:\/\/qualitylifehealth.com\/no\/emax-tannkrone\/","title":{"rendered":"Emax Tannkrone"},"content":{"rendered":"[vc_row type=&raquo;in_container&raquo; full_screen_row_position=&raquo;middle&raquo; column_margin=&raquo;default&raquo; equal_height=&raquo;yes&raquo; content_placement=&raquo;middle&raquo; column_direction=&raquo;default&raquo; column_direction_tablet=&raquo;default&raquo; column_direction_phone=&raquo;default&raquo; bg_color=&raquo;#ffffff&raquo; scene_position=&raquo;center&raquo; text_color=&raquo;dark&raquo; text_align=&raquo;left&raquo; row_border_radius=&raquo;none&raquo; row_border_radius_applies=&raquo;bg&raquo; overflow=&raquo;visible&raquo; overlay_strength=&raquo;0.3&#8243; gradient_direction=&raquo;left_to_right&raquo; shape_divider_position=&raquo;bottom&raquo; bg_image_animation=&raquo;none&raquo; gradient_type=&raquo;default&raquo; shape_type=&raquo;&raquo;][vc_column column_padding=&raquo;padding-5-percent&raquo; column_padding_tablet=&raquo;inherit&raquo; column_padding_phone=&raquo;inherit&raquo; column_padding_position=&raquo;all&raquo; column_element_direction_desktop=&raquo;default&raquo; column_element_spacing=&raquo;default&raquo; desktop_text_alignment=&raquo;default&raquo; tablet_text_alignment=&raquo;default&raquo; phone_text_alignment=&raquo;default&raquo; background_color_opacity=&raquo;1&#8243; background_hover_color_opacity=&raquo;1&#8243; column_backdrop_filter=&raquo;none&raquo; column_shadow=&raquo;none&raquo; column_border_radius=&raquo;none&raquo; column_link_target=&raquo;_self&raquo; column_position=&raquo;default&raquo; gradient_direction=&raquo;left_to_right&raquo; overlay_strength=&raquo;0.3&#8243; width=&raquo;1\/2&#8243; tablet_width_inherit=&raquo;default&raquo; animation_type=&raquo;default&raquo; bg_image_animation=&raquo;none&raquo; border_type=&raquo;simple&raquo; column_border_width=&raquo;none&raquo; column_border_style=&raquo;solid&raquo; column_padding_type=&raquo;default&raquo; gradient_type=&raquo;default&raquo;][vc_row_inner column_margin=&raquo;default&raquo; column_direction=&raquo;default&raquo; column_direction_tablet=&raquo;default&raquo; column_direction_phone=&raquo;default&raquo; text_align=&raquo;left&raquo; row_position=&raquo;default&raquo; row_position_tablet=&raquo;inherit&raquo; row_position_phone=&raquo;inherit&raquo; overflow=&raquo;visible&raquo; pointer_events=&raquo;all&raquo;][vc_column_inner column_padding=&raquo;no-extra-padding&raquo; column_padding_tablet=&raquo;inherit&raquo; column_padding_phone=&raquo;inherit&raquo; column_padding_position=&raquo;all&raquo; column_element_direction_desktop=&raquo;default&raquo; column_element_spacing=&raquo;default&raquo; desktop_text_alignment=&raquo;default&raquo; tablet_text_alignment=&raquo;default&raquo; phone_text_alignment=&raquo;default&raquo; background_color_opacity=&raquo;1&#8243; background_hover_color_opacity=&raquo;1&#8243; column_backdrop_filter=&raquo;none&raquo; column_shadow=&raquo;none&raquo; column_border_radius=&raquo;none&raquo; column_link_target=&raquo;_self&raquo; overflow=&raquo;visible&raquo; gradient_direction=&raquo;left_to_right&raquo; overlay_strength=&raquo;0.3&#8243; width=&raquo;1\/1&#8243; tablet_width_inherit=&raquo;default&raquo; animation_type=&raquo;default&raquo; enable_animation=&raquo;true&raquo; animation=&raquo;fade-in-from-bottom&raquo; animation_easing=&raquo;default&raquo; bg_image_animation=&raquo;none&raquo; border_type=&raquo;simple&raquo; column_border_width=&raquo;none&raquo; column_border_style=&raquo;solid&raquo;][vc_custom_heading text=&raquo;Emax Tannkrone&raquo; font_container=&raquo;tag:h1|font_size:40|text_align:left|line_height:50px&raquo; use_theme_fonts=&raquo;yes&raquo;][vc_custom_heading text=&raquo;Emax tannkroner er spesiallaget dekkkrone laget av et sv\u00e6rt slitesterkt og estetisk keramisk materiale. De brukes ofte av tannleger for \u00e5 reparere tanner som er skadet p\u00e5 grunn av karies, og kan ogs\u00e5 brukes etter rotfyllinger. Disse kronene hjelper til med \u00e5 styrke tennene og gir bedre beskyttelse.<\/p>\n<p>Emax kroner har en delvis gjennomsiktig struktur, og gir et naturlig utseende som ligner p\u00e5 ekte tenner, noe som gj\u00f8r dem spesielt egnet for fortennene og gir utmerkede estetiske resultater.<\/p>\n<p>I motsetning til andre kroner som bruker metall som base, inneholder Emax kroner ikke metall. Andre kroner har ofte et lag med porselen som dekker metallet ved tannkj\u00f8ttlinjen, noe som kan gi et unaturlig utseende. Emax veneer har derimot et helt naturlig og originalt utseende som ligner p\u00e5 ekte tenner. I tillegg er de holdbare og motstandsdyktige mot brudd.&raquo; font_container=&raquo;tag:p|text_align:left|color:rgba(10%2C10%2C10%2C0.6)&raquo; use_theme_fonts=&raquo;yes&raquo;][\/vc_column_inner][\/vc_row_inner][\/vc_column][vc_column column_padding=&raquo;no-extra-padding&raquo; column_padding_tablet=&raquo;inherit&raquo; column_padding_phone=&raquo;inherit&raquo; column_padding_position=&raquo;all&raquo; column_element_direction_desktop=&raquo;default&raquo; column_element_spacing=&raquo;default&raquo; desktop_text_alignment=&raquo;default&raquo; tablet_text_alignment=&raquo;default&raquo; phone_text_alignment=&raquo;default&raquo; background_color_opacity=&raquo;1&#8243; background_hover_color_opacity=&raquo;1&#8243; column_backdrop_filter=&raquo;none&raquo; column_shadow=&raquo;none&raquo; column_border_radius=&raquo;none&raquo; column_link_target=&raquo;_self&raquo; column_position=&raquo;default&raquo; gradient_direction=&raquo;left_to_right&raquo; overlay_strength=&raquo;0.3&#8243; width=&raquo;1\/2&#8243; tablet_width_inherit=&raquo;default&raquo; animation_type=&raquo;default&raquo; bg_image_animation=&raquo;none&raquo; border_type=&raquo;simple&raquo; column_border_width=&raquo;none&raquo; column_border_style=&raquo;solid&raquo; column_padding_type=&raquo;default&raquo; gradient_type=&raquo;default&raquo;][image_with_animation image_url=&raquo;758&#8243; image_size=&raquo;full&raquo; animation_type=&raquo;entrance&raquo; animation=&raquo;None&raquo; animation_movement_type=&raquo;transform_y&raquo; hover_animation=&raquo;none&raquo; alignment=&raquo;&raquo; border_radius=&raquo;20px&raquo; box_shadow=&raquo;none&raquo; image_loading=&raquo;default&raquo; max_width=&raquo;100%&raquo; max_width_mobile=&raquo;default&raquo;][\/vc_column][\/vc_row][vc_row type=&raquo;full_width_background&raquo; full_screen_row_position=&raquo;middle&raquo; column_margin=&raquo;default&raquo; column_direction=&raquo;default&raquo; column_direction_tablet=&raquo;default&raquo; column_direction_phone=&raquo;default&raquo; bg_color=&raquo;#f7f7f7&#8243; scene_position=&raquo;center&raquo; top_padding=&raquo;100&#8243; bottom_padding=&raquo;100&#8243; text_color=&raquo;dark&raquo; text_align=&raquo;left&raquo; row_border_radius=&raquo;none&raquo; row_border_radius_applies=&raquo;bg&raquo; overflow=&raquo;visible&raquo; overlay_strength=&raquo;0.3&#8243; gradient_direction=&raquo;left_to_right&raquo; shape_divider_position=&raquo;bottom&raquo; bg_image_animation=&raquo;none&raquo;][vc_column column_padding=&raquo;no-extra-padding&raquo; column_padding_tablet=&raquo;inherit&raquo; column_padding_phone=&raquo;inherit&raquo; column_padding_position=&raquo;all&raquo; column_element_direction_desktop=&raquo;default&raquo; column_element_spacing=&raquo;default&raquo; desktop_text_alignment=&raquo;default&raquo; tablet_text_alignment=&raquo;default&raquo; phone_text_alignment=&raquo;default&raquo; background_color_opacity=&raquo;1&#8243; background_hover_color_opacity=&raquo;1&#8243; column_backdrop_filter=&raquo;none&raquo; column_shadow=&raquo;none&raquo; column_border_radius=&raquo;none&raquo; column_link_target=&raquo;_self&raquo; column_position=&raquo;default&raquo; gradient_direction=&raquo;left_to_right&raquo; overlay_strength=&raquo;0.3&#8243; width=&raquo;1\/1&#8243; tablet_width_inherit=&raquo;default&raquo; animation_type=&raquo;default&raquo; bg_image_animation=&raquo;none&raquo; border_type=&raquo;simple&raquo; column_border_width=&raquo;none&raquo; column_border_style=&raquo;solid&raquo;][vc_column_text]\n<h2>Ofte Stilte Sp\u00f8rsm\u00e5l om Emax Tannkrone<\/h2>\n[\/vc_column_text][toggles style=&raquo;minimal&raquo;][toggle color=&raquo;Default&raquo; heading_tag=&raquo;default&raquo; heading_tag_functionality=&raquo;default&raquo; title=&raquo;Hvordan P\u00e5f\u00f8res Emax Dental Veneer?&raquo;][vc_column_text]Den f\u00f8rste fasen i Emax tannkronebehandlingen er \u00e5 ta m\u00e5l av tennene dine. Emax-kronene lages i tynne lag av spesialmateriale, og basene fylles for \u00e5 lage tannpr\u00f8ver. Kronene kuttes i blokker for \u00e5 tilpasses tennene dine, og deretter tilpasses de til tennene dine. Til slutt plasseres de forberedte kronene p\u00e5 tennene dine, og Emax tannkronebehandlingen er fullf\u00f8rt. Emax tannkroner brukes til \u00e5 oppn\u00e5 b\u00e5de holdbarhet og estetiske resultater. Disse kronene inneholder ikke metall, noe som betyr at de ikke gir en f\u00f8lelse av vekt i tennene dine. I tillegg er problemer som d\u00e5rlig passform eller mellomrom som ofte oppst\u00e5r med porselenkroner, sjeldne med Emax tannkroner.<\/p>\n[\/vc_column_text][\/toggle][toggle color=&raquo;Default&raquo; heading_tag=&raquo;default&raquo; heading_tag_functionality=&raquo;default&raquo; title=&raquo;Emax Kroneapplikasjon:&raquo;][vc_column_text]Emax-veneer er ideelle for tenner som krever estetisk forbedring. De brukes ofte p\u00e5 tenner med feil i beskyttende laget, uregelmessigheter eller emaljefeil. De er ogs\u00e5 egnet for \u00e5 restaurere tenner som har blitt skadet p\u00e5 grunn av erosjon, slitasje eller tyggeskader. Emax-veneer brukes ogs\u00e5 ofte p\u00e5 tenner som har fargeforandringer, tenner som ikke har oppn\u00e5dd \u00f8nsket resultat etter bleking, uregelmessige tenner eller tennene som er skadet p\u00e5 grunn av traumer eller karies.<\/p>\n[\/vc_column_text][\/toggle][toggle color=&raquo;Default&raquo; heading_tag=&raquo;default&raquo; heading_tag_functionality=&raquo;default&raquo; title=&raquo;Vedlikehold Etter Emax Krone:&raquo;][vc_column_text]Riktig og regelmessig vedlikehold er avgj\u00f8rende for Emax tannkroner. Derfor b\u00f8r du b\u00f8rste tennene dine med en myk tannb\u00f8rste to ganger om dagen og bruke riktig teknikk. Bruk av munnskyll kan ogs\u00e5 hjelpe til med \u00e5 opprettholde munnhygiene og forlenge levetiden til kronene. Du b\u00f8r unng\u00e5 \u00e5 bruke tennene til \u00e5 bite i harde matvarer, og det er viktig \u00e5 bruke tanntr\u00e5d for \u00e5 rense mellom tennene.<\/p>\n[\/vc_column_text][\/toggle][toggle color=&raquo;Default&raquo; heading_tag=&raquo;default&raquo; heading_tag_functionality=&raquo;default&raquo; title=&raquo;Hvor Lenge Varer Emax Veneer?&raquo;][vc_column_text]Emax-veneer varer vanligvis i 15 til 20 \u00e5r uten problemer. Imidlertid kan fors\u00f8mmelse av munnhygiene eller mangel p\u00e5 oppmerksomhet p\u00e5 munnhygiene, samt traumer i munnen, redusere levetiden p\u00e5 kronene.<\/p>\n[\/vc_column_text][\/toggle][toggle color=&raquo;Default&raquo; heading_tag=&raquo;default&raquo; heading_tag_functionality=&raquo;default&raquo; title=&raquo;Er Det Smertefullt \u00c5 F\u00e5 Emax Tannkrone?&raquo;][vc_column_text]Tannleger bruker lokalbed\u00f8velse, s\u00e5 det er vanligvis ikke smertefullt \u00e5 f\u00e5 Emax tannkronebehandling. Imidlertid kan du oppleve mild ubehag eller f\u00f8lsomhet etter at bed\u00f8velsen har g\u00e5tt ut. Hvis dette skjer, er det ingen grunn til bekymring, da pasienter vanligvis f\u00f8ler mildt ubehag i noen dager etter slike tannbehandlinger, men dette er midlertidig.<\/p>\n[\/vc_column_text][\/toggle][\/toggles][\/vc_column][\/vc_row]\n","protected":false},"excerpt":{"rendered":"<p>[vc_row type=&raquo;in_container&raquo; full_screen_row_position=&raquo;middle&raquo; column_margin=&raquo;default&raquo; equal_height=&raquo;yes&raquo; content_placement=&raquo;middle&raquo; column_direction=&raquo;default&raquo; column_direction_tablet=&raquo;default&raquo; column_direction_phone=&raquo;default&raquo; bg_color=&raquo;#ffffff&raquo; scene_position=&raquo;center&raquo; text_color=&raquo;dark&raquo; text_align=&raquo;left&raquo; row_border_radius=&raquo;none&raquo; row_border_radius_applies=&raquo;bg&raquo; overflow=&raquo;visible&raquo; overlay_strength=&raquo;0.3&#8243; gradient_direction=&raquo;left_to_right&raquo; shape_divider_position=&raquo;bottom&raquo; bg_image_animation=&raquo;none&raquo; gradient_type=&raquo;default&raquo; shape_type=&raquo;&raquo;][vc_column column_padding=&raquo;padding-5-percent&raquo; column_padding_tablet=&raquo;inherit&raquo; column_padding_phone=&raquo;inherit&raquo; column_padding_position=&raquo;all&raquo; column_element_direction_desktop=&raquo;default&raquo; column_element_spacing=&raquo;default&raquo; desktop_text_alignment=&raquo;default&raquo; tablet_text_alignment=&raquo;default&raquo;&#8230;<\/p>\n","protected":false},"author":2,"featured_media":0,"parent":0,"menu_order":0,"comment_status":"closed","ping_status":"closed","template":"","meta":{"footnotes":""},"class_list":["post-5665","page","type-page","status-publish"],"_links":{"self":[{"href":"https:\/\/qualitylifehealth.com\/no\/wp-json\/wp\/v2\/pages\/5665","targetHints":{"allow":["GET"]}}],"collection":[{"href":"https:\/\/qualitylifehealth.com\/no\/wp-json\/wp\/v2\/pages"}],"about":[{"href":"https:\/\/qualitylifehealth.com\/no\/wp-json\/wp\/v2\/types\/page"}],"author":[{"embeddable":true,"href":"https:\/\/qualitylifehealth.com\/no\/wp-json\/wp\/v2\/users\/2"}],"replies":[{"embeddable":true,"href":"https:\/\/qualitylifehealth.com\/no\/wp-json\/wp\/v2\/comments?post=5665"}],"version-history":[{"count":3,"href":"https:\/\/qualitylifehealth.com\/no\/wp-json\/wp\/v2\/pages\/5665\/revisions"}],"predecessor-version":[{"id":5669,"href":"https:\/\/qualitylifehealth.com\/no\/wp-json\/wp\/v2\/pages\/5665\/revisions\/5669"}],"wp:attachment":[{"href":"https:\/\/qualitylifehealth.com\/no\/wp-json\/wp\/v2\/media?parent=5665"}],"curies":[{"name":"wp","href":"https:\/\/api.w.org\/{rel}","templated":true}]}}