{"id":5948,"date":"2023-11-28T15:33:42","date_gmt":"2023-11-28T12:33:42","guid":{"rendered":"https:\/\/qualitylifehealth.com\/burun-estetigi\/"},"modified":"2025-01-18T22:45:06","modified_gmt":"2025-01-18T19:45:06","slug":"rynoplastyka","status":"publish","type":"page","link":"https:\/\/qualitylifehealth.com\/pl\/rynoplastyka\/","title":{"rendered":"Rynoplastyka"},"content":{"rendered":"[vc_row type=&#8221;in_container&#8221; full_screen_row_position=&#8221;middle&#8221; column_margin=&#8221;default&#8221; equal_height=&#8221;yes&#8221; content_placement=&#8221;middle&#8221; column_direction=&#8221;default&#8221; column_direction_tablet=&#8221;default&#8221; column_direction_phone=&#8221;default&#8221; bg_color=&#8221;#ffffff&#8221; scene_position=&#8221;center&#8221; text_color=&#8221;dark&#8221; text_align=&#8221;left&#8221; row_border_radius=&#8221;none&#8221; row_border_radius_applies=&#8221;bg&#8221; overflow=&#8221;visible&#8221; overlay_strength=&#8221;0.3&#8243; gradient_direction=&#8221;left_to_right&#8221; shape_divider_position=&#8221;bottom&#8221; bg_image_animation=&#8221;none&#8221; gradient_type=&#8221;default&#8221; shape_type=&#8221;&#8221;][vc_column column_padding=&#8221;padding-5-percent&#8221; column_padding_tablet=&#8221;inherit&#8221; column_padding_phone=&#8221;inherit&#8221; column_padding_position=&#8221;all&#8221; column_element_direction_desktop=&#8221;default&#8221; column_element_spacing=&#8221;default&#8221; desktop_text_alignment=&#8221;default&#8221; tablet_text_alignment=&#8221;default&#8221; phone_text_alignment=&#8221;default&#8221; background_color_opacity=&#8221;1&#8243; background_hover_color_opacity=&#8221;1&#8243; column_backdrop_filter=&#8221;none&#8221; column_shadow=&#8221;none&#8221; column_border_radius=&#8221;none&#8221; column_link_target=&#8221;_self&#8221; column_position=&#8221;default&#8221; gradient_direction=&#8221;left_to_right&#8221; overlay_strength=&#8221;0.3&#8243; width=&#8221;1\/2&#8243; tablet_width_inherit=&#8221;default&#8221; animation_type=&#8221;default&#8221; bg_image_animation=&#8221;none&#8221; border_type=&#8221;simple&#8221; column_border_width=&#8221;none&#8221; column_border_style=&#8221;solid&#8221; column_padding_type=&#8221;default&#8221; gradient_type=&#8221;default&#8221;][vc_row_inner column_margin=&#8221;default&#8221; column_direction=&#8221;default&#8221; column_direction_tablet=&#8221;default&#8221; column_direction_phone=&#8221;default&#8221; text_align=&#8221;left&#8221; row_position=&#8221;default&#8221; row_position_tablet=&#8221;inherit&#8221; row_position_phone=&#8221;inherit&#8221; overflow=&#8221;visible&#8221; pointer_events=&#8221;all&#8221;][vc_column_inner column_padding=&#8221;no-extra-padding&#8221; column_padding_tablet=&#8221;inherit&#8221; column_padding_phone=&#8221;inherit&#8221; column_padding_position=&#8221;all&#8221; column_element_direction_desktop=&#8221;default&#8221; column_element_spacing=&#8221;default&#8221; desktop_text_alignment=&#8221;default&#8221; tablet_text_alignment=&#8221;default&#8221; phone_text_alignment=&#8221;default&#8221; background_color_opacity=&#8221;1&#8243; background_hover_color_opacity=&#8221;1&#8243; column_backdrop_filter=&#8221;none&#8221; column_shadow=&#8221;none&#8221; column_border_radius=&#8221;none&#8221; column_link_target=&#8221;_self&#8221; overflow=&#8221;visible&#8221; gradient_direction=&#8221;left_to_right&#8221; overlay_strength=&#8221;0.3&#8243; width=&#8221;1\/1&#8243; tablet_width_inherit=&#8221;default&#8221; animation_type=&#8221;default&#8221; enable_animation=&#8221;true&#8221; animation=&#8221;fade-in-from-bottom&#8221; animation_easing=&#8221;default&#8221; bg_image_animation=&#8221;none&#8221; border_type=&#8221;simple&#8221; column_border_width=&#8221;none&#8221; column_border_style=&#8221;solid&#8221;][vc_custom_heading text=&#8221;Rynoplastyka&#8221; font_container=&#8221;tag:h1|font_size:40|text_align:left|line_height:50px&#8221; use_theme_fonts=&#8221;yes&#8221;][vc_custom_heading text=&#8221;Rynoplastyka, czyli operacja chirurgiczna maj\u0105ca na celu zmian\u0119 kszta\u0142tu nosa. Zabieg ten mo\u017ce s\u0142u\u017cy\u0107 do korygowania deformacji nosa, usuwania wrodzonych wad, poprawy wygl\u0105du estetycznego nosa lub poprawy funkcji oddechowych, aby u\u0142atwi\u0107 oddychanie. W niekt\u00f3rych przypadkach, rinoplastyka mo\u017ce by\u0107 wykonywana w celu poprawy zar\u00f3wno problem\u00f3w z oddychaniem, jak i wygl\u0105du.&#8221; font_container=&#8221;tag:p|text_align:left|color:rgba(10%2C10%2C10%2C0.6)&#8221; use_theme_fonts=&#8221;yes&#8221;][\/vc_column_inner][\/vc_row_inner][\/vc_column][vc_column column_padding=&#8221;no-extra-padding&#8221; column_padding_tablet=&#8221;inherit&#8221; column_padding_phone=&#8221;inherit&#8221; column_padding_position=&#8221;all&#8221; column_element_direction_desktop=&#8221;default&#8221; column_element_spacing=&#8221;default&#8221; desktop_text_alignment=&#8221;default&#8221; tablet_text_alignment=&#8221;default&#8221; phone_text_alignment=&#8221;default&#8221; background_color_opacity=&#8221;1&#8243; background_hover_color_opacity=&#8221;1&#8243; column_backdrop_filter=&#8221;none&#8221; column_shadow=&#8221;none&#8221; column_border_radius=&#8221;none&#8221; column_link_target=&#8221;_self&#8221; column_position=&#8221;default&#8221; gradient_direction=&#8221;left_to_right&#8221; overlay_strength=&#8221;0.3&#8243; width=&#8221;1\/2&#8243; tablet_width_inherit=&#8221;default&#8221; animation_type=&#8221;default&#8221; bg_image_animation=&#8221;none&#8221; border_type=&#8221;simple&#8221; column_border_width=&#8221;none&#8221; column_border_style=&#8221;solid&#8221; column_padding_type=&#8221;default&#8221; gradient_type=&#8221;default&#8221;][image_with_animation image_url=&#8221;712&#8243; image_size=&#8221;full&#8221; animation_type=&#8221;entrance&#8221; animation=&#8221;None&#8221; animation_movement_type=&#8221;transform_y&#8221; hover_animation=&#8221;none&#8221; alignment=&#8221;&#8221; border_radius=&#8221;20px&#8221; box_shadow=&#8221;none&#8221; image_loading=&#8221;default&#8221; max_width=&#8221;100%&#8221; max_width_mobile=&#8221;default&#8221;][\/vc_column][\/vc_row][vc_row type=&#8221;full_width_background&#8221; full_screen_row_position=&#8221;middle&#8221; column_margin=&#8221;default&#8221; column_direction=&#8221;default&#8221; column_direction_tablet=&#8221;default&#8221; column_direction_phone=&#8221;default&#8221; bg_color=&#8221;#f7f7f7&#8243; scene_position=&#8221;center&#8221; top_padding=&#8221;100&#8243; bottom_padding=&#8221;100&#8243; text_color=&#8221;dark&#8221; text_align=&#8221;left&#8221; row_border_radius=&#8221;none&#8221; row_border_radius_applies=&#8221;bg&#8221; overflow=&#8221;visible&#8221; overlay_strength=&#8221;0.3&#8243; gradient_direction=&#8221;left_to_right&#8221; shape_divider_position=&#8221;bottom&#8221; bg_image_animation=&#8221;none&#8221;][vc_column column_padding=&#8221;no-extra-padding&#8221; column_padding_tablet=&#8221;inherit&#8221; column_padding_phone=&#8221;inherit&#8221; column_padding_position=&#8221;all&#8221; column_element_direction_desktop=&#8221;default&#8221; column_element_spacing=&#8221;default&#8221; desktop_text_alignment=&#8221;default&#8221; tablet_text_alignment=&#8221;default&#8221; phone_text_alignment=&#8221;default&#8221; background_color_opacity=&#8221;1&#8243; background_hover_color_opacity=&#8221;1&#8243; column_backdrop_filter=&#8221;none&#8221; column_shadow=&#8221;none&#8221; column_border_radius=&#8221;none&#8221; column_link_target=&#8221;_self&#8221; column_position=&#8221;default&#8221; gradient_direction=&#8221;left_to_right&#8221; overlay_strength=&#8221;0.3&#8243; width=&#8221;1\/1&#8243; tablet_width_inherit=&#8221;default&#8221; animation_type=&#8221;default&#8221; bg_image_animation=&#8221;none&#8221; border_type=&#8221;simple&#8221; column_border_width=&#8221;none&#8221; column_border_style=&#8221;solid&#8221;][vc_column_text]\n<h2>Najcz\u0119\u015bciej zadawane pytania dotycz\u0105ce rinoplastyki<\/h2>\n[\/vc_column_text][toggles style=&#8221;minimal&#8221;][toggle color=&#8221;Default&#8221; heading_tag=&#8221;default&#8221; heading_tag_functionality=&#8221;default&#8221; title=&#8221;Jak wykonuje si\u0119 rinoplastyk\u0119?&#8221;][vc_column_text]Najpierw opracowywany jest plan zgodny z \u017cyczeniami pacjenta. Om\u00f3wione zostaj\u0105 oczekiwania pacjenta, a nast\u0119pnie decyduje si\u0119 o kszta\u0142cie nosa, kt\u00f3ry ma zosta\u0107 wykonany. Po podj\u0119ciu decyzji rozpoczyna si\u0119 zabieg.<\/p>\n<p>Przed operacj\u0105 pacjentowi podawana jest og\u00f3lna narkozja. Chirurg okre\u015bla miejsce ci\u0119\u0107 w zale\u017cno\u015bci od preferowanej techniki operacji (otwarta rinoplastyka lub zamkni\u0119ta rinoplastyka). W metodzie otwartej ci\u0119cie wykonywane jest zewn\u0119trznie wok\u00f3\u0142 nozdrzy, podczas gdy w metodzie zamkni\u0119tej ci\u0119cia wykonywane s\u0105 wewn\u0105trz nozdrzy. Ci\u0119cia te pozwalaj\u0105 chirurgowi uzyska\u0107 dost\u0119p do tkanek nosa. Chirurg koryguje ko\u015bci nosa lub tkank\u0119 chrz\u0119stn\u0105, modeluj\u0105c j\u0105 na nowo. Na ko\u0144cu operacji zak\u0142ada si\u0119 szwy wok\u00f3\u0142 nosa, a tak\u017ce nak\u0142ada si\u0119 gips lub szyn\u0119. Po oko\u0142o tygodniu usuwane s\u0105 gips i szwy.[\/vc_column_text][\/toggle][toggle color=&#8221;Default&#8221; heading_tag=&#8221;default&#8221; heading_tag_functionality=&#8221;default&#8221; title=&#8221;Jakie s\u0105 zalecenia po rinoplastyce?&#8221;][vc_column_text]Po operacji pacjenci s\u0105 wypisywani w ci\u0105gu 1 dnia. Pacjenci, kt\u00f3rzy przeszli rinoplastyk\u0119, powinni szczeg\u00f3lnie dba\u0107 o diet\u0119, unika\u0107 palenia i chroni\u0107 nos przed urazami. Aby zmniejszy\u0107 krwawienie i obrz\u0119k po zabiegu, nale\u017cy odpoczywa\u0107 w pozycji, w kt\u00f3rej g\u0142owa jest wy\u017cej ni\u017c klatka piersiowa. Po operacji przez co najmniej cztery tygodnie okulary lub okulary przeciws\u0142oneczne nie powinny opiera\u0107 si\u0119 na nosie. Dop\u00f3ki nos nie wyleczy si\u0119, okulary mog\u0105 by\u0107 noszone na opasce na czole. Na zewn\u0105trz nale\u017cy stosowa\u0107 filtr przeciws\u0142oneczny o faktorze 30, zw\u0142aszcza na nosie.[\/vc_column_text][\/toggle][toggle color=&#8221;Default&#8221; heading_tag=&#8221;default&#8221; heading_tag_functionality=&#8221;default&#8221; title=&#8221;Czy jest ograniczenie wiekowe dla rinoplastyki?&#8221;][vc_column_text]Rinoplastyka nie jest zalecana u os\u00f3b w wieku m\u0142odszym, kt\u00f3rych rozw\u00f3j nie jest jeszcze zako\u0144czony. Operacje w przypadku zaburze\u0144 funkcji nosa mog\u0105 by\u0107 przeprowadzane w m\u0142odszym wieku, jednak dla operacji estetycznych preferuje si\u0119 poczeka\u0107 do uko\u0144czenia 18 roku \u017cycia.[\/vc_column_text][\/toggle][toggle color=&#8221;Default&#8221; heading_tag=&#8221;default&#8221; heading_tag_functionality=&#8221;default&#8221; title=&#8221;Jak d\u0142ugo trwa operacja rinoplastyki?&#8221;][vc_column_text]Czas trwania operacji rinoplastyki zale\u017cy od stanu pacjenta, zakresu operacji oraz do\u015bwiadczenia chirurga. Zwykle operacja trwa od 1 do 4 godzin.[\/vc_column_text][\/toggle][toggle color=&#8221;Default&#8221; heading_tag=&#8221;default&#8221; heading_tag_functionality=&#8221;default&#8221; title=&#8221;Czym jest rinoplastyka bezoperacyjna?&#8221;][vc_column_text]Rinoplastyka bezoperacyjna jest opcj\u0105 dla os\u00f3b z asymetrycznym nosem. Mo\u017ce by\u0107 r\u00f3wnie\u017c preferowana przez osoby z niskim czubkiem nosa. W estetyce czubka nosa nie wykonuje si\u0119 \u017cadnych ci\u0119\u0107 w ko\u015bci nosa. Procedura polega jedynie na zmianie kszta\u0142tu przedniej cz\u0119\u015bci nosa. Zabieg wykonywany jest przy u\u017cyciu materia\u0142\u00f3w wype\u0142niaj\u0105cych.[\/vc_column_text][\/toggle][toggle color=&#8221;Default&#8221; heading_tag=&#8221;default&#8221; heading_tag_functionality=&#8221;default&#8221; title=&#8221;Jak d\u0142ugo trwa proces gojenia po rinoplastyce?&#8221;][vc_column_text]Czas ca\u0142kowitego wygojenia r\u00f3\u017cni si\u0119 w zale\u017cno\u015bci od osoby, ale zazwyczaj trwa kilka miesi\u0119cy. Aby uzyska\u0107 pe\u0142ny efekt po operacji rinoplastyki, potrzeba czasu. W tym okresie wa\u017cne jest przestrzeganie zalece\u0144 chirurga, aby przyspieszy\u0107 proces gojenia.[\/vc_column_text][\/toggle][toggle color=&#8221;Default&#8221; heading_tag=&#8221;default&#8221; heading_tag_functionality=&#8221;default&#8221; title=&#8221;Czy po rinoplastyce wyst\u0119puje du\u017cy b\u00f3l?&#8221;][vc_column_text]B\u00f3l mo\u017ce r\u00f3\u017cni\u0107 si\u0119 w zale\u017cno\u015bci od osoby. U pacjent\u00f3w z grub\u0105 i trudn\u0105 struktur\u0105 nosa siniaki mog\u0105 wyst\u0119powa\u0107 cz\u0119\u015bciej ni\u017c u os\u00f3b z delikatniejsz\u0105 struktur\u0105 nosa. Nawet je\u015bli pojawi\u0105 si\u0119 drobne siniaki, zwykle znikaj\u0105 one w ci\u0105gu tygodnia.[\/vc_column_text][\/toggle][toggle color=&#8221;Default&#8221; heading_tag=&#8221;default&#8221; heading_tag_functionality=&#8221;default&#8221; title=&#8221;Czy przed operacj\u0105 nosa u\u017cywa si\u0119 Photoshopa?&#8221;][vc_column_text]Przed operacj\u0105 nosa lekarz wykonuje zdj\u0119cia nosa pacjenta, a nast\u0119pnie z pomoc\u0105 pacjenta dokonuje poprawek w programie Photoshop. Dzi\u0119ki temu pacjent mo\u017ce zobaczy\u0107, jaki efekt chce osi\u0105gn\u0105\u0107.[\/vc_column_text][\/toggle][toggle color=&#8221;Default&#8221; heading_tag=&#8221;default&#8221; heading_tag_functionality=&#8221;default&#8221; title=&#8221;Czy rinoplastyka zmienia wyraz twarzy?&#8221;][vc_column_text]Nosem znajduje si\u0119 dok\u0142adnie w centrum twarzy, wi\u0119c to on kszta\u0142tuje nasz wyraz twarzy. Zmiany w kszta\u0142cie nosa mog\u0105 wp\u0142yn\u0105\u0107 na wyraz twarzy. Jednak ca\u0142a twarz stanowi jedno\u015b\u0107, wi\u0119c rinoplastyka nie zmienia ca\u0142kowicie wyrazu twarzy.[\/vc_column_text][\/toggle][toggle color=&#8221;Default&#8221; heading_tag=&#8221;default&#8221; heading_tag_functionality=&#8221;default&#8221; title=&#8221;Czym jest rewizyjna rinoplastyka?&#8221;][vc_column_text]Po estetycznych operacjach nosa mog\u0105 wyst\u0105pi\u0107 problemy takie jak skrzywienie, asymetria, czy te\u017c problemy z oddychaniem. Je\u015bli efekt wizualny po operacji nie jest zadowalaj\u0105cy, przeprowadza si\u0119 drug\u0105 lub kolejne operacje koryguj\u0105ce, kt\u00f3re okre\u015blane s\u0105 mianem rewizyjnej rinoplastyki.[\/vc_column_text][\/toggle][\/toggles][\/vc_column][\/vc_row]\n","protected":false},"excerpt":{"rendered":"<p>[vc_row type=&#8221;in_container&#8221; full_screen_row_position=&#8221;middle&#8221; column_margin=&#8221;default&#8221; equal_height=&#8221;yes&#8221; content_placement=&#8221;middle&#8221; column_direction=&#8221;default&#8221; column_direction_tablet=&#8221;default&#8221; column_direction_phone=&#8221;default&#8221; bg_color=&#8221;#ffffff&#8221; scene_position=&#8221;center&#8221; text_color=&#8221;dark&#8221; text_align=&#8221;left&#8221; row_border_radius=&#8221;none&#8221; row_border_radius_applies=&#8221;bg&#8221; overflow=&#8221;visible&#8221; overlay_strength=&#8221;0.3&#8243; gradient_direction=&#8221;left_to_right&#8221; shape_divider_position=&#8221;bottom&#8221; bg_image_animation=&#8221;none&#8221; gradient_type=&#8221;default&#8221; shape_type=&#8221;&#8221;][vc_column column_padding=&#8221;padding-5-percent&#8221; column_padding_tablet=&#8221;inherit&#8221; column_padding_phone=&#8221;inherit&#8221; column_padding_position=&#8221;all&#8221; column_element_direction_desktop=&#8221;default&#8221; column_element_spacing=&#8221;default&#8221; desktop_text_alignment=&#8221;default&#8221; tablet_text_alignment=&#8221;default&#8221;&#8230;<\/p>\n","protected":false},"author":2,"featured_media":0,"parent":0,"menu_order":0,"comment_status":"closed","ping_status":"closed","template":"","meta":{"footnotes":""},"class_list":["post-5948","page","type-page","status-publish"],"_links":{"self":[{"href":"https:\/\/qualitylifehealth.com\/pl\/wp-json\/wp\/v2\/pages\/5948","targetHints":{"allow":["GET"]}}],"collection":[{"href":"https:\/\/qualitylifehealth.com\/pl\/wp-json\/wp\/v2\/pages"}],"about":[{"href":"https:\/\/qualitylifehealth.com\/pl\/wp-json\/wp\/v2\/types\/page"}],"author":[{"embeddable":true,"href":"https:\/\/qualitylifehealth.com\/pl\/wp-json\/wp\/v2\/users\/2"}],"replies":[{"embeddable":true,"href":"https:\/\/qualitylifehealth.com\/pl\/wp-json\/wp\/v2\/comments?post=5948"}],"version-history":[{"count":3,"href":"https:\/\/qualitylifehealth.com\/pl\/wp-json\/wp\/v2\/pages\/5948\/revisions"}],"predecessor-version":[{"id":5952,"href":"https:\/\/qualitylifehealth.com\/pl\/wp-json\/wp\/v2\/pages\/5948\/revisions\/5952"}],"wp:attachment":[{"href":"https:\/\/qualitylifehealth.com\/pl\/wp-json\/wp\/v2\/media?parent=5948"}],"curies":[{"name":"wp","href":"https:\/\/api.w.org\/{rel}","templated":true}]}}