{"id":6032,"date":"2023-11-27T17:50:46","date_gmt":"2023-11-27T14:50:46","guid":{"rendered":"https:\/\/qualitylifehealth.com\/porselen-laminat-dis-kaplama\/"},"modified":"2025-01-18T23:44:48","modified_gmt":"2025-01-18T20:44:48","slug":"porcelanowa-nakladka-na-zeby","status":"publish","type":"page","link":"https:\/\/qualitylifehealth.com\/pl\/porcelanowa-nakladka-na-zeby\/","title":{"rendered":"Porcelanowa nak\u0142adka na z\u0119by"},"content":{"rendered":"[vc_row type=&#8221;in_container&#8221; full_screen_row_position=&#8221;middle&#8221; column_margin=&#8221;default&#8221; equal_height=&#8221;yes&#8221; content_placement=&#8221;middle&#8221; column_direction=&#8221;default&#8221; column_direction_tablet=&#8221;default&#8221; column_direction_phone=&#8221;default&#8221; bg_color=&#8221;#ffffff&#8221; scene_position=&#8221;center&#8221; text_color=&#8221;dark&#8221; text_align=&#8221;left&#8221; row_border_radius=&#8221;none&#8221; row_border_radius_applies=&#8221;bg&#8221; overflow=&#8221;visible&#8221; overlay_strength=&#8221;0.3&#8243; gradient_direction=&#8221;left_to_right&#8221; shape_divider_position=&#8221;bottom&#8221; bg_image_animation=&#8221;none&#8221; gradient_type=&#8221;default&#8221;][vc_column column_padding=&#8221;padding-5-percent&#8221; column_padding_tablet=&#8221;inherit&#8221; column_padding_phone=&#8221;inherit&#8221; column_padding_position=&#8221;all&#8221; column_element_direction_desktop=&#8221;default&#8221; column_element_spacing=&#8221;default&#8221; desktop_text_alignment=&#8221;default&#8221; tablet_text_alignment=&#8221;default&#8221; phone_text_alignment=&#8221;default&#8221; background_color_opacity=&#8221;1&#8243; background_hover_color_opacity=&#8221;1&#8243; column_backdrop_filter=&#8221;none&#8221; column_shadow=&#8221;none&#8221; column_border_radius=&#8221;none&#8221; column_link_target=&#8221;_self&#8221; column_position=&#8221;default&#8221; gradient_direction=&#8221;left_to_right&#8221; overlay_strength=&#8221;0.3&#8243; width=&#8221;1\/2&#8243; tablet_width_inherit=&#8221;default&#8221; animation_type=&#8221;default&#8221; bg_image_animation=&#8221;none&#8221; border_type=&#8221;simple&#8221; column_border_width=&#8221;none&#8221; column_border_style=&#8221;solid&#8221; column_padding_type=&#8221;default&#8221; gradient_type=&#8221;default&#8221;][vc_row_inner column_margin=&#8221;default&#8221; column_direction=&#8221;default&#8221; column_direction_tablet=&#8221;default&#8221; column_direction_phone=&#8221;default&#8221; text_align=&#8221;left&#8221; row_position=&#8221;default&#8221; row_position_tablet=&#8221;inherit&#8221; row_position_phone=&#8221;inherit&#8221; overflow=&#8221;visible&#8221; pointer_events=&#8221;all&#8221;][vc_column_inner column_padding=&#8221;no-extra-padding&#8221; column_padding_tablet=&#8221;inherit&#8221; column_padding_phone=&#8221;inherit&#8221; column_padding_position=&#8221;all&#8221; column_element_direction_desktop=&#8221;default&#8221; column_element_spacing=&#8221;default&#8221; desktop_text_alignment=&#8221;default&#8221; tablet_text_alignment=&#8221;default&#8221; phone_text_alignment=&#8221;default&#8221; background_color_opacity=&#8221;1&#8243; background_hover_color_opacity=&#8221;1&#8243; column_backdrop_filter=&#8221;none&#8221; column_shadow=&#8221;none&#8221; column_border_radius=&#8221;none&#8221; column_link_target=&#8221;_self&#8221; overflow=&#8221;visible&#8221; gradient_direction=&#8221;left_to_right&#8221; overlay_strength=&#8221;0.3&#8243; width=&#8221;1\/1&#8243; tablet_width_inherit=&#8221;default&#8221; animation_type=&#8221;default&#8221; enable_animation=&#8221;true&#8221; animation=&#8221;fade-in-from-bottom&#8221; animation_easing=&#8221;default&#8221; bg_image_animation=&#8221;none&#8221; border_type=&#8221;simple&#8221; column_border_width=&#8221;none&#8221; column_border_style=&#8221;solid&#8221;][vc_custom_heading text=&#8221;Lic\u00f3wki Porcelanowe&#8221; font_container=&#8221;tag:h1|font_size:40|text_align:left|line_height:50px&#8221; use_theme_fonts=&#8221;yes&#8221;][vc_custom_heading text=&#8221;Znane r\u00f3wnie\u017c jako porcelanowe nak\u0142adki, lic\u00f3wki porcelanowe to rodzaj nak\u0142adek dentystycznych, w kt\u00f3rych produkcji wykorzystuje si\u0119 porcelan\u0119. Porcelana jest materia\u0142em o bia\u0142ym kolorze, uznawanym za biokompatybilny. Nie zawiera metali ani szkodliwych substancji. Lic\u00f3wki porcelanowe pomagaj\u0105 z\u0119bom wygl\u0105da\u0107 bardziej naturalnie i s\u0105 popularnym wyborem w\u015br\u00f3d os\u00f3b z brakami w uz\u0119bieniu lub problemami, takimi jak przebarwienia. Pomagaj\u0105 r\u00f3wnie\u017c w korekcie kszta\u0142tu, rozmiaru i koloru z\u0119b\u00f3w.&#8221; font_container=&#8221;tag:p|text_align:left|color:rgba(10%2C10%2C10%2C0.6)&#8221; use_theme_fonts=&#8221;yes&#8221;][\/vc_column_inner][\/vc_row_inner][\/vc_column][vc_column column_padding=&#8221;no-extra-padding&#8221; column_padding_tablet=&#8221;inherit&#8221; column_padding_phone=&#8221;inherit&#8221; column_padding_position=&#8221;all&#8221; column_element_direction_desktop=&#8221;default&#8221; column_element_spacing=&#8221;default&#8221; desktop_text_alignment=&#8221;default&#8221; tablet_text_alignment=&#8221;default&#8221; phone_text_alignment=&#8221;default&#8221; background_color_opacity=&#8221;1&#8243; background_hover_color_opacity=&#8221;1&#8243; column_backdrop_filter=&#8221;none&#8221; column_shadow=&#8221;none&#8221; column_border_radius=&#8221;none&#8221; column_link_target=&#8221;_self&#8221; column_position=&#8221;default&#8221; gradient_direction=&#8221;left_to_right&#8221; overlay_strength=&#8221;0.3&#8243; width=&#8221;1\/2&#8243; tablet_width_inherit=&#8221;default&#8221; animation_type=&#8221;default&#8221; bg_image_animation=&#8221;none&#8221; border_type=&#8221;simple&#8221; column_border_width=&#8221;none&#8221; column_border_style=&#8221;solid&#8221; column_padding_type=&#8221;default&#8221; gradient_type=&#8221;default&#8221;][image_with_animation image_url=&#8221;747&#8243; image_size=&#8221;full&#8221; animation_type=&#8221;entrance&#8221; animation=&#8221;None&#8221; animation_movement_type=&#8221;transform_y&#8221; hover_animation=&#8221;none&#8221; alignment=&#8221;&#8221; border_radius=&#8221;20px&#8221; box_shadow=&#8221;none&#8221; image_loading=&#8221;default&#8221; max_width=&#8221;100%&#8221; max_width_mobile=&#8221;default&#8221;][\/vc_column][\/vc_row][vc_row type=&#8221;full_width_background&#8221; full_screen_row_position=&#8221;middle&#8221; column_margin=&#8221;default&#8221; column_direction=&#8221;default&#8221; column_direction_tablet=&#8221;default&#8221; column_direction_phone=&#8221;default&#8221; bg_color=&#8221;#f7f7f7&#8243; scene_position=&#8221;center&#8221; top_padding=&#8221;100&#8243; bottom_padding=&#8221;100&#8243; text_color=&#8221;dark&#8221; text_align=&#8221;left&#8221; row_border_radius=&#8221;none&#8221; row_border_radius_applies=&#8221;bg&#8221; overflow=&#8221;visible&#8221; overlay_strength=&#8221;0.3&#8243; gradient_direction=&#8221;left_to_right&#8221; shape_divider_position=&#8221;bottom&#8221; bg_image_animation=&#8221;none&#8221;][vc_column column_padding=&#8221;no-extra-padding&#8221; column_padding_tablet=&#8221;inherit&#8221; column_padding_phone=&#8221;inherit&#8221; column_padding_position=&#8221;all&#8221; column_element_direction_desktop=&#8221;default&#8221; column_element_spacing=&#8221;default&#8221; desktop_text_alignment=&#8221;default&#8221; tablet_text_alignment=&#8221;default&#8221; phone_text_alignment=&#8221;default&#8221; background_color_opacity=&#8221;1&#8243; background_hover_color_opacity=&#8221;1&#8243; column_backdrop_filter=&#8221;none&#8221; column_shadow=&#8221;none&#8221; column_border_radius=&#8221;none&#8221; column_link_target=&#8221;_self&#8221; column_position=&#8221;default&#8221; gradient_direction=&#8221;left_to_right&#8221; overlay_strength=&#8221;0.3&#8243; width=&#8221;1\/1&#8243; tablet_width_inherit=&#8221;default&#8221; animation_type=&#8221;default&#8221; bg_image_animation=&#8221;none&#8221; border_type=&#8221;simple&#8221; column_border_width=&#8221;none&#8221; column_border_style=&#8221;solid&#8221;][vc_column_text]\n<h2>Najcz\u0119\u015bciej Zadawane Pytania na Temat Lic\u00f3wek Porcelanowych<\/h2>\n[\/vc_column_text][toggles style=&#8221;minimal&#8221;][toggle color=&#8221;Default&#8221; heading_tag=&#8221;default&#8221; heading_tag_functionality=&#8221;default&#8221; title=&#8221;Jak Stosuje si\u0119 Lic\u00f3wki Porcelanowe?&#8221;][vc_column_text]Zdrowe, pi\u0119kne i zadbane z\u0119by s\u0105 wa\u017cne zar\u00f3wno dla zdrowia, jak i wygl\u0105du. Lic\u00f3wki porcelanowe s\u0105 doskona\u0142ym rozwi\u0105zaniem dla os\u00f3b pragn\u0105cych zdrowszego i atrakcyjniejszego u\u015bmiechu.<\/p>\n<p>Proces leczenia lic\u00f3wkami zaczyna si\u0119 od zrozumienia potrzeb pacjenta i problem\u00f3w zwi\u0105zanych z jego z\u0119bami. Omawiane s\u0105 obawy dotycz\u0105ce z\u0119b\u00f3w, ich wygl\u0105du i oczekiwania. Podczas pierwszej wizyty planowane s\u0105 inne potrzeby, takie jak wybielanie z\u0119b\u00f3w, czyszczenie, usuwanie pr\u00f3chnicy i inne. Nast\u0119pnie pobierane s\u0105 wyciski, kt\u00f3re s\u0105 wysy\u0142ane do technika. Technik tworzy model pokazuj\u0105cy ko\u0144cowy wygl\u0105d z\u0119b\u00f3w, znany jako &#8222;Mock Up&#8221;. Podczas drugiej wizyty tymczasowe materia\u0142y s\u0105 u\u017cywane do zaprezentowania ostatecznego wygl\u0105du z\u0119b\u00f3w, uwzgl\u0119dniaj\u0105c potrzeby pacjenta. Wygl\u0105d z\u0119b\u00f3w jest ustalany, a ci\u0119cie i dostosowanie s\u0105 wykonywane. Podczas trzeciej wizyty sta\u0142e lic\u00f3wki porcelanowe s\u0105 mocowane, ko\u0144cz\u0105c leczenie.<\/p>\n[\/vc_column_text][\/toggle][toggle color=&#8221;Default&#8221; heading_tag=&#8221;default&#8221; heading_tag_functionality=&#8221;default&#8221; title=&#8221;Podsumowanie Leczenia Lic\u00f3wek Porcelanowych:&#8221;][vc_column_text]Liczba Sesji: 2-3<br \/>\nCzas Trwania: 30-90 minut na 10 z\u0119b\u00f3w<br \/>\nZnieczulenie: Znieczulenie Miejscowe<br \/>\nPe\u0142ne Wyzdrowienie: 15 Dni<br \/>\nPobyt w Szpitalu: Brak<br \/>\nPowr\u00f3t do Pracy: Natychmiastowy<br \/>\nTrwa\u0142o\u015b\u0107 Wynik\u00f3w: 10-20 Lat<br \/>\n[\/vc_column_text][\/toggle][toggle color=&#8221;Default&#8221; heading_tag=&#8221;default&#8221; heading_tag_functionality=&#8221;default&#8221; title=&#8221;Jak Trwa\u0142e S\u0105 Lic\u00f3wki Porcelanowe?&#8221;][vc_column_text]Trwa\u0142o\u015b\u0107 lic\u00f3wek porcelanowych zale\u017cy od piel\u0119gnacji z\u0119b\u00f3w i mo\u017ce wynosi\u0107 od 7 do 15 lat.<\/p>\n[\/vc_column_text][\/toggle][toggle color=&#8221;Default&#8221; heading_tag=&#8221;default&#8221; heading_tag_functionality=&#8221;default&#8221; title=&#8221;Kto Mo\u017ce Skorzysta\u0107 z Lic\u00f3wek Porcelanowych i Jakie S\u0105 Ich Zalety?&#8221;][vc_column_text]Lic\u00f3wki porcelanowe s\u0105 idealne do poprawy estetyki z\u0119b\u00f3w i mog\u0105 by\u0107 stosowane przez ka\u017cdego, kto chce poprawi\u0107 kolor z\u0119b\u00f3w, zamkn\u0105\u0107 przestrzenie mi\u0119dzy nimi lub ukry\u0107 przebarwienia.<\/p>\n[\/vc_column_text][\/toggle][toggle color=&#8221;Default&#8221; heading_tag=&#8221;default&#8221; heading_tag_functionality=&#8221;default&#8221; title=&#8221;Czy Lic\u00f3wki Mog\u0105 Odpa\u015b\u0107 Po Ich Przyklejeniu?&#8221;][vc_column_text]Prawid\u0142owo zastosowane przez profesjonalnego stomatologa lic\u00f3wki zazwyczaj nie odpadaj\u0105. Jednak odpowiednia piel\u0119gnacja i higiena jamy ustnej s\u0105 niezb\u0119dne.<\/p>\n[\/vc_column_text][\/toggle][toggle color=&#8221;Default&#8221; heading_tag=&#8221;default&#8221; heading_tag_functionality=&#8221;default&#8221; title=&#8221;Jak D\u0142ugo Utrzymuj\u0105 si\u0119 Lic\u00f3wki Porcelanowe?&#8221;][vc_column_text]Trwa\u0142o\u015b\u0107 lic\u00f3wek zale\u017cy od piel\u0119gnacji, higieny i u\u017cytkowania. Zwykle lic\u00f3wki porcelanowe s\u0105 bardziej trwa\u0142e i mog\u0105 przetrwa\u0107 oko\u0142o 7-15 lat.<\/p>\n[\/vc_column_text][\/toggle][toggle color=&#8221;Default&#8221; heading_tag=&#8221;default&#8221; heading_tag_functionality=&#8221;default&#8221; title=&#8221;Czy Zak\u0142adanie Lic\u00f3wek Jest Bolesne?&#8221;][vc_column_text]Stomatolodzy zazwyczaj stosuj\u0105 znieczulenie miejscowe, dlatego zak\u0142adanie lic\u00f3wek porcelanowych zazwyczaj nie powoduje b\u00f3lu podczas zabiegu. Jednak po ust\u0105pieniu dzia\u0142ania znieczulenia mo\u017ce pojawi\u0107 si\u0119 niewielki dyskomfort lub wra\u017cliwo\u015b\u0107, co jest normalne. Nie ma powod\u00f3w do obaw, poniewa\u017c po niekt\u00f3rych zabiegach stomatologicznych lekkie dolegliwo\u015bci b\u00f3lowe mog\u0105 utrzymywa\u0107 si\u0119 przez kilka dni, ale s\u0105 one przej\u015bciowe.<\/p>\n[\/vc_column_text][\/toggle][\/toggles][\/vc_column][\/vc_row]\n","protected":false},"excerpt":{"rendered":"<p>[vc_row type=&#8221;in_container&#8221; full_screen_row_position=&#8221;middle&#8221; column_margin=&#8221;default&#8221; equal_height=&#8221;yes&#8221; content_placement=&#8221;middle&#8221; column_direction=&#8221;default&#8221; column_direction_tablet=&#8221;default&#8221; column_direction_phone=&#8221;default&#8221; bg_color=&#8221;#ffffff&#8221; scene_position=&#8221;center&#8221; text_color=&#8221;dark&#8221; text_align=&#8221;left&#8221; row_border_radius=&#8221;none&#8221; row_border_radius_applies=&#8221;bg&#8221; overflow=&#8221;visible&#8221; overlay_strength=&#8221;0.3&#8243; gradient_direction=&#8221;left_to_right&#8221; shape_divider_position=&#8221;bottom&#8221; bg_image_animation=&#8221;none&#8221; gradient_type=&#8221;default&#8221;][vc_column column_padding=&#8221;padding-5-percent&#8221; column_padding_tablet=&#8221;inherit&#8221; column_padding_phone=&#8221;inherit&#8221; column_padding_position=&#8221;all&#8221; column_element_direction_desktop=&#8221;default&#8221; column_element_spacing=&#8221;default&#8221; desktop_text_alignment=&#8221;default&#8221; tablet_text_alignment=&#8221;default&#8221; phone_text_alignment=&#8221;default&#8221;&#8230;<\/p>\n","protected":false},"author":2,"featured_media":0,"parent":0,"menu_order":0,"comment_status":"closed","ping_status":"closed","template":"","meta":{"footnotes":""},"class_list":["post-6032","page","type-page","status-publish"],"_links":{"self":[{"href":"https:\/\/qualitylifehealth.com\/pl\/wp-json\/wp\/v2\/pages\/6032","targetHints":{"allow":["GET"]}}],"collection":[{"href":"https:\/\/qualitylifehealth.com\/pl\/wp-json\/wp\/v2\/pages"}],"about":[{"href":"https:\/\/qualitylifehealth.com\/pl\/wp-json\/wp\/v2\/types\/page"}],"author":[{"embeddable":true,"href":"https:\/\/qualitylifehealth.com\/pl\/wp-json\/wp\/v2\/users\/2"}],"replies":[{"embeddable":true,"href":"https:\/\/qualitylifehealth.com\/pl\/wp-json\/wp\/v2\/comments?post=6032"}],"version-history":[{"count":3,"href":"https:\/\/qualitylifehealth.com\/pl\/wp-json\/wp\/v2\/pages\/6032\/revisions"}],"predecessor-version":[{"id":6036,"href":"https:\/\/qualitylifehealth.com\/pl\/wp-json\/wp\/v2\/pages\/6032\/revisions\/6036"}],"wp:attachment":[{"href":"https:\/\/qualitylifehealth.com\/pl\/wp-json\/wp\/v2\/media?parent=6032"}],"curies":[{"name":"wp","href":"https:\/\/api.w.org\/{rel}","templated":true}]}}