{"id":6051,"date":"2023-11-27T16:58:58","date_gmt":"2023-11-27T13:58:58","guid":{"rendered":"https:\/\/qualitylifehealth.com\/dis-kaplama\/"},"modified":"2025-01-18T23:58:53","modified_gmt":"2025-01-18T20:58:53","slug":"korona-dentystyczna","status":"publish","type":"page","link":"https:\/\/qualitylifehealth.com\/pl\/korona-dentystyczna\/","title":{"rendered":"Korona dentystyczna"},"content":{"rendered":"[vc_row type=&#8221;in_container&#8221; full_screen_row_position=&#8221;middle&#8221; column_margin=&#8221;default&#8221; equal_height=&#8221;yes&#8221; content_placement=&#8221;middle&#8221; column_direction=&#8221;default&#8221; column_direction_tablet=&#8221;default&#8221; column_direction_phone=&#8221;default&#8221; bg_color=&#8221;#ffffff&#8221; scene_position=&#8221;center&#8221; text_color=&#8221;dark&#8221; text_align=&#8221;left&#8221; row_border_radius=&#8221;none&#8221; row_border_radius_applies=&#8221;bg&#8221; overflow=&#8221;visible&#8221; overlay_strength=&#8221;0.3&#8243; gradient_direction=&#8221;left_to_right&#8221; shape_divider_position=&#8221;bottom&#8221; bg_image_animation=&#8221;none&#8221; gradient_type=&#8221;default&#8221;][vc_column column_padding=&#8221;padding-5-percent&#8221; column_padding_tablet=&#8221;inherit&#8221; column_padding_phone=&#8221;inherit&#8221; column_padding_position=&#8221;all&#8221; column_element_direction_desktop=&#8221;default&#8221; column_element_spacing=&#8221;default&#8221; desktop_text_alignment=&#8221;default&#8221; tablet_text_alignment=&#8221;default&#8221; phone_text_alignment=&#8221;default&#8221; background_color_opacity=&#8221;1&#8243; background_hover_color_opacity=&#8221;1&#8243; column_backdrop_filter=&#8221;none&#8221; column_shadow=&#8221;none&#8221; column_border_radius=&#8221;none&#8221; column_link_target=&#8221;_self&#8221; column_position=&#8221;default&#8221; gradient_direction=&#8221;left_to_right&#8221; overlay_strength=&#8221;0.3&#8243; width=&#8221;1\/2&#8243; tablet_width_inherit=&#8221;default&#8221; animation_type=&#8221;default&#8221; bg_image_animation=&#8221;none&#8221; border_type=&#8221;simple&#8221; column_border_width=&#8221;none&#8221; column_border_style=&#8221;solid&#8221; column_padding_type=&#8221;default&#8221; gradient_type=&#8221;default&#8221;][vc_row_inner column_margin=&#8221;default&#8221; column_direction=&#8221;default&#8221; column_direction_tablet=&#8221;default&#8221; column_direction_phone=&#8221;default&#8221; text_align=&#8221;left&#8221; row_position=&#8221;default&#8221; row_position_tablet=&#8221;inherit&#8221; row_position_phone=&#8221;inherit&#8221; overflow=&#8221;visible&#8221; pointer_events=&#8221;all&#8221;][vc_column_inner column_padding=&#8221;no-extra-padding&#8221; column_padding_tablet=&#8221;inherit&#8221; column_padding_phone=&#8221;inherit&#8221; column_padding_position=&#8221;all&#8221; column_element_direction_desktop=&#8221;default&#8221; column_element_spacing=&#8221;default&#8221; desktop_text_alignment=&#8221;default&#8221; tablet_text_alignment=&#8221;default&#8221; phone_text_alignment=&#8221;default&#8221; background_color_opacity=&#8221;1&#8243; background_hover_color_opacity=&#8221;1&#8243; column_backdrop_filter=&#8221;none&#8221; column_shadow=&#8221;none&#8221; column_border_radius=&#8221;none&#8221; column_link_target=&#8221;_self&#8221; overflow=&#8221;visible&#8221; gradient_direction=&#8221;left_to_right&#8221; overlay_strength=&#8221;0.3&#8243; width=&#8221;1\/1&#8243; tablet_width_inherit=&#8221;default&#8221; animation_type=&#8221;default&#8221; enable_animation=&#8221;true&#8221; animation=&#8221;fade-in-from-bottom&#8221; animation_easing=&#8221;default&#8221; bg_image_animation=&#8221;none&#8221; border_type=&#8221;simple&#8221; column_border_width=&#8221;none&#8221; column_border_style=&#8221;solid&#8221;][vc_custom_heading text=&#8221;Korony Z\u0119bowe&#8221; font_container=&#8221;tag:h1|font_size:40|text_align:left|line_height:50px&#8221; use_theme_fonts=&#8221;yes&#8221;][vc_custom_heading text=&#8221;Korony z\u0119bowe to procedura dentystyczna stosowana do leczenia problem\u00f3w takich jak pr\u00f3chnica lub z\u0142amania z\u0119b\u00f3w oraz poprawy estetyki z\u0119b\u00f3w. Ka\u017cda struktura jamy ustnej jest unikalna, dlatego korony z\u0119bowe s\u0105 wykonywane indywidualnie dla ka\u017cdego pacjenta. Korony z\u0119bowe mog\u0105 by\u0107 stosowane zar\u00f3wno w celach funkcjonalnych, jak i estetycznych. W celach estetycznych mog\u0105 by\u0107 u\u017cywane do naprawy problem\u00f3w takich jak pr\u00f3chnica, z\u0142amane wype\u0142nienia, brakuj\u0105ce z\u0119by lub przerwy mi\u0119dzy z\u0119bami. Funkcjonalne korony z\u0119bowe s\u0105 stosowane do leczenia takich problem\u00f3w jak utrata z\u0119b\u00f3w, ubytek materia\u0142u z\u0119ba, z\u0142amania, zu\u017cycie i wzmocnienie struktury z\u0119ba.&#8221; font_container=&#8221;tag:p|text_align:left|color:rgba(10%2C10%2C10%2C0.6)&#8221; use_theme_fonts=&#8221;yes&#8221;][\/vc_column_inner][\/vc_row_inner][\/vc_column][vc_column column_padding=&#8221;no-extra-padding&#8221; column_padding_tablet=&#8221;inherit&#8221; column_padding_phone=&#8221;inherit&#8221; column_padding_position=&#8221;all&#8221; column_element_direction_desktop=&#8221;default&#8221; column_element_spacing=&#8221;default&#8221; desktop_text_alignment=&#8221;default&#8221; tablet_text_alignment=&#8221;default&#8221; phone_text_alignment=&#8221;default&#8221; background_color_opacity=&#8221;1&#8243; background_hover_color_opacity=&#8221;1&#8243; column_backdrop_filter=&#8221;none&#8221; column_shadow=&#8221;none&#8221; column_border_radius=&#8221;none&#8221; column_link_target=&#8221;_self&#8221; column_position=&#8221;default&#8221; gradient_direction=&#8221;left_to_right&#8221; overlay_strength=&#8221;0.3&#8243; width=&#8221;1\/2&#8243; tablet_width_inherit=&#8221;default&#8221; animation_type=&#8221;default&#8221; bg_image_animation=&#8221;none&#8221; border_type=&#8221;simple&#8221; column_border_width=&#8221;none&#8221; column_border_style=&#8221;solid&#8221; column_padding_type=&#8221;default&#8221; gradient_type=&#8221;default&#8221;][image_with_animation image_url=&#8221;754&#8243; image_size=&#8221;full&#8221; animation_type=&#8221;entrance&#8221; animation=&#8221;None&#8221; animation_movement_type=&#8221;transform_y&#8221; hover_animation=&#8221;none&#8221; alignment=&#8221;&#8221; border_radius=&#8221;20px&#8221; box_shadow=&#8221;none&#8221; image_loading=&#8221;default&#8221; max_width=&#8221;100%&#8221; max_width_mobile=&#8221;default&#8221;][\/vc_column][\/vc_row][vc_row type=&#8221;full_width_background&#8221; full_screen_row_position=&#8221;middle&#8221; column_margin=&#8221;default&#8221; column_direction=&#8221;default&#8221; column_direction_tablet=&#8221;default&#8221; column_direction_phone=&#8221;default&#8221; bg_color=&#8221;#f7f7f7&#8243; scene_position=&#8221;center&#8221; top_padding=&#8221;100&#8243; bottom_padding=&#8221;100&#8243; text_color=&#8221;dark&#8221; text_align=&#8221;left&#8221; row_border_radius=&#8221;none&#8221; row_border_radius_applies=&#8221;bg&#8221; overflow=&#8221;visible&#8221; overlay_strength=&#8221;0.3&#8243; gradient_direction=&#8221;left_to_right&#8221; shape_divider_position=&#8221;bottom&#8221; bg_image_animation=&#8221;none&#8221;][vc_column column_padding=&#8221;no-extra-padding&#8221; column_padding_tablet=&#8221;inherit&#8221; column_padding_phone=&#8221;inherit&#8221; column_padding_position=&#8221;all&#8221; column_element_direction_desktop=&#8221;default&#8221; column_element_spacing=&#8221;default&#8221; desktop_text_alignment=&#8221;default&#8221; tablet_text_alignment=&#8221;default&#8221; phone_text_alignment=&#8221;default&#8221; background_color_opacity=&#8221;1&#8243; background_hover_color_opacity=&#8221;1&#8243; column_backdrop_filter=&#8221;none&#8221; column_shadow=&#8221;none&#8221; column_border_radius=&#8221;none&#8221; column_link_target=&#8221;_self&#8221; column_position=&#8221;default&#8221; gradient_direction=&#8221;left_to_right&#8221; overlay_strength=&#8221;0.3&#8243; width=&#8221;1\/1&#8243; tablet_width_inherit=&#8221;default&#8221; animation_type=&#8221;default&#8221; bg_image_animation=&#8221;none&#8221; border_type=&#8221;simple&#8221; column_border_width=&#8221;none&#8221; column_border_style=&#8221;solid&#8221;][vc_column_text]\n<h2>Najcz\u0119\u015bciej Zadawane Pytania na Temat Koron Z\u0119bowych<\/h2>\n[\/vc_column_text][toggles style=&#8221;minimal&#8221;][toggle color=&#8221;Default&#8221; heading_tag=&#8221;default&#8221; heading_tag_functionality=&#8221;default&#8221; title=&#8221;Jak Nak\u0142ada si\u0119 Korony Z\u0119bowe?&#8221;][vc_column_text]Procedura nak\u0142adania koron z\u0119bowych rozpoczyna si\u0119 od przekszta\u0142cenia z\u0119b\u00f3w, aby dostosowa\u0107 je do grubo\u015bci koron. Po przekszta\u0142ceniu pobierany jest wycisk z\u0119b\u00f3w, kt\u00f3ry trafia do laboratorium, gdzie profesjonalni technicy dentystyczni przygotowuj\u0105 korony. Proces przygotowania koron, od pomiaru po ich wykonanie, zazwyczaj zajmuje 1-2 tygodnie.<\/p>\n<p>Gdy korony s\u0105 gotowe, zabieg rozpoczyna si\u0119 zastosowaniem znieczulenia miejscowego w celu zapewnienia komfortu pacjentowi. Nast\u0119pnie z\u0119by s\u0105 odpowiednio przygotowywane, aby pasowa\u0142y do koron. Dentysta ocenia dopasowanie i kolor korony, dokonuje niezb\u0119dnych poprawek i finalizuje proces.<\/p>\n[\/vc_column_text][\/toggle][toggle color=&#8221;Default&#8221; heading_tag=&#8221;default&#8221; heading_tag_functionality=&#8221;default&#8221; title=&#8221;Jakie S\u0105 Rodzaje Koron Z\u0119bowych?&#8221;][vc_column_text]Leczenie koronami z\u0119bowymi jest dostosowane do potrzeb i preferencji pacjenta, a dost\u0119pnych jest wiele opcji. Najcz\u0119\u015bciej stosowane rodzaje koron to:<\/p>\n[\/vc_column_text][\/toggle][toggle color=&#8221;Default&#8221; heading_tag=&#8221;default&#8221; heading_tag_functionality=&#8221;default&#8221; title=&#8221;Korony Porcelanowe:&#8221;][vc_column_text]Zapewniaj\u0105 naturalny wygl\u0105d i s\u0105 bardzo trwa\u0142e. S\u0105 stosowane zar\u00f3wno w celach estetycznych, jak i funkcjonalnych.<\/p>\n[\/vc_column_text][\/toggle][toggle color=&#8221;Default&#8221; heading_tag=&#8221;default&#8221; heading_tag_functionality=&#8221;default&#8221; title=&#8221;Korony Cyrkonowe:&#8221;][vc_column_text]Korony cyrkonowe oferuj\u0105 r\u00f3wnowag\u0119 mi\u0119dzy estetyk\u0105 a trwa\u0142o\u015bci\u0105. S\u0105 znane ze swojej wytrzyma\u0142o\u015bci i zdolno\u015bci do imitowania naturalnych z\u0119b\u00f3w.<\/p>\n[\/vc_column_text][\/toggle][toggle color=&#8221;Default&#8221; heading_tag=&#8221;default&#8221; heading_tag_functionality=&#8221;default&#8221; title=&#8221;Korony Kompozytowe:&#8221;][vc_column_text]Kompozytowe korony s\u0105 wykonane z \u017cywicy w kolorze z\u0119ba i s\u0105 bardziej ekonomiczne w por\u00f3wnaniu do koron porcelanowych. Mog\u0105 by\u0107 stosowane na pojedyncze z\u0119by.<\/p>\n[\/vc_column_text][\/toggle][toggle color=&#8221;Default&#8221; heading_tag=&#8221;default&#8221; heading_tag_functionality=&#8221;default&#8221; title=&#8221;Korony Empress:&#8221;][vc_column_text]Korony Empress to rodzaj koron ceramicznych, znanych z estetycznego wygl\u0105du. S\u0105 mniej trwa\u0142e w por\u00f3wnaniu do innych opcji.<\/p>\n[\/vc_column_text][\/toggle][toggle color=&#8221;Default&#8221; heading_tag=&#8221;default&#8221; heading_tag_functionality=&#8221;default&#8221; title=&#8221;Korony Laminatowe:&#8221;][vc_column_text]Korony Emax to ultracienkie porcelanowe nak\u0142adki stosowane na przedni\u0105 powierzchni\u0119 z\u0119b\u00f3w, g\u0142\u00f3wnie w celach estetycznych.<\/p>\n[\/vc_column_text][\/toggle][toggle color=&#8221;Default&#8221; heading_tag=&#8221;default&#8221; heading_tag_functionality=&#8221;default&#8221; title=&#8221;Korony Emax:&#8221;][vc_column_text]Te korony s\u0105 wykonane z litu disilikatowego i s\u0105 znane z trwa\u0142o\u015bci oraz naturalnego wygl\u0105du.<\/p>\n[\/vc_column_text][\/toggle][toggle color=&#8221;Default&#8221; heading_tag=&#8221;default&#8221; heading_tag_functionality=&#8221;default&#8221; title=&#8221;Kt\u00f3ra Korona Z\u0119bowa Jest Najlepsza?&#8221;][vc_column_text]Wyb\u00f3r korony z\u0119bowej zale\u017cy od indywidualnych potrzeb i preferencji. Je\u015bli priorytetem jest estetyka, cz\u0119sto wybierane s\u0105 korony porcelanowe lub cyrkonowe, kt\u00f3re zapewniaj\u0105 naturalny wygl\u0105d. W przypadku z\u0119b\u00f3w z du\u017cymi uszkodzeniami lub pr\u00f3chnic\u0105 bardziej odpowiednie mog\u0105 by\u0107 korony kompozytowe. Aby okre\u015bli\u0107 najlepszy rodzaj korony dla danej sytuacji, nale\u017cy skonsultowa\u0107 si\u0119 z dentyst\u0105.<\/p>\n[\/vc_column_text][\/toggle][toggle color=&#8221;Default&#8221; heading_tag=&#8221;default&#8221; heading_tag_functionality=&#8221;default&#8221; title=&#8221;Kiedy Konieczne S\u0105 Korony Z\u0119bowe?&#8221;][vc_column_text]Korony z\u0119bowe mog\u0105 by\u0107 konieczne w nast\u0119puj\u0105cych przypadkach:<br \/>\nPr\u00f3chnica lub Uszkodzenia: Korony mog\u0105 chroni\u0107 i odbudowa\u0107 z\u0119by dotkni\u0119te pr\u00f3chnic\u0105, p\u0119kni\u0119cia lub os\u0142abienia.<\/p>\n<p>Estetyczne Problemy: Korony mog\u0105 rozwi\u0105za\u0107 problemy estetyczne, takie jak przebarwienia, kszta\u0142t lub wyr\u00f3wnanie z\u0119b\u00f3w.<\/p>\n<p>Du\u017ce Wype\u0142nienia: Z\u0119by z du\u017cymi wype\u0142nieniami mog\u0105 potrzebowa\u0107 dodatkowego wsparcia, kt\u00f3re zapewniaj\u0105 korony.<\/p>\n<p>Przywr\u00f3cenie Funkcjonalno\u015bci: Korony mog\u0105 przywr\u00f3ci\u0107 funkcj\u0119 zu\u017cytych lub uszkodzonych z\u0119b\u00f3w.<\/p>\n<p>Implanty: Korony s\u0105 u\u017cywane do budowy struktur z\u0119bowych na implantach.<\/p>\n[\/vc_column_text][\/toggle][\/toggles][\/vc_column][\/vc_row]\n","protected":false},"excerpt":{"rendered":"<p>[vc_row type=&#8221;in_container&#8221; full_screen_row_position=&#8221;middle&#8221; column_margin=&#8221;default&#8221; equal_height=&#8221;yes&#8221; content_placement=&#8221;middle&#8221; column_direction=&#8221;default&#8221; column_direction_tablet=&#8221;default&#8221; column_direction_phone=&#8221;default&#8221; bg_color=&#8221;#ffffff&#8221; scene_position=&#8221;center&#8221; text_color=&#8221;dark&#8221; text_align=&#8221;left&#8221; row_border_radius=&#8221;none&#8221; row_border_radius_applies=&#8221;bg&#8221; overflow=&#8221;visible&#8221; overlay_strength=&#8221;0.3&#8243; gradient_direction=&#8221;left_to_right&#8221; shape_divider_position=&#8221;bottom&#8221; bg_image_animation=&#8221;none&#8221; gradient_type=&#8221;default&#8221;][vc_column column_padding=&#8221;padding-5-percent&#8221; column_padding_tablet=&#8221;inherit&#8221; column_padding_phone=&#8221;inherit&#8221; column_padding_position=&#8221;all&#8221; column_element_direction_desktop=&#8221;default&#8221; column_element_spacing=&#8221;default&#8221; desktop_text_alignment=&#8221;default&#8221; tablet_text_alignment=&#8221;default&#8221; phone_text_alignment=&#8221;default&#8221;&#8230;<\/p>\n","protected":false},"author":2,"featured_media":0,"parent":0,"menu_order":0,"comment_status":"closed","ping_status":"closed","template":"","meta":{"footnotes":""},"class_list":["post-6051","page","type-page","status-publish"],"_links":{"self":[{"href":"https:\/\/qualitylifehealth.com\/pl\/wp-json\/wp\/v2\/pages\/6051","targetHints":{"allow":["GET"]}}],"collection":[{"href":"https:\/\/qualitylifehealth.com\/pl\/wp-json\/wp\/v2\/pages"}],"about":[{"href":"https:\/\/qualitylifehealth.com\/pl\/wp-json\/wp\/v2\/types\/page"}],"author":[{"embeddable":true,"href":"https:\/\/qualitylifehealth.com\/pl\/wp-json\/wp\/v2\/users\/2"}],"replies":[{"embeddable":true,"href":"https:\/\/qualitylifehealth.com\/pl\/wp-json\/wp\/v2\/comments?post=6051"}],"version-history":[{"count":3,"href":"https:\/\/qualitylifehealth.com\/pl\/wp-json\/wp\/v2\/pages\/6051\/revisions"}],"predecessor-version":[{"id":6055,"href":"https:\/\/qualitylifehealth.com\/pl\/wp-json\/wp\/v2\/pages\/6051\/revisions\/6055"}],"wp:attachment":[{"href":"https:\/\/qualitylifehealth.com\/pl\/wp-json\/wp\/v2\/media?parent=6051"}],"curies":[{"name":"wp","href":"https:\/\/api.w.org\/{rel}","templated":true}]}}