{"id":6928,"date":"2023-11-27T16:05:42","date_gmt":"2023-11-27T13:05:42","guid":{"rendered":"https:\/\/qualitylifehealth.com\/dental-implant\/"},"modified":"2025-05-05T21:36:57","modified_gmt":"2025-05-05T18:36:57","slug":"implante-dentario","status":"publish","type":"page","link":"https:\/\/qualitylifehealth.com\/pt-pt\/implante-dentario\/","title":{"rendered":"Implante Dent\u00e1rio"},"content":{"rendered":"[vc_row type=&#8221;in_container&#8221; full_screen_row_position=&#8221;middle&#8221; column_margin=&#8221;default&#8221; equal_height=&#8221;yes&#8221; content_placement=&#8221;middle&#8221; column_direction=&#8221;default&#8221; column_direction_tablet=&#8221;default&#8221; column_direction_phone=&#8221;default&#8221; bg_color=&#8221;#ffffff&#8221; scene_position=&#8221;center&#8221; text_color=&#8221;dark&#8221; text_align=&#8221;left&#8221; row_border_radius=&#8221;none&#8221; row_border_radius_applies=&#8221;bg&#8221; overflow=&#8221;visible&#8221; overlay_strength=&#8221;0.3&#8243; gradient_direction=&#8221;left_to_right&#8221; shape_divider_position=&#8221;bottom&#8221; bg_image_animation=&#8221;none&#8221; gradient_type=&#8221;default&#8221; shape_type=&#8221;&#8221;][vc_column column_padding=&#8221;padding-5-percent&#8221; column_padding_tablet=&#8221;inherit&#8221; column_padding_phone=&#8221;inherit&#8221; column_padding_position=&#8221;all&#8221; column_element_direction_desktop=&#8221;default&#8221; column_element_spacing=&#8221;default&#8221; desktop_text_alignment=&#8221;default&#8221; tablet_text_alignment=&#8221;default&#8221; phone_text_alignment=&#8221;default&#8221; background_color_opacity=&#8221;1&#8243; background_hover_color_opacity=&#8221;1&#8243; column_backdrop_filter=&#8221;none&#8221; column_shadow=&#8221;none&#8221; column_border_radius=&#8221;none&#8221; column_link_target=&#8221;_self&#8221; column_position=&#8221;default&#8221; gradient_direction=&#8221;left_to_right&#8221; overlay_strength=&#8221;0.3&#8243; width=&#8221;1\/2&#8243; tablet_width_inherit=&#8221;default&#8221; animation_type=&#8221;default&#8221; bg_image_animation=&#8221;none&#8221; border_type=&#8221;simple&#8221; column_border_width=&#8221;none&#8221; column_border_style=&#8221;solid&#8221; column_padding_type=&#8221;default&#8221; gradient_type=&#8221;default&#8221;][vc_row_inner column_margin=&#8221;default&#8221; column_direction=&#8221;default&#8221; column_direction_tablet=&#8221;default&#8221; column_direction_phone=&#8221;default&#8221; text_align=&#8221;left&#8221; row_position=&#8221;default&#8221; row_position_tablet=&#8221;inherit&#8221; row_position_phone=&#8221;inherit&#8221; overflow=&#8221;visible&#8221; pointer_events=&#8221;all&#8221;][vc_column_inner column_padding=&#8221;no-extra-padding&#8221; column_padding_tablet=&#8221;inherit&#8221; column_padding_phone=&#8221;inherit&#8221; column_padding_position=&#8221;all&#8221; column_element_direction_desktop=&#8221;default&#8221; column_element_spacing=&#8221;default&#8221; desktop_text_alignment=&#8221;default&#8221; tablet_text_alignment=&#8221;default&#8221; phone_text_alignment=&#8221;default&#8221; background_color_opacity=&#8221;1&#8243; background_hover_color_opacity=&#8221;1&#8243; column_backdrop_filter=&#8221;none&#8221; column_shadow=&#8221;none&#8221; column_border_radius=&#8221;none&#8221; column_link_target=&#8221;_self&#8221; overflow=&#8221;visible&#8221; gradient_direction=&#8221;left_to_right&#8221; overlay_strength=&#8221;0.3&#8243; width=&#8221;1\/1&#8243; tablet_width_inherit=&#8221;default&#8221; animation_type=&#8221;default&#8221; enable_animation=&#8221;true&#8221; animation=&#8221;fade-in-from-bottom&#8221; animation_easing=&#8221;default&#8221; bg_image_animation=&#8221;none&#8221; border_type=&#8221;simple&#8221; column_border_width=&#8221;none&#8221; column_border_style=&#8221;solid&#8221;][vc_custom_heading text=&#8221;Implante Dent\u00e1rio&#8221; font_container=&#8221;tag:h1|font_size:40|text_align:left|line_height:50px&#8221; use_theme_fonts=&#8221;yes&#8221;][vc_custom_heading text=&#8221;Um implante dent\u00e1rio \u00e9 semelhante a um parafuso de tit\u00e2nio utilizado no tratamento de dentes em falta. Estes parafusos s\u00e3o colocados no osso maxilar, servindo de base para a fixa\u00e7\u00e3o de pr\u00f3teses dent\u00e1rias. Os implantes dent\u00e1rios oferecem uma forma de restaurar dentes em falta sem prejudicar os outros dentes. Imitam as ra\u00edzes dos dentes naturais, permitindo-lhe realizar confortavelmente as actividades di\u00e1rias, como comer, falar e sorrir.&#8221; font_container=&#8221;tag:p|text_align:left|color:rgba(10%2C10%2C10%2C0.6)&#8221; use_theme_fonts=&#8221;yes&#8221;][\/vc_column_inner][\/vc_row_inner][\/vc_column][vc_column column_padding=&#8221;no-extra-padding&#8221; column_padding_tablet=&#8221;inherit&#8221; column_padding_phone=&#8221;inherit&#8221; column_padding_position=&#8221;all&#8221; column_element_direction_desktop=&#8221;default&#8221; column_element_spacing=&#8221;default&#8221; desktop_text_alignment=&#8221;default&#8221; tablet_text_alignment=&#8221;default&#8221; phone_text_alignment=&#8221;default&#8221; background_color_opacity=&#8221;1&#8243; background_hover_color_opacity=&#8221;1&#8243; column_backdrop_filter=&#8221;none&#8221; column_shadow=&#8221;none&#8221; column_border_radius=&#8221;none&#8221; column_link_target=&#8221;_self&#8221; column_position=&#8221;default&#8221; gradient_direction=&#8221;left_to_right&#8221; overlay_strength=&#8221;0.3&#8243; width=&#8221;1\/2&#8243; tablet_width_inherit=&#8221;default&#8221; animation_type=&#8221;default&#8221; bg_image_animation=&#8221;none&#8221; border_type=&#8221;simple&#8221; column_border_width=&#8221;none&#8221; column_border_style=&#8221;solid&#8221; column_padding_type=&#8221;default&#8221; gradient_type=&#8221;default&#8221;][image_with_animation image_url=&#8221;744&#8243; image_size=&#8221;full&#8221; animation_type=&#8221;entrance&#8221; animation=&#8221;None&#8221; animation_movement_type=&#8221;transform_y&#8221; hover_animation=&#8221;none&#8221; alignment=&#8221;&#8221; border_radius=&#8221;20px&#8221; box_shadow=&#8221;none&#8221; image_loading=&#8221;default&#8221; max_width=&#8221;100%&#8221; max_width_mobile=&#8221;default&#8221;][\/vc_column][\/vc_row][vc_row type=&#8221;full_width_background&#8221; full_screen_row_position=&#8221;middle&#8221; column_margin=&#8221;default&#8221; column_direction=&#8221;default&#8221; column_direction_tablet=&#8221;default&#8221; column_direction_phone=&#8221;default&#8221; bg_color=&#8221;#f7f7f7&#8243; scene_position=&#8221;center&#8221; top_padding=&#8221;100&#8243; bottom_padding=&#8221;100&#8243; text_color=&#8221;dark&#8221; text_align=&#8221;left&#8221; row_border_radius=&#8221;none&#8221; row_border_radius_applies=&#8221;bg&#8221; overflow=&#8221;visible&#8221; overlay_strength=&#8221;0.3&#8243; gradient_direction=&#8221;left_to_right&#8221; shape_divider_position=&#8221;bottom&#8221; bg_image_animation=&#8221;none&#8221;][vc_column column_padding=&#8221;no-extra-padding&#8221; column_padding_tablet=&#8221;inherit&#8221; column_padding_phone=&#8221;inherit&#8221; column_padding_position=&#8221;all&#8221; column_element_direction_desktop=&#8221;default&#8221; column_element_spacing=&#8221;default&#8221; desktop_text_alignment=&#8221;default&#8221; tablet_text_alignment=&#8221;default&#8221; phone_text_alignment=&#8221;default&#8221; background_color_opacity=&#8221;1&#8243; background_hover_color_opacity=&#8221;1&#8243; column_backdrop_filter=&#8221;none&#8221; column_shadow=&#8221;none&#8221; column_border_radius=&#8221;none&#8221; column_link_target=&#8221;_self&#8221; column_position=&#8221;default&#8221; gradient_direction=&#8221;left_to_right&#8221; overlay_strength=&#8221;0.3&#8243; width=&#8221;1\/1&#8243; tablet_width_inherit=&#8221;default&#8221; animation_type=&#8221;default&#8221; bg_image_animation=&#8221;none&#8221; border_type=&#8221;simple&#8221; column_border_width=&#8221;none&#8221; column_border_style=&#8221;solid&#8221;][vc_column_text]\n<h2>Perguntas frequentes sobre implantes dent\u00e1rios<\/h2>\n[\/vc_column_text][toggles style=&#8221;minimal&#8221;][toggle color=&#8221;Default&#8221; heading_tag=&#8221;default&#8221; heading_tag_functionality=&#8221;default&#8221; title=&#8221;O que \u00e9 o tratamento com implantes dent\u00e1rios?&#8221;][vc_column_text]O tratamento com implantes dent\u00e1rios envolve um procedimento cir\u00fargico em que s\u00e3o colocados dentes artificiais utilizando parafusos de tit\u00e2nio para substituir dentes em falta ou danificados. Este tratamento \u00e9 prefer\u00edvel aos m\u00e9todos tradicionais, como pontes ou dentaduras, porque proporciona um resultado mais natural. Os implantes s\u00e3o uma escolha ideal para casos em que \u00e9 necess\u00e1rio preservar o maxilar. Isto ajuda a manter o perfil facial, proporciona apoio aos l\u00e1bios e \u00e0s bochechas e reduz os sinais de envelhecimento \u00e0 volta da boca. As pr\u00f3teses suportadas por implantes criam uma liga\u00e7\u00e3o forte com o osso e funcionam como dentes naturais, eliminando a necessidade de reduzir os dentes adjacentes.<\/p>\n<p>Se tem dentes em falta, consulte o seu dentista para determinar se o tratamento com implantes \u00e9 adequado para si.[\/vc_column_text][\/toggle][toggle color=&#8221;Default&#8221; heading_tag=&#8221;default&#8221; heading_tag_functionality=&#8221;default&#8221; title=&#8221;Os implantes dent\u00e1rios s\u00e3o adequados para toda a gente?&#8221;][vc_column_text]Geralmente, um indiv\u00edduo saud\u00e1vel \u00e9 um candidato adequado para o tratamento com implantes, se tiver osso suficiente e gengivas saud\u00e1veis. A higiene oral regular e os controlos de rotina s\u00e3o necess\u00e1rios ap\u00f3s o implante. A pessoa que est\u00e1 a considerar o tratamento com implantes deve estar disposta a comprometer-se com estes requisitos. Al\u00e9m disso, factores como o tabagismo excessivo, diabetes, problemas card\u00edacos ou radioterapia anterior podem afetar a adequa\u00e7\u00e3o do implante. Por conseguinte, \u00e9 essencial consultar o seu dentista para determinar se \u00e9 um candidato a um tratamento com implantes.[\/vc_column_text][\/toggle][toggle color=&#8221;Default&#8221; heading_tag=&#8221;default&#8221; heading_tag_functionality=&#8221;default&#8221; title=&#8221;O implante dent\u00e1rio \u00e9 doloroso e quanto tempo dura a dor?&#8221;][vc_column_text]A anestesia local \u00e9 normalmente administrada durante o tratamento com implantes, evitando a dor ou o desconforto durante a cirurgia. No entanto, pode ocorrer algum desconforto ligeiro ap\u00f3s o fim da anestesia local. Este desconforto \u00e9 semelhante ao que se pode sentir ap\u00f3s uma extra\u00e7\u00e3o dent\u00e1ria normal e pode durar alguns dias. Os analg\u00e9sicos de venda livre recomendados pelo seu dentista podem ajudar a aliviar este desconforto.[\/vc_column_text][\/toggle][toggle color=&#8221;Default&#8221; heading_tag=&#8221;default&#8221; heading_tag_functionality=&#8221;default&#8221; title=&#8221;Cuidados posteriores aos implantes dent\u00e1rios&#8221;][vc_column_text]Ap\u00f3s o tratamento com implantes, \u00e9 fundamental manter uma higiene oral adequada. Para al\u00e9m da escovagem regular, deve ser utilizado fio dent\u00e1rio especial, escovas interdentais e elixir bucal para limpar a \u00e1rea do implante. As consultas de acompanhamento regulares tamb\u00e9m s\u00e3o essenciais. Inicialmente, s\u00e3o recomendados controlos semestrais durante os primeiros dois anos, seguidos de controlos anuais. O seu dentista ir\u00e1 fornecer-lhe orienta\u00e7\u00f5es sobre a melhor rotina de cuidados para si.[\/vc_column_text][\/toggle][toggle color=&#8221;Default&#8221; heading_tag=&#8221;default&#8221; heading_tag_functionality=&#8221;default&#8221; title=&#8221;O que considerar ao colocar implantes dent\u00e1rios?&#8221;][vc_column_text]Ao contemplar o tratamento com implantes, a credibilidade da cl\u00ednica e a experi\u00eancia do dentista s\u00e3o factores essenciais. \u00c9 fundamental dar prioridade a marcas de implantes bem estabelecidas e com certifica\u00e7\u00f5es FDA e CE. Al\u00e9m disso, \u00e9 necess\u00e1ria a aprova\u00e7\u00e3o do Minist\u00e9rio da Sa\u00fade.[\/vc_column_text][\/toggle][toggle color=&#8221;Default&#8221; heading_tag=&#8221;default&#8221; heading_tag_functionality=&#8221;default&#8221; title=&#8221;Sinais de falha de um implante dent\u00e1rio&#8221;][vc_column_text]Um implante dent\u00e1rio falhado \u00e9 uma situa\u00e7\u00e3o em que o corpo n\u00e3o aceita ou n\u00e3o integra o implante, levando a sintomas como dor, incha\u00e7o, vermelhid\u00e3o, problemas dent\u00e1rios ou desloca\u00e7\u00e3o do implante. Se sentir estes sintomas, \u00e9 fundamental consultar um dentista.[\/vc_column_text][\/toggle][toggle color=&#8221;Default&#8221; heading_tag=&#8221;default&#8221; heading_tag_functionality=&#8221;default&#8221; title=&#8221;Quanto tempo duram os implantes dent\u00e1rios?&#8221;][vc_column_text]O tempo de vida dos implantes dent\u00e1rios \u00e9 teoricamente o mesmo que o dos dentes naturais, desde que sejam mantidos cuidados adequados ao longo da vida.[\/vc_column_text][\/toggle][toggle color=&#8221;Default&#8221; heading_tag=&#8221;default&#8221; heading_tag_functionality=&#8221;default&#8221; title=&#8221;Quando \u00e9 que o dente \u00e9 fixado ao implante?&#8221;][vc_column_text]Normalmente, o dente \u00e9 fixado ao implante ap\u00f3s um per\u00edodo de 2 a 3 meses, quando o implante se fundiu com sucesso com o osso. Nesta altura, inicia-se o processo de coloca\u00e7\u00e3o do dente sobre o implante.[\/vc_column_text][\/toggle][toggle color=&#8221;Default&#8221; heading_tag=&#8221;default&#8221; heading_tag_functionality=&#8221;default&#8221; title=&#8221;\u00c9 colocado um dente tempor\u00e1rio no implante?&#8221;][vc_column_text]Ap\u00f3s o procedimento de implante, os dentes provis\u00f3rios podem ser fixados diretamente ao implante. Estes dentes provis\u00f3rios podem frequentemente ser aplicados no dia seguinte ao implante, utilizando componentes especiais.[\/vc_column_text][\/toggle][toggle color=&#8221;Default&#8221; heading_tag=&#8221;default&#8221; heading_tag_functionality=&#8221;default&#8221; title=&#8221;Quando \u00e9 que a impress\u00e3o dent\u00e1ria \u00e9 efectuada ap\u00f3s as medi\u00e7\u00f5es dos implantes?&#8221;][vc_column_text]Ap\u00f3s a medi\u00e7\u00e3o dos implantes, s\u00e3o preparadas no laborat\u00f3rio pr\u00f3teses dent\u00e1rias especiais \u00e0 medida da boca do paciente. Normalmente, estes dentes prot\u00e9ticos podem ser conclu\u00eddos em poucos dias ou semanas.[\/vc_column_text][\/toggle][\/toggles][\/vc_column][\/vc_row]\n","protected":false},"excerpt":{"rendered":"<p>[vc_row type=&#8221;in_container&#8221; full_screen_row_position=&#8221;middle&#8221; column_margin=&#8221;default&#8221; equal_height=&#8221;yes&#8221; content_placement=&#8221;middle&#8221; column_direction=&#8221;default&#8221; column_direction_tablet=&#8221;default&#8221; column_direction_phone=&#8221;default&#8221; bg_color=&#8221;#ffffff&#8221; scene_position=&#8221;center&#8221; text_color=&#8221;dark&#8221; text_align=&#8221;left&#8221; row_border_radius=&#8221;none&#8221; row_border_radius_applies=&#8221;bg&#8221; overflow=&#8221;visible&#8221; overlay_strength=&#8221;0.3&#8243; gradient_direction=&#8221;left_to_right&#8221; shape_divider_position=&#8221;bottom&#8221; bg_image_animation=&#8221;none&#8221; gradient_type=&#8221;default&#8221; shape_type=&#8221;&#8221;][vc_column column_padding=&#8221;padding-5-percent&#8221; column_padding_tablet=&#8221;inherit&#8221; column_padding_phone=&#8221;inherit&#8221; column_padding_position=&#8221;all&#8221; column_element_direction_desktop=&#8221;default&#8221; column_element_spacing=&#8221;default&#8221; desktop_text_alignment=&#8221;default&#8221; tablet_text_alignment=&#8221;default&#8221;&#8230;<\/p>\n","protected":false},"author":2,"featured_media":0,"parent":0,"menu_order":0,"comment_status":"closed","ping_status":"closed","template":"","meta":{"footnotes":""},"class_list":["post-6928","page","type-page","status-publish"],"_links":{"self":[{"href":"https:\/\/qualitylifehealth.com\/pt-pt\/wp-json\/wp\/v2\/pages\/6928","targetHints":{"allow":["GET"]}}],"collection":[{"href":"https:\/\/qualitylifehealth.com\/pt-pt\/wp-json\/wp\/v2\/pages"}],"about":[{"href":"https:\/\/qualitylifehealth.com\/pt-pt\/wp-json\/wp\/v2\/types\/page"}],"author":[{"embeddable":true,"href":"https:\/\/qualitylifehealth.com\/pt-pt\/wp-json\/wp\/v2\/users\/2"}],"replies":[{"embeddable":true,"href":"https:\/\/qualitylifehealth.com\/pt-pt\/wp-json\/wp\/v2\/comments?post=6928"}],"version-history":[{"count":3,"href":"https:\/\/qualitylifehealth.com\/pt-pt\/wp-json\/wp\/v2\/pages\/6928\/revisions"}],"predecessor-version":[{"id":6932,"href":"https:\/\/qualitylifehealth.com\/pt-pt\/wp-json\/wp\/v2\/pages\/6928\/revisions\/6932"}],"wp:attachment":[{"href":"https:\/\/qualitylifehealth.com\/pt-pt\/wp-json\/wp\/v2\/media?parent=6928"}],"curies":[{"name":"wp","href":"https:\/\/api.w.org\/{rel}","templated":true}]}}