{"id":3665,"date":"2023-11-28T15:33:42","date_gmt":"2023-11-28T12:33:42","guid":{"rendered":"https:\/\/qualitylifehealth.com\/burun-estetigi\/"},"modified":"2024-07-21T16:04:55","modified_gmt":"2024-07-21T13:04:55","slug":"estetica-nazala","status":"publish","type":"page","link":"https:\/\/qualitylifehealth.com\/ro\/estetica-nazala\/","title":{"rendered":"Estetic\u0103 Nazal\u0103"},"content":{"rendered":"[vc_row type=&#8221;in_container&#8221; full_screen_row_position=&#8221;middle&#8221; column_margin=&#8221;default&#8221; equal_height=&#8221;yes&#8221; content_placement=&#8221;middle&#8221; column_direction=&#8221;default&#8221; column_direction_tablet=&#8221;default&#8221; column_direction_phone=&#8221;default&#8221; bg_color=&#8221;#ffffff&#8221; scene_position=&#8221;center&#8221; text_color=&#8221;dark&#8221; text_align=&#8221;left&#8221; row_border_radius=&#8221;none&#8221; row_border_radius_applies=&#8221;bg&#8221; overflow=&#8221;visible&#8221; overlay_strength=&#8221;0.3&#8243; gradient_direction=&#8221;left_to_right&#8221; shape_divider_position=&#8221;bottom&#8221; bg_image_animation=&#8221;none&#8221; gradient_type=&#8221;default&#8221; shape_type=&#8221;&#8221;][vc_column column_padding=&#8221;padding-5-percent&#8221; column_padding_tablet=&#8221;inherit&#8221; column_padding_phone=&#8221;inherit&#8221; column_padding_position=&#8221;all&#8221; column_element_direction_desktop=&#8221;default&#8221; column_element_spacing=&#8221;default&#8221; desktop_text_alignment=&#8221;default&#8221; tablet_text_alignment=&#8221;default&#8221; phone_text_alignment=&#8221;default&#8221; background_color_opacity=&#8221;1&#8243; background_hover_color_opacity=&#8221;1&#8243; column_backdrop_filter=&#8221;none&#8221; column_shadow=&#8221;none&#8221; column_border_radius=&#8221;none&#8221; column_link_target=&#8221;_self&#8221; column_position=&#8221;default&#8221; gradient_direction=&#8221;left_to_right&#8221; overlay_strength=&#8221;0.3&#8243; width=&#8221;1\/2&#8243; tablet_width_inherit=&#8221;default&#8221; animation_type=&#8221;default&#8221; bg_image_animation=&#8221;none&#8221; border_type=&#8221;simple&#8221; column_border_width=&#8221;none&#8221; column_border_style=&#8221;solid&#8221; column_padding_type=&#8221;default&#8221; gradient_type=&#8221;default&#8221;][vc_row_inner column_margin=&#8221;default&#8221; column_direction=&#8221;default&#8221; column_direction_tablet=&#8221;default&#8221; column_direction_phone=&#8221;default&#8221; text_align=&#8221;left&#8221; row_position=&#8221;default&#8221; row_position_tablet=&#8221;inherit&#8221; row_position_phone=&#8221;inherit&#8221; overflow=&#8221;visible&#8221; pointer_events=&#8221;all&#8221;][vc_column_inner column_padding=&#8221;no-extra-padding&#8221; column_padding_tablet=&#8221;inherit&#8221; column_padding_phone=&#8221;inherit&#8221; column_padding_position=&#8221;all&#8221; column_element_direction_desktop=&#8221;default&#8221; column_element_spacing=&#8221;default&#8221; desktop_text_alignment=&#8221;default&#8221; tablet_text_alignment=&#8221;default&#8221; phone_text_alignment=&#8221;default&#8221; background_color_opacity=&#8221;1&#8243; background_hover_color_opacity=&#8221;1&#8243; column_backdrop_filter=&#8221;none&#8221; column_shadow=&#8221;none&#8221; column_border_radius=&#8221;none&#8221; column_link_target=&#8221;_self&#8221; overflow=&#8221;visible&#8221; gradient_direction=&#8221;left_to_right&#8221; overlay_strength=&#8221;0.3&#8243; width=&#8221;1\/1&#8243; tablet_width_inherit=&#8221;default&#8221; animation_type=&#8221;default&#8221; enable_animation=&#8221;true&#8221; animation=&#8221;fade-in-from-bottom&#8221; animation_easing=&#8221;default&#8221; bg_image_animation=&#8221;none&#8221; border_type=&#8221;simple&#8221; column_border_width=&#8221;none&#8221; column_border_style=&#8221;solid&#8221;][vc_custom_heading text=&#8221;Estetic\u0103 Nazal\u0103&#8221; font_container=&#8221;tag:h1|font_size:40|text_align:left|line_height:50px&#8221; use_theme_fonts=&#8221;yes&#8221;][vc_custom_heading text=&#8221;Estetica nazal\u0103 sau rinoplastia este o interven\u021bie chirurgical\u0103 efectuat\u0103 pentru a schimba forma nasului. Aceast\u0103 opera\u021bie poate fi realizat\u0103 pentru a corecta deform\u0103rile nasului, a elimina defectele congenitale, a \u00eembun\u0103t\u0103\u021bi aspectul fizic al nasului sau pentru a facilita respira\u021bia prin corectarea unor probleme respiratorii. \u00cen unele cazuri, rinoplastia poate fi aleas\u0103 at\u00e2t pentru a corecta problemele respiratorii, c\u00e2t \u0219i pentru a \u00eembun\u0103t\u0103\u021bi aspectul.&#8221; font_container=&#8221;tag:p|text_align:left|color:rgba(10%2C10%2C10%2C0.6)&#8221; use_theme_fonts=&#8221;yes&#8221;][\/vc_column_inner][\/vc_row_inner][\/vc_column][vc_column column_padding=&#8221;no-extra-padding&#8221; column_padding_tablet=&#8221;inherit&#8221; column_padding_phone=&#8221;inherit&#8221; column_padding_position=&#8221;all&#8221; column_element_direction_desktop=&#8221;default&#8221; column_element_spacing=&#8221;default&#8221; desktop_text_alignment=&#8221;default&#8221; tablet_text_alignment=&#8221;default&#8221; phone_text_alignment=&#8221;default&#8221; background_color_opacity=&#8221;1&#8243; background_hover_color_opacity=&#8221;1&#8243; column_backdrop_filter=&#8221;none&#8221; column_shadow=&#8221;none&#8221; column_border_radius=&#8221;none&#8221; column_link_target=&#8221;_self&#8221; column_position=&#8221;default&#8221; gradient_direction=&#8221;left_to_right&#8221; overlay_strength=&#8221;0.3&#8243; width=&#8221;1\/2&#8243; tablet_width_inherit=&#8221;default&#8221; animation_type=&#8221;default&#8221; bg_image_animation=&#8221;none&#8221; border_type=&#8221;simple&#8221; column_border_width=&#8221;none&#8221; column_border_style=&#8221;solid&#8221; column_padding_type=&#8221;default&#8221; gradient_type=&#8221;default&#8221;][image_with_animation image_url=&#8221;712&#8243; image_size=&#8221;full&#8221; animation_type=&#8221;entrance&#8221; animation=&#8221;None&#8221; animation_movement_type=&#8221;transform_y&#8221; hover_animation=&#8221;none&#8221; alignment=&#8221;&#8221; border_radius=&#8221;20px&#8221; box_shadow=&#8221;none&#8221; image_loading=&#8221;default&#8221; max_width=&#8221;100%&#8221; max_width_mobile=&#8221;default&#8221;][\/vc_column][\/vc_row][vc_row type=&#8221;full_width_background&#8221; full_screen_row_position=&#8221;middle&#8221; column_margin=&#8221;default&#8221; column_direction=&#8221;default&#8221; column_direction_tablet=&#8221;default&#8221; column_direction_phone=&#8221;default&#8221; bg_color=&#8221;#f7f7f7&#8243; scene_position=&#8221;center&#8221; top_padding=&#8221;100&#8243; bottom_padding=&#8221;100&#8243; text_color=&#8221;dark&#8221; text_align=&#8221;left&#8221; row_border_radius=&#8221;none&#8221; row_border_radius_applies=&#8221;bg&#8221; overflow=&#8221;visible&#8221; overlay_strength=&#8221;0.3&#8243; gradient_direction=&#8221;left_to_right&#8221; shape_divider_position=&#8221;bottom&#8221; bg_image_animation=&#8221;none&#8221;][vc_column column_padding=&#8221;no-extra-padding&#8221; column_padding_tablet=&#8221;inherit&#8221; column_padding_phone=&#8221;inherit&#8221; column_padding_position=&#8221;all&#8221; column_element_direction_desktop=&#8221;default&#8221; column_element_spacing=&#8221;default&#8221; desktop_text_alignment=&#8221;default&#8221; tablet_text_alignment=&#8221;default&#8221; phone_text_alignment=&#8221;default&#8221; background_color_opacity=&#8221;1&#8243; background_hover_color_opacity=&#8221;1&#8243; column_backdrop_filter=&#8221;none&#8221; column_shadow=&#8221;none&#8221; column_border_radius=&#8221;none&#8221; column_link_target=&#8221;_self&#8221; column_position=&#8221;default&#8221; gradient_direction=&#8221;left_to_right&#8221; overlay_strength=&#8221;0.3&#8243; width=&#8221;1\/1&#8243; tablet_width_inherit=&#8221;default&#8221; animation_type=&#8221;default&#8221; bg_image_animation=&#8221;none&#8221; border_type=&#8221;simple&#8221; column_border_width=&#8221;none&#8221; column_border_style=&#8221;solid&#8221;][vc_column_text]\n<h2>\u00centreb\u0103ri frecvente despre estetica nazal\u0103<\/h2>\n[\/vc_column_text][toggles style=&#8221;minimal&#8221;][toggle color=&#8221;Default&#8221; heading_tag=&#8221;default&#8221; heading_tag_functionality=&#8221;default&#8221; title=&#8221;Cum se efectueaz\u0103 estetica nazal\u0103?&#8221;][vc_column_text]\u00cen primul r\u00e2nd, se face o planificare care s\u0103 corespund\u0103 dorin\u021belor pacientului. Se discut\u0103 a\u0219tept\u0103rile pacientului \u0219i se decide forma nasului ce urmeaz\u0103 a fi realizat\u0103. Dup\u0103 ce s-a luat decizia, se \u00eencepe procedura.<\/p>\n<p>\u00cenainte de opera\u021bie, pacientului i se administreaz\u0103 anestezie general\u0103. Chirurgul stabile\u0219te loca\u021bia inciziilor \u00een func\u021bie de tehnica de rinoplastie preferat\u0103 (rinoplastie deschis\u0103 sau rinoplastie \u00eenchis\u0103). \u00cen cazul rinoplastiei deschise, se face o mic\u0103 incizie \u00een afara n\u0103rilor; \u00een cazul rinoplastiei \u00eenchise, inciziile sunt realizate \u00een interiorul n\u0103rilor.<br \/>\nPrin aceste incizii, se acceseaz\u0103 \u021besutul nazal. Chirurgul modeleaz\u0103 oasele nasului sau cartilajul t\u0103ind \u0219i remodel\u00e2ndu-le. La sf\u00e2r\u0219itul opera\u021biei, pentru a men\u021bine noua form\u0103 a nasului, se aplic\u0103 suturi \u0219i se pune un ghips sau o atel\u0103. Dup\u0103 aproximativ o s\u0103pt\u0103m\u00e2n\u0103, ghipsul \u0219i suturile sunt \u00eendep\u0103rtate.[\/vc_column_text][\/toggle][toggle color=&#8221;Default&#8221; heading_tag=&#8221;default&#8221; heading_tag_functionality=&#8221;default&#8221; title=&#8221;Ce trebuie s\u0103 ave\u021bi \u00een vedere dup\u0103 opera\u021bia de estetica nazal\u0103?&#8221;][vc_column_text]Pacien\u021bii sunt externa\u021bi \u00eentr-o zi dup\u0103 opera\u021bia de nas. Pacien\u021bii care au avut estetica nazal\u0103 trebuie s\u0103 fie foarte aten\u021bi la alimenta\u021bia lor, s\u0103 nu fumeze \u0219i s\u0103 \u00ee\u0219i protejeze nasul de lovituri. Dup\u0103 rinoplastie, pentru a reduce s\u00e2ngerarea \u0219i umflarea, trebuie s\u0103 v\u0103 odihni\u021bi cu capul \u00eentr-o pozi\u021bie mai \u00eenalt\u0103 dec\u00e2t pieptul. Timp de cel pu\u021bin patru s\u0103pt\u0103m\u00e2ni dup\u0103 opera\u021bie, ochelarii sau ochelarii de soare nu trebuie s\u0103 se sprijine pe nas. Ochelarii pot fi folosi\u021bi prin lipirea lor pe frunte p\u00e2n\u0103 c\u00e2nd nasul se vindec\u0103. Afar\u0103, trebuie folosit un protector solar cu factor de protec\u021bie 30 pe nas.<br \/>\n[\/vc_column_text][\/toggle][toggle color=&#8221;Default&#8221; heading_tag=&#8221;default&#8221; heading_tag_functionality=&#8221;default&#8221; title=&#8221;Exist\u0103 o limit\u0103 de v\u00e2rst\u0103 pentru estetica nazal\u0103?&#8221;][vc_column_text]Opera\u021bia de estetica nazal\u0103 nu este preferat\u0103 la adolescen\u021bi care nu \u0219i-au completat dezvoltarea. Opera\u021biile pot fi efectuate la v\u00e2rste mici pentru a corecta deficien\u021bele func\u021bionale ale nasului, dar pentru opera\u021biile cu scop estetic este preferat s\u0103 se a\u0219tepte p\u00e2n\u0103 la v\u00e2rsta de 18 ani.<br \/>\n[\/vc_column_text][\/toggle][toggle color=&#8221;Default&#8221; heading_tag=&#8221;default&#8221; heading_tag_functionality=&#8221;default&#8221; title=&#8221;C\u00e2t dureaz\u0103 opera\u021bia de estetica nazal\u0103?&#8221;][vc_column_text]Durata opera\u021biei de estetica nazal\u0103 poate varia \u00een func\u021bie de starea pacientului, de amploarea opera\u021biei \u0219i de experien\u021ba chirurgului. Totu\u0219i, durata medie a opera\u021biei este de aproximativ 1-4 ore.<br \/>\n[\/vc_column_text][\/toggle][toggle color=&#8221;Default&#8221; heading_tag=&#8221;default&#8221; heading_tag_functionality=&#8221;default&#8221; title=&#8221;Ce este estetica nazal\u0103 non-chirurgical\u0103?&#8221;][vc_column_text]Estetica nazal\u0103 non-chirurgical\u0103 este o op\u021biune pentru persoanele cu nas asimetric. De asemenea, persoanele cu v\u00e2rful nasului c\u0103zut pot alege aceast\u0103 metod\u0103. \u00cen estetica v\u00e2rfului nasului nu se intervine asupra osului nazal. Doar forma p\u0103r\u021bii din fa\u021b\u0103 a nasului este modificat\u0103. Aceast\u0103 procedur\u0103 se realizeaz\u0103 cu materiale de umplutur\u0103.<br \/>\n[\/vc_column_text][\/toggle][toggle color=&#8221;Default&#8221; heading_tag=&#8221;default&#8221; heading_tag_functionality=&#8221;default&#8221; title=&#8221;C\u00e2te zile sunt necesare pentru vindecarea nasului dup\u0103 opera\u021bia de estetica nazal\u0103?&#8221;][vc_column_text]De\u0219i durata de vindecare complet\u0103 variaz\u0103 de la o persoan\u0103 la alta, \u00een general dureaz\u0103 c\u00e2teva luni. Este necesar timp pentru a vedea rezultatele finale ale opera\u021biei de estetica nazal\u0103. \u00cen aceast\u0103 perioad\u0103, este foarte important s\u0103 respecta\u021bi recomand\u0103rile chirurgului pentru a asigura un proces de vindecare eficient.<br \/>\n[\/vc_column_text][\/toggle][toggle color=&#8221;Default&#8221; heading_tag=&#8221;default&#8221; heading_tag_functionality=&#8221;default&#8221; title=&#8221;Este dureroas\u0103 opera\u021bia de estetica nazal\u0103?&#8221;][vc_column_text]Durerea poate varia de la o persoan\u0103 la alta. La pacien\u021bii cu o structur\u0103 nazal\u0103 groas\u0103 \u0219i dificil\u0103, v\u00e2n\u0103t\u0103ile sunt relativ mai frecvente dec\u00e2t la cei cu o structur\u0103 nazal\u0103 u\u0219oar\u0103. Chiar dac\u0103 apar c\u00e2teva v\u00e2n\u0103t\u0103i mici, acestea se vor rezolva de obicei de la sine \u00eentr-o s\u0103pt\u0103m\u00e2n\u0103.<br \/>\n[\/vc_column_text][\/toggle][toggle color=&#8221;Default&#8221; heading_tag=&#8221;default&#8221; heading_tag_functionality=&#8221;default&#8221; title=&#8221;Se folose\u0219te Photoshop \u00eenainte de opera\u021bia de nas?&#8221;][vc_column_text]\u00cen timpul consulta\u021biei \u00eenainte de opera\u021bia de nas, se fac fotografii ale nasului pacientului \u0219i se efectueaz\u0103 ajust\u0103ri \u00een Photoshop \u00eempreun\u0103 cu opiniile pacientului. Astfel, pacientul decide ce fel de aspect al nasului \u00ee\u0219i dore\u0219te.<br \/>\n[\/vc_column_text][\/toggle][toggle color=&#8221;Default&#8221; heading_tag=&#8221;default&#8221; heading_tag_functionality=&#8221;default&#8221; title=&#8221;Estetica nazal\u0103 schimb\u0103 expresia fe\u021bei?&#8221;][vc_column_text]Deoarece nasul se afl\u0103 chiar \u00een mijlocul fe\u021bei, determin\u0103 expresia fe\u021bei. Prin urmare, schimb\u0103rile la nivelul nasului pot modifica expresia fe\u021bei. Totu\u0219i, fa\u021ba ca un \u00eentreg este o unitate, astfel \u00eenc\u00e2t estetica nazal\u0103 nu schimb\u0103 expresia \u00eentregii fe\u021be.<br \/>\n[\/vc_column_text][\/toggle][toggle color=&#8221;Default&#8221; heading_tag=&#8221;default&#8221; heading_tag_functionality=&#8221;default&#8221; title=&#8221;Ce este estetica nazal\u0103 de revizuire?&#8221;][vc_column_text]Dup\u0103 opera\u021biile de estetica nazal\u0103, pot ap\u0103rea probleme anatomice precum devierea sau asimetria nasului, \u0219i probleme func\u021bionale precum obstruc\u021bia nazal\u0103. De asemenea, interven\u021biile chirurgicale ulterioare pentru corectarea rezultatului vizual nedorit ob\u021binut dup\u0103 opera\u021bie se numesc &#8222;estetica nazal\u0103 de revizuire&#8221;.<br \/>\n[\/vc_column_text][\/toggle][\/toggles][\/vc_column][\/vc_row]\n","protected":false},"excerpt":{"rendered":"<p>[vc_row type=&#8221;in_container&#8221; full_screen_row_position=&#8221;middle&#8221; column_margin=&#8221;default&#8221; equal_height=&#8221;yes&#8221; content_placement=&#8221;middle&#8221; column_direction=&#8221;default&#8221; column_direction_tablet=&#8221;default&#8221; column_direction_phone=&#8221;default&#8221; bg_color=&#8221;#ffffff&#8221; scene_position=&#8221;center&#8221; text_color=&#8221;dark&#8221; text_align=&#8221;left&#8221; row_border_radius=&#8221;none&#8221; row_border_radius_applies=&#8221;bg&#8221; overflow=&#8221;visible&#8221; overlay_strength=&#8221;0.3&#8243; gradient_direction=&#8221;left_to_right&#8221; shape_divider_position=&#8221;bottom&#8221; bg_image_animation=&#8221;none&#8221; gradient_type=&#8221;default&#8221; shape_type=&#8221;&#8221;][vc_column column_padding=&#8221;padding-5-percent&#8221; column_padding_tablet=&#8221;inherit&#8221; column_padding_phone=&#8221;inherit&#8221; column_padding_position=&#8221;all&#8221; column_element_direction_desktop=&#8221;default&#8221; column_element_spacing=&#8221;default&#8221; desktop_text_alignment=&#8221;default&#8221; tablet_text_alignment=&#8221;default&#8221;&#8230;<\/p>\n","protected":false},"author":2,"featured_media":0,"parent":0,"menu_order":0,"comment_status":"closed","ping_status":"closed","template":"","meta":{"footnotes":""},"class_list":["post-3665","page","type-page","status-publish"],"_links":{"self":[{"href":"https:\/\/qualitylifehealth.com\/ro\/wp-json\/wp\/v2\/pages\/3665","targetHints":{"allow":["GET"]}}],"collection":[{"href":"https:\/\/qualitylifehealth.com\/ro\/wp-json\/wp\/v2\/pages"}],"about":[{"href":"https:\/\/qualitylifehealth.com\/ro\/wp-json\/wp\/v2\/types\/page"}],"author":[{"embeddable":true,"href":"https:\/\/qualitylifehealth.com\/ro\/wp-json\/wp\/v2\/users\/2"}],"replies":[{"embeddable":true,"href":"https:\/\/qualitylifehealth.com\/ro\/wp-json\/wp\/v2\/comments?post=3665"}],"version-history":[{"count":2,"href":"https:\/\/qualitylifehealth.com\/ro\/wp-json\/wp\/v2\/pages\/3665\/revisions"}],"predecessor-version":[{"id":3668,"href":"https:\/\/qualitylifehealth.com\/ro\/wp-json\/wp\/v2\/pages\/3665\/revisions\/3668"}],"wp:attachment":[{"href":"https:\/\/qualitylifehealth.com\/ro\/wp-json\/wp\/v2\/media?parent=3665"}],"curies":[{"name":"wp","href":"https:\/\/api.w.org\/{rel}","templated":true}]}}