{"id":3700,"date":"2023-11-29T15:50:10","date_gmt":"2023-11-29T12:50:10","guid":{"rendered":"https:\/\/qualitylifehealth.com\/sirt-germe\/"},"modified":"2024-07-21T16:18:42","modified_gmt":"2024-07-21T13:18:42","slug":"ridicare-spate","status":"publish","type":"page","link":"https:\/\/qualitylifehealth.com\/ro\/ridicare-spate\/","title":{"rendered":"Ridicare Spate"},"content":{"rendered":"[vc_row type=&#8221;in_container&#8221; full_screen_row_position=&#8221;middle&#8221; column_margin=&#8221;default&#8221; equal_height=&#8221;yes&#8221; content_placement=&#8221;middle&#8221; column_direction=&#8221;default&#8221; column_direction_tablet=&#8221;default&#8221; column_direction_phone=&#8221;default&#8221; bg_color=&#8221;#ffffff&#8221; scene_position=&#8221;center&#8221; text_color=&#8221;dark&#8221; text_align=&#8221;left&#8221; row_border_radius=&#8221;none&#8221; row_border_radius_applies=&#8221;bg&#8221; overflow=&#8221;visible&#8221; overlay_strength=&#8221;0.3&#8243; gradient_direction=&#8221;left_to_right&#8221; shape_divider_position=&#8221;bottom&#8221; bg_image_animation=&#8221;none&#8221; gradient_type=&#8221;default&#8221; shape_type=&#8221;&#8221;][vc_column column_padding=&#8221;padding-5-percent&#8221; column_padding_tablet=&#8221;inherit&#8221; column_padding_phone=&#8221;inherit&#8221; column_padding_position=&#8221;all&#8221; column_element_direction_desktop=&#8221;default&#8221; column_element_spacing=&#8221;default&#8221; desktop_text_alignment=&#8221;default&#8221; tablet_text_alignment=&#8221;default&#8221; phone_text_alignment=&#8221;default&#8221; background_color_opacity=&#8221;1&#8243; background_hover_color_opacity=&#8221;1&#8243; column_backdrop_filter=&#8221;none&#8221; column_shadow=&#8221;none&#8221; column_border_radius=&#8221;none&#8221; column_link_target=&#8221;_self&#8221; column_position=&#8221;default&#8221; gradient_direction=&#8221;left_to_right&#8221; overlay_strength=&#8221;0.3&#8243; width=&#8221;1\/2&#8243; tablet_width_inherit=&#8221;default&#8221; animation_type=&#8221;default&#8221; bg_image_animation=&#8221;none&#8221; border_type=&#8221;simple&#8221; column_border_width=&#8221;none&#8221; column_border_style=&#8221;solid&#8221; column_padding_type=&#8221;default&#8221; gradient_type=&#8221;default&#8221;][vc_row_inner column_margin=&#8221;default&#8221; column_direction=&#8221;default&#8221; column_direction_tablet=&#8221;default&#8221; column_direction_phone=&#8221;default&#8221; text_align=&#8221;left&#8221; row_position=&#8221;default&#8221; row_position_tablet=&#8221;inherit&#8221; row_position_phone=&#8221;inherit&#8221; overflow=&#8221;visible&#8221; pointer_events=&#8221;all&#8221;][vc_column_inner column_padding=&#8221;no-extra-padding&#8221; column_padding_tablet=&#8221;inherit&#8221; column_padding_phone=&#8221;inherit&#8221; column_padding_position=&#8221;all&#8221; column_element_direction_desktop=&#8221;default&#8221; column_element_spacing=&#8221;default&#8221; desktop_text_alignment=&#8221;default&#8221; tablet_text_alignment=&#8221;default&#8221; phone_text_alignment=&#8221;default&#8221; background_color_opacity=&#8221;1&#8243; background_hover_color_opacity=&#8221;1&#8243; column_backdrop_filter=&#8221;none&#8221; column_shadow=&#8221;none&#8221; column_border_radius=&#8221;none&#8221; column_link_target=&#8221;_self&#8221; overflow=&#8221;visible&#8221; gradient_direction=&#8221;left_to_right&#8221; overlay_strength=&#8221;0.3&#8243; width=&#8221;1\/1&#8243; tablet_width_inherit=&#8221;default&#8221; animation_type=&#8221;default&#8221; enable_animation=&#8221;true&#8221; animation=&#8221;fade-in-from-bottom&#8221; animation_easing=&#8221;default&#8221; bg_image_animation=&#8221;none&#8221; border_type=&#8221;simple&#8221; column_border_width=&#8221;none&#8221; column_border_style=&#8221;solid&#8221;][vc_custom_heading text=&#8221;Ridicare Spate&#8221; font_container=&#8221;tag:h1|font_size:40|text_align:left|line_height:50px&#8221; use_theme_fonts=&#8221;yes&#8221;][vc_custom_heading text=&#8221;Opera\u021bia de ridicare a spatelui este o procedur\u0103 chirurgical\u0103 realizat\u0103 de obicei pentru a \u00eendep\u0103rta pielea \u00een exces de pe spate dup\u0103 pierderea \u00een greutate sau dup\u0103 liposuc\u021bie. Cu aceast\u0103 opera\u021bie, zonele care creeaz\u0103 un aspect stratificat \u0219i l\u0103sat sunt netezite \u0219i str\u00e2nse. Astfel, pute\u021bi ob\u021bine tensiunea dorit\u0103 pe spatele dumneavoastr\u0103.<\/p>\n<p>Pielea \u00een exces de pe spate poate crea o situa\u021bie incomod\u0103 sub haine. Pentru a \u00eembun\u0103t\u0103\u021bi acest aspect \u0219i pentru a ob\u021bine aspectul dorit, pute\u021bi alege Quailty Life Health Travel.&#8221; font_container=&#8221;tag:p|text_align:left|color:rgba(10%2C10%2C10%2C0.6)&#8221; use_theme_fonts=&#8221;yes&#8221;][\/vc_column_inner][\/vc_row_inner][\/vc_column][vc_column column_padding=&#8221;no-extra-padding&#8221; column_padding_tablet=&#8221;inherit&#8221; column_padding_phone=&#8221;inherit&#8221; column_padding_position=&#8221;all&#8221; column_element_direction_desktop=&#8221;default&#8221; column_element_spacing=&#8221;default&#8221; desktop_text_alignment=&#8221;default&#8221; tablet_text_alignment=&#8221;default&#8221; phone_text_alignment=&#8221;default&#8221; background_color_opacity=&#8221;1&#8243; background_hover_color_opacity=&#8221;1&#8243; column_backdrop_filter=&#8221;none&#8221; column_shadow=&#8221;none&#8221; column_border_radius=&#8221;none&#8221; column_link_target=&#8221;_self&#8221; column_position=&#8221;default&#8221; gradient_direction=&#8221;left_to_right&#8221; overlay_strength=&#8221;0.3&#8243; width=&#8221;1\/2&#8243; tablet_width_inherit=&#8221;default&#8221; animation_type=&#8221;default&#8221; bg_image_animation=&#8221;none&#8221; border_type=&#8221;simple&#8221; column_border_width=&#8221;none&#8221; column_border_style=&#8221;solid&#8221; column_padding_type=&#8221;default&#8221; gradient_type=&#8221;default&#8221;][image_with_animation image_url=&#8221;718&#8243; image_size=&#8221;full&#8221; animation_type=&#8221;entrance&#8221; animation=&#8221;None&#8221; animation_movement_type=&#8221;transform_y&#8221; hover_animation=&#8221;none&#8221; alignment=&#8221;&#8221; border_radius=&#8221;20px&#8221; box_shadow=&#8221;none&#8221; image_loading=&#8221;default&#8221; max_width=&#8221;100%&#8221; max_width_mobile=&#8221;default&#8221;][\/vc_column][\/vc_row][vc_row type=&#8221;full_width_background&#8221; full_screen_row_position=&#8221;middle&#8221; column_margin=&#8221;default&#8221; column_direction=&#8221;default&#8221; column_direction_tablet=&#8221;default&#8221; column_direction_phone=&#8221;default&#8221; bg_color=&#8221;#f7f7f7&#8243; scene_position=&#8221;center&#8221; top_padding=&#8221;100&#8243; bottom_padding=&#8221;100&#8243; text_color=&#8221;dark&#8221; text_align=&#8221;left&#8221; row_border_radius=&#8221;none&#8221; row_border_radius_applies=&#8221;bg&#8221; overflow=&#8221;visible&#8221; overlay_strength=&#8221;0.3&#8243; gradient_direction=&#8221;left_to_right&#8221; shape_divider_position=&#8221;bottom&#8221; bg_image_animation=&#8221;none&#8221;][vc_column column_padding=&#8221;no-extra-padding&#8221; column_padding_tablet=&#8221;inherit&#8221; column_padding_phone=&#8221;inherit&#8221; column_padding_position=&#8221;all&#8221; column_element_direction_desktop=&#8221;default&#8221; column_element_spacing=&#8221;default&#8221; desktop_text_alignment=&#8221;default&#8221; tablet_text_alignment=&#8221;default&#8221; phone_text_alignment=&#8221;default&#8221; background_color_opacity=&#8221;1&#8243; background_hover_color_opacity=&#8221;1&#8243; column_backdrop_filter=&#8221;none&#8221; column_shadow=&#8221;none&#8221; column_border_radius=&#8221;none&#8221; column_link_target=&#8221;_self&#8221; column_position=&#8221;default&#8221; gradient_direction=&#8221;left_to_right&#8221; overlay_strength=&#8221;0.3&#8243; width=&#8221;1\/1&#8243; tablet_width_inherit=&#8221;default&#8221; animation_type=&#8221;default&#8221; bg_image_animation=&#8221;none&#8221; border_type=&#8221;simple&#8221; column_border_width=&#8221;none&#8221; column_border_style=&#8221;solid&#8221;][vc_column_text]\n<h2>\u00centreb\u0103ri frecvente despre ridicarea spatelui<\/h2>\n[\/vc_column_text][toggles style=&#8221;minimal&#8221;][toggle color=&#8221;Default&#8221; heading_tag=&#8221;default&#8221; heading_tag_functionality=&#8221;default&#8221; title=&#8221;Cine poate fi supus unei opera\u021bii de ridicare a spatelui?&#8221;][vc_column_text]Opera\u021bia de ridicare a spatelui poate fi realizat\u0103 persoanelor care au pielea l\u0103sat\u0103 \u0219i mu\u0219chii sl\u0103bi\u021bi pe spate, care au exces de piele \u0219i \u021besut subcutanat care iese \u00een afara costumelor de baie sau rochiilor.<br \/>\n[\/vc_column_text][\/toggle][toggle color=&#8221;Default&#8221; heading_tag=&#8221;default&#8221; heading_tag_functionality=&#8221;default&#8221; title=&#8221;Cum se realizeaz\u0103 ridicarea spatelui?&#8221;][vc_column_text]Opera\u021bia de ridicare a spatelui se efectueaz\u0103 sub anestezie general\u0103. \u00cen timpul opera\u021biei, \u021besutul adipos \u00een exces este \u00eendep\u0103rtat din zona axilei, lateralele s\u00e2nilor, deasupra omopla\u021bilor \u0219i \u00een regiunea liniei sutienului care se extinde sub s\u00e2ni. Aceast\u0103 procedur\u0103 se efectueaz\u0103 pentru a str\u00e2nge zona spatelui pacientului. \u00cen special la pacien\u021bii care au pierdut mult \u00een greutate, atunci c\u00e2nd simpla liposuc\u021bie nu este suficient\u0103 pentru \u00eendep\u0103rtarea gr\u0103simii, se \u00eendep\u0103rteaz\u0103 pielea \u00een exces de la linia sutienului p\u00e2n\u0103 la omopla\u021bi \u0219i se efectueaz\u0103 str\u00e2ngerea pielii.<\/p>\n<p>Dup\u0103 opera\u021bie, se aplic\u0103 benzi adezive pe zona chirurgical\u0103 \u0219i pacientului i se pune un corset pentru corp.[\/vc_column_text][\/toggle][toggle color=&#8221;Default&#8221; heading_tag=&#8221;default&#8221; heading_tag_functionality=&#8221;default&#8221; title=&#8221;Ce trebuie avut \u00een vedere dup\u0103 opera\u021bia de ridicare a spatelui?&#8221;][vc_column_text]Dup\u0103 opera\u021bie, se aplic\u0103 benzi adezive pe zona chirurgical\u0103 \u0219i pacientului i se pune un corset pentru corp. Pentru a reduce riscul de infec\u021bie \u0219i a sprijini vindecarea s\u0103n\u0103toas\u0103 a r\u0103nilor, este important ca pacientul s\u0103 utilizeze regulat medicamentele prescrise \u00een perioada timpurie.<br \/>\n\u00cen primele c\u00e2teva zile dup\u0103 opera\u021bie, v\u00e2n\u0103t\u0103ile, umfl\u0103turile, amor\u021beala \u0219i durerile u\u0219oare sunt frecvente. Medicamentele pentru durere sunt prescrise pentru a ameliora durerea. Este important s\u0103 urma\u021bi cu aten\u021bie instruc\u021biunile de \u00eengrijire care v\u0103 vor fi oferite dup\u0103 opera\u021bie pentru a facilita procesul de recuperare. Pentru a permite vindecarea inciziilor, mi\u0219c\u0103rile p\u0103r\u021bii superioare a corpului trebuie limitate \u0219i trebuie evitate activit\u0103\u021bile grele. Majoritatea pacien\u021bilor pot reveni la via\u021ba lor zilnic\u0103 dup\u0103 1 lun\u0103. Rezultatele finale vor deveni mai evidente \u00een patru p\u00e2n\u0103 la \u0219ase luni, dup\u0103 ce toate umfl\u0103turile s-au redus.[\/vc_column_text][\/toggle][toggle color=&#8221;Default&#8221; heading_tag=&#8221;default&#8221; heading_tag_functionality=&#8221;default&#8221; title=&#8221;C\u00e2te zile dup\u0103 opera\u021bia de ridicare a spatelui se poate reveni la munc\u0103?&#8221;][vc_column_text]De obicei, pute\u021bi reveni la munc\u0103 la o s\u0103pt\u0103m\u00e2n\u0103 dup\u0103 opera\u021bia de ridicare a spatelui.<br \/>\n[\/vc_column_text][\/toggle][toggle color=&#8221;Default&#8221; heading_tag=&#8221;default&#8221; heading_tag_functionality=&#8221;default&#8221; title=&#8221;C\u00e2t dureaz\u0103 opera\u021bia de ridicare a spatelui?&#8221;][vc_column_text]Opera\u021bia de ridicare a spatelui dureaz\u0103 \u00eentre 2 \u0219i 2,5 ore.<br \/>\n[\/vc_column_text][\/toggle][toggle color=&#8221;Default&#8221; heading_tag=&#8221;default&#8221; heading_tag_functionality=&#8221;default&#8221; title=&#8221;Exist\u0103 durere dup\u0103 opera\u021bia de ridicare a spatelui?&#8221;][vc_column_text]Pacien\u021bii nu simt nicio durere sau disconfort \u00een timpul opera\u021biei de ridicare a spatelui. Dup\u0103 opera\u021bie, poate exista o oarecare durere, dar aceasta poate fi controlat\u0103 cu analgezicele prescrise, f\u0103c\u00e2nd ca procesul s\u0103 fie aproape f\u0103r\u0103 durere.<br \/>\n[\/vc_column_text][\/toggle][toggle color=&#8221;Default&#8221; heading_tag=&#8221;default&#8221; heading_tag_functionality=&#8221;default&#8221; title=&#8221;R\u0103m\u00e2n cicatrici dup\u0103 opera\u021bia de ridicare a spatelui?&#8221;][vc_column_text]\u00cen timpul opera\u021biei de ridicare a spatelui, se folosesc suturi estetice care se resorb, astfel \u00eenc\u00e2t nu este necesar\u0103 \u00eendep\u0103rtarea suturilor \u0219i cicatricile r\u0103m\u00e2n minime. \u00cen plus, cicatricile sunt ajustate astfel \u00eenc\u00e2t s\u0103 fie ascunse sub lenjeria intim\u0103, deci nu sunt vizibile. De\u0219i exist\u0103 diferen\u021be \u00eentre pacien\u021bi \u00een func\u021bie de structura pielii, cicatricile se estompeaz\u0103 \u00een general \u00een 9-12 luni.<br \/>\n[\/vc_column_text][\/toggle][toggle color=&#8221;Default&#8221; heading_tag=&#8221;default&#8221; heading_tag_functionality=&#8221;default&#8221; title=&#8221;Exist\u0103 o limit\u0103 de v\u00e2rst\u0103 pentru opera\u021bia de ridicare a spatelui?&#8221;][vc_column_text]Opera\u021bia de ridicare a spatelui poate fi efectuat\u0103 la pacien\u021bii b\u0103rba\u021bi \u0219i femei de peste 18 ani care nu au afec\u021biuni ce ar \u00eempiedica interven\u021bia chirurgical\u0103.<br \/>\n[\/vc_column_text][\/toggle][\/toggles][\/vc_column][\/vc_row]\n","protected":false},"excerpt":{"rendered":"<p>[vc_row type=&#8221;in_container&#8221; full_screen_row_position=&#8221;middle&#8221; column_margin=&#8221;default&#8221; equal_height=&#8221;yes&#8221; content_placement=&#8221;middle&#8221; column_direction=&#8221;default&#8221; column_direction_tablet=&#8221;default&#8221; column_direction_phone=&#8221;default&#8221; bg_color=&#8221;#ffffff&#8221; scene_position=&#8221;center&#8221; text_color=&#8221;dark&#8221; text_align=&#8221;left&#8221; row_border_radius=&#8221;none&#8221; row_border_radius_applies=&#8221;bg&#8221; overflow=&#8221;visible&#8221; overlay_strength=&#8221;0.3&#8243; gradient_direction=&#8221;left_to_right&#8221; shape_divider_position=&#8221;bottom&#8221; bg_image_animation=&#8221;none&#8221; gradient_type=&#8221;default&#8221; shape_type=&#8221;&#8221;][vc_column column_padding=&#8221;padding-5-percent&#8221; column_padding_tablet=&#8221;inherit&#8221; column_padding_phone=&#8221;inherit&#8221; column_padding_position=&#8221;all&#8221; column_element_direction_desktop=&#8221;default&#8221; column_element_spacing=&#8221;default&#8221; desktop_text_alignment=&#8221;default&#8221; tablet_text_alignment=&#8221;default&#8221;&#8230;<\/p>\n","protected":false},"author":2,"featured_media":0,"parent":0,"menu_order":0,"comment_status":"closed","ping_status":"closed","template":"","meta":{"footnotes":""},"class_list":["post-3700","page","type-page","status-publish"],"_links":{"self":[{"href":"https:\/\/qualitylifehealth.com\/ro\/wp-json\/wp\/v2\/pages\/3700","targetHints":{"allow":["GET"]}}],"collection":[{"href":"https:\/\/qualitylifehealth.com\/ro\/wp-json\/wp\/v2\/pages"}],"about":[{"href":"https:\/\/qualitylifehealth.com\/ro\/wp-json\/wp\/v2\/types\/page"}],"author":[{"embeddable":true,"href":"https:\/\/qualitylifehealth.com\/ro\/wp-json\/wp\/v2\/users\/2"}],"replies":[{"embeddable":true,"href":"https:\/\/qualitylifehealth.com\/ro\/wp-json\/wp\/v2\/comments?post=3700"}],"version-history":[{"count":2,"href":"https:\/\/qualitylifehealth.com\/ro\/wp-json\/wp\/v2\/pages\/3700\/revisions"}],"predecessor-version":[{"id":3703,"href":"https:\/\/qualitylifehealth.com\/ro\/wp-json\/wp\/v2\/pages\/3700\/revisions\/3703"}],"wp:attachment":[{"href":"https:\/\/qualitylifehealth.com\/ro\/wp-json\/wp\/v2\/media?parent=3700"}],"curies":[{"name":"wp","href":"https:\/\/api.w.org\/{rel}","templated":true}]}}