{"id":3763,"date":"2023-11-27T17:50:46","date_gmt":"2023-11-27T14:50:46","guid":{"rendered":"https:\/\/qualitylifehealth.com\/porselen-laminat-dis-kaplama\/"},"modified":"2024-07-21T17:01:09","modified_gmt":"2024-07-21T14:01:09","slug":"laminat-de-portelan-pentru-dinti","status":"publish","type":"page","link":"https:\/\/qualitylifehealth.com\/ro\/laminat-de-portelan-pentru-dinti\/","title":{"rendered":"Laminat de Por\u021belan pentru Din\u021bi"},"content":{"rendered":"[vc_row type=&#8221;in_container&#8221; full_screen_row_position=&#8221;middle&#8221; column_margin=&#8221;default&#8221; equal_height=&#8221;yes&#8221; content_placement=&#8221;middle&#8221; column_direction=&#8221;default&#8221; column_direction_tablet=&#8221;default&#8221; column_direction_phone=&#8221;default&#8221; bg_color=&#8221;#ffffff&#8221; scene_position=&#8221;center&#8221; text_color=&#8221;dark&#8221; text_align=&#8221;left&#8221; row_border_radius=&#8221;none&#8221; row_border_radius_applies=&#8221;bg&#8221; overflow=&#8221;visible&#8221; overlay_strength=&#8221;0.3&#8243; gradient_direction=&#8221;left_to_right&#8221; shape_divider_position=&#8221;bottom&#8221; bg_image_animation=&#8221;none&#8221; gradient_type=&#8221;default&#8221; shape_type=&#8221;&#8221;][vc_column column_padding=&#8221;padding-5-percent&#8221; column_padding_tablet=&#8221;inherit&#8221; column_padding_phone=&#8221;inherit&#8221; column_padding_position=&#8221;all&#8221; column_element_direction_desktop=&#8221;default&#8221; column_element_spacing=&#8221;default&#8221; desktop_text_alignment=&#8221;default&#8221; tablet_text_alignment=&#8221;default&#8221; phone_text_alignment=&#8221;default&#8221; background_color_opacity=&#8221;1&#8243; background_hover_color_opacity=&#8221;1&#8243; column_backdrop_filter=&#8221;none&#8221; column_shadow=&#8221;none&#8221; column_border_radius=&#8221;none&#8221; column_link_target=&#8221;_self&#8221; column_position=&#8221;default&#8221; gradient_direction=&#8221;left_to_right&#8221; overlay_strength=&#8221;0.3&#8243; width=&#8221;1\/2&#8243; tablet_width_inherit=&#8221;default&#8221; animation_type=&#8221;default&#8221; bg_image_animation=&#8221;none&#8221; border_type=&#8221;simple&#8221; column_border_width=&#8221;none&#8221; column_border_style=&#8221;solid&#8221; column_padding_type=&#8221;default&#8221; gradient_type=&#8221;default&#8221;][vc_row_inner column_margin=&#8221;default&#8221; column_direction=&#8221;default&#8221; column_direction_tablet=&#8221;default&#8221; column_direction_phone=&#8221;default&#8221; text_align=&#8221;left&#8221; row_position=&#8221;default&#8221; row_position_tablet=&#8221;inherit&#8221; row_position_phone=&#8221;inherit&#8221; overflow=&#8221;visible&#8221; pointer_events=&#8221;all&#8221;][vc_column_inner column_padding=&#8221;no-extra-padding&#8221; column_padding_tablet=&#8221;inherit&#8221; column_padding_phone=&#8221;inherit&#8221; column_padding_position=&#8221;all&#8221; column_element_direction_desktop=&#8221;default&#8221; column_element_spacing=&#8221;default&#8221; desktop_text_alignment=&#8221;default&#8221; tablet_text_alignment=&#8221;default&#8221; phone_text_alignment=&#8221;default&#8221; background_color_opacity=&#8221;1&#8243; background_hover_color_opacity=&#8221;1&#8243; column_backdrop_filter=&#8221;none&#8221; column_shadow=&#8221;none&#8221; column_border_radius=&#8221;none&#8221; column_link_target=&#8221;_self&#8221; overflow=&#8221;visible&#8221; gradient_direction=&#8221;left_to_right&#8221; overlay_strength=&#8221;0.3&#8243; width=&#8221;1\/1&#8243; tablet_width_inherit=&#8221;default&#8221; animation_type=&#8221;default&#8221; enable_animation=&#8221;true&#8221; animation=&#8221;fade-in-from-bottom&#8221; animation_easing=&#8221;default&#8221; bg_image_animation=&#8221;none&#8221; border_type=&#8221;simple&#8221; column_border_width=&#8221;none&#8221; column_border_style=&#8221;solid&#8221;][vc_custom_heading text=&#8221;Laminat de Por\u021belan pentru Din\u021bi&#8221; font_container=&#8221;tag:h1|font_size:40|text_align:left|line_height:50px&#8221; use_theme_fonts=&#8221;yes&#8221;][vc_custom_heading text=&#8221;Laminatele de por\u021belan, cunoscute \u0219i sub denumirea de fa\u021bete din por\u021belan, sunt un tip de acoperire dentar\u0103 care utilizeaz\u0103 por\u021belanul \u00een fabricarea sa. Por\u021belanul, datorit\u0103 materialelor utilizate \u00een fabricare, are o culoare alb\u0103 \u0219i este considerat un material biocompatibil. Nu con\u021bine metale sau substan\u021be d\u0103un\u0103toare. Acoperirile din por\u021belan ajut\u0103 la ob\u021binerea unui aspect mult mai natural al din\u021bilor \u0219i sunt utilizate frecvent de persoanele care sufer\u0103 de pierderi dentare sau de schimb\u0103ri de culoare ale din\u021bilor. De asemenea, aceste acoperiri ajut\u0103 la echilibrarea formei, dimensiunii \u0219i culorii din\u021bilor.&#8221; font_container=&#8221;tag:p|text_align:left|color:rgba(10%2C10%2C10%2C0.6)&#8221; use_theme_fonts=&#8221;yes&#8221;][\/vc_column_inner][\/vc_row_inner][\/vc_column][vc_column column_padding=&#8221;no-extra-padding&#8221; column_padding_tablet=&#8221;inherit&#8221; column_padding_phone=&#8221;inherit&#8221; column_padding_position=&#8221;all&#8221; column_element_direction_desktop=&#8221;default&#8221; column_element_spacing=&#8221;default&#8221; desktop_text_alignment=&#8221;default&#8221; tablet_text_alignment=&#8221;default&#8221; phone_text_alignment=&#8221;default&#8221; background_color_opacity=&#8221;1&#8243; background_hover_color_opacity=&#8221;1&#8243; column_backdrop_filter=&#8221;none&#8221; column_shadow=&#8221;none&#8221; column_border_radius=&#8221;none&#8221; column_link_target=&#8221;_self&#8221; column_position=&#8221;default&#8221; gradient_direction=&#8221;left_to_right&#8221; overlay_strength=&#8221;0.3&#8243; width=&#8221;1\/2&#8243; tablet_width_inherit=&#8221;default&#8221; animation_type=&#8221;default&#8221; bg_image_animation=&#8221;none&#8221; border_type=&#8221;simple&#8221; column_border_width=&#8221;none&#8221; column_border_style=&#8221;solid&#8221; column_padding_type=&#8221;default&#8221; gradient_type=&#8221;default&#8221;][image_with_animation image_url=&#8221;747&#8243; image_size=&#8221;full&#8221; animation_type=&#8221;entrance&#8221; animation=&#8221;None&#8221; animation_movement_type=&#8221;transform_y&#8221; hover_animation=&#8221;none&#8221; alignment=&#8221;&#8221; border_radius=&#8221;20px&#8221; box_shadow=&#8221;none&#8221; image_loading=&#8221;default&#8221; max_width=&#8221;100%&#8221; max_width_mobile=&#8221;default&#8221;][\/vc_column][\/vc_row][vc_row type=&#8221;full_width_background&#8221; full_screen_row_position=&#8221;middle&#8221; column_margin=&#8221;default&#8221; column_direction=&#8221;default&#8221; column_direction_tablet=&#8221;default&#8221; column_direction_phone=&#8221;default&#8221; bg_color=&#8221;#f7f7f7&#8243; scene_position=&#8221;center&#8221; top_padding=&#8221;100&#8243; bottom_padding=&#8221;100&#8243; text_color=&#8221;dark&#8221; text_align=&#8221;left&#8221; row_border_radius=&#8221;none&#8221; row_border_radius_applies=&#8221;bg&#8221; overflow=&#8221;visible&#8221; overlay_strength=&#8221;0.3&#8243; gradient_direction=&#8221;left_to_right&#8221; shape_divider_position=&#8221;bottom&#8221; bg_image_animation=&#8221;none&#8221;][vc_column column_padding=&#8221;no-extra-padding&#8221; column_padding_tablet=&#8221;inherit&#8221; column_padding_phone=&#8221;inherit&#8221; column_padding_position=&#8221;all&#8221; column_element_direction_desktop=&#8221;default&#8221; column_element_spacing=&#8221;default&#8221; desktop_text_alignment=&#8221;default&#8221; tablet_text_alignment=&#8221;default&#8221; phone_text_alignment=&#8221;default&#8221; background_color_opacity=&#8221;1&#8243; background_hover_color_opacity=&#8221;1&#8243; column_backdrop_filter=&#8221;none&#8221; column_shadow=&#8221;none&#8221; column_border_radius=&#8221;none&#8221; column_link_target=&#8221;_self&#8221; column_position=&#8221;default&#8221; gradient_direction=&#8221;left_to_right&#8221; overlay_strength=&#8221;0.3&#8243; width=&#8221;1\/1&#8243; tablet_width_inherit=&#8221;default&#8221; animation_type=&#8221;default&#8221; bg_image_animation=&#8221;none&#8221; border_type=&#8221;simple&#8221; column_border_width=&#8221;none&#8221; column_border_style=&#8221;solid&#8221;][vc_column_text]\n<h2>\u00centreb\u0103ri frecvente despre laminatul de por\u021belan pentru din\u021bi<\/h2>\n[\/vc_column_text][toggles style=&#8221;minimal&#8221;][toggle color=&#8221;Default&#8221; heading_tag=&#8221;default&#8221; heading_tag_functionality=&#8221;default&#8221; title=&#8221;Cum se aplic\u0103 fa\u021betele dentare din por\u021belan?&#8221;][vc_column_text]A avea din\u021bi s\u0103n\u0103to\u0219i, frumo\u0219i \u0219i \u00eengriji\u021bi este important at\u00e2t pentru s\u0103n\u0103tate, c\u00e2t \u0219i pentru aspect. Fa\u021betele dentare laminate sunt o op\u021biune excelent\u0103 pentru cei care doresc un z\u00e2mbet mai s\u0103n\u0103tos \u0219i mai atr\u0103g\u0103tor.<\/p>\n<p>Tratamentul cu fa\u021bete laminate \u00eencepe prin \u00een\u021belegerea dorin\u021belor pacientului \u0219i a problemelor dentare. \u00cengrijor\u0103rile legate de din\u021bi, aspectele nepl\u0103cute \u0219i a\u0219tept\u0103rile sunt discutate. \u00cen prima sesiune, se planific\u0103 alte nevoi, cum ar fi albirea din\u021bilor, cur\u0103\u021barea, \u00eendep\u0103rtarea cariilor etc. Apoi, se iau amprente \u0219i se trimit tehnicianului. Tehnicianul creeaz\u0103 un model care arat\u0103 aspectul final al din\u021bilor, cunoscut sub numele de &#8222;Mock Up&#8221;. \u00cen a doua sesiune, aspectul final al din\u021bilor este prezentat folosind materiale temporare \u0219i se \u021bin cont de dorin\u021bele pacientului. Aspectul dorit al din\u021bilor este determinat \u0219i \u00eencepe t\u0103ierea \u0219i ajust\u0103rile. \u00cen a treia sesiune, fa\u021betele din por\u021belan permanente sunt fixate, finaliz\u00e2nd astfel tratamentul.<\/p>\n[\/vc_column_text][\/toggle][toggle color=&#8221;Default&#8221; heading_tag=&#8221;default&#8221; heading_tag_functionality=&#8221;default&#8221; title=&#8221;Rezumatul tratamentului cu fa\u021bete din por\u021belan:&#8221;][vc_column_text]Num\u0103r de opera\u021bii: 2-3<br \/>\nDurata de lucru: 30-90 minute per dinte<br \/>\nAnestezie: Anestezie local\u0103<br \/>\nVindecare complet\u0103: 15 zile<br \/>\n\u0218edere \u00een spital: Nu este necesar\u0103<br \/>\n\u00centoarcerea la munc\u0103: Imediat\u0103<br \/>\nDurabilitatea rezultatelor: 10-20 ani<br \/>\n[\/vc_column_text][\/toggle][toggle color=&#8221;Default&#8221; heading_tag=&#8221;default&#8221; heading_tag_functionality=&#8221;default&#8221; title=&#8221;C\u00e2t de durabile sunt fa\u021betele dentare din por\u021belan?&#8221;][vc_column_text]Durata de via\u021b\u0103 a fa\u021betelor dentare din por\u021belan poate varia \u00eentre 7 \u0219i 15 ani, \u00een func\u021bie de \u00eengrijirea dentar\u0103.<\/p>\n[\/vc_column_text][\/toggle][toggle color=&#8221;Default&#8221; heading_tag=&#8221;default&#8221; heading_tag_functionality=&#8221;default&#8221; title=&#8221;Pentru cine sunt potrivite fa\u021betele dentare din por\u021belan \u0219i care sunt avantajele lor?&#8221;][vc_column_text]Fa\u021betele dentare laminate sunt ideale pentru estica dentar\u0103 \u0219i pot fi aplicate persoanelor care doresc s\u0103 corecteze culoarea din\u021bilor, s\u0103 \u00eenchid\u0103 spa\u021biile sau s\u0103 ascund\u0103 petele.<\/p>\n[\/vc_column_text][\/toggle][toggle color=&#8221;Default&#8221; heading_tag=&#8221;default&#8221; heading_tag_functionality=&#8221;default&#8221; title=&#8221;Pot c\u0103dea fa\u021betele laminate dup\u0103 aplicare?&#8221;][vc_column_text]Atunci c\u00e2nd sunt aplicate corect de un medic stomatolog profesionist, fa\u021betele laminate nu cad \u00een general. Cu toate acestea, \u00eengrijirea adecvat\u0103 \u0219i igiena oral\u0103 sunt esen\u021biale.<\/p>\n[\/vc_column_text][\/toggle][toggle color=&#8221;Default&#8221; heading_tag=&#8221;default&#8221; heading_tag_functionality=&#8221;default&#8221; title=&#8221;C\u00e2t dureaz\u0103 fa\u021betele laminate?&#8221;][vc_column_text]Durata de via\u021b\u0103 a fa\u021betelor laminate poate varia \u00een func\u021bie de \u00eengrijire, igien\u0103 \u0219i utilizare. \u00cen general, fa\u021betele din por\u021belan sunt mai durabile \u0219i pot rezista aproximativ 7-15 ani.<\/p>\n[\/vc_column_text][\/toggle][toggle color=&#8221;Default&#8221; heading_tag=&#8221;default&#8221; heading_tag_functionality=&#8221;default&#8221; title=&#8221;Aplicarea fa\u021betelor dentare doare?&#8221;][vc_column_text]Medicii stomatologi folosesc de obicei anestezie local\u0103, astfel \u00eenc\u00e2t aplicarea fa\u021betelor dentare nu provoac\u0103 de obicei durere \u00een timpul procedurii. Cu toate acestea, dup\u0103 procedur\u0103, este posibil s\u0103 sim\u021bi\u021bi un disconfort u\u0219or sau sensibilitate atunci c\u00e2nd anestezia se disipeaz\u0103, ceea ce este normal. Nu trebuie s\u0103 v\u0103 face\u021bi griji \u00een acest caz, deoarece este obi\u0219nuit s\u0103 sim\u021bi\u021bi un disconfort u\u0219or timp de c\u00e2teva zile dup\u0103 anumite tratamente dentare, dar acesta este temporar.<\/p>\n[\/vc_column_text][\/toggle][\/toggles][\/vc_column][\/vc_row]\n","protected":false},"excerpt":{"rendered":"<p>[vc_row type=&#8221;in_container&#8221; full_screen_row_position=&#8221;middle&#8221; column_margin=&#8221;default&#8221; equal_height=&#8221;yes&#8221; content_placement=&#8221;middle&#8221; column_direction=&#8221;default&#8221; column_direction_tablet=&#8221;default&#8221; column_direction_phone=&#8221;default&#8221; bg_color=&#8221;#ffffff&#8221; scene_position=&#8221;center&#8221; text_color=&#8221;dark&#8221; text_align=&#8221;left&#8221; row_border_radius=&#8221;none&#8221; row_border_radius_applies=&#8221;bg&#8221; overflow=&#8221;visible&#8221; overlay_strength=&#8221;0.3&#8243; gradient_direction=&#8221;left_to_right&#8221; shape_divider_position=&#8221;bottom&#8221; bg_image_animation=&#8221;none&#8221; gradient_type=&#8221;default&#8221; shape_type=&#8221;&#8221;][vc_column column_padding=&#8221;padding-5-percent&#8221; column_padding_tablet=&#8221;inherit&#8221; column_padding_phone=&#8221;inherit&#8221; column_padding_position=&#8221;all&#8221; column_element_direction_desktop=&#8221;default&#8221; column_element_spacing=&#8221;default&#8221; desktop_text_alignment=&#8221;default&#8221; tablet_text_alignment=&#8221;default&#8221;&#8230;<\/p>\n","protected":false},"author":2,"featured_media":0,"parent":0,"menu_order":0,"comment_status":"closed","ping_status":"closed","template":"","meta":{"footnotes":""},"class_list":["post-3763","page","type-page","status-publish"],"_links":{"self":[{"href":"https:\/\/qualitylifehealth.com\/ro\/wp-json\/wp\/v2\/pages\/3763","targetHints":{"allow":["GET"]}}],"collection":[{"href":"https:\/\/qualitylifehealth.com\/ro\/wp-json\/wp\/v2\/pages"}],"about":[{"href":"https:\/\/qualitylifehealth.com\/ro\/wp-json\/wp\/v2\/types\/page"}],"author":[{"embeddable":true,"href":"https:\/\/qualitylifehealth.com\/ro\/wp-json\/wp\/v2\/users\/2"}],"replies":[{"embeddable":true,"href":"https:\/\/qualitylifehealth.com\/ro\/wp-json\/wp\/v2\/comments?post=3763"}],"version-history":[{"count":2,"href":"https:\/\/qualitylifehealth.com\/ro\/wp-json\/wp\/v2\/pages\/3763\/revisions"}],"predecessor-version":[{"id":3766,"href":"https:\/\/qualitylifehealth.com\/ro\/wp-json\/wp\/v2\/pages\/3763\/revisions\/3766"}],"wp:attachment":[{"href":"https:\/\/qualitylifehealth.com\/ro\/wp-json\/wp\/v2\/media?parent=3763"}],"curies":[{"name":"wp","href":"https:\/\/api.w.org\/{rel}","templated":true}]}}