{"id":3779,"date":"2023-11-27T16:58:58","date_gmt":"2023-11-27T13:58:58","guid":{"rendered":"https:\/\/qualitylifehealth.com\/dis-kaplama\/"},"modified":"2024-07-21T17:11:29","modified_gmt":"2024-07-21T14:11:29","slug":"capace-dentare","status":"publish","type":"page","link":"https:\/\/qualitylifehealth.com\/ro\/capace-dentare\/","title":{"rendered":"Capace Dentare"},"content":{"rendered":"[vc_row type=&#8221;in_container&#8221; full_screen_row_position=&#8221;middle&#8221; column_margin=&#8221;default&#8221; equal_height=&#8221;yes&#8221; content_placement=&#8221;middle&#8221; column_direction=&#8221;default&#8221; column_direction_tablet=&#8221;default&#8221; column_direction_phone=&#8221;default&#8221; bg_color=&#8221;#ffffff&#8221; scene_position=&#8221;center&#8221; text_color=&#8221;dark&#8221; text_align=&#8221;left&#8221; row_border_radius=&#8221;none&#8221; row_border_radius_applies=&#8221;bg&#8221; overflow=&#8221;visible&#8221; overlay_strength=&#8221;0.3&#8243; gradient_direction=&#8221;left_to_right&#8221; shape_divider_position=&#8221;bottom&#8221; bg_image_animation=&#8221;none&#8221; gradient_type=&#8221;default&#8221; shape_type=&#8221;&#8221;][vc_column column_padding=&#8221;padding-5-percent&#8221; column_padding_tablet=&#8221;inherit&#8221; column_padding_phone=&#8221;inherit&#8221; column_padding_position=&#8221;all&#8221; column_element_direction_desktop=&#8221;default&#8221; column_element_spacing=&#8221;default&#8221; desktop_text_alignment=&#8221;default&#8221; tablet_text_alignment=&#8221;default&#8221; phone_text_alignment=&#8221;default&#8221; background_color_opacity=&#8221;1&#8243; background_hover_color_opacity=&#8221;1&#8243; column_backdrop_filter=&#8221;none&#8221; column_shadow=&#8221;none&#8221; column_border_radius=&#8221;none&#8221; column_link_target=&#8221;_self&#8221; column_position=&#8221;default&#8221; gradient_direction=&#8221;left_to_right&#8221; overlay_strength=&#8221;0.3&#8243; width=&#8221;1\/2&#8243; tablet_width_inherit=&#8221;default&#8221; animation_type=&#8221;default&#8221; bg_image_animation=&#8221;none&#8221; border_type=&#8221;simple&#8221; column_border_width=&#8221;none&#8221; column_border_style=&#8221;solid&#8221; column_padding_type=&#8221;default&#8221; gradient_type=&#8221;default&#8221;][vc_row_inner column_margin=&#8221;default&#8221; column_direction=&#8221;default&#8221; column_direction_tablet=&#8221;default&#8221; column_direction_phone=&#8221;default&#8221; text_align=&#8221;left&#8221; row_position=&#8221;default&#8221; row_position_tablet=&#8221;inherit&#8221; row_position_phone=&#8221;inherit&#8221; overflow=&#8221;visible&#8221; pointer_events=&#8221;all&#8221;][vc_column_inner column_padding=&#8221;no-extra-padding&#8221; column_padding_tablet=&#8221;inherit&#8221; column_padding_phone=&#8221;inherit&#8221; column_padding_position=&#8221;all&#8221; column_element_direction_desktop=&#8221;default&#8221; column_element_spacing=&#8221;default&#8221; desktop_text_alignment=&#8221;default&#8221; tablet_text_alignment=&#8221;default&#8221; phone_text_alignment=&#8221;default&#8221; background_color_opacity=&#8221;1&#8243; background_hover_color_opacity=&#8221;1&#8243; column_backdrop_filter=&#8221;none&#8221; column_shadow=&#8221;none&#8221; column_border_radius=&#8221;none&#8221; column_link_target=&#8221;_self&#8221; overflow=&#8221;visible&#8221; gradient_direction=&#8221;left_to_right&#8221; overlay_strength=&#8221;0.3&#8243; width=&#8221;1\/1&#8243; tablet_width_inherit=&#8221;default&#8221; animation_type=&#8221;default&#8221; enable_animation=&#8221;true&#8221; animation=&#8221;fade-in-from-bottom&#8221; animation_easing=&#8221;default&#8221; bg_image_animation=&#8221;none&#8221; border_type=&#8221;simple&#8221; column_border_width=&#8221;none&#8221; column_border_style=&#8221;solid&#8221;][vc_custom_heading text=&#8221;Capace Dentare&#8221; font_container=&#8221;tag:h1|font_size:40|text_align:left|line_height:50px&#8221; use_theme_fonts=&#8221;yes&#8221;][vc_custom_heading text=&#8221;Capace dentare sunt o procedur\u0103 dentar\u0103 utilizat\u0103 pentru a trata probleme precum carii dentare sau fracturi \u0219i pentru a \u00eembun\u0103t\u0103\u021bi estetica din\u021bilor. Deoarece structura dentar\u0103 a fiec\u0103rei persoane este unic\u0103, capacele dentare sunt personalizate pentru fiecare individ. Veneerul dentar poate fi aplicat at\u00e2t \u00een scopuri func\u021bionale, c\u00e2t \u0219i estetice. \u00cen scopuri estetice, pot fi utilizate pentru a corecta probleme precum carii dentare, umpluturi fracturate, din\u021bi extra\u0219i \u0219i spa\u021bii \u00een gur\u0103. Capacele dentare func\u021bionale sunt utilizate pentru a rezolva probleme de s\u0103n\u0103tate, cum ar fi pierderea din\u021bilor, pierderea de substan\u021b\u0103, din\u021bi fractura\u021bi, uzur\u0103 \u0219i deteriorare, sau pentru a \u00eent\u0103ri din\u021bii.&#8221; font_container=&#8221;tag:p|text_align:left|color:rgba(10%2C10%2C10%2C0.6)&#8221; use_theme_fonts=&#8221;yes&#8221;][\/vc_column_inner][\/vc_row_inner][\/vc_column][vc_column column_padding=&#8221;no-extra-padding&#8221; column_padding_tablet=&#8221;inherit&#8221; column_padding_phone=&#8221;inherit&#8221; column_padding_position=&#8221;all&#8221; column_element_direction_desktop=&#8221;default&#8221; column_element_spacing=&#8221;default&#8221; desktop_text_alignment=&#8221;default&#8221; tablet_text_alignment=&#8221;default&#8221; phone_text_alignment=&#8221;default&#8221; background_color_opacity=&#8221;1&#8243; background_hover_color_opacity=&#8221;1&#8243; column_backdrop_filter=&#8221;none&#8221; column_shadow=&#8221;none&#8221; column_border_radius=&#8221;none&#8221; column_link_target=&#8221;_self&#8221; column_position=&#8221;default&#8221; gradient_direction=&#8221;left_to_right&#8221; overlay_strength=&#8221;0.3&#8243; width=&#8221;1\/2&#8243; tablet_width_inherit=&#8221;default&#8221; animation_type=&#8221;default&#8221; bg_image_animation=&#8221;none&#8221; border_type=&#8221;simple&#8221; column_border_width=&#8221;none&#8221; column_border_style=&#8221;solid&#8221; column_padding_type=&#8221;default&#8221; gradient_type=&#8221;default&#8221;][image_with_animation image_url=&#8221;754&#8243; image_size=&#8221;full&#8221; animation_type=&#8221;entrance&#8221; animation=&#8221;None&#8221; animation_movement_type=&#8221;transform_y&#8221; hover_animation=&#8221;none&#8221; alignment=&#8221;&#8221; border_radius=&#8221;20px&#8221; box_shadow=&#8221;none&#8221; image_loading=&#8221;default&#8221; max_width=&#8221;100%&#8221; max_width_mobile=&#8221;default&#8221;][\/vc_column][\/vc_row][vc_row type=&#8221;full_width_background&#8221; full_screen_row_position=&#8221;middle&#8221; column_margin=&#8221;default&#8221; column_direction=&#8221;default&#8221; column_direction_tablet=&#8221;default&#8221; column_direction_phone=&#8221;default&#8221; bg_color=&#8221;#f7f7f7&#8243; scene_position=&#8221;center&#8221; top_padding=&#8221;100&#8243; bottom_padding=&#8221;100&#8243; text_color=&#8221;dark&#8221; text_align=&#8221;left&#8221; row_border_radius=&#8221;none&#8221; row_border_radius_applies=&#8221;bg&#8221; overflow=&#8221;visible&#8221; overlay_strength=&#8221;0.3&#8243; gradient_direction=&#8221;left_to_right&#8221; shape_divider_position=&#8221;bottom&#8221; bg_image_animation=&#8221;none&#8221;][vc_column column_padding=&#8221;no-extra-padding&#8221; column_padding_tablet=&#8221;inherit&#8221; column_padding_phone=&#8221;inherit&#8221; column_padding_position=&#8221;all&#8221; column_element_direction_desktop=&#8221;default&#8221; column_element_spacing=&#8221;default&#8221; desktop_text_alignment=&#8221;default&#8221; tablet_text_alignment=&#8221;default&#8221; phone_text_alignment=&#8221;default&#8221; background_color_opacity=&#8221;1&#8243; background_hover_color_opacity=&#8221;1&#8243; column_backdrop_filter=&#8221;none&#8221; column_shadow=&#8221;none&#8221; column_border_radius=&#8221;none&#8221; column_link_target=&#8221;_self&#8221; column_position=&#8221;default&#8221; gradient_direction=&#8221;left_to_right&#8221; overlay_strength=&#8221;0.3&#8243; width=&#8221;1\/1&#8243; tablet_width_inherit=&#8221;default&#8221; animation_type=&#8221;default&#8221; bg_image_animation=&#8221;none&#8221; border_type=&#8221;simple&#8221; column_border_width=&#8221;none&#8221; column_border_style=&#8221;solid&#8221;][vc_column_text]\n<h2>\u00centreb\u0103ri frecvente despre capace dentare<\/h2>\n[\/vc_column_text][toggles style=&#8221;minimal&#8221;][toggle color=&#8221;Default&#8221; heading_tag=&#8221;default&#8221; heading_tag_functionality=&#8221;default&#8221; title=&#8221;Cum se aplic\u0103 capacele dentare?&#8221;][vc_column_text]Procedura de aplicare a capacelor dentare \u00eencepe cu remodelarea din\u021bilor pentru a se potrivi cu grosimea capacelor. Dup\u0103 remodelare, dimensiunea din\u021bilor preg\u0103ti\u021bi este m\u0103surat\u0103 \u0219i aceste m\u0103suri sunt trimise la un laborator unde tehnicienii dentari profesioni\u0219ti preg\u0103tesc capacele. Procesul de preg\u0103tire a capacelor include crearea acestora pe baza m\u0103sur\u0103torilor, ceea ce dureaz\u0103 de obicei \u00eentre 1 \u0219i 2 s\u0103pt\u0103m\u00e2ni.<\/p>\n<p>C\u00e2nd capacele sunt gata, procedura dentar\u0103 \u00eencepe cu administrarea anesteziei locale pentru confortul pacientului. Ulterior, din\u021bii naturali sunt remodela\u021bi \u0219i preg\u0103ti\u021bi pentru a se potrivi cu capacele. Medicii dentari a\u0219az\u0103 capacul pe dinte, evalu\u00e2nd potrivirea \u0219i culoarea acestuia \u0219i fac ajust\u0103rile necesare \u00eenainte de finalizarea procedurii.<\/p>\n[\/vc_column_text][\/toggle][toggle color=&#8221;Default&#8221; heading_tag=&#8221;default&#8221; heading_tag_functionality=&#8221;default&#8221; title=&#8221;Care sunt tipurile de capace dentare?&#8221;][vc_column_text]Tratamentul cu capace dentare se adapteaz\u0103 la nevoile \u0219i preferin\u021bele individului \u0219i exist\u0103 mai multe op\u021biuni disponibile. Unele tipuri comune de capace dentare sunt:<\/p>\n[\/vc_column_text][\/toggle][toggle color=&#8221;Default&#8221; heading_tag=&#8221;default&#8221; heading_tag_functionality=&#8221;default&#8221; title=&#8221;Capace din por\u021belan:&#8221;][vc_column_text]Aceste capace ofer\u0103 un aspect natural \u0219i sunt foarte durabile. De obicei, sunt utilizate at\u00e2t \u00een scopuri estetice, c\u00e2t \u0219i func\u021bionale.<\/p>\n[\/vc_column_text][\/toggle][toggle color=&#8221;Default&#8221; heading_tag=&#8221;default&#8221; heading_tag_functionality=&#8221;default&#8221; title=&#8221;Capace din zirconiu:&#8221;][vc_column_text]Capacele din zirconiu ofer\u0103 un echilibru \u00eentre estetic\u0103 \u0219i durabilitate. Sunt cunoscute pentru rezisten\u021ba lor \u0219i abilitatea de a imita din\u021bii naturali.<\/p>\n[\/vc_column_text][\/toggle][toggle color=&#8221;Default&#8221; heading_tag=&#8221;default&#8221; heading_tag_functionality=&#8221;default&#8221; title=&#8221;Capace din compozit:&#8221;][vc_column_text]Veneerurile compozite sunt realizate dintr-un material de r\u0103\u0219in\u0103 de culoarea din\u021bilor \u0219i sunt mai economice dec\u00e2t cele din por\u021belan. Pot fi aplicate pe un singur dinte.<\/p>\n[\/vc_column_text][\/toggle][toggle color=&#8221;Default&#8221; heading_tag=&#8221;default&#8221; heading_tag_functionality=&#8221;default&#8221; title=&#8221;Capace Empress:&#8221;][vc_column_text]Veneerurile Empress sunt un tip de capace ceramice cunoscute pentru atractivitatea lor estetic\u0103. Sunt mai pu\u021bin durabile comparativ cu alte op\u021biuni.<\/p>\n[\/vc_column_text][\/toggle][toggle color=&#8221;Default&#8221; heading_tag=&#8221;default&#8221; heading_tag_functionality=&#8221;default&#8221; title=&#8221;Capace laminat:&#8221;][vc_column_text]Capacele Emax sunt capace de por\u021belan ultra-sub\u021biri aplicate pe suprafa\u021ba din\u021bilor. Sunt de obicei preferate pentru beneficiile lor estetice.<\/p>\n[\/vc_column_text][\/toggle][toggle color=&#8221;Default&#8221; heading_tag=&#8221;default&#8221; heading_tag_functionality=&#8221;default&#8221; title=&#8221;Capace Emax:&#8221;][vc_column_text]Aceste capace sunt realizate dintr-o ceramic\u0103 de disilicat de litiu cunoscut\u0103 pentru durabilitatea \u0219i aspectul s\u0103u natural.<\/p>\n[\/vc_column_text][\/toggle][toggle color=&#8221;Default&#8221; heading_tag=&#8221;default&#8221; heading_tag_functionality=&#8221;default&#8221; title=&#8221;Care este cel mai bun tip de capac dentar?&#8221;][vc_column_text]Alegerea tipului de capac dentar poate depinde de nevoile \u0219i preferin\u021bele individuale. Dac\u0103 estetica este principala preocupare, capacele din por\u021belan sau zirconiu sunt adesea preferate datorit\u0103 aspectului lor natural. Totu\u0219i, dac\u0103 un dinte are daune sau carii semnificative, capacele compozite pot fi o op\u021biune mai potrivit\u0103. Este foarte important s\u0103 consulta\u021bi un medic dentist pentru a stabili cel mai bun tip de capac pentru situa\u021bia dumneavoastr\u0103.<\/p>\n[\/vc_column_text][\/toggle][toggle color=&#8221;Default&#8221; heading_tag=&#8221;default&#8221; heading_tag_functionality=&#8221;default&#8221; title=&#8221;C\u00e2nd sunt necesare capacele dentare?&#8221;][vc_column_text]Capacele dentare pot fi necesare \u00een urm\u0103toarele situa\u021bii:<br \/>\nCariile dentare sau daunele: Capacele pot fi utilizate pentru a proteja \u0219i repara din\u021bii care sunt caria\u021bi, cr\u0103pa\u021bi sau sl\u0103bi\u021bi.<\/p>\n<p>Probleme estetice: Capacele pot rezolva probleme cosmetice precum decolorarea din\u021bilor, forma sau alinierea acestora.<\/p>\n<p>Dolgile mari: Din\u021bii cu umpluturi mari pot necesita suport suplimentar pe care capacele \u00eel pot oferi.<\/p>\n<p>Restabilirea func\u021bionalit\u0103\u021bii: Capacele pot restabili func\u021bionalitatea din\u021bilor care sunt uzura\u021bi sau deteriora\u021bi.<\/p>\n<p>Implanturi: Capacele pot fi utilizate pentru a crea structuri dentare pe implanturi dentare.<\/p>\n[\/vc_column_text][\/toggle][\/toggles][\/vc_column][\/vc_row]\n","protected":false},"excerpt":{"rendered":"<p>[vc_row type=&#8221;in_container&#8221; full_screen_row_position=&#8221;middle&#8221; column_margin=&#8221;default&#8221; equal_height=&#8221;yes&#8221; content_placement=&#8221;middle&#8221; column_direction=&#8221;default&#8221; column_direction_tablet=&#8221;default&#8221; column_direction_phone=&#8221;default&#8221; bg_color=&#8221;#ffffff&#8221; scene_position=&#8221;center&#8221; text_color=&#8221;dark&#8221; text_align=&#8221;left&#8221; row_border_radius=&#8221;none&#8221; row_border_radius_applies=&#8221;bg&#8221; overflow=&#8221;visible&#8221; overlay_strength=&#8221;0.3&#8243; gradient_direction=&#8221;left_to_right&#8221; shape_divider_position=&#8221;bottom&#8221; bg_image_animation=&#8221;none&#8221; gradient_type=&#8221;default&#8221; shape_type=&#8221;&#8221;][vc_column column_padding=&#8221;padding-5-percent&#8221; column_padding_tablet=&#8221;inherit&#8221; column_padding_phone=&#8221;inherit&#8221; column_padding_position=&#8221;all&#8221; column_element_direction_desktop=&#8221;default&#8221; column_element_spacing=&#8221;default&#8221; desktop_text_alignment=&#8221;default&#8221; tablet_text_alignment=&#8221;default&#8221;&#8230;<\/p>\n","protected":false},"author":2,"featured_media":0,"parent":0,"menu_order":0,"comment_status":"closed","ping_status":"closed","template":"","meta":{"footnotes":""},"class_list":["post-3779","page","type-page","status-publish"],"_links":{"self":[{"href":"https:\/\/qualitylifehealth.com\/ro\/wp-json\/wp\/v2\/pages\/3779","targetHints":{"allow":["GET"]}}],"collection":[{"href":"https:\/\/qualitylifehealth.com\/ro\/wp-json\/wp\/v2\/pages"}],"about":[{"href":"https:\/\/qualitylifehealth.com\/ro\/wp-json\/wp\/v2\/types\/page"}],"author":[{"embeddable":true,"href":"https:\/\/qualitylifehealth.com\/ro\/wp-json\/wp\/v2\/users\/2"}],"replies":[{"embeddable":true,"href":"https:\/\/qualitylifehealth.com\/ro\/wp-json\/wp\/v2\/comments?post=3779"}],"version-history":[{"count":3,"href":"https:\/\/qualitylifehealth.com\/ro\/wp-json\/wp\/v2\/pages\/3779\/revisions"}],"predecessor-version":[{"id":3783,"href":"https:\/\/qualitylifehealth.com\/ro\/wp-json\/wp\/v2\/pages\/3779\/revisions\/3783"}],"wp:attachment":[{"href":"https:\/\/qualitylifehealth.com\/ro\/wp-json\/wp\/v2\/media?parent=3779"}],"curies":[{"name":"wp","href":"https:\/\/api.w.org\/{rel}","templated":true}]}}