{"id":6192,"date":"2023-12-01T10:38:30","date_gmt":"2023-12-01T07:38:30","guid":{"rendered":"https:\/\/qualitylifehealth.com\/hakkimizda\/"},"modified":"2025-01-26T23:17:59","modified_gmt":"2025-01-26T20:17:59","slug":"rreth-nesh","status":"publish","type":"page","link":"https:\/\/qualitylifehealth.com\/sq\/rreth-nesh\/","title":{"rendered":"Rreth Nesh"},"content":{"rendered":"[vc_row type=&#8221;in_container&#8221; full_screen_row_position=&#8221;middle&#8221; column_margin=&#8221;default&#8221; equal_height=&#8221;yes&#8221; content_placement=&#8221;middle&#8221; column_direction=&#8221;default&#8221; column_direction_tablet=&#8221;default&#8221; column_direction_phone=&#8221;default&#8221; bg_color=&#8221;#ffffff&#8221; scene_position=&#8221;center&#8221; text_color=&#8221;dark&#8221; text_align=&#8221;left&#8221; row_border_radius=&#8221;none&#8221; row_border_radius_applies=&#8221;bg&#8221; overflow=&#8221;visible&#8221; overlay_strength=&#8221;0.3&#8243; gradient_direction=&#8221;left_to_right&#8221; shape_divider_position=&#8221;bottom&#8221; bg_image_animation=&#8221;none&#8221; gradient_type=&#8221;default&#8221; shape_type=&#8221;&#8221;][vc_column column_padding=&#8221;padding-5-percent&#8221; column_padding_tablet=&#8221;inherit&#8221; column_padding_phone=&#8221;inherit&#8221; column_padding_position=&#8221;all&#8221; column_element_direction_desktop=&#8221;default&#8221; column_element_spacing=&#8221;default&#8221; desktop_text_alignment=&#8221;default&#8221; tablet_text_alignment=&#8221;default&#8221; phone_text_alignment=&#8221;default&#8221; background_color_opacity=&#8221;1&#8243; background_hover_color_opacity=&#8221;1&#8243; column_backdrop_filter=&#8221;none&#8221; column_shadow=&#8221;none&#8221; column_border_radius=&#8221;none&#8221; column_link_target=&#8221;_self&#8221; column_position=&#8221;default&#8221; gradient_direction=&#8221;left_to_right&#8221; overlay_strength=&#8221;0.3&#8243; width=&#8221;1\/2&#8243; tablet_width_inherit=&#8221;default&#8221; animation_type=&#8221;default&#8221; bg_image_animation=&#8221;none&#8221; border_type=&#8221;simple&#8221; column_border_width=&#8221;none&#8221; column_border_style=&#8221;solid&#8221; column_padding_type=&#8221;default&#8221; gradient_type=&#8221;default&#8221;][vc_row_inner column_margin=&#8221;default&#8221; column_direction=&#8221;default&#8221; column_direction_tablet=&#8221;default&#8221; column_direction_phone=&#8221;default&#8221; text_align=&#8221;left&#8221; row_position=&#8221;default&#8221; row_position_tablet=&#8221;inherit&#8221; row_position_phone=&#8221;inherit&#8221; overflow=&#8221;visible&#8221; pointer_events=&#8221;all&#8221;][vc_column_inner column_padding=&#8221;no-extra-padding&#8221; column_padding_tablet=&#8221;inherit&#8221; column_padding_phone=&#8221;inherit&#8221; column_padding_position=&#8221;all&#8221; column_element_direction_desktop=&#8221;default&#8221; column_element_spacing=&#8221;default&#8221; desktop_text_alignment=&#8221;default&#8221; tablet_text_alignment=&#8221;default&#8221; phone_text_alignment=&#8221;default&#8221; background_color_opacity=&#8221;1&#8243; background_hover_color_opacity=&#8221;1&#8243; column_backdrop_filter=&#8221;none&#8221; column_shadow=&#8221;none&#8221; column_border_radius=&#8221;none&#8221; column_link_target=&#8221;_self&#8221; overflow=&#8221;visible&#8221; gradient_direction=&#8221;left_to_right&#8221; overlay_strength=&#8221;0.3&#8243; width=&#8221;1\/1&#8243; tablet_width_inherit=&#8221;default&#8221; animation_type=&#8221;default&#8221; enable_animation=&#8221;true&#8221; animation=&#8221;fade-in-from-bottom&#8221; animation_easing=&#8221;default&#8221; bg_image_animation=&#8221;none&#8221; border_type=&#8221;simple&#8221; column_border_width=&#8221;none&#8221; column_border_style=&#8221;solid&#8221;][vc_custom_heading text=&#8221;Rreth Nesh<\/p>\n<p>&#8221; font_container=&#8221;tag:h1|font_size:40|text_align:left|line_height:50px&#8221; use_theme_fonts=&#8221;yes&#8221;][vc_custom_heading text=&#8221;Quality Life Health \u00ebsht\u00eb nj\u00eb kompani udh\u00ebheq\u00ebse n\u00eb fush\u00ebn e turizmit sh\u00ebndet\u00ebsor dhe ofron nj\u00eb p\u00ebrvoj\u00eb t\u00eb paharrueshme sh\u00ebndet\u00ebsore p\u00ebr klient\u00ebt e saj. Kompania \u00ebsht\u00eb themeluar me q\u00ebllimin p\u00ebr t\u00eb ofruar sh\u00ebrbime sh\u00ebndet\u00ebsore t\u00eb personalizuara dhe me cil\u00ebsi t\u00eb lart\u00eb p\u00ebr individ\u00ebt q\u00eb vendosin sh\u00ebndetin dhe mir\u00ebqenien e tyre n\u00eb plan t\u00eb par\u00eb.<\/p>\n<p>Ne ofrojm\u00eb sh\u00ebrbime n\u00eb nj\u00eb gam\u00eb t\u00eb gjer\u00eb ekspertizash p\u00ebr t\u00eb p\u00ebrmbushur nevojat sh\u00ebndet\u00ebsore t\u00eb klient\u00ebve tan\u00eb. Sh\u00ebrbimet tona t\u00eb sh\u00ebndetit t\u00eb cil\u00ebsis\u00eb s\u00eb lart\u00eb ofrohen n\u00ebn mbik\u00ebqyrjen e kujdesshme t\u00eb mjek\u00ebve n\u00eb qendrat sh\u00ebndet\u00ebsore t\u00eb njohura dhe t\u00eb pajisura me teknologji moderne mjek\u00ebsore dhe organizatave tona t\u00eb partner\u00ebve q\u00eb kan\u00eb \u00e7ertifikat\u00eb p\u00ebr turizmin sh\u00ebndet\u00ebsor.<\/p>\n<p>Quality Life Health nuk ofron vet\u00ebm trajtime mjek\u00ebsore, por gjithashtu ofron nj\u00eb p\u00ebrvoj\u00eb t\u00eb plot\u00eb t\u00eb turizmit sh\u00ebndet\u00ebsor duke marr\u00eb parasysh komoditetin dhe rehati t\u00eb pacient\u00ebve. Ne punojm\u00eb me kujdes p\u00ebr t\u00eb siguruar mb\u00ebshtetje t\u00eb personalizuar p\u00ebr klient\u00ebt tan\u00eb gjat\u00eb udh\u00ebtimeve t\u00eb tyre, duke p\u00ebrfshir\u00eb akomodimin, transportin dhe proceset e trajtimit.<\/p>\n<p>P\u00ebr ne, \u00e7do pacient \u00ebsht\u00eb i ve\u00e7ant\u00eb dhe i \u00e7muar. P\u00ebr k\u00ebt\u00eb arsye, ne adoptojm\u00eb nj\u00eb qasje t\u00eb personalizuar p\u00ebr t\u00eb kuptuar nevojat e \u00e7do klienti dhe p\u00ebr t\u2019i ndihmuar ata t\u00eb arrijn\u00eb objektivat e tyre sh\u00ebndet\u00ebsore.<\/p>\n<p>&#8221; font_container=&#8221;tag:p|text_align:left&#8221; use_theme_fonts=&#8221;yes&#8221;][\/vc_column_inner][\/vc_row_inner][\/vc_column][vc_column column_padding=&#8221;no-extra-padding&#8221; column_padding_tablet=&#8221;inherit&#8221; column_padding_phone=&#8221;inherit&#8221; column_padding_position=&#8221;all&#8221; column_element_direction_desktop=&#8221;default&#8221; column_element_spacing=&#8221;default&#8221; desktop_text_alignment=&#8221;default&#8221; tablet_text_alignment=&#8221;default&#8221; phone_text_alignment=&#8221;default&#8221; background_color_opacity=&#8221;1&#8243; background_hover_color_opacity=&#8221;1&#8243; column_backdrop_filter=&#8221;none&#8221; column_shadow=&#8221;none&#8221; column_border_radius=&#8221;none&#8221; column_link_target=&#8221;_self&#8221; column_position=&#8221;default&#8221; gradient_direction=&#8221;left_to_right&#8221; overlay_strength=&#8221;0.3&#8243; width=&#8221;1\/2&#8243; tablet_width_inherit=&#8221;default&#8221; animation_type=&#8221;default&#8221; bg_image_animation=&#8221;none&#8221; border_type=&#8221;simple&#8221; column_border_width=&#8221;none&#8221; column_border_style=&#8221;solid&#8221; column_padding_type=&#8221;default&#8221; gradient_type=&#8221;default&#8221;][image_with_animation image_url=&#8221;807&#8243; image_size=&#8221;full&#8221; animation_type=&#8221;entrance&#8221; animation=&#8221;None&#8221; animation_movement_type=&#8221;transform_y&#8221; hover_animation=&#8221;none&#8221; alignment=&#8221;&#8221; border_radius=&#8221;20px&#8221; box_shadow=&#8221;none&#8221; image_loading=&#8221;default&#8221; max_width=&#8221;100%&#8221; max_width_mobile=&#8221;default&#8221;][\/vc_column][\/vc_row][vc_row type=&#8221;in_container&#8221; full_screen_row_position=&#8221;middle&#8221; column_margin=&#8221;default&#8221; column_direction=&#8221;default&#8221; column_direction_tablet=&#8221;default&#8221; column_direction_phone=&#8221;default&#8221; scene_position=&#8221;center&#8221; text_color=&#8221;dark&#8221; text_align=&#8221;left&#8221; row_border_radius=&#8221;none&#8221; row_border_radius_applies=&#8221;bg&#8221; overflow=&#8221;visible&#8221; overlay_strength=&#8221;0.3&#8243; gradient_direction=&#8221;left_to_right&#8221; shape_divider_position=&#8221;bottom&#8221; bg_image_animation=&#8221;none&#8221;][vc_column column_padding=&#8221;no-extra-padding&#8221; column_padding_tablet=&#8221;inherit&#8221; column_padding_phone=&#8221;inherit&#8221; column_padding_position=&#8221;all&#8221; column_element_direction_desktop=&#8221;default&#8221; column_element_spacing=&#8221;default&#8221; desktop_text_alignment=&#8221;default&#8221; tablet_text_alignment=&#8221;default&#8221; phone_text_alignment=&#8221;default&#8221; background_color_opacity=&#8221;1&#8243; background_hover_color_opacity=&#8221;1&#8243; column_backdrop_filter=&#8221;none&#8221; column_shadow=&#8221;none&#8221; column_border_radius=&#8221;none&#8221; column_link_target=&#8221;_self&#8221; column_position=&#8221;default&#8221; gradient_direction=&#8221;left_to_right&#8221; overlay_strength=&#8221;0.3&#8243; width=&#8221;1\/1&#8243; tablet_width_inherit=&#8221;default&#8221; animation_type=&#8221;default&#8221; bg_image_animation=&#8221;none&#8221; border_type=&#8221;simple&#8221; column_border_width=&#8221;none&#8221; column_border_style=&#8221;solid&#8221;][vc_custom_heading text=&#8221;Si Quality Life Health, ne jemi t\u00eb p\u00ebrkushtuar p\u00ebr t\u00eb b\u00ebr\u00eb sh\u00ebrbimet sh\u00ebndet\u00ebsore cil\u00ebsore t\u00eb aksesueshme dhe p\u00ebr t\u2019i ofruar klient\u00ebve tan\u00eb nj\u00eb p\u00ebrvoj\u00eb sh\u00ebndet\u00ebsore q\u00eb plot\u00ebson standardet nd\u00ebrkomb\u00ebtare. P\u00ebr ne, m\u00eb e madhja lumturi \u00ebsht\u00eb t\u00eb sigurojm\u00eb q\u00eb klient\u00ebt tan\u00eb t\u00eb kthehen n\u00eb sht\u00ebpi t\u00eb sh\u00ebndetsh\u00ebm dhe t\u00eb k\u00ebnaqur.<\/p>\n<p>Si nj\u00eb em\u00ebr i besuesh\u00ebm n\u00eb fush\u00ebn e turizmit sh\u00ebndet\u00ebsor, Quality Life Health \u00ebsht\u00eb e p\u00ebrkushtuar t\u00eb mbaj\u00eb k\u00ebnaq\u00ebsin\u00eb e klient\u00ebve dhe sh\u00ebrbimet sh\u00ebndet\u00ebsore gjithmon\u00eb n\u00eb nivelin m\u00eb t\u00eb lart\u00eb. N\u00ebse d\u00ebshironi t\u00eb p\u00ebrjetoni nj\u00eb p\u00ebrvoj\u00eb sh\u00ebndet\u00ebsore t\u00eb ve\u00e7ant\u00eb me nj\u00eb qasje q\u00eb i vler\u00ebson sh\u00ebndetin tuaj, do t\u00eb ishim t\u00eb lumtur t&#8217;ju ofronim sh\u00ebrbimet tona si Quality Life Health.<\/p>\n<p>&#8221; font_container=&#8221;tag:p|text_align:left&#8221; use_theme_fonts=&#8221;yes&#8221;][\/vc_column][\/vc_row]\n","protected":false},"excerpt":{"rendered":"<p>[vc_row type=&#8221;in_container&#8221; full_screen_row_position=&#8221;middle&#8221; column_margin=&#8221;default&#8221; equal_height=&#8221;yes&#8221; content_placement=&#8221;middle&#8221; column_direction=&#8221;default&#8221; column_direction_tablet=&#8221;default&#8221; column_direction_phone=&#8221;default&#8221; bg_color=&#8221;#ffffff&#8221; scene_position=&#8221;center&#8221; text_color=&#8221;dark&#8221; text_align=&#8221;left&#8221; row_border_radius=&#8221;none&#8221; row_border_radius_applies=&#8221;bg&#8221; overflow=&#8221;visible&#8221; overlay_strength=&#8221;0.3&#8243; gradient_direction=&#8221;left_to_right&#8221; shape_divider_position=&#8221;bottom&#8221; bg_image_animation=&#8221;none&#8221; gradient_type=&#8221;default&#8221; shape_type=&#8221;&#8221;][vc_column column_padding=&#8221;padding-5-percent&#8221; column_padding_tablet=&#8221;inherit&#8221; column_padding_phone=&#8221;inherit&#8221; column_padding_position=&#8221;all&#8221; column_element_direction_desktop=&#8221;default&#8221; column_element_spacing=&#8221;default&#8221; desktop_text_alignment=&#8221;default&#8221; tablet_text_alignment=&#8221;default&#8221;&#8230;<\/p>\n","protected":false},"author":2,"featured_media":0,"parent":0,"menu_order":0,"comment_status":"closed","ping_status":"closed","template":"","meta":{"footnotes":""},"class_list":["post-6192","page","type-page","status-publish"],"_links":{"self":[{"href":"https:\/\/qualitylifehealth.com\/sq\/wp-json\/wp\/v2\/pages\/6192","targetHints":{"allow":["GET"]}}],"collection":[{"href":"https:\/\/qualitylifehealth.com\/sq\/wp-json\/wp\/v2\/pages"}],"about":[{"href":"https:\/\/qualitylifehealth.com\/sq\/wp-json\/wp\/v2\/types\/page"}],"author":[{"embeddable":true,"href":"https:\/\/qualitylifehealth.com\/sq\/wp-json\/wp\/v2\/users\/2"}],"replies":[{"embeddable":true,"href":"https:\/\/qualitylifehealth.com\/sq\/wp-json\/wp\/v2\/comments?post=6192"}],"version-history":[{"count":2,"href":"https:\/\/qualitylifehealth.com\/sq\/wp-json\/wp\/v2\/pages\/6192\/revisions"}],"predecessor-version":[{"id":6195,"href":"https:\/\/qualitylifehealth.com\/sq\/wp-json\/wp\/v2\/pages\/6192\/revisions\/6195"}],"wp:attachment":[{"href":"https:\/\/qualitylifehealth.com\/sq\/wp-json\/wp\/v2\/media?parent=6192"}],"curies":[{"name":"wp","href":"https:\/\/api.w.org\/{rel}","templated":true}]}}