{"id":6321,"date":"2023-11-28T15:33:42","date_gmt":"2023-11-28T12:33:42","guid":{"rendered":"https:\/\/qualitylifehealth.com\/burun-estetigi\/"},"modified":"2025-02-01T19:00:45","modified_gmt":"2025-02-01T16:00:45","slug":"rinoplastike","status":"publish","type":"page","link":"https:\/\/qualitylifehealth.com\/sq\/rinoplastike\/","title":{"rendered":"Rinoplastik\u00eb"},"content":{"rendered":"[vc_row type=&#8221;in_container&#8221; full_screen_row_position=&#8221;middle&#8221; column_margin=&#8221;default&#8221; equal_height=&#8221;yes&#8221; content_placement=&#8221;middle&#8221; column_direction=&#8221;default&#8221; column_direction_tablet=&#8221;default&#8221; column_direction_phone=&#8221;default&#8221; bg_color=&#8221;#ffffff&#8221; scene_position=&#8221;center&#8221; text_color=&#8221;dark&#8221; text_align=&#8221;left&#8221; row_border_radius=&#8221;none&#8221; row_border_radius_applies=&#8221;bg&#8221; overflow=&#8221;visible&#8221; overlay_strength=&#8221;0.3&#8243; gradient_direction=&#8221;left_to_right&#8221; shape_divider_position=&#8221;bottom&#8221; bg_image_animation=&#8221;none&#8221; gradient_type=&#8221;default&#8221; shape_type=&#8221;&#8221;][vc_column column_padding=&#8221;padding-5-percent&#8221; column_padding_tablet=&#8221;inherit&#8221; column_padding_phone=&#8221;inherit&#8221; column_padding_position=&#8221;all&#8221; column_element_direction_desktop=&#8221;default&#8221; column_element_spacing=&#8221;default&#8221; desktop_text_alignment=&#8221;default&#8221; tablet_text_alignment=&#8221;default&#8221; phone_text_alignment=&#8221;default&#8221; background_color_opacity=&#8221;1&#8243; background_hover_color_opacity=&#8221;1&#8243; column_backdrop_filter=&#8221;none&#8221; column_shadow=&#8221;none&#8221; column_border_radius=&#8221;none&#8221; column_link_target=&#8221;_self&#8221; column_position=&#8221;default&#8221; gradient_direction=&#8221;left_to_right&#8221; overlay_strength=&#8221;0.3&#8243; width=&#8221;1\/2&#8243; tablet_width_inherit=&#8221;default&#8221; animation_type=&#8221;default&#8221; bg_image_animation=&#8221;none&#8221; border_type=&#8221;simple&#8221; column_border_width=&#8221;none&#8221; column_border_style=&#8221;solid&#8221; column_padding_type=&#8221;default&#8221; gradient_type=&#8221;default&#8221;][vc_row_inner column_margin=&#8221;default&#8221; column_direction=&#8221;default&#8221; column_direction_tablet=&#8221;default&#8221; column_direction_phone=&#8221;default&#8221; text_align=&#8221;left&#8221; row_position=&#8221;default&#8221; row_position_tablet=&#8221;inherit&#8221; row_position_phone=&#8221;inherit&#8221; overflow=&#8221;visible&#8221; pointer_events=&#8221;all&#8221;][vc_column_inner column_padding=&#8221;no-extra-padding&#8221; column_padding_tablet=&#8221;inherit&#8221; column_padding_phone=&#8221;inherit&#8221; column_padding_position=&#8221;all&#8221; column_element_direction_desktop=&#8221;default&#8221; column_element_spacing=&#8221;default&#8221; desktop_text_alignment=&#8221;default&#8221; tablet_text_alignment=&#8221;default&#8221; phone_text_alignment=&#8221;default&#8221; background_color_opacity=&#8221;1&#8243; background_hover_color_opacity=&#8221;1&#8243; column_backdrop_filter=&#8221;none&#8221; column_shadow=&#8221;none&#8221; column_border_radius=&#8221;none&#8221; column_link_target=&#8221;_self&#8221; overflow=&#8221;visible&#8221; gradient_direction=&#8221;left_to_right&#8221; overlay_strength=&#8221;0.3&#8243; width=&#8221;1\/1&#8243; tablet_width_inherit=&#8221;default&#8221; animation_type=&#8221;default&#8221; enable_animation=&#8221;true&#8221; animation=&#8221;fade-in-from-bottom&#8221; animation_easing=&#8221;default&#8221; bg_image_animation=&#8221;none&#8221; border_type=&#8221;simple&#8221; column_border_width=&#8221;none&#8221; column_border_style=&#8221;solid&#8221;][vc_custom_heading text=&#8221;Rinoplastik\u00eb&#8221; font_container=&#8221;tag:h1|font_size:40|text_align:left|line_height:50px&#8221; use_theme_fonts=&#8221;yes&#8221;][vc_custom_heading text=&#8221;Rinoplastika ose operacioni i hund\u00ebs \u00ebsht\u00eb nj\u00eb procedur\u00eb kirurgjikale q\u00eb synon t\u00eb ndryshoj\u00eb form\u00ebn e hund\u00ebs.Ky operacion mund t\u00eb kryhet p\u00ebr t\u00eb korrigjuar deformimet e hund\u00ebs, p\u00ebr t\u00eb eliminuar defektet e lindura, p\u00ebr t\u00eb p\u00ebrmir\u00ebsuar pamjen fizike t\u00eb hund\u00ebs ose p\u00ebr t\u00eb leht\u00ebsuar frym\u00ebmarrjen duke korrigjuar disa probleme t\u00eb frym\u00ebmarrjes.N\u00eb disa raste, rinoplastika mund t\u00eb preferohet si p\u00ebr t\u00eb p\u00ebrmir\u00ebsuar frym\u00ebmarrjen ashtu edhe p\u00ebr t\u00eb p\u00ebrmir\u00ebsuar pamjen estetike.&#8221; font_container=&#8221;tag:p|text_align:left|color:rgba(10%2C10%2C10%2C0.6)&#8221; use_theme_fonts=&#8221;yes&#8221;][\/vc_column_inner][\/vc_row_inner][\/vc_column][vc_column column_padding=&#8221;no-extra-padding&#8221; column_padding_tablet=&#8221;inherit&#8221; column_padding_phone=&#8221;inherit&#8221; column_padding_position=&#8221;all&#8221; column_element_direction_desktop=&#8221;default&#8221; column_element_spacing=&#8221;default&#8221; desktop_text_alignment=&#8221;default&#8221; tablet_text_alignment=&#8221;default&#8221; phone_text_alignment=&#8221;default&#8221; background_color_opacity=&#8221;1&#8243; background_hover_color_opacity=&#8221;1&#8243; column_backdrop_filter=&#8221;none&#8221; column_shadow=&#8221;none&#8221; column_border_radius=&#8221;none&#8221; column_link_target=&#8221;_self&#8221; column_position=&#8221;default&#8221; gradient_direction=&#8221;left_to_right&#8221; overlay_strength=&#8221;0.3&#8243; width=&#8221;1\/2&#8243; tablet_width_inherit=&#8221;default&#8221; animation_type=&#8221;default&#8221; bg_image_animation=&#8221;none&#8221; border_type=&#8221;simple&#8221; column_border_width=&#8221;none&#8221; column_border_style=&#8221;solid&#8221; column_padding_type=&#8221;default&#8221; gradient_type=&#8221;default&#8221;][image_with_animation image_url=&#8221;712&#8243; image_size=&#8221;full&#8221; animation_type=&#8221;entrance&#8221; animation=&#8221;None&#8221; animation_movement_type=&#8221;transform_y&#8221; hover_animation=&#8221;none&#8221; alignment=&#8221;&#8221; border_radius=&#8221;20px&#8221; box_shadow=&#8221;none&#8221; image_loading=&#8221;default&#8221; max_width=&#8221;100%&#8221; max_width_mobile=&#8221;default&#8221;][\/vc_column][\/vc_row][vc_row type=&#8221;full_width_background&#8221; full_screen_row_position=&#8221;middle&#8221; column_margin=&#8221;default&#8221; column_direction=&#8221;default&#8221; column_direction_tablet=&#8221;default&#8221; column_direction_phone=&#8221;default&#8221; bg_color=&#8221;#f7f7f7&#8243; scene_position=&#8221;center&#8221; top_padding=&#8221;100&#8243; bottom_padding=&#8221;100&#8243; text_color=&#8221;dark&#8221; text_align=&#8221;left&#8221; row_border_radius=&#8221;none&#8221; row_border_radius_applies=&#8221;bg&#8221; overflow=&#8221;visible&#8221; overlay_strength=&#8221;0.3&#8243; gradient_direction=&#8221;left_to_right&#8221; shape_divider_position=&#8221;bottom&#8221; bg_image_animation=&#8221;none&#8221;][vc_column column_padding=&#8221;no-extra-padding&#8221; column_padding_tablet=&#8221;inherit&#8221; column_padding_phone=&#8221;inherit&#8221; column_padding_position=&#8221;all&#8221; column_element_direction_desktop=&#8221;default&#8221; column_element_spacing=&#8221;default&#8221; desktop_text_alignment=&#8221;default&#8221; tablet_text_alignment=&#8221;default&#8221; phone_text_alignment=&#8221;default&#8221; background_color_opacity=&#8221;1&#8243; background_hover_color_opacity=&#8221;1&#8243; column_backdrop_filter=&#8221;none&#8221; column_shadow=&#8221;none&#8221; column_border_radius=&#8221;none&#8221; column_link_target=&#8221;_self&#8221; column_position=&#8221;default&#8221; gradient_direction=&#8221;left_to_right&#8221; overlay_strength=&#8221;0.3&#8243; width=&#8221;1\/1&#8243; tablet_width_inherit=&#8221;default&#8221; animation_type=&#8221;default&#8221; bg_image_animation=&#8221;none&#8221; border_type=&#8221;simple&#8221; column_border_width=&#8221;none&#8221; column_border_style=&#8221;solid&#8221;][vc_column_text]\n<h2>Pyetjet e b\u00ebra m\u00eb shpesh rreth Rinoplastik\u00ebs<\/h2>\n[\/vc_column_text][toggles style=&#8221;minimal&#8221;][toggle color=&#8221;Default&#8221; heading_tag=&#8221;default&#8221; heading_tag_functionality=&#8221;default&#8221; title=&#8221;Si b\u00ebhet Rinoplastika?&#8221;][vc_column_text]Fillimisht b\u00ebhet nj\u00eb planifikim i p\u00ebrshtatsh\u00ebm p\u00ebr d\u00ebshirat e pacientit. Diskutohen pritshm\u00ebrit\u00eb e pacientit dhe vendoset forma e hund\u00ebs q\u00eb do t\u00eb realizohet. Pasi merret vendimi, fillojn\u00eb procedurat.<\/p>\n<p>Para operacionit, pacientit i jepet anestezi e p\u00ebrgjithshme. Kirurgu p\u00ebrcakton vendndodhjen e prerjeve sipas teknik\u00ebs s\u00eb zgjedhur p\u00ebr rinoplastik\u00eb (rinoplastik\u00eb e hapur ose e mbyllur). N\u00eb metod\u00ebn e rinoplastik\u00ebs s\u00eb hapur, b\u00ebhet nj\u00eb prerje e vog\u00ebl jasht\u00eb vrimave t\u00eb hund\u00ebs, nd\u00ebrsa n\u00eb metod\u00ebn e rinoplastik\u00ebs s\u00eb mbyllur, prerjet b\u00ebhen nga brenda vrimave t\u00eb hund\u00ebs.<br \/>\nN\u00ebp\u00ebrmjet k\u00ebtyre prerjeve, arrihet te indi i hund\u00ebs. Kirurgu rimodelon kockat e hund\u00ebs ose indin k\u00ebrcor duke i prer\u00eb dhe riform\u00ebsuar. N\u00eb fund t\u00eb operacionit, p\u00ebr t\u00eb ruajtur form\u00ebn e re t\u00eb hund\u00ebs, qepen qepje rreth hund\u00ebs dhe aplikohet all\u00e7i ose nj\u00eb mb\u00ebshtet\u00ebse. Pas rreth nj\u00eb jave, all\u00e7ia dhe qepjet hiqen.[\/vc_column_text][\/toggle][toggle color=&#8221;Default&#8221; heading_tag=&#8221;default&#8221; heading_tag_functionality=&#8221;default&#8221; title=&#8221;\u00c7far\u00eb duhet pasur parasysh pas Rinoplastik\u00ebs?&#8221;][vc_column_text]Pas operacionit t\u00eb hund\u00ebs, pacient\u00ebt zakonisht largohen nga spitali brenda nj\u00eb dite. Pacient\u00ebt q\u00eb b\u00ebjn\u00eb rinoplastik\u00eb duhet t\u00eb jen\u00eb shum\u00eb t\u00eb kujdessh\u00ebm me ushqimin, t\u00eb shmangin duhanin dhe t\u00eb mbrojn\u00eb hund\u00ebn nga goditjet. Pas rinoplastik\u00ebs, p\u00ebr t\u00eb zvog\u00ebluar gjakderdhjen dhe \u00ebnjtjen, \u00ebsht\u00eb e nevojshme t\u00eb pushoni duke fjetur n\u00eb nj\u00eb pozicion ku koka \u00ebsht\u00eb m\u00eb e lart\u00eb se gjoksi. P\u00ebr t\u00eb pakt\u00ebn kat\u00ebr jav\u00eb pas operacionit, nuk duhet t\u00eb mbahen syze ose syze dielli mbi hund\u00eb. Derisa hunda t\u00eb sh\u00ebrohet, syzet mund t\u00eb ngjiten n\u00eb ball\u00eb me nj\u00eb shirit. Kur jeni jasht\u00eb, sidomos mbi hund\u00eb, duhet t\u00eb p\u00ebrdoret nj\u00eb krem dielli me faktor mbrojt\u00ebs SPF 30.[\/vc_column_text][\/toggle][toggle color=&#8221;Default&#8221; heading_tag=&#8221;default&#8221; heading_tag_functionality=&#8221;default&#8221; title=&#8221;A ka kufizim moshe p\u00ebr Rinoplastik\u00ebn?&#8221;][vc_column_text]Rinoplastika nuk rekomandohet p\u00ebr adoleshent\u00ebt q\u00eb nuk kan\u00eb p\u00ebrfunduar zhvillimin e tyre. Kirurgjia mund t\u00eb b\u00ebhet n\u00eb mosh\u00eb t\u00eb vog\u00ebl p\u00ebr problemet funksionale t\u00eb hund\u00ebs, por p\u00ebr q\u00ebllime estetike zakonisht preferohet t\u00eb pritet deri n\u00eb mosh\u00ebn 18 vje\u00e7.[\/vc_column_text][\/toggle][toggle color=&#8221;Default&#8221; heading_tag=&#8221;default&#8221; heading_tag_functionality=&#8221;default&#8221; title=&#8221;Sa zgjat operacioni i Rinoplastik\u00ebs?&#8221;][vc_column_text]Koh\u00ebzgjatja e operacionit t\u00eb rinoplastik\u00ebs ndryshon n\u00eb var\u00ebsi t\u00eb gjendjes s\u00eb pacientit, kompleksitetit t\u00eb operacionit dhe p\u00ebrvoj\u00ebs s\u00eb kirurgut. Megjithat\u00eb, mesatarisht, operacioni zgjat nga 1 deri n\u00eb 4 or\u00eb.[\/vc_column_text][\/toggle][toggle color=&#8221;Default&#8221; heading_tag=&#8221;default&#8221; heading_tag_functionality=&#8221;default&#8221; title=&#8221;\u00c7far\u00eb \u00ebsht\u00eb Rinoplastika pa operacion?&#8221;][vc_column_text]Rinoplastika pa operacion \u00ebsht\u00eb nj\u00eb opsion p\u00ebr individ\u00ebt me hund\u00eb asimetrike. Gjithashtu, personat me maj\u00eb t\u00eb ul\u00ebt t\u00eb hund\u00ebs mund t\u00eb preferojn\u00eb k\u00ebt\u00eb metod\u00eb. N\u00eb k\u00ebt\u00eb lloj procedure, nuk b\u00ebhet asnj\u00eb nd\u00ebrhyrje n\u00eb kock\u00ebn e hund\u00ebs. Forma e pjes\u00ebs s\u00eb p\u00ebrparme t\u00eb hund\u00ebs ndryshohet vet\u00ebm duke p\u00ebrdorur material mbush\u00ebs.[\/vc_column_text][\/toggle][toggle color=&#8221;Default&#8221; heading_tag=&#8221;default&#8221; heading_tag_functionality=&#8221;default&#8221; title=&#8221;Sa dit\u00eb duhet q\u00eb hunda t\u00eb sh\u00ebrohet pas operacionit t\u00eb Rinoplastik\u00ebs?&#8221;][vc_column_text]Koha e sh\u00ebrimit ndryshon nga personi n\u00eb person, por zakonisht zgjat disa muaj. Duhen disa muaj q\u00eb rezultatet e operacionit t\u00eb jen\u00eb t\u00eb dukshme. Gjat\u00eb k\u00ebsaj periudhe, \u00ebsht\u00eb shum\u00eb e r\u00ebnd\u00ebsishme t\u00eb ndiqni rekomandimet e kirurgut tuaj p\u00ebr nj\u00eb proces sh\u00ebrimi t\u00eb suksessh\u00ebm.[\/vc_column_text][\/toggle][toggle color=&#8221;Default&#8221; heading_tag=&#8221;default&#8221; heading_tag_functionality=&#8221;default&#8221; title=&#8221;A ka shum\u00eb dhimbje pas operacionit t\u00eb Rinoplastik\u00ebs?&#8221;][vc_column_text]Niveli i dhimbjes ndryshon nga personi n\u00eb person. Tek pacient\u00ebt me struktur\u00eb t\u00eb trash\u00eb t\u00eb hund\u00ebs, mavijosja mund t\u00eb ndodh\u00eb m\u00eb shpesh sesa tek ata me struktur\u00eb t\u00eb thjesht\u00eb t\u00eb hund\u00ebs. Edhe n\u00ebse ndodhin disa mavijosje t\u00eb vogla, ato zakonisht largohen vet\u00eb brenda nj\u00eb jave.[\/vc_column_text][\/toggle][toggle color=&#8221;Default&#8221; heading_tag=&#8221;default&#8221; heading_tag_functionality=&#8221;default&#8221; title=&#8221;A p\u00ebrdoret Photoshop para operacionit t\u00eb hund\u00ebs?&#8221;][vc_column_text]Gjat\u00eb konsult\u00ebs para operacionit, b\u00ebhen foto t\u00eb hund\u00ebs s\u00eb pacientit dhe realizohen modifikime me Photoshop n\u00eb p\u00ebrputhje me mendimet e pacientit. K\u00ebshtu, pacienti mund t\u00eb marr\u00eb nj\u00eb ide m\u00eb t\u00eb qart\u00eb se si do t\u00eb duket hunda pas operacionit.[\/vc_column_text][\/toggle][toggle color=&#8221;Default&#8221; heading_tag=&#8221;default&#8221; heading_tag_functionality=&#8221;default&#8221; title=&#8221;A e ndryshon Rinoplastika shprehjen e fytyr\u00ebs?&#8221;][vc_column_text]Duke qen\u00eb se hunda ndodhet n\u00eb qend\u00ebr t\u00eb fytyr\u00ebs, ajo ndikon n\u00eb shprehjen e fytyr\u00ebs. P\u00ebr k\u00ebt\u00eb arsye, \u00e7do ndryshim n\u00eb hund\u00eb mund t\u00eb ndryshoj\u00eb shprehjen e p\u00ebrgjithshme t\u00eb fytyr\u00ebs. Megjithat\u00eb, fytyra \u00ebsht\u00eb nj\u00eb t\u00ebr\u00ebsi, k\u00ebshtu q\u00eb rinoplastika nuk ndryshon t\u00ebr\u00ebsisht shprehjen e fytyr\u00ebs.[\/vc_column_text][\/toggle][toggle color=&#8221;Default&#8221; heading_tag=&#8221;default&#8221; heading_tag_functionality=&#8221;default&#8221; title=&#8221;\u00c7far\u00eb \u00ebsht\u00eb Rinoplastika e Revizionit?&#8221;][vc_column_text]Pas operacioneve t\u00eb hund\u00ebs, mund t\u00eb ndodhin probleme anatomike si devijime ose asimetri, si dhe probleme funksionale si bllokimi i hund\u00ebs. Gjithashtu, n\u00ebse rezultati estetik nuk \u00ebsht\u00eb si\u00e7 pritej, mund t\u00eb kryhet nj\u00eb nd\u00ebrhyrje e dyt\u00eb ose m\u00eb shum\u00eb, e njohur si rinoplastik\u00eb e revizionit.[\/vc_column_text][\/toggle][\/toggles][\/vc_column][\/vc_row]\n","protected":false},"excerpt":{"rendered":"<p>[vc_row type=&#8221;in_container&#8221; full_screen_row_position=&#8221;middle&#8221; column_margin=&#8221;default&#8221; equal_height=&#8221;yes&#8221; content_placement=&#8221;middle&#8221; column_direction=&#8221;default&#8221; column_direction_tablet=&#8221;default&#8221; column_direction_phone=&#8221;default&#8221; bg_color=&#8221;#ffffff&#8221; scene_position=&#8221;center&#8221; text_color=&#8221;dark&#8221; text_align=&#8221;left&#8221; row_border_radius=&#8221;none&#8221; row_border_radius_applies=&#8221;bg&#8221; overflow=&#8221;visible&#8221; overlay_strength=&#8221;0.3&#8243; gradient_direction=&#8221;left_to_right&#8221; shape_divider_position=&#8221;bottom&#8221; bg_image_animation=&#8221;none&#8221; gradient_type=&#8221;default&#8221; shape_type=&#8221;&#8221;][vc_column column_padding=&#8221;padding-5-percent&#8221; column_padding_tablet=&#8221;inherit&#8221; column_padding_phone=&#8221;inherit&#8221; column_padding_position=&#8221;all&#8221; column_element_direction_desktop=&#8221;default&#8221; column_element_spacing=&#8221;default&#8221; desktop_text_alignment=&#8221;default&#8221; tablet_text_alignment=&#8221;default&#8221;&#8230;<\/p>\n","protected":false},"author":2,"featured_media":0,"parent":0,"menu_order":0,"comment_status":"closed","ping_status":"closed","template":"","meta":{"footnotes":""},"class_list":["post-6321","page","type-page","status-publish"],"_links":{"self":[{"href":"https:\/\/qualitylifehealth.com\/sq\/wp-json\/wp\/v2\/pages\/6321","targetHints":{"allow":["GET"]}}],"collection":[{"href":"https:\/\/qualitylifehealth.com\/sq\/wp-json\/wp\/v2\/pages"}],"about":[{"href":"https:\/\/qualitylifehealth.com\/sq\/wp-json\/wp\/v2\/types\/page"}],"author":[{"embeddable":true,"href":"https:\/\/qualitylifehealth.com\/sq\/wp-json\/wp\/v2\/users\/2"}],"replies":[{"embeddable":true,"href":"https:\/\/qualitylifehealth.com\/sq\/wp-json\/wp\/v2\/comments?post=6321"}],"version-history":[{"count":3,"href":"https:\/\/qualitylifehealth.com\/sq\/wp-json\/wp\/v2\/pages\/6321\/revisions"}],"predecessor-version":[{"id":6325,"href":"https:\/\/qualitylifehealth.com\/sq\/wp-json\/wp\/v2\/pages\/6321\/revisions\/6325"}],"wp:attachment":[{"href":"https:\/\/qualitylifehealth.com\/sq\/wp-json\/wp\/v2\/media?parent=6321"}],"curies":[{"name":"wp","href":"https:\/\/api.w.org\/{rel}","templated":true}]}}