{"id":6336,"date":"2023-11-29T15:50:10","date_gmt":"2023-11-29T12:50:10","guid":{"rendered":"https:\/\/qualitylifehealth.com\/sirt-germe\/"},"modified":"2025-02-01T19:43:36","modified_gmt":"2025-02-01T16:43:36","slug":"lifting-i-shpines","status":"publish","type":"page","link":"https:\/\/qualitylifehealth.com\/sq\/lifting-i-shpines\/","title":{"rendered":"Lifting i shpin\u00ebs"},"content":{"rendered":"[vc_row type=&#8221;in_container&#8221; full_screen_row_position=&#8221;middle&#8221; column_margin=&#8221;default&#8221; equal_height=&#8221;yes&#8221; content_placement=&#8221;middle&#8221; column_direction=&#8221;default&#8221; column_direction_tablet=&#8221;default&#8221; column_direction_phone=&#8221;default&#8221; bg_color=&#8221;#ffffff&#8221; scene_position=&#8221;center&#8221; text_color=&#8221;dark&#8221; text_align=&#8221;left&#8221; row_border_radius=&#8221;none&#8221; row_border_radius_applies=&#8221;bg&#8221; overflow=&#8221;visible&#8221; overlay_strength=&#8221;0.3&#8243; gradient_direction=&#8221;left_to_right&#8221; shape_divider_position=&#8221;bottom&#8221; bg_image_animation=&#8221;none&#8221; gradient_type=&#8221;default&#8221; shape_type=&#8221;&#8221;][vc_column column_padding=&#8221;padding-5-percent&#8221; column_padding_tablet=&#8221;inherit&#8221; column_padding_phone=&#8221;inherit&#8221; column_padding_position=&#8221;all&#8221; column_element_direction_desktop=&#8221;default&#8221; column_element_spacing=&#8221;default&#8221; desktop_text_alignment=&#8221;default&#8221; tablet_text_alignment=&#8221;default&#8221; phone_text_alignment=&#8221;default&#8221; background_color_opacity=&#8221;1&#8243; background_hover_color_opacity=&#8221;1&#8243; column_backdrop_filter=&#8221;none&#8221; column_shadow=&#8221;none&#8221; column_border_radius=&#8221;none&#8221; column_link_target=&#8221;_self&#8221; column_position=&#8221;default&#8221; gradient_direction=&#8221;left_to_right&#8221; overlay_strength=&#8221;0.3&#8243; width=&#8221;1\/2&#8243; tablet_width_inherit=&#8221;default&#8221; animation_type=&#8221;default&#8221; bg_image_animation=&#8221;none&#8221; border_type=&#8221;simple&#8221; column_border_width=&#8221;none&#8221; column_border_style=&#8221;solid&#8221; column_padding_type=&#8221;default&#8221; gradient_type=&#8221;default&#8221;][vc_row_inner column_margin=&#8221;default&#8221; column_direction=&#8221;default&#8221; column_direction_tablet=&#8221;default&#8221; column_direction_phone=&#8221;default&#8221; text_align=&#8221;left&#8221; row_position=&#8221;default&#8221; row_position_tablet=&#8221;inherit&#8221; row_position_phone=&#8221;inherit&#8221; overflow=&#8221;visible&#8221; pointer_events=&#8221;all&#8221;][vc_column_inner column_padding=&#8221;no-extra-padding&#8221; column_padding_tablet=&#8221;inherit&#8221; column_padding_phone=&#8221;inherit&#8221; column_padding_position=&#8221;all&#8221; column_element_direction_desktop=&#8221;default&#8221; column_element_spacing=&#8221;default&#8221; desktop_text_alignment=&#8221;default&#8221; tablet_text_alignment=&#8221;default&#8221; phone_text_alignment=&#8221;default&#8221; background_color_opacity=&#8221;1&#8243; background_hover_color_opacity=&#8221;1&#8243; column_backdrop_filter=&#8221;none&#8221; column_shadow=&#8221;none&#8221; column_border_radius=&#8221;none&#8221; column_link_target=&#8221;_self&#8221; overflow=&#8221;visible&#8221; gradient_direction=&#8221;left_to_right&#8221; overlay_strength=&#8221;0.3&#8243; width=&#8221;1\/1&#8243; tablet_width_inherit=&#8221;default&#8221; animation_type=&#8221;default&#8221; enable_animation=&#8221;true&#8221; animation=&#8221;fade-in-from-bottom&#8221; animation_easing=&#8221;default&#8221; bg_image_animation=&#8221;none&#8221; border_type=&#8221;simple&#8221; column_border_width=&#8221;none&#8221; column_border_style=&#8221;solid&#8221;][vc_custom_heading text=&#8221;Lifting i shpin\u00ebs&#8221; font_container=&#8221;tag:h1|font_size:40|text_align:left|line_height:50px&#8221; use_theme_fonts=&#8221;yes&#8221;][vc_custom_heading text=&#8221;Operacioni i liftingut t\u00eb shpin\u00ebs \u00ebsht\u00eb nj\u00eb procedur\u00eb kirurgjikale q\u00eb zakonisht kryhet pas humbjes s\u00eb pesh\u00ebs ose pas liposuksionit p\u00ebr t\u00eb hequr l\u00ebkur\u00ebn e tep\u00ebrt n\u00eb zon\u00ebn e shpin\u00ebs. Me k\u00ebt\u00eb operacion, zonat e varura dhe me shtresa t\u00eb tep\u00ebrta b\u00ebhen m\u00eb t\u00eb l\u00ebmuara dhe t\u00eb forta. N\u00eb k\u00ebt\u00eb m\u00ebnyr\u00eb, mund t\u00eb arrini nj\u00eb pamje m\u00eb t\u00eb tonifikuar dhe t\u00eb shesht\u00eb t\u00eb shpin\u00ebs.<\/p>\n<p>L\u00ebkura e tep\u00ebrt n\u00eb zon\u00ebn e shpin\u00ebs mund t\u00eb krijoj\u00eb shqet\u00ebsime n\u00ebn rrobat tuaja. P\u00ebr t\u00eb p\u00ebrmir\u00ebsuar k\u00ebt\u00eb pamje dhe p\u00ebr t\u00eb arritur form\u00ebn e d\u00ebshiruar t\u00eb trupit tuaj, mund t\u00eb zgjidhni **Quality Life Health Travel**.&#8221; font_container=&#8221;tag:p|text_align:left|color:rgba(10%2C10%2C10%2C0.6)&#8221; use_theme_fonts=&#8221;yes&#8221;][\/vc_column_inner][\/vc_row_inner][\/vc_column][vc_column column_padding=&#8221;no-extra-padding&#8221; column_padding_tablet=&#8221;inherit&#8221; column_padding_phone=&#8221;inherit&#8221; column_padding_position=&#8221;all&#8221; column_element_direction_desktop=&#8221;default&#8221; column_element_spacing=&#8221;default&#8221; desktop_text_alignment=&#8221;default&#8221; tablet_text_alignment=&#8221;default&#8221; phone_text_alignment=&#8221;default&#8221; background_color_opacity=&#8221;1&#8243; background_hover_color_opacity=&#8221;1&#8243; column_backdrop_filter=&#8221;none&#8221; column_shadow=&#8221;none&#8221; column_border_radius=&#8221;none&#8221; column_link_target=&#8221;_self&#8221; column_position=&#8221;default&#8221; gradient_direction=&#8221;left_to_right&#8221; overlay_strength=&#8221;0.3&#8243; width=&#8221;1\/2&#8243; tablet_width_inherit=&#8221;default&#8221; animation_type=&#8221;default&#8221; bg_image_animation=&#8221;none&#8221; border_type=&#8221;simple&#8221; column_border_width=&#8221;none&#8221; column_border_style=&#8221;solid&#8221; column_padding_type=&#8221;default&#8221; gradient_type=&#8221;default&#8221;][image_with_animation image_url=&#8221;718&#8243; image_size=&#8221;full&#8221; animation_type=&#8221;entrance&#8221; animation=&#8221;None&#8221; animation_movement_type=&#8221;transform_y&#8221; hover_animation=&#8221;none&#8221; alignment=&#8221;&#8221; border_radius=&#8221;20px&#8221; box_shadow=&#8221;none&#8221; image_loading=&#8221;default&#8221; max_width=&#8221;100%&#8221; max_width_mobile=&#8221;default&#8221;][\/vc_column][\/vc_row][vc_row type=&#8221;full_width_background&#8221; full_screen_row_position=&#8221;middle&#8221; column_margin=&#8221;default&#8221; column_direction=&#8221;default&#8221; column_direction_tablet=&#8221;default&#8221; column_direction_phone=&#8221;default&#8221; bg_color=&#8221;#f7f7f7&#8243; scene_position=&#8221;center&#8221; top_padding=&#8221;100&#8243; bottom_padding=&#8221;100&#8243; text_color=&#8221;dark&#8221; text_align=&#8221;left&#8221; row_border_radius=&#8221;none&#8221; row_border_radius_applies=&#8221;bg&#8221; overflow=&#8221;visible&#8221; overlay_strength=&#8221;0.3&#8243; gradient_direction=&#8221;left_to_right&#8221; shape_divider_position=&#8221;bottom&#8221; bg_image_animation=&#8221;none&#8221;][vc_column column_padding=&#8221;no-extra-padding&#8221; column_padding_tablet=&#8221;inherit&#8221; column_padding_phone=&#8221;inherit&#8221; column_padding_position=&#8221;all&#8221; column_element_direction_desktop=&#8221;default&#8221; column_element_spacing=&#8221;default&#8221; desktop_text_alignment=&#8221;default&#8221; tablet_text_alignment=&#8221;default&#8221; phone_text_alignment=&#8221;default&#8221; background_color_opacity=&#8221;1&#8243; background_hover_color_opacity=&#8221;1&#8243; column_backdrop_filter=&#8221;none&#8221; column_shadow=&#8221;none&#8221; column_border_radius=&#8221;none&#8221; column_link_target=&#8221;_self&#8221; column_position=&#8221;default&#8221; gradient_direction=&#8221;left_to_right&#8221; overlay_strength=&#8221;0.3&#8243; width=&#8221;1\/1&#8243; tablet_width_inherit=&#8221;default&#8221; animation_type=&#8221;default&#8221; bg_image_animation=&#8221;none&#8221; border_type=&#8221;simple&#8221; column_border_width=&#8221;none&#8221; column_border_style=&#8221;solid&#8221;][vc_column_text]\n<h2>Pyetjet e b\u00ebra m\u00eb shpesh rreth Liftingut t\u00eb Shpin\u00ebs<\/h2>\n[\/vc_column_text][toggles style=&#8221;minimal&#8221;][toggle color=&#8221;Default&#8221; heading_tag=&#8221;default&#8221; heading_tag_functionality=&#8221;default&#8221; title=&#8221;Kush mund t&#8217;i n\u00ebnshtrohet operacionit t\u00eb liftingut t\u00eb shpin\u00ebs?&#8221;][vc_column_text]Operacioni i liftingut t\u00eb shpin\u00ebs mund t\u00eb kryhet tek pacient\u00ebt q\u00eb kan\u00eb l\u00ebkur\u00eb t\u00eb varur n\u00eb zon\u00ebn e shpin\u00ebs dhe humbje t\u00eb tonifikimit t\u00eb muskujve t\u00eb shpin\u00ebs, si dhe ata q\u00eb kan\u00eb tepric\u00eb t\u00eb dukshme t\u00eb l\u00ebkur\u00ebs dhe indit n\u00ebnl\u00ebkuror q\u00eb del nga rrobat e tyre si rroba banje apo fustane.<br \/>\n[\/vc_column_text][\/toggle][toggle color=&#8221;Default&#8221; heading_tag=&#8221;default&#8221; heading_tag_functionality=&#8221;default&#8221; title=&#8221;Si kryhet operacioni i liftingut t\u00eb shpin\u00ebs?&#8221;][vc_column_text]Operacioni i liftingut t\u00eb shpin\u00ebs realizohet n\u00ebn anestezi t\u00eb p\u00ebrgjithshme. Gjat\u00eb procedur\u00ebs, dhjami i tep\u00ebrt hiqet nga zonat si n\u00ebn sqetulla, an\u00ebt e gjoksit, mbi tehun e shpatullave dhe p\u00ebrgjat\u00eb linj\u00ebs s\u00eb re\u00e7ipetave. Ky proces kryhet p\u00ebr t\u00eb tonifikuar dhe forcuar zon\u00ebn e shpin\u00ebs. Ve\u00e7an\u00ebrisht tek pacient\u00ebt q\u00eb kan\u00eb humbur shum\u00eb pesh\u00eb, kur vet\u00ebm liposuksioni nuk \u00ebsht\u00eb i mjaftuesh\u00ebm, hiqet edhe l\u00ebkura e tep\u00ebrt nga zona e re\u00e7ipetave deri tek tehu i shpatullave dhe aplikohet procedura e shtr\u00ebngimit t\u00eb l\u00ebkur\u00ebs.<\/p>\n<p>Pas operacionit, n\u00eb zon\u00ebn e trajtuar vendosen fasha ngjit\u00ebse dhe pacientit i vendoset nj\u00eb korse trupore.<br \/>\n[\/vc_column_text][\/toggle][toggle color=&#8221;Default&#8221; heading_tag=&#8221;default&#8221; heading_tag_functionality=&#8221;default&#8221; title=&#8221;\u00c7far\u00eb duhet t\u00eb keni parasysh pas operacionit t\u00eb liftingut t\u00eb shpin\u00ebs?&#8221;][vc_column_text]Pas operacionit, n\u00eb zon\u00ebn e trajtuar vendosen fasha ngjit\u00ebse dhe pacienti duhet t\u00eb mbaj\u00eb nj\u00eb korse trupore. P\u00ebr t\u00eb zvog\u00ebluar rrezikun e infeksionit dhe p\u00ebr t\u00eb siguruar sh\u00ebrimin e sh\u00ebndetsh\u00ebm t\u00eb plag\u00ebs, \u00ebsht\u00eb e r\u00ebnd\u00ebsishme q\u00eb pacienti t\u00eb p\u00ebrdor\u00eb rregullisht ila\u00e7et e p\u00ebrshkruara nga mjeku.<\/p>\n<p>N\u00eb dit\u00ebt e para pas operacionit, mavijosja, \u00ebnjtja, mpirja dhe nj\u00eb dhimbje e leht\u00eb jan\u00eb t\u00eb zakonshme. Ila\u00e7et kund\u00ebr dhimbjeve t\u00eb p\u00ebrshkruara ndihmojn\u00eb p\u00ebr t\u00eb leht\u00ebsuar k\u00ebt\u00eb proces. \u00cbsht\u00eb shum\u00eb e r\u00ebnd\u00ebsishme q\u00eb t\u00eb ndiqni me kujdes udh\u00ebzimet e kujdesit pas operacionit p\u00ebr nj\u00eb rikuperim t\u00eb suksessh\u00ebm. P\u00ebr t\u00eb ndihmuar n\u00eb sh\u00ebrimin e plag\u00ebve, duhet t\u00eb kufizoni l\u00ebvizjet e pjes\u00ebs s\u00eb sip\u00ebrme t\u00eb trupit dhe t\u00eb shmangni ngritjen e peshave t\u00eb r\u00ebnda. Shumica e pacient\u00ebve mund t\u00eb kthehen n\u00eb jet\u00ebn e tyre t\u00eb p\u00ebrditshme brenda nj\u00eb muaji. Rezultatet p\u00ebrfundimtare b\u00ebhen m\u00eb t\u00eb dukshme brenda kat\u00ebr deri n\u00eb gjasht\u00eb muaj, kur \u00ebnjtja bie plot\u00ebsisht.<br \/>\n[\/vc_column_text][\/toggle][toggle color=&#8221;Default&#8221; heading_tag=&#8221;default&#8221; heading_tag_functionality=&#8221;default&#8221; title=&#8221;Pas sa dit\u00ebsh mund t\u00eb kthehem n\u00eb pun\u00eb pas operacionit t\u00eb liftingut t\u00eb shpin\u00ebs?&#8221;][vc_column_text]Zakonisht, pacient\u00ebt mund t\u00eb kthehen n\u00eb pun\u00eb brenda nj\u00eb jave pas operacionit t\u00eb liftingut t\u00eb shpin\u00ebs.<br \/>\n[\/vc_column_text][\/toggle][toggle color=&#8221;Default&#8221; heading_tag=&#8221;default&#8221; heading_tag_functionality=&#8221;default&#8221; title=&#8221;Sa zgjat operacioni i liftingut t\u00eb shpin\u00ebs?&#8221;][vc_column_text]Operacioni i liftingut t\u00eb shpin\u00ebs zakonisht zgjat nga 2 deri n\u00eb 2.5 or\u00eb.<br \/>\n[\/vc_column_text][\/toggle][toggle color=&#8221;Default&#8221; heading_tag=&#8221;default&#8221; heading_tag_functionality=&#8221;default&#8221; title=&#8221;A ka dhimbje pas operacionit t\u00eb liftingut t\u00eb shpin\u00ebs?&#8221;][vc_column_text]Gjat\u00eb operacionit t\u00eb liftingut t\u00eb shpin\u00ebs, pacient\u00ebt nuk ndiejn\u00eb asnj\u00eb dhimbje, pasi procedura kryhet n\u00ebn anestezi t\u00eb p\u00ebrgjithshme. Pas operacionit, mund t\u00eb ket\u00eb nj\u00eb ndjesi t\u00eb leht\u00eb dhimbjeje, por kjo zakonisht kontrollohet leht\u00ebsisht me ila\u00e7et kund\u00ebr dhimbjeve t\u00eb p\u00ebrshkruara nga mjeku.<br \/>\n[\/vc_column_text][\/toggle][toggle color=&#8221;Default&#8221; heading_tag=&#8221;default&#8221; heading_tag_functionality=&#8221;default&#8221; title=&#8221;A mbeten shenja pas operacionit t\u00eb liftingut t\u00eb shpin\u00ebs?&#8221;][vc_column_text]Gjat\u00eb operacionit t\u00eb liftingut t\u00eb shpin\u00ebs, p\u00ebrdoren qepje estetike t\u00eb absorbueshme, q\u00eb nuk k\u00ebrkojn\u00eb heqje dhe reduktojn\u00eb shenjat e dukshme. P\u00ebr m\u00eb tep\u00ebr, shenjat e operacionit vendosen n\u00eb zona t\u00eb mbuluara nga veshjet e brendshme, duke mos qen\u00eb t\u00eb dukshme. Megjith\u00ebse shenjat e plag\u00ebve ndryshojn\u00eb n\u00eb var\u00ebsi t\u00eb struktur\u00ebs s\u00eb l\u00ebkur\u00ebs s\u00eb pacientit, ato zakonisht zbehen brenda 9-12 muajve.<br \/>\n[\/vc_column_text][\/toggle][toggle color=&#8221;Default&#8221; heading_tag=&#8221;default&#8221; heading_tag_functionality=&#8221;default&#8221; title=&#8221;A ka nj\u00eb kufizim moshe p\u00ebr operacionin e liftingut t\u00eb shpin\u00ebs?&#8221;][vc_column_text]Operacioni i liftingut t\u00eb shpin\u00ebs mund t\u00eb kryhet tek pacient\u00ebt mbi 18 vje\u00e7, p\u00ebr sa koh\u00eb q\u00eb nuk kan\u00eb ndonj\u00eb problem sh\u00ebndet\u00ebsor q\u00eb pengon nd\u00ebrhyrjen kirurgjikale.<br \/>\n[\/vc_column_text][\/toggle][\/toggles][\/vc_column][\/vc_row]\n","protected":false},"excerpt":{"rendered":"<p>[vc_row type=&#8221;in_container&#8221; full_screen_row_position=&#8221;middle&#8221; column_margin=&#8221;default&#8221; equal_height=&#8221;yes&#8221; content_placement=&#8221;middle&#8221; column_direction=&#8221;default&#8221; column_direction_tablet=&#8221;default&#8221; column_direction_phone=&#8221;default&#8221; bg_color=&#8221;#ffffff&#8221; scene_position=&#8221;center&#8221; text_color=&#8221;dark&#8221; text_align=&#8221;left&#8221; row_border_radius=&#8221;none&#8221; row_border_radius_applies=&#8221;bg&#8221; overflow=&#8221;visible&#8221; overlay_strength=&#8221;0.3&#8243; gradient_direction=&#8221;left_to_right&#8221; shape_divider_position=&#8221;bottom&#8221; bg_image_animation=&#8221;none&#8221; gradient_type=&#8221;default&#8221; shape_type=&#8221;&#8221;][vc_column column_padding=&#8221;padding-5-percent&#8221; column_padding_tablet=&#8221;inherit&#8221; column_padding_phone=&#8221;inherit&#8221; column_padding_position=&#8221;all&#8221; column_element_direction_desktop=&#8221;default&#8221; column_element_spacing=&#8221;default&#8221; desktop_text_alignment=&#8221;default&#8221; tablet_text_alignment=&#8221;default&#8221;&#8230;<\/p>\n","protected":false},"author":2,"featured_media":0,"parent":0,"menu_order":0,"comment_status":"closed","ping_status":"closed","template":"","meta":{"footnotes":""},"class_list":["post-6336","page","type-page","status-publish"],"_links":{"self":[{"href":"https:\/\/qualitylifehealth.com\/sq\/wp-json\/wp\/v2\/pages\/6336","targetHints":{"allow":["GET"]}}],"collection":[{"href":"https:\/\/qualitylifehealth.com\/sq\/wp-json\/wp\/v2\/pages"}],"about":[{"href":"https:\/\/qualitylifehealth.com\/sq\/wp-json\/wp\/v2\/types\/page"}],"author":[{"embeddable":true,"href":"https:\/\/qualitylifehealth.com\/sq\/wp-json\/wp\/v2\/users\/2"}],"replies":[{"embeddable":true,"href":"https:\/\/qualitylifehealth.com\/sq\/wp-json\/wp\/v2\/comments?post=6336"}],"version-history":[{"count":3,"href":"https:\/\/qualitylifehealth.com\/sq\/wp-json\/wp\/v2\/pages\/6336\/revisions"}],"predecessor-version":[{"id":6340,"href":"https:\/\/qualitylifehealth.com\/sq\/wp-json\/wp\/v2\/pages\/6336\/revisions\/6340"}],"wp:attachment":[{"href":"https:\/\/qualitylifehealth.com\/sq\/wp-json\/wp\/v2\/media?parent=6336"}],"curies":[{"name":"wp","href":"https:\/\/api.w.org\/{rel}","templated":true}]}}