{"id":6403,"date":"2023-11-27T16:05:42","date_gmt":"2023-11-27T13:05:42","guid":{"rendered":"https:\/\/qualitylifehealth.com\/dis-implanti\/"},"modified":"2025-02-03T23:23:32","modified_gmt":"2025-02-03T20:23:32","slug":"implanti-dentar","status":"publish","type":"page","link":"https:\/\/qualitylifehealth.com\/sq\/implanti-dentar\/","title":{"rendered":"Implanti Dentar"},"content":{"rendered":"[vc_row type=&#8221;in_container&#8221; full_screen_row_position=&#8221;middle&#8221; column_margin=&#8221;default&#8221; equal_height=&#8221;yes&#8221; content_placement=&#8221;middle&#8221; column_direction=&#8221;default&#8221; column_direction_tablet=&#8221;default&#8221; column_direction_phone=&#8221;default&#8221; bg_color=&#8221;#ffffff&#8221; scene_position=&#8221;center&#8221; text_color=&#8221;dark&#8221; text_align=&#8221;left&#8221; row_border_radius=&#8221;none&#8221; row_border_radius_applies=&#8221;bg&#8221; overflow=&#8221;visible&#8221; overlay_strength=&#8221;0.3&#8243; gradient_direction=&#8221;left_to_right&#8221; shape_divider_position=&#8221;bottom&#8221; bg_image_animation=&#8221;none&#8221; gradient_type=&#8221;default&#8221; shape_type=&#8221;&#8221;][vc_column column_padding=&#8221;padding-5-percent&#8221; column_padding_tablet=&#8221;inherit&#8221; column_padding_phone=&#8221;inherit&#8221; column_padding_position=&#8221;all&#8221; column_element_direction_desktop=&#8221;default&#8221; column_element_spacing=&#8221;default&#8221; desktop_text_alignment=&#8221;default&#8221; tablet_text_alignment=&#8221;default&#8221; phone_text_alignment=&#8221;default&#8221; background_color_opacity=&#8221;1&#8243; background_hover_color_opacity=&#8221;1&#8243; column_backdrop_filter=&#8221;none&#8221; column_shadow=&#8221;none&#8221; column_border_radius=&#8221;none&#8221; column_link_target=&#8221;_self&#8221; column_position=&#8221;default&#8221; gradient_direction=&#8221;left_to_right&#8221; overlay_strength=&#8221;0.3&#8243; width=&#8221;1\/2&#8243; tablet_width_inherit=&#8221;default&#8221; animation_type=&#8221;default&#8221; bg_image_animation=&#8221;none&#8221; border_type=&#8221;simple&#8221; column_border_width=&#8221;none&#8221; column_border_style=&#8221;solid&#8221; column_padding_type=&#8221;default&#8221; gradient_type=&#8221;default&#8221;][vc_row_inner column_margin=&#8221;default&#8221; column_direction=&#8221;default&#8221; column_direction_tablet=&#8221;default&#8221; column_direction_phone=&#8221;default&#8221; text_align=&#8221;left&#8221; row_position=&#8221;default&#8221; row_position_tablet=&#8221;inherit&#8221; row_position_phone=&#8221;inherit&#8221; overflow=&#8221;visible&#8221; pointer_events=&#8221;all&#8221;][vc_column_inner column_padding=&#8221;no-extra-padding&#8221; column_padding_tablet=&#8221;inherit&#8221; column_padding_phone=&#8221;inherit&#8221; column_padding_position=&#8221;all&#8221; column_element_direction_desktop=&#8221;default&#8221; column_element_spacing=&#8221;default&#8221; desktop_text_alignment=&#8221;default&#8221; tablet_text_alignment=&#8221;default&#8221; phone_text_alignment=&#8221;default&#8221; background_color_opacity=&#8221;1&#8243; background_hover_color_opacity=&#8221;1&#8243; column_backdrop_filter=&#8221;none&#8221; column_shadow=&#8221;none&#8221; column_border_radius=&#8221;none&#8221; column_link_target=&#8221;_self&#8221; overflow=&#8221;visible&#8221; gradient_direction=&#8221;left_to_right&#8221; overlay_strength=&#8221;0.3&#8243; width=&#8221;1\/1&#8243; tablet_width_inherit=&#8221;default&#8221; animation_type=&#8221;default&#8221; enable_animation=&#8221;true&#8221; animation=&#8221;fade-in-from-bottom&#8221; animation_easing=&#8221;default&#8221; bg_image_animation=&#8221;none&#8221; border_type=&#8221;simple&#8221; column_border_width=&#8221;none&#8221; column_border_style=&#8221;solid&#8221;][vc_custom_heading text=&#8221;Implanti Dentar&#8221; font_container=&#8221;tag:h1|font_size:40|text_align:left|line_height:50px&#8221; use_theme_fonts=&#8221;yes&#8221;][vc_custom_heading text=&#8221;Implanti dentar \u00ebsht\u00eb nj\u00eb p\u00ebrshtatje e ngjashme me nj\u00eb vid\u00eb titani, e cila p\u00ebrdoret p\u00ebr t\u00eb trajtuar dh\u00ebmb\u00ebt e humbur. K\u00ebto vidh\u00eb vendosen n\u00eb kock\u00ebn e nofull\u00ebs dhe sh\u00ebrbejn\u00eb si nj\u00eb baz\u00eb p\u00ebr vendosjen e protezave dentare. Implantet dentare ofrojn\u00eb nj\u00eb m\u00ebnyr\u00eb p\u00ebr t\u00eb rikthyer dh\u00ebmb\u00ebt e humbur pa d\u00ebmtuar dh\u00ebmb\u00ebt e tjer\u00eb. Duke imituar rr\u00ebnj\u00ebt e dh\u00ebmb\u00ebve natyral\u00eb, ato mund\u00ebsojn\u00eb q\u00eb t\u00eb b\u00ebhen aktivitete t\u00eb p\u00ebrditshme si ngr\u00ebnia, folja dhe buz\u00ebqeshja m\u00eb leht\u00eb dhe natyrsh\u00ebm.&#8221; font_container=&#8221;tag:p|text_align:left|color:rgba(10%2C10%2C10%2C0.6)&#8221; use_theme_fonts=&#8221;yes&#8221;][\/vc_column_inner][\/vc_row_inner][\/vc_column][vc_column column_padding=&#8221;no-extra-padding&#8221; column_padding_tablet=&#8221;inherit&#8221; column_padding_phone=&#8221;inherit&#8221; column_padding_position=&#8221;all&#8221; column_element_direction_desktop=&#8221;default&#8221; column_element_spacing=&#8221;default&#8221; desktop_text_alignment=&#8221;default&#8221; tablet_text_alignment=&#8221;default&#8221; phone_text_alignment=&#8221;default&#8221; background_color_opacity=&#8221;1&#8243; background_hover_color_opacity=&#8221;1&#8243; column_backdrop_filter=&#8221;none&#8221; column_shadow=&#8221;none&#8221; column_border_radius=&#8221;none&#8221; column_link_target=&#8221;_self&#8221; column_position=&#8221;default&#8221; gradient_direction=&#8221;left_to_right&#8221; overlay_strength=&#8221;0.3&#8243; width=&#8221;1\/2&#8243; tablet_width_inherit=&#8221;default&#8221; animation_type=&#8221;default&#8221; bg_image_animation=&#8221;none&#8221; border_type=&#8221;simple&#8221; column_border_width=&#8221;none&#8221; column_border_style=&#8221;solid&#8221; column_padding_type=&#8221;default&#8221; gradient_type=&#8221;default&#8221;][image_with_animation image_url=&#8221;744&#8243; image_size=&#8221;full&#8221; animation_type=&#8221;entrance&#8221; animation=&#8221;None&#8221; animation_movement_type=&#8221;transform_y&#8221; hover_animation=&#8221;none&#8221; alignment=&#8221;&#8221; border_radius=&#8221;20px&#8221; box_shadow=&#8221;none&#8221; image_loading=&#8221;default&#8221; max_width=&#8221;100%&#8221; max_width_mobile=&#8221;default&#8221;][\/vc_column][\/vc_row][vc_row type=&#8221;full_width_background&#8221; full_screen_row_position=&#8221;middle&#8221; column_margin=&#8221;default&#8221; column_direction=&#8221;default&#8221; column_direction_tablet=&#8221;default&#8221; column_direction_phone=&#8221;default&#8221; bg_color=&#8221;#f7f7f7&#8243; scene_position=&#8221;center&#8221; top_padding=&#8221;100&#8243; bottom_padding=&#8221;100&#8243; text_color=&#8221;dark&#8221; text_align=&#8221;left&#8221; row_border_radius=&#8221;none&#8221; row_border_radius_applies=&#8221;bg&#8221; overflow=&#8221;visible&#8221; overlay_strength=&#8221;0.3&#8243; gradient_direction=&#8221;left_to_right&#8221; shape_divider_position=&#8221;bottom&#8221; bg_image_animation=&#8221;none&#8221;][vc_column column_padding=&#8221;no-extra-padding&#8221; column_padding_tablet=&#8221;inherit&#8221; column_padding_phone=&#8221;inherit&#8221; column_padding_position=&#8221;all&#8221; column_element_direction_desktop=&#8221;default&#8221; column_element_spacing=&#8221;default&#8221; desktop_text_alignment=&#8221;default&#8221; tablet_text_alignment=&#8221;default&#8221; phone_text_alignment=&#8221;default&#8221; background_color_opacity=&#8221;1&#8243; background_hover_color_opacity=&#8221;1&#8243; column_backdrop_filter=&#8221;none&#8221; column_shadow=&#8221;none&#8221; column_border_radius=&#8221;none&#8221; column_link_target=&#8221;_self&#8221; column_position=&#8221;default&#8221; gradient_direction=&#8221;left_to_right&#8221; overlay_strength=&#8221;0.3&#8243; width=&#8221;1\/1&#8243; tablet_width_inherit=&#8221;default&#8221; animation_type=&#8221;default&#8221; bg_image_animation=&#8221;none&#8221; border_type=&#8221;simple&#8221; column_border_width=&#8221;none&#8221; column_border_style=&#8221;solid&#8221;][vc_column_text]\n<h2>Pyetje t\u00eb Shpeshta Rreth Implantit Dentar<\/h2>\n[\/vc_column_text][toggles style=&#8221;minimal&#8221;][toggle color=&#8221;Default&#8221; heading_tag=&#8221;default&#8221; heading_tag_functionality=&#8221;default&#8221; title=&#8221;\u00c7far\u00eb \u00ebsht\u00eb trajtimi me implant dentar?&#8221;][vc_column_text]Trajtimi me implant dentar p\u00ebrfshin nj\u00eb procedur\u00eb kirurgjikale n\u00eb t\u00eb cil\u00ebn vendosen dh\u00ebmb\u00eb artificial\u00eb n\u00eb vend t\u00eb dh\u00ebmb\u00ebve t\u00eb humbur duke p\u00ebrdorur vidha titani. Ky trajtim preferohet n\u00eb krahasim me metodat tradicionale si ura ose protezat p\u00ebr shkak t\u00eb rezultateve m\u00eb natyrale. Implantet jan\u00eb nj\u00eb zgjedhje ideale p\u00ebr rastet kur \u00ebsht\u00eb e nevojshme t\u00eb ruhet kocka e nofull\u00ebs. Kjo ndihmon n\u00eb mbrojtjen e profilit t\u00eb fytyr\u00ebs, ofron mb\u00ebshtetje p\u00ebr buz\u00ebt dhe faqet dhe zvog\u00eblon shenjat e plakes\u00ebs rreth goj\u00ebs. Protezat e mb\u00ebshtetura nga implantet krijojn\u00eb nj\u00eb lidhje t\u00eb fort\u00eb me kock\u00ebn dhe funksionojn\u00eb si dh\u00ebmb\u00ebt natyral\u00eb, duke eliminuar nevoj\u00ebn p\u00ebr t\u00eb reduktuar dh\u00ebmb\u00ebt e tjer\u00eb.<\/p>\n<p>N\u00ebse keni dh\u00ebmb\u00eb t\u00eb humbur, konsultohuni me dentistin tuaj p\u00ebr t\u00eb p\u00ebrcaktuar n\u00ebse trajtimi me implant \u00ebsht\u00eb i p\u00ebrshtatsh\u00ebm p\u00ebr ju.<br \/>\n[\/vc_column_text][\/toggle][toggle color=&#8221;Default&#8221; heading_tag=&#8221;default&#8221; heading_tag_functionality=&#8221;default&#8221; title=&#8221;A \u00ebsht\u00eb trajtimi me implant dentar i p\u00ebrshtatsh\u00ebm p\u00ebr t\u00eb gjith\u00eb?&#8221;][vc_column_text]N\u00eb p\u00ebrgjith\u00ebsi, nj\u00eb individ i sh\u00ebndetsh\u00ebm, i cili ka mjaftuesh\u00ebm kock\u00eb dhe mishra t\u00eb sh\u00ebndetsh\u00ebm t\u00eb dh\u00ebmb\u00ebve, \u00ebsht\u00eb nj\u00eb kandidat i p\u00ebrshtatsh\u00ebm p\u00ebr trajtimin me implant. Pas implantimit, \u00ebsht\u00eb e nevojshme mbajtja e higjen\u00ebs s\u00eb rregullt t\u00eb goj\u00ebs dhe vizita t\u00eb rregullta kontrolluese. Personat q\u00eb mendojn\u00eb p\u00ebr implantin duhet t\u00eb jen\u00eb t\u00eb gatsh\u00ebm t\u00eb plot\u00ebsojn\u00eb k\u00ebto k\u00ebrkesa. Po ashtu, faktor\u00eb si pirja e duhanit, diabeti, \u00e7rregullimet e zemr\u00ebs ose trajtimi i m\u00ebparsh\u00ebm me rrezatime mund t\u00eb ndikojn\u00eb n\u00eb p\u00ebrshtatshm\u00ebrin\u00eb p\u00ebr implant. Prandaj, \u00ebsht\u00eb shum\u00eb e r\u00ebnd\u00ebsishme t\u00eb konsultoheni me dentistin tuaj p\u00ebr t\u00eb p\u00ebrcaktuar n\u00ebse jeni kandidat p\u00ebr trajtimin me implant.<br \/>\n[\/vc_column_text][\/toggle][toggle color=&#8221;Default&#8221; heading_tag=&#8221;default&#8221; heading_tag_functionality=&#8221;default&#8221; title=&#8221;A \u00ebsht\u00eb trajtimi me implant dentar dhimbsh\u00ebm dhe sa zgjat dhimbja?&#8221;][vc_column_text]Gjat\u00eb trajtimit t\u00eb implantit zakonisht aplikohet anestezi lokale, e cila parandalon dhimbjen gjat\u00eb operacionit. Megjithat\u00eb, pas kalimit t\u00eb anestezis\u00eb mund t\u00eb ndjeni nj\u00eb shqet\u00ebsim t\u00eb leht\u00eb. Ky shqet\u00ebsim \u00ebsht\u00eb i ngjash\u00ebm me at\u00eb q\u00eb mund t\u00eb ndodhi pas nj\u00eb heqje dh\u00ebmbi dhe mund t\u00eb zgjas\u00eb disa dit\u00eb. Ila\u00e7et e dh\u00ebna nga dentisti mund t\u00eb ndihmojn\u00eb n\u00eb leht\u00ebsimin e k\u00ebtij shqet\u00ebsimi.<br \/>\n[\/vc_column_text][\/toggle][toggle color=&#8221;Default&#8221; heading_tag=&#8221;default&#8221; heading_tag_functionality=&#8221;default&#8221; title=&#8221;P\u00ebrkujdesja pas trajtimit t\u00eb implantit dentar&#8221;][vc_column_text]Pas trajtimit t\u00eb implantit, \u00ebsht\u00eb shum\u00eb e r\u00ebnd\u00ebsishme t\u00eb mbani higjen\u00ebn e duhur t\u00eb goj\u00ebs. P\u00ebrve\u00e7 pastrimit t\u00eb zakonsh\u00ebm, duhet t\u00eb p\u00ebrdorni fill dh\u00ebmb\u00ebsh t\u00eb posa\u00e7\u00ebm, fur\u00e7a p\u00ebr hap\u00ebsira nd\u00ebr-dh\u00ebmb\u00ebsh dhe gargar\u00eb goje p\u00ebr t\u00eb pastruar zon\u00ebn e implantit. Vizitat e rregullta kontrolluese jan\u00eb gjithashtu shum\u00eb t\u00eb r\u00ebnd\u00ebsishme. Fillimisht, rekomandohet kontrollimi \u00e7do gjasht\u00eb muaj p\u00ebr dy vitet e para dhe m\u00eb pas nj\u00eb her\u00eb n\u00eb vit. Dentist\u00ebt do t\u00eb udh\u00ebzojn\u00eb p\u00ebr rutin\u00ebn m\u00eb t\u00eb mir\u00eb t\u00eb kujdesit p\u00ebr ju.<br \/>\n[\/vc_column_text][\/toggle][toggle color=&#8221;Default&#8221; heading_tag=&#8221;default&#8221; heading_tag_functionality=&#8221;default&#8221; title=&#8221;Cilat jan\u00eb faktor\u00ebt q\u00eb duhet t\u00eb marrim parasysh gjat\u00eb aplikimit t\u00eb implantit dentar?&#8221;][vc_column_text]Kur mendoni p\u00ebr trajtimin me implant, siguria e klinik\u00ebs dhe ekspertiza e dentistit jan\u00eb faktor\u00ebt ky\u00e7. \u00cbsht\u00eb shum\u00eb e r\u00ebnd\u00ebsishme t\u00eb zgjidhni marka implantesh t\u00eb njohura q\u00eb kan\u00eb certifikata FDA dhe CE. Po ashtu, \u00ebsht\u00eb e nevojshme miratimi nga Ministria e Sh\u00ebndet\u00ebsis\u00eb.<br \/>\n[\/vc_column_text][\/toggle][toggle color=&#8221;Default&#8221; heading_tag=&#8221;default&#8221; heading_tag_functionality=&#8221;default&#8221; title=&#8221;Cilat jan\u00eb shenjat e d\u00ebshtimit t\u00eb implantit dentar?&#8221;][vc_column_text]D\u00ebshtimi i nj\u00eb implanti dentar ndodh kur trupi nuk pranon ose nuk integron implantin, duke shkaktuar simptoma si dhimbje, \u00ebnjtje, skuqje, probleme me dh\u00ebmb\u00ebt ose largimin e implantit nga vendi i tij. N\u00ebse hasni k\u00ebto simptoma, \u00ebsht\u00eb jetike t\u00eb konsultoheni me nj\u00eb dentist.<br \/>\n[\/vc_column_text][\/toggle][toggle color=&#8221;Default&#8221; heading_tag=&#8221;default&#8221; heading_tag_functionality=&#8221;default&#8221; title=&#8221;Sa koh\u00eb zgjasin implantet dentare?&#8221;][vc_column_text]Jeta e implantit dentar, me kusht q\u00eb t\u00eb mbani kujdes t\u00eb rregullt dhe higjen\u00eb goje, mund t\u00eb jet\u00eb e nj\u00ebjt\u00eb me at\u00eb t\u00eb dh\u00ebmb\u00ebve natyral\u00eb p\u00ebr gjith\u00eb jet\u00ebn.<br \/>\n[\/vc_column_text][\/toggle][toggle color=&#8221;Default&#8221; heading_tag=&#8221;default&#8221; heading_tag_functionality=&#8221;default&#8221; title=&#8221;Kur vendoset dh\u00ebmbi n\u00eb implant?&#8221;][vc_column_text]Zakonisht, dh\u00ebmbi vendoset n\u00eb implant pas nj\u00eb periudhe 2-3 muajsh, kur implantet jan\u00eb integruar me kock\u00ebn. Kjo \u00ebsht\u00eb faza kur fillon vendosja e dh\u00ebmbit mbi implant.<br \/>\n[\/vc_column_text][\/toggle][toggle color=&#8221;Default&#8221; heading_tag=&#8221;default&#8221; heading_tag_functionality=&#8221;default&#8221; title=&#8221;Sa koh\u00eb pas marrjes s\u00eb masave t\u00eb implantit b\u00ebhen matjet e dh\u00ebmbit?&#8221;][vc_column_text]Pas marrjes s\u00eb masave t\u00eb implantit, dh\u00ebmb\u00ebt e personalizuar p\u00ebr pacientin p\u00ebrgatiten n\u00eb laborator sipas masave t\u00eb goj\u00ebs. K\u00ebto proteza zakonisht mund t\u00eb p\u00ebrfundojn\u00eb pas disa dit\u00ebsh ose jav\u00ebsh.<br \/>\n[\/vc_column_text][\/toggle][\/toggles][\/vc_column][\/vc_row]\n","protected":false},"excerpt":{"rendered":"<p>[vc_row type=&#8221;in_container&#8221; full_screen_row_position=&#8221;middle&#8221; column_margin=&#8221;default&#8221; equal_height=&#8221;yes&#8221; content_placement=&#8221;middle&#8221; column_direction=&#8221;default&#8221; column_direction_tablet=&#8221;default&#8221; column_direction_phone=&#8221;default&#8221; bg_color=&#8221;#ffffff&#8221; scene_position=&#8221;center&#8221; text_color=&#8221;dark&#8221; text_align=&#8221;left&#8221; row_border_radius=&#8221;none&#8221; row_border_radius_applies=&#8221;bg&#8221; overflow=&#8221;visible&#8221; overlay_strength=&#8221;0.3&#8243; gradient_direction=&#8221;left_to_right&#8221; shape_divider_position=&#8221;bottom&#8221; bg_image_animation=&#8221;none&#8221; gradient_type=&#8221;default&#8221; shape_type=&#8221;&#8221;][vc_column column_padding=&#8221;padding-5-percent&#8221; column_padding_tablet=&#8221;inherit&#8221; column_padding_phone=&#8221;inherit&#8221; column_padding_position=&#8221;all&#8221; column_element_direction_desktop=&#8221;default&#8221; column_element_spacing=&#8221;default&#8221; desktop_text_alignment=&#8221;default&#8221; tablet_text_alignment=&#8221;default&#8221;&#8230;<\/p>\n","protected":false},"author":2,"featured_media":0,"parent":0,"menu_order":0,"comment_status":"closed","ping_status":"closed","template":"","meta":{"footnotes":""},"class_list":["post-6403","page","type-page","status-publish"],"_links":{"self":[{"href":"https:\/\/qualitylifehealth.com\/sq\/wp-json\/wp\/v2\/pages\/6403","targetHints":{"allow":["GET"]}}],"collection":[{"href":"https:\/\/qualitylifehealth.com\/sq\/wp-json\/wp\/v2\/pages"}],"about":[{"href":"https:\/\/qualitylifehealth.com\/sq\/wp-json\/wp\/v2\/types\/page"}],"author":[{"embeddable":true,"href":"https:\/\/qualitylifehealth.com\/sq\/wp-json\/wp\/v2\/users\/2"}],"replies":[{"embeddable":true,"href":"https:\/\/qualitylifehealth.com\/sq\/wp-json\/wp\/v2\/comments?post=6403"}],"version-history":[{"count":3,"href":"https:\/\/qualitylifehealth.com\/sq\/wp-json\/wp\/v2\/pages\/6403\/revisions"}],"predecessor-version":[{"id":6407,"href":"https:\/\/qualitylifehealth.com\/sq\/wp-json\/wp\/v2\/pages\/6403\/revisions\/6407"}],"wp:attachment":[{"href":"https:\/\/qualitylifehealth.com\/sq\/wp-json\/wp\/v2\/media?parent=6403"}],"curies":[{"name":"wp","href":"https:\/\/api.w.org\/{rel}","templated":true}]}}