{"id":6408,"date":"2023-11-27T17:50:46","date_gmt":"2023-11-27T14:50:46","guid":{"rendered":"https:\/\/qualitylifehealth.com\/porselen-laminat-dis-kaplama\/"},"modified":"2025-02-04T00:05:27","modified_gmt":"2025-02-03T21:05:27","slug":"kapaket-dentare-laminat-porselen","status":"publish","type":"page","link":"https:\/\/qualitylifehealth.com\/sq\/kapaket-dentare-laminat-porselen\/","title":{"rendered":"Kapak\u00ebt Dentare Laminat Porselen"},"content":{"rendered":"[vc_row type=&#8221;in_container&#8221; full_screen_row_position=&#8221;middle&#8221; column_margin=&#8221;default&#8221; equal_height=&#8221;yes&#8221; content_placement=&#8221;middle&#8221; column_direction=&#8221;default&#8221; column_direction_tablet=&#8221;default&#8221; column_direction_phone=&#8221;default&#8221; bg_color=&#8221;#ffffff&#8221; scene_position=&#8221;center&#8221; text_color=&#8221;dark&#8221; text_align=&#8221;left&#8221; row_border_radius=&#8221;none&#8221; row_border_radius_applies=&#8221;bg&#8221; overflow=&#8221;visible&#8221; overlay_strength=&#8221;0.3&#8243; gradient_direction=&#8221;left_to_right&#8221; shape_divider_position=&#8221;bottom&#8221; bg_image_animation=&#8221;none&#8221; gradient_type=&#8221;default&#8221; shape_type=&#8221;&#8221;][vc_column column_padding=&#8221;padding-5-percent&#8221; column_padding_tablet=&#8221;inherit&#8221; column_padding_phone=&#8221;inherit&#8221; column_padding_position=&#8221;all&#8221; column_element_direction_desktop=&#8221;default&#8221; column_element_spacing=&#8221;default&#8221; desktop_text_alignment=&#8221;default&#8221; tablet_text_alignment=&#8221;default&#8221; phone_text_alignment=&#8221;default&#8221; background_color_opacity=&#8221;1&#8243; background_hover_color_opacity=&#8221;1&#8243; column_backdrop_filter=&#8221;none&#8221; column_shadow=&#8221;none&#8221; column_border_radius=&#8221;none&#8221; column_link_target=&#8221;_self&#8221; column_position=&#8221;default&#8221; gradient_direction=&#8221;left_to_right&#8221; overlay_strength=&#8221;0.3&#8243; width=&#8221;1\/2&#8243; tablet_width_inherit=&#8221;default&#8221; animation_type=&#8221;default&#8221; bg_image_animation=&#8221;none&#8221; border_type=&#8221;simple&#8221; column_border_width=&#8221;none&#8221; column_border_style=&#8221;solid&#8221; column_padding_type=&#8221;default&#8221; gradient_type=&#8221;default&#8221;][vc_row_inner column_margin=&#8221;default&#8221; column_direction=&#8221;default&#8221; column_direction_tablet=&#8221;default&#8221; column_direction_phone=&#8221;default&#8221; text_align=&#8221;left&#8221; row_position=&#8221;default&#8221; row_position_tablet=&#8221;inherit&#8221; row_position_phone=&#8221;inherit&#8221; overflow=&#8221;visible&#8221; pointer_events=&#8221;all&#8221;][vc_column_inner column_padding=&#8221;no-extra-padding&#8221; column_padding_tablet=&#8221;inherit&#8221; column_padding_phone=&#8221;inherit&#8221; column_padding_position=&#8221;all&#8221; column_element_direction_desktop=&#8221;default&#8221; column_element_spacing=&#8221;default&#8221; desktop_text_alignment=&#8221;default&#8221; tablet_text_alignment=&#8221;default&#8221; phone_text_alignment=&#8221;default&#8221; background_color_opacity=&#8221;1&#8243; background_hover_color_opacity=&#8221;1&#8243; column_backdrop_filter=&#8221;none&#8221; column_shadow=&#8221;none&#8221; column_border_radius=&#8221;none&#8221; column_link_target=&#8221;_self&#8221; overflow=&#8221;visible&#8221; gradient_direction=&#8221;left_to_right&#8221; overlay_strength=&#8221;0.3&#8243; width=&#8221;1\/1&#8243; tablet_width_inherit=&#8221;default&#8221; animation_type=&#8221;default&#8221; enable_animation=&#8221;true&#8221; animation=&#8221;fade-in-from-bottom&#8221; animation_easing=&#8221;default&#8221; bg_image_animation=&#8221;none&#8221; border_type=&#8221;simple&#8221; column_border_width=&#8221;none&#8221; column_border_style=&#8221;solid&#8221;][vc_custom_heading text=&#8221;Kapak\u00ebt Dentare Laminat Porselen&#8221; font_container=&#8221;tag:h1|font_size:40|text_align:left|line_height:50px&#8221; use_theme_fonts=&#8221;yes&#8221;][vc_custom_heading text=&#8221;Kapak\u00ebt dentar\u00eb laminat porselen, t\u00eb njohura gjithashtu si mbuluesit porselen, jan\u00eb nj\u00eb lloj mbulimi dentar q\u00eb p\u00ebrdorin porselenin p\u00ebr prodhimin e tyre. Porseleni merr nj\u00eb ngjyr\u00eb t\u00eb bardh\u00eb nga materialet e p\u00ebrdorura p\u00ebr prodhimin dhe konsiderohet nj\u00eb substanc\u00eb biokompatibile. Ai nuk p\u00ebrmban metal ose substanca t\u00eb d\u00ebmshme. Mbuluesit porselen ndihmojn\u00eb dh\u00ebmb\u00ebt t\u00eb duken m\u00eb natyrale dhe jan\u00eb t\u00eb preferuar shpesh nga individ\u00ebt q\u00eb p\u00ebrballen me humbje dh\u00ebmb\u00ebsh ose ndryshime t\u00eb ngjyr\u00ebs s\u00eb dh\u00ebmb\u00ebve. Mbuluesit porselen gjithashtu ndihmojn\u00eb n\u00eb balancimin e form\u00ebs, madh\u00ebsis\u00eb dhe ngjyr\u00ebs s\u00eb dh\u00ebmb\u00ebve.&#8221; font_container=&#8221;tag:p|text_align:left|color:rgba(10%2C10%2C10%2C0.6)&#8221; use_theme_fonts=&#8221;yes&#8221;][\/vc_column_inner][\/vc_row_inner][\/vc_column][vc_column column_padding=&#8221;no-extra-padding&#8221; column_padding_tablet=&#8221;inherit&#8221; column_padding_phone=&#8221;inherit&#8221; column_padding_position=&#8221;all&#8221; column_element_direction_desktop=&#8221;default&#8221; column_element_spacing=&#8221;default&#8221; desktop_text_alignment=&#8221;default&#8221; tablet_text_alignment=&#8221;default&#8221; phone_text_alignment=&#8221;default&#8221; background_color_opacity=&#8221;1&#8243; background_hover_color_opacity=&#8221;1&#8243; column_backdrop_filter=&#8221;none&#8221; column_shadow=&#8221;none&#8221; column_border_radius=&#8221;none&#8221; column_link_target=&#8221;_self&#8221; column_position=&#8221;default&#8221; gradient_direction=&#8221;left_to_right&#8221; overlay_strength=&#8221;0.3&#8243; width=&#8221;1\/2&#8243; tablet_width_inherit=&#8221;default&#8221; animation_type=&#8221;default&#8221; bg_image_animation=&#8221;none&#8221; border_type=&#8221;simple&#8221; column_border_width=&#8221;none&#8221; column_border_style=&#8221;solid&#8221; column_padding_type=&#8221;default&#8221; gradient_type=&#8221;default&#8221;][image_with_animation image_url=&#8221;747&#8243; image_size=&#8221;full&#8221; animation_type=&#8221;entrance&#8221; animation=&#8221;None&#8221; animation_movement_type=&#8221;transform_y&#8221; hover_animation=&#8221;none&#8221; alignment=&#8221;&#8221; border_radius=&#8221;20px&#8221; box_shadow=&#8221;none&#8221; image_loading=&#8221;default&#8221; max_width=&#8221;100%&#8221; max_width_mobile=&#8221;default&#8221;][\/vc_column][\/vc_row][vc_row type=&#8221;full_width_background&#8221; full_screen_row_position=&#8221;middle&#8221; column_margin=&#8221;default&#8221; column_direction=&#8221;default&#8221; column_direction_tablet=&#8221;default&#8221; column_direction_phone=&#8221;default&#8221; bg_color=&#8221;#f7f7f7&#8243; scene_position=&#8221;center&#8221; top_padding=&#8221;100&#8243; bottom_padding=&#8221;100&#8243; text_color=&#8221;dark&#8221; text_align=&#8221;left&#8221; row_border_radius=&#8221;none&#8221; row_border_radius_applies=&#8221;bg&#8221; overflow=&#8221;visible&#8221; overlay_strength=&#8221;0.3&#8243; gradient_direction=&#8221;left_to_right&#8221; shape_divider_position=&#8221;bottom&#8221; bg_image_animation=&#8221;none&#8221;][vc_column column_padding=&#8221;no-extra-padding&#8221; column_padding_tablet=&#8221;inherit&#8221; column_padding_phone=&#8221;inherit&#8221; column_padding_position=&#8221;all&#8221; column_element_direction_desktop=&#8221;default&#8221; column_element_spacing=&#8221;default&#8221; desktop_text_alignment=&#8221;default&#8221; tablet_text_alignment=&#8221;default&#8221; phone_text_alignment=&#8221;default&#8221; background_color_opacity=&#8221;1&#8243; background_hover_color_opacity=&#8221;1&#8243; column_backdrop_filter=&#8221;none&#8221; column_shadow=&#8221;none&#8221; column_border_radius=&#8221;none&#8221; column_link_target=&#8221;_self&#8221; column_position=&#8221;default&#8221; gradient_direction=&#8221;left_to_right&#8221; overlay_strength=&#8221;0.3&#8243; width=&#8221;1\/1&#8243; tablet_width_inherit=&#8221;default&#8221; animation_type=&#8221;default&#8221; bg_image_animation=&#8221;none&#8221; border_type=&#8221;simple&#8221; column_border_width=&#8221;none&#8221; column_border_style=&#8221;solid&#8221;][vc_column_text]\n<h2>Pyetje t\u00eb Shpeshta Rreth Kapak\u00ebve Dentare Laminat Porselen<\/h2>\n[\/vc_column_text][toggles style=&#8221;minimal&#8221;][toggle color=&#8221;Default&#8221; heading_tag=&#8221;default&#8221; heading_tag_functionality=&#8221;default&#8221; title=&#8221;Si aplikohet kapak\u00ebt dentare laminat porselen?&#8221;][vc_column_text]T\u00eb kesh dh\u00ebmb\u00eb t\u00eb sh\u00ebndetsh\u00ebm, t\u00eb bukur dhe t\u00eb kujdesur \u00ebsht\u00eb e r\u00ebnd\u00ebsishme si p\u00ebr sh\u00ebndetin ashtu edhe p\u00ebr pamjen. Kapak\u00ebt dentar\u00eb laminat porselen jan\u00eb nj\u00eb opsion i shk\u00eblqyer p\u00ebr ata q\u00eb duan nj\u00eb buz\u00ebqeshje m\u00eb t\u00eb sh\u00ebndetshme dhe m\u00eb t\u00ebrheq\u00ebse.<\/p>\n<p>Trajtimi i kapak\u00ebve dentar\u00eb laminat nis duke kuptuar d\u00ebshirat e pacientit dhe shqet\u00ebsimet q\u00eb lidhen me dh\u00ebmb\u00ebt e tij. Diskutohen shqet\u00ebsimet lidhur me dh\u00ebmb\u00ebt, aspektet q\u00eb nuk p\u00eblqehen dhe pritshm\u00ebrit\u00eb. N\u00eb seanc\u00ebn e par\u00eb, planifikohen nevojat e tjera si zbardhimi i dh\u00ebmb\u00ebve, pastrimi, trajtimi i karies\u00ebve dhe shum\u00eb m\u00eb tep\u00ebr. M\u00eb pas, merren masat dhe d\u00ebrgohen te tekniku. Tekniku krijon nj\u00eb model t\u00eb njohur si &#8220;Mock Up&#8221;, q\u00eb tregon pamjen p\u00ebrfundimtare t\u00eb dh\u00ebmb\u00ebve. N\u00eb seanc\u00ebn e dyt\u00eb, pamja p\u00ebrfundimtare e dh\u00ebmb\u00ebve prezantohet me materiale t\u00eb p\u00ebrkohshme dhe merret parasysh d\u00ebshira e pacientit. Pamja e d\u00ebshiruar e dh\u00ebmb\u00ebve p\u00ebrcaktohet dhe nisin prerjet dhe rregullimet. N\u00eb seanc\u00ebn e tret\u00eb, kapak\u00ebt e porselenit laminat p\u00ebrhersh\u00ebm ngjiten dhe trajtimi p\u00ebrfundon.<br \/>\n[\/vc_column_text][\/toggle][toggle color=&#8221;Default&#8221; heading_tag=&#8221;default&#8221; heading_tag_functionality=&#8221;default&#8221; title=&#8221;P\u00ebrmbledhje e Trajtimit t\u00eb Kapak\u00ebve Dentare Laminat Porselen:&#8221;][vc_column_text]Numri i Operacioneve: 2-3<br \/>\nKoh\u00ebzgjatja e Pun\u00ebs: 30-90 minuta p\u00ebr \u00e7do dh\u00ebmb<br \/>\nAnestezia: Anestezi lokale<br \/>\nSh\u00ebrimi i Plot\u00eb: 15 Dit\u00eb<br \/>\nQ\u00ebndrimi n\u00eb Spital: Asnj\u00eb q\u00ebndrim n\u00eb spital<br \/>\nKthimi n\u00eb Pun\u00eb: Menj\u00ebher\u00eb<br \/>\nJet\u00ebgjat\u00ebsia e Rezultateve: 10-20 Vjet<br \/>\n[\/vc_column_text][\/toggle][toggle color=&#8221;Default&#8221; heading_tag=&#8221;default&#8221; heading_tag_functionality=&#8221;default&#8221; title=&#8221;Sa i q\u00ebndruesh\u00ebm jan\u00eb kapak\u00ebt dentar\u00eb laminat porselen?&#8221;][vc_column_text]Jeta e kapak\u00ebve dentar\u00eb laminat porselen mund t\u00eb ndryshoj\u00eb nga 7 deri n\u00eb 15 vjet, n\u00eb var\u00ebsi t\u00eb kujdesit t\u00eb dh\u00ebmb\u00ebve.<br \/>\n[\/vc_column_text][\/toggle][toggle color=&#8221;Default&#8221; heading_tag=&#8221;default&#8221; heading_tag_functionality=&#8221;default&#8221; title=&#8221;Kush \u00ebsht\u00eb i p\u00ebrshtatsh\u00ebm p\u00ebr kapak\u00ebt dentar\u00eb laminat porselen dhe \u00e7far\u00eb avantazhesh ofrojn\u00eb?&#8221;][vc_column_text]Kapak\u00ebt dentar\u00eb laminat porselen jan\u00eb t\u00eb p\u00ebrsosur p\u00ebr estetiken dentare dhe mund t\u00eb aplikohen p\u00ebr ata q\u00eb duan t\u00eb rregullojn\u00eb ngjyr\u00ebn e dh\u00ebmb\u00ebve, t\u00eb mbushin hap\u00ebsirat ose t\u00eb fshehin njollat.<br \/>\n[\/vc_column_text][\/toggle][toggle color=&#8221;Default&#8221; heading_tag=&#8221;default&#8221; heading_tag_functionality=&#8221;default&#8221; title=&#8221;A mund t\u00eb bien kapak\u00ebt laminat pasi t\u00eb jen\u00eb ngjitur?&#8221;][vc_column_text]Kur aplikohet si\u00e7 duhet nga nj\u00eb dentist profesionist, kapak\u00ebt laminat nuk bien zakonisht. Megjithat\u00eb, \u00ebsht\u00eb e r\u00ebnd\u00ebsishme t\u00eb mbahen kujdesi i duhur dhe higjiena e goj\u00ebs.<br \/>\n[\/vc_column_text][\/toggle][toggle color=&#8221;Default&#8221; heading_tag=&#8221;default&#8221; heading_tag_functionality=&#8221;default&#8221; title=&#8221;Sa zgjat jeta e kapak\u00ebve laminat?&#8221;][vc_column_text]Jeta e kapak\u00ebve laminat mund t\u00eb ndryshoj\u00eb n\u00eb var\u00ebsi t\u00eb kujdesit, higjien\u00ebs dhe p\u00ebrdorimit. Zakonisht, kapak\u00ebt porselen jan\u00eb m\u00eb t\u00eb q\u00ebndruesh\u00ebm dhe mund t\u00eb zgjasin rreth 7-15 vjet.<br \/>\n[\/vc_column_text][\/toggle][toggle color=&#8221;Default&#8221; heading_tag=&#8221;default&#8221; heading_tag_functionality=&#8221;default&#8221; title=&#8221;A shkakton dhimbje vendosja e kapak\u00ebve dentar\u00eb laminat?&#8221;][vc_column_text]Dentist\u00ebt zakonisht p\u00ebrdorin anestezi lokale, k\u00ebshtu q\u00eb vendosja e kapak\u00ebve dentar\u00eb laminat zakonisht nuk shkakton dhimbje gjat\u00eb procedur\u00ebs. Megjithat\u00eb, mund t\u00eb ndjeni nj\u00eb shqet\u00ebsim t\u00eb leht\u00eb ose ndjeshm\u00ebri pas kalimit t\u00eb anestezis\u00eb, e cila \u00ebsht\u00eb normale. Nuk ka nevoj\u00eb p\u00ebr shqet\u00ebsim, pasi \u00ebsht\u00eb e zakonshme q\u00eb disa trajtime dentare t\u00eb shkaktojn\u00eb shqet\u00ebsim t\u00eb p\u00ebrkohsh\u00ebm p\u00ebr disa dit\u00eb pas procedur\u00ebs.<br \/>\n[\/vc_column_text][\/toggle][\/toggles][\/vc_column][\/vc_row]\n","protected":false},"excerpt":{"rendered":"<p>[vc_row type=&#8221;in_container&#8221; full_screen_row_position=&#8221;middle&#8221; column_margin=&#8221;default&#8221; equal_height=&#8221;yes&#8221; content_placement=&#8221;middle&#8221; column_direction=&#8221;default&#8221; column_direction_tablet=&#8221;default&#8221; column_direction_phone=&#8221;default&#8221; bg_color=&#8221;#ffffff&#8221; scene_position=&#8221;center&#8221; text_color=&#8221;dark&#8221; text_align=&#8221;left&#8221; row_border_radius=&#8221;none&#8221; row_border_radius_applies=&#8221;bg&#8221; overflow=&#8221;visible&#8221; overlay_strength=&#8221;0.3&#8243; gradient_direction=&#8221;left_to_right&#8221; shape_divider_position=&#8221;bottom&#8221; bg_image_animation=&#8221;none&#8221; gradient_type=&#8221;default&#8221; shape_type=&#8221;&#8221;][vc_column column_padding=&#8221;padding-5-percent&#8221; column_padding_tablet=&#8221;inherit&#8221; column_padding_phone=&#8221;inherit&#8221; column_padding_position=&#8221;all&#8221; column_element_direction_desktop=&#8221;default&#8221; column_element_spacing=&#8221;default&#8221; desktop_text_alignment=&#8221;default&#8221; tablet_text_alignment=&#8221;default&#8221;&#8230;<\/p>\n","protected":false},"author":2,"featured_media":0,"parent":0,"menu_order":0,"comment_status":"closed","ping_status":"closed","template":"","meta":{"footnotes":""},"class_list":["post-6408","page","type-page","status-publish"],"_links":{"self":[{"href":"https:\/\/qualitylifehealth.com\/sq\/wp-json\/wp\/v2\/pages\/6408","targetHints":{"allow":["GET"]}}],"collection":[{"href":"https:\/\/qualitylifehealth.com\/sq\/wp-json\/wp\/v2\/pages"}],"about":[{"href":"https:\/\/qualitylifehealth.com\/sq\/wp-json\/wp\/v2\/types\/page"}],"author":[{"embeddable":true,"href":"https:\/\/qualitylifehealth.com\/sq\/wp-json\/wp\/v2\/users\/2"}],"replies":[{"embeddable":true,"href":"https:\/\/qualitylifehealth.com\/sq\/wp-json\/wp\/v2\/comments?post=6408"}],"version-history":[{"count":3,"href":"https:\/\/qualitylifehealth.com\/sq\/wp-json\/wp\/v2\/pages\/6408\/revisions"}],"predecessor-version":[{"id":6412,"href":"https:\/\/qualitylifehealth.com\/sq\/wp-json\/wp\/v2\/pages\/6408\/revisions\/6412"}],"wp:attachment":[{"href":"https:\/\/qualitylifehealth.com\/sq\/wp-json\/wp\/v2\/media?parent=6408"}],"curies":[{"name":"wp","href":"https:\/\/api.w.org\/{rel}","templated":true}]}}