{"id":6427,"date":"2023-11-27T16:58:58","date_gmt":"2023-11-27T13:58:58","guid":{"rendered":"https:\/\/qualitylifehealth.com\/dis-kaplama\/"},"modified":"2025-02-04T01:04:35","modified_gmt":"2025-02-03T22:04:35","slug":"dhurimi-i-dhembeve","status":"publish","type":"page","link":"https:\/\/qualitylifehealth.com\/sq\/dhurimi-i-dhembeve\/","title":{"rendered":"Dhurimi i Dhemb\u00ebve"},"content":{"rendered":"[vc_row type=&#8221;in_container&#8221; full_screen_row_position=&#8221;middle&#8221; column_margin=&#8221;default&#8221; equal_height=&#8221;yes&#8221; content_placement=&#8221;middle&#8221; column_direction=&#8221;default&#8221; column_direction_tablet=&#8221;default&#8221; column_direction_phone=&#8221;default&#8221; bg_color=&#8221;#ffffff&#8221; scene_position=&#8221;center&#8221; text_color=&#8221;dark&#8221; text_align=&#8221;left&#8221; row_border_radius=&#8221;none&#8221; row_border_radius_applies=&#8221;bg&#8221; overflow=&#8221;visible&#8221; overlay_strength=&#8221;0.3&#8243; gradient_direction=&#8221;left_to_right&#8221; shape_divider_position=&#8221;bottom&#8221; bg_image_animation=&#8221;none&#8221; gradient_type=&#8221;default&#8221; shape_type=&#8221;&#8221;][vc_column column_padding=&#8221;padding-5-percent&#8221; column_padding_tablet=&#8221;inherit&#8221; column_padding_phone=&#8221;inherit&#8221; column_padding_position=&#8221;all&#8221; column_element_direction_desktop=&#8221;default&#8221; column_element_spacing=&#8221;default&#8221; desktop_text_alignment=&#8221;default&#8221; tablet_text_alignment=&#8221;default&#8221; phone_text_alignment=&#8221;default&#8221; background_color_opacity=&#8221;1&#8243; background_hover_color_opacity=&#8221;1&#8243; column_backdrop_filter=&#8221;none&#8221; column_shadow=&#8221;none&#8221; column_border_radius=&#8221;none&#8221; column_link_target=&#8221;_self&#8221; column_position=&#8221;default&#8221; gradient_direction=&#8221;left_to_right&#8221; overlay_strength=&#8221;0.3&#8243; width=&#8221;1\/2&#8243; tablet_width_inherit=&#8221;default&#8221; animation_type=&#8221;default&#8221; bg_image_animation=&#8221;none&#8221; border_type=&#8221;simple&#8221; column_border_width=&#8221;none&#8221; column_border_style=&#8221;solid&#8221; column_padding_type=&#8221;default&#8221; gradient_type=&#8221;default&#8221;][vc_row_inner column_margin=&#8221;default&#8221; column_direction=&#8221;default&#8221; column_direction_tablet=&#8221;default&#8221; column_direction_phone=&#8221;default&#8221; text_align=&#8221;left&#8221; row_position=&#8221;default&#8221; row_position_tablet=&#8221;inherit&#8221; row_position_phone=&#8221;inherit&#8221; overflow=&#8221;visible&#8221; pointer_events=&#8221;all&#8221;][vc_column_inner column_padding=&#8221;no-extra-padding&#8221; column_padding_tablet=&#8221;inherit&#8221; column_padding_phone=&#8221;inherit&#8221; column_padding_position=&#8221;all&#8221; column_element_direction_desktop=&#8221;default&#8221; column_element_spacing=&#8221;default&#8221; desktop_text_alignment=&#8221;default&#8221; tablet_text_alignment=&#8221;default&#8221; phone_text_alignment=&#8221;default&#8221; background_color_opacity=&#8221;1&#8243; background_hover_color_opacity=&#8221;1&#8243; column_backdrop_filter=&#8221;none&#8221; column_shadow=&#8221;none&#8221; column_border_radius=&#8221;none&#8221; column_link_target=&#8221;_self&#8221; overflow=&#8221;visible&#8221; gradient_direction=&#8221;left_to_right&#8221; overlay_strength=&#8221;0.3&#8243; width=&#8221;1\/1&#8243; tablet_width_inherit=&#8221;default&#8221; animation_type=&#8221;default&#8221; enable_animation=&#8221;true&#8221; animation=&#8221;fade-in-from-bottom&#8221; animation_easing=&#8221;default&#8221; bg_image_animation=&#8221;none&#8221; border_type=&#8221;simple&#8221; column_border_width=&#8221;none&#8221; column_border_style=&#8221;solid&#8221;][vc_custom_heading text=&#8221;Dhurimi i Dhemb\u00ebve&#8221; font_container=&#8221;tag:h1|font_size:40|text_align:left|line_height:50px&#8221; use_theme_fonts=&#8221;yes&#8221;][vc_custom_heading text=&#8221;Dhurimi i dh\u00ebmb\u00ebve \u00ebsht\u00eb nj\u00eb procedur\u00eb dentare q\u00eb p\u00ebrdoret p\u00ebr t\u00eb trajtuar problemet si kalbja e dh\u00ebmb\u00ebve ose thyerja e tyre, dhe p\u00ebr t\u00eb p\u00ebrmir\u00ebsuar estetik\u00ebn e dh\u00ebmb\u00ebve. \u00c7do individ ka struktur\u00eb t\u00eb ve\u00e7ant\u00eb goje dhe dh\u00ebmb\u00eb, prandaj dhurimi i dh\u00ebmb\u00ebve \u00ebsht\u00eb i personalizuar p\u00ebr secilin person. Veneerat dentare mund t\u00eb p\u00ebrdoren p\u00ebr q\u00ebllime funksionale dhe estetike. P\u00ebr q\u00ebllime estetike, ato mund t\u00eb p\u00ebrdoren p\u00ebr t\u00eb korrigjuar probleme si kalbja e dh\u00ebmb\u00ebve, mbushjet e thyera, dh\u00ebmb\u00ebt e t\u00ebrhequr dhe hap\u00ebsirat n\u00eb goj\u00eb. Veneerat funksionale p\u00ebrdoren p\u00ebr t\u00eb trajtuar humbjen e dh\u00ebmb\u00ebve, humbjen e materialeve, thyerjen e dh\u00ebmb\u00ebve, d\u00ebmtimin dhe konsumimin, ose p\u00ebr t\u00eb forcimin e dh\u00ebmb\u00ebve.&#8221; font_container=&#8221;tag:p|text_align:left|color:rgba(10%2C10%2C10%2C0.6)&#8221; use_theme_fonts=&#8221;yes&#8221;][\/vc_column_inner][\/vc_row_inner][\/vc_column][vc_column column_padding=&#8221;no-extra-padding&#8221; column_padding_tablet=&#8221;inherit&#8221; column_padding_phone=&#8221;inherit&#8221; column_padding_position=&#8221;all&#8221; column_element_direction_desktop=&#8221;default&#8221; column_element_spacing=&#8221;default&#8221; desktop_text_alignment=&#8221;default&#8221; tablet_text_alignment=&#8221;default&#8221; phone_text_alignment=&#8221;default&#8221; background_color_opacity=&#8221;1&#8243; background_hover_color_opacity=&#8221;1&#8243; column_backdrop_filter=&#8221;none&#8221; column_shadow=&#8221;none&#8221; column_border_radius=&#8221;none&#8221; column_link_target=&#8221;_self&#8221; column_position=&#8221;default&#8221; gradient_direction=&#8221;left_to_right&#8221; overlay_strength=&#8221;0.3&#8243; width=&#8221;1\/2&#8243; tablet_width_inherit=&#8221;default&#8221; animation_type=&#8221;default&#8221; bg_image_animation=&#8221;none&#8221; border_type=&#8221;simple&#8221; column_border_width=&#8221;none&#8221; column_border_style=&#8221;solid&#8221; column_padding_type=&#8221;default&#8221; gradient_type=&#8221;default&#8221;][image_with_animation image_url=&#8221;754&#8243; image_size=&#8221;full&#8221; animation_type=&#8221;entrance&#8221; animation=&#8221;None&#8221; animation_movement_type=&#8221;transform_y&#8221; hover_animation=&#8221;none&#8221; alignment=&#8221;&#8221; border_radius=&#8221;20px&#8221; box_shadow=&#8221;none&#8221; image_loading=&#8221;default&#8221; max_width=&#8221;100%&#8221; max_width_mobile=&#8221;default&#8221;][\/vc_column][\/vc_row][vc_row type=&#8221;full_width_background&#8221; full_screen_row_position=&#8221;middle&#8221; column_margin=&#8221;default&#8221; column_direction=&#8221;default&#8221; column_direction_tablet=&#8221;default&#8221; column_direction_phone=&#8221;default&#8221; bg_color=&#8221;#f7f7f7&#8243; scene_position=&#8221;center&#8221; top_padding=&#8221;100&#8243; bottom_padding=&#8221;100&#8243; text_color=&#8221;dark&#8221; text_align=&#8221;left&#8221; row_border_radius=&#8221;none&#8221; row_border_radius_applies=&#8221;bg&#8221; overflow=&#8221;visible&#8221; overlay_strength=&#8221;0.3&#8243; gradient_direction=&#8221;left_to_right&#8221; shape_divider_position=&#8221;bottom&#8221; bg_image_animation=&#8221;none&#8221;][vc_column column_padding=&#8221;no-extra-padding&#8221; column_padding_tablet=&#8221;inherit&#8221; column_padding_phone=&#8221;inherit&#8221; column_padding_position=&#8221;all&#8221; column_element_direction_desktop=&#8221;default&#8221; column_element_spacing=&#8221;default&#8221; desktop_text_alignment=&#8221;default&#8221; tablet_text_alignment=&#8221;default&#8221; phone_text_alignment=&#8221;default&#8221; background_color_opacity=&#8221;1&#8243; background_hover_color_opacity=&#8221;1&#8243; column_backdrop_filter=&#8221;none&#8221; column_shadow=&#8221;none&#8221; column_border_radius=&#8221;none&#8221; column_link_target=&#8221;_self&#8221; column_position=&#8221;default&#8221; gradient_direction=&#8221;left_to_right&#8221; overlay_strength=&#8221;0.3&#8243; width=&#8221;1\/1&#8243; tablet_width_inherit=&#8221;default&#8221; animation_type=&#8221;default&#8221; bg_image_animation=&#8221;none&#8221; border_type=&#8221;simple&#8221; column_border_width=&#8221;none&#8221; column_border_style=&#8221;solid&#8221;][vc_column_text]\n<h2>Pyetjet m\u00eb t\u00eb shpeshta rreth dhurimit t\u00eb dh\u00ebmb\u00ebve<\/h2>\n[\/vc_column_text][toggles style=&#8221;minimal&#8221;][toggle color=&#8221;Default&#8221; heading_tag=&#8221;default&#8221; heading_tag_functionality=&#8221;default&#8221; title=&#8221;Si aplikohet dhurimi i dh\u00ebmb\u00ebve?&#8221;][vc_column_text]Procedura e dhurimit t\u00eb dh\u00ebmb\u00ebve fillon me hapin e par\u00eb, q\u00eb \u00ebsht\u00eb ri-shk\u00eblqimi i dh\u00ebmb\u00ebve n\u00eb p\u00ebrputhje me trash\u00ebsin\u00eb e kapak\u00ebve. Pas ri-shk\u00eblqimit, maten dh\u00ebmb\u00ebt p\u00ebrgatitur dhe ky matje d\u00ebrgohet n\u00eb nj\u00eb laborator ku teknicien\u00ebt dentar\u00eb do t\u2019i p\u00ebrgatisin kapak\u00ebt. Procesi i p\u00ebrgatitjes s\u00eb kapak\u00ebve p\u00ebrfshin krijimin e tyre nga matjet dhe zakonisht zgjat 1-2 jav\u00eb.<\/p>\n<p>Kur kapak\u00ebt jan\u00eb gati, procedura dentare fillon me nj\u00eb aplikim t\u00eb anestezis\u00eb lokale p\u00ebr t\u00eb siguruar komoditetin e pacientit. M\u00eb pas, dh\u00ebmb\u00ebt natyral\u00eb t\u00eb pacientit ri-shk\u00eblqen dhe p\u00ebrgatiten p\u00ebr t\u00eb p\u00ebrputhur me kapak\u00ebt p\u00ebr t\u00eb siguruar nj\u00eb p\u00ebrshtatje t\u00eb p\u00ebrsosur. Stomatologu vendos kapakun mbi dh\u00ebmb dhe vler\u00ebson p\u00ebrshtatjen dhe ngjyr\u00ebn, duke b\u00ebr\u00eb rregullimet e nevojshme para se t\u00eb p\u00ebrfundoj\u00eb procedur\u00ebn.<\/p>\n[\/vc_column_text][\/toggle][toggle color=&#8221;Default&#8221; heading_tag=&#8221;default&#8221; heading_tag_functionality=&#8221;default&#8221; title=&#8221;\u00c7far\u00eb lloj dhurimesh dh\u00ebmb\u00ebsh ekzistojn\u00eb?&#8221;][vc_column_text]Trajtimi i dh\u00ebmb\u00ebve me kapak\u00eb p\u00ebrshtatet me nevojat dhe preferencat e individ\u00ebve, dhe ekzistojn\u00eb opsione t\u00eb ndryshme. Disa nga llojet m\u00eb t\u00eb zakonshme t\u00eb dhurimeve t\u00eb dh\u00ebmb\u00ebve jan\u00eb si m\u00eb posht\u00eb:<\/p>\n[\/vc_column_text][\/toggle][toggle color=&#8221;Default&#8221; heading_tag=&#8221;default&#8221; heading_tag_functionality=&#8221;default&#8221; title=&#8221;Kapak\u00ebt Porselen:&#8221;][vc_column_text]K\u00ebto kapak\u00eb sigurojn\u00eb nj\u00eb pamje natyrale dhe jan\u00eb mjaft t\u00eb q\u00ebndruesh\u00ebm. Ata p\u00ebrdoren zakonisht p\u00ebr q\u00ebllime estetike dhe funksionale.<\/p>\n[\/vc_column_text][\/toggle][toggle color=&#8221;Default&#8221; heading_tag=&#8221;default&#8221; heading_tag_functionality=&#8221;default&#8221; title=&#8221;Kapak\u00ebt Zirkon:&#8221;][vc_column_text]Kapak\u00ebt zirkon ofrojn\u00eb nj\u00eb ekuilib\u00ebr mes estetik\u00ebs dhe q\u00ebndrueshm\u00ebris\u00eb. Ata jan\u00eb t\u00eb njohur p\u00ebr forc\u00ebn e tyre dhe aft\u00ebsin\u00eb p\u00ebr t\u00eb imituar dh\u00ebmb\u00ebt natyral\u00eb.<\/p>\n[\/vc_column_text][\/toggle][toggle color=&#8221;Default&#8221; heading_tag=&#8221;default&#8221; heading_tag_functionality=&#8221;default&#8221; title=&#8221;Kapak\u00ebt Kompozit:&#8221;][vc_column_text]Veneer\u00ebt kompozit jan\u00eb b\u00ebr\u00eb nga material rezine me ngjyr\u00eb dh\u00ebmbi dhe jan\u00eb m\u00eb t\u00eb p\u00ebrballuesh\u00ebm krahasuar me veneer\u00ebt porselen. Ata mund t\u00eb aplikohen p\u00ebr nj\u00eb dh\u00ebmb t\u00eb vet\u00ebm.<\/p>\n[\/vc_column_text][\/toggle][toggle color=&#8221;Default&#8221; heading_tag=&#8221;default&#8221; heading_tag_functionality=&#8221;default&#8221; title=&#8221;Kapak\u00ebt Empress:&#8221;][vc_column_text]Veneer\u00ebt Empress jan\u00eb nj\u00eb lloj kapaku seramik q\u00eb jan\u00eb t\u00eb njohur p\u00ebr t\u00ebrheqjen estetike. Ata jan\u00eb m\u00eb pak t\u00eb q\u00ebndruesh\u00ebm n\u00eb krahasim me opsionet e tjera.<\/p>\n[\/vc_column_text][\/toggle][toggle color=&#8221;Default&#8221; heading_tag=&#8221;default&#8221; heading_tag_functionality=&#8221;default&#8221; title=&#8221;Kapak\u00ebt Laminat:&#8221;][vc_column_text]Kapak\u00ebt Emax jan\u00eb kapak\u00eb t\u00eb holl\u00eb porselen q\u00eb aplikohen n\u00eb pjes\u00ebn e p\u00ebrparme t\u00eb dh\u00ebmb\u00ebve. Zakonisht p\u00ebrdoren p\u00ebr p\u00ebrfitimet estetike.<\/p>\n[\/vc_column_text][\/toggle][toggle color=&#8221;Default&#8221; heading_tag=&#8221;default&#8221; heading_tag_functionality=&#8221;default&#8221; title=&#8221;Kapak\u00ebt Emax:&#8221;][vc_column_text]K\u00ebto kapak\u00eb jan\u00eb b\u00ebr\u00eb nga nj\u00eb lloj qeramike litiumi disilikat, t\u00eb njohur p\u00ebr q\u00ebndrueshm\u00ebrin\u00eb dhe pamjen natyrale.<\/p>\n[\/vc_column_text][\/toggle][toggle color=&#8221;Default&#8221; heading_tag=&#8221;default&#8221; heading_tag_functionality=&#8221;default&#8221; title=&#8221;Cili \u00ebsht\u00eb kapaku m\u00eb i mir\u00eb p\u00ebr dh\u00ebmb\u00ebt?&#8221;][vc_column_text]Zgjedhja e kapak\u00ebve t\u00eb dh\u00ebmb\u00ebve mund t\u00eb varet nga nevojat dhe preferencat individuale. N\u00ebse estetika \u00ebsht\u00eb shqet\u00ebsimi kryesor, kapak\u00ebt porselen ose zirkon jan\u00eb shpesh zgjedhje t\u00eb preferuara p\u00ebr shkak t\u00eb pamjes s\u00eb tyre natyrale. Megjithat\u00eb, n\u00ebse nj\u00eb dh\u00ebmb ka d\u00ebmtime t\u00eb konsiderueshme ose kalbje, kapak\u00ebt kompozit mund t\u00eb jen\u00eb nj\u00eb mund\u00ebsi m\u00eb e p\u00ebrshtatshme. \u00cbsht\u00eb shum\u00eb e r\u00ebnd\u00ebsishme t\u00eb konsultoheni me nj\u00eb stomatolog p\u00ebr t\u00eb p\u00ebrcaktuar llojin m\u00eb t\u00eb mir\u00eb t\u00eb kapakut p\u00ebr situat\u00ebn tuaj t\u00eb ve\u00e7ant\u00eb.<\/p>\n[\/vc_column_text][\/toggle][toggle color=&#8221;Default&#8221; heading_tag=&#8221;default&#8221; heading_tag_functionality=&#8221;default&#8221; title=&#8221;Kur \u00ebsht\u00eb e nevojshme dhurimi i dh\u00ebmb\u00ebve?&#8221;][vc_column_text]Dhurimi i dh\u00ebmb\u00ebve mund t\u00eb jet\u00eb i nevojsh\u00ebm n\u00eb k\u00ebto raste:<br \/>\nKalbja ose D\u00ebmtimi i Dh\u00ebmb\u00ebve: Kapak\u00ebt mund t\u00eb p\u00ebrdoren p\u00ebr t\u00eb mbrojtur dhe riparuar dh\u00ebmb\u00ebt e kalbur, t\u00eb thyer ose t\u00eb dob\u00ebsuar.<\/p>\n<p>Probleme Estetike: Kapak\u00ebt mund t\u00eb zgjidhin probleme kozmetike si ndryshimi i ngjyr\u00ebs s\u00eb dh\u00ebmb\u00ebve, forma ose rregullimi i tyre.<\/p>\n<p>Dollap\u00ebt e M\u00ebdhenj: Dh\u00ebmb\u00ebt me dollap\u00eb t\u00eb m\u00ebdhenj mund t\u00eb ken\u00eb nevoj\u00eb p\u00ebr mb\u00ebshtetje shtes\u00eb q\u00eb mund t\u00eb ofrohet nga kapak\u00ebt.<\/p>\n<p>Rikthimi i Funksionalitetit: Kapak\u00ebt mund t\u00eb rikthejn\u00eb funksionalitetin e dh\u00ebmb\u00ebve t\u00eb konsumuar ose t\u00eb d\u00ebmtuar.<\/p>\n<p>Implantet: Kapak\u00ebt mund t\u00eb p\u00ebrdoren p\u00ebr t\u00eb krijuar struktura dh\u00ebmb\u00ebsh mbi implantet dentare.<\/p>\n[\/vc_column_text][\/toggle][\/toggles][\/vc_column][\/vc_row]\n","protected":false},"excerpt":{"rendered":"<p>[vc_row type=&#8221;in_container&#8221; full_screen_row_position=&#8221;middle&#8221; column_margin=&#8221;default&#8221; equal_height=&#8221;yes&#8221; content_placement=&#8221;middle&#8221; column_direction=&#8221;default&#8221; column_direction_tablet=&#8221;default&#8221; column_direction_phone=&#8221;default&#8221; bg_color=&#8221;#ffffff&#8221; scene_position=&#8221;center&#8221; text_color=&#8221;dark&#8221; text_align=&#8221;left&#8221; row_border_radius=&#8221;none&#8221; row_border_radius_applies=&#8221;bg&#8221; overflow=&#8221;visible&#8221; overlay_strength=&#8221;0.3&#8243; gradient_direction=&#8221;left_to_right&#8221; shape_divider_position=&#8221;bottom&#8221; bg_image_animation=&#8221;none&#8221; gradient_type=&#8221;default&#8221; shape_type=&#8221;&#8221;][vc_column column_padding=&#8221;padding-5-percent&#8221; column_padding_tablet=&#8221;inherit&#8221; column_padding_phone=&#8221;inherit&#8221; column_padding_position=&#8221;all&#8221; column_element_direction_desktop=&#8221;default&#8221; column_element_spacing=&#8221;default&#8221; desktop_text_alignment=&#8221;default&#8221; tablet_text_alignment=&#8221;default&#8221;&#8230;<\/p>\n","protected":false},"author":2,"featured_media":0,"parent":0,"menu_order":0,"comment_status":"closed","ping_status":"closed","template":"","meta":{"footnotes":""},"class_list":["post-6427","page","type-page","status-publish"],"_links":{"self":[{"href":"https:\/\/qualitylifehealth.com\/sq\/wp-json\/wp\/v2\/pages\/6427","targetHints":{"allow":["GET"]}}],"collection":[{"href":"https:\/\/qualitylifehealth.com\/sq\/wp-json\/wp\/v2\/pages"}],"about":[{"href":"https:\/\/qualitylifehealth.com\/sq\/wp-json\/wp\/v2\/types\/page"}],"author":[{"embeddable":true,"href":"https:\/\/qualitylifehealth.com\/sq\/wp-json\/wp\/v2\/users\/2"}],"replies":[{"embeddable":true,"href":"https:\/\/qualitylifehealth.com\/sq\/wp-json\/wp\/v2\/comments?post=6427"}],"version-history":[{"count":3,"href":"https:\/\/qualitylifehealth.com\/sq\/wp-json\/wp\/v2\/pages\/6427\/revisions"}],"predecessor-version":[{"id":6431,"href":"https:\/\/qualitylifehealth.com\/sq\/wp-json\/wp\/v2\/pages\/6427\/revisions\/6431"}],"wp:attachment":[{"href":"https:\/\/qualitylifehealth.com\/sq\/wp-json\/wp\/v2\/media?parent=6427"}],"curies":[{"name":"wp","href":"https:\/\/api.w.org\/{rel}","templated":true}]}}