{"id":9727,"date":"2026-02-18T21:30:09","date_gmt":"2026-02-18T18:30:09","guid":{"rendered":"https:\/\/qualitylifehealth.com\/cerez-politikasi\/"},"modified":"2026-02-18T23:08:17","modified_gmt":"2026-02-18T20:08:17","slug":"cerez-politikasi","status":"publish","type":"page","link":"https:\/\/qualitylifehealth.com\/sq\/cerez-politikasi\/","title":{"rendered":"\u00c7erez Politikas\u0131"},"content":{"rendered":"[vc_row type=&#8221;in_container&#8221; full_screen_row_position=&#8221;middle&#8221; column_margin=&#8221;default&#8221; column_direction=&#8221;default&#8221; column_direction_tablet=&#8221;default&#8221; column_direction_phone=&#8221;default&#8221; scene_position=&#8221;center&#8221; top_padding=&#8221;5%&#8221; constrain_group_1=&#8221;yes&#8221; bottom_padding=&#8221;5%&#8221; text_color=&#8221;dark&#8221; text_align=&#8221;left&#8221; row_border_radius=&#8221;none&#8221; row_border_radius_applies=&#8221;bg&#8221; overflow=&#8221;visible&#8221; overlay_strength=&#8221;0.3&#8243; gradient_direction=&#8221;left_to_right&#8221; shape_divider_position=&#8221;bottom&#8221; bg_image_animation=&#8221;none&#8221; gradient_type=&#8221;default&#8221; shape_type=&#8221;&#8221;][vc_column column_padding=&#8221;no-extra-padding&#8221; column_padding_tablet=&#8221;inherit&#8221; column_padding_phone=&#8221;inherit&#8221; column_padding_position=&#8221;all&#8221; column_element_direction_desktop=&#8221;default&#8221; column_element_spacing=&#8221;default&#8221; desktop_text_alignment=&#8221;default&#8221; tablet_text_alignment=&#8221;default&#8221; phone_text_alignment=&#8221;default&#8221; background_color_opacity=&#8221;1&#8243; background_hover_color_opacity=&#8221;1&#8243; column_backdrop_filter=&#8221;none&#8221; column_shadow=&#8221;none&#8221; column_border_radius=&#8221;none&#8221; column_link_target=&#8221;_self&#8221; column_position=&#8221;default&#8221; gradient_direction=&#8221;left_to_right&#8221; overlay_strength=&#8221;0.3&#8243; width=&#8221;1\/1&#8243; tablet_width_inherit=&#8221;default&#8221; animation_type=&#8221;default&#8221; bg_image_animation=&#8221;none&#8221; border_type=&#8221;simple&#8221; column_border_width=&#8221;none&#8221; column_border_style=&#8221;solid&#8221;][vc_column_text]POLITIKA E COOKIE-VE<\/p>\n<p>1. Kontrolluesi i t\u00eb Dh\u00ebnave<\/p>\n<p>Kjo Politik\u00eb e Cookie-ve \u00ebsht\u00eb p\u00ebrgatitur nga:<br \/>\nSM\u0130RN\u0130 SA\u011eLIK H\u0130ZMETLER\u0130 TUR\u0130ZM DANI\u015eMANLIK ACENTES\u0130 \u0130N\u015e. SAN. T\u0130C. LTD. \u015eT\u0130<br \/>\n(Mark\u00eb e regjistruar: QUALITY LIFE HEALTH TRAVEL)<br \/>\nNr. Tatimor: 7721554065<br \/>\nAdresa: Kartaltepe Mahallesi Saydam Sokak No:13\/A K\u00fc\u00e7\u00fck\u00e7ekmece \/ Istanbul<br \/>\n(\u201cKompania\u201d ose \u201cQuality Life Health Travel\u201d)<\/p>\n<p>Kompania jon\u00eb ofron sh\u00ebrbime organizimi dhe k\u00ebshillimi p\u00ebr pacient\u00ebt q\u00eb vijn\u00eb nga jasht\u00eb, kryesisht nga vendet evropiane, p\u00ebr t\u00eb marr\u00eb sh\u00ebrbime sh\u00ebndet\u00ebsore n\u00eb Turqi.<\/p>\n<p>T\u00eb dh\u00ebnat personale t\u00eb p\u00ebrdoruesve q\u00eb vizitojn\u00eb faqen ton\u00eb t\u00eb internetit p\u00ebrpunohen n\u00eb p\u00ebrputhje me:<br \/>\n\u2022 Ligjin nr. 6698 p\u00ebr Mbrojtjen e t\u00eb Dh\u00ebnave Personale (KVKK)<br \/>\n\u2022 Rregulloren e P\u00ebrgjithshme t\u00eb Mbrojtjes s\u00eb t\u00eb Dh\u00ebnave t\u00eb Bashkimit Evropian (GDPR)<\/p>\n<p>2. \u00c7far\u00eb jan\u00eb Cookie-t?<\/p>\n<p>Cookie-t jan\u00eb skedar\u00eb t\u00eb vegj\u00ebl teksti q\u00eb ruhen n\u00eb pajisjen tuaj p\u00ebrmes shfletuesit kur vizitoni nj\u00eb faqe interneti. Ato mund\u00ebsojn\u00eb funksionimin e duhur t\u00eb faqes, p\u00ebrmir\u00ebsojn\u00eb p\u00ebrvoj\u00ebn e p\u00ebrdoruesit dhe mbajn\u00eb mend preferencat tuaja.<\/p>\n<p>3. Llojet e Cookie-ve t\u00eb p\u00ebrdorura<br \/>\n3.1. Cookie t\u00eb detyrueshme<\/p>\n<p>Jan\u00eb t\u00eb nevojshme p\u00ebr funksionimin e sigurt dhe korrekt t\u00eb faqes s\u00eb internetit. Menaxhimi i sesionit dhe proceset e siguris\u00eb sigurohen p\u00ebrmes k\u00ebtyre cookie-ve.<\/p>\n<p>3.2. Cookie t\u00eb performanc\u00ebs dhe analitik\u00ebs<\/p>\n<p>P\u00ebrdoren p\u00ebr t\u00eb analizuar p\u00ebrdorimin e faqes s\u00eb internetit.<br \/>\nP\u00ebr shembull:<br \/>\nGoogle Analytics<\/p>\n<p>Fal\u00eb k\u00ebtyre cookie-ve analizohen n\u00eb m\u00ebnyr\u00eb anonime dhe t\u00eb p\u00ebrmbledhur:<br \/>\n\u2022 Numri i vizitor\u00ebve<br \/>\n\u2022 Burimet e trafikut<br \/>\n\u2022 Faqet m\u00eb t\u00eb vizituara<br \/>\n\u2022 Sjelljet e p\u00ebrdoruesve<\/p>\n<p>3.3. Cookie funksionale<\/p>\n<p>P\u00ebrdoren p\u00ebr t\u00eb kujtuar zgjedhjet e p\u00ebrdoruesit, si p\u00ebr shembull preferenc\u00ebn e gjuh\u00ebs (Turqisht \/ Anglisht \/ Gjermanisht).<\/p>\n<p>3.4. Cookie t\u00eb marketingut dhe reklamave<\/p>\n<p>Sigurojn\u00eb q\u00eb p\u00ebrdoruesve t\u2019u shfaqen p\u00ebrmbajtje dhe reklama n\u00eb p\u00ebrputhje me interesat e tyre.<br \/>\nMjetet q\u00eb mund t\u00eb p\u00ebrdoren:<br \/>\n\u2022 Meta (Facebook \/ Instagram)<br \/>\n\u2022 Google Ads<\/p>\n<p>K\u00ebto cookie mund t\u00eb mund\u00ebsojn\u00eb shfaqjen e p\u00ebrmbajtjeve p\u00ebrkat\u00ebse n\u00eb platforma t\u00eb tjera dixhitale pas vizit\u00ebs suaj.<\/p>\n<p>4. Q\u00ebllimet e p\u00ebrpunimit t\u00eb t\u00eb dh\u00ebnave personale<\/p>\n<p>T\u00eb dh\u00ebnat e mbledhura p\u00ebrmes cookie-ve p\u00ebrpunohen p\u00ebr q\u00ebllimet e m\u00ebposhtme:<br \/>\n\u2022 Sigurimi i siguris\u00eb s\u00eb faqes s\u00eb internetit<br \/>\n\u2022 P\u00ebrmir\u00ebsimi i cil\u00ebsis\u00eb s\u00eb sh\u00ebrbimeve<br \/>\n\u2022 P\u00ebrmir\u00ebsimi i p\u00ebrvoj\u00ebs s\u00eb p\u00ebrdoruesve, ve\u00e7an\u00ebrisht p\u00ebr pacient\u00ebt nga vendet evropiane<br \/>\n\u2022 Kryerja e aktiviteteve t\u00eb marketingut dhe reklamave<br \/>\n\u2022 Analiza statistikore<br \/>\n\u2022 P\u00ebrmbushja e detyrimeve ligjore<\/p>\n<p>5. Baza ligjore<\/p>\n<p>T\u00eb dh\u00ebnat tuaja p\u00ebrpunohen bazuar n\u00eb:<br \/>\n\u2022 Interesin legjitim sipas nenit 5\/2 t\u00eb KVKK<br \/>\n\u2022 P\u00eblqimin tuaj t\u00eb qart\u00eb p\u00ebr cookie q\u00eb k\u00ebrkojn\u00eb p\u00eblqim<br \/>\n\u2022 P\u00eblqimin e qart\u00eb dhe interesin legjitim sipas nenit 6 t\u00eb GDPR<\/p>\n<p>N\u00eb rast t\u00eb aksesit nga vendet e Bashkimit Evropian, zbatohen dispozitat e GDPR.<\/p>\n<p>6. Transferimi i t\u00eb dh\u00ebnave jasht\u00eb vendit<\/p>\n<p>P\u00ebr shkak t\u00eb sh\u00ebrbimeve t\u00eb disa pal\u00ebve t\u00eb treta (si Google dhe Meta), t\u00eb dh\u00ebnat personale mund t\u00eb transferohen n\u00eb server\u00eb jasht\u00eb vendit.<br \/>\nKy transferim kryhet n\u00eb p\u00ebrputhje me nenin 9 t\u00eb KVKK dhe rregullat e transferimit t\u00eb t\u00eb dh\u00ebnave sipas GDPR, duke marr\u00eb masat e nevojshme teknike dhe administrative.<\/p>\n<p>7. Afati i ruajtjes s\u00eb cookie-ve<\/p>\n<p>Cookie-t mund t\u00eb ruhen:<br \/>\n\u2022 Gjat\u00eb sesionit (cookie t\u00eb p\u00ebrkohshme)<br \/>\n\u2022 P\u00ebr nj\u00eb periudh\u00eb t\u00eb caktuar (cookie t\u00eb p\u00ebrhershme)<\/p>\n<p>Afatet e ruajtjes ndryshojn\u00eb sipas llojit t\u00eb cookie-ve.<\/p>\n<p>8. Kontrolli i cookie-ve<\/p>\n<p>Duke ndryshuar cil\u00ebsimet e shfletuesit tuaj mund t\u00eb:<br \/>\n\u2022 Bllokoni cookie-t<br \/>\n\u2022 Fshini cookie-t<br \/>\n\u2022 Merrni njoftime p\u00ebr p\u00ebrdorimin e cookie-ve<\/p>\n<p>Megjithat\u00eb, \u00e7aktivizimi i disa cookie-ve mund t\u00eb b\u00ebj\u00eb q\u00eb disa funksione t\u00eb faqes t\u00eb mos funksionojn\u00eb si\u00e7 duhet.<\/p>\n<p>9. T\u00eb drejtat e subjektit t\u00eb t\u00eb dh\u00ebnave<\/p>\n<p>Sipas KVKK:<br \/>\n\u2022 T\u00eb m\u00ebsoni n\u00ebse t\u00eb dh\u00ebnat tuaja personale p\u00ebrpunohen<br \/>\n\u2022 T\u00eb k\u00ebrkoni informacion n\u00ebse jan\u00eb p\u00ebrpunuar<br \/>\n\u2022 T\u00eb k\u00ebrkoni korrigjim<br \/>\n\u2022 T\u00eb k\u00ebrkoni fshirje ose shkat\u00ebrrim<br \/>\n\u2022 T\u00eb k\u00ebrkoni informacion mbi transferimin jasht\u00eb vendit<\/p>\n<p>Sipas GDPR (p\u00ebr vizitor\u00ebt e BE-s\u00eb):<br \/>\n\u2022 E drejta e aksesit<br \/>\n\u2022 E drejta e korrigjimit<br \/>\n\u2022 E drejta e fshirjes (Right to be Forgotten)<br \/>\n\u2022 E drejta e transportueshm\u00ebris\u00eb s\u00eb t\u00eb dh\u00ebnave<br \/>\n\u2022 E drejta e kund\u00ebrshtimit ndaj p\u00ebrpunimit<\/p>\n<p>10. Kontakt<\/p>\n<p>Mund t\u00eb d\u00ebrgoni k\u00ebrkesat tuaja p\u00ebrmes informacionit t\u00eb m\u00ebposht\u00ebm t\u00eb kontaktit:<\/p>\n<p>SM\u0130RN\u0130 SA\u011eLIK H\u0130ZMETLER\u0130 TUR\u0130ZM DANI\u015eMANLIK ACENTES\u0130 \u0130N\u015e. SAN. T\u0130C. LTD. \u015eT\u0130<br \/>\n(Mark\u00eb e regjistruar: QUALITY LIFE HEALTH TRAVEL)<br \/>\nAdresa: Kartaltepe Mahallesi Saydam Sokak No:13\/A K\u00fc\u00e7\u00fck\u00e7ekmece \/ Istanbul<br \/>\nNr. Tatimor: 7721554065<br \/>\nE-mail: consultancy@qualitylifehealthtravel.info<\/p>\n<p>smirnisaglikhizmetleri@hs01.kep.tr<\/p>\n<p>11. P\u00ebrdit\u00ebsimet<\/p>\n<p>Kompania jon\u00eb rezervon t\u00eb drejt\u00ebn p\u00ebr t\u00eb p\u00ebrdit\u00ebsuar k\u00ebt\u00eb Politik\u00eb t\u00eb Cookie-ve n\u00eb p\u00ebrputhje me ndryshimet ligjore ose nevojat operative. Versioni i p\u00ebrdit\u00ebsuar hyn n\u00eb fuqi nga data e publikimit n\u00eb faqen ton\u00eb t\u00eb internetit.[\/vc_column_text][\/vc_column][\/vc_row]\n","protected":false},"excerpt":{"rendered":"<p>[vc_row type=&#8221;in_container&#8221; full_screen_row_position=&#8221;middle&#8221; column_margin=&#8221;default&#8221; column_direction=&#8221;default&#8221; column_direction_tablet=&#8221;default&#8221; column_direction_phone=&#8221;default&#8221; scene_position=&#8221;center&#8221; top_padding=&#8221;5%&#8221; constrain_group_1=&#8221;yes&#8221; bottom_padding=&#8221;5%&#8221; text_color=&#8221;dark&#8221; text_align=&#8221;left&#8221; row_border_radius=&#8221;none&#8221; row_border_radius_applies=&#8221;bg&#8221; overflow=&#8221;visible&#8221; overlay_strength=&#8221;0.3&#8243; gradient_direction=&#8221;left_to_right&#8221; shape_divider_position=&#8221;bottom&#8221; bg_image_animation=&#8221;none&#8221; gradient_type=&#8221;default&#8221; shape_type=&#8221;&#8221;][vc_column column_padding=&#8221;no-extra-padding&#8221; column_padding_tablet=&#8221;inherit&#8221; column_padding_phone=&#8221;inherit&#8221; column_padding_position=&#8221;all&#8221; column_element_direction_desktop=&#8221;default&#8221; column_element_spacing=&#8221;default&#8221; desktop_text_alignment=&#8221;default&#8221; tablet_text_alignment=&#8221;default&#8221;&#8230;<\/p>\n","protected":false},"author":2,"featured_media":0,"parent":0,"menu_order":0,"comment_status":"closed","ping_status":"closed","template":"","meta":{"footnotes":""},"class_list":["post-9727","page","type-page","status-publish"],"_links":{"self":[{"href":"https:\/\/qualitylifehealth.com\/sq\/wp-json\/wp\/v2\/pages\/9727","targetHints":{"allow":["GET"]}}],"collection":[{"href":"https:\/\/qualitylifehealth.com\/sq\/wp-json\/wp\/v2\/pages"}],"about":[{"href":"https:\/\/qualitylifehealth.com\/sq\/wp-json\/wp\/v2\/types\/page"}],"author":[{"embeddable":true,"href":"https:\/\/qualitylifehealth.com\/sq\/wp-json\/wp\/v2\/users\/2"}],"replies":[{"embeddable":true,"href":"https:\/\/qualitylifehealth.com\/sq\/wp-json\/wp\/v2\/comments?post=9727"}],"version-history":[{"count":1,"href":"https:\/\/qualitylifehealth.com\/sq\/wp-json\/wp\/v2\/pages\/9727\/revisions"}],"predecessor-version":[{"id":9803,"href":"https:\/\/qualitylifehealth.com\/sq\/wp-json\/wp\/v2\/pages\/9727\/revisions\/9803"}],"wp:attachment":[{"href":"https:\/\/qualitylifehealth.com\/sq\/wp-json\/wp\/v2\/media?parent=9727"}],"curies":[{"name":"wp","href":"https:\/\/api.w.org\/{rel}","templated":true}]}}