{"id":9745,"date":"2026-02-18T21:28:54","date_gmt":"2026-02-18T18:28:54","guid":{"rendered":"https:\/\/qualitylifehealth.com\/kvkk\/"},"modified":"2026-04-12T23:51:29","modified_gmt":"2026-04-12T20:51:29","slug":"kvkk","status":"publish","type":"page","link":"https:\/\/qualitylifehealth.com\/sq\/kvkk\/","title":{"rendered":"kvkk"},"content":{"rendered":"[vc_row type=&#8221;in_container&#8221; full_screen_row_position=&#8221;middle&#8221; column_margin=&#8221;default&#8221; column_direction=&#8221;default&#8221; column_direction_tablet=&#8221;default&#8221; column_direction_phone=&#8221;default&#8221; scene_position=&#8221;center&#8221; top_padding=&#8221;5%&#8221; constrain_group_1=&#8221;yes&#8221; bottom_padding=&#8221;5%&#8221; text_color=&#8221;dark&#8221; text_align=&#8221;left&#8221; row_border_radius=&#8221;none&#8221; row_border_radius_applies=&#8221;bg&#8221; overflow=&#8221;visible&#8221; overlay_strength=&#8221;0.3&#8243; gradient_direction=&#8221;left_to_right&#8221; shape_divider_position=&#8221;bottom&#8221; bg_image_animation=&#8221;none&#8221; gradient_type=&#8221;default&#8221; shape_type=&#8221;&#8221;][vc_column column_padding=&#8221;no-extra-padding&#8221; column_padding_tablet=&#8221;inherit&#8221; column_padding_phone=&#8221;inherit&#8221; column_padding_position=&#8221;all&#8221; column_element_direction_desktop=&#8221;default&#8221; column_element_spacing=&#8221;default&#8221; desktop_text_alignment=&#8221;default&#8221; tablet_text_alignment=&#8221;default&#8221; phone_text_alignment=&#8221;default&#8221; background_color_opacity=&#8221;1&#8243; background_hover_color_opacity=&#8221;1&#8243; column_backdrop_filter=&#8221;none&#8221; column_shadow=&#8221;none&#8221; column_border_radius=&#8221;none&#8221; column_link_target=&#8221;_self&#8221; column_position=&#8221;default&#8221; gradient_direction=&#8221;left_to_right&#8221; overlay_strength=&#8221;0.3&#8243; width=&#8221;1\/1&#8243; tablet_width_inherit=&#8221;default&#8221; animation_type=&#8221;default&#8221; bg_image_animation=&#8221;none&#8221; border_type=&#8221;simple&#8221; column_border_width=&#8221;none&#8221; column_border_style=&#8221;solid&#8221;][vc_column_text]SM\u0130RN\u0130 SA\u011eLIK H\u0130ZMETLER\u0130 TUR\u0130ZM DANI\u015eMANLIK T\u0130CARET L\u0130M\u0130TED \u015e\u0130RKET\u0130<\/p>\n<p>TEKST INFORMUES MBI P\u00cbRPUNIMIN E T\u00cb DH\u00cbNAVE PERSONALE (KVKK)<\/p>\n<p>IDENTITETI I KONTROLLUESIT T\u00cb T\u00cb DH\u00cbNAVE<\/p>\n<p>SM\u0130RN\u0130 SA\u011eLIK H\u0130ZMETLER\u0130<br \/>\nAdresa: Kartaltepe Mah. Saydam Sok. No:13\/A K\u00fc\u00e7\u00fck\u00e7ekmece \/ Stamboll<br \/>\nTelefoni: 05449581719 &#8211; 05389714933<\/p>\n<p>Shoq\u00ebria SM\u0130RN\u0130 SA\u011eLIK H\u0130ZMETLER\u0130 TUR\u0130ZM DANI\u015eMANLIK T\u0130CARET L\u0130M\u0130TED \u015e\u0130RKET\u0130, q\u00eb operon n\u00ebn mark\u00ebn Quality Life Health Travel, ju informon n\u00eb p\u00ebrputhje me Ligjin nr. 6698 p\u00ebr Mbrojtjen e t\u00eb Dh\u00ebnave Personale (\u201cKVKK\u201d).<\/p>\n<p>1. Kontrolluesi i t\u00eb dh\u00ebnave<\/p>\n<p>N\u00eb p\u00ebrputhje me Ligjin nr. 6698 p\u00ebr Mbrojtjen e t\u00eb Dh\u00ebnave Personale (\u201cKVKK\u201d), kontrolluesi i t\u00eb dh\u00ebnave \u00ebsht\u00eb:<\/p>\n<p>SM\u0130RN\u0130 SA\u011eLIK H\u0130ZMETLER\u0130 TUR\u0130ZM DANI\u015eMANLIK T\u0130CARET L\u0130M\u0130TED \u015e\u0130RKET\u0130<br \/>\nFaqja e internetit: https:\/\/qualitylifehealth.com<\/p>\n<p>E-mail: info@qualitylifehealth.com<\/p>\n<p>Adresa: Kartaltepe Mah. Saydam Sok. No:13\/A K\u00fc\u00e7\u00fck\u00e7ekmece \/ Stamboll<\/p>\n<p>2. Kategorit\u00eb e t\u00eb dh\u00ebnave personale t\u00eb p\u00ebrpunuara<\/p>\n<p>T\u00eb dh\u00ebnat e m\u00ebposhtme personale q\u00eb ndani me ne ose q\u00eb merren gjat\u00eb procesit t\u00eb ofrimit t\u00eb sh\u00ebrbimit mund t\u00eb p\u00ebrpunohen:<\/p>\n<p>T\u00eb dh\u00ebna identifikuese:<\/p>\n<p>Emri dhe mbiemri, t\u00eb dh\u00ebnat e pasaport\u00ebs, data e lindjes, shtet\u00ebsia.<\/p>\n<p>T\u00eb dh\u00ebna kontakti:<\/p>\n<p>Numri i telefonit, adresa e emailit, t\u00eb dh\u00ebnat e kontaktit WhatsApp, adresa.<\/p>\n<p>T\u00eb dh\u00ebna sh\u00ebndet\u00ebsore (kategori e ve\u00e7ant\u00eb e t\u00eb dh\u00ebnave personale):<\/p>\n<p>T\u00eb dh\u00ebnat tuaja sh\u00ebndet\u00ebsore p\u00ebrpunohen vet\u00ebm p\u00ebr:<\/p>\n<p>organizimin e sh\u00ebrbimeve t\u00eb turizmit sh\u00ebndet\u00ebsor,<br \/>\nplanifikimin e takimeve dhe vizitave,<br \/>\nkoordinimin e proceseve t\u00eb trajtimit,<br \/>\ntransferimin e dosjeve mjek\u00ebsore tek institucionet sh\u00ebndet\u00ebsore t\u00eb autorizuara,<br \/>\nplanifikimin e udh\u00ebtimit dhe akomodimit n\u00eb p\u00ebrputhje me trajtimin,<br \/>\np\u00ebrmbushjen e detyrimeve ligjore.<\/p>\n<p>K\u00ebto t\u00eb dh\u00ebna p\u00ebrpunohen vet\u00ebm p\u00ebrmes institucioneve sh\u00ebndet\u00ebsore dhe mjek\u00ebve t\u00eb autorizuar, n\u00eb p\u00ebrputhje me legjislacionin n\u00eb fuqi dhe n\u00ebn p\u00ebrgjegj\u00ebsin\u00eb e tyre.<\/p>\n<p>T\u00eb dh\u00ebna financiare:<\/p>\n<p>T\u00eb dh\u00ebna faturimi, regjistrime pagesash.<\/p>\n<p>T\u00eb dh\u00ebna logjistike:<\/p>\n<p>Informacion mbi fluturimet, transfertat dhe rezervimet e akomodimit.<\/p>\n<p>T\u00eb dh\u00ebna dixhitale:<\/p>\n<p>Adresa IP, cookies, t\u00eb dh\u00ebna mbi p\u00ebrdorimin e faqes, formular\u00eb dhe regjistrime aplikimesh.<\/p>\n<p>3. Q\u00ebllimet e p\u00ebrpunimit t\u00eb t\u00eb dh\u00ebnave personale<\/p>\n<p>T\u00eb dh\u00ebnat tuaja personale p\u00ebrpunohen p\u00ebr q\u00ebllimet e m\u00ebposhtme:<\/p>\n<p>Planifikimi i aktiviteteve t\u00eb kryera drejtp\u00ebrdrejt ose t\u00ebrthorazi nga Quality Life Health Travel<br \/>\nOfrimi i sh\u00ebrbimeve nd\u00ebrmjet\u00ebsuese n\u00eb turizmin sh\u00ebndet\u00ebsor<br \/>\nOrganizimi i takimeve me klinika, spitale dhe mjek\u00eb<br \/>\nKoordinimi midis pacientit, klinik\u00ebs dhe nd\u00ebrmjet\u00ebsit<br \/>\nRegjistrimi i pacient\u00ebve n\u00eb portalin HealthT\u00fcrkiye, njoftimet p\u00ebr trajtimin, ngarkimi i raporteve mjek\u00ebsore dhe raportimi tek USHA\u015e<br \/>\nPlanifikimi i transfertave, akomodimit dhe udh\u00ebtimit<br \/>\nMenaxhimi i kontabilitetit dhe financave<br \/>\nKomunikimi p\u00ebrmes WhatsApp Business, telefonit dhe emailit<br \/>\nMenaxhimi i ndjekjes s\u00eb pacient\u00ebve p\u00ebrmes sistemit CRM Bitrix24<br \/>\nP\u00ebrmir\u00ebsimi i cil\u00ebsis\u00eb s\u00eb sh\u00ebrbimit dhe proceseve operacionale<br \/>\nMenaxhimi i ankesave dhe k\u00ebrkesave p\u00ebr akses ose korrigjim<br \/>\nP\u00ebrmbushja e detyrimeve ligjore<br \/>\nGarantimi i siguris\u00eb juridike t\u00eb Quality Life Health Travel<br \/>\nReklamim, marketing dhe media sociale \u2013 me p\u00eblqim t\u00eb shprehur<br \/>\n4. Baza ligjore e p\u00ebrpunimit<\/p>\n<p>T\u00eb dh\u00ebnat tuaja personale p\u00ebrpunohen mbi bazat e m\u00ebposhtme ligjore:<\/p>\n<p>Neni 5\/2-c (lidhja dhe zbatimi i kontrat\u00ebs)<\/p>\n<p>P\u00ebr lidhjen, zbatimin dhe p\u00ebrmbushjen e detyrimeve kontraktore.<\/p>\n<p>Neni 5\/2-\u00e7 (detyrime ligjore)<\/p>\n<p>P\u00ebr p\u00ebrmbushjen e detyrimeve sipas legjislacionit n\u00eb fuqi.<\/p>\n<p>Neni 5\/2-f (interesi legjitim)<\/p>\n<p>P\u00ebr mbrojtjen e interesave legjitime t\u00eb kontrolluesit.<\/p>\n<p>Neni 6\/3 (t\u00eb dh\u00ebnat sh\u00ebndet\u00ebsore)<\/p>\n<p>P\u00ebr organizimin e turizmit sh\u00ebndet\u00ebsor, koordinimin e trajtimit dhe logjistik\u00ebn.<\/p>\n<p>Nenit 5\/1 dhe 6\/2 (p\u00eblqim i shprehur)<\/p>\n<p>Kur nuk ka baz\u00eb tjet\u00ebr ligjore \u2013 me p\u00eblqimin tuaj t\u00eb shprehur.<\/p>\n<p>5. Transferimi i t\u00eb dh\u00ebnave personale<\/p>\n<p>T\u00eb dh\u00ebnat tuaja personale mund t\u00eb ndahen, n\u00eb p\u00ebrputhje me nenet 8 dhe 9 t\u00eb KVKK, me:<\/p>\n<p>Turkish Ministry of Health<br \/>\nUSHA\u015e dhe platformat p\u00ebrkat\u00ebse (p\u00ebrfshir\u00eb HealthT\u00fcrkiye)<br \/>\nKlinika, mjek\u00eb dhe spitale partnere<br \/>\nKompani transferi dhe akomodimi (vet\u00ebm t\u00eb dh\u00ebna logjistike)<br \/>\nBanka, sh\u00ebrbime kontabiliteti dhe faturimi elektronik<br \/>\nSisteme CRM<br \/>\nPersonel t\u00eb autorizuar t\u00eb brendsh\u00ebm<br \/>\nOfrues t\u00eb infrastruktur\u00ebs IT (server\u00eb, softuer, cloud)<br \/>\nK\u00ebshilltar\u00eb ligjor\u00eb dhe financiar\u00eb<br \/>\nAutoritete publike kompetente<br \/>\nKompani sigurimi (n\u00ebse k\u00ebrkohet)<br \/>\n6. M\u00ebnyrat e mbledhjes s\u00eb t\u00eb dh\u00ebnave personale<\/p>\n<p>T\u00eb dh\u00ebnat tuaja personale mblidhen automatikisht ose joautomatikisht p\u00ebrmes:<\/p>\n<p>faqes s\u00eb internetit t\u00eb Quality Life Health Travel<br \/>\nplatform\u00ebs HealthT\u00fcrkiye<br \/>\nmediave sociale<br \/>\ncall center<br \/>\nemailit<br \/>\naplikacioneve mobile<br \/>\nformular\u00ebve online<br \/>\nkontratave<br \/>\nkanaleve t\u00eb tjera t\u00eb komunikimit<br \/>\n7. Transferimi i t\u00eb dh\u00ebnave jasht\u00eb shtetit<\/p>\n<p>N\u00eb kuad\u00ebr t\u00eb organizimit t\u00eb sh\u00ebrbimeve t\u00eb turizmit sh\u00ebndet\u00ebsor, t\u00eb dh\u00ebnat personale t\u00eb p\u00ebrpunuara mund t\u00eb transferohen jasht\u00eb shtetit p\u00ebr shkak t\u00eb sistemeve informatike t\u00eb p\u00ebrdorura n\u00eb proceset e sh\u00ebrbimit. N\u00eb k\u00ebt\u00eb kuad\u00ebr, t\u00eb dh\u00ebnat mund t\u00eb transferohen n\u00eb server\u00eb jasht\u00eb shtetit p\u00ebrmes sistemeve informatike t\u00eb p\u00ebrdorura p\u00ebr menaxhimin e marr\u00ebdh\u00ebnieve me klient\u00ebt (CRM) dhe aktivitetet e komunikimit. Ky transferim kryhet n\u00eb p\u00ebrputhje me nenin 9 t\u00eb KVKK dhe, kur \u00ebsht\u00eb e nevojshme, me p\u00eblqimin e shprehur.<\/p>\n<p>SM\u0130RN\u0130 SA\u011eLIK H\u0130ZMETLER\u0130 vepron si nd\u00ebrmjet\u00ebs n\u00eb turizmin sh\u00ebndet\u00ebsor dhe nuk \u00ebsht\u00eb drejtp\u00ebrdrejt p\u00ebrgjegj\u00ebse p\u00ebr diagnoz\u00ebn, trajtimin ose procedurat mjek\u00ebsore. \u00c7do p\u00ebrgjegj\u00ebsi p\u00ebr procedurat mjek\u00ebsore i takon institucioneve t\u00eb autorizuara sh\u00ebndet\u00ebsore dhe mjek\u00ebve p\u00ebrkat\u00ebs.<\/p>\n<p>T\u00eb dh\u00ebnat personale ruhen n\u00eb p\u00ebrputhje me legjislacionin n\u00eb fuqi dhe q\u00ebllimet e p\u00ebrpunimit:<\/p>\n<p>t\u00eb dh\u00ebnat sh\u00ebndet\u00ebsore: sipas afateve ligjore<br \/>\nt\u00eb dh\u00ebnat financiare dhe kontab\u00ebl: 10 vjet<br \/>\nt\u00eb dh\u00ebnat CRM: periudha e sh\u00ebrbimit + periudha ligjore<br \/>\nt\u00eb dh\u00ebnat e marketingut: deri n\u00eb t\u00ebrheqjen e p\u00eblqimit<br \/>\nt\u00eb dh\u00ebnat web dhe log: 2 vjet<\/p>\n<p>Pas p\u00ebrfundimit t\u00eb periudh\u00ebs s\u00eb ruajtjes, t\u00eb dh\u00ebnat personale fshihen, shkat\u00ebrrohen ose anonimizohen sipas legjislacionit n\u00eb fuqi.<\/p>\n<p>8. Periudhat e ruajtjes s\u00eb t\u00eb dh\u00ebnave<br \/>\nT\u00eb dh\u00ebnat sh\u00ebndet\u00ebsore: sipas ligjit<br \/>\nT\u00eb dh\u00ebnat financiare dhe kontab\u00ebl: 10 vjet<br \/>\nT\u00eb dh\u00ebnat CRM: periudha e sh\u00ebrbimit + periudha ligjore<br \/>\nT\u00eb dh\u00ebnat e marketingut: deri n\u00eb t\u00ebrheqjen e p\u00eblqimit<br \/>\nT\u00eb dh\u00ebnat web dhe log: 2 vjet<br \/>\n9. T\u00eb drejtat e subjektit t\u00eb t\u00eb dh\u00ebnave<\/p>\n<p>N\u00eb p\u00ebrputhje me nenin 11 t\u00eb KVKK, ju keni t\u00eb drejt\u00eb t\u00eb:<\/p>\n<p>m\u00ebsoni n\u00ebse t\u00eb dh\u00ebnat tuaja p\u00ebrpunohen<br \/>\nk\u00ebrkoni informacion mbi p\u00ebrpunimin<br \/>\nk\u00ebrkoni korrigjim<br \/>\nk\u00ebrkoni fshirje ose shkat\u00ebrrim<br \/>\nm\u00ebsoni pal\u00ebt e treta q\u00eb marrin t\u00eb dh\u00ebnat<br \/>\nkund\u00ebrshtoni vendimet e marra vet\u00ebm p\u00ebrmes p\u00ebrpunimit automatik<br \/>\nk\u00ebrkoni d\u00ebmshp\u00ebrblim n\u00eb rast d\u00ebmi<br \/>\nNa kontaktoni:<\/p>\n<p>P\u00ebr k\u00ebrkesa, ankesa ose pyetje:<\/p>\n<p>Adresa: Kartaltepe Mah. Saydam Sok. No:13\/A K\u00fc\u00e7\u00fck\u00e7ekmece \/ Stamboll<br \/>\nKEP: smirnisaglikhizmetleri@hs01.kep.tr<\/p>\n<p>K\u00ebrkesa juaj do t\u00eb trajtohet pa pages\u00eb pas verifikimit t\u00eb identitetit brenda afatit ligjor. N\u00eb rast se procesi k\u00ebrkon kosto shtes\u00eb, mund t\u00eb aplikohet tarif\u00eb sipas tarif\u00ebs s\u00eb p\u00ebrcaktuar nga K\u00ebshilli KVKK.[\/vc_column_text][\/vc_column][\/vc_row]\n","protected":false},"excerpt":{"rendered":"<p>[vc_row type=&#8221;in_container&#8221; full_screen_row_position=&#8221;middle&#8221; column_margin=&#8221;default&#8221; column_direction=&#8221;default&#8221; column_direction_tablet=&#8221;default&#8221; column_direction_phone=&#8221;default&#8221; scene_position=&#8221;center&#8221; top_padding=&#8221;5%&#8221; constrain_group_1=&#8221;yes&#8221; bottom_padding=&#8221;5%&#8221; text_color=&#8221;dark&#8221; text_align=&#8221;left&#8221; row_border_radius=&#8221;none&#8221; row_border_radius_applies=&#8221;bg&#8221; overflow=&#8221;visible&#8221; overlay_strength=&#8221;0.3&#8243; gradient_direction=&#8221;left_to_right&#8221; shape_divider_position=&#8221;bottom&#8221; bg_image_animation=&#8221;none&#8221; gradient_type=&#8221;default&#8221; shape_type=&#8221;&#8221;][vc_column column_padding=&#8221;no-extra-padding&#8221; column_padding_tablet=&#8221;inherit&#8221; column_padding_phone=&#8221;inherit&#8221; column_padding_position=&#8221;all&#8221; column_element_direction_desktop=&#8221;default&#8221; column_element_spacing=&#8221;default&#8221; desktop_text_alignment=&#8221;default&#8221; tablet_text_alignment=&#8221;default&#8221;&#8230;<\/p>\n","protected":false},"author":2,"featured_media":0,"parent":0,"menu_order":0,"comment_status":"closed","ping_status":"closed","template":"","meta":{"footnotes":""},"class_list":["post-9745","page","type-page","status-publish"],"_links":{"self":[{"href":"https:\/\/qualitylifehealth.com\/sq\/wp-json\/wp\/v2\/pages\/9745","targetHints":{"allow":["GET"]}}],"collection":[{"href":"https:\/\/qualitylifehealth.com\/sq\/wp-json\/wp\/v2\/pages"}],"about":[{"href":"https:\/\/qualitylifehealth.com\/sq\/wp-json\/wp\/v2\/types\/page"}],"author":[{"embeddable":true,"href":"https:\/\/qualitylifehealth.com\/sq\/wp-json\/wp\/v2\/users\/2"}],"replies":[{"embeddable":true,"href":"https:\/\/qualitylifehealth.com\/sq\/wp-json\/wp\/v2\/comments?post=9745"}],"version-history":[{"count":2,"href":"https:\/\/qualitylifehealth.com\/sq\/wp-json\/wp\/v2\/pages\/9745\/revisions"}],"predecessor-version":[{"id":9886,"href":"https:\/\/qualitylifehealth.com\/sq\/wp-json\/wp\/v2\/pages\/9745\/revisions\/9886"}],"wp:attachment":[{"href":"https:\/\/qualitylifehealth.com\/sq\/wp-json\/wp\/v2\/media?parent=9745"}],"curies":[{"name":"wp","href":"https:\/\/api.w.org\/{rel}","templated":true}]}}