{"id":6741,"date":"2023-11-27T17:50:46","date_gmt":"2023-11-27T14:50:46","guid":{"rendered":"https:\/\/qualitylifehealth.com\/porcelain-laminate-dental-veneer\/"},"modified":"2025-04-29T21:08:18","modified_gmt":"2025-04-29T18:08:18","slug":"porculanski-laminatni-zubni-facete","status":"publish","type":"page","link":"https:\/\/qualitylifehealth.com\/sr\/porculanski-laminatni-zubni-facete\/","title":{"rendered":"Porculanski laminatni zubni facete"},"content":{"rendered":"[vc_row type=&#8220;in_container&#8220; full_screen_row_position=&#8220;middle&#8220; column_margin=&#8220;default&#8220; equal_height=&#8220;yes&#8220; content_placement=&#8220;middle&#8220; column_direction=&#8220;default&#8220; column_direction_tablet=&#8220;default&#8220; column_direction_phone=&#8220;default&#8220; bg_color=&#8220;#ffffff&#8220; scene_position=&#8220;center&#8220; text_color=&#8220;dark&#8220; text_align=&#8220;left&#8220; row_border_radius=&#8220;none&#8220; row_border_radius_applies=&#8220;bg&#8220; overflow=&#8220;visible&#8220; overlay_strength=&#8220;0.3&#8243; gradient_direction=&#8220;left_to_right&#8220; shape_divider_position=&#8220;bottom&#8220; bg_image_animation=&#8220;none&#8220; gradient_type=&#8220;default&#8220; shape_type=&#8220;&#8220;][vc_column column_padding=&#8220;padding-5-percent&#8220; column_padding_tablet=&#8220;inherit&#8220; column_padding_phone=&#8220;inherit&#8220; column_padding_position=&#8220;all&#8220; column_element_direction_desktop=&#8220;default&#8220; column_element_spacing=&#8220;default&#8220; desktop_text_alignment=&#8220;default&#8220; tablet_text_alignment=&#8220;default&#8220; phone_text_alignment=&#8220;default&#8220; background_color_opacity=&#8220;1&#8243; background_hover_color_opacity=&#8220;1&#8243; column_backdrop_filter=&#8220;none&#8220; column_shadow=&#8220;none&#8220; column_border_radius=&#8220;none&#8220; column_link_target=&#8220;_self&#8220; column_position=&#8220;default&#8220; gradient_direction=&#8220;left_to_right&#8220; overlay_strength=&#8220;0.3&#8243; width=&#8220;1\/2&#8243; tablet_width_inherit=&#8220;default&#8220; animation_type=&#8220;default&#8220; bg_image_animation=&#8220;none&#8220; border_type=&#8220;simple&#8220; column_border_width=&#8220;none&#8220; column_border_style=&#8220;solid&#8220; column_padding_type=&#8220;default&#8220; gradient_type=&#8220;default&#8220;][vc_row_inner column_margin=&#8220;default&#8220; column_direction=&#8220;default&#8220; column_direction_tablet=&#8220;default&#8220; column_direction_phone=&#8220;default&#8220; text_align=&#8220;left&#8220; row_position=&#8220;default&#8220; row_position_tablet=&#8220;inherit&#8220; row_position_phone=&#8220;inherit&#8220; overflow=&#8220;visible&#8220; pointer_events=&#8220;all&#8220;][vc_column_inner column_padding=&#8220;no-extra-padding&#8220; column_padding_tablet=&#8220;inherit&#8220; column_padding_phone=&#8220;inherit&#8220; column_padding_position=&#8220;all&#8220; column_element_direction_desktop=&#8220;default&#8220; column_element_spacing=&#8220;default&#8220; desktop_text_alignment=&#8220;default&#8220; tablet_text_alignment=&#8220;default&#8220; phone_text_alignment=&#8220;default&#8220; background_color_opacity=&#8220;1&#8243; background_hover_color_opacity=&#8220;1&#8243; column_backdrop_filter=&#8220;none&#8220; column_shadow=&#8220;none&#8220; column_border_radius=&#8220;none&#8220; column_link_target=&#8220;_self&#8220; overflow=&#8220;visible&#8220; gradient_direction=&#8220;left_to_right&#8220; overlay_strength=&#8220;0.3&#8243; width=&#8220;1\/1&#8243; tablet_width_inherit=&#8220;default&#8220; animation_type=&#8220;default&#8220; enable_animation=&#8220;true&#8220; animation=&#8220;fade-in-from-bottom&#8220; animation_easing=&#8220;default&#8220; bg_image_animation=&#8220;none&#8220; border_type=&#8220;simple&#8220; column_border_width=&#8220;none&#8220; column_border_style=&#8220;solid&#8220;][vc_custom_heading text=&#8220;Porcelanske Lamelne Zubne Fasete&#8220; font_container=&#8220;tag:h1|font_size:40|text_align:left|line_height:50px&#8220; use_theme_fonts=&#8220;yes&#8220;][vc_custom_heading text=&#8220;Porcelanske lamelne fasete, poznate i kao porcelanske fasete, su vrsta zubnih faseta u kojima se koristi porcelan za njihovu proizvodnju. Porcelan ima belu boju zbog materijala koji se koriste u njegovoj proizvodnji i smatra se biokompatibilnom supstancom. Ne sadr\u017ei metale niti \u0161tetne materije. Porcelanske fasete poma\u017eu da zubi izgledaju prirodnije i \u010desto se preferiraju me\u0111u osobama koje su izgubile zube ili imaju problema kao \u0161to je promena boje zuba. Porcelanske fasete tako\u0111e poma\u017eu u balansiranju oblika, veli\u010dine i boje zuba.&#8220; font_container=&#8220;tag:p|text_align:left|color:rgba(10%2C10%2C10%2C0.6)&#8220; use_theme_fonts=&#8220;yes&#8220;][\/vc_column_inner][\/vc_row_inner][\/vc_column][vc_column column_padding=&#8220;no-extra-padding&#8220; column_padding_tablet=&#8220;inherit&#8220; column_padding_phone=&#8220;inherit&#8220; column_padding_position=&#8220;all&#8220; column_element_direction_desktop=&#8220;default&#8220; column_element_spacing=&#8220;default&#8220; desktop_text_alignment=&#8220;default&#8220; tablet_text_alignment=&#8220;default&#8220; phone_text_alignment=&#8220;default&#8220; background_color_opacity=&#8220;1&#8243; background_hover_color_opacity=&#8220;1&#8243; column_backdrop_filter=&#8220;none&#8220; column_shadow=&#8220;none&#8220; column_border_radius=&#8220;none&#8220; column_link_target=&#8220;_self&#8220; column_position=&#8220;default&#8220; gradient_direction=&#8220;left_to_right&#8220; overlay_strength=&#8220;0.3&#8243; width=&#8220;1\/2&#8243; tablet_width_inherit=&#8220;default&#8220; animation_type=&#8220;default&#8220; bg_image_animation=&#8220;none&#8220; border_type=&#8220;simple&#8220; column_border_width=&#8220;none&#8220; column_border_style=&#8220;solid&#8220; column_padding_type=&#8220;default&#8220; gradient_type=&#8220;default&#8220;][image_with_animation image_url=&#8220;747&#8243; image_size=&#8220;full&#8220; animation_type=&#8220;entrance&#8220; animation=&#8220;None&#8220; animation_movement_type=&#8220;transform_y&#8220; hover_animation=&#8220;none&#8220; alignment=&#8220;&#8220; border_radius=&#8220;20px&#8220; box_shadow=&#8220;none&#8220; image_loading=&#8220;default&#8220; max_width=&#8220;100%&#8220; max_width_mobile=&#8220;default&#8220;][\/vc_column][\/vc_row][vc_row type=&#8220;full_width_background&#8220; full_screen_row_position=&#8220;middle&#8220; column_margin=&#8220;default&#8220; column_direction=&#8220;default&#8220; column_direction_tablet=&#8220;default&#8220; column_direction_phone=&#8220;default&#8220; bg_color=&#8220;#f7f7f7&#8243; scene_position=&#8220;center&#8220; top_padding=&#8220;100&#8243; bottom_padding=&#8220;100&#8243; text_color=&#8220;dark&#8220; text_align=&#8220;left&#8220; row_border_radius=&#8220;none&#8220; row_border_radius_applies=&#8220;bg&#8220; overflow=&#8220;visible&#8220; overlay_strength=&#8220;0.3&#8243; gradient_direction=&#8220;left_to_right&#8220; shape_divider_position=&#8220;bottom&#8220; bg_image_animation=&#8220;none&#8220;][vc_column column_padding=&#8220;no-extra-padding&#8220; column_padding_tablet=&#8220;inherit&#8220; column_padding_phone=&#8220;inherit&#8220; column_padding_position=&#8220;all&#8220; column_element_direction_desktop=&#8220;default&#8220; column_element_spacing=&#8220;default&#8220; desktop_text_alignment=&#8220;default&#8220; tablet_text_alignment=&#8220;default&#8220; phone_text_alignment=&#8220;default&#8220; background_color_opacity=&#8220;1&#8243; background_hover_color_opacity=&#8220;1&#8243; column_backdrop_filter=&#8220;none&#8220; column_shadow=&#8220;none&#8220; column_border_radius=&#8220;none&#8220; column_link_target=&#8220;_self&#8220; column_position=&#8220;default&#8220; gradient_direction=&#8220;left_to_right&#8220; overlay_strength=&#8220;0.3&#8243; width=&#8220;1\/1&#8243; tablet_width_inherit=&#8220;default&#8220; animation_type=&#8220;default&#8220; bg_image_animation=&#8220;none&#8220; border_type=&#8220;simple&#8220; column_border_width=&#8220;none&#8220; column_border_style=&#8220;solid&#8220;][vc_column_text]\n<h2>\u010cesto postavljana pitanja o porcelanskim lamelnim zubnim fasetama<\/h2>\n[\/vc_column_text][toggles style=&#8220;minimal&#8220;][toggle color=&#8220;Default&#8220; heading_tag=&#8220;default&#8220; heading_tag_functionality=&#8220;default&#8220; title=&#8220;Kako se nanose porcelanske lamelne zubne fasete?&#8220;][vc_column_text]Imati zdrave, lepe i dobro odr\u017eavane zube je va\u017eno i za zdravlje i za izgled. Zubne fasete su sjajna opcija za one koji \u017eele zdraviji i privla\u010dniji osmeh.<\/p>\n<p>Postupak sa lamelnim fasetama po\u010dinje razumevanjem \u017eelja pacijenta i problema sa njihovim zubima. Razgovaraju se brige o zubima, nesvi\u0111eni aspekti i o\u010dekivanja. Tokom prve sesije, planiraju se i drugi tretmani, kao \u0161to su izbeljivanje zuba, \u010di\u0161\u0107enje, re\u0161avanje karijesa i drugi. Zatim se uzimaju mere i \u0161alju tehni\u010daru. Tehni\u010dar pravi model koji prikazuje kona\u010dan izgled zuba, poznat kao &#8222;Mock Up&#8220;. U drugoj sesiji, finalni izgled zuba se prikazuje privremenim materijalima, a \u017eelje pacijenta se uzimaju u obzir. \u017deljeni izgled zuba se odre\u0111uje, a zapo\u010dinju se se\u010denja i prilago\u0111avanja. U tre\u0107oj sesiji, permanentne porcelanske fasete se postavljaju, \u010dime se tretman zavr\u0161ava.<\/p>\n[\/vc_column_text][\/toggle][toggle color=&#8220;Default&#8220; heading_tag=&#8220;default&#8220; heading_tag_functionality=&#8220;default&#8220; title=&#8220;Rezime tretmana porcelanskim lamelnim zubnim fasetama:&#8220;][vc_column_text]Broj operacija: 2-3<br \/>\nTrajanje operacije: 30-90 minuta po 10 zuba<br \/>\nAnestezija: Lokalna anestezija<br \/>\nPotpuni oporavak: 15 dana<br \/>\nHospitalizacija: Nema hospitalizacije<br \/>\nPovratak na posao: Odmah<br \/>\nTrajnost rezultata: 10-20 godina<br \/>\n[\/vc_column_text][\/toggle][toggle color=&#8220;Default&#8220; heading_tag=&#8220;default&#8220; heading_tag_functionality=&#8220;default&#8220; title=&#8220;Koliko su izdr\u017eljive porcelanske lamelne fasete?&#8220;][vc_column_text]\u017divotni vek porcelanskih lamelnih faseta mo\u017ee da varira od 7 do 15 godina, u zavisnosti od dentalne nege.<\/p>\n[\/vc_column_text][\/toggle][toggle color=&#8220;Default&#8220; heading_tag=&#8220;default&#8220; heading_tag_functionality=&#8220;default&#8220; title=&#8220;Ko je kandidat za porcelanske lamelne zubne fasete i koje su njihove prednosti?&#8220;][vc_column_text]Porcelanske lamelne fasete su idealne za dentalnu estetiku i mogu se primeniti kod svih koji \u017eele da isprave boju zuba, zatvore razmake ili sakriju mrlje.<\/p>\n[\/vc_column_text][\/toggle][toggle color=&#8220;Default&#8220; heading_tag=&#8220;default&#8220; heading_tag_functionality=&#8220;default&#8220; title=&#8220;\u0160ta je bolje, porcelanske lamelne fasete ili kompozitne lamelne fasete?&#8220;][vc_column_text]Porcelanske lamelne fasete obi\u010dno imaju du\u017ei vek trajanja i mogu trajati oko 7-15 godina, dok kompozitne fasete mogu imati kra\u0107i vek trajanja (3-7 godina). Zbog toga se porcelanske fasete \u010desto preferiraju zbog dugoro\u010dne izdr\u017eljivosti.<\/p>\n[\/vc_column_text][\/toggle][toggle color=&#8220;Default&#8220; heading_tag=&#8220;default&#8220; heading_tag_functionality=&#8220;default&#8220; title=&#8220;Mogu li lamelne fasete da se odvoje nakon \u0161to se postave?&#8220;][vc_column_text]Kada se pravilno nanesu od strane profesionalnog stomatologa, lamelne fasete obi\u010dno se ne odvajaju. Me\u0111utim, pravilno odr\u017eavanje i oralna higijena su klju\u010dni.<\/p>\n[\/vc_column_text][\/toggle][toggle color=&#8220;Default&#8220; heading_tag=&#8220;default&#8220; heading_tag_functionality=&#8220;default&#8220; title=&#8220;Koliko dugo traju lamelne fasete?&#8220;][vc_column_text]\u017divotni vek lamelnih faseta mo\u017ee da varira u zavisnosti od odr\u017eavanja, higijene i kori\u0161\u0107enja. Obi\u010dno, porcelanske fasete imaju du\u017ei vek trajanja i mogu trajati oko 7-15 godina.<\/p>\n[\/vc_column_text][\/toggle][toggle color=&#8220;Default&#8220; heading_tag=&#8220;default&#8220; heading_tag_functionality=&#8220;default&#8220; title=&#8220;Da li stavljanje zubnih lamelnih faseta boli?&#8220;][vc_column_text]Stavljanje lamelnih zubnih faseta obi\u010dno ne izaziva bol tokom procedure, jer stomatolozi \u010desto koriste lokalnu anesteziju. Me\u0111utim, nakon procedure, kad anestezija nestane, mo\u017eete ose\u0107ati blagu nelagodnost ili osetljivost, \u0161to je normalno. Nema potrebe za brigom u takvim slu\u010dajevima jer nakon odre\u0111enih stomatolo\u0161kih tretmana, uobi\u010dajeno je imati laganu nelagodnost nekoliko dana, ali je to privremeno.<\/p>\n[\/vc_column_text][\/toggle][\/toggles][\/vc_column][\/vc_row]\n","protected":false},"excerpt":{"rendered":"<p>[vc_row type=&#8220;in_container&#8220; full_screen_row_position=&#8220;middle&#8220; column_margin=&#8220;default&#8220; equal_height=&#8220;yes&#8220; content_placement=&#8220;middle&#8220; column_direction=&#8220;default&#8220; column_direction_tablet=&#8220;default&#8220; column_direction_phone=&#8220;default&#8220; bg_color=&#8220;#ffffff&#8220; scene_position=&#8220;center&#8220; text_color=&#8220;dark&#8220; text_align=&#8220;left&#8220; row_border_radius=&#8220;none&#8220; row_border_radius_applies=&#8220;bg&#8220; overflow=&#8220;visible&#8220; overlay_strength=&#8220;0.3&#8243; gradient_direction=&#8220;left_to_right&#8220; shape_divider_position=&#8220;bottom&#8220; bg_image_animation=&#8220;none&#8220; gradient_type=&#8220;default&#8220; shape_type=&#8220;&#8220;][vc_column column_padding=&#8220;padding-5-percent&#8220; column_padding_tablet=&#8220;inherit&#8220; column_padding_phone=&#8220;inherit&#8220; column_padding_position=&#8220;all&#8220; column_element_direction_desktop=&#8220;default&#8220; column_element_spacing=&#8220;default&#8220; desktop_text_alignment=&#8220;default&#8220; tablet_text_alignment=&#8220;default&#8220;&#8230;<\/p>\n","protected":false},"author":2,"featured_media":0,"parent":0,"menu_order":0,"comment_status":"closed","ping_status":"closed","template":"","meta":{"footnotes":""},"class_list":["post-6741","page","type-page","status-publish"],"_links":{"self":[{"href":"https:\/\/qualitylifehealth.com\/sr\/wp-json\/wp\/v2\/pages\/6741","targetHints":{"allow":["GET"]}}],"collection":[{"href":"https:\/\/qualitylifehealth.com\/sr\/wp-json\/wp\/v2\/pages"}],"about":[{"href":"https:\/\/qualitylifehealth.com\/sr\/wp-json\/wp\/v2\/types\/page"}],"author":[{"embeddable":true,"href":"https:\/\/qualitylifehealth.com\/sr\/wp-json\/wp\/v2\/users\/2"}],"replies":[{"embeddable":true,"href":"https:\/\/qualitylifehealth.com\/sr\/wp-json\/wp\/v2\/comments?post=6741"}],"version-history":[{"count":3,"href":"https:\/\/qualitylifehealth.com\/sr\/wp-json\/wp\/v2\/pages\/6741\/revisions"}],"predecessor-version":[{"id":6745,"href":"https:\/\/qualitylifehealth.com\/sr\/wp-json\/wp\/v2\/pages\/6741\/revisions\/6745"}],"wp:attachment":[{"href":"https:\/\/qualitylifehealth.com\/sr\/wp-json\/wp\/v2\/media?parent=6741"}],"curies":[{"name":"wp","href":"https:\/\/api.w.org\/{rel}","templated":true}]}}