{"id":6760,"date":"2023-11-27T16:58:58","date_gmt":"2023-11-27T13:58:58","guid":{"rendered":"https:\/\/qualitylifehealth.com\/dental-veneer\/"},"modified":"2025-04-29T21:27:27","modified_gmt":"2025-04-29T18:27:27","slug":"zubni-venir","status":"publish","type":"page","link":"https:\/\/qualitylifehealth.com\/sr\/zubni-venir\/","title":{"rendered":"Zubni Venir"},"content":{"rendered":"[vc_row type=&#8220;in_container&#8220; full_screen_row_position=&#8220;middle&#8220; column_margin=&#8220;default&#8220; equal_height=&#8220;yes&#8220; content_placement=&#8220;middle&#8220; column_direction=&#8220;default&#8220; column_direction_tablet=&#8220;default&#8220; column_direction_phone=&#8220;default&#8220; bg_color=&#8220;#ffffff&#8220; scene_position=&#8220;center&#8220; text_color=&#8220;dark&#8220; text_align=&#8220;left&#8220; row_border_radius=&#8220;none&#8220; row_border_radius_applies=&#8220;bg&#8220; overflow=&#8220;visible&#8220; overlay_strength=&#8220;0.3&#8243; gradient_direction=&#8220;left_to_right&#8220; shape_divider_position=&#8220;bottom&#8220; bg_image_animation=&#8220;none&#8220; gradient_type=&#8220;default&#8220; shape_type=&#8220;&#8220;][vc_column column_padding=&#8220;padding-5-percent&#8220; column_padding_tablet=&#8220;inherit&#8220; column_padding_phone=&#8220;inherit&#8220; column_padding_position=&#8220;all&#8220; column_element_direction_desktop=&#8220;default&#8220; column_element_spacing=&#8220;default&#8220; desktop_text_alignment=&#8220;default&#8220; tablet_text_alignment=&#8220;default&#8220; phone_text_alignment=&#8220;default&#8220; background_color_opacity=&#8220;1&#8243; background_hover_color_opacity=&#8220;1&#8243; column_backdrop_filter=&#8220;none&#8220; column_shadow=&#8220;none&#8220; column_border_radius=&#8220;none&#8220; column_link_target=&#8220;_self&#8220; column_position=&#8220;default&#8220; gradient_direction=&#8220;left_to_right&#8220; overlay_strength=&#8220;0.3&#8243; width=&#8220;1\/2&#8243; tablet_width_inherit=&#8220;default&#8220; animation_type=&#8220;default&#8220; bg_image_animation=&#8220;none&#8220; border_type=&#8220;simple&#8220; column_border_width=&#8220;none&#8220; column_border_style=&#8220;solid&#8220; column_padding_type=&#8220;default&#8220; gradient_type=&#8220;default&#8220;][vc_row_inner column_margin=&#8220;default&#8220; column_direction=&#8220;default&#8220; column_direction_tablet=&#8220;default&#8220; column_direction_phone=&#8220;default&#8220; text_align=&#8220;left&#8220; row_position=&#8220;default&#8220; row_position_tablet=&#8220;inherit&#8220; row_position_phone=&#8220;inherit&#8220; overflow=&#8220;visible&#8220; pointer_events=&#8220;all&#8220;][vc_column_inner column_padding=&#8220;no-extra-padding&#8220; column_padding_tablet=&#8220;inherit&#8220; column_padding_phone=&#8220;inherit&#8220; column_padding_position=&#8220;all&#8220; column_element_direction_desktop=&#8220;default&#8220; column_element_spacing=&#8220;default&#8220; desktop_text_alignment=&#8220;default&#8220; tablet_text_alignment=&#8220;default&#8220; phone_text_alignment=&#8220;default&#8220; background_color_opacity=&#8220;1&#8243; background_hover_color_opacity=&#8220;1&#8243; column_backdrop_filter=&#8220;none&#8220; column_shadow=&#8220;none&#8220; column_border_radius=&#8220;none&#8220; column_link_target=&#8220;_self&#8220; overflow=&#8220;visible&#8220; gradient_direction=&#8220;left_to_right&#8220; overlay_strength=&#8220;0.3&#8243; width=&#8220;1\/1&#8243; tablet_width_inherit=&#8220;default&#8220; animation_type=&#8220;default&#8220; enable_animation=&#8220;true&#8220; animation=&#8220;fade-in-from-bottom&#8220; animation_easing=&#8220;default&#8220; bg_image_animation=&#8220;none&#8220; border_type=&#8220;simple&#8220; column_border_width=&#8220;none&#8220; column_border_style=&#8220;solid&#8220;][vc_custom_heading text=&#8220;Zubni Venir&#8220; font_container=&#8220;tag:h1|font_size:40|text_align:left|line_height:50px&#8220; use_theme_fonts=&#8220;yes&#8220;][vc_custom_heading text=&#8220;Zubni venir je stomatolo\u0161ki postupak koji se koristi za re\u0161avanje problema kao \u0161to su truljenje ili lomljenje zuba i pobolj\u0161anje estetike zuba. Po\u0161to je oralna i dentalna struktura svakog pojedinca jedinstvena, zubni veniri se prilago\u0111avaju. Zubni venir mo\u017ee se primeniti kako u funkcionalne, tako i u estetske svrhe. Za estetske svrhe, koristi se za ispravljanje problema poput truljenja zuba, slomljenih plombi, va\u0111enih zuba i razmaka u ustima. Funkcionalni zubni veniri se, s druge strane, primenjuju za re\u0161avanje zdravstvenih problema poput gubitka zuba, gubitka materijala, slomljenih zuba, tro\u0161enja ili za ja\u010danje zuba.&#8220; font_container=&#8220;tag:p|text_align:left|color:rgba(10%2C10%2C10%2C0.6)&#8220; use_theme_fonts=&#8220;yes&#8220;][\/vc_column_inner][\/vc_row_inner][\/vc_column][vc_column column_padding=&#8220;no-extra-padding&#8220; column_padding_tablet=&#8220;inherit&#8220; column_padding_phone=&#8220;inherit&#8220; column_padding_position=&#8220;all&#8220; column_element_direction_desktop=&#8220;default&#8220; column_element_spacing=&#8220;default&#8220; desktop_text_alignment=&#8220;default&#8220; tablet_text_alignment=&#8220;default&#8220; phone_text_alignment=&#8220;default&#8220; background_color_opacity=&#8220;1&#8243; background_hover_color_opacity=&#8220;1&#8243; column_backdrop_filter=&#8220;none&#8220; column_shadow=&#8220;none&#8220; column_border_radius=&#8220;none&#8220; column_link_target=&#8220;_self&#8220; column_position=&#8220;default&#8220; gradient_direction=&#8220;left_to_right&#8220; overlay_strength=&#8220;0.3&#8243; width=&#8220;1\/2&#8243; tablet_width_inherit=&#8220;default&#8220; animation_type=&#8220;default&#8220; bg_image_animation=&#8220;none&#8220; border_type=&#8220;simple&#8220; column_border_width=&#8220;none&#8220; column_border_style=&#8220;solid&#8220; column_padding_type=&#8220;default&#8220; gradient_type=&#8220;default&#8220;][image_with_animation image_url=&#8220;754&#8243; image_size=&#8220;full&#8220; animation_type=&#8220;entrance&#8220; animation=&#8220;None&#8220; animation_movement_type=&#8220;transform_y&#8220; hover_animation=&#8220;none&#8220; alignment=&#8220;&#8220; border_radius=&#8220;20px&#8220; box_shadow=&#8220;none&#8220; image_loading=&#8220;default&#8220; max_width=&#8220;100%&#8220; max_width_mobile=&#8220;default&#8220;][\/vc_column][\/vc_row][vc_row type=&#8220;full_width_background&#8220; full_screen_row_position=&#8220;middle&#8220; column_margin=&#8220;default&#8220; column_direction=&#8220;default&#8220; column_direction_tablet=&#8220;default&#8220; column_direction_phone=&#8220;default&#8220; bg_color=&#8220;#f7f7f7&#8243; scene_position=&#8220;center&#8220; top_padding=&#8220;100&#8243; bottom_padding=&#8220;100&#8243; text_color=&#8220;dark&#8220; text_align=&#8220;left&#8220; row_border_radius=&#8220;none&#8220; row_border_radius_applies=&#8220;bg&#8220; overflow=&#8220;visible&#8220; overlay_strength=&#8220;0.3&#8243; gradient_direction=&#8220;left_to_right&#8220; shape_divider_position=&#8220;bottom&#8220; bg_image_animation=&#8220;none&#8220;][vc_column column_padding=&#8220;no-extra-padding&#8220; column_padding_tablet=&#8220;inherit&#8220; column_padding_phone=&#8220;inherit&#8220; column_padding_position=&#8220;all&#8220; column_element_direction_desktop=&#8220;default&#8220; column_element_spacing=&#8220;default&#8220; desktop_text_alignment=&#8220;default&#8220; tablet_text_alignment=&#8220;default&#8220; phone_text_alignment=&#8220;default&#8220; background_color_opacity=&#8220;1&#8243; background_hover_color_opacity=&#8220;1&#8243; column_backdrop_filter=&#8220;none&#8220; column_shadow=&#8220;none&#8220; column_border_radius=&#8220;none&#8220; column_link_target=&#8220;_self&#8220; column_position=&#8220;default&#8220; gradient_direction=&#8220;left_to_right&#8220; overlay_strength=&#8220;0.3&#8243; width=&#8220;1\/1&#8243; tablet_width_inherit=&#8220;default&#8220; animation_type=&#8220;default&#8220; bg_image_animation=&#8220;none&#8220; border_type=&#8220;simple&#8220; column_border_width=&#8220;none&#8220; column_border_style=&#8220;solid&#8220;][vc_column_text]\n<h2>\u010cesto Postavljana Pitanja O Zubnim Venirima<\/h2>\n[\/vc_column_text][toggles style=&#8220;minimal&#8220;][toggle color=&#8220;Default&#8220; heading_tag=&#8220;default&#8220; heading_tag_functionality=&#8220;default&#8220; title=&#8220;Kako se primenjuju zubni veniri?&#8220;][vc_column_text]Postupak ugradnje zubnih venira po\u010dinje po\u010detnim oblikovanjem zuba kako bi se postigla odgovaraju\u0107a debljina za veneer. Nakon oblikovanja, uzimaju se merenja pripremljenih zuba, a ova merenja se \u0161alju u laboratoriju gde \u0107e zubni tehni\u010dari pripremiti venire. Proces pripreme venira uklju\u010duje pravljenje venira prema merenjima, a ovo obi\u010dno traje 1-2 nedelje.<\/p>\n<p>Kada su veniri spremni, stomatolo\u0161ki postupak po\u010dinje primenom lokalne anestezije kako bi se osigurala udobnost pacijenta. Zatim se prirodni zubi pacijenta oblikuju i pripremaju za postavljanje venira kako bi se osigurao pravi fit. Stomatolog postavlja veneer na zub kako bi procenio njegov fit i boju, vr\u0161e\u0107i potrebne korekcije pre nego \u0161to zavr\u0161i postupak.<\/p>\n[\/vc_column_text][\/toggle][toggle color=&#8220;Default&#8220; heading_tag=&#8220;default&#8220; heading_tag_functionality=&#8220;default&#8220; title=&#8220;Koji su tipovi zubnih venira?&#8220;][vc_column_text]Tretman zubnim venirima prilago\u0111ava se potrebama i \u017eeljama pojedinca, a dostupni su razli\u010diti tipovi. Neki od naj\u010de\u0161\u0107ih tipova zubnih venira uklju\u010duju:<\/p>\n<p>Porcelanski veniri:<br \/>\nOvi veniri pru\u017eaju prirodan izgled i veoma su izdr\u017eljivi. \u010cesto se koriste i u estetske i funkcionalne svrhe.<\/p>\n<p>Zirkonijumski veniri:<br \/>\nZirkonijumski veniri nude ravnote\u017eu izme\u0111u estetike i izdr\u017eljivosti. Poznati su po svojoj snazi i sposobnosti da imituju prirodne zube.<\/p>\n<p>Kompozitni veniri:<br \/>\nKompozitni veniri se prave od materijala boje zuba i jeftiniji su od porcelanskih venira. Mogu se primeniti na jedan zub.<\/p>\n<p>Empress veniri:<br \/>\nEmpress veniri su tip kerami\u010dkog venira poznat po svojoj estetskoj privla\u010dnosti. Manje su izdr\u017eljivi u pore\u0111enju sa drugim opcijama.<\/p>\n<p>Laminarni veniri:<br \/>\nLaminarni veniri su ultra-tanki porcelanski veniri koji se postavljaju na prednju povr\u0161inu zuba. \u010cesto se biraju zbog svojih estetskih prednosti.<\/p>\n<p>Emax veniri:<br \/>\nOvi veniri su napravljeni od tipa litijum disilikatne keramike koja je poznata po svojoj izdr\u017eljivosti i prirodnom izgledu.<\/p>\n[\/vc_column_text][\/toggle][toggle color=&#8220;Default&#8220; heading_tag=&#8220;default&#8220; heading_tag_functionality=&#8220;default&#8220; title=&#8220;Koji zubni veneer je najbolji?&#8220;][vc_column_text]Izbor zubnog venira zavisi od potreba i \u017eelja pojedinca. Ako je estetika glavna briga, porcelanski ili zirkonijumski veniri su \u010desto preferirani jer pru\u017eaju prirodan izgled. Me\u0111utim, ako zub ima ozbiljna o\u0161te\u0107enja ili truljenje, kompozitni veniri mogu biti pogodniji. Va\u017eno je posavetovati se sa stomatologom kako biste odredili koji je tip venira najbolji za va\u0161u specifi\u010dnu situaciju.<\/p>\n[\/vc_column_text][\/toggle][toggle color=&#8220;Default&#8220; heading_tag=&#8220;default&#8220; heading_tag_functionality=&#8220;default&#8220; title=&#8220;Kada je neophodan zubni veneer?&#8220;][vc_column_text]Zubni veniri mogu biti neophodni u slede\u0107im situacijama:<br \/>\nTruljenje ili o\u0161te\u0107enje zuba: Veniri mogu za\u0161tititi i popraviti zube koji su truli, slomljeni ili oslabljeni.<\/p>\n<p>Estetski problemi: Veniri mogu re\u0161iti kozmeti\u010dke probleme kao \u0161to su promena boje zuba, oblik ili poravnanje.<\/p>\n<p>Velike plombe: Zubi sa velikim plombama mogu zahtevati dodatnu podr\u0161ku, koju veniri mogu pru\u017eiti.<\/p>\n<p>Obnavljanje funkcije: Veniri mogu obnoviti funkcionalnost istro\u0161enih ili o\u0161te\u0107enih zuba.<\/p>\n<p>Implanti: Veniri se mogu koristiti za stvaranje zubnih struktura na stomatolo\u0161kim implantima.<\/p>\n[\/vc_column_text][\/toggle][\/toggles][\/vc_column][\/vc_row]\n","protected":false},"excerpt":{"rendered":"<p>[vc_row type=&#8220;in_container&#8220; full_screen_row_position=&#8220;middle&#8220; column_margin=&#8220;default&#8220; equal_height=&#8220;yes&#8220; content_placement=&#8220;middle&#8220; column_direction=&#8220;default&#8220; column_direction_tablet=&#8220;default&#8220; column_direction_phone=&#8220;default&#8220; bg_color=&#8220;#ffffff&#8220; scene_position=&#8220;center&#8220; text_color=&#8220;dark&#8220; text_align=&#8220;left&#8220; row_border_radius=&#8220;none&#8220; row_border_radius_applies=&#8220;bg&#8220; overflow=&#8220;visible&#8220; overlay_strength=&#8220;0.3&#8243; gradient_direction=&#8220;left_to_right&#8220; shape_divider_position=&#8220;bottom&#8220; bg_image_animation=&#8220;none&#8220; gradient_type=&#8220;default&#8220; shape_type=&#8220;&#8220;][vc_column column_padding=&#8220;padding-5-percent&#8220; column_padding_tablet=&#8220;inherit&#8220; column_padding_phone=&#8220;inherit&#8220; column_padding_position=&#8220;all&#8220; column_element_direction_desktop=&#8220;default&#8220; column_element_spacing=&#8220;default&#8220; desktop_text_alignment=&#8220;default&#8220; tablet_text_alignment=&#8220;default&#8220;&#8230;<\/p>\n","protected":false},"author":2,"featured_media":0,"parent":0,"menu_order":0,"comment_status":"closed","ping_status":"closed","template":"","meta":{"footnotes":""},"class_list":["post-6760","page","type-page","status-publish"],"_links":{"self":[{"href":"https:\/\/qualitylifehealth.com\/sr\/wp-json\/wp\/v2\/pages\/6760","targetHints":{"allow":["GET"]}}],"collection":[{"href":"https:\/\/qualitylifehealth.com\/sr\/wp-json\/wp\/v2\/pages"}],"about":[{"href":"https:\/\/qualitylifehealth.com\/sr\/wp-json\/wp\/v2\/types\/page"}],"author":[{"embeddable":true,"href":"https:\/\/qualitylifehealth.com\/sr\/wp-json\/wp\/v2\/users\/2"}],"replies":[{"embeddable":true,"href":"https:\/\/qualitylifehealth.com\/sr\/wp-json\/wp\/v2\/comments?post=6760"}],"version-history":[{"count":2,"href":"https:\/\/qualitylifehealth.com\/sr\/wp-json\/wp\/v2\/pages\/6760\/revisions"}],"predecessor-version":[{"id":6763,"href":"https:\/\/qualitylifehealth.com\/sr\/wp-json\/wp\/v2\/pages\/6760\/revisions\/6763"}],"wp:attachment":[{"href":"https:\/\/qualitylifehealth.com\/sr\/wp-json\/wp\/v2\/media?parent=6760"}],"curies":[{"name":"wp","href":"https:\/\/api.w.org\/{rel}","templated":true}]}}