{"id":9741,"date":"2026-02-18T21:30:09","date_gmt":"2026-02-18T18:30:09","guid":{"rendered":"https:\/\/qualitylifehealth.com\/cerez-politikasi\/"},"modified":"2026-02-18T23:35:25","modified_gmt":"2026-02-18T20:35:25","slug":"cerez-politikasi","status":"publish","type":"page","link":"https:\/\/qualitylifehealth.com\/sr\/cerez-politikasi\/","title":{"rendered":"\u00c7erez Politikas\u0131"},"content":{"rendered":"[vc_row type=&#8220;in_container&#8220; full_screen_row_position=&#8220;middle&#8220; column_margin=&#8220;default&#8220; column_direction=&#8220;default&#8220; column_direction_tablet=&#8220;default&#8220; column_direction_phone=&#8220;default&#8220; scene_position=&#8220;center&#8220; top_padding=&#8220;5%&#8220; constrain_group_1=&#8220;yes&#8220; bottom_padding=&#8220;5%&#8220; text_color=&#8220;dark&#8220; text_align=&#8220;left&#8220; row_border_radius=&#8220;none&#8220; row_border_radius_applies=&#8220;bg&#8220; overflow=&#8220;visible&#8220; overlay_strength=&#8220;0.3&#8243; gradient_direction=&#8220;left_to_right&#8220; shape_divider_position=&#8220;bottom&#8220; bg_image_animation=&#8220;none&#8220; gradient_type=&#8220;default&#8220; shape_type=&#8220;&#8220;][vc_column column_padding=&#8220;no-extra-padding&#8220; column_padding_tablet=&#8220;inherit&#8220; column_padding_phone=&#8220;inherit&#8220; column_padding_position=&#8220;all&#8220; column_element_direction_desktop=&#8220;default&#8220; column_element_spacing=&#8220;default&#8220; desktop_text_alignment=&#8220;default&#8220; tablet_text_alignment=&#8220;default&#8220; phone_text_alignment=&#8220;default&#8220; background_color_opacity=&#8220;1&#8243; background_hover_color_opacity=&#8220;1&#8243; column_backdrop_filter=&#8220;none&#8220; column_shadow=&#8220;none&#8220; column_border_radius=&#8220;none&#8220; column_link_target=&#8220;_self&#8220; column_position=&#8220;default&#8220; gradient_direction=&#8220;left_to_right&#8220; overlay_strength=&#8220;0.3&#8243; width=&#8220;1\/1&#8243; tablet_width_inherit=&#8220;default&#8220; animation_type=&#8220;default&#8220; bg_image_animation=&#8220;none&#8220; border_type=&#8220;simple&#8220; column_border_width=&#8220;none&#8220; column_border_style=&#8220;solid&#8220;][vc_column_text]POLITIKA KOLA\u010cI\u0106A<br \/>\n1. Rukovalac podacima<\/p>\n<p>Ovu Politiku kola\u010di\u0107a pripremila je:<br \/>\nSM\u0130RN\u0130 SA\u011eLIK H\u0130ZMETLER\u0130 TUR\u0130ZM DANI\u015eMANLIK ACENTES\u0130 \u0130N\u015e. SAN. T\u0130C. LTD. \u015eT\u0130<br \/>\n(Registrovani brend: QUALITY LIFE HEALTH TRAVEL)<br \/>\nPoreski broj: 7721554065<br \/>\nAdresa: Kartaltepe Mahallesi Saydam Sokak No:13\/A K\u00fc\u00e7\u00fck\u00e7ekmece \/ Istanbul<br \/>\n(u daljem tekstu \u201eKompanija\u201d ili \u201eQuality Life Health Travel\u201d).<\/p>\n<p>Na\u0161a kompanija pru\u017ea usluge organizacije i savetovanja za pacijente koji dolaze u Tursku iz inostranstva, pre svega iz evropskih zemalja, radi kori\u0161\u0107enja zdravstvenih usluga.<\/p>\n<p>Li\u010dni podaci korisnika koji pose\u0107uju na\u0161 veb-sajt obra\u0111uju se u skladu sa:<br \/>\n\u2022 Turskim Zakonom br. 6698 o za\u0161titi li\u010dnih podataka (KVKK)<br \/>\n\u2022 Op\u0161tom uredbom o za\u0161titi podataka Evropske unije (GDPR)<\/p>\n<p>2. \u0160ta su kola\u010di\u0107i?<\/p>\n<p>Kola\u010di\u0107i su male tekstualne datoteke koje se \u010duvaju na va\u0161em ure\u0111aju putem pregleda\u010da kada posetite veb-sajt. Zahvaljuju\u0107i kola\u010di\u0107ima, veb-sajt funkcioni\u0161e ispravno, pobolj\u0161ava se korisni\u010dko iskustvo i pamte se va\u0161e preferencije.<\/p>\n<p>3. Vrste kola\u010di\u0107a koje koristimo<br \/>\n3.1. Neophodni kola\u010di\u0107i<\/p>\n<p>Oni su potrebni za bezbedan i pravilan rad veb-sajta. Upravljanje sesijama i bezbednosni procesi obavljaju se putem ovih kola\u010di\u0107a.<\/p>\n<p>3.2. Kola\u010di\u0107i za performanse i analitiku<\/p>\n<p>Koriste se za analizu kori\u0161\u0107enja veb-sajta.<br \/>\nNa primer: Google Analytics<\/p>\n<p>Ovi kola\u010di\u0107i omogu\u0107avaju anonimnu i zbirnu analizu:<br \/>\n\u2022 Broja posetilaca<br \/>\n\u2022 Izvora saobra\u0107aja<br \/>\n\u2022 Najpose\u0107enijih stranica<br \/>\n\u2022 Pona\u0161anja korisnika<\/p>\n<p>3.3. Funkcionalni kola\u010di\u0107i<\/p>\n<p>Koriste se za pam\u0107enje korisni\u010dkih izbora, kao \u0161to je izbor jezika (npr. turski \/ engleski \/ nema\u010dki).<\/p>\n<p>3.4. Marketin\u0161ki i reklamni kola\u010di\u0107i<\/p>\n<p>Omogu\u0107avaju prikaz sadr\u017eaja i oglasa u skladu sa interesovanjima korisnika.<br \/>\nMogu\u0107i alati:<br \/>\n\u2022 Meta (Facebook \/ Instagram)<br \/>\n\u2022 Google Ads<\/p>\n<p>Ovi kola\u010di\u0107i mogu omogu\u0107iti prikaz relevantnog sadr\u017eaja na drugim digitalnim platformama nakon va\u0161e posete.<\/p>\n<p>4. Svrhe obrade li\u010dnih podataka<\/p>\n<p>Podaci prikupljeni putem kola\u010di\u0107a obra\u0111uju se radi:<br \/>\n\u2022 Obezbe\u0111ivanja bezbednosti veb-sajta<br \/>\n\u2022 Pobolj\u0161anja kvaliteta usluga<br \/>\n\u2022 Pobolj\u0161anja korisni\u010dkog iskustva za pacijente iz evropskih zemalja<br \/>\n\u2022 Sprovo\u0111enja marketin\u0161kih i reklamnih aktivnosti<br \/>\n\u2022 Izrade statisti\u010dkih analiza<br \/>\n\u2022 Ispunjavanja zakonskih obaveza<\/p>\n<p>5. Pravni osnov<\/p>\n<p>Va\u0161i podaci se obra\u0111uju na osnovu:<br \/>\n\u2022 Legitimnog interesa u skladu sa \u010dl. 5\/2 KVKK<br \/>\n\u2022 Va\u0161eg izri\u010ditog pristanka za kola\u010di\u0107e koji zahtevaju pristanak<br \/>\n\u2022 Izri\u010ditog pristanka i legitimnog interesa u skladu sa \u010dl. 6 GDPR<\/p>\n<p>U slu\u010daju pristupa iz zemalja Evropske unije primenjuju se odredbe GDPR.<\/p>\n<p>6. Prenos podataka u inostranstvo<\/p>\n<p>Zbog kori\u0161\u0107enja odre\u0111enih usluga tre\u0107ih strana (kao \u0161to su Google i Meta), va\u0161i li\u010dni podaci mogu biti preneti na servere u inostranstvu.<br \/>\nOvaj prenos se vr\u0161i u skladu sa \u010dl. 9 KVKK i odredbama GDPR o prenosu podataka, uz primenu neophodnih tehni\u010dkih i administrativnih mera.<\/p>\n<p>7. Period \u010duvanja kola\u010di\u0107a<\/p>\n<p>Kola\u010di\u0107i se mogu \u010duvati:<br \/>\n\u2022 Tokom trajanja sesije (privremeni kola\u010di\u0107i)<br \/>\n\u2022 Tokom odre\u0111enog perioda (trajni kola\u010di\u0107i)<\/p>\n<p>Period \u010duvanja zavisi od vrste kola\u010di\u0107a.<\/p>\n<p>8. Kontrola kola\u010di\u0107a<\/p>\n<p>Promenom pode\u0161avanja pregleda\u010da mo\u017eete:<br \/>\n\u2022 Blokirati kola\u010di\u0107e<br \/>\n\u2022 Obrisati kola\u010di\u0107e<br \/>\n\u2022 Primati obave\u0161tenja o njihovoj upotrebi<\/p>\n<p>Me\u0111utim, onemogu\u0107avanje odre\u0111enih kola\u010di\u0107a mo\u017ee dovesti do nepravilnog rada nekih funkcija veb-sajta.<\/p>\n<p>9. Prava lica na koje se podaci odnose<\/p>\n<p>Prema KVKK:<br \/>\n\u2022 Saznati da li se li\u010dni podaci obra\u0111uju<br \/>\n\u2022 Zatra\u017eiti informacije<br \/>\n\u2022 Zatra\u017eiti ispravku<br \/>\n\u2022 Zatra\u017eiti brisanje ili uni\u0161tenje<br \/>\n\u2022 Zatra\u017eiti informacije o prenosu u inostranstvo<\/p>\n<p>Prema GDPR (za posetioce iz EU):<br \/>\n\u2022 Pravo na pristup<br \/>\n\u2022 Pravo na ispravku<br \/>\n\u2022 Pravo na brisanje (Right to be Forgotten)<br \/>\n\u2022 Pravo na prenosivost podataka<br \/>\n\u2022 Pravo na prigovor obradi<\/p>\n<p>10. Kontakt<\/p>\n<p>Mo\u017eete poslati svoje zahteve putem slede\u0107ih kontakt podataka:<\/p>\n<p>SM\u0130RN\u0130 SA\u011eLIK H\u0130ZMETLER\u0130 TUR\u0130ZM DANI\u015eMANLIK ACENTES\u0130 \u0130N\u015e. SAN. T\u0130C. LTD. \u015eT\u0130<br \/>\n(QUALITY LIFE HEALTH TRAVEL)<br \/>\nAdresa: K\u00fc\u00e7\u00fck\u00e7ekmece \/ Istanbul<br \/>\nPoreski broj: 7721554065<br \/>\nE-mail:<br \/>\nconsultancy@qualitylifehealthtravel.info<\/p>\n<p>smirnisaglikhizmetleri@hs01.kep.tr<\/p>\n<p>11. A\u017euriranja<\/p>\n<p>Kompanija zadr\u017eava pravo da a\u017eurira ovu Politiku kola\u010di\u0107a u skladu sa zakonskim promenama ili operativnim potrebama.<br \/>\nA\u017eurirani tekst stupa na snagu od datuma objavljivanja na veb-sajtu.[\/vc_column_text][\/vc_column][\/vc_row]\n","protected":false},"excerpt":{"rendered":"<p>[vc_row type=&#8220;in_container&#8220; full_screen_row_position=&#8220;middle&#8220; column_margin=&#8220;default&#8220; column_direction=&#8220;default&#8220; column_direction_tablet=&#8220;default&#8220; column_direction_phone=&#8220;default&#8220; scene_position=&#8220;center&#8220; top_padding=&#8220;5%&#8220; constrain_group_1=&#8220;yes&#8220; bottom_padding=&#8220;5%&#8220; text_color=&#8220;dark&#8220; text_align=&#8220;left&#8220; row_border_radius=&#8220;none&#8220; row_border_radius_applies=&#8220;bg&#8220; overflow=&#8220;visible&#8220; overlay_strength=&#8220;0.3&#8243; gradient_direction=&#8220;left_to_right&#8220; shape_divider_position=&#8220;bottom&#8220; bg_image_animation=&#8220;none&#8220; gradient_type=&#8220;default&#8220; shape_type=&#8220;&#8220;][vc_column column_padding=&#8220;no-extra-padding&#8220; column_padding_tablet=&#8220;inherit&#8220; column_padding_phone=&#8220;inherit&#8220; column_padding_position=&#8220;all&#8220; column_element_direction_desktop=&#8220;default&#8220; column_element_spacing=&#8220;default&#8220; desktop_text_alignment=&#8220;default&#8220; tablet_text_alignment=&#8220;default&#8220;&#8230;<\/p>\n","protected":false},"author":2,"featured_media":0,"parent":0,"menu_order":0,"comment_status":"closed","ping_status":"closed","template":"","meta":{"footnotes":""},"class_list":["post-9741","page","type-page","status-publish"],"_links":{"self":[{"href":"https:\/\/qualitylifehealth.com\/sr\/wp-json\/wp\/v2\/pages\/9741","targetHints":{"allow":["GET"]}}],"collection":[{"href":"https:\/\/qualitylifehealth.com\/sr\/wp-json\/wp\/v2\/pages"}],"about":[{"href":"https:\/\/qualitylifehealth.com\/sr\/wp-json\/wp\/v2\/types\/page"}],"author":[{"embeddable":true,"href":"https:\/\/qualitylifehealth.com\/sr\/wp-json\/wp\/v2\/users\/2"}],"replies":[{"embeddable":true,"href":"https:\/\/qualitylifehealth.com\/sr\/wp-json\/wp\/v2\/comments?post=9741"}],"version-history":[{"count":1,"href":"https:\/\/qualitylifehealth.com\/sr\/wp-json\/wp\/v2\/pages\/9741\/revisions"}],"predecessor-version":[{"id":9817,"href":"https:\/\/qualitylifehealth.com\/sr\/wp-json\/wp\/v2\/pages\/9741\/revisions\/9817"}],"wp:attachment":[{"href":"https:\/\/qualitylifehealth.com\/sr\/wp-json\/wp\/v2\/media?parent=9741"}],"curies":[{"name":"wp","href":"https:\/\/api.w.org\/{rel}","templated":true}]}}