{"id":5277,"date":"2023-11-27T17:50:46","date_gmt":"2023-11-27T14:50:46","guid":{"rendered":"https:\/\/qualitylifehealth.com\/porselen-laminat-dis-kaplama\/"},"modified":"2025-01-05T02:06:51","modified_gmt":"2025-01-04T23:06:51","slug":"porslinslaminat-tandfasader","status":"publish","type":"page","link":"https:\/\/qualitylifehealth.com\/sv\/porslinslaminat-tandfasader\/","title":{"rendered":"Porslinslaminat Tandfasader"},"content":{"rendered":"[vc_row type=&#8221;in_container&#8221; full_screen_row_position=&#8221;middle&#8221; column_margin=&#8221;default&#8221; equal_height=&#8221;yes&#8221; content_placement=&#8221;middle&#8221; column_direction=&#8221;default&#8221; column_direction_tablet=&#8221;default&#8221; column_direction_phone=&#8221;default&#8221; bg_color=&#8221;#ffffff&#8221; scene_position=&#8221;center&#8221; text_color=&#8221;dark&#8221; text_align=&#8221;left&#8221; row_border_radius=&#8221;none&#8221; row_border_radius_applies=&#8221;bg&#8221; overflow=&#8221;visible&#8221; overlay_strength=&#8221;0.3&#8243; gradient_direction=&#8221;left_to_right&#8221; shape_divider_position=&#8221;bottom&#8221; bg_image_animation=&#8221;none&#8221; gradient_type=&#8221;default&#8221; shape_type=&#8221;&#8221;][vc_column column_padding=&#8221;padding-5-percent&#8221; column_padding_tablet=&#8221;inherit&#8221; column_padding_phone=&#8221;inherit&#8221; column_padding_position=&#8221;all&#8221; column_element_direction_desktop=&#8221;default&#8221; column_element_spacing=&#8221;default&#8221; desktop_text_alignment=&#8221;default&#8221; tablet_text_alignment=&#8221;default&#8221; phone_text_alignment=&#8221;default&#8221; background_color_opacity=&#8221;1&#8243; background_hover_color_opacity=&#8221;1&#8243; column_backdrop_filter=&#8221;none&#8221; column_shadow=&#8221;none&#8221; column_border_radius=&#8221;none&#8221; column_link_target=&#8221;_self&#8221; column_position=&#8221;default&#8221; gradient_direction=&#8221;left_to_right&#8221; overlay_strength=&#8221;0.3&#8243; width=&#8221;1\/2&#8243; tablet_width_inherit=&#8221;default&#8221; animation_type=&#8221;default&#8221; bg_image_animation=&#8221;none&#8221; border_type=&#8221;simple&#8221; column_border_width=&#8221;none&#8221; column_border_style=&#8221;solid&#8221; column_padding_type=&#8221;default&#8221; gradient_type=&#8221;default&#8221;][vc_row_inner column_margin=&#8221;default&#8221; column_direction=&#8221;default&#8221; column_direction_tablet=&#8221;default&#8221; column_direction_phone=&#8221;default&#8221; text_align=&#8221;left&#8221; row_position=&#8221;default&#8221; row_position_tablet=&#8221;inherit&#8221; row_position_phone=&#8221;inherit&#8221; overflow=&#8221;visible&#8221; pointer_events=&#8221;all&#8221;][vc_column_inner column_padding=&#8221;no-extra-padding&#8221; column_padding_tablet=&#8221;inherit&#8221; column_padding_phone=&#8221;inherit&#8221; column_padding_position=&#8221;all&#8221; column_element_direction_desktop=&#8221;default&#8221; column_element_spacing=&#8221;default&#8221; desktop_text_alignment=&#8221;default&#8221; tablet_text_alignment=&#8221;default&#8221; phone_text_alignment=&#8221;default&#8221; background_color_opacity=&#8221;1&#8243; background_hover_color_opacity=&#8221;1&#8243; column_backdrop_filter=&#8221;none&#8221; column_shadow=&#8221;none&#8221; column_border_radius=&#8221;none&#8221; column_link_target=&#8221;_self&#8221; overflow=&#8221;visible&#8221; gradient_direction=&#8221;left_to_right&#8221; overlay_strength=&#8221;0.3&#8243; width=&#8221;1\/1&#8243; tablet_width_inherit=&#8221;default&#8221; animation_type=&#8221;default&#8221; enable_animation=&#8221;true&#8221; animation=&#8221;fade-in-from-bottom&#8221; animation_easing=&#8221;default&#8221; bg_image_animation=&#8221;none&#8221; border_type=&#8221;simple&#8221; column_border_width=&#8221;none&#8221; column_border_style=&#8221;solid&#8221;][vc_custom_heading text=&#8221;Porslinslaminat Tandfasader&#8221; font_container=&#8221;tag:h1|font_size:40|text_align:left|line_height:50px&#8221; use_theme_fonts=&#8221;yes&#8221;][vc_custom_heading text=&#8221;Porslinslaminat, \u00e4ven k\u00e4nt som porslinslaminatfasader, \u00e4r en typ av tandfasad d\u00e4r porslin anv\u00e4nds i tillverkningen. Porslin har en naturligt vit f\u00e4rg tack vare de material som anv\u00e4nds i dess tillverkning och betraktas som ett biokompatibelt \u00e4mne. Det inneh\u00e5ller inte metaller eller skadliga \u00e4mnen. Porslinslaminat hj\u00e4lper t\u00e4nderna att se mer naturliga ut och \u00e4r popul\u00e4ra bland individer som har f\u00f6rlorat t\u00e4nder eller har problem som missf\u00e4rgning. Dessutom hj\u00e4lper porslinslaminat till att balansera formen, storleken och f\u00e4rgen p\u00e5 t\u00e4nderna.&#8221; font_container=&#8221;tag:p|text_align:left|color:rgba(10%2C10%2C10%2C0.6)&#8221; use_theme_fonts=&#8221;yes&#8221;][\/vc_column_inner][\/vc_row_inner][\/vc_column][vc_column column_padding=&#8221;no-extra-padding&#8221; column_padding_tablet=&#8221;inherit&#8221; column_padding_phone=&#8221;inherit&#8221; column_padding_position=&#8221;all&#8221; column_element_direction_desktop=&#8221;default&#8221; column_element_spacing=&#8221;default&#8221; desktop_text_alignment=&#8221;default&#8221; tablet_text_alignment=&#8221;default&#8221; phone_text_alignment=&#8221;default&#8221; background_color_opacity=&#8221;1&#8243; background_hover_color_opacity=&#8221;1&#8243; column_backdrop_filter=&#8221;none&#8221; column_shadow=&#8221;none&#8221; column_border_radius=&#8221;none&#8221; column_link_target=&#8221;_self&#8221; column_position=&#8221;default&#8221; gradient_direction=&#8221;left_to_right&#8221; overlay_strength=&#8221;0.3&#8243; width=&#8221;1\/2&#8243; tablet_width_inherit=&#8221;default&#8221; animation_type=&#8221;default&#8221; bg_image_animation=&#8221;none&#8221; border_type=&#8221;simple&#8221; column_border_width=&#8221;none&#8221; column_border_style=&#8221;solid&#8221; column_padding_type=&#8221;default&#8221; gradient_type=&#8221;default&#8221;][image_with_animation image_url=&#8221;747&#8243; image_size=&#8221;full&#8221; animation_type=&#8221;entrance&#8221; animation=&#8221;None&#8221; animation_movement_type=&#8221;transform_y&#8221; hover_animation=&#8221;none&#8221; alignment=&#8221;&#8221; border_radius=&#8221;20px&#8221; box_shadow=&#8221;none&#8221; image_loading=&#8221;default&#8221; max_width=&#8221;100%&#8221; max_width_mobile=&#8221;default&#8221;][\/vc_column][\/vc_row][vc_row type=&#8221;full_width_background&#8221; full_screen_row_position=&#8221;middle&#8221; column_margin=&#8221;default&#8221; column_direction=&#8221;default&#8221; column_direction_tablet=&#8221;default&#8221; column_direction_phone=&#8221;default&#8221; bg_color=&#8221;#f7f7f7&#8243; scene_position=&#8221;center&#8221; top_padding=&#8221;100&#8243; bottom_padding=&#8221;100&#8243; text_color=&#8221;dark&#8221; text_align=&#8221;left&#8221; row_border_radius=&#8221;none&#8221; row_border_radius_applies=&#8221;bg&#8221; overflow=&#8221;visible&#8221; overlay_strength=&#8221;0.3&#8243; gradient_direction=&#8221;left_to_right&#8221; shape_divider_position=&#8221;bottom&#8221; bg_image_animation=&#8221;none&#8221;][vc_column column_padding=&#8221;no-extra-padding&#8221; column_padding_tablet=&#8221;inherit&#8221; column_padding_phone=&#8221;inherit&#8221; column_padding_position=&#8221;all&#8221; column_element_direction_desktop=&#8221;default&#8221; column_element_spacing=&#8221;default&#8221; desktop_text_alignment=&#8221;default&#8221; tablet_text_alignment=&#8221;default&#8221; phone_text_alignment=&#8221;default&#8221; background_color_opacity=&#8221;1&#8243; background_hover_color_opacity=&#8221;1&#8243; column_backdrop_filter=&#8221;none&#8221; column_shadow=&#8221;none&#8221; column_border_radius=&#8221;none&#8221; column_link_target=&#8221;_self&#8221; column_position=&#8221;default&#8221; gradient_direction=&#8221;left_to_right&#8221; overlay_strength=&#8221;0.3&#8243; width=&#8221;1\/1&#8243; tablet_width_inherit=&#8221;default&#8221; animation_type=&#8221;default&#8221; bg_image_animation=&#8221;none&#8221; border_type=&#8221;simple&#8221; column_border_width=&#8221;none&#8221; column_border_style=&#8221;solid&#8221;][vc_column_text]\n<h2>Vanliga fr\u00e5gor om porslinslaminat tandfasader<\/h2>\n[\/vc_column_text][toggles style=&#8221;minimal&#8221;][toggle color=&#8221;Default&#8221; heading_tag=&#8221;default&#8221; heading_tag_functionality=&#8221;default&#8221; title=&#8221;Hur appliceras porslinslaminat tandfasader?&#8221;][vc_column_text]Att ha friska, vackra och v\u00e4lsk\u00f6tta t\u00e4nder \u00e4r viktigt b\u00e5de f\u00f6r h\u00e4lsan och utseendet. Dental laminate veneers \u00e4r ett utm\u00e4rkt alternativ f\u00f6r dem som vill ha ett h\u00e4lsosammare och mer tilltalande leende.<\/p>\n<p>Behandlingen av laminate veneers b\u00f6rjar med att f\u00f6rst\u00e5 patientens \u00f6nskem\u00e5l och problem relaterade till t\u00e4nderna. Bekymmer, ogillade aspekter och f\u00f6rv\u00e4ntningar p\u00e5 t\u00e4nderna diskuteras. Vid det f\u00f6rsta m\u00f6tet planeras andra behov som tandblekning, reng\u00f6ring, borttagning av karies med mera. D\u00e4refter tas avtryck och skickas till teknikern. Teknikern skapar en modell, k\u00e4nd som &#8221;Mock Up&#8221;, som visar t\u00e4ndernas slutliga utseende. Vid det andra m\u00f6tet presenteras t\u00e4ndernas slutliga utseende med hj\u00e4lp av tillf\u00e4lliga material och patientens \u00f6nskem\u00e5l tas i beaktande. Det \u00f6nskade utseendet f\u00f6r t\u00e4nderna fastst\u00e4lls och justeringar p\u00e5b\u00f6rjas. Vid det tredje m\u00f6tet appliceras de permanenta porslinslaminaten, och behandlingen slutf\u00f6rs.<\/p>\n[\/vc_column_text][\/toggle][toggle color=&#8221;Default&#8221; heading_tag=&#8221;default&#8221; heading_tag_functionality=&#8221;default&#8221; title=&#8221;Sammanfattning av porslinslaminat behandling:&#8221;][vc_column_text]Antal behandlingar: 2-3<br \/>\nBehandlingstid: 30-90 minuter per tand<br \/>\nAnestesi: Lokalbed\u00f6vning<br \/>\nFull \u00e5terh\u00e4mtning: 15 dagar<br \/>\nSjukhusvistelse: Ingen<br \/>\n\u00c5terg\u00e5ng till arbete: Omedelbart<br \/>\nLivsl\u00e4ngd f\u00f6r resultat: 10-20 \u00e5r<br \/>\n[\/vc_column_text][\/toggle][toggle color=&#8221;Default&#8221; heading_tag=&#8221;default&#8221; heading_tag_functionality=&#8221;default&#8221; title=&#8221;Hur h\u00e5llbara \u00e4r porslinslaminat?&#8221;][vc_column_text]Livsl\u00e4ngden f\u00f6r porslinslaminat kan variera mellan 7 och 15 \u00e5r, beroende p\u00e5 tandv\u00e5rd.<\/p>\n[\/vc_column_text][\/toggle][toggle color=&#8221;Default&#8221; heading_tag=&#8221;default&#8221; heading_tag_functionality=&#8221;default&#8221; title=&#8221;Vem \u00e4r en kandidat f\u00f6r porslinslaminat och vad \u00e4r f\u00f6rdelarna?&#8221;][vc_column_text]Porslinslaminatfasader \u00e4r idealiska f\u00f6r estetisk tandv\u00e5rd och kan appliceras p\u00e5 alla som vill korrigera tandf\u00e4rg, t\u00e4cka luckor eller d\u00f6lja fl\u00e4ckar.<\/p>\n[\/vc_column_text][\/toggle][toggle color=&#8221;Default&#8221; heading_tag=&#8221;default&#8221; heading_tag_functionality=&#8221;default&#8221; title=&#8221;Kan laminatfasader lossna efter applicering?&#8221;][vc_column_text]N\u00e4r laminatfasader appliceras korrekt av en professionell tandl\u00e4kare \u00e4r det ovanligt att de lossnar. Dock \u00e4r korrekt v\u00e5rd och munhygien avg\u00f6rande.<\/p>\n[\/vc_column_text][\/toggle][toggle color=&#8221;Default&#8221; heading_tag=&#8221;default&#8221; heading_tag_functionality=&#8221;default&#8221; title=&#8221;Hur l\u00e4nge h\u00e5ller laminatfasader?&#8221;][vc_column_text]Livsl\u00e4ngden f\u00f6r laminatfasader beror p\u00e5 v\u00e5rd, hygien och anv\u00e4ndning. Generellt sett \u00e4r porslinslaminat mer h\u00e5llbara och kan h\u00e5lla i cirka 7-15 \u00e5r.<\/p>\n[\/vc_column_text][\/toggle][toggle color=&#8221;Default&#8221; heading_tag=&#8221;default&#8221; heading_tag_functionality=&#8221;default&#8221; title=&#8221;G\u00f6r det ont att f\u00e5 laminatfasader?&#8221;][vc_column_text]Eftersom tandl\u00e4kare vanligtvis anv\u00e4nder lokalbed\u00f6vning, orsakar appliceringen av laminatfasader vanligtvis inte sm\u00e4rta under behandlingen. Efter behandlingen kan du dock uppleva l\u00e4tt obehag eller k\u00e4nslighet n\u00e4r bed\u00f6vningen sl\u00e4pper, vilket \u00e4r normalt. Detta \u00e4r inget att oroa sig f\u00f6r eftersom lindrigt obehag \u00e4r vanligt efter vissa tandbehandlingar och f\u00f6rsvinner inom n\u00e5gra dagar.<\/p>\n[\/vc_column_text][\/toggle][\/toggles][\/vc_column][\/vc_row]\n","protected":false},"excerpt":{"rendered":"<p>[vc_row type=&#8221;in_container&#8221; full_screen_row_position=&#8221;middle&#8221; column_margin=&#8221;default&#8221; equal_height=&#8221;yes&#8221; content_placement=&#8221;middle&#8221; column_direction=&#8221;default&#8221; column_direction_tablet=&#8221;default&#8221; column_direction_phone=&#8221;default&#8221; bg_color=&#8221;#ffffff&#8221; scene_position=&#8221;center&#8221; text_color=&#8221;dark&#8221; text_align=&#8221;left&#8221; row_border_radius=&#8221;none&#8221; row_border_radius_applies=&#8221;bg&#8221; overflow=&#8221;visible&#8221; overlay_strength=&#8221;0.3&#8243; gradient_direction=&#8221;left_to_right&#8221; shape_divider_position=&#8221;bottom&#8221; bg_image_animation=&#8221;none&#8221; gradient_type=&#8221;default&#8221; shape_type=&#8221;&#8221;][vc_column column_padding=&#8221;padding-5-percent&#8221; column_padding_tablet=&#8221;inherit&#8221; column_padding_phone=&#8221;inherit&#8221; column_padding_position=&#8221;all&#8221; column_element_direction_desktop=&#8221;default&#8221; column_element_spacing=&#8221;default&#8221; desktop_text_alignment=&#8221;default&#8221; tablet_text_alignment=&#8221;default&#8221;&#8230;<\/p>\n","protected":false},"author":2,"featured_media":0,"parent":0,"menu_order":0,"comment_status":"closed","ping_status":"closed","template":"","meta":{"footnotes":""},"class_list":["post-5277","page","type-page","status-publish"],"_links":{"self":[{"href":"https:\/\/qualitylifehealth.com\/sv\/wp-json\/wp\/v2\/pages\/5277","targetHints":{"allow":["GET"]}}],"collection":[{"href":"https:\/\/qualitylifehealth.com\/sv\/wp-json\/wp\/v2\/pages"}],"about":[{"href":"https:\/\/qualitylifehealth.com\/sv\/wp-json\/wp\/v2\/types\/page"}],"author":[{"embeddable":true,"href":"https:\/\/qualitylifehealth.com\/sv\/wp-json\/wp\/v2\/users\/2"}],"replies":[{"embeddable":true,"href":"https:\/\/qualitylifehealth.com\/sv\/wp-json\/wp\/v2\/comments?post=5277"}],"version-history":[{"count":3,"href":"https:\/\/qualitylifehealth.com\/sv\/wp-json\/wp\/v2\/pages\/5277\/revisions"}],"predecessor-version":[{"id":5366,"href":"https:\/\/qualitylifehealth.com\/sv\/wp-json\/wp\/v2\/pages\/5277\/revisions\/5366"}],"wp:attachment":[{"href":"https:\/\/qualitylifehealth.com\/sv\/wp-json\/wp\/v2\/media?parent=5277"}],"curies":[{"name":"wp","href":"https:\/\/api.w.org\/{rel}","templated":true}]}}