{"id":5281,"date":"2023-11-27T17:33:21","date_gmt":"2023-11-27T14:33:21","guid":{"rendered":"https:\/\/qualitylifehealth.com\/porselen-dis-kaplama\/"},"modified":"2025-01-05T00:58:37","modified_gmt":"2025-01-04T21:58:37","slug":"dental-faner-i-porslin","status":"publish","type":"page","link":"https:\/\/qualitylifehealth.com\/sv\/dental-faner-i-porslin\/","title":{"rendered":"Dental faner i porslin"},"content":{"rendered":"[vc_row type=&#8221;in_container&#8221; full_screen_row_position=&#8221;middle&#8221; column_margin=&#8221;default&#8221; equal_height=&#8221;yes&#8221; content_placement=&#8221;middle&#8221; column_direction=&#8221;default&#8221; column_direction_tablet=&#8221;default&#8221; column_direction_phone=&#8221;default&#8221; bg_color=&#8221;#ffffff&#8221; scene_position=&#8221;center&#8221; text_color=&#8221;dark&#8221; text_align=&#8221;left&#8221; row_border_radius=&#8221;none&#8221; row_border_radius_applies=&#8221;bg&#8221; overflow=&#8221;visible&#8221; overlay_strength=&#8221;0.3&#8243; gradient_direction=&#8221;left_to_right&#8221; shape_divider_position=&#8221;bottom&#8221; bg_image_animation=&#8221;none&#8221; gradient_type=&#8221;default&#8221; shape_type=&#8221;&#8221;][vc_column column_padding=&#8221;padding-5-percent&#8221; column_padding_tablet=&#8221;inherit&#8221; column_padding_phone=&#8221;inherit&#8221; column_padding_position=&#8221;all&#8221; column_element_direction_desktop=&#8221;default&#8221; column_element_spacing=&#8221;default&#8221; desktop_text_alignment=&#8221;default&#8221; tablet_text_alignment=&#8221;default&#8221; phone_text_alignment=&#8221;default&#8221; background_color_opacity=&#8221;1&#8243; background_hover_color_opacity=&#8221;1&#8243; column_backdrop_filter=&#8221;none&#8221; column_shadow=&#8221;none&#8221; column_border_radius=&#8221;none&#8221; column_link_target=&#8221;_self&#8221; column_position=&#8221;default&#8221; gradient_direction=&#8221;left_to_right&#8221; overlay_strength=&#8221;0.3&#8243; width=&#8221;1\/2&#8243; tablet_width_inherit=&#8221;default&#8221; animation_type=&#8221;default&#8221; bg_image_animation=&#8221;none&#8221; border_type=&#8221;simple&#8221; column_border_width=&#8221;none&#8221; column_border_style=&#8221;solid&#8221; column_padding_type=&#8221;default&#8221; gradient_type=&#8221;default&#8221;][vc_row_inner column_margin=&#8221;default&#8221; column_direction=&#8221;default&#8221; column_direction_tablet=&#8221;default&#8221; column_direction_phone=&#8221;default&#8221; text_align=&#8221;left&#8221; row_position=&#8221;default&#8221; row_position_tablet=&#8221;inherit&#8221; row_position_phone=&#8221;inherit&#8221; overflow=&#8221;visible&#8221; pointer_events=&#8221;all&#8221;][vc_column_inner column_padding=&#8221;no-extra-padding&#8221; column_padding_tablet=&#8221;inherit&#8221; column_padding_phone=&#8221;inherit&#8221; column_padding_position=&#8221;all&#8221; column_element_direction_desktop=&#8221;default&#8221; column_element_spacing=&#8221;default&#8221; desktop_text_alignment=&#8221;default&#8221; tablet_text_alignment=&#8221;default&#8221; phone_text_alignment=&#8221;default&#8221; background_color_opacity=&#8221;1&#8243; background_hover_color_opacity=&#8221;1&#8243; column_backdrop_filter=&#8221;none&#8221; column_shadow=&#8221;none&#8221; column_border_radius=&#8221;none&#8221; column_link_target=&#8221;_self&#8221; overflow=&#8221;visible&#8221; gradient_direction=&#8221;left_to_right&#8221; overlay_strength=&#8221;0.3&#8243; width=&#8221;1\/1&#8243; tablet_width_inherit=&#8221;default&#8221; animation_type=&#8221;default&#8221; enable_animation=&#8221;true&#8221; animation=&#8221;fade-in-from-bottom&#8221; animation_easing=&#8221;default&#8221; bg_image_animation=&#8221;none&#8221; border_type=&#8221;simple&#8221; column_border_width=&#8221;none&#8221; column_border_style=&#8221;solid&#8221;][vc_custom_heading text=&#8221;Porslin Tandfasader&#8221; font_container=&#8221;tag:h1|font_size:40|text_align:left|line_height:50px&#8221; use_theme_fonts=&#8221;yes&#8221;][vc_custom_heading text=&#8221;N\u00e4r porslin anv\u00e4nds vid tillverkning av tandfasader kallas de porslinsfasader. Porslin \u00e4r ett material som f\u00e5r sin vita f\u00e4rg fr\u00e5n de \u00e4mnen som anv\u00e4nds vid dess produktion och det anses vara biokompatibelt. Det inneh\u00e5ller inga metaller eller skadliga \u00e4mnen. Porslinsfasader hj\u00e4lper t\u00e4nder att se mycket naturligare ut och \u00e4r ett popul\u00e4rt val bland personer som lider av tandf\u00f6rlust eller problem som missf\u00e4rgning av t\u00e4nderna. Porslinsfasader hj\u00e4lper ocks\u00e5 till att balansera tandens form, storlek och f\u00e4rg.&#8221; font_container=&#8221;tag:p|text_align:left|color:rgba(10%2C10%2C10%2C0.6)&#8221; use_theme_fonts=&#8221;yes&#8221;][\/vc_column_inner][\/vc_row_inner][\/vc_column][vc_column column_padding=&#8221;no-extra-padding&#8221; column_padding_tablet=&#8221;inherit&#8221; column_padding_phone=&#8221;inherit&#8221; column_padding_position=&#8221;all&#8221; column_element_direction_desktop=&#8221;default&#8221; column_element_spacing=&#8221;default&#8221; desktop_text_alignment=&#8221;default&#8221; tablet_text_alignment=&#8221;default&#8221; phone_text_alignment=&#8221;default&#8221; background_color_opacity=&#8221;1&#8243; background_hover_color_opacity=&#8221;1&#8243; column_backdrop_filter=&#8221;none&#8221; column_shadow=&#8221;none&#8221; column_border_radius=&#8221;none&#8221; column_link_target=&#8221;_self&#8221; column_position=&#8221;default&#8221; gradient_direction=&#8221;left_to_right&#8221; overlay_strength=&#8221;0.3&#8243; width=&#8221;1\/2&#8243; tablet_width_inherit=&#8221;default&#8221; animation_type=&#8221;default&#8221; bg_image_animation=&#8221;none&#8221; border_type=&#8221;simple&#8221; column_border_width=&#8221;none&#8221; column_border_style=&#8221;solid&#8221; column_padding_type=&#8221;default&#8221; gradient_type=&#8221;default&#8221;][image_with_animation image_url=&#8221;747&#8243; image_size=&#8221;full&#8221; animation_type=&#8221;entrance&#8221; animation=&#8221;None&#8221; animation_movement_type=&#8221;transform_y&#8221; hover_animation=&#8221;none&#8221; alignment=&#8221;&#8221; border_radius=&#8221;20px&#8221; box_shadow=&#8221;none&#8221; image_loading=&#8221;default&#8221; max_width=&#8221;100%&#8221; max_width_mobile=&#8221;default&#8221;][\/vc_column][\/vc_row][vc_row type=&#8221;full_width_background&#8221; full_screen_row_position=&#8221;middle&#8221; column_margin=&#8221;default&#8221; column_direction=&#8221;default&#8221; column_direction_tablet=&#8221;default&#8221; column_direction_phone=&#8221;default&#8221; bg_color=&#8221;#f7f7f7&#8243; scene_position=&#8221;center&#8221; top_padding=&#8221;100&#8243; bottom_padding=&#8221;100&#8243; text_color=&#8221;dark&#8221; text_align=&#8221;left&#8221; row_border_radius=&#8221;none&#8221; row_border_radius_applies=&#8221;bg&#8221; overflow=&#8221;visible&#8221; overlay_strength=&#8221;0.3&#8243; gradient_direction=&#8221;left_to_right&#8221; shape_divider_position=&#8221;bottom&#8221; bg_image_animation=&#8221;none&#8221;][vc_column column_padding=&#8221;no-extra-padding&#8221; column_padding_tablet=&#8221;inherit&#8221; column_padding_phone=&#8221;inherit&#8221; column_padding_position=&#8221;all&#8221; column_element_direction_desktop=&#8221;default&#8221; column_element_spacing=&#8221;default&#8221; desktop_text_alignment=&#8221;default&#8221; tablet_text_alignment=&#8221;default&#8221; phone_text_alignment=&#8221;default&#8221; background_color_opacity=&#8221;1&#8243; background_hover_color_opacity=&#8221;1&#8243; column_backdrop_filter=&#8221;none&#8221; column_shadow=&#8221;none&#8221; column_border_radius=&#8221;none&#8221; column_link_target=&#8221;_self&#8221; column_position=&#8221;default&#8221; gradient_direction=&#8221;left_to_right&#8221; overlay_strength=&#8221;0.3&#8243; width=&#8221;1\/1&#8243; tablet_width_inherit=&#8221;default&#8221; animation_type=&#8221;default&#8221; bg_image_animation=&#8221;none&#8221; border_type=&#8221;simple&#8221; column_border_width=&#8221;none&#8221; column_border_style=&#8221;solid&#8221;][vc_column_text]\n<h2>Vanliga Fr\u00e5gor om Porslinstandfasader<\/h2>\n[\/vc_column_text][toggles style=&#8221;minimal&#8221;][toggle color=&#8221;Default&#8221; heading_tag=&#8221;default&#8221; heading_tag_functionality=&#8221;default&#8221; title=&#8221;Hur Appliceras Porslinstandfasader?&#8221;][vc_column_text]\nF\u00f6r att applicera porslinsfasader formas dina t\u00e4nder f\u00f6rsiktigt f\u00f6r att passa fasaderna. D\u00e4refter tas avtryck av de f\u00f6rberedda t\u00e4nderna och skickas till ett laboratorium. Tillverkningen av fasaderna tar vanligtvis 1-2 veckor.<\/p>\n<p>N\u00e4r fasaderna \u00e4r klara applicerar tandl\u00e4karen lokalbed\u00f6vning f\u00f6r att s\u00e4kerst\u00e4lla att patienten \u00e4r bekv\u00e4m under proceduren. T\u00e4nderna f\u00f6rbereds sedan ytterligare f\u00f6r att s\u00e4kerst\u00e4lla att fasaderna passar perfekt. Tandl\u00e4karen testar passformen och f\u00e4rgen p\u00e5 fasaderna och g\u00f6r n\u00f6dv\u00e4ndiga justeringar innan de permanent f\u00e4sts p\u00e5 t\u00e4nderna.<\/p>\n[\/vc_column_text][\/toggle][toggle color=&#8221;Default&#8221; heading_tag=&#8221;default&#8221; heading_tag_functionality=&#8221;default&#8221; title=&#8221;Sammanfattning av Behandlingen:&#8221;][vc_column_text]\nAntal Behandlingar: 2-3<br \/>\nTids\u00e5tg\u00e5ng: 30-90 minuter per tand<br \/>\nAnestesi: Lokalbed\u00f6vning<br \/>\nFullst\u00e4ndig L\u00e4ketid: 15 dagar<br \/>\nSjukhusvistelse: Ingen<br \/>\n\u00c5terg\u00e5ng till Arbete: Omedelbart<br \/>\nLivsl\u00e4ngd: 10-20 \u00e5r  <\/p>\n[\/vc_column_text][\/toggle][toggle color=&#8221;Default&#8221; heading_tag=&#8221;default&#8221; heading_tag_functionality=&#8221;default&#8221; title=&#8221;Skillnader Mellan Porslins- och Zirkoniumfasader:&#8221;][vc_column_text]\nDen huvudsakliga skillnaden mellan porslins- och zirkoniumfasader \u00e4r materialet. Porslinsfasader best\u00e5r av tunna lager porslin som ger en naturlig estetik, medan zirkoniumfasader \u00e4r tillverkade av det h\u00e5llbarare materialet zirkonium.<\/p>\n[\/vc_column_text][\/toggle][toggle color=&#8221;Default&#8221; heading_tag=&#8221;default&#8221; heading_tag_functionality=&#8221;default&#8221; title=&#8221;Vilket \u00e4r B\u00e4st, Porslins- eller Zirkoniumfasader?&#8221;][vc_column_text]\nValet mellan dessa tv\u00e5 beror p\u00e5 individuella behov och behandlingskrav. Porslinsfasader ger utm\u00e4rkta estetiska resultat, medan zirkoniumfasader \u00e4r mer h\u00e5llbara. R\u00e5dfr\u00e5ga din tandl\u00e4kare f\u00f6r att v\u00e4lja r\u00e4tt alternativ.<\/p>\n[\/vc_column_text][\/toggle][toggle color=&#8221;Default&#8221; heading_tag=&#8221;default&#8221; heading_tag_functionality=&#8221;default&#8221; title=&#8221;Hur L\u00e5ng Tid Tar Det att F\u00e5 Porslinsfasader?&#8221;][vc_column_text]\nTiden det tar att f\u00e5 porslinsfasader beror p\u00e5 t\u00e4ndernas tillst\u00e5nd och antalet fasader som beh\u00f6vs. Flera bes\u00f6k kan kr\u00e4vas f\u00f6r f\u00f6rberedelse, avtryck och applicering.<\/p>\n[\/vc_column_text][\/toggle][toggle color=&#8221;Default&#8221; heading_tag=&#8221;default&#8221; heading_tag_functionality=&#8221;default&#8221; title=&#8221;Hur L\u00e4ngde H\u00e5ller Porslinsfasader?&#8221;][vc_column_text]\nMed r\u00e4tt v\u00e5rd och regelbundna kontroller kan porslinsfasader h\u00e5lla i m\u00e5nga \u00e5r. Precis som alla fasader kan de dock slitas eller f\u00f6r\u00e4ndras i f\u00e4rg \u00f6ver tid.<\/p>\n[\/vc_column_text][\/toggle][toggle color=&#8221;Default&#8221; heading_tag=&#8221;default&#8221; heading_tag_functionality=&#8221;default&#8221; title=&#8221;Kan Porslinsfasader G\u00e5 S\u00f6nder?&#8221;][vc_column_text]\nPorslinsfasader \u00e4r mycket h\u00e5llbara men kan g\u00e5 s\u00f6nder vid extrem trauma eller om du har vanor som att gnissla t\u00e4nder.<\/p>\n[\/vc_column_text][\/toggle][toggle color=&#8221;Default&#8221; heading_tag=&#8221;default&#8221; heading_tag_functionality=&#8221;default&#8221; title=&#8221;Beh\u00f6ver T\u00e4nderna Reduceras f\u00f6r Porslinsfasader?&#8221;][vc_column_text]\nJa, t\u00e4nderna m\u00e5ste reduceras n\u00e5got f\u00f6r att fasaderna ska passa korrekt och ge b\u00e4sta estetik.<\/p>\n[\/vc_column_text][\/toggle][toggle color=&#8221;Default&#8221; heading_tag=&#8221;default&#8221; heading_tag_functionality=&#8221;default&#8221; title=&#8221;Vilken Tandform \u00e4r B\u00e4st f\u00f6r Porslinsfasader?&#8221;][vc_column_text]\nDen ideala tandformen f\u00f6r porslinsfasader beror p\u00e5 ansiktsformen och andra personliga faktorer. Till exempel kan hj\u00e4rtformade ansikten se bra ut med kortare, rundade fasader, medan ovala ansikten passar b\u00e4ttre med fyrkantiga t\u00e4nder.<\/p>\n[\/vc_column_text][\/toggle][toggle color=&#8221;Default&#8221; heading_tag=&#8221;default&#8221; heading_tag_functionality=&#8221;default&#8221; title=&#8221;G\u00f6r Det Ont att F\u00e5 Porslinsfasader?&#8221;][vc_column_text]\nEftersom lokalbed\u00f6vning vanligtvis anv\u00e4nds \u00e4r proceduren sm\u00e4rtfri. Efter\u00e5t kan viss obehag eller k\u00e4nslighet uppst\u00e5, vilket \u00e4r normalt och tillf\u00e4lligt.<\/p>\n[\/vc_column_text][\/toggle][\/toggles][\/vc_column][\/vc_row]\n","protected":false},"excerpt":{"rendered":"<p>[vc_row type=&#8221;in_container&#8221; full_screen_row_position=&#8221;middle&#8221; column_margin=&#8221;default&#8221; equal_height=&#8221;yes&#8221; content_placement=&#8221;middle&#8221; column_direction=&#8221;default&#8221; column_direction_tablet=&#8221;default&#8221; column_direction_phone=&#8221;default&#8221; bg_color=&#8221;#ffffff&#8221; scene_position=&#8221;center&#8221; text_color=&#8221;dark&#8221; text_align=&#8221;left&#8221; row_border_radius=&#8221;none&#8221; row_border_radius_applies=&#8221;bg&#8221; overflow=&#8221;visible&#8221; overlay_strength=&#8221;0.3&#8243; gradient_direction=&#8221;left_to_right&#8221; shape_divider_position=&#8221;bottom&#8221; bg_image_animation=&#8221;none&#8221; gradient_type=&#8221;default&#8221; shape_type=&#8221;&#8221;][vc_column column_padding=&#8221;padding-5-percent&#8221; column_padding_tablet=&#8221;inherit&#8221; column_padding_phone=&#8221;inherit&#8221; column_padding_position=&#8221;all&#8221; column_element_direction_desktop=&#8221;default&#8221; column_element_spacing=&#8221;default&#8221; desktop_text_alignment=&#8221;default&#8221; tablet_text_alignment=&#8221;default&#8221;&#8230;<\/p>\n","protected":false},"author":2,"featured_media":0,"parent":0,"menu_order":0,"comment_status":"closed","ping_status":"closed","template":"","meta":{"footnotes":""},"class_list":["post-5281","page","type-page","status-publish"],"_links":{"self":[{"href":"https:\/\/qualitylifehealth.com\/sv\/wp-json\/wp\/v2\/pages\/5281","targetHints":{"allow":["GET"]}}],"collection":[{"href":"https:\/\/qualitylifehealth.com\/sv\/wp-json\/wp\/v2\/pages"}],"about":[{"href":"https:\/\/qualitylifehealth.com\/sv\/wp-json\/wp\/v2\/types\/page"}],"author":[{"embeddable":true,"href":"https:\/\/qualitylifehealth.com\/sv\/wp-json\/wp\/v2\/users\/2"}],"replies":[{"embeddable":true,"href":"https:\/\/qualitylifehealth.com\/sv\/wp-json\/wp\/v2\/comments?post=5281"}],"version-history":[{"count":3,"href":"https:\/\/qualitylifehealth.com\/sv\/wp-json\/wp\/v2\/pages\/5281\/revisions"}],"predecessor-version":[{"id":5283,"href":"https:\/\/qualitylifehealth.com\/sv\/wp-json\/wp\/v2\/pages\/5281\/revisions\/5283"}],"wp:attachment":[{"href":"https:\/\/qualitylifehealth.com\/sv\/wp-json\/wp\/v2\/media?parent=5281"}],"curies":[{"name":"wp","href":"https:\/\/api.w.org\/{rel}","templated":true}]}}