{"id":5295,"date":"2023-11-27T16:58:58","date_gmt":"2023-11-27T13:58:58","guid":{"rendered":"https:\/\/qualitylifehealth.com\/dis-kaplama\/"},"modified":"2025-01-05T01:08:28","modified_gmt":"2025-01-04T22:08:28","slug":"dental-faner","status":"publish","type":"page","link":"https:\/\/qualitylifehealth.com\/sv\/dental-faner\/","title":{"rendered":"Dental faner"},"content":{"rendered":"[vc_row type=&#8221;in_container&#8221; full_screen_row_position=&#8221;middle&#8221; column_margin=&#8221;default&#8221; equal_height=&#8221;yes&#8221; content_placement=&#8221;middle&#8221; column_direction=&#8221;default&#8221; column_direction_tablet=&#8221;default&#8221; column_direction_phone=&#8221;default&#8221; bg_color=&#8221;#ffffff&#8221; scene_position=&#8221;center&#8221; text_color=&#8221;dark&#8221; text_align=&#8221;left&#8221; row_border_radius=&#8221;none&#8221; row_border_radius_applies=&#8221;bg&#8221; overflow=&#8221;visible&#8221; overlay_strength=&#8221;0.3&#8243; gradient_direction=&#8221;left_to_right&#8221; shape_divider_position=&#8221;bottom&#8221; bg_image_animation=&#8221;none&#8221; gradient_type=&#8221;default&#8221; shape_type=&#8221;&#8221;][vc_column column_padding=&#8221;padding-5-percent&#8221; column_padding_tablet=&#8221;inherit&#8221; column_padding_phone=&#8221;inherit&#8221; column_padding_position=&#8221;all&#8221; column_element_direction_desktop=&#8221;default&#8221; column_element_spacing=&#8221;default&#8221; desktop_text_alignment=&#8221;default&#8221; tablet_text_alignment=&#8221;default&#8221; phone_text_alignment=&#8221;default&#8221; background_color_opacity=&#8221;1&#8243; background_hover_color_opacity=&#8221;1&#8243; column_backdrop_filter=&#8221;none&#8221; column_shadow=&#8221;none&#8221; column_border_radius=&#8221;none&#8221; column_link_target=&#8221;_self&#8221; column_position=&#8221;default&#8221; gradient_direction=&#8221;left_to_right&#8221; overlay_strength=&#8221;0.3&#8243; width=&#8221;1\/2&#8243; tablet_width_inherit=&#8221;default&#8221; animation_type=&#8221;default&#8221; bg_image_animation=&#8221;none&#8221; border_type=&#8221;simple&#8221; column_border_width=&#8221;none&#8221; column_border_style=&#8221;solid&#8221; column_padding_type=&#8221;default&#8221; gradient_type=&#8221;default&#8221;][vc_row_inner column_margin=&#8221;default&#8221; column_direction=&#8221;default&#8221; column_direction_tablet=&#8221;default&#8221; column_direction_phone=&#8221;default&#8221; text_align=&#8221;left&#8221; row_position=&#8221;default&#8221; row_position_tablet=&#8221;inherit&#8221; row_position_phone=&#8221;inherit&#8221; overflow=&#8221;visible&#8221; pointer_events=&#8221;all&#8221;][vc_column_inner column_padding=&#8221;no-extra-padding&#8221; column_padding_tablet=&#8221;inherit&#8221; column_padding_phone=&#8221;inherit&#8221; column_padding_position=&#8221;all&#8221; column_element_direction_desktop=&#8221;default&#8221; column_element_spacing=&#8221;default&#8221; desktop_text_alignment=&#8221;default&#8221; tablet_text_alignment=&#8221;default&#8221; phone_text_alignment=&#8221;default&#8221; background_color_opacity=&#8221;1&#8243; background_hover_color_opacity=&#8221;1&#8243; column_backdrop_filter=&#8221;none&#8221; column_shadow=&#8221;none&#8221; column_border_radius=&#8221;none&#8221; column_link_target=&#8221;_self&#8221; overflow=&#8221;visible&#8221; gradient_direction=&#8221;left_to_right&#8221; overlay_strength=&#8221;0.3&#8243; width=&#8221;1\/1&#8243; tablet_width_inherit=&#8221;default&#8221; animation_type=&#8221;default&#8221; enable_animation=&#8221;true&#8221; animation=&#8221;fade-in-from-bottom&#8221; animation_easing=&#8221;default&#8221; bg_image_animation=&#8221;none&#8221; border_type=&#8221;simple&#8221; column_border_width=&#8221;none&#8221; column_border_style=&#8221;solid&#8221;][vc_custom_heading text=&#8221;Tandfasader&#8221; font_container=&#8221;tag:h1|font_size:40|text_align:left|line_height:50px&#8221; use_theme_fonts=&#8221;yes&#8221;][vc_custom_heading text=&#8221;Tandfasader \u00e4r en tandv\u00e5rdsprocedur som anv\u00e4nds f\u00f6r att behandla problem som tandr\u00f6ta eller sprickor, samt f\u00f6r att f\u00f6rb\u00e4ttra t\u00e4ndernas estetik. Eftersom varje persons mun- och tandstruktur \u00e4r unik, \u00e4r tandfasader anpassade individuellt. Dentalfasader kan anv\u00e4ndas b\u00e5de f\u00f6r funktionella och estetiska syften. F\u00f6r estetiska \u00e4ndam\u00e5l kan de korrigera problem som tandr\u00f6ta, trasiga fyllningar, saknade t\u00e4nder och luckor i munnen. Funktionella tandfasader anv\u00e4nds f\u00f6r att l\u00f6sa h\u00e4lsoproblem som tandf\u00f6rlust, materialf\u00f6rlust, spruckna t\u00e4nder, slitage och f\u00f6r att st\u00e4rka t\u00e4nderna.&#8221; font_container=&#8221;tag:p|text_align:left|color:rgba(10%2C10%2C10%2C0.6)&#8221; use_theme_fonts=&#8221;yes&#8221;][\/vc_column_inner][\/vc_row_inner][\/vc_column][vc_column column_padding=&#8221;no-extra-padding&#8221; column_padding_tablet=&#8221;inherit&#8221; column_padding_phone=&#8221;inherit&#8221; column_padding_position=&#8221;all&#8221; column_element_direction_desktop=&#8221;default&#8221; column_element_spacing=&#8221;default&#8221; desktop_text_alignment=&#8221;default&#8221; tablet_text_alignment=&#8221;default&#8221; phone_text_alignment=&#8221;default&#8221; background_color_opacity=&#8221;1&#8243; background_hover_color_opacity=&#8221;1&#8243; column_backdrop_filter=&#8221;none&#8221; column_shadow=&#8221;none&#8221; column_border_radius=&#8221;none&#8221; column_link_target=&#8221;_self&#8221; column_position=&#8221;default&#8221; gradient_direction=&#8221;left_to_right&#8221; overlay_strength=&#8221;0.3&#8243; width=&#8221;1\/2&#8243; tablet_width_inherit=&#8221;default&#8221; animation_type=&#8221;default&#8221; bg_image_animation=&#8221;none&#8221; border_type=&#8221;simple&#8221; column_border_width=&#8221;none&#8221; column_border_style=&#8221;solid&#8221; column_padding_type=&#8221;default&#8221; gradient_type=&#8221;default&#8221;][image_with_animation image_url=&#8221;754&#8243; image_size=&#8221;full&#8221; animation_type=&#8221;entrance&#8221; animation=&#8221;None&#8221; animation_movement_type=&#8221;transform_y&#8221; hover_animation=&#8221;none&#8221; alignment=&#8221;&#8221; border_radius=&#8221;20px&#8221; box_shadow=&#8221;none&#8221; image_loading=&#8221;default&#8221; max_width=&#8221;100%&#8221; max_width_mobile=&#8221;default&#8221;][\/vc_column][\/vc_row][vc_row type=&#8221;full_width_background&#8221; full_screen_row_position=&#8221;middle&#8221; column_margin=&#8221;default&#8221; column_direction=&#8221;default&#8221; column_direction_tablet=&#8221;default&#8221; column_direction_phone=&#8221;default&#8221; bg_color=&#8221;#f7f7f7&#8243; scene_position=&#8221;center&#8221; top_padding=&#8221;100&#8243; bottom_padding=&#8221;100&#8243; text_color=&#8221;dark&#8221; text_align=&#8221;left&#8221; row_border_radius=&#8221;none&#8221; row_border_radius_applies=&#8221;bg&#8221; overflow=&#8221;visible&#8221; overlay_strength=&#8221;0.3&#8243; gradient_direction=&#8221;left_to_right&#8221; shape_divider_position=&#8221;bottom&#8221; bg_image_animation=&#8221;none&#8221;][vc_column column_padding=&#8221;no-extra-padding&#8221; column_padding_tablet=&#8221;inherit&#8221; column_padding_phone=&#8221;inherit&#8221; column_padding_position=&#8221;all&#8221; column_element_direction_desktop=&#8221;default&#8221; column_element_spacing=&#8221;default&#8221; desktop_text_alignment=&#8221;default&#8221; tablet_text_alignment=&#8221;default&#8221; phone_text_alignment=&#8221;default&#8221; background_color_opacity=&#8221;1&#8243; background_hover_color_opacity=&#8221;1&#8243; column_backdrop_filter=&#8221;none&#8221; column_shadow=&#8221;none&#8221; column_border_radius=&#8221;none&#8221; column_link_target=&#8221;_self&#8221; column_position=&#8221;default&#8221; gradient_direction=&#8221;left_to_right&#8221; overlay_strength=&#8221;0.3&#8243; width=&#8221;1\/1&#8243; tablet_width_inherit=&#8221;default&#8221; animation_type=&#8221;default&#8221; bg_image_animation=&#8221;none&#8221; border_type=&#8221;simple&#8221; column_border_width=&#8221;none&#8221; column_border_style=&#8221;solid&#8221;][vc_column_text]\n<h2>Vanliga fr\u00e5gor om tandkronor<\/h2>\n[\/vc_column_text][toggles style=&#8221;minimal&#8221;][toggle color=&#8221;Default&#8221; heading_tag=&#8221;default&#8221; heading_tag_functionality=&#8221;default&#8221; title=&#8221;Hur appliceras tandkronor?&#8221;][vc_column_text]Tandkronor appliceras genom att f\u00f6rst forma t\u00e4nderna f\u00f6r att passa kronans tjocklek. Efter formningen tas ett avtryck av de preparerade t\u00e4nderna, vilket skickas till ett laboratorium d\u00e4r professionella tandtekniker tillverkar kronorna. Processen att skapa kronorna, fr\u00e5n avtryck till f\u00e4rdigst\u00e4llande, tar vanligtvis 1-2 veckor.<\/p>\n<p>N\u00e4r kronorna \u00e4r f\u00e4rdiga b\u00f6rjar tandproceduren med lokalbed\u00f6vning f\u00f6r att s\u00e4kerst\u00e4lla patientens komfort. D\u00e4refter formas de naturliga t\u00e4nderna igen f\u00f6r att passa kronorna, och tandl\u00e4karen justerar passformen och f\u00e4rgen innan proceduren slutf\u00f6rs.<\/p>\n[\/vc_column_text][\/toggle][toggle color=&#8221;Default&#8221; heading_tag=&#8221;default&#8221; heading_tag_functionality=&#8221;default&#8221; title=&#8221;Vilka typer av tandkronor finns det?&#8221;][vc_column_text]Tandkronor kan anpassas efter individens behov och preferenser, och det finns flera olika alternativ. N\u00e5gra vanliga typer av tandkronor inkluderar:<\/p>\n[\/vc_column_text][\/toggle][toggle color=&#8221;Default&#8221; heading_tag=&#8221;default&#8221; heading_tag_functionality=&#8221;default&#8221; title=&#8221;Porslinskronor:&#8221;][vc_column_text]Dessa kronor ger ett naturligt utseende och \u00e4r mycket h\u00e5llbara. De anv\u00e4nds ofta f\u00f6r b\u00e5de estetiska och funktionella \u00e4ndam\u00e5l.<\/p>\n[\/vc_column_text][\/toggle][toggle color=&#8221;Default&#8221; heading_tag=&#8221;default&#8221; heading_tag_functionality=&#8221;default&#8221; title=&#8221;Zirkoniumkronor:&#8221;][vc_column_text]Zirkoniumkronor erbjuder en balans mellan estetik och h\u00e5llbarhet. De \u00e4r k\u00e4nda f\u00f6r sin styrka och f\u00f6rm\u00e5ga att efterlikna naturliga t\u00e4nder.<\/p>\n[\/vc_column_text][\/toggle][toggle color=&#8221;Default&#8221; heading_tag=&#8221;default&#8221; heading_tag_functionality=&#8221;default&#8221; title=&#8221;Kompositkronor:&#8221;][vc_column_text]Kompositfasader tillverkas av tandf\u00e4rgat harts och \u00e4r ett mer ekonomiskt alternativ j\u00e4mf\u00f6rt med porslinskronor. De kan anv\u00e4ndas f\u00f6r enskilda t\u00e4nder.<\/p>\n[\/vc_column_text][\/toggle][toggle color=&#8221;Default&#8221; heading_tag=&#8221;default&#8221; heading_tag_functionality=&#8221;default&#8221; title=&#8221;Empress-kronor:&#8221;][vc_column_text]Empress-fasader \u00e4r en typ av keramikfasad som \u00e4r k\u00e4nd f\u00f6r sin estetiska dragningskraft. De \u00e4r mindre h\u00e5llbara j\u00e4mf\u00f6rt med andra alternativ.<\/p>\n[\/vc_column_text][\/toggle][toggle color=&#8221;Default&#8221; heading_tag=&#8221;default&#8221; heading_tag_functionality=&#8221;default&#8221; title=&#8221;Laminerade fasader:&#8221;][vc_column_text]Laminatfasader \u00e4r ultratunna porslinsfasader som appliceras p\u00e5 tandens framsida. De f\u00f6redras ofta f\u00f6r sina estetiska f\u00f6rdelar.<\/p>\n[\/vc_column_text][\/toggle][toggle color=&#8221;Default&#8221; heading_tag=&#8221;default&#8221; heading_tag_functionality=&#8221;default&#8221; title=&#8221;Emax-fasader:&#8221;][vc_column_text]Dessa fasader \u00e4r tillverkade av litiumdisilikatkeramik och \u00e4r k\u00e4nda f\u00f6r sin h\u00e5llbarhet och naturliga utseende.<\/p>\n[\/vc_column_text][\/toggle][toggle color=&#8221;Default&#8221; heading_tag=&#8221;default&#8221; heading_tag_functionality=&#8221;default&#8221; title=&#8221;Vilken typ av tandkrona \u00e4r b\u00e4st?&#8221;][vc_column_text]Valet av tandkrona beror p\u00e5 individuella behov och preferenser. Om estetik \u00e4r av h\u00f6gsta prioritet f\u00f6redras ofta porslins- eller zirkoniumkronor f\u00f6r deras naturliga utseende. Om det finns betydande skador eller karies p\u00e5 en tand kan kompositkronor vara ett b\u00e4ttre alternativ. Det \u00e4r viktigt att konsultera en tandl\u00e4kare f\u00f6r att best\u00e4mma den b\u00e4sta typen av krona f\u00f6r din specifika situation.<\/p>\n[\/vc_column_text][\/toggle][toggle color=&#8221;Default&#8221; heading_tag=&#8221;default&#8221; heading_tag_functionality=&#8221;default&#8221; title=&#8221;N\u00e4r beh\u00f6vs tandkronor?&#8221;][vc_column_text]Tandkronor kan beh\u00f6vas i f\u00f6ljande situationer:<br \/>\nKaries eller skada: Kronor kan anv\u00e4ndas f\u00f6r att skydda och reparera t\u00e4nder som \u00e4r ruttna, spruckna eller f\u00f6rsvagade.<\/p>\n<p>Estetiska problem: Kronor kan l\u00f6sa kosmetiska problem som missf\u00e4rgning, form eller justering av t\u00e4nder.<\/p>\n<p>Stora fyllningar: T\u00e4nder med stora fyllningar kan beh\u00f6va det extra st\u00f6det som kronor kan erbjuda.<\/p>\n<p>\u00c5terst\u00e4lla funktion: Kronor kan \u00e5terst\u00e4lla funktionen hos t\u00e4nder som har slitits eller skadats.<\/p>\n<p>Implantat: Kronor kan anv\u00e4ndas f\u00f6r att skapa tandstrukturer p\u00e5 tandimplantat.<\/p>\n[\/vc_column_text][\/toggle][\/toggles][\/vc_column][\/vc_row]\n","protected":false},"excerpt":{"rendered":"<p>[vc_row type=&#8221;in_container&#8221; full_screen_row_position=&#8221;middle&#8221; column_margin=&#8221;default&#8221; equal_height=&#8221;yes&#8221; content_placement=&#8221;middle&#8221; column_direction=&#8221;default&#8221; column_direction_tablet=&#8221;default&#8221; column_direction_phone=&#8221;default&#8221; bg_color=&#8221;#ffffff&#8221; scene_position=&#8221;center&#8221; text_color=&#8221;dark&#8221; text_align=&#8221;left&#8221; row_border_radius=&#8221;none&#8221; row_border_radius_applies=&#8221;bg&#8221; overflow=&#8221;visible&#8221; overlay_strength=&#8221;0.3&#8243; gradient_direction=&#8221;left_to_right&#8221; shape_divider_position=&#8221;bottom&#8221; bg_image_animation=&#8221;none&#8221; gradient_type=&#8221;default&#8221; shape_type=&#8221;&#8221;][vc_column column_padding=&#8221;padding-5-percent&#8221; column_padding_tablet=&#8221;inherit&#8221; column_padding_phone=&#8221;inherit&#8221; column_padding_position=&#8221;all&#8221; column_element_direction_desktop=&#8221;default&#8221; column_element_spacing=&#8221;default&#8221; desktop_text_alignment=&#8221;default&#8221; tablet_text_alignment=&#8221;default&#8221;&#8230;<\/p>\n","protected":false},"author":2,"featured_media":0,"parent":0,"menu_order":0,"comment_status":"closed","ping_status":"closed","template":"","meta":{"footnotes":""},"class_list":["post-5295","page","type-page","status-publish"],"_links":{"self":[{"href":"https:\/\/qualitylifehealth.com\/sv\/wp-json\/wp\/v2\/pages\/5295","targetHints":{"allow":["GET"]}}],"collection":[{"href":"https:\/\/qualitylifehealth.com\/sv\/wp-json\/wp\/v2\/pages"}],"about":[{"href":"https:\/\/qualitylifehealth.com\/sv\/wp-json\/wp\/v2\/types\/page"}],"author":[{"embeddable":true,"href":"https:\/\/qualitylifehealth.com\/sv\/wp-json\/wp\/v2\/users\/2"}],"replies":[{"embeddable":true,"href":"https:\/\/qualitylifehealth.com\/sv\/wp-json\/wp\/v2\/comments?post=5295"}],"version-history":[{"count":3,"href":"https:\/\/qualitylifehealth.com\/sv\/wp-json\/wp\/v2\/pages\/5295\/revisions"}],"predecessor-version":[{"id":5299,"href":"https:\/\/qualitylifehealth.com\/sv\/wp-json\/wp\/v2\/pages\/5295\/revisions\/5299"}],"wp:attachment":[{"href":"https:\/\/qualitylifehealth.com\/sv\/wp-json\/wp\/v2\/media?parent=5295"}],"curies":[{"name":"wp","href":"https:\/\/api.w.org\/{rel}","templated":true}]}}