{"id":5306,"date":"2023-11-27T17:15:23","date_gmt":"2023-11-27T14:15:23","guid":{"rendered":"https:\/\/qualitylifehealth.com\/emax-dis-kaplama\/"},"modified":"2025-01-05T01:13:22","modified_gmt":"2025-01-04T22:13:22","slug":"emax-dental-faner","status":"publish","type":"page","link":"https:\/\/qualitylifehealth.com\/sv\/emax-dental-faner\/","title":{"rendered":"Emax Dental Faner"},"content":{"rendered":"[vc_row type=&#8221;in_container&#8221; full_screen_row_position=&#8221;middle&#8221; column_margin=&#8221;default&#8221; equal_height=&#8221;yes&#8221; content_placement=&#8221;middle&#8221; column_direction=&#8221;default&#8221; column_direction_tablet=&#8221;default&#8221; column_direction_phone=&#8221;default&#8221; bg_color=&#8221;#ffffff&#8221; scene_position=&#8221;center&#8221; text_color=&#8221;dark&#8221; text_align=&#8221;left&#8221; row_border_radius=&#8221;none&#8221; row_border_radius_applies=&#8221;bg&#8221; overflow=&#8221;visible&#8221; overlay_strength=&#8221;0.3&#8243; gradient_direction=&#8221;left_to_right&#8221; shape_divider_position=&#8221;bottom&#8221; bg_image_animation=&#8221;none&#8221; gradient_type=&#8221;default&#8221; shape_type=&#8221;&#8221;][vc_column column_padding=&#8221;padding-5-percent&#8221; column_padding_tablet=&#8221;inherit&#8221; column_padding_phone=&#8221;inherit&#8221; column_padding_position=&#8221;all&#8221; column_element_direction_desktop=&#8221;default&#8221; column_element_spacing=&#8221;default&#8221; desktop_text_alignment=&#8221;default&#8221; tablet_text_alignment=&#8221;default&#8221; phone_text_alignment=&#8221;default&#8221; background_color_opacity=&#8221;1&#8243; background_hover_color_opacity=&#8221;1&#8243; column_backdrop_filter=&#8221;none&#8221; column_shadow=&#8221;none&#8221; column_border_radius=&#8221;none&#8221; column_link_target=&#8221;_self&#8221; column_position=&#8221;default&#8221; gradient_direction=&#8221;left_to_right&#8221; overlay_strength=&#8221;0.3&#8243; width=&#8221;1\/2&#8243; tablet_width_inherit=&#8221;default&#8221; animation_type=&#8221;default&#8221; bg_image_animation=&#8221;none&#8221; border_type=&#8221;simple&#8221; column_border_width=&#8221;none&#8221; column_border_style=&#8221;solid&#8221; column_padding_type=&#8221;default&#8221; gradient_type=&#8221;default&#8221;][vc_row_inner column_margin=&#8221;default&#8221; column_direction=&#8221;default&#8221; column_direction_tablet=&#8221;default&#8221; column_direction_phone=&#8221;default&#8221; text_align=&#8221;left&#8221; row_position=&#8221;default&#8221; row_position_tablet=&#8221;inherit&#8221; row_position_phone=&#8221;inherit&#8221; overflow=&#8221;visible&#8221; pointer_events=&#8221;all&#8221;][vc_column_inner column_padding=&#8221;no-extra-padding&#8221; column_padding_tablet=&#8221;inherit&#8221; column_padding_phone=&#8221;inherit&#8221; column_padding_position=&#8221;all&#8221; column_element_direction_desktop=&#8221;default&#8221; column_element_spacing=&#8221;default&#8221; desktop_text_alignment=&#8221;default&#8221; tablet_text_alignment=&#8221;default&#8221; phone_text_alignment=&#8221;default&#8221; background_color_opacity=&#8221;1&#8243; background_hover_color_opacity=&#8221;1&#8243; column_backdrop_filter=&#8221;none&#8221; column_shadow=&#8221;none&#8221; column_border_radius=&#8221;none&#8221; column_link_target=&#8221;_self&#8221; overflow=&#8221;visible&#8221; gradient_direction=&#8221;left_to_right&#8221; overlay_strength=&#8221;0.3&#8243; width=&#8221;1\/1&#8243; tablet_width_inherit=&#8221;default&#8221; animation_type=&#8221;default&#8221; enable_animation=&#8221;true&#8221; animation=&#8221;fade-in-from-bottom&#8221; animation_easing=&#8221;default&#8221; bg_image_animation=&#8221;none&#8221; border_type=&#8221;simple&#8221; column_border_width=&#8221;none&#8221; column_border_style=&#8221;solid&#8221;][vc_custom_heading text=&#8221;Emax Tandfasader&#8221; font_container=&#8221;tag:h1|font_size:40|text_align:left|line_height:50px&#8221; use_theme_fonts=&#8221;yes&#8221;][vc_custom_heading text=&#8221;Emax tandfasader \u00e4r specialtillverkade fasader av extremt h\u00e5llbart och estetiskt keramiskt material. De anv\u00e4nds ofta av tandl\u00e4kare f\u00f6r att reparera skadade t\u00e4nder p\u00e5 grund av karies och kan \u00e4ven appliceras efter rotfyllningar. Dessa fasader hj\u00e4lper till att st\u00e4rka t\u00e4nderna och erbjuder b\u00e4ttre skydd.<\/p>\n<p>Emax kronor har delvis en halvgenomskinlig struktur som ger ett naturligt utseende liknande riktiga t\u00e4nder, vilket g\u00f6r dem s\u00e4rskilt l\u00e4mpliga f\u00f6r framt\u00e4nder och f\u00f6r att uppn\u00e5 utm\u00e4rkta estetiska resultat.<\/p>\n<p>Till skillnad fr\u00e5n vissa andra kronor som anv\u00e4nder metall som bas, inneh\u00e5ller Emax kronor ingen metall. I vissa andra kronor t\u00e4cks metallen med ett tunt lager porslin, vilket kan ge ett onaturligt utseende vid tandk\u00f6ttskanten. Emax fasader har d\u00e4remot ett helt naturligt och autentiskt utseende som liknar naturliga t\u00e4nder. De \u00e4r dessutom h\u00e5llbara och motst\u00e5ndskraftiga mot sprickor.&#8221; font_container=&#8221;tag:p|text_align:left|color:rgba(10%2C10%2C10%2C0.6)&#8221; use_theme_fonts=&#8221;yes&#8221;][\/vc_column_inner][\/vc_row_inner][\/vc_column][vc_column column_padding=&#8221;no-extra-padding&#8221; column_padding_tablet=&#8221;inherit&#8221; column_padding_phone=&#8221;inherit&#8221; column_padding_position=&#8221;all&#8221; column_element_direction_desktop=&#8221;default&#8221; column_element_spacing=&#8221;default&#8221; desktop_text_alignment=&#8221;default&#8221; tablet_text_alignment=&#8221;default&#8221; phone_text_alignment=&#8221;default&#8221; background_color_opacity=&#8221;1&#8243; background_hover_color_opacity=&#8221;1&#8243; column_backdrop_filter=&#8221;none&#8221; column_shadow=&#8221;none&#8221; column_border_radius=&#8221;none&#8221; column_link_target=&#8221;_self&#8221; column_position=&#8221;default&#8221; gradient_direction=&#8221;left_to_right&#8221; overlay_strength=&#8221;0.3&#8243; width=&#8221;1\/2&#8243; tablet_width_inherit=&#8221;default&#8221; animation_type=&#8221;default&#8221; bg_image_animation=&#8221;none&#8221; border_type=&#8221;simple&#8221; column_border_width=&#8221;none&#8221; column_border_style=&#8221;solid&#8221; column_padding_type=&#8221;default&#8221; gradient_type=&#8221;default&#8221;][image_with_animation image_url=&#8221;758&#8243; image_size=&#8221;full&#8221; animation_type=&#8221;entrance&#8221; animation=&#8221;None&#8221; animation_movement_type=&#8221;transform_y&#8221; hover_animation=&#8221;none&#8221; alignment=&#8221;&#8221; border_radius=&#8221;20px&#8221; box_shadow=&#8221;none&#8221; image_loading=&#8221;default&#8221; max_width=&#8221;100%&#8221; max_width_mobile=&#8221;default&#8221;][\/vc_column][\/vc_row][vc_row type=&#8221;full_width_background&#8221; full_screen_row_position=&#8221;middle&#8221; column_margin=&#8221;default&#8221; column_direction=&#8221;default&#8221; column_direction_tablet=&#8221;default&#8221; column_direction_phone=&#8221;default&#8221; bg_color=&#8221;#f7f7f7&#8243; scene_position=&#8221;center&#8221; top_padding=&#8221;100&#8243; bottom_padding=&#8221;100&#8243; text_color=&#8221;dark&#8221; text_align=&#8221;left&#8221; row_border_radius=&#8221;none&#8221; row_border_radius_applies=&#8221;bg&#8221; overflow=&#8221;visible&#8221; overlay_strength=&#8221;0.3&#8243; gradient_direction=&#8221;left_to_right&#8221; shape_divider_position=&#8221;bottom&#8221; bg_image_animation=&#8221;none&#8221;][vc_column column_padding=&#8221;no-extra-padding&#8221; column_padding_tablet=&#8221;inherit&#8221; column_padding_phone=&#8221;inherit&#8221; column_padding_position=&#8221;all&#8221; column_element_direction_desktop=&#8221;default&#8221; column_element_spacing=&#8221;default&#8221; desktop_text_alignment=&#8221;default&#8221; tablet_text_alignment=&#8221;default&#8221; phone_text_alignment=&#8221;default&#8221; background_color_opacity=&#8221;1&#8243; background_hover_color_opacity=&#8221;1&#8243; column_backdrop_filter=&#8221;none&#8221; column_shadow=&#8221;none&#8221; column_border_radius=&#8221;none&#8221; column_link_target=&#8221;_self&#8221; column_position=&#8221;default&#8221; gradient_direction=&#8221;left_to_right&#8221; overlay_strength=&#8221;0.3&#8243; width=&#8221;1\/1&#8243; tablet_width_inherit=&#8221;default&#8221; animation_type=&#8221;default&#8221; bg_image_animation=&#8221;none&#8221; border_type=&#8221;simple&#8221; column_border_width=&#8221;none&#8221; column_border_style=&#8221;solid&#8221;][vc_column_text]\n<h2>Vanliga Fr\u00e5gor om Emax Tandfasader<\/h2>\n[\/vc_column_text][toggles style=&#8221;minimal&#8221;][toggle color=&#8221;Default&#8221; heading_tag=&#8221;default&#8221; heading_tag_functionality=&#8221;default&#8221; title=&#8221;Hur Appliceras Emax Tandfasader?&#8221;][vc_column_text]Den f\u00f6rsta steget i Emax-behandlingen \u00e4r att ta avtryck av dina t\u00e4nder. Emax-fasader tillverkas av ett speciellt material och formas i tunna lager. D\u00e4refter skapas modeller av dina t\u00e4nder, och kronorna sk\u00e4rs till block som justeras f\u00f6r att passa dina t\u00e4nder. Slutligen appliceras fasaderna p\u00e5 dina t\u00e4nder, vilket fullbordar behandlingen. Emax-fasader anv\u00e4nds f\u00f6r att uppn\u00e5 b\u00e5de h\u00e5llbarhet och estetiska resultat. Eftersom de inte inneh\u00e5ller metall, ger de ingen tung k\u00e4nsla i munnen. Dessutom \u00e4r problem som d\u00e5lig passform eller mellanrum, som ofta ses med porslinsfasader, s\u00e4llan ett problem med Emax-tandfasader.<\/p>\n[\/vc_column_text][\/toggle][toggle color=&#8221;Default&#8221; heading_tag=&#8221;default&#8221; heading_tag_functionality=&#8221;default&#8221; title=&#8221;N\u00e4r Anv\u00e4nds Emax Tandfasader?&#8221;][vc_column_text]Emax-fasader \u00e4r perfekta f\u00f6r t\u00e4nder som beh\u00f6ver estetiska f\u00f6rb\u00e4ttringar. De anv\u00e4nds vanligtvis f\u00f6r t\u00e4nder med emaljdefekter, oj\u00e4mnheter eller andra strukturella problem. De \u00e4r ocks\u00e5 idealiska f\u00f6r att \u00e5terst\u00e4lla t\u00e4nder som har skadats av erosion, slitage eller tuggskador. Dessutom anv\u00e4nds Emax-fasader ofta f\u00f6r t\u00e4nder med missf\u00e4rgning, t\u00e4nder som inte blev tillr\u00e4ckligt vita efter blekning, oj\u00e4mna t\u00e4nder eller t\u00e4nder som skadats av trauma eller karies.<\/p>\n[\/vc_column_text][\/toggle][toggle color=&#8221;Default&#8221; heading_tag=&#8221;default&#8221; heading_tag_functionality=&#8221;default&#8221; title=&#8221;Hur Ska Man Sk\u00f6ta Emax Tandfasader?&#8221;][vc_column_text]Korrekt och regelbunden v\u00e5rd \u00e4r avg\u00f6rande f\u00f6r Emax-tandfasader. Du b\u00f6r borsta t\u00e4nderna tv\u00e5 g\u00e5nger om dagen med en mjuk tandborste och anv\u00e4nda munsk\u00f6lj f\u00f6r att uppr\u00e4tth\u00e5lla god munhygien. Detta hj\u00e4lper till att f\u00f6rl\u00e4nga livsl\u00e4ngden p\u00e5 dina fasader. Undvik att bita p\u00e5 h\u00e5rda f\u00f6rem\u00e5l och anv\u00e4nd tandtr\u00e5d f\u00f6r att reng\u00f6ra mellan t\u00e4nderna.<\/p>\n[\/vc_column_text][\/toggle][toggle color=&#8221;Default&#8221; heading_tag=&#8221;default&#8221; heading_tag_functionality=&#8221;default&#8221; title=&#8221;Hur L\u00e5ng Tid H\u00e5ller Emax Tandfasader?&#8221;][vc_column_text]Emax-fasader h\u00e5ller vanligtvis mellan 15 och 20 \u00e5r utan problem. Men bristande munhygien, d\u00e5lig v\u00e5rd eller trauma i munnen kan f\u00f6rkorta deras livsl\u00e4ngd.<\/p>\n[\/vc_column_text][\/toggle][toggle color=&#8221;Default&#8221; heading_tag=&#8221;default&#8221; heading_tag_functionality=&#8221;default&#8221; title=&#8221;G\u00f6r Det Ont att S\u00e4tta In Emax Tandfasader?&#8221;][vc_column_text]Eftersom tandl\u00e4kare anv\u00e4nder lokalbed\u00f6vning, brukar det inte g\u00f6ra ont att f\u00e5 Emax-tandfasader. Dock kan du uppleva l\u00e4tt obehag eller k\u00e4nslighet efter att bed\u00f6vningen har sl\u00e4ppt. Detta \u00e4r normalt och tillf\u00e4lligt. Patienter k\u00e4nner vanligtvis en mild irritation i n\u00e5gra dagar efter behandlingen, men detta g\u00e5r snabbt \u00f6ver.<\/p>\n[\/vc_column_text][\/toggle][\/toggles][\/vc_column][\/vc_row]\n","protected":false},"excerpt":{"rendered":"<p>[vc_row type=&#8221;in_container&#8221; full_screen_row_position=&#8221;middle&#8221; column_margin=&#8221;default&#8221; equal_height=&#8221;yes&#8221; content_placement=&#8221;middle&#8221; column_direction=&#8221;default&#8221; column_direction_tablet=&#8221;default&#8221; column_direction_phone=&#8221;default&#8221; bg_color=&#8221;#ffffff&#8221; scene_position=&#8221;center&#8221; text_color=&#8221;dark&#8221; text_align=&#8221;left&#8221; row_border_radius=&#8221;none&#8221; row_border_radius_applies=&#8221;bg&#8221; overflow=&#8221;visible&#8221; overlay_strength=&#8221;0.3&#8243; gradient_direction=&#8221;left_to_right&#8221; shape_divider_position=&#8221;bottom&#8221; bg_image_animation=&#8221;none&#8221; gradient_type=&#8221;default&#8221; shape_type=&#8221;&#8221;][vc_column column_padding=&#8221;padding-5-percent&#8221; column_padding_tablet=&#8221;inherit&#8221; column_padding_phone=&#8221;inherit&#8221; column_padding_position=&#8221;all&#8221; column_element_direction_desktop=&#8221;default&#8221; column_element_spacing=&#8221;default&#8221; desktop_text_alignment=&#8221;default&#8221; tablet_text_alignment=&#8221;default&#8221;&#8230;<\/p>\n","protected":false},"author":2,"featured_media":0,"parent":0,"menu_order":0,"comment_status":"closed","ping_status":"closed","template":"","meta":{"footnotes":""},"class_list":["post-5306","page","type-page","status-publish"],"_links":{"self":[{"href":"https:\/\/qualitylifehealth.com\/sv\/wp-json\/wp\/v2\/pages\/5306","targetHints":{"allow":["GET"]}}],"collection":[{"href":"https:\/\/qualitylifehealth.com\/sv\/wp-json\/wp\/v2\/pages"}],"about":[{"href":"https:\/\/qualitylifehealth.com\/sv\/wp-json\/wp\/v2\/types\/page"}],"author":[{"embeddable":true,"href":"https:\/\/qualitylifehealth.com\/sv\/wp-json\/wp\/v2\/users\/2"}],"replies":[{"embeddable":true,"href":"https:\/\/qualitylifehealth.com\/sv\/wp-json\/wp\/v2\/comments?post=5306"}],"version-history":[{"count":3,"href":"https:\/\/qualitylifehealth.com\/sv\/wp-json\/wp\/v2\/pages\/5306\/revisions"}],"predecessor-version":[{"id":5310,"href":"https:\/\/qualitylifehealth.com\/sv\/wp-json\/wp\/v2\/pages\/5306\/revisions\/5310"}],"wp:attachment":[{"href":"https:\/\/qualitylifehealth.com\/sv\/wp-json\/wp\/v2\/media?parent=5306"}],"curies":[{"name":"wp","href":"https:\/\/api.w.org\/{rel}","templated":true}]}}