{"id":9761,"date":"2026-02-18T21:28:54","date_gmt":"2026-02-18T18:28:54","guid":{"rendered":"https:\/\/qualitylifehealth.com\/kvkk\/"},"modified":"2026-04-12T23:48:18","modified_gmt":"2026-04-12T20:48:18","slug":"kvkk","status":"publish","type":"page","link":"https:\/\/qualitylifehealth.com\/sv\/kvkk\/","title":{"rendered":"kvkk"},"content":{"rendered":"[vc_row type=&#8221;in_container&#8221; full_screen_row_position=&#8221;middle&#8221; column_margin=&#8221;default&#8221; column_direction=&#8221;default&#8221; column_direction_tablet=&#8221;default&#8221; column_direction_phone=&#8221;default&#8221; scene_position=&#8221;center&#8221; top_padding=&#8221;5%&#8221; constrain_group_1=&#8221;yes&#8221; bottom_padding=&#8221;5%&#8221; text_color=&#8221;dark&#8221; text_align=&#8221;left&#8221; row_border_radius=&#8221;none&#8221; row_border_radius_applies=&#8221;bg&#8221; overflow=&#8221;visible&#8221; overlay_strength=&#8221;0.3&#8243; gradient_direction=&#8221;left_to_right&#8221; shape_divider_position=&#8221;bottom&#8221; bg_image_animation=&#8221;none&#8221; gradient_type=&#8221;default&#8221; shape_type=&#8221;&#8221;][vc_column column_padding=&#8221;no-extra-padding&#8221; column_padding_tablet=&#8221;inherit&#8221; column_padding_phone=&#8221;inherit&#8221; column_padding_position=&#8221;all&#8221; column_element_direction_desktop=&#8221;default&#8221; column_element_spacing=&#8221;default&#8221; desktop_text_alignment=&#8221;default&#8221; tablet_text_alignment=&#8221;default&#8221; phone_text_alignment=&#8221;default&#8221; background_color_opacity=&#8221;1&#8243; background_hover_color_opacity=&#8221;1&#8243; column_backdrop_filter=&#8221;none&#8221; column_shadow=&#8221;none&#8221; column_border_radius=&#8221;none&#8221; column_link_target=&#8221;_self&#8221; column_position=&#8221;default&#8221; gradient_direction=&#8221;left_to_right&#8221; overlay_strength=&#8221;0.3&#8243; width=&#8221;1\/1&#8243; tablet_width_inherit=&#8221;default&#8221; animation_type=&#8221;default&#8221; bg_image_animation=&#8221;none&#8221; border_type=&#8221;simple&#8221; column_border_width=&#8221;none&#8221; column_border_style=&#8221;solid&#8221;][vc_column_text]SM\u0130RN\u0130 SA\u011eLIK H\u0130ZMETLER\u0130 TUR\u0130ZM DANI\u015eMANLIK T\u0130CARET L\u0130M\u0130TED \u015e\u0130RKET\u0130<\/p>\n<p>INFORMATIONSTEXT OM BEHANDLING AV PERSONUPPGIFTER (KVKK)<\/p>\n<p>PERSONUPPGIFTSANSVARIGES IDENTITET<\/p>\n<p>SM\u0130RN\u0130 SA\u011eLIK H\u0130ZMETLER\u0130<br \/>\nAdress: Kartaltepe Mah. Saydam Sok. No:13\/A K\u00fc\u00e7\u00fck\u00e7ekmece \/ Istanbul<br \/>\nTelefon: 05449581719 &#8211; 05389714933<\/p>\n<p>Bolaget SM\u0130RN\u0130 SA\u011eLIK H\u0130ZMETLER\u0130 TUR\u0130ZM DANI\u015eMANLIK T\u0130CARET L\u0130M\u0130TED \u015e\u0130RKET\u0130, som verkar under varum\u00e4rket Quality Life Health Travel, informerar dig h\u00e4rmed i enlighet med lag nr 6698 om skydd av personuppgifter (\u201cKVKK\u201d).<\/p>\n<p>1. Personuppgiftsansvarig<\/p>\n<p>Enligt lag nr 6698 om skydd av personuppgifter (\u201cKVKK\u201d) \u00e4r den personuppgiftsansvarige:<\/p>\n<p>SM\u0130RN\u0130 SA\u011eLIK H\u0130ZMETLER\u0130 TUR\u0130ZM DANI\u015eMANLIK T\u0130CARET L\u0130M\u0130TED \u015e\u0130RKET\u0130<br \/>\nWebbplats: https:\/\/qualitylifehealth.com<\/p>\n<p>E-post: info@qualitylifehealth.com<\/p>\n<p>Adress: Kartaltepe Mah. Saydam Sok. No:13\/A K\u00fc\u00e7\u00fck\u00e7ekmece \/ Istanbul<\/p>\n<p>2. Kategorier av personuppgifter som behandlas<\/p>\n<p>F\u00f6ljande personuppgifter som du delar med oss eller som erh\u00e5lls inom ramen f\u00f6r tj\u00e4nsteprocessen kan behandlas:<\/p>\n<p>Identitetsuppgifter:<\/p>\n<p>Namn och efternamn, passuppgifter, f\u00f6delsedatum, nationalitet.<\/p>\n<p>Kontaktuppgifter:<\/p>\n<p>Telefonnummer, e-postadress, WhatsApp-kontaktuppgifter, adress.<\/p>\n<p>H\u00e4lsouppgifter (s\u00e4rskilda kategorier av personuppgifter):<\/p>\n<p>Dina h\u00e4lsouppgifter behandlas endast i syfte att:<\/p>\n<p>organisera medicinsk turism,<br \/>\nplanera bokningar och m\u00f6ten,<br \/>\nsamordna behandlingsprocesser,<br \/>\n\u00f6verf\u00f6ra patientjournaler till beh\u00f6riga v\u00e5rdinr\u00e4ttningar,<br \/>\nplanera resa och boende i enlighet med behandlingen,<br \/>\nuppfylla r\u00e4ttsliga skyldigheter.<\/p>\n<p>Dessa uppgifter behandlas endast genom beh\u00f6riga v\u00e5rdinr\u00e4ttningar och l\u00e4kare i enlighet med g\u00e4llande lagstiftning och under deras ansvar.<\/p>\n<p>Finansiella uppgifter:<\/p>\n<p>Fakturauppgifter, betalningsuppgifter.<\/p>\n<p>Logistikuppgifter:<\/p>\n<p>Flyg-, transfer- och boendebokningsuppgifter.<\/p>\n<p>Digitala uppgifter:<\/p>\n<p>IP-adress, cookies, webbplatsanv\u00e4ndning, formul\u00e4r och ans\u00f6kningsuppgifter.<\/p>\n<p>3. \u00c4ndam\u00e5l med behandlingen av personuppgifter<\/p>\n<p>Dina personuppgifter behandlas f\u00f6r f\u00f6ljande \u00e4ndam\u00e5l:<\/p>\n<p>Planering av verksamheter som bedrivs direkt eller indirekt av Quality Life Health Travel<br \/>\nUtf\u00f6rande av f\u00f6rmedlingstj\u00e4nster inom medicinsk turism<br \/>\nOrganisering av bokningar hos kliniker, sjukhus och l\u00e4kare<br \/>\nSamordning mellan patient, klinik och mellanhand<br \/>\nRegistrering av patienter i portalen HealthT\u00fcrkiye, behandlingsanm\u00e4lningar, uppladdning av medicinska rapporter och rapportering till USHA\u015e<br \/>\nPlanering av transfer, boende och resor<br \/>\nBokf\u00f6ring och finansiell administration<br \/>\nKommunikation via WhatsApp Business, telefon och e-post<br \/>\nHantering av patientuppf\u00f6ljning via CRM-systemet Bitrix24<br \/>\nF\u00f6rb\u00e4ttring av tj\u00e4nstekvalitet och operativa processer<br \/>\nHantering av klagom\u00e5l samt beg\u00e4ran om \u00e5tkomst eller r\u00e4ttelse<br \/>\nUppfyllande av r\u00e4ttsliga skyldigheter<br \/>\nS\u00e4kerst\u00e4llande av den r\u00e4ttsliga s\u00e4kerheten f\u00f6r Quality Life Health Travel<br \/>\nReklam, marknadsf\u00f6ring och sociala medier, med uttryckligt samtycke<br \/>\n4. R\u00e4ttslig grund f\u00f6r behandling<\/p>\n<p>Dina personuppgifter behandlas med st\u00f6d av f\u00f6ljande r\u00e4ttsliga grunder:<\/p>\n<p>Artikel 5\/2-c (ing\u00e5ende och fullg\u00f6rande av avtal)<\/p>\n<p>F\u00f6r att ing\u00e5, fullg\u00f6ra och uppfylla avtalsf\u00f6rpliktelser.<\/p>\n<p>Artikel 5\/2-\u00e7 (r\u00e4ttsliga skyldigheter)<\/p>\n<p>F\u00f6r att uppfylla skyldigheter enligt g\u00e4llande lag.<\/p>\n<p>Artikel 5\/2-f (ber\u00e4ttigat intresse)<\/p>\n<p>F\u00f6r att skydda den personuppgiftsansvariges ber\u00e4ttigade intressen.<\/p>\n<p>Artikel 6\/3 (h\u00e4lsouppgifter)<\/p>\n<p>F\u00f6r organisering av medicinsk turism, samordning av behandling och logistik.<\/p>\n<p>Artiklarna 5\/1 och 6\/2 (uttryckligt samtycke)<\/p>\n<p>N\u00e4r ingen annan r\u00e4ttslig grund f\u00f6religger, med ditt uttryckliga samtycke.<\/p>\n<p>5. \u00d6verf\u00f6ring av personuppgifter<\/p>\n<p>Dina personuppgifter kan delas i enlighet med artiklarna 8 och 9 i KVKK med:<\/p>\n<p>Turkish Ministry of Health<br \/>\nUSHA\u015e och relaterade plattformar (inklusive HealthT\u00fcrkiye)<br \/>\nSamarbetskliniker, l\u00e4kare och sjukhus<br \/>\nTransfer- och boendef\u00f6retag (endast logistikuppgifter)<br \/>\nBanker, bokf\u00f6rings- och e-fakturatj\u00e4nster<br \/>\nCRM-system<br \/>\nBeh\u00f6rig intern personal<br \/>\nIT-infrastrukturleverant\u00f6rer (servrar, programvara, molntj\u00e4nster)<br \/>\nJuridiska och finansiella r\u00e5dgivare<br \/>\nBeh\u00f6riga offentliga myndigheter<br \/>\nF\u00f6rs\u00e4kringsbolag (vid behov)<br \/>\n6. Metoder f\u00f6r insamling av personuppgifter<\/p>\n<p>Dina personuppgifter samlas in automatiskt eller manuellt via:<\/p>\n<p>webbplatsen f\u00f6r Quality Life Health Travel<br \/>\nplattformen HealthT\u00fcrkiye<br \/>\nsociala medier<br \/>\ncallcenter<br \/>\ne-post<br \/>\nmobilappar<br \/>\nonlineformul\u00e4r<br \/>\navtal<br \/>\nandra kommunikationskanaler<br \/>\n7. \u00d6verf\u00f6ring av data till utlandet<\/p>\n<p>Inom ramen f\u00f6r organiseringen av medicinska turismtj\u00e4nster kan behandlade personuppgifter \u00f6verf\u00f6ras till utlandet p\u00e5 grund av de informationssystem som anv\u00e4nds i tj\u00e4nsteprocesserna. I detta sammanhang kan uppgifter \u00f6verf\u00f6ras till servrar utomlands via informationssystem som anv\u00e4nds f\u00f6r kundrelationshantering (CRM) och kommunikationsaktiviteter. S\u00e5dan \u00f6verf\u00f6ring sker i enlighet med artikel 9 i KVKK och, n\u00e4r s\u00e5 kr\u00e4vs, med uttryckligt samtycke.<\/p>\n<p>SM\u0130RN\u0130 SA\u011eLIK H\u0130ZMETLER\u0130 verkar som mellanhand inom medicinsk turism och \u00e4r inte direkt ansvarig f\u00f6r medicinsk diagnos, behandling eller ingrepp. Allt ansvar f\u00f6r medicinska \u00e5tg\u00e4rder ligger hos beh\u00f6riga v\u00e5rdinr\u00e4ttningar och ansvariga l\u00e4kare.<\/p>\n<p>Personuppgifter lagras i enlighet med till\u00e4mplig lagstiftning och behandlings\u00e4ndam\u00e5l:<\/p>\n<p>h\u00e4lsouppgifter: enligt lagstadgade lagringstider<br \/>\nfinansiella och bokf\u00f6ringsuppgifter: 10 \u00e5r<br \/>\nCRM-uppgifter: tj\u00e4nstetid + lagstadgad tid<br \/>\nmarknadsf\u00f6ringsuppgifter: tills samtycke \u00e5terkallas<br \/>\nwebb- och logguppgifter: 2 \u00e5r<\/p>\n<p>N\u00e4r lagringstiden l\u00f6per ut raderas, f\u00f6rst\u00f6rs eller anonymiseras personuppgifterna enligt g\u00e4llande lag.<\/p>\n<p>8. Lagringsperioder<br \/>\nH\u00e4lsouppgifter: enligt lag<br \/>\nFinansiella och bokf\u00f6ringsuppgifter: 10 \u00e5r<br \/>\nCRM-uppgifter: tj\u00e4nstetid + lagstadgad tid<br \/>\nMarknadsf\u00f6ringsuppgifter: tills samtycke \u00e5terkallas<br \/>\nWebb- och logguppgifter: 2 \u00e5r<br \/>\n9. Den registrerades r\u00e4ttigheter<\/p>\n<p>Enligt artikel 11 i KVKK har du r\u00e4tt att:<\/p>\n<p>f\u00e5 veta om dina personuppgifter behandlas<br \/>\nbeg\u00e4ra information om behandlingen<br \/>\nbeg\u00e4ra r\u00e4ttelse<br \/>\nbeg\u00e4ra radering eller f\u00f6rst\u00f6ring<br \/>\nf\u00e5 veta vilka tredje parter som uppgifterna delats med<br \/>\ninv\u00e4nda mot beslut som fattats enbart genom automatiserad behandling<br \/>\nbeg\u00e4ra skadest\u00e5nd vid skada<br \/>\nKontakta oss:<\/p>\n<p>F\u00f6r fr\u00e5gor, klagom\u00e5l eller beg\u00e4randen:<\/p>\n<p>Adress: Kartaltepe Mah. Saydam Sok. No:13\/A K\u00fc\u00e7\u00fck\u00e7ekmece \/ Istanbul<br \/>\nKEP: smirnisaglikhizmetleri@hs01.kep.tr<\/p>\n<p>Din beg\u00e4ran behandlas kostnadsfritt efter identitetsverifiering inom lagstadgad tid. Om handl\u00e4ggningen medf\u00f6r extra kostnader kan avgift tas ut enligt den taxa som fastst\u00e4llts av KVKK-r\u00e5det.[\/vc_column_text][\/vc_column][\/vc_row]\n","protected":false},"excerpt":{"rendered":"<p>[vc_row type=&#8221;in_container&#8221; full_screen_row_position=&#8221;middle&#8221; column_margin=&#8221;default&#8221; column_direction=&#8221;default&#8221; column_direction_tablet=&#8221;default&#8221; column_direction_phone=&#8221;default&#8221; scene_position=&#8221;center&#8221; top_padding=&#8221;5%&#8221; constrain_group_1=&#8221;yes&#8221; bottom_padding=&#8221;5%&#8221; text_color=&#8221;dark&#8221; text_align=&#8221;left&#8221; row_border_radius=&#8221;none&#8221; row_border_radius_applies=&#8221;bg&#8221; overflow=&#8221;visible&#8221; overlay_strength=&#8221;0.3&#8243; gradient_direction=&#8221;left_to_right&#8221; shape_divider_position=&#8221;bottom&#8221; bg_image_animation=&#8221;none&#8221; gradient_type=&#8221;default&#8221; shape_type=&#8221;&#8221;][vc_column column_padding=&#8221;no-extra-padding&#8221; column_padding_tablet=&#8221;inherit&#8221; column_padding_phone=&#8221;inherit&#8221; column_padding_position=&#8221;all&#8221; column_element_direction_desktop=&#8221;default&#8221; column_element_spacing=&#8221;default&#8221; desktop_text_alignment=&#8221;default&#8221; tablet_text_alignment=&#8221;default&#8221;&#8230;<\/p>\n","protected":false},"author":2,"featured_media":0,"parent":0,"menu_order":0,"comment_status":"closed","ping_status":"closed","template":"","meta":{"footnotes":""},"class_list":["post-9761","page","type-page","status-publish"],"_links":{"self":[{"href":"https:\/\/qualitylifehealth.com\/sv\/wp-json\/wp\/v2\/pages\/9761","targetHints":{"allow":["GET"]}}],"collection":[{"href":"https:\/\/qualitylifehealth.com\/sv\/wp-json\/wp\/v2\/pages"}],"about":[{"href":"https:\/\/qualitylifehealth.com\/sv\/wp-json\/wp\/v2\/types\/page"}],"author":[{"embeddable":true,"href":"https:\/\/qualitylifehealth.com\/sv\/wp-json\/wp\/v2\/users\/2"}],"replies":[{"embeddable":true,"href":"https:\/\/qualitylifehealth.com\/sv\/wp-json\/wp\/v2\/comments?post=9761"}],"version-history":[{"count":2,"href":"https:\/\/qualitylifehealth.com\/sv\/wp-json\/wp\/v2\/pages\/9761\/revisions"}],"predecessor-version":[{"id":9883,"href":"https:\/\/qualitylifehealth.com\/sv\/wp-json\/wp\/v2\/pages\/9761\/revisions\/9883"}],"wp:attachment":[{"href":"https:\/\/qualitylifehealth.com\/sv\/wp-json\/wp\/v2\/media?parent=9761"}],"curies":[{"name":"wp","href":"https:\/\/api.w.org\/{rel}","templated":true}]}}