{"id":9744,"date":"2026-02-18T21:30:09","date_gmt":"2026-02-18T18:30:09","guid":{"rendered":"https:\/\/qualitylifehealth.com\/cerez-politikasi\/"},"modified":"2026-02-18T23:37:37","modified_gmt":"2026-02-18T20:37:37","slug":"cerez-politikasi","status":"publish","type":"page","link":"https:\/\/qualitylifehealth.com\/uz\/cerez-politikasi\/","title":{"rendered":"\u00c7erez Politikas\u0131"},"content":{"rendered":"[vc_row type=&raquo;in_container&raquo; full_screen_row_position=&raquo;middle&raquo; column_margin=&raquo;default&raquo; column_direction=&raquo;default&raquo; column_direction_tablet=&raquo;default&raquo; column_direction_phone=&raquo;default&raquo; scene_position=&raquo;center&raquo; top_padding=&raquo;5%&raquo; constrain_group_1=&raquo;yes&raquo; bottom_padding=&raquo;5%&raquo; text_color=&raquo;dark&raquo; text_align=&raquo;left&raquo; row_border_radius=&raquo;none&raquo; row_border_radius_applies=&raquo;bg&raquo; overflow=&raquo;visible&raquo; overlay_strength=&raquo;0.3&#8243; gradient_direction=&raquo;left_to_right&raquo; shape_divider_position=&raquo;bottom&raquo; bg_image_animation=&raquo;none&raquo; gradient_type=&raquo;default&raquo; shape_type=&raquo;&raquo;][vc_column column_padding=&raquo;no-extra-padding&raquo; column_padding_tablet=&raquo;inherit&raquo; column_padding_phone=&raquo;inherit&raquo; column_padding_position=&raquo;all&raquo; column_element_direction_desktop=&raquo;default&raquo; column_element_spacing=&raquo;default&raquo; desktop_text_alignment=&raquo;default&raquo; tablet_text_alignment=&raquo;default&raquo; phone_text_alignment=&raquo;default&raquo; background_color_opacity=&raquo;1&#8243; background_hover_color_opacity=&raquo;1&#8243; column_backdrop_filter=&raquo;none&raquo; column_shadow=&raquo;none&raquo; column_border_radius=&raquo;none&raquo; column_link_target=&raquo;_self&raquo; column_position=&raquo;default&raquo; gradient_direction=&raquo;left_to_right&raquo; overlay_strength=&raquo;0.3&#8243; width=&raquo;1\/1&#8243; tablet_width_inherit=&raquo;default&raquo; animation_type=&raquo;default&raquo; bg_image_animation=&raquo;none&raquo; border_type=&raquo;simple&raquo; column_border_width=&raquo;none&raquo; column_border_style=&raquo;solid&raquo;][vc_column_text]COOKIE SIYOSATI<br \/>\n1. Ma\u2019lumotlar nazoratchisi<\/p>\n<p>Ushbu Cookie siyosati quyidagi kompaniya tomonidan tayyorlangan:<br \/>\nSM\u0130RN\u0130 SA\u011eLIK H\u0130ZMETLER\u0130 TUR\u0130ZM DANI\u015eMANLIK ACENTES\u0130 \u0130N\u015e. SAN. T\u0130C. LTD. \u015eT\u0130<br \/>\n(Ro\u2018yxatdan o\u2018tgan savdo belgisi: QUALITY LIFE HEALTH TRAVEL)<br \/>\nSoliq raqami: 7721554065<br \/>\nManzil: Kartaltepe Mahallesi Saydam Sokak No:13\/A K\u00fc\u00e7\u00fck\u00e7ekmece \/ Istanbul<br \/>\n(keyingi o\u2018rinlarda \u201cKompaniya\u201d yoki \u201cQuality Life Health Travel\u201d).<\/p>\n<p>Kompaniyamiz asosan Yevropa davlatlaridan kelgan bemorlarga Turkiyada tibbiy xizmat olishlari uchun tashkilot va maslahat xizmatlarini taqdim etadi.<\/p>\n<p>Veb-saytimizga tashrif buyurgan foydalanuvchilarning shaxsiy ma\u2019lumotlari quyidagilarga muvofiq qayta ishlanadi:<br \/>\n\u2022 Turkiyaning 6698-sonli Shaxsiy ma\u2019lumotlarni himoya qilish to\u2018g\u2018risidagi qonuni (KVKK)<br \/>\n\u2022 Yevropa Ittifoqining Ma\u2019lumotlarni umumiy himoya qilish reglamenti (GDPR)<\/p>\n<p>2. Cookie (kuki) nima?<\/p>\n<p>Cookie \u2014 bu veb-saytga tashrif buyurganingizda brauzeringiz orqali qurilmangizga saqlanadigan kichik matnli fayllardir. Cookie\u2019lar yordamida sayt to\u2018g\u2018ri ishlaydi, foydalanuvchi tajribasi yaxshilanadi va tanlovlaringiz eslab qolinadi.<\/p>\n<p>3. Foydalaniladigan cookie turlari<br \/>\n3.1. Majburiy cookie\u2019lar<\/p>\n<p>Ular veb-saytning xavfsiz va to\u2018g\u2018ri ishlashi uchun zarur. Sessiya boshqaruvi va xavfsizlik jarayonlari ushbu cookie\u2019lar orqali amalga oshiriladi.<\/p>\n<p>3.2. Analitik va samaradorlik cookie\u2019lari<\/p>\n<p>Veb-saytdan foydalanishni tahlil qilish uchun ishlatiladi.<br \/>\nMasalan: Google Analytics<\/p>\n<p>Ushbu cookie\u2019lar orqali quyidagilar anonim va umumlashtirilgan tarzda tahlil qilinadi:<br \/>\n\u2022 Tashrif buyuruvchilar soni<br \/>\n\u2022 Trafik manbalari<br \/>\n\u2022 Eng ko\u2018p tashrif buyurilgan sahifalar<br \/>\n\u2022 Foydalanuvchi xatti-harakatlari<\/p>\n<p>3.3. Funktsional cookie\u2019lar<\/p>\n<p>Til tanlovi (masalan, turkcha \/ inglizcha \/ nemischa) kabi foydalanuvchi sozlamalarini eslab qolish uchun ishlatiladi.<\/p>\n<p>3.4. Marketing va reklama cookie\u2019lari<\/p>\n<p>Foydalanuvchilarga qiziqishlariga mos kontent va reklamalarni ko\u2018rsatishga xizmat qiladi.<br \/>\nQo\u2018llanilishi mumkin bo\u2018lgan vositalar:<br \/>\n\u2022 Meta (Facebook \/ Instagram reklama tizimi)<br \/>\n\u2022 Google Ads<\/p>\n<p>Bu cookie\u2019lar tashrifingizdan so\u2018ng boshqa raqamli platformalarda tegishli kontent ko\u2018rsatilishiga imkon berishi mumkin.<\/p>\n<p>4. Shaxsiy ma\u2019lumotlarni qayta ishlash maqsadlari<\/p>\n<p>Cookie\u2019lar orqali to\u2018plangan ma\u2019lumotlar quyidagi maqsadlarda qayta ishlanadi:<br \/>\n\u2022 Veb-sayt xavfsizligini ta\u2019minlash<br \/>\n\u2022 Xizmat sifatini oshirish<br \/>\n\u2022 Yevropa davlatlaridan kelgan bemorlar uchun foydalanuvchi tajribasini yaxshilash<br \/>\n\u2022 Marketing va reklama faoliyatlarini amalga oshirish<br \/>\n\u2022 Statistik tahlillar o\u2018tkazish<br \/>\n\u2022 Qonuniy majburiyatlarni bajarish<\/p>\n<p>5. Huquqiy asos<\/p>\n<p>Ma\u2019lumotlaringiz quyidagi asoslarda qayta ishlanadi:<br \/>\n\u2022 KVKK 5\/2-moddasiga muvofiq qonuniy manfaat<br \/>\n\u2022 Rozilik talab qilinadigan cookie\u2019lar uchun sizning aniq roziligingiz<br \/>\n\u2022 GDPR 6-moddasiga muvofiq aniq rozilik va qonuniy manfaat<\/p>\n<p>Agar Yevropa Ittifoqi mamlakatlaridan kirish amalga oshirilsa, GDPR qoidalari qo\u2018llaniladi.<\/p>\n<p>6. Ma\u2019lumotlarni xorijga uzatish<\/p>\n<p>Veb-saytimizda foydalaniladigan ayrim uchinchi tomon xizmatlari (masalan, Google va Meta) sababli shaxsiy ma\u2019lumotlaringiz xorijdagi serverlarga uzatilishi mumkin.<br \/>\nUshbu uzatish KVKK 9-moddasi va GDPR ma\u2019lumot uzatish qoidalariga muvofiq, zarur texnik va ma\u2019muriy choralar ko\u2018rilgan holda amalga oshiriladi.<\/p>\n<p>7. Cookie\u2019larni saqlash muddati<\/p>\n<p>Cookie\u2019lar quyidagicha saqlanishi mumkin:<br \/>\n\u2022 Sessiya davomida (vaqtinchalik cookie\u2019lar)<br \/>\n\u2022 Belgilangan muddat davomida (doimiy cookie\u2019lar)<\/p>\n<p>Saqlash muddati cookie turiga qarab farq qiladi.<\/p>\n<p>8. Cookie\u2019larni boshqarish<\/p>\n<p>Brauzer sozlamalarini o\u2018zgartirib siz:<br \/>\n\u2022 Cookie\u2019larni bloklashingiz<br \/>\n\u2022 O\u2018chirishingiz<br \/>\n\u2022 Cookie ishlatilishi haqida ogohlantirish olishingiz mumkin<\/p>\n<p>Biroq ayrim cookie\u2019larni o\u2018chirish veb-saytning ba\u2019zi funksiyalari to\u2018g\u2018ri ishlamasligiga olib kelishi mumkin.<\/p>\n<p>9. Ma\u2019lumot subyekti huquqlari<\/p>\n<p>KVKK doirasida:<br \/>\n\u2022 Shaxsiy ma\u2019lumotlaringiz qayta ishlanayotganini bilish<br \/>\n\u2022 Ma\u2019lumot so\u2018rash<br \/>\n\u2022 Tuzatishni talab qilish<br \/>\n\u2022 O\u2018chirish yoki yo\u2018q qilishni talab qilish<br \/>\n\u2022 Xorijga uzatish haqida ma\u2019lumot so\u2018rash<\/p>\n<p>GDPR doirasida (YI foydalanuvchilari uchun):<br \/>\n\u2022 Kirish huquqi<br \/>\n\u2022 Tuzatish huquqi<br \/>\n\u2022 O\u2018chirish huquqi (Right to be Forgotten)<br \/>\n\u2022 Ma\u2019lumotlarni ko\u2018chirish huquqi<br \/>\n\u2022 Qayta ishlashga e\u2019tiroz bildirish huquqi<\/p>\n<p>10. Aloqa<\/p>\n<p>Murojaatlaringizni quyidagi aloqa ma\u2019lumotlari orqali yuborishingiz mumkin:<\/p>\n<p>SM\u0130RN\u0130 SA\u011eLIK H\u0130ZMETLER\u0130 TUR\u0130ZM DANI\u015eMANLIK ACENTES\u0130 \u0130N\u015e. SAN. T\u0130C. LTD. \u015eT\u0130<br \/>\n(QUALITY LIFE HEALTH TRAVEL)<br \/>\nManzil: K\u00fc\u00e7\u00fck\u00e7ekmece \/ Istanbul<br \/>\nSoliq raqami: 7721554065<br \/>\nE-mail:<br \/>\nconsultancy@qualitylifehealthtravel.info<\/p>\n<p>smirnisaglikhizmetleri@hs01.kep.tr<\/p>\n<p>11. Yangilanishlar<\/p>\n<p>Kompaniya qonunchilikdagi o\u2018zgarishlar yoki operatsion zaruratlar asosida ushbu Cookie siyosatini yangilash huquqini o\u2018zida saqlab qoladi.<br \/>\nYangilangan matn veb-saytda e\u2019lon qilingan kundan boshlab kuchga kiradi.[\/vc_column_text][\/vc_column][\/vc_row]\n","protected":false},"excerpt":{"rendered":"<p>[vc_row type=&raquo;in_container&raquo; full_screen_row_position=&raquo;middle&raquo; column_margin=&raquo;default&raquo; column_direction=&raquo;default&raquo; column_direction_tablet=&raquo;default&raquo; column_direction_phone=&raquo;default&raquo; scene_position=&raquo;center&raquo; top_padding=&raquo;5%&raquo; constrain_group_1=&raquo;yes&raquo; bottom_padding=&raquo;5%&raquo; text_color=&raquo;dark&raquo; text_align=&raquo;left&raquo; row_border_radius=&raquo;none&raquo; row_border_radius_applies=&raquo;bg&raquo; overflow=&raquo;visible&raquo; overlay_strength=&raquo;0.3&#8243; gradient_direction=&raquo;left_to_right&raquo; shape_divider_position=&raquo;bottom&raquo; bg_image_animation=&raquo;none&raquo; gradient_type=&raquo;default&raquo; shape_type=&raquo;&raquo;][vc_column column_padding=&raquo;no-extra-padding&raquo; column_padding_tablet=&raquo;inherit&raquo; column_padding_phone=&raquo;inherit&raquo; column_padding_position=&raquo;all&raquo; column_element_direction_desktop=&raquo;default&raquo; column_element_spacing=&raquo;default&raquo; desktop_text_alignment=&raquo;default&raquo; tablet_text_alignment=&raquo;default&raquo;&#8230;<\/p>\n","protected":false},"author":2,"featured_media":0,"parent":0,"menu_order":0,"comment_status":"closed","ping_status":"closed","template":"","meta":{"footnotes":""},"class_list":["post-9744","page","type-page","status-publish"],"_links":{"self":[{"href":"https:\/\/qualitylifehealth.com\/uz\/wp-json\/wp\/v2\/pages\/9744","targetHints":{"allow":["GET"]}}],"collection":[{"href":"https:\/\/qualitylifehealth.com\/uz\/wp-json\/wp\/v2\/pages"}],"about":[{"href":"https:\/\/qualitylifehealth.com\/uz\/wp-json\/wp\/v2\/types\/page"}],"author":[{"embeddable":true,"href":"https:\/\/qualitylifehealth.com\/uz\/wp-json\/wp\/v2\/users\/2"}],"replies":[{"embeddable":true,"href":"https:\/\/qualitylifehealth.com\/uz\/wp-json\/wp\/v2\/comments?post=9744"}],"version-history":[{"count":1,"href":"https:\/\/qualitylifehealth.com\/uz\/wp-json\/wp\/v2\/pages\/9744\/revisions"}],"predecessor-version":[{"id":9820,"href":"https:\/\/qualitylifehealth.com\/uz\/wp-json\/wp\/v2\/pages\/9744\/revisions\/9820"}],"wp:attachment":[{"href":"https:\/\/qualitylifehealth.com\/uz\/wp-json\/wp\/v2\/media?parent=9744"}],"curies":[{"name":"wp","href":"https:\/\/api.w.org\/{rel}","templated":true}]}}