{"id":9762,"date":"2026-02-18T21:28:54","date_gmt":"2026-02-18T18:28:54","guid":{"rendered":"https:\/\/qualitylifehealth.com\/kvkk\/"},"modified":"2026-04-12T23:47:04","modified_gmt":"2026-04-12T20:47:04","slug":"kvkk","status":"publish","type":"page","link":"https:\/\/qualitylifehealth.com\/uz\/kvkk\/","title":{"rendered":"kvkk"},"content":{"rendered":"[vc_row type=&raquo;in_container&raquo; full_screen_row_position=&raquo;middle&raquo; column_margin=&raquo;default&raquo; column_direction=&raquo;default&raquo; column_direction_tablet=&raquo;default&raquo; column_direction_phone=&raquo;default&raquo; scene_position=&raquo;center&raquo; top_padding=&raquo;5%&raquo; constrain_group_1=&raquo;yes&raquo; bottom_padding=&raquo;5%&raquo; text_color=&raquo;dark&raquo; text_align=&raquo;left&raquo; row_border_radius=&raquo;none&raquo; row_border_radius_applies=&raquo;bg&raquo; overflow=&raquo;visible&raquo; overlay_strength=&raquo;0.3&#8243; gradient_direction=&raquo;left_to_right&raquo; shape_divider_position=&raquo;bottom&raquo; bg_image_animation=&raquo;none&raquo; gradient_type=&raquo;default&raquo; shape_type=&raquo;&raquo;][vc_column column_padding=&raquo;no-extra-padding&raquo; column_padding_tablet=&raquo;inherit&raquo; column_padding_phone=&raquo;inherit&raquo; column_padding_position=&raquo;all&raquo; column_element_direction_desktop=&raquo;default&raquo; column_element_spacing=&raquo;default&raquo; desktop_text_alignment=&raquo;default&raquo; tablet_text_alignment=&raquo;default&raquo; phone_text_alignment=&raquo;default&raquo; background_color_opacity=&raquo;1&#8243; background_hover_color_opacity=&raquo;1&#8243; column_backdrop_filter=&raquo;none&raquo; column_shadow=&raquo;none&raquo; column_border_radius=&raquo;none&raquo; column_link_target=&raquo;_self&raquo; column_position=&raquo;default&raquo; gradient_direction=&raquo;left_to_right&raquo; overlay_strength=&raquo;0.3&#8243; width=&raquo;1\/1&#8243; tablet_width_inherit=&raquo;default&raquo; animation_type=&raquo;default&raquo; bg_image_animation=&raquo;none&raquo; border_type=&raquo;simple&raquo; column_border_width=&raquo;none&raquo; column_border_style=&raquo;solid&raquo;][vc_column_text]SM\u0130RN\u0130 SA\u011eLIK H\u0130ZMETLER\u0130 TUR\u0130ZM DANI\u015eMANLIK T\u0130CARET L\u0130M\u0130TED \u015e\u0130RKET\u0130<\/p>\n<p>SHAKHSIY MA\u2019LUMOTLARNI QAYTA ISHLASH BO\u2018YICHA MA\u2019LUMOTNOMA (KVKK)<\/p>\n<p>MA\u2019LUMOTLAR BOSHQARUVCHISINING SHAXSI<\/p>\n<p>SM\u0130RN\u0130 SA\u011eLIK H\u0130ZMETLER\u0130<br \/>\nManzil: Kartaltepe Mah. Saydam Sok. No:13\/A K\u00fc\u00e7\u00fck\u00e7ekmece \/ Istanbul<br \/>\nTelefon: 05449581719 &#8211; 05389714933<\/p>\n<p>SM\u0130RN\u0130 SA\u011eLIK H\u0130ZMETLER\u0130 TUR\u0130ZM DANI\u015eMANLIK T\u0130CARET L\u0130M\u0130TED \u015e\u0130RKET\u0130, Quality Life Health Travel brendi ostida faoliyat yurituvchi kompaniya sifatida, Shaxsiy ma\u2019lumotlarni himoya qilish to\u2018g\u2018risidagi 6698-sonli qonun (\u201cKVKK\u201d)ga muvofiq Sizni quyidagilar haqida xabardor qiladi.<\/p>\n<p>1. Ma\u2019lumotlar boshqaruvchisi<\/p>\n<p>6698-sonli Shaxsiy ma\u2019lumotlarni himoya qilish to\u2018g\u2018risidagi qonun (\u201cKVKK\u201d)ga muvofiq ma\u2019lumotlar boshqaruvchisi:<\/p>\n<p>SM\u0130RN\u0130 SA\u011eLIK H\u0130ZMETLER\u0130 TUR\u0130ZM DANI\u015eMANLIK T\u0130CARET L\u0130M\u0130TED \u015e\u0130RKET\u0130<br \/>\nVeb-sayt: https:\/\/qualitylifehealth.com<\/p>\n<p>E-mail: info@qualitylifehealth.com<\/p>\n<p>Manzil: Kartaltepe Mah. Saydam Sok. No:13\/A K\u00fc\u00e7\u00fck\u00e7ekmece \/ Istanbul<\/p>\n<p>2. Qayta ishlanadigan shaxsiy ma\u2019lumotlar toifalari<\/p>\n<p>Siz tomonidan taqdim etilgan yoki xizmat ko\u2018rsatish jarayonida olingan quyidagi shaxsiy ma\u2019lumotlar qayta ishlanishi mumkin:<\/p>\n<p>Shaxsni tasdiqlovchi ma\u2019lumotlar:<\/p>\n<p>Ism-familiya, pasport ma\u2019lumotlari, tug\u2018ilgan sana, fuqarolik.<\/p>\n<p>Aloqa ma\u2019lumotlari:<\/p>\n<p>Telefon raqami, elektron pochta manzili, WhatsApp aloqa ma\u2019lumotlari, manzil.<\/p>\n<p>Sog\u2018liq ma\u2019lumotlari (maxsus toifadagi shaxsiy ma\u2019lumotlar):<\/p>\n<p>Sizning sog\u2018liq holatingizga oid ma\u2019lumotlar quyidagi maqsadlarda qayta ishlanadi:<\/p>\n<p>tibbiy turizm xizmatlarini tashkil etish,<br \/>\nuchrashuv va qabul vaqtlarini rejalashtirish,<br \/>\ndavolanish jarayonlarini muvofiqlashtirish,<br \/>\ntibbiy hujjatlarni vakolatli tibbiyot muassasalariga yuborish,<br \/>\nsafar va yashashni davolanishga mos ravishda rejalashtirish,<br \/>\nqonuniy majburiyatlarni bajarish.<\/p>\n<p>Bu ma\u2019lumotlar faqat vakolatli tibbiyot muassasalari va shifokorlar orqali, amaldagi qonunchilikka muvofiq va ularning javobgarligi ostida qayta ishlanadi.<\/p>\n<p>Moliyaviy ma\u2019lumotlar:<\/p>\n<p>Hisob-faktura ma\u2019lumotlari, to\u2018lov yozuvlari.<\/p>\n<p>Logistika ma\u2019lumotlari:<\/p>\n<p>Parvoz, transfer va mehmonxona bron qilish ma\u2019lumotlari.<\/p>\n<p>Raqamli ma\u2019lumotlar:<\/p>\n<p>IP manzil, cookie yozuvlari, veb-saytdan foydalanish ma\u2019lumotlari, forma va ariza yozuvlari.<\/p>\n<p>3. Shaxsiy ma\u2019lumotlarni qayta ishlash maqsadlari<\/p>\n<p>Shaxsiy ma\u2019lumotlaringiz quyidagi maqsadlarda qayta ishlanadi:<\/p>\n<p>Quality Life Health Travel tomonidan bevosita yoki bilvosita amalga oshiriladigan faoliyatlarni rejalashtirish<br \/>\nTibbiy turizm vositachilik xizmatlarini amalga oshirish<br \/>\nKlinika, shifoxona va shifokor qabullarini tashkil etish<br \/>\nBemor \u2013 klinika \u2013 vositachi muvofiqligini ta\u2019minlash<br \/>\nHealthT\u00fcrkiye portalida bemor ro\u2018yxatini yaratish, davolanish jarayonlari bo\u2018yicha bildirishnomalar, hisobotlarni yuklash va USHA\u015e talablariga muvofiq hisobot berish<br \/>\nTransfer, yashash va sayohatni rejalashtirish<br \/>\nBuxgalteriya va moliyaviy operatsiyalarni yuritish<br \/>\nWhatsApp Business, telefon va e-mail orqali aloqa jarayonlarini boshqarish<br \/>\nCRM tizimi Bitrix24 orqali bemorlarni kuzatib borish<br \/>\nXizmat sifatini oshirish va operatsion jarayonlarni rivojlantirish<br \/>\nShikoyatlarni ko\u2018rib chiqish, ma\u2019lumotlarga kirish yoki tuzatish so\u2018rovlarini boshqarish<br \/>\nQonuniy majburiyatlarni bajarish<br \/>\nQuality Life Health Travelning huquqiy xavfsizligini ta\u2019minlash<br \/>\nOchiq rozilik mavjud bo\u2018lsa, reklama, targ\u2018ibot, marketing va ijtimoiy tarmoqlar faoliyati<br \/>\n4. Qayta ishlashning huquqiy asoslari<\/p>\n<p>Shaxsiy ma\u2019lumotlaringiz quyidagi huquqiy asoslar asosida qayta ishlanadi:<\/p>\n<p>KVKK 5\/2-c modda (shartnoma tuzish va bajarish)<\/p>\n<p>Shartnoma tuzish, bajarish va majburiyatlarni ado etish uchun.<\/p>\n<p>KVKK 5\/2-\u00e7 modda (qonuniy majburiyatlar)<\/p>\n<p>Amaldagi qonunchilik talablarini bajarish uchun.<\/p>\n<p>KVKK 5\/2-f modda (qonuniy manfaat)<\/p>\n<p>Ma\u2019lumotlar boshqaruvchisining qonuniy manfaatlarini himoya qilish uchun.<\/p>\n<p>KVKK 6\/3 modda (sog\u2018liq ma\u2019lumotlari)<\/p>\n<p>Tibbiy turizm xizmatlarini tashkil etish, davolanishni muvofiqlashtirish va logistika uchun.<\/p>\n<p>KVKK 5\/1 va 6\/2 moddalari (ochiq rozilik)<\/p>\n<p>Boshqa huquqiy asos mavjud bo\u2018lmaganda, Sizning ochiq roziligingiz asosida.<\/p>\n<p>5. Shaxsiy ma\u2019lumotlarni uzatish<\/p>\n<p>Shaxsiy ma\u2019lumotlaringiz KVKKning 8 va 9-moddalariga muvofiq quyidagi tomonlarga uzatilishi mumkin:<\/p>\n<p>Turkish Ministry of Health<br \/>\nUSHA\u015e va unga bog\u2018liq platformalar (jumladan HealthT\u00fcrkiye)<br \/>\nHamkor klinikalar, shifokorlar va shifoxonalar<br \/>\nTransfer va mehmonxona kompaniyalari (faqat logistika ma\u2019lumotlari)<br \/>\nBanklar, buxgalteriya va elektron hisob-faktura xizmatlari<br \/>\nCRM tizimlari<br \/>\nIchki vakolatli xodimlar<br \/>\nIT infratuzilma xizmat ko\u2018rsatuvchilari (server, dasturiy ta\u2019minot, bulut)<br \/>\nYuridik va moliyaviy maslahatchilar<br \/>\nVakolatli davlat organlari<br \/>\nSug\u2018urta kompaniyalari (zarurat bo\u2018lsa)<br \/>\n6. Shaxsiy ma\u2019lumotlarni yig\u2018ish usullari<\/p>\n<p>Shaxsiy ma\u2019lumotlaringiz avtomatik yoki avtomatik bo\u2018lmagan usullar bilan quyidagilar orqali yig\u2018iladi:<\/p>\n<p>Quality Life Health Travel veb-sayti<br \/>\nHealthT\u00fcrkiye platformasi<br \/>\nijtimoiy tarmoqlar<br \/>\ncall-markaz<br \/>\ne-mail<br \/>\nmobil ilovalar<br \/>\nonlayn shakllar<br \/>\nshartnomalar<br \/>\nboshqa aloqa kanallari<br \/>\n7. Ma\u2019lumotlarni chet elga uzatish<\/p>\n<p>Tibbiy turizm xizmatlarini tashkil etish doirasida qayta ishlanadigan shaxsiy ma\u2019lumotlar xizmat jarayonlarida foydalaniladigan axborot tizimlari sababli chet elga uzatilishi mumkin. Shu doirada ma\u2019lumotlar mijozlar bilan munosabatlarni boshqarish (CRM) va aloqa faoliyati uchun foydalaniladigan axborot tizimlari orqali chet eldagi serverlarga uzatilishi mumkin. Mazkur uzatish KVKKning 9-moddasiga muvofiq va zarur hollarda ochiq rozilik asosida amalga oshiriladi.<\/p>\n<p>SM\u0130RN\u0130 SA\u011eLIK H\u0130ZMETLER\u0130 tibbiy turizm sohasida vositachi xizmat ko\u2018rsatuvchi sifatida faoliyat yuritadi va tibbiy tashxis, davolash yoki amaliyotlar uchun bevosita javobgar emas. Tegishli tibbiy amaliyotlar uchun barcha javobgarlik vakolatli tibbiyot muassasalari va shifokorlarga tegishlidir.<\/p>\n<p>Shaxsiy ma\u2019lumotlar amaldagi qonunchilikda nazarda tutilgan muddatlarda va qayta ishlash maqsadlariga muvofiq saqlanadi:<\/p>\n<p>sog\u2018liq ma\u2019lumotlari: qonunda belgilangan muddatlarda<br \/>\nmoliyaviy va buxgalteriya yozuvlari: 10 yil<br \/>\nCRM ma\u2019lumotlari: xizmat muddati + qonuniy muddat<br \/>\nmarketing ma\u2019lumotlari: rozilik qaytarib olinmaguncha<br \/>\nveb va log yozuvlari: 2 yil<\/p>\n<p>Saqlash muddati tugagach, shaxsiy ma\u2019lumotlar qonunchilikka muvofiq o\u2018chiriladi, yo\u2018q qilinadi yoki anonimlashtiriladi.<\/p>\n<p>8. Ma\u2019lumotlarni saqlash muddatlari<br \/>\nSog\u2018liq ma\u2019lumotlari: qonunchilikka muvofiq<br \/>\nMoliyaviy va buxgalteriya yozuvlari: 10 yil<br \/>\nCRM ma\u2019lumotlari: xizmat muddati + qonuniy muddat<br \/>\nMarketing ma\u2019lumotlari: rozilik qaytarib olinmaguncha<br \/>\nVeb va log yozuvlari: 2 yil<br \/>\n9. Ma\u2019lumot subyektining huquqlari<\/p>\n<p>KVKKning 11-moddasiga muvofiq Siz quyidagi huquqlarga egasiz:<\/p>\n<p>ma\u2019lumotlaringiz qayta ishlanayotganini bilish<br \/>\nqayta ishlash haqida ma\u2019lumot so\u2018rash<br \/>\ntuzatishni talab qilish<br \/>\no\u2018chirish yoki yo\u2018q qilishni talab qilish<br \/>\nma\u2019lumotlar uzatilgan uchinchi shaxslarni bilish<br \/>\navtomatik tizim qarorlariga e\u2019tiroz bildirish<br \/>\nzarar yuzaga kelganda kompensatsiya talab qilish<br \/>\nBiz bilan bog\u2018lanish:<\/p>\n<p>Murojaat, shikoyat yoki savollar uchun:<\/p>\n<p>Manzil: Kartaltepe Mah. Saydam Sok. No:13\/A K\u00fc\u00e7\u00fck\u00e7ekmece \/ Istanbul<br \/>\nKEP: smirnisaglikhizmetleri@hs01.kep.tr<\/p>\n<p>Murojaatingiz shaxsingiz tasdiqlangandan so\u2018ng qonunda belgilangan muddatda bepul ko\u2018rib chiqiladi. Qo\u2018shimcha xarajat talab etilgan taqdirda, KVKK Kengashi belgilagan tarifaga muvofiq to\u2018lov olinishi mumkin.[\/vc_column_text][\/vc_column][\/vc_row]\n","protected":false},"excerpt":{"rendered":"<p>[vc_row type=&raquo;in_container&raquo; full_screen_row_position=&raquo;middle&raquo; column_margin=&raquo;default&raquo; column_direction=&raquo;default&raquo; column_direction_tablet=&raquo;default&raquo; column_direction_phone=&raquo;default&raquo; scene_position=&raquo;center&raquo; top_padding=&raquo;5%&raquo; constrain_group_1=&raquo;yes&raquo; bottom_padding=&raquo;5%&raquo; text_color=&raquo;dark&raquo; text_align=&raquo;left&raquo; row_border_radius=&raquo;none&raquo; row_border_radius_applies=&raquo;bg&raquo; overflow=&raquo;visible&raquo; overlay_strength=&raquo;0.3&#8243; gradient_direction=&raquo;left_to_right&raquo; shape_divider_position=&raquo;bottom&raquo; bg_image_animation=&raquo;none&raquo; gradient_type=&raquo;default&raquo; shape_type=&raquo;&raquo;][vc_column column_padding=&raquo;no-extra-padding&raquo; column_padding_tablet=&raquo;inherit&raquo; column_padding_phone=&raquo;inherit&raquo; column_padding_position=&raquo;all&raquo; column_element_direction_desktop=&raquo;default&raquo; column_element_spacing=&raquo;default&raquo; desktop_text_alignment=&raquo;default&raquo; tablet_text_alignment=&raquo;default&raquo;&#8230;<\/p>\n","protected":false},"author":2,"featured_media":0,"parent":0,"menu_order":0,"comment_status":"closed","ping_status":"closed","template":"","meta":{"footnotes":""},"class_list":["post-9762","page","type-page","status-publish"],"_links":{"self":[{"href":"https:\/\/qualitylifehealth.com\/uz\/wp-json\/wp\/v2\/pages\/9762","targetHints":{"allow":["GET"]}}],"collection":[{"href":"https:\/\/qualitylifehealth.com\/uz\/wp-json\/wp\/v2\/pages"}],"about":[{"href":"https:\/\/qualitylifehealth.com\/uz\/wp-json\/wp\/v2\/types\/page"}],"author":[{"embeddable":true,"href":"https:\/\/qualitylifehealth.com\/uz\/wp-json\/wp\/v2\/users\/2"}],"replies":[{"embeddable":true,"href":"https:\/\/qualitylifehealth.com\/uz\/wp-json\/wp\/v2\/comments?post=9762"}],"version-history":[{"count":2,"href":"https:\/\/qualitylifehealth.com\/uz\/wp-json\/wp\/v2\/pages\/9762\/revisions"}],"predecessor-version":[{"id":9882,"href":"https:\/\/qualitylifehealth.com\/uz\/wp-json\/wp\/v2\/pages\/9762\/revisions\/9882"}],"wp:attachment":[{"href":"https:\/\/qualitylifehealth.com\/uz\/wp-json\/wp\/v2\/media?parent=9762"}],"curies":[{"name":"wp","href":"https:\/\/api.w.org\/{rel}","templated":true}]}}